{"id":100494,"date":"2024-01-31T11:02:55","date_gmt":"2024-01-31T10:02:55","guid":{"rendered":"https:\/\/phrase.com\/acclaro\/"},"modified":"2025-10-06T09:58:42","modified_gmt":"2025-10-06T07:58:42","slug":"acclaro","status":"publish","type":"page","link":"https:\/\/phrase.com\/es\/partners\/acclaro\/","title":{"rendered":"Acclaro"},"content":{"rendered":"\n<div class=\"wp-block-group alignfull is-style-copy has-transparent-background-color has-background has-global-padding is-content-justification-center is-layout-constrained wp-block-group-is-layout-constrained\" style=\"padding-top:var(--wp--preset--spacing--45);padding-bottom:var(--wp--preset--spacing--45)\">\n<div class=\"wp-block-group alignwide has-global-padding is-content-justification-center is-layout-constrained wp-container-core-group-is-layout-cefc1864 wp-block-group-is-layout-constrained\" style=\"padding-left:var(--wp--preset--spacing--56)\">\n<p class=\"has-text-align-center has-blue-color has-text-color has-link-color wp-elements-17287ce18ce2d9d19816c52e726b8ba7\">SOCIO DE PHRASE<\/p>\n\n\n\n<figure class=\"wp-block-image aligncenter size-full is-resized is-style-not-rounded\"><img loading=\"lazy\" decoding=\"async\" width=\"556\" height=\"122\" src=\"https:\/\/phrase.com\/wp-content\/uploads\/2024\/01\/Acclaro-Clean-Logo-Only-RGB.svg\" alt=\"\" class=\"wp-image-74659\" style=\"width:230px;height:auto\" \/><\/figure>\n\n\n\n<div style=\"height:20px\" aria-hidden=\"true\" class=\"wp-block-spacer\"><\/div>\n\n\n\n<h3 class=\"wp-block-heading has-text-align-center has-medium-font-size\" id=\"h-scale-your-global-growth-with-a-strategic-tech-enabled-localization-team\" style=\"margin-bottom:var(--wp--preset--spacing--8);font-style:normal;font-weight:400\"><strong>Escala tu crecimiento global con un equipo de localizaci\u00f3n estrat\u00e9gico experto en tecnolog\u00eda.<\/strong><\/h3>\n\n\n\n<p class=\"has-text-align-center\"><a href=\"https:\/\/www.acclaro.com\/\" target=\"_blank\" rel=\"noreferrer noopener\">acclaro.com<\/a><\/p>\n\n\n\n<div style=\"height:60px\" aria-hidden=\"true\" class=\"wp-block-spacer\"><\/div>\n\n\n\n<p class=\"has-text-align-center\" style=\"margin-top:0;margin-bottom:var(--wp--preset--spacing--40)\"><strong><br><\/strong>Acclaro naci\u00f3 en 2002 con la visi\u00f3n de ser un socio estrat\u00e9gico para las empresas que buscan crecer a nivel global. Con nuestros a\u00f1os de experiencia y tus objetivos en primer plano, ofrecemos programas ling\u00fc\u00edsticos personalizados y tecnol\u00f3gicos que se adaptan y que atraen a audiencias de todo el mundo. Con nuestra experiencia global, tendr\u00e1s acceso a lo siguente:<br><br>Flujos de trabajo de traducci\u00f3n con IA gestionados por profesionales de la localizaci\u00f3n.<br>Un equipo global de expertos locales con experiencia en tu dominio y tu TMS.<br>Un enfoque altamente personal y personalizado para la gesti\u00f3n de proyectos.<br>Una reputaci\u00f3n bien ganada por entregar siempre a tiempo y por respetar el presupuesto.<br>Un enfoque inquebrantable en traducciones de alta calidad.<br>Un historial de calificaciones y relaciones impecables con los clientes.<\/p>\n\n\n\n<p class=\"has-text-align-center\"><strong>Ubicaciones<\/strong><\/p>\n\n\n\n<p class=\"has-text-align-center\">Presencia de Global<\/p>\n\n\n\n<div style=\"height:19px\" aria-hidden=\"true\" class=\"wp-block-spacer\"><\/div>\n\n\n\n<div class=\"wp-block-buttons is-content-justification-center is-layout-flex wp-container-core-buttons-is-layout-a89b3969 wp-block-buttons-is-layout-flex\">\n<div class=\"wp-block-button\"><a class=\"wp-block-button__link wp-element-button\" href=\"https:\/\/phrase.com\/es\/demo\/\" target=\"_blank\" rel=\"noreferrer noopener\">Ponte en contacto con nosotros<\/a><\/div>\n\n\n\n<div class=\"wp-block-button is-style-black-outline\"><a class=\"wp-block-button__link has-text-align-center wp-element-button\" href=\"https:\/\/www.acclaro.com\/\" target=\"_blank\" rel=\"noreferrer noopener\">Visita el sitio web<\/a><\/div>\n<\/div>\n<\/div>\n<\/div>\n\n\n\n<div class=\"wp-block-columns alignwide are-vertically-aligned-center is-style-default is-layout-flex wp-container-core-columns-is-layout-28f84493 wp-block-columns-is-layout-flex\">\n<div class=\"wp-block-column is-vertically-aligned-center is-layout-flow wp-container-core-column-is-layout-6220b9e6 wp-block-column-is-layout-flow\" style=\"flex-basis:100%\">\n<h2 class=\"wp-block-heading has-text-align-center has-extra-large-font-size\" id=\"h-services-offered\"><strong>Servicios ofrecidos<\/strong><\/h2>\n\n\n\n<div style=\"height:10px\" aria-hidden=\"true\" class=\"wp-block-spacer\"><\/div>\n\n\n\n<div class=\"wp-block-group is-nowrap is-layout-flex wp-container-core-group-is-layout-8bab3664 wp-block-group-is-layout-flex\">\n<div class=\"wp-block-group is-vertical is-layout-flex wp-container-core-group-is-layout-9f8eab21 wp-block-group-is-layout-flex\">\n<ul class=\"wp-block-list\">\n<li>Localizaci\u00f3n global de marketing<br><\/li>\n\n\n\n<li>Localizaci\u00f3n de sitios web y p\u00e1ginas de destino<br><\/li>\n\n\n\n<li>Localizaci\u00f3n de video<br><\/li>\n\n\n\n<li>Localizaci\u00f3n de contenido<br><\/li>\n\n\n\n<li>SEO y SEM internacional<br><\/li>\n\n\n\n<li>Traducci\u00f3n publicitaria<br><\/li>\n\n\n\n<li>Traducci\u00f3n de redes sociales<br><\/li>\n\n\n\n<li>Traducci\u00f3n de notas de prensa<\/li>\n<\/ul>\n<\/div>\n\n\n\n<div class=\"wp-block-group is-vertical is-layout-flex wp-container-core-group-is-layout-9f8eab21 wp-block-group-is-layout-flex\">\n<ul class=\"wp-block-list\">\n<li>Traducci\u00f3n de marketing por correo electr\u00f3nico<br><\/li>\n\n\n\n<li>Localizaci\u00f3n de software y aplicaciones<br><\/li>\n\n\n\n<li>Localizaci\u00f3n de bases de conocimientos<br><\/li>\n\n\n\n<li>Localizaci\u00f3n de publicaciones t\u00e9cnicas<br><\/li>\n\n\n\n<li>Localizaci\u00f3n multimedia<br><\/li>\n\n\n\n<li>Localizaci\u00f3n de plataformas de aprendizaje virtual<br><\/li>\n\n\n\n<li>Soluciones de IA y consultor\u00eda<br><\/li>\n\n\n\n<li>DTP<\/li>\n<\/ul>\n<\/div>\n\n\n\n<div class=\"wp-block-group is-vertical is-layout-flex wp-container-core-group-is-layout-7a7a8c96 wp-block-group-is-layout-flex\">\n<ul class=\"wp-block-list\">\n<li>Desarrollo de gu\u00edas de estilo y glosarios<br><\/li>\n\n\n\n<li>Gesti\u00f3n de memorias de traducci\u00f3n (incluyendo terminolog\u00eda)<br><\/li>\n\n\n\n<li>Evaluaciones y entrenamiento de motores<br><\/li>\n\n\n\n<li>Validaciones<br><\/li>\n\n\n\n<li>QA ling\u00fc\u00edstico<br><\/li>\n\n\n\n<li>Subtitulaci\u00f3n<br><\/li>\n\n\n\n<li>Locuci\u00f3n y doblaje (humano e IA)<br><\/li>\n\n\n\n<li>Transcreaci\u00f3n<\/li>\n<\/ul>\n<\/div>\n\n\n\n<div class=\"wp-block-group is-vertical is-layout-flex wp-container-core-group-is-layout-9f8eab21 wp-block-group-is-layout-flex\">\n<ul class=\"wp-block-list\">\n<li>Traducci\u00f3n mediante IA<br><\/li>\n\n\n\n<li>Optimizaci\u00f3n del flujo de trabajo<br><\/li>\n\n\n\n<li>Integraci\u00f3n de CMS<br><\/li>\n\n\n\n<li>Integraci\u00f3n de API<br><\/li>\n\n\n\n<li>Integraci\u00f3n de Helpdesk<br><\/li>\n\n\n\n<li>Integraci\u00f3n de automatizaci\u00f3n de marketing<br><\/li>\n\n\n\n<li>Localizaci\u00f3n de Enterprise SaaS<br><\/li>\n\n\n\n<li>Localizaci\u00f3n de comercio electr\u00f3nico<br><\/li>\n\n\n\n<li>Localizaci\u00f3n de medios y entretenimiento<\/li>\n<\/ul>\n<\/div>\n<\/div>\n<\/div>\n<\/div>\n\n\n\n<div class=\"wp-block-group alignwide has-yellow-background-color has-background has-global-padding is-layout-constrained wp-block-group-is-layout-constrained\" style=\"margin-top:var(--wp--preset--spacing--56)\">\n<div class=\"wp-block-group is-vertical is-content-justification-center is-layout-flex wp-container-core-group-is-layout-ce155fab wp-block-group-is-layout-flex\">\n<h2 class=\"wp-block-heading has-text-align-center\" id=\"h-discover-more-partners\">Encuentra m\u00e1s socios<\/h2>\n\n\n\n<p class=\"has-text-align-center\">Colaboramos con empresas tecnol\u00f3gicas l\u00edderes para asegurarnos de que tu equipo saque<br>el m\u00e1ximo partido a Phrase cada d\u00eda.<\/p>\n<\/div>\n\n\n\n<div class=\"wp-block-buttons is-content-justification-center is-layout-flex wp-container-core-buttons-is-layout-a89b3969 wp-block-buttons-is-layout-flex\">\n<div class=\"wp-block-button\"><a class=\"wp-block-button__link wp-element-button\" href=\"https:\/\/phrase.com\/es\/partners\/\" target=\"_blank\" rel=\"noreferrer noopener\">Programa de Phrase para socios<\/a><\/div>\n\n\n\n<div class=\"wp-block-button is-style-black-outline\"><a class=\"wp-block-button__link wp-element-button\" href=\"https:\/\/phrase.com\/es\/partners-inquiries\/\" target=\"_blank\" rel=\"noreferrer noopener\">Programa de referencia de socios<\/a><\/div>\n<\/div>\n<\/div>\n\n","protected":false},"excerpt":{"rendered":"<p>SOCIO DE PHRASE Escala tu crecimiento global con un equipo de localizaci\u00f3n estrat\u00e9gico experto en tecnolog\u00eda. acclaro.com Acclaro naci\u00f3 en 2002 con la visi\u00f3n de ser un socio estrat\u00e9gico para las empresas que buscan crecer a nivel global. Con nuestros a\u00f1os de experiencia y tus objetivos en primer plano, ofrecemos programas ling\u00fc\u00edsticos personalizados y tecnol\u00f3gicos [&hellip;]<\/p>\n","protected":false},"author":63,"featured_media":0,"parent":57530,"menu_order":1,"comment_status":"closed","ping_status":"closed","template":"page-refresh","meta":{"_acf_changed":false,"_stopmodifiedupdate":false,"_modified_date":"","_searchwp_excluded":"","episode_type":"","audio_file":"","podmotor_file_id":"","podmotor_episode_id":"","cover_image":"","cover_image_id":"","duration":"","filesize":"","filesize_raw":"","date_recorded":"","explicit":"","block":"","itunes_episode_number":"","itunes_title":"","itunes_season_number":"","itunes_episode_type":"","footnotes":""},"class_list":["post-100494","page","type-page","status-publish","hentry"],"acf":[],"_links":{"self":[{"href":"https:\/\/phrase.com\/es\/wp-json\/wp\/v2\/pages\/100494","targetHints":{"allow":["GET"]}}],"collection":[{"href":"https:\/\/phrase.com\/es\/wp-json\/wp\/v2\/pages"}],"about":[{"href":"https:\/\/phrase.com\/es\/wp-json\/wp\/v2\/types\/page"}],"author":[{"embeddable":true,"href":"https:\/\/phrase.com\/es\/wp-json\/wp\/v2\/users\/63"}],"replies":[{"embeddable":true,"href":"https:\/\/phrase.com\/es\/wp-json\/wp\/v2\/comments?post=100494"}],"version-history":[{"count":6,"href":"https:\/\/phrase.com\/es\/wp-json\/wp\/v2\/pages\/100494\/revisions"}],"predecessor-version":[{"id":120491,"href":"https:\/\/phrase.com\/es\/wp-json\/wp\/v2\/pages\/100494\/revisions\/120491"}],"up":[{"embeddable":true,"href":"https:\/\/phrase.com\/es\/wp-json\/wp\/v2\/pages\/57530"}],"wp:attachment":[{"href":"https:\/\/phrase.com\/es\/wp-json\/wp\/v2\/media?parent=100494"}],"curies":[{"name":"wp","href":"https:\/\/api.w.org\/{rel}","templated":true}]}}