{"id":100522,"date":"2023-11-17T11:47:25","date_gmt":"2023-11-17T10:47:25","guid":{"rendered":"https:\/\/phrase.com\/uptempo-global\/"},"modified":"2025-11-13T22:30:12","modified_gmt":"2025-11-13T21:30:12","slug":"uptempo-global","status":"publish","type":"page","link":"https:\/\/phrase.com\/es\/partners\/uptempo-global\/","title":{"rendered":"Uptempo Global"},"content":{"rendered":"\n<div class=\"wp-block-group alignfull is-style-copy has-transparent-background-color has-background has-global-padding is-content-justification-center is-layout-constrained wp-block-group-is-layout-constrained\" style=\"padding-top:var(--wp--preset--spacing--45);padding-bottom:var(--wp--preset--spacing--45)\">\n<div class=\"wp-block-group alignwide has-global-padding is-content-justification-center is-layout-constrained wp-container-core-group-is-layout-cefc1864 wp-block-group-is-layout-constrained\" style=\"padding-left:var(--wp--preset--spacing--56)\">\n<p class=\"has-text-align-center has-blue-color has-text-color has-link-color wp-elements-17287ce18ce2d9d19816c52e726b8ba7\">SOCIO DE PHRASE<\/p>\n\n\n\n<figure class=\"wp-block-image aligncenter size-full is-resized is-style-not-rounded\"><img loading=\"lazy\" decoding=\"async\" width=\"421\" height=\"295\" src=\"https:\/\/phrase.com\/wp-content\/uploads\/2023\/11\/uptempo-global-e1700218012153.png\" alt=\"Logo de Uptempo Global | Phrase\" class=\"wp-image-70261\" style=\"width:276px;height:auto\" srcset=\"https:\/\/phrase.com\/wp-content\/uploads\/2023\/11\/uptempo-global-e1700218012153.png 421w, https:\/\/phrase.com\/wp-content\/uploads\/2023\/11\/uptempo-global-e1700218012153-300x210.png 300w\" sizes=\"auto, (max-width: 421px) 100vw, 421px\" \/><\/figure>\n\n\n\n<div style=\"height:20px\" aria-hidden=\"true\" class=\"wp-block-spacer\"><\/div>\n\n\n\n<h3 class=\"wp-block-heading has-text-align-center has-medium-font-size\" id=\"h-breaking-the-barriers-and-bridging-the-gaps-simplify-your-global-business-with-uptempo\" style=\"margin-bottom:var(--wp--preset--spacing--8);font-style:normal;font-weight:400\">Rompiendo barreras y cerrando brechas: Simplifica tu negocio global con Uptempo.<\/h3>\n\n\n\n<p class=\"has-text-align-center\"><a href=\"https:\/\/www.acclaro.com\/?utm_campaign=Partner%20Marketing&amp;utm_source=Phrase%20partner%20listing&amp;utm_medium=Main%20link&amp;utm_term=Acclaro\" target=\"_blank\" rel=\"noreferrer noopener\"><\/a><a href=\"https:\/\/www.actumdigital.com\/\"><\/a><a href=\"https:\/\/blog.attachedglobal.com\/en\/attached-partners-with-phrase-to-elevate-enterprise-translation-solutions\"><\/a><a href=\"https:\/\/www.clearlyloc.com\/\" target=\"_blank\" rel=\"noreferrer noopener\"><\/a><a href=\"https:\/\/uptempo-global.com\/\" target=\"_blank\" rel=\"noreferrer noopener\">uptempo-global.com<\/a><\/p>\n\n\n\n<div style=\"height:60px\" aria-hidden=\"true\" class=\"wp-block-spacer\"><\/div>\n\n\n\n<p class=\"has-text-align-center\" style=\"margin-top:0;margin-bottom:var(--wp--preset--spacing--40)\"><strong><br><\/strong>El objetivo de Uptempo es mejorar la comunicaci\u00f3n empresarial entre individuos que hablan diferentes idiomas, eliminando las barreras ling\u00fc\u00edsticas y las discrepancias de comprensi\u00f3n.<br><br><strong>Esto lo logra a trav\u00e9s de las siguientes caracter\u00edsticas clave:<\/strong><\/p>\n\n\n\n<ul class=\"wp-block-list\">\n<li>Mejora de la precisi\u00f3n de la traducci\u00f3n autom\u00e1tica espec\u00edfica de TI: proporciona revisiones precisas para las API de traducci\u00f3n autom\u00e1tica comercial de terceros.<br><\/li>\n\n\n\n<li>Mejora de la comprensi\u00f3n sincronizada con la ayuda del asistente de Uptempo: facilita la visualizaci\u00f3n intuitiva en tiempo real y la comunicaci\u00f3n interactiva mutua.<br><\/li>\n<\/ul>\n\n\n\n<p class=\"has-text-align-center\">El objetivo final de Uptempo es automatizar y localizar la forma de trabajo cooperativo transfronterizo, empoderando a todos para trabajar con cualquiera persona en cualquier lugar, sin problemas, independientemente del idioma.<br><br><br><strong>Ubicaciones<\/strong><\/p>\n\n\n\n<p class=\"has-text-align-center\">Se\u00fal, Rep\u00fablica de Corea; Han\u00f3i, Vietnam.<\/p>\n\n\n\n<div style=\"height:19px\" aria-hidden=\"true\" class=\"wp-block-spacer\"><\/div>\n\n\n\n<div class=\"wp-block-buttons is-content-justification-center is-layout-flex wp-container-core-buttons-is-layout-a89b3969 wp-block-buttons-is-layout-flex\">\n<div class=\"wp-block-button\"><a class=\"wp-block-button__link wp-element-button\" href=\"https:\/\/phrase.com\/es\/demo\/\" target=\"_blank\" rel=\"noreferrer noopener\">Ponte en contacto con nosotros<\/a><\/div>\n\n\n\n<div class=\"wp-block-button is-style-black-outline\"><a class=\"wp-block-button__link has-text-align-center wp-element-button\" href=\"https:\/\/uptempo-global.com\/\" target=\"_blank\" rel=\"noreferrer noopener\">Visita el sitio web<\/a><\/div>\n<\/div>\n<\/div>\n<\/div>\n\n\n\n<div class=\"wp-block-columns alignwide are-vertically-aligned-center is-style-default is-layout-flex wp-container-core-columns-is-layout-28f84493 wp-block-columns-is-layout-flex\">\n<div class=\"wp-block-column is-vertically-aligned-center is-layout-flow wp-container-core-column-is-layout-6220b9e6 wp-block-column-is-layout-flow\" style=\"flex-basis:100%\">\n<h2 class=\"wp-block-heading has-text-align-center has-extra-large-font-size\" id=\"h-services-offered\"><strong>Servicios ofrecidos<\/strong><\/h2>\n\n\n\n<div style=\"height:10px\" aria-hidden=\"true\" class=\"wp-block-spacer\"><\/div>\n\n\n\n<div class=\"wp-block-group is-content-justification-center is-nowrap is-layout-flex wp-container-core-group-is-layout-f52be266 wp-block-group-is-layout-flex\">\n<div class=\"wp-block-group is-vertical is-layout-flex wp-container-core-group-is-layout-9f8eab21 wp-block-group-is-layout-flex\">\n<p class=\"has-large-font-size\">Servicios de localizaci\u00f3n multiling\u00fce en m\u00e1s de 40 idiomas<\/p>\n\n\n\n<ul class=\"wp-block-list\">\n<li>Juego\/contenido, marketing, legal, finanzas, ciencias de la vida, tecnolog\u00eda<\/li>\n<\/ul>\n<\/div>\n\n\n\n<div class=\"wp-block-group is-vertical is-layout-flex wp-container-core-group-is-layout-9f8eab21 wp-block-group-is-layout-flex\">\n<p class=\"has-large-font-size\">Copywriting<\/p>\n\n\n\n<ul class=\"wp-block-list\">\n<li>Servicios de construcci\u00f3n de datos<\/li>\n\n\n\n<li>MTPE y traducci\u00f3n de datos de corpus<\/li>\n\n\n\n<li>Datos de audio y de imagen personalizados<\/li>\n\n\n\n<li>Evaluaciones de datos y retroalimentaci\u00f3n humana personalizadas<\/li>\n\n\n\n<li>Recolecci\u00f3n de datos (licencia sin riesgo), mejora, anotaci\u00f3n, etiquetado, procesamiento y modelado de IA<\/li>\n<\/ul>\n<\/div>\n\n\n\n<div class=\"wp-block-group is-vertical is-layout-flex wp-container-core-group-is-layout-9f8eab21 wp-block-group-is-layout-flex\">\n<p class=\"has-large-font-size\">Servicios competitivos de desarrollo de software<\/p>\n\n\n\n<ul class=\"wp-block-list\">\n<li>Sitios web, aplicaci\u00f3n web, aplicaciones m\u00f3viles, multiplataforma (Javascript, Java, WordPress+PHP, NodeJS, Python, Ruby, iOS, Android, Flutter, React Native)<\/li>\n\n\n\n<li>Dise\u00f1o de interfaz y experiencia de usuario (Figma, Adobe XD, Photoshop, Adobe Illustrator)<\/li>\n<\/ul>\n<\/div>\n\n\n\n<div class=\"wp-block-group is-vertical is-layout-flex wp-container-core-group-is-layout-9f8eab21 wp-block-group-is-layout-flex\">\n<p class=\"has-large-font-size\">Servicios de marketing de marca y aceleraci\u00f3n de GTM<\/p>\n\n\n\n<ul class=\"wp-block-list\">\n<li>Marketing digital (SNS, influencer, viral, anuncios de palabras clave, anuncios nativos, comunicados de prensa, SEO, ASO, medios y comunidades asociados)<\/li>\n\n\n\n<li>Publicidad offline (vallas publicitarias, transporte p\u00fablico, red de socios B2B, etc.)<\/li>\n<\/ul>\n<\/div>\n<\/div>\n<\/div>\n<\/div>\n\n\n\n<div class=\"wp-block-group alignwide has-yellow-background-color has-background has-global-padding is-layout-constrained wp-block-group-is-layout-constrained\" style=\"margin-top:var(--wp--preset--spacing--56)\">\n<div class=\"wp-block-group is-vertical is-content-justification-center is-layout-flex wp-container-core-group-is-layout-ce155fab wp-block-group-is-layout-flex\">\n<h2 class=\"wp-block-heading has-text-align-center\" id=\"h-discover-more-partners\">Encuentra m\u00e1s socios<\/h2>\n\n\n\n<p class=\"has-text-align-center\">Colaboramos con empresas tecnol\u00f3gicas l\u00edderes para asegurarnos de que tu equipo saque<br>el m\u00e1ximo partido a Phrase cada d\u00eda.<\/p>\n<\/div>\n\n\n\n<div class=\"wp-block-buttons is-content-justification-center is-layout-flex wp-container-core-buttons-is-layout-a89b3969 wp-block-buttons-is-layout-flex\">\n<div class=\"wp-block-button\"><a class=\"wp-block-button__link wp-element-button\" href=\"https:\/\/phrase.com\/es\/partners\/\" target=\"_blank\" rel=\"noreferrer noopener\">Programa de Phrase para socios<\/a><\/div>\n\n\n\n<div class=\"wp-block-button is-style-black-outline\"><a class=\"wp-block-button__link wp-element-button\" href=\"https:\/\/phrase.com\/es\/partners-inquiries\/\" target=\"_blank\" rel=\"noreferrer noopener\">Programa de referencia de socios<\/a><\/div>\n<\/div>\n<\/div>\n\n","protected":false},"excerpt":{"rendered":"<p>SOCIO DE PHRASE Rompiendo barreras y cerrando brechas: Simplifica tu negocio global con Uptempo. uptempo-global.com El objetivo de Uptempo es mejorar la comunicaci\u00f3n empresarial entre individuos que hablan diferentes idiomas, eliminando las barreras ling\u00fc\u00edsticas y las discrepancias de comprensi\u00f3n. Esto lo logra a trav\u00e9s de las siguientes caracter\u00edsticas clave: El objetivo final de Uptempo es [&hellip;]<\/p>\n","protected":false},"author":57,"featured_media":0,"parent":57530,"menu_order":1,"comment_status":"closed","ping_status":"closed","template":"page-refresh","meta":{"_acf_changed":false,"_stopmodifiedupdate":false,"_modified_date":"","_searchwp_excluded":"","episode_type":"","audio_file":"","podmotor_file_id":"","podmotor_episode_id":"","cover_image":"","cover_image_id":"","duration":"","filesize":"","filesize_raw":"","date_recorded":"","explicit":"","block":"","itunes_episode_number":"","itunes_title":"","itunes_season_number":"","itunes_episode_type":"","footnotes":""},"class_list":["post-100522","page","type-page","status-publish","hentry"],"acf":[],"_links":{"self":[{"href":"https:\/\/phrase.com\/es\/wp-json\/wp\/v2\/pages\/100522","targetHints":{"allow":["GET"]}}],"collection":[{"href":"https:\/\/phrase.com\/es\/wp-json\/wp\/v2\/pages"}],"about":[{"href":"https:\/\/phrase.com\/es\/wp-json\/wp\/v2\/types\/page"}],"author":[{"embeddable":true,"href":"https:\/\/phrase.com\/es\/wp-json\/wp\/v2\/users\/57"}],"replies":[{"embeddable":true,"href":"https:\/\/phrase.com\/es\/wp-json\/wp\/v2\/comments?post=100522"}],"version-history":[{"count":6,"href":"https:\/\/phrase.com\/es\/wp-json\/wp\/v2\/pages\/100522\/revisions"}],"predecessor-version":[{"id":127627,"href":"https:\/\/phrase.com\/es\/wp-json\/wp\/v2\/pages\/100522\/revisions\/127627"}],"up":[{"embeddable":true,"href":"https:\/\/phrase.com\/es\/wp-json\/wp\/v2\/pages\/57530"}],"wp:attachment":[{"href":"https:\/\/phrase.com\/es\/wp-json\/wp\/v2\/media?parent=100522"}],"curies":[{"name":"wp","href":"https:\/\/api.w.org\/{rel}","templated":true}]}}