{"id":100575,"date":"2025-02-06T13:54:38","date_gmt":"2025-02-06T12:54:38","guid":{"rendered":"https:\/\/phrase.com\/lionbridge\/"},"modified":"2025-10-06T10:58:09","modified_gmt":"2025-10-06T08:58:09","slug":"lionbridge","status":"publish","type":"page","link":"https:\/\/phrase.com\/es\/partners\/lionbridge\/","title":{"rendered":"Lionbridge"},"content":{"rendered":"\n<div class=\"wp-block-group alignfull is-style-copy has-transparent-background-color has-background has-global-padding is-content-justification-center is-layout-constrained wp-block-group-is-layout-constrained\" style=\"padding-top:var(--wp--preset--spacing--45);padding-bottom:var(--wp--preset--spacing--45)\">\n<div class=\"wp-block-group alignwide has-global-padding is-content-justification-center is-layout-constrained wp-container-core-group-is-layout-cefc1864 wp-block-group-is-layout-constrained\" style=\"padding-left:var(--wp--preset--spacing--56)\">\n<div style=\"height:43px\" aria-hidden=\"true\" class=\"wp-block-spacer\"><\/div>\n\n\n\n<p class=\"has-text-align-center has-blue-color has-text-color has-link-color wp-elements-17287ce18ce2d9d19816c52e726b8ba7\">SOCIO DE PHRASE<\/p>\n\n\n\n<figure class=\"wp-block-image aligncenter size-full is-resized is-style-not-rounded\"><img loading=\"lazy\" decoding=\"async\" width=\"1553\" height=\"288\" src=\"https:\/\/phrase.com\/wp-content\/uploads\/2025\/02\/Lionbridge-Technologies-Logo.png\" alt=\"Logo de Lionbridge\" class=\"wp-image-99143\" style=\"width:345px;height:auto\" srcset=\"https:\/\/phrase.com\/wp-content\/uploads\/2025\/02\/Lionbridge-Technologies-Logo.png 1553w, https:\/\/phrase.com\/wp-content\/uploads\/2025\/02\/Lionbridge-Technologies-Logo-300x56.png 300w, https:\/\/phrase.com\/wp-content\/uploads\/2025\/02\/Lionbridge-Technologies-Logo-1024x190.png 1024w, https:\/\/phrase.com\/wp-content\/uploads\/2025\/02\/Lionbridge-Technologies-Logo-768x142.png 768w, https:\/\/phrase.com\/wp-content\/uploads\/2025\/02\/Lionbridge-Technologies-Logo-1536x285.png 1536w\" sizes=\"auto, (max-width: 1553px) 100vw, 1553px\" \/><\/figure>\n\n\n\n<h3 class=\"wp-block-heading has-text-align-center has-medium-font-size\" id=\"h-breaking-barriers-building-bridges\" style=\"margin-bottom:var(--wp--preset--spacing--8);font-style:normal;font-weight:400\">Rompiendo barreras. Construyendo puentes.<\/h3>\n\n\n\n<p class=\"has-text-align-center\"><a href=\"https:\/\/www.lionbridge.com\" target=\"_blank\" rel=\"noreferrer noopener\">www.lionbridge.com<\/a><\/p>\n\n\n\n<div style=\"height:30px\" aria-hidden=\"true\" class=\"wp-block-spacer\"><\/div>\n\n\n\n<p class=\"has-text-align-center\" style=\"margin-top:0;margin-bottom:var(--wp--preset--spacing--40)\"><strong><br><\/strong>Lionbridge se asocia con marcas para romper barreras y construir puentes en todo el mundo. Durante 25 a\u00f1os, hemos ayudado a las empresas a conectarse con sus clientes y sus empleados globales gracias a nuestras soluciones de traducci\u00f3n y localizaci\u00f3n en m\u00e1s de 350 idiomas.<br><br>A trav\u00e9s de nuestra plataforma de clase mundial, orquestamos una red de expertos apasionados en todo el mundo que se asocian con marcas para crear experiencias de una gran riqueza cultural.<br><br>Implacables en nuestro amor por la ling\u00fc\u00edstica, usamos lo mejor de la inteligencia artificial y humana para forjar un entendimiento que se traslada tambi\u00e9n a los clientes de nuestros clientes.<\/p>\n\n\n\n<p class=\"has-text-align-center\"><strong>Ubicaciones<br><\/strong><br>Lionbridge opera a nivel mundial, con m\u00e1s de 43 oficinas y centros estrat\u00e9gicamente ubicados para atender a clientes en diversas regiones. Su red incluye ubicaciones en Am\u00e9rica del Norte, Europa, Asia-Pac\u00edfico y otras regiones clave.<\/p>\n\n\n\n<p class=\"has-text-align-center\">La presencia global de la empresa garantiza soporte y servicios las 24 horas del d\u00eda, los siete d\u00edas de la semana para clientes en diferentes zonas horarias y mercados.<\/p>\n\n\n\n<div style=\"height:19px\" aria-hidden=\"true\" class=\"wp-block-spacer\"><\/div>\n\n\n\n<div class=\"wp-block-buttons is-content-justification-center is-layout-flex wp-container-core-buttons-is-layout-a89b3969 wp-block-buttons-is-layout-flex\">\n<div class=\"wp-block-button\"><a class=\"wp-block-button__link wp-element-button\" href=\"https:\/\/phrase.com\/es\/demo\/\" target=\"_blank\" rel=\"noreferrer noopener\">Ponte en contacto con nosotros<\/a><\/div>\n\n\n\n<div class=\"wp-block-button is-style-black-outline\"><a class=\"wp-block-button__link has-text-align-center wp-element-button\" href=\"https:\/\/www.lionbridge.com\/\" target=\"_blank\" rel=\"noreferrer noopener\">Visita el sitio web<\/a><\/div>\n<\/div>\n<\/div>\n<\/div>\n\n\n\n<div class=\"wp-block-columns alignwide are-vertically-aligned-center is-style-default is-layout-flex wp-container-core-columns-is-layout-28f84493 wp-block-columns-is-layout-flex\">\n<div class=\"wp-block-column is-vertically-aligned-center is-layout-flow wp-container-core-column-is-layout-6220b9e6 wp-block-column-is-layout-flow\" style=\"flex-basis:100%\">\n<h2 class=\"wp-block-heading has-text-align-center has-extra-large-font-size\" id=\"h-services-offered\"><strong>Servicios ofrecidos<\/strong><\/h2>\n\n\n\n<div style=\"height:10px\" aria-hidden=\"true\" class=\"wp-block-spacer\"><\/div>\n\n\n\n<div class=\"wp-block-group is-content-justification-center is-nowrap is-layout-flex wp-container-core-group-is-layout-f52be266 wp-block-group-is-layout-flex\">\n<div class=\"wp-block-group is-vertical is-layout-flex wp-container-core-group-is-layout-9f8eab21 wp-block-group-is-layout-flex\">\n<ul class=\"wp-block-list\">\n<li>Traducci\u00f3n y localizaci\u00f3n: adaptaci\u00f3n de contenido, software y sitios web para diferentes idiomas y contextos culturales.<\/li>\n\n\n\n<li>Datos de entrenamiento para la IA: entrega de datos de alta calidad para IA y modelos de aprendizaje autom\u00e1tico, incluyendo procesamiento de lenguaje natural (NLP).<\/li>\n\n\n\n<li>Marketing y creaci\u00f3n de contenido: apoyo de estrategias de contenido global con mensajes personalizados.<\/li>\n\n\n\n<li>Servicios de validaci\u00f3n: garant\u00eda de funcionalidad, precisi\u00f3n ling\u00fc\u00edstica y experiencia del usuario de software, sitios web y juegos.<\/li>\n\n\n\n<li>Servicios de interpretaci\u00f3n:\u00a0 comunicaci\u00f3n efectiva entre idiomas en tiempo real.<\/li>\n<\/ul>\n<\/div>\n<\/div>\n<\/div>\n<\/div>\n\n\n\n<h2 class=\"wp-block-heading has-text-align-center has-extra-large-font-size\" id=\"h-credentials\"><strong>Credenciales<\/strong><\/h2>\n\n\n\n<p class=\"has-text-align-center\">Con una red de m\u00e1s de 500\u00a0000 ling\u00fcistas y expertos especializados, Lionbridge opera en m\u00e1s de 350 idiomas y presta apoyo a empresas en m\u00e1s de 5000 ciudades en todo el mundo.<\/p>\n\n\n\n<div class=\"wp-block-group alignwide has-phrase-green-background-color has-background has-background-images has-global-padding is-content-justification-left is-layout-constrained wp-container-core-group-is-layout-12dd3699 wp-block-group-is-layout-constrained\" style=\"background-image:url(https:\/\/phrase.com\/wp-content\/uploads\/2024\/06\/Untitled-design-6.jpg.webp);background-position:0% 0%;background-attachment:scroll;background-repeat:no-repeat;background-size:cover\"><div class=\"glide wp-block-phrase-com-testimonials\"><div class=\"glide__track\" data-glide-el=\"track\"><div class=\"glide__slides\">\t<div class=\"wp-block-phrase-com-testimonial glide__slide\">\n\t\t<div class=\"wp-block-phrase-com-testimonial__text \">\n\t\t\tEstamos encantados de asociarnos con Phrase, dada su posici\u00f3n en la vanguardia de la localizaci\u00f3n m\u00e1s sofisticada respaldada por una innovaci\u00f3n tecnol\u00f3gica escalable y que aprovecha las \u00faltimas novedades. Tanto nuestros clientes como nuestros socios comunitarios se beneficiar\u00e1n de ello a medida que integremos tanto nuestra tecnolog\u00eda como nuestras visiones complementarias para el futuro.\t\t<\/div>\n\t\t<div class=\"wp-block-phrase-com-testimonial__author\">\n\t\t\t\n\t\t\t<div class=\"wp-block-phrase-com-testimonial__author-info\">\n\t\t\t\t<img loading=\"lazy\" decoding=\"async\" width=\"300\" height=\"300\" src=\"https:\/\/phrase.com\/wp-content\/uploads\/2025\/02\/lionbridge-logomark-phrase-300x300.jpg\" class=\"wp-block-phrase-com-testimonial__author-company-logo\" alt=\"Logo of Lionbridge (socio)\" srcset=\"https:\/\/phrase.com\/wp-content\/uploads\/2025\/02\/lionbridge-logomark-phrase-300x300.jpg 300w, https:\/\/phrase.com\/wp-content\/uploads\/2025\/02\/lionbridge-logomark-phrase-150x150.jpg 150w, https:\/\/phrase.com\/wp-content\/uploads\/2025\/02\/lionbridge-logomark-phrase.jpg 400w\" sizes=\"auto, (max-width: 300px) 100vw, 300px\" \/>\n\t\t\t\t<p class=\"wp-block-phrase-com-testimonial__author-name\">\n\t\t\t\t\tMarcus Casal\t\t\t\t<\/p>\n\n\t\t\t\t<p class=\"wp-block-phrase-com-testimonial__author-title\">\n\t\t\t\t\tDirector t\u00e9cnico\t\t\t\t<\/p>\n\t\t\t<\/div>\n\t\t<\/div>\n\t<\/div>\n\t<\/div><\/div><\/div><\/div>\n\n\n\n<div class=\"wp-block-group alignwide has-yellow-background-color has-background has-global-padding is-layout-constrained wp-block-group-is-layout-constrained\" style=\"margin-top:var(--wp--preset--spacing--56)\">\n<div class=\"wp-block-group is-vertical is-content-justification-center is-layout-flex wp-container-core-group-is-layout-ce155fab wp-block-group-is-layout-flex\">\n<h2 class=\"wp-block-heading has-text-align-center\" id=\"h-discover-more-partners\">Encuentra m\u00e1s socios<\/h2>\n\n\n\n<p class=\"has-text-align-center\">Colaboramos con empresas tecnol\u00f3gicas l\u00edderes para asegurarnos de que tu equipo saque<br>el m\u00e1ximo partido a Phrase cada d\u00eda.<\/p>\n<\/div>\n\n\n\n<div class=\"wp-block-buttons is-content-justification-center is-layout-flex wp-container-core-buttons-is-layout-a89b3969 wp-block-buttons-is-layout-flex\">\n<div class=\"wp-block-button\"><a class=\"wp-block-button__link wp-element-button\" href=\"https:\/\/phrase.com\/es\/partners\/\" target=\"_blank\" rel=\"noreferrer noopener\">Programa de Phrase para socios<\/a><\/div>\n\n\n\n<div class=\"wp-block-button is-style-black-outline\"><a class=\"wp-block-button__link wp-element-button\" href=\"https:\/\/phrase.com\/es\/partners-inquiries\/\" target=\"_blank\" rel=\"noreferrer noopener\">Programa de referencia de socios<\/a><\/div>\n<\/div>\n<\/div>\n\n","protected":false},"excerpt":{"rendered":"<p>SOCIO DE PHRASE Rompiendo barreras. Construyendo puentes. www.lionbridge.com Lionbridge se asocia con marcas para romper barreras y construir puentes en todo el mundo. Durante 25 a\u00f1os, hemos ayudado a las empresas a conectarse con sus clientes y sus empleados globales gracias a nuestras soluciones de traducci\u00f3n y localizaci\u00f3n en m\u00e1s de 350 idiomas. A trav\u00e9s [&hellip;]<\/p>\n","protected":false},"author":77,"featured_media":0,"parent":57530,"menu_order":1,"comment_status":"closed","ping_status":"closed","template":"page-refresh","meta":{"_acf_changed":false,"_stopmodifiedupdate":false,"_modified_date":"","_searchwp_excluded":"","episode_type":"","audio_file":"","podmotor_file_id":"","podmotor_episode_id":"","cover_image":"","cover_image_id":"","duration":"","filesize":"","filesize_raw":"","date_recorded":"","explicit":"","block":"","itunes_episode_number":"","itunes_title":"","itunes_season_number":"","itunes_episode_type":"","footnotes":""},"class_list":["post-100575","page","type-page","status-publish","hentry"],"acf":[],"_links":{"self":[{"href":"https:\/\/phrase.com\/es\/wp-json\/wp\/v2\/pages\/100575","targetHints":{"allow":["GET"]}}],"collection":[{"href":"https:\/\/phrase.com\/es\/wp-json\/wp\/v2\/pages"}],"about":[{"href":"https:\/\/phrase.com\/es\/wp-json\/wp\/v2\/types\/page"}],"author":[{"embeddable":true,"href":"https:\/\/phrase.com\/es\/wp-json\/wp\/v2\/users\/77"}],"replies":[{"embeddable":true,"href":"https:\/\/phrase.com\/es\/wp-json\/wp\/v2\/comments?post=100575"}],"version-history":[{"count":7,"href":"https:\/\/phrase.com\/es\/wp-json\/wp\/v2\/pages\/100575\/revisions"}],"predecessor-version":[{"id":122579,"href":"https:\/\/phrase.com\/es\/wp-json\/wp\/v2\/pages\/100575\/revisions\/122579"}],"up":[{"embeddable":true,"href":"https:\/\/phrase.com\/es\/wp-json\/wp\/v2\/pages\/57530"}],"wp:attachment":[{"href":"https:\/\/phrase.com\/es\/wp-json\/wp\/v2\/media?parent=100575"}],"curies":[{"name":"wp","href":"https:\/\/api.w.org\/{rel}","templated":true}]}}