{"id":102079,"date":"2025-03-12T09:02:03","date_gmt":"2025-03-12T08:02:03","guid":{"rendered":"https:\/\/phrase.com\/integracion-de-optimizely\/"},"modified":"2025-10-06T11:05:14","modified_gmt":"2025-10-06T09:05:14","slug":"optimizely","status":"publish","type":"page","link":"https:\/\/phrase.com\/es\/integrations\/optimizely\/","title":{"rendered":"Integraci\u00f3n de Optimizely"},"content":{"rendered":"\n<div class=\"wp-block-group alignwide is-style-header-hero has-light-neutral-color has-green-90-background-color has-text-color has-background has-link-color has-background-images wp-elements-b0db3c71a730966a03dc1408775e8107 is-layout-flow wp-block-group-is-layout-flow\" style=\"background-image:url(https:\/\/phrase.com\/wp-content\/uploads\/2025\/02\/Optimizely-banner-phrase.jpg.webp);background-position:40% 0%;background-attachment:scroll;background-repeat:no-repeat;background-size:cover\"><div class=\"yoast-breadcrumbs\"><span><span><a href=\"https:\/\/phrase.com\/es\/\">Home<\/a><\/span> | <span><a href=\"https:\/\/phrase.com\/es\/integrations\/\">Integraciones<\/a><\/span> | <span class=\"breadcrumb_last\" aria-current=\"page\">Integraci\u00f3n de Optimizely<\/span><\/span><\/div>\n\n\n<h1 class=\"wp-block-heading has-white-color has-text-color has-link-color wp-elements-bb91497c5f0de759280b80fa745f7831\" id=\"h-optimizely-integration\">Integraci\u00f3n de Optimizely<\/h1>\n\n\n\n<p>Acelera la entrega de contenido global con <br>la integraci\u00f3n de Optimizely de Phrase.<\/p>\n\n\n\n<div class=\"wp-block-buttons is-layout-flex wp-block-buttons-is-layout-flex\">\n<div class=\"wp-block-button is-style-blue-filled\"><a class=\"wp-block-button__link wp-element-button\" href=\"https:\/\/phrase.com\/es\/demo\/\">Solicita una demostraci\u00f3n<\/a><\/div>\n<\/div>\n<\/div>\n\n\n\n<div style=\"height:0px\" aria-hidden=\"true\" class=\"wp-block-spacer\"><\/div>\n\n\n\n<div class=\"wp-block-group alignwide has-blue-10-background-color has-background has-background-images has-global-padding is-layout-constrained wp-block-group-is-layout-constrained\" style=\"margin-top:var(--wp--preset--spacing--10);background-image:url(https:\/\/phrase.com\/wp-content\/uploads\/2024\/03\/svgexport-1-2.svg);background-position:100% 30%;background-attachment:scroll;background-repeat:no-repeat;background-size:auto\">\n<div class=\"wp-block-group alignwide is-layout-flow wp-block-group-is-layout-flow\">\n<h2 class=\"wp-block-heading has-text-align-left\" id=\"h-automated-content-translation-for-optimizely\">Traducci\u00f3n autom\u00e1tica de contenidos para Optimizely<\/h2>\n\n\n\n<div class=\"wp-block-group alignwide has-global-padding is-layout-constrained wp-block-group-is-layout-constrained\" style=\"margin-top:var(--wp--preset--spacing--10)\">\n<div class=\"wp-block-group alignwide is-layout-flow wp-block-group-is-layout-flow\">\n<p class=\"has-text-align-left\"><strong>Automatiza y optimiza la traducci\u00f3n de contenidos de tu sitio web en Optimizely TMS<\/strong> con Phrase. Diles adi\u00f3s a las exportaciones manuales, los costosos retrasos o los flujos de trabajo desconectados: solo traducciones r\u00e1pidas y de alta calidad que mantienen la coherencia de la voz de tu marca en todos los mercados.<br><br>Con esta integraci\u00f3n, el contenido de origen fluye directamente desde <strong>Optimizely CMS<\/strong> hasta la <strong>plataforma de Phrase basada en IA. <\/strong>A continuaci\u00f3n, se traduce utilizando inteligencia artificial avanzada o mediante una revisi\u00f3n humana para una mayor precisi\u00f3n. Las traducciones se sincronizan autom\u00e1ticamente de nuevo en Optimizely, lo que elimina los pasos manuales y garantiza un proceso totalmente automatizado.<\/p>\n<\/div>\n<\/div>\n<\/div>\n<\/div>\n\n\n\n<div class=\"wp-block-group has-global-padding is-layout-constrained wp-block-group-is-layout-constrained\">\n<h2 class=\"wp-block-heading has-text-align-center\" id=\"h-from-siloed-processes-to-full-automation\" style=\"margin-top:var(--wp--preset--spacing--45)\">De procesos aislados a la automatizaci\u00f3n total<\/h2>\n\n\n\n<p class=\"has-text-align-center\">Antes de integrar Phrase, los equipos de marketing y localizaci\u00f3n sol\u00edan tener problemas con un enfoque fragmentado y manual para traducir el contenido de Optimizely. Esto conllevaba altos costes, ineficiencias y un control de calidad limitado. Con la <strong>integraci\u00f3n de Phrase con Optimizely<\/strong>, los equipos pueden ahora automatizar todo el proceso de traducci\u00f3n, lo que garantiza tiempos de entrega m\u00e1s r\u00e1pidos y un mayor control de la calidad.<\/p>\n<\/div>\n\n\n\n<div class=\"wp-block-group alignwide has-white-background-color has-background has-global-padding is-layout-constrained wp-block-group-is-layout-constrained\">\n<figure class=\"wp-block-table alignwide is-style-comparison\"><table class=\"has-fixed-layout\"><thead><tr><th>Sin Phrase<\/th><th>Con Phrase<\/th><\/tr><\/thead><tbody><tr><td>Contenido traducido manualmente por un proveedor de servicios ling\u00fc\u00edsticos (LSP)<\/td><td><strong>Sincronizaci\u00f3n de traducci\u00f3n totalmente automatizada<\/strong> entre Optimizely y Phrase<\/td><\/tr><tr><td>Procesos separados entre los equipos de marketing y localizaci\u00f3n<\/td><td><strong>Flujos de trabajo de localizaci\u00f3n centralizados<\/strong> con TM y TB unificados<\/td><\/tr><tr><td>Altos costes de esfuerzo de posedici\u00f3n manual<\/td><td><strong>La traducci\u00f3n mediante IA y la integraci\u00f3n de TM<\/strong> reducen el esfuerzo de posedici\u00f3n<\/td><\/tr><tr><td>Sin control de calidad directo por parte del equipo de localizaci\u00f3n<\/td><td><strong>Control total sobre la calidad y la automatizaci\u00f3n<\/strong> a trav\u00e9s de Phrase<\/td><\/tr><\/tbody><\/table><\/figure>\n<\/div>\n\n\n\n<div style=\"height:0px\" aria-hidden=\"true\" class=\"wp-block-spacer\"><\/div>\n\n\n\n<div class=\"wp-block-phrase-com-carousel alignwide wp-block-phrase-com-carousel--no-button has-color-scheme has-dark-green-color-scheme\"><div class=\"wp-block-phrase-com-carousel__sidebar\"><h2 class=\"wp-block-phrase-com-carousel__heading\">Beneficios de la integraci\u00f3n con Optimizely<\/h2><div class=\"wp-block-phrase-com-carousel__navigation\"><button type=\"button\" class=\"wp-block-phrase-com-carousel__tab\" data-index=\"0\">Flujos de trabajo centralizados<\/button><button type=\"button\" class=\"wp-block-phrase-com-carousel__tab\" data-index=\"1\">Calidad de traducci\u00f3n basada en IA<\/button><button type=\"button\" class=\"wp-block-phrase-com-carousel__tab\" data-index=\"2\">Coherencia de la marca<\/button><\/div><\/div><div class=\"wp-block-phrase-com-carousel__slider\"><div class=\"wp-block-phrase-com-carousel__slider-track glide__track\" data-glide-el=\"track\"><div class=\"wp-block-phrase-com-carousel__slides glide__slides\">\n<div class=\"wp-block-phrase-com-carousel-slide glide__slide is-layout-flow wp-block-phrase-com-carousel-slide-is-layout-flow\">\n<figure class=\"wp-block-image size-full no-padding is-style-default\"><img loading=\"lazy\" decoding=\"async\" width=\"1024\" height=\"768\" src=\"https:\/\/phrase.com\/wp-content\/uploads\/2025\/02\/Centralized-workflows-phrase.jpg\" alt=\"\" class=\"wp-image-100783\" style=\"object-fit:cover\" srcset=\"https:\/\/phrase.com\/wp-content\/uploads\/2025\/02\/Centralized-workflows-phrase.jpg 1024w, https:\/\/phrase.com\/wp-content\/uploads\/2025\/02\/Centralized-workflows-phrase-300x225.jpg 300w, https:\/\/phrase.com\/wp-content\/uploads\/2025\/02\/Centralized-workflows-phrase-768x576.jpg 768w\" sizes=\"auto, (max-width: 1024px) 100vw, 1024px\" \/><\/figure>\n\n\n\n<h3 class=\"wp-block-heading has-large-font-size\" id=\"h-centralized-workflows\"><strong>Flujos de trabajo centralizados<\/strong><\/h3>\n\n\n\n<p>Se acabaron las entregas manuales y las exportaciones complejas.<\/p>\n<\/div>\n\n\n\n<div class=\"wp-block-phrase-com-carousel-slide glide__slide is-layout-flow wp-block-phrase-com-carousel-slide-is-layout-flow\">\n<figure class=\"wp-block-image size-full no-padding\"><img loading=\"lazy\" decoding=\"async\" width=\"1024\" height=\"768\" src=\"https:\/\/phrase.com\/wp-content\/uploads\/2025\/02\/AI-driven-translation-quality-phrase.jpg\" alt=\"\" class=\"wp-image-100815\" srcset=\"https:\/\/phrase.com\/wp-content\/uploads\/2025\/02\/AI-driven-translation-quality-phrase.jpg 1024w, https:\/\/phrase.com\/wp-content\/uploads\/2025\/02\/AI-driven-translation-quality-phrase-300x225.jpg 300w, https:\/\/phrase.com\/wp-content\/uploads\/2025\/02\/AI-driven-translation-quality-phrase-768x576.jpg 768w\" sizes=\"auto, (max-width: 1024px) 100vw, 1024px\" \/><\/figure>\n\n\n\n<h3 class=\"wp-block-heading has-large-font-size\" id=\"h-ai-driven-translation-quality\"><strong>Calidad de traducci\u00f3n basada en IA<\/strong><\/h3>\n\n\n\n<p>Traducci\u00f3n flexible basada en IA con revisi\u00f3n humana.<\/p>\n<\/div>\n\n\n\n<div class=\"wp-block-phrase-com-carousel-slide glide__slide is-layout-flow wp-block-phrase-com-carousel-slide-is-layout-flow\">\n<figure class=\"wp-block-image size-full no-padding\"><img loading=\"lazy\" decoding=\"async\" width=\"1024\" height=\"768\" src=\"https:\/\/phrase.com\/wp-content\/uploads\/2025\/02\/Brand-consistency-phrase.jpg\" alt=\"\" class=\"wp-image-100822\" srcset=\"https:\/\/phrase.com\/wp-content\/uploads\/2025\/02\/Brand-consistency-phrase.jpg 1024w, https:\/\/phrase.com\/wp-content\/uploads\/2025\/02\/Brand-consistency-phrase-300x225.jpg 300w, https:\/\/phrase.com\/wp-content\/uploads\/2025\/02\/Brand-consistency-phrase-768x576.jpg 768w\" sizes=\"auto, (max-width: 1024px) 100vw, 1024px\" \/><\/figure>\n\n\n\n<h3 class=\"wp-block-heading has-large-font-size\" id=\"h-brand-consistency\"><strong><strong>Coherencia de la marca<\/strong><\/strong><\/h3>\n\n\n\n<p>Mant\u00e9n el tono, la terminolog\u00eda y la precisi\u00f3n en todos los mercados.<\/p>\n<\/div>\n<\/div><\/div><\/div><\/div>\n\n\n\n<div class=\"wp-block-group alignwide has-light-neutral-background-color has-background has-global-padding is-layout-constrained wp-block-group-is-layout-constrained\">\n<h2 class=\"wp-block-heading has-text-align-center\" id=\"h-why-choose-phrase-for-optimizely-localization\">\u00bfPor qu\u00e9 elegir Phrase para la localizaci\u00f3n con Optimizely?<\/h2>\n\n\n\n<p class=\"has-text-align-center\">A diferencia de otras integraciones de traducci\u00f3n de Optimizely, Phrase unifica todos los flujos de trabajo de localizaci\u00f3n en una sola plataforma.<\/p>\n\n\n\n<div class=\"wp-block-group alignwide has-light-neutral-background-color has-background has-global-padding is-layout-constrained wp-block-group-is-layout-constrained\" style=\"margin-top:0\">\n<div class=\"wp-block-group alignwide is-layout-grid wp-container-core-group-is-layout-12da87f5 wp-block-group-is-layout-grid\" style=\"margin-top:var(--wp--preset--spacing--45)\">\n<div class=\"wp-block-group is-vertical is-content-justification-center is-layout-flex wp-container-core-group-is-layout-5e763914 wp-block-group-is-layout-flex\">\n<figure class=\"wp-block-image size-full is-resized is-style-not-rounded\"><img loading=\"lazy\" decoding=\"async\" width=\"72\" height=\"72\" src=\"https:\/\/phrase.com\/wp-content\/uploads\/2025\/07\/cost-decrease-icon.png\" alt=\"\" class=\"wp-image-111451\" style=\"width:83px;height:auto\" \/><\/figure>\n\n\n\n<p class=\"has-text-align-center\"><strong>Menores costes de posedici\u00f3n<\/strong><\/p>\n\n\n\n<p class=\"has-text-align-center\">gracias a la memoria de traducci\u00f3n (TM) unificada.<\/p>\n<\/div>\n\n\n\n<div class=\"wp-block-group is-vertical is-content-justification-center is-layout-flex wp-container-core-group-is-layout-5e763914 wp-block-group-is-layout-flex\">\n<figure class=\"wp-block-image size-full is-resized is-style-not-rounded\"><img loading=\"lazy\" decoding=\"async\" width=\"72\" height=\"72\" src=\"https:\/\/phrase.com\/wp-content\/uploads\/2025\/07\/control-icon.png\" alt=\"\" class=\"wp-image-111445\" style=\"width:83px\" \/><\/figure>\n\n\n\n<p class=\"has-text-align-center\"><strong>Mejor control de calidad<\/strong><\/p>\n\n\n\n<p class=\"has-text-align-center\">con herramientas de control de calidad centralizadas.<\/p>\n<\/div>\n\n\n\n<div class=\"wp-block-group is-vertical is-content-justification-center is-layout-flex wp-container-core-group-is-layout-5e763914 wp-block-group-is-layout-flex\">\n<figure class=\"wp-block-image size-full is-resized\"><img loading=\"lazy\" decoding=\"async\" width=\"72\" height=\"72\" src=\"https:\/\/phrase.com\/wp-content\/uploads\/2025\/07\/automation-icon.png\" alt=\"\" class=\"wp-image-111463\" style=\"width:83px\" \/><\/figure>\n\n\n\n<p class=\"has-text-align-center\"><strong>Enfoque de automatizaci\u00f3n prioritario<\/strong><\/p>\n\n\n\n<p class=\"has-text-align-center\">para reducir el trabajo manual y repetitivo.<\/p>\n<\/div>\n\n\n\n<div class=\"wp-block-group is-vertical is-content-justification-center is-layout-flex wp-container-core-group-is-layout-5e763914 wp-block-group-is-layout-flex\">\n<figure class=\"wp-block-image size-full is-resized is-style-not-rounded\"><img loading=\"lazy\" decoding=\"async\" width=\"73\" height=\"73\" src=\"https:\/\/phrase.com\/wp-content\/uploads\/2025\/07\/translation-icon.png\" alt=\"\" class=\"wp-image-111457\" style=\"width:83px;height:auto\" \/><\/figure>\n\n\n\n<p class=\"has-text-align-center\"><strong>Traducci\u00f3n mediante la IA m\u00e1s avanzada<\/strong><\/p>\n\n\n\n<p class=\"has-text-align-center\">para unos plazos m\u00e1s breves y unos costes menores.<\/p>\n<\/div>\n<\/div>\n<\/div>\n<\/div>\n\n\n\n<div class=\"wp-block-phrase-com-masked-media-text alignwide is-style-shape-two has-transparent-background-color has-background\"><div class=\"wp-block-phrase-com-masked-media-text__inner\">\n<h3 class=\"wp-block-heading\" id=\"h-phrase-in-action\">Phrase en acci\u00f3n<\/h3>\n\n\n\n<p class=\"has-medium-font-size\">Un l\u00edder mundial en certificaci\u00f3n y gesti\u00f3n de riesgos actualmente traduce el contenido de Optimizely mediante una integraci\u00f3n gestionada por un LSP. Su flujo de trabajo en 32 idiomas implica realizar traducciones manuales, lo que aumenta los costes y provoca ineficiencias.<\/p>\n\n\n\n<p>Pas\u00e1ndose a la <strong>integraci\u00f3n de Optimizely de Phrase<\/strong>, la compa\u00f1\u00eda obtiene varios beneficios:<\/p>\n\n\n\n<p>&#8211; <strong>Automatizaci\u00f3n de las sincronizaciones de traducci\u00f3n<\/strong> entre Optimizely y Phrase.<br>&#8211; <strong>Aprovechamiento de las traducciones basadas en IA y TM<\/strong> para reducir los costes de la fase de posedici\u00f3n.<br>&#8211; <strong>Control centralizado<\/strong> sobre los proveedores, la calidad y la automatizaci\u00f3n.<br><br>Esto permite un <strong>importante ahorro de costes, una mayor eficiencia y una coherencia de la marca<\/strong> a escala.<\/p>\n<\/div><div class=\"wp-block-phrase-com-masked-media-text__media\"><img loading=\"lazy\" decoding=\"async\" width=\"1136\" height=\"1150\" src=\"https:\/\/phrase.com\/wp-content\/uploads\/2025\/03\/Optimizely-phrase-integration.jpg\" alt=\"\" class=\"wp-block-phrase-com-masked-media-text-image wp-image-101464\" srcset=\"https:\/\/phrase.com\/wp-content\/uploads\/2025\/03\/Optimizely-phrase-integration.jpg 1136w, https:\/\/phrase.com\/wp-content\/uploads\/2025\/03\/Optimizely-phrase-integration-296x300.jpg 296w, https:\/\/phrase.com\/wp-content\/uploads\/2025\/03\/Optimizely-phrase-integration-1012x1024.jpg 1012w, https:\/\/phrase.com\/wp-content\/uploads\/2025\/03\/Optimizely-phrase-integration-768x777.jpg 768w\" sizes=\"auto, (max-width: 1136px) 100vw, 1136px\" \/><\/div><\/div>\n\n\n\n<h2 class=\"wp-block-heading has-text-align-center\" id=\"h-webinar-automate-and-scale-content-translation-with-phrase-and-optimizely\">Seminario web: Automatiza y escala la traducci\u00f3n de contenido con Phrase y Optimizely<\/h2>\n\n\n\n<div class=\"wp-block-columns alignwide are-vertically-aligned-center media-text-columns media-text-columns--media-left is-layout-flex wp-container-core-columns-is-layout-28f84493 wp-block-columns-is-layout-flex\">\n<div class=\"wp-block-column is-vertically-aligned-center is-layout-flow wp-block-column-is-layout-flow\" style=\"flex-basis:57.2131147541%\">\n<figure class=\"wp-block-image size-full\"><img loading=\"lazy\" decoding=\"async\" width=\"2560\" height=\"1308\" src=\"https:\/\/phrase.com\/wp-content\/uploads\/2025\/03\/P1124-Optimizely-webinar-visuals-2560-X-1307px.png\" alt=\"\" class=\"wp-image-102605\" srcset=\"https:\/\/phrase.com\/wp-content\/uploads\/2025\/03\/P1124-Optimizely-webinar-visuals-2560-X-1307px.png 2560w, https:\/\/phrase.com\/wp-content\/uploads\/2025\/03\/P1124-Optimizely-webinar-visuals-2560-X-1307px-300x153.png 300w, https:\/\/phrase.com\/wp-content\/uploads\/2025\/03\/P1124-Optimizely-webinar-visuals-2560-X-1307px-1024x523.png 1024w, https:\/\/phrase.com\/wp-content\/uploads\/2025\/03\/P1124-Optimizely-webinar-visuals-2560-X-1307px-768x392.png 768w, https:\/\/phrase.com\/wp-content\/uploads\/2025\/03\/P1124-Optimizely-webinar-visuals-2560-X-1307px-1536x785.png 1536w, https:\/\/phrase.com\/wp-content\/uploads\/2025\/03\/P1124-Optimizely-webinar-visuals-2560-X-1307px-2048x1046.png 2048w\" sizes=\"auto, (max-width: 2560px) 100vw, 2560px\" \/><\/figure>\n<\/div>\n\n\n\n<div class=\"wp-block-column is-vertically-aligned-center is-layout-flow wp-block-column-is-layout-flow\" style=\"flex-basis:41.9672131148%\">\n<h2 class=\"wp-block-heading has-extra-large-font-size\" id=\"h-watch-on-demand\">Ver a la carta (seminario en ingl\u00e9s)<\/h2>\n\n\n\n<p>\u00a1Echa un vistazo en exclusiva a la integraci\u00f3n de Phrase y Optimizely! Esta sesi\u00f3n te muestra c\u00f3mo la automatizaci\u00f3n basada en IA puede agilizar la traducci\u00f3n de contenido de tu sitio web. Desp\u00eddete de las exportaciones manuales y los flujos de trabajo desconectados: esta completa integraci\u00f3n te ofrece un control centralizado sobre los proveedores, la calidad y la automatizaci\u00f3n.<\/p>\n\n\n\n<div class=\"wp-block-buttons is-layout-flex wp-block-buttons-is-layout-flex\">\n<div class=\"wp-block-button is-style-plain\"><a class=\"wp-block-button__link wp-element-button\" href=\"https:\/\/phrase.com\/es\/resources\/webinars\/automate-translation-optimizely\/\" target=\"_blank\" rel=\"noreferrer noopener\">Ver la grabaci\u00f3n<\/a><\/div>\n<\/div>\n<\/div>\n<\/div>\n\n\n\n<div style=\"height:4px\" aria-hidden=\"true\" class=\"wp-block-spacer\"><\/div>\n\n\n\n<h2 class=\"wp-block-heading has-text-align-center\" id=\"h-faqs\" style=\"margin-top:0\">Preguntas frecuentes<\/h2>\n\n\n\n<div class=\"wp-block-wearerequired-accordion\">\n<div id=\"acc-como-se-configura-la-integracion-de-optimizely\" tabindex=\"-1\" class=\"wp-block-wearerequired-accordion-section\">\n<h3 class=\"wp-block-wearerequired-accordion-heading\"><span aria-hidden=\"true\" class=\"wp-block-wearerequired-accordion-heading__icon\"><\/span><span class=\"wp-block-wearerequired-accordion-heading__text\">\u00bfC\u00f3mo se configura la integraci\u00f3n de Optimizely?<\/span><\/h3>\n\n\n\n<div class=\"wp-block-wearerequired-accordion-content is-layout-flow wp-block-wearerequired-accordion-content-is-layout-flow\">\n<p>Para configurar la integraci\u00f3n:<\/p>\n\n\n\n<ul class=\"wp-block-list\">\n<li>Activa los flujos de trabajo automatizados para gestionar el ciclo de traducci\u00f3n.<\/li>\n\n\n\n<li>Aseg\u00farate de disponer de una cuenta de Optimizely y de contar con permisos de administrador.<\/li>\n\n\n\n<li>Inicia sesi\u00f3n en Phrase TMS y ve a la secci\u00f3n de integraciones.<\/li>\n\n\n\n<li>Selecciona Optimizely y autentifica tu cuenta.<\/li>\n\n\n\n<li>Configura los ajustes, como los tipos de contenido que se van a traducir y las combinaciones de idiomas.<\/li>\n<\/ul>\n<\/div>\n<\/div>\n\n\n\n<div id=\"acc-que-tipos-de-contenido-se-pueden-traducir\" tabindex=\"-1\" class=\"wp-block-wearerequired-accordion-section\">\n<h3 class=\"wp-block-wearerequired-accordion-heading\"><span aria-hidden=\"true\" class=\"wp-block-wearerequired-accordion-heading__icon\"><\/span><span class=\"wp-block-wearerequired-accordion-heading__text\">\u00bfQu\u00e9 tipos de contenido se pueden traducir?<\/span><\/h3>\n\n\n\n<div class=\"wp-block-wearerequired-accordion-content is-layout-flow wp-block-wearerequired-accordion-content-is-layout-flow\">\n<p>La integraci\u00f3n admite contenido de texto, metadatos, descripciones de productos, p\u00e1ginas web, materiales de marketing y elementos de interfaz de usuario de Optimizely.<\/p>\n<\/div>\n<\/div>\n\n\n\n<div id=\"acc-con-que-idiomas-es-compatible\" tabindex=\"-1\" class=\"wp-block-wearerequired-accordion-section\">\n<h3 class=\"wp-block-wearerequired-accordion-heading\"><span aria-hidden=\"true\" class=\"wp-block-wearerequired-accordion-heading__icon\"><\/span><span class=\"wp-block-wearerequired-accordion-heading__text\">\u00bfCon qu\u00e9 idiomas es compatible?<\/span><\/h3>\n\n\n\n<div class=\"wp-block-wearerequired-accordion-content is-layout-flow wp-block-wearerequired-accordion-content-is-layout-flow\">\n<p>Phrase admite m\u00e1s de 800 combinaciones de idiomas, ideal para las necesidades de localizaci\u00f3n global.<\/p>\n<\/div>\n<\/div>\n\n\n\n<div id=\"acc-se-puede-usar-traduccion-automatica-mt-con-la-integracion\" tabindex=\"-1\" class=\"wp-block-wearerequired-accordion-section\">\n<h3 class=\"wp-block-wearerequired-accordion-heading\"><span aria-hidden=\"true\" class=\"wp-block-wearerequired-accordion-heading__icon\"><\/span><span class=\"wp-block-wearerequired-accordion-heading__text\">\u00bfSe puede usar traducci\u00f3n autom\u00e1tica (MT) con la integraci\u00f3n?<\/span><\/h3>\n\n\n\n<div class=\"wp-block-wearerequired-accordion-content is-layout-flow wp-block-wearerequired-accordion-content-is-layout-flow\">\n<p>\u00a1S\u00ed! La integraci\u00f3n es compatible con Phrase Language AI, que permite acceder a m\u00e1s de 30 motores de traducci\u00f3n autom\u00e1tica, incluidos Google, DeepL, Microsoft y Phrase NextMT. La funci\u00f3n de selecci\u00f3n autom\u00e1tica de MT garantiza que se elija el mejor motor de traducci\u00f3n autom\u00e1tica para cada combinaci\u00f3n de idiomas.<\/p>\n<\/div>\n<\/div>\n\n\n\n<div id=\"acc-donde-puedo-obtener-mas-ayuda\" tabindex=\"-1\" class=\"wp-block-wearerequired-accordion-section\">\n<h3 class=\"wp-block-wearerequired-accordion-heading\"><span aria-hidden=\"true\" class=\"wp-block-wearerequired-accordion-heading__icon\"><\/span><span class=\"wp-block-wearerequired-accordion-heading__text\">\u00bfD\u00f3nde puedo obtener m\u00e1s ayuda?<\/span><\/h3>\n\n\n\n<div class=\"wp-block-wearerequired-accordion-content is-layout-flow wp-block-wearerequired-accordion-content-is-layout-flow\">\n<p>Accede a documentaci\u00f3n detallada y art\u00edculos de soporte relacionados con integraciones, incluida la integraci\u00f3n de Optimizely y Phrase, en el <a href=\"https:\/\/support.phrase.com\/hc\/es\/sections\/5784101340060-Integrations\">centro de asistencia de Phrase<\/a>.<\/p>\n<\/div>\n<\/div>\n<\/div>\n\n\n\n<div style=\"height:50px\" aria-hidden=\"true\" class=\"wp-block-spacer\"><\/div>\n\n\n\n<div class=\"wp-block-columns alignwide is-style-default is-layout-flex wp-container-core-columns-is-layout-28f84493 wp-block-columns-is-layout-flex\">\n<div class=\"wp-block-column has-blue-80-background-color has-background has-global-padding is-layout-constrained wp-container-core-column-is-layout-31a95166 wp-block-column-is-layout-constrained\" style=\"border-style:none;border-width:0px;padding-top:var(--wp--preset--spacing--45);padding-bottom:var(--wp--preset--spacing--45);flex-basis:100%\">\n<h2 class=\"wp-block-heading has-text-align-center has-white-color has-text-color has-link-color wp-elements-61a9a29576240fa1b89d550f5cdbda1f\" id=\"h-want-to-find-out-more\">\u00bfQuieres saber m\u00e1s?<\/h2>\n\n\n\n<div class=\"wp-block-buttons is-content-justification-center is-layout-flex wp-container-core-buttons-is-layout-a89b3969 wp-block-buttons-is-layout-flex\">\n<div class=\"wp-block-button is-style-grey-filled\"><a class=\"wp-block-button__link wp-element-button\" href=\"https:\/\/phrase.com\/es\/demo\/\">Solicita una demostraci\u00f3n<\/a><\/div>\n\n\n\n<div class=\"wp-block-button is-style-white-outline\"><a class=\"wp-block-button__link wp-element-button\" href=\"https:\/\/phrase.com\/es\/contact\/\">Ponte en contacto con nosotros<\/a><\/div>\n<\/div>\n<\/div>\n<\/div>\n\n","protected":false},"excerpt":{"rendered":"<p>Integraci\u00f3n de Optimizely Acelera la entrega de contenido global con la integraci\u00f3n de Optimizely de Phrase. Traducci\u00f3n autom\u00e1tica de contenidos para Optimizely Automatiza y optimiza la traducci\u00f3n de contenidos de tu sitio web en Optimizely TMS con Phrase. Diles adi\u00f3s a las exportaciones manuales, los costosos retrasos o los flujos de trabajo desconectados: solo traducciones [&hellip;]<\/p>\n","protected":false},"author":77,"featured_media":100777,"parent":31700,"menu_order":0,"comment_status":"closed","ping_status":"closed","template":"page-refresh","meta":{"_acf_changed":false,"_stopmodifiedupdate":false,"_modified_date":"","_searchwp_excluded":"","episode_type":"","audio_file":"","podmotor_file_id":"","podmotor_episode_id":"","cover_image":"","cover_image_id":"","duration":"","filesize":"","filesize_raw":"","date_recorded":"","explicit":"","block":"","itunes_episode_number":"","itunes_title":"","itunes_season_number":"","itunes_episode_type":"","footnotes":""},"class_list":["post-102079","page","type-page","status-publish","has-post-thumbnail","hentry"],"acf":[],"_links":{"self":[{"href":"https:\/\/phrase.com\/es\/wp-json\/wp\/v2\/pages\/102079","targetHints":{"allow":["GET"]}}],"collection":[{"href":"https:\/\/phrase.com\/es\/wp-json\/wp\/v2\/pages"}],"about":[{"href":"https:\/\/phrase.com\/es\/wp-json\/wp\/v2\/types\/page"}],"author":[{"embeddable":true,"href":"https:\/\/phrase.com\/es\/wp-json\/wp\/v2\/users\/77"}],"replies":[{"embeddable":true,"href":"https:\/\/phrase.com\/es\/wp-json\/wp\/v2\/comments?post=102079"}],"version-history":[{"count":6,"href":"https:\/\/phrase.com\/es\/wp-json\/wp\/v2\/pages\/102079\/revisions"}],"predecessor-version":[{"id":122876,"href":"https:\/\/phrase.com\/es\/wp-json\/wp\/v2\/pages\/102079\/revisions\/122876"}],"up":[{"embeddable":true,"href":"https:\/\/phrase.com\/es\/wp-json\/wp\/v2\/pages\/31700"}],"wp:featuredmedia":[{"embeddable":true,"href":"https:\/\/phrase.com\/es\/wp-json\/wp\/v2\/media\/100777"}],"wp:attachment":[{"href":"https:\/\/phrase.com\/es\/wp-json\/wp\/v2\/media?parent=102079"}],"curies":[{"name":"wp","href":"https:\/\/api.w.org\/{rel}","templated":true}]}}