{"id":103877,"date":"2023-08-23T16:41:21","date_gmt":"2023-08-23T14:41:21","guid":{"rendered":"https:\/\/phrase.com\/textree\/"},"modified":"2025-10-06T10:16:28","modified_gmt":"2025-10-06T08:16:28","slug":"textree","status":"publish","type":"page","link":"https:\/\/phrase.com\/es\/partners\/textree\/","title":{"rendered":"TEXTree"},"content":{"rendered":"\n<div style=\"height:30px\" aria-hidden=\"true\" class=\"wp-block-spacer\"><\/div>\n\n\n\n<div class=\"wp-block-group alignfull has-global-padding is-layout-constrained wp-block-group-is-layout-constrained\">\n<p class=\"has-text-align-center has-blue-color has-text-color has-link-color has-medium-font-size wp-elements-5f0530732c9589aef58e3ba274f2753e\">SOCIO DE PHRASE<br><\/p>\n\n\n\n<figure class=\"wp-block-image aligncenter size-full is-resized is-style-not-rounded\"><img loading=\"lazy\" decoding=\"async\" width=\"2717\" height=\"870\" src=\"https:\/\/phrase.com\/wp-content\/uploads\/2023\/08\/TEXTree-CI.png\" alt=\"Logotipo de TEXTree | Phrase\" class=\"wp-image-61165\" style=\"width:298px;height:auto\" srcset=\"https:\/\/phrase.com\/wp-content\/uploads\/2023\/08\/TEXTree-CI.png 2717w, https:\/\/phrase.com\/wp-content\/uploads\/2023\/08\/TEXTree-CI-300x96.png 300w, https:\/\/phrase.com\/wp-content\/uploads\/2023\/08\/TEXTree-CI-1024x328.png 1024w, https:\/\/phrase.com\/wp-content\/uploads\/2023\/08\/TEXTree-CI-768x246.png 768w, https:\/\/phrase.com\/wp-content\/uploads\/2023\/08\/TEXTree-CI-1536x492.png 1536w, https:\/\/phrase.com\/wp-content\/uploads\/2023\/08\/TEXTree-CI-2048x656.png 2048w\" sizes=\"auto, (max-width: 2717px) 100vw, 2717px\" \/><\/figure>\n\n\n\n<h2 class=\"wp-block-heading has-text-align-center has-medium-font-size\" id=\"h-production-management-publication-and-distribution-of-high-quality-technical-documents-textree-co-kr\">Producci\u00f3n, gesti\u00f3n, publicaci\u00f3n y distribuci\u00f3n de documentos t\u00e9cnicos de alta calidad<br><br><a href=\"https:\/\/textree.co.kr\/\" target=\"_blank\" rel=\"noreferrer noopener\">textree.co.kr<\/a><\/h2>\n<\/div>\n\n\n\n<div class=\"wp-block-group alignfull is-style-copy has-transparent-background-color has-background has-global-padding is-content-justification-center is-layout-constrained wp-block-group-is-layout-constrained\" style=\"padding-top:0;padding-bottom:0\">\n<div class=\"wp-block-group alignwide has-global-padding is-content-justification-center is-layout-constrained wp-container-core-group-is-layout-cefc1864 wp-block-group-is-layout-constrained\" style=\"padding-left:var(--wp--preset--spacing--56)\">\n<p class=\"has-text-align-center\" style=\"margin-top:0;margin-bottom:var(--wp--preset--spacing--40)\"><strong><br>Servicio de documentaci\u00f3n t\u00e9cnica<\/strong><br><br>Proporcionamos un servicio completo que re\u00fane todo el campo de la comunicaci\u00f3n t\u00e9cnica, que abarca desde la producci\u00f3n de documentos t\u00e9cnicos hasta la ilustraci\u00f3n, publicaci\u00f3n, ingenier\u00eda de documentos y construcci\u00f3n de soluciones relevantes.<br><br>Hemos producido manuales t\u00e9cnicos en varios campos industriales. Est\u00e1n respaldados s a trav\u00e9s de documentos t\u00e9cnicos, soporte en l\u00ednea y XML para autom\u00f3viles, semiconductores, equipos industriales, productos electr\u00f3nicos y programas de aplicaciones de software.<br><br><strong>Producci\u00f3n y localizaci\u00f3n de manuales t\u00e9cnicos<\/strong><br><br>El documento final es editado por expertos en DTP que tienen experiencia en la edici\u00f3n de diversas publicaciones nacionales e internacionales<br><br>Simplificamos los manuales t\u00e9cnicos para que los usuarios finales comprendan f\u00e1cilmente c\u00f3mo usar el producto o servicio. <br><br>Tambi\u00e9n brindamos apoyo a todos los esfuerzos de localizaci\u00f3n.<br><br><strong>Construcci\u00f3n de procesos de gesti\u00f3n de documentos integrados<\/strong><br><br>La producci\u00f3n, gesti\u00f3n, reutilizaci\u00f3n, traducci\u00f3n y distribuci\u00f3n multicanal de documentos se ha vuelto m\u00e1s f\u00e1cil que nunca, y construimos el sistema m\u00e1s eficiente para crear documentaci\u00f3n de alta calidad.<br><br>Usar el sistema de gesti\u00f3n de documentos TEXTree le permite crear y gestionar varias versiones de documentaci\u00f3n multiling\u00fce utilizando la interfaz f\u00e1cil de usar.<\/p>\n\n\n\n<p class=\"has-text-align-center\"><strong>Ubicaciones<\/strong><\/p>\n\n\n\n<p class=\"has-text-align-center\">Se\u00fal, Corea<br>Manila, Filipinas<\/p>\n\n\n\n<div style=\"height:19px\" aria-hidden=\"true\" class=\"wp-block-spacer\"><\/div>\n\n\n\n<div class=\"wp-block-buttons is-content-justification-center is-layout-flex wp-container-core-buttons-is-layout-a89b3969 wp-block-buttons-is-layout-flex\">\n<div class=\"wp-block-button\"><a class=\"wp-block-button__link wp-element-button\" href=\"https:\/\/phrase.com\/es\/demo\/\" target=\"_blank\" rel=\"noreferrer noopener\">Ponte en contacto con nosotros<\/a><\/div>\n\n\n\n<div class=\"wp-block-button is-style-black-outline\"><a class=\"wp-block-button__link has-text-align-center wp-element-button\" href=\"https:\/\/textree.co.kr\/\" target=\"_blank\" rel=\"noreferrer noopener\">Visita el sitio web<\/a><\/div>\n<\/div>\n<\/div>\n<\/div>\n\n\n\n<div class=\"wp-block-columns alignwide are-vertically-aligned-center is-style-default is-layout-flex wp-container-core-columns-is-layout-28f84493 wp-block-columns-is-layout-flex\">\n<div class=\"wp-block-column is-vertically-aligned-center is-layout-flow wp-container-core-column-is-layout-6220b9e6 wp-block-column-is-layout-flow\" style=\"flex-basis:100%\">\n<h2 class=\"wp-block-heading has-text-align-center has-extra-large-font-size\" id=\"h-services-offered\"><strong>Servicios ofrecidos<\/strong><\/h2>\n\n\n\n<div style=\"height:10px\" aria-hidden=\"true\" class=\"wp-block-spacer\"><\/div>\n\n\n\n<div class=\"wp-block-group is-content-justification-center is-layout-flex wp-container-core-group-is-layout-e8d5aaa7 wp-block-group-is-layout-flex\">\n<div class=\"wp-block-group is-vertical is-layout-flex wp-container-core-group-is-layout-d572cf77 wp-block-group-is-layout-flex\">\n<div class=\"wp-block-group is-nowrap is-layout-flex wp-container-core-group-is-layout-6c531013 wp-block-group-is-layout-flex\">\n<ul class=\"wp-block-list\">\n<li>Producci\u00f3n de manuales t\u00e9cnicos<\/li>\n<\/ul>\n<\/div>\n\n\n\n<div class=\"wp-block-group is-nowrap is-layout-flex wp-container-core-group-is-layout-6c531013 wp-block-group-is-layout-flex\">\n<ul class=\"wp-block-list\">\n<li>Ilustraci\u00f3n t\u00e9cnica<\/li>\n<\/ul>\n<\/div>\n\n\n\n<div class=\"wp-block-group is-nowrap is-layout-flex wp-container-core-group-is-layout-6c531013 wp-block-group-is-layout-flex\">\n<ul class=\"wp-block-list\">\n<li>Manual de realidad aumentada (RA)<\/li>\n<\/ul>\n<\/div>\n\n\n\n<div class=\"wp-block-group is-nowrap is-layout-flex wp-container-core-group-is-layout-6c531013 wp-block-group-is-layout-flex\">\n<ul class=\"wp-block-list\">\n<li>Localizaci\u00f3n multiling\u00fce<\/li>\n<\/ul>\n<\/div>\n\n\n\n<div class=\"wp-block-group is-nowrap is-layout-flex wp-container-core-group-is-layout-6c531013 wp-block-group-is-layout-flex\">\n<ul class=\"wp-block-list\">\n<li>Gesti\u00f3n de documentos integrada<\/li>\n<\/ul>\n<\/div>\n<\/div>\n\n\n\n<div class=\"wp-block-group is-vertical is-layout-flex wp-container-core-group-is-layout-d572cf77 wp-block-group-is-layout-flex\">\n<div class=\"wp-block-group is-nowrap is-layout-flex wp-container-core-group-is-layout-6c531013 wp-block-group-is-layout-flex\">\n<ul class=\"wp-block-list\">\n<li>Producci\u00f3n de documentos [Producci\u00f3n de documentos t\u00e9cnicos en Word\/XML]<\/li>\n<\/ul>\n<\/div>\n\n\n\n<div class=\"wp-block-group is-nowrap is-layout-flex wp-container-core-group-is-layout-6c531013 wp-block-group-is-layout-flex\">\n<ul class=\"wp-block-list\">\n<li>Gesti\u00f3n de documentos [Gesti\u00f3n integrada de contenidos de m\u00f3dulo]<\/li>\n<\/ul>\n<\/div>\n\n\n\n<div class=\"wp-block-group is-nowrap is-layout-flex wp-container-core-group-is-layout-6c531013 wp-block-group-is-layout-flex\">\n<ul class=\"wp-block-list\">\n<li>Publicaci\u00f3n de documentos [Publicaci\u00f3n autom\u00e1tica en m\u00faltiples canales]<\/li>\n<\/ul>\n<\/div>\n\n\n\n<div class=\"wp-block-group is-nowrap is-layout-flex wp-container-core-group-is-layout-6c531013 wp-block-group-is-layout-flex\">\n<ul class=\"wp-block-list\">\n<li>Distribuci\u00f3n de documentos [Portal de distribuci\u00f3n de contenido]<br><br><\/li>\n<\/ul>\n<\/div>\n<\/div>\n<\/div>\n<\/div>\n<\/div>\n\n\n\n<div class=\"wp-block-group alignwide has-yellow-background-color has-background has-global-padding is-layout-constrained wp-block-group-is-layout-constrained\" style=\"margin-top:var(--wp--preset--spacing--56)\">\n<div class=\"wp-block-group is-vertical is-content-justification-center is-layout-flex wp-container-core-group-is-layout-ce155fab wp-block-group-is-layout-flex\">\n<h2 class=\"wp-block-heading has-text-align-center\" id=\"h-discover-more-partners\">Encuentra m\u00e1s socios<\/h2>\n\n\n\n<p class=\"has-text-align-center\">Colaboramos con empresas tecnol\u00f3gicas l\u00edderes para asegurarnos de que tu equipo saque<br>el m\u00e1ximo partido a Phrase cada d\u00eda.<\/p>\n<\/div>\n\n\n\n<div class=\"wp-block-buttons is-content-justification-center is-layout-flex wp-container-core-buttons-is-layout-a89b3969 wp-block-buttons-is-layout-flex\">\n<div class=\"wp-block-button\"><a class=\"wp-block-button__link wp-element-button\" href=\"https:\/\/phrase.com\/es\/partners\/\" target=\"_blank\" rel=\"noreferrer noopener\">Programa de Phrase para socios<\/a><\/div>\n\n\n\n<div class=\"wp-block-button is-style-black-outline\"><a class=\"wp-block-button__link wp-element-button\" href=\"https:\/\/phrase.com\/es\/partners-inquiries\/\" target=\"_blank\" rel=\"noreferrer noopener\">Programa de referencia de socios<\/a><\/div>\n<\/div>\n<\/div>\n\n","protected":false},"excerpt":{"rendered":"<p>SOCIO DE PHRASE Producci\u00f3n, gesti\u00f3n, publicaci\u00f3n y distribuci\u00f3n de documentos t\u00e9cnicos de alta calidad textree.co.kr Servicio de documentaci\u00f3n t\u00e9cnica Proporcionamos un servicio completo que re\u00fane todo el campo de la comunicaci\u00f3n t\u00e9cnica, que abarca desde la producci\u00f3n de documentos t\u00e9cnicos hasta la ilustraci\u00f3n, publicaci\u00f3n, ingenier\u00eda de documentos y construcci\u00f3n de soluciones relevantes. Hemos producido manuales [&hellip;]<\/p>\n","protected":false},"author":7,"featured_media":0,"parent":57530,"menu_order":1,"comment_status":"closed","ping_status":"closed","template":"page-refresh","meta":{"_acf_changed":false,"_stopmodifiedupdate":false,"_modified_date":"","_searchwp_excluded":"","episode_type":"","audio_file":"","podmotor_file_id":"","podmotor_episode_id":"","cover_image":"","cover_image_id":"","duration":"","filesize":"","filesize_raw":"","date_recorded":"","explicit":"","block":"","itunes_episode_number":"","itunes_title":"","itunes_season_number":"","itunes_episode_type":"","footnotes":""},"class_list":["post-103877","page","type-page","status-publish","hentry"],"acf":[],"_links":{"self":[{"href":"https:\/\/phrase.com\/es\/wp-json\/wp\/v2\/pages\/103877","targetHints":{"allow":["GET"]}}],"collection":[{"href":"https:\/\/phrase.com\/es\/wp-json\/wp\/v2\/pages"}],"about":[{"href":"https:\/\/phrase.com\/es\/wp-json\/wp\/v2\/types\/page"}],"author":[{"embeddable":true,"href":"https:\/\/phrase.com\/es\/wp-json\/wp\/v2\/users\/7"}],"replies":[{"embeddable":true,"href":"https:\/\/phrase.com\/es\/wp-json\/wp\/v2\/comments?post=103877"}],"version-history":[{"count":7,"href":"https:\/\/phrase.com\/es\/wp-json\/wp\/v2\/pages\/103877\/revisions"}],"predecessor-version":[{"id":121183,"href":"https:\/\/phrase.com\/es\/wp-json\/wp\/v2\/pages\/103877\/revisions\/121183"}],"up":[{"embeddable":true,"href":"https:\/\/phrase.com\/es\/wp-json\/wp\/v2\/pages\/57530"}],"wp:attachment":[{"href":"https:\/\/phrase.com\/es\/wp-json\/wp\/v2\/media?parent=103877"}],"curies":[{"name":"wp","href":"https:\/\/api.w.org\/{rel}","templated":true}]}}