{"id":103893,"date":"2023-04-06T14:32:21","date_gmt":"2023-04-06T12:32:21","guid":{"rendered":"https:\/\/phrase.com\/actum-digital\/"},"modified":"2025-11-14T16:13:47","modified_gmt":"2025-11-14T15:13:47","slug":"actum-digital","status":"publish","type":"page","link":"https:\/\/phrase.com\/es\/partners\/actum-digital\/","title":{"rendered":"ACTUM Digital"},"content":{"rendered":"\n<div class=\"wp-block-group alignfull is-style-copy has-transparent-background-color has-background has-global-padding is-content-justification-center is-layout-constrained wp-block-group-is-layout-constrained\" style=\"padding-top:var(--wp--preset--spacing--45);padding-bottom:var(--wp--preset--spacing--45)\">\n<div class=\"wp-block-group alignwide has-global-padding is-content-justification-center is-layout-constrained wp-container-core-group-is-layout-cefc1864 wp-block-group-is-layout-constrained\" style=\"padding-left:var(--wp--preset--spacing--56)\">\n<p class=\"has-text-align-center has-blue-color has-text-color has-link-color wp-elements-17287ce18ce2d9d19816c52e726b8ba7\">SOCIO DE PHRASE<\/p>\n\n\n\n<figure class=\"wp-block-image aligncenter size-full is-resized is-style-not-rounded\"><img loading=\"lazy\" decoding=\"async\" width=\"486\" height=\"75\" src=\"https:\/\/phrase.com\/wp-content\/uploads\/2022\/08\/Actum_Digital_logo.png\" alt=\"Logotipo de Actum Digital | Phrase\" class=\"wp-image-4125\" style=\"width:280px;height:auto\" srcset=\"https:\/\/phrase.com\/wp-content\/uploads\/2022\/08\/Actum_Digital_logo.png 486w, https:\/\/phrase.com\/wp-content\/uploads\/2022\/08\/Actum_Digital_logo-300x46.png 300w\" sizes=\"auto, (max-width: 486px) 100vw, 486px\" \/><\/figure>\n\n\n\n<div style=\"height:20px\" aria-hidden=\"true\" class=\"wp-block-spacer\"><\/div>\n\n\n\n<h3 class=\"wp-block-heading has-text-align-center has-medium-font-size\" id=\"h-full-digital-control-guided-by-an-expert-hand\" style=\"margin-bottom:var(--wp--preset--spacing--8);font-style:normal;font-weight:400\"><strong>Control digital completo guiado por una persona experta<\/strong><\/h3>\n\n\n\n<p class=\"has-text-align-center\"><a href=\"https:\/\/www.acclaro.com\/?utm_campaign=Partner%20Marketing&amp;utm_source=Phrase%20partner%20listing&amp;utm_medium=Main%20link&amp;utm_term=Acclaro\" target=\"_blank\" rel=\"noreferrer noopener\"><\/a><a href=\"https:\/\/www.actumdigital.com\/\" target=\"_blank\" rel=\"noreferrer noopener\">www.actumdigital.com<\/a><\/p>\n\n\n\n<div style=\"height:60px\" aria-hidden=\"true\" class=\"wp-block-spacer\"><\/div>\n\n\n\n<p class=\"has-text-align-center\" style=\"margin-top:0;margin-bottom:var(--wp--preset--spacing--40)\"><strong><br><\/strong>ACTUM Digital es una agencia digital l\u00edder con sede en la Rep\u00fablica Checa y oficinas en los Pa\u00edses Bajos y Alemania. Nuestra misi\u00f3n es ayudar a las empresas a obtener una ventaja competitiva al ofrecer servicios integrales para gestionar experiencias, comercio, procesos de negocio, contenido y datos a gran escala. Con 26 a\u00f1os de experiencia en la industria y un equipo de 300 expertos, contamos con un historial comprobado de ofrecer soluciones de alta calidad para l\u00edderes del mercado global en Europa Occidental, el Reino Unido y los Estados Unidos.<br><br>Nuestros clientes incluyen empresas como Christie\u2019s, Conrad Electronic, Schott, Uponor, Allianz Global Investors y Societe Generale. Adem\u00e1s de nuestra asociaci\u00f3n con Phrase, tambi\u00e9n trabajamos con proveedores de tecnolog\u00eda l\u00edderes como Microsoft, SAP, Salesforce, Sitecore, Kentico, Kontent.ai, BigCommerce, Inriver y Bloomreach para ofrecer las mejores soluciones a nuestros clientes. En ACTUM Digital, damos una gran importancia a la calidad y la seguridad. Tenemos los certificados ISO 9001, ISO 20000 e ISO 27001, prueba de que nuestros servicios cumplen con los m\u00e1s altos est\u00e1ndares. Tambi\u00e9n tenemos el certificado TISAX, por lo que contamos con la habilidad de gestionar informaci\u00f3n sensible para nuestros clientes en la industria automotriz.<\/p>\n\n\n\n<p class=\"has-text-align-center\"><strong>Ubicaciones<\/strong><\/p>\n\n\n\n<p class=\"has-text-align-center\">Pa\u00edses Bajos, Alemania y Rep\u00fablica Checa.<\/p>\n\n\n\n<div style=\"height:19px\" aria-hidden=\"true\" class=\"wp-block-spacer\"><\/div>\n\n\n\n<div class=\"wp-block-buttons is-content-justification-center is-layout-flex wp-container-core-buttons-is-layout-a89b3969 wp-block-buttons-is-layout-flex\">\n<div class=\"wp-block-button\"><a class=\"wp-block-button__link wp-element-button\" href=\"https:\/\/phrase.com\/es\/demo\/\" target=\"_blank\" rel=\"noreferrer noopener\">Ponte en contacto con nosotros<\/a><\/div>\n\n\n\n<div class=\"wp-block-button is-style-black-outline\"><a class=\"wp-block-button__link has-text-align-center wp-element-button\" href=\"https:\/\/www.actumdigital.com\/\" target=\"_blank\" rel=\"noreferrer noopener\">Visita el sitio web<\/a><\/div>\n<\/div>\n<\/div>\n<\/div>\n\n\n\n<div class=\"wp-block-columns alignwide are-vertically-aligned-center is-style-default is-layout-flex wp-container-core-columns-is-layout-28f84493 wp-block-columns-is-layout-flex\">\n<div class=\"wp-block-column is-vertically-aligned-center is-layout-flow wp-container-core-column-is-layout-6220b9e6 wp-block-column-is-layout-flow\" style=\"flex-basis:100%\">\n<h2 class=\"wp-block-heading has-text-align-center has-extra-large-font-size\" id=\"h-services-offered\"><strong>Servicios ofrecidos<\/strong><\/h2>\n\n\n\n<div style=\"height:10px\" aria-hidden=\"true\" class=\"wp-block-spacer\"><\/div>\n\n\n\n<div class=\"wp-block-group is-content-justification-center is-nowrap is-layout-flex wp-container-core-group-is-layout-f52be266 wp-block-group-is-layout-flex\">\n<div class=\"wp-block-group is-vertical is-layout-flex wp-container-core-group-is-layout-9f8eab21 wp-block-group-is-layout-flex\">\n<ul class=\"wp-block-list\">\n<li>Soluciones integrales de marketing y comercio electr\u00f3nico<br><\/li>\n\n\n\n<li>Operaciones de contenido<\/li>\n<\/ul>\n<\/div>\n\n\n\n<div class=\"wp-block-group is-vertical is-layout-flex wp-container-core-group-is-layout-9f8eab21 wp-block-group-is-layout-flex\">\n<ul class=\"wp-block-list\">\n<li>Automatizaci\u00f3n de los procesos de empresa<br><\/li>\n\n\n\n<li>CRM, ERP, PIM<\/li>\n<\/ul>\n<\/div>\n\n\n\n<div class=\"wp-block-group is-vertical is-layout-flex wp-container-core-group-is-layout-7a7a8c96 wp-block-group-is-layout-flex\">\n<ul class=\"wp-block-list\">\n<li>Integraci\u00f3n de sistemas<br><\/li>\n\n\n\n<li>Gesti\u00f3n de la cadena de suministro<\/li>\n<\/ul>\n<\/div>\n<\/div>\n<\/div>\n<\/div>\n\n\n\n<div class=\"wp-block-columns alignwide are-vertically-aligned-center is-style-default is-layout-flex wp-container-core-columns-is-layout-28f84493 wp-block-columns-is-layout-flex\">\n<div class=\"wp-block-column is-vertically-aligned-center is-layout-flow wp-container-core-column-is-layout-6220b9e6 wp-block-column-is-layout-flow\" style=\"flex-basis:100%\">\n<h2 class=\"wp-block-heading has-text-align-center has-extra-large-font-size\" id=\"h-credentials\"><strong>Credenciales<\/strong><\/h2>\n\n\n\n<div style=\"height:10px\" aria-hidden=\"true\" class=\"wp-block-spacer\"><\/div>\n\n\n\n<div class=\"wp-block-group is-content-justification-center is-nowrap is-layout-flex wp-container-core-group-is-layout-f52be266 wp-block-group-is-layout-flex\">\n<div class=\"wp-block-group is-vertical is-layout-flex wp-container-core-group-is-layout-9f8eab21 wp-block-group-is-layout-flex\">\n<ul class=\"wp-block-list\">\n<li>Kentico<br><\/li>\n\n\n\n<li>Kontent.ai<\/li>\n<\/ul>\n<\/div>\n\n\n\n<div class=\"wp-block-group is-vertical is-layout-flex wp-container-core-group-is-layout-9f8eab21 wp-block-group-is-layout-flex\">\n<ul class=\"wp-block-list\">\n<li>Sitecore<br><\/li>\n\n\n\n<li>Microsoft<\/li>\n<\/ul>\n<\/div>\n\n\n\n<div class=\"wp-block-group is-vertical is-layout-flex wp-container-core-group-is-layout-7a7a8c96 wp-block-group-is-layout-flex\">\n<ul class=\"wp-block-list\">\n<li>Google<br><\/li>\n\n\n\n<li>AWS<br><\/li>\n<\/ul>\n<\/div>\n\n\n\n<div class=\"wp-block-group is-vertical is-layout-flex wp-container-core-group-is-layout-7a7a8c96 wp-block-group-is-layout-flex\">\n<ul class=\"wp-block-list\">\n<li>Salesforce<\/li>\n<\/ul>\n<\/div>\n<\/div>\n<\/div>\n<\/div>\n\n\n\n<div class=\"wp-block-group alignwide has-yellow-background-color has-background has-global-padding is-layout-constrained wp-block-group-is-layout-constrained\" style=\"margin-top:var(--wp--preset--spacing--56)\">\n<div class=\"wp-block-group is-vertical is-content-justification-center is-layout-flex wp-container-core-group-is-layout-ce155fab wp-block-group-is-layout-flex\">\n<h2 class=\"wp-block-heading has-text-align-center\" id=\"h-discover-more-partners\">Encuentra m\u00e1s socios<\/h2>\n\n\n\n<p class=\"has-text-align-center\">Colaboramos con empresas tecnol\u00f3gicas l\u00edderes para asegurarnos de que tu equipo saque<br>el m\u00e1ximo partido a Phrase cada d\u00eda.<\/p>\n<\/div>\n\n\n\n<div class=\"wp-block-buttons is-content-justification-center is-layout-flex wp-container-core-buttons-is-layout-a89b3969 wp-block-buttons-is-layout-flex\">\n<div class=\"wp-block-button\"><a class=\"wp-block-button__link wp-element-button\" href=\"https:\/\/phrase.com\/es\/partners\/\" target=\"_blank\" rel=\"noreferrer noopener\">Programa de Phrase para socios<\/a><\/div>\n\n\n\n<div class=\"wp-block-button is-style-black-outline\"><a class=\"wp-block-button__link wp-element-button\" href=\"https:\/\/phrase.com\/es\/partners-inquiries\/\" target=\"_blank\" rel=\"noreferrer noopener\">Programa de referencia de socios<\/a><\/div>\n<\/div>\n<\/div>\n\n","protected":false},"excerpt":{"rendered":"<p>SOCIO DE PHRASE Control digital completo guiado por una persona experta www.actumdigital.com ACTUM Digital es una agencia digital l\u00edder con sede en la Rep\u00fablica Checa y oficinas en los Pa\u00edses Bajos y Alemania. Nuestra misi\u00f3n es ayudar a las empresas a obtener una ventaja competitiva al ofrecer servicios integrales para gestionar experiencias, comercio, procesos de [&hellip;]<\/p>\n","protected":false},"author":4,"featured_media":0,"parent":57530,"menu_order":1,"comment_status":"closed","ping_status":"closed","template":"page-refresh","meta":{"_acf_changed":false,"_stopmodifiedupdate":false,"_modified_date":"","_searchwp_excluded":"","episode_type":"","audio_file":"","podmotor_file_id":"","podmotor_episode_id":"","cover_image":"","cover_image_id":"","duration":"","filesize":"","filesize_raw":"","date_recorded":"","explicit":"","block":"","itunes_episode_number":"","itunes_title":"","itunes_season_number":"","itunes_episode_type":"","footnotes":""},"class_list":["post-103893","page","type-page","status-publish","hentry"],"acf":[],"_links":{"self":[{"href":"https:\/\/phrase.com\/es\/wp-json\/wp\/v2\/pages\/103893","targetHints":{"allow":["GET"]}}],"collection":[{"href":"https:\/\/phrase.com\/es\/wp-json\/wp\/v2\/pages"}],"about":[{"href":"https:\/\/phrase.com\/es\/wp-json\/wp\/v2\/types\/page"}],"author":[{"embeddable":true,"href":"https:\/\/phrase.com\/es\/wp-json\/wp\/v2\/users\/4"}],"replies":[{"embeddable":true,"href":"https:\/\/phrase.com\/es\/wp-json\/wp\/v2\/comments?post=103893"}],"version-history":[{"count":7,"href":"https:\/\/phrase.com\/es\/wp-json\/wp\/v2\/pages\/103893\/revisions"}],"predecessor-version":[{"id":127823,"href":"https:\/\/phrase.com\/es\/wp-json\/wp\/v2\/pages\/103893\/revisions\/127823"}],"up":[{"embeddable":true,"href":"https:\/\/phrase.com\/es\/wp-json\/wp\/v2\/pages\/57530"}],"wp:attachment":[{"href":"https:\/\/phrase.com\/es\/wp-json\/wp\/v2\/media?parent=103893"}],"curies":[{"name":"wp","href":"https:\/\/api.w.org\/{rel}","templated":true}]}}