{"id":106521,"date":"2024-10-04T14:24:17","date_gmt":"2024-10-04T12:24:17","guid":{"rendered":"https:\/\/phrase.com\/conviertete-en-socio\/"},"modified":"2026-02-23T11:17:31","modified_gmt":"2026-02-23T10:17:31","slug":"become-a-partner","status":"publish","type":"page","link":"https:\/\/phrase.com\/es\/partners\/become-a-partner\/","title":{"rendered":"Convi\u00e9rtete en socio"},"content":{"rendered":"\n<div class=\"wp-block-group alignwide is-style-header-hero has-black-color has-white-color has-light-grey-background-color has-text-color has-background has-link-color has-background-images wp-elements-b8a616c02d83828ebc23f5da23dc5ea7 is-layout-flow wp-block-group-is-layout-flow\" style=\"padding-bottom:0;background-image:url(https:\/\/phrase.com\/wp-content\/uploads\/2025\/05\/phrase-partners-main.jpg.webp);background-position:0% 0%;background-attachment:scroll;background-repeat:no-repeat;background-size:cover\"><div class=\"yoast-breadcrumbs\"><span><span><a href=\"https:\/\/phrase.com\/es\/\">Home<\/a><\/span> | <span><a href=\"https:\/\/phrase.com\/es\/partners\/\">Programa de Phrase para socios<\/a><\/span> | <span class=\"breadcrumb_last\" aria-current=\"page\">Convi\u00e9rtete en socio<\/span><\/span><\/div>\n\n\n<div class=\"wp-block-columns is-layout-flex wp-container-core-columns-is-layout-28f84493 wp-block-columns-is-layout-flex\">\n<div class=\"wp-block-column is-layout-flow wp-block-column-is-layout-flow\">\n<h1 class=\"wp-block-heading has-white-color has-text-color has-link-color wp-elements-b7e6664ac59b277b5bb93bb5d1039afe\" id=\"h-conviertete-en-socio\">Convi\u00e9rtete en socio<\/h1>\n\n\n\n<p class=\"has-white-color has-text-color has-link-color wp-elements-a944c5507884dafca6d2705aeacfc5e1\"><br>Nos asociamos con empresas de tecnolog\u00eda l\u00edderes, proveedores de servicios, <br>integradores de sistemas y consultores para proporcionar soluciones personalizadas y <br>colaborativas para clientes conjuntos.<\/p>\n\n\n\n<p><br><\/p>\n<\/div>\n<\/div>\n<\/div>\n\n\n\n<div class=\"wp-block-group has-global-padding is-layout-constrained wp-block-group-is-layout-constrained\" style=\"margin-top:var(--wp--preset--spacing--70);margin-bottom:var(--wp--preset--spacing--70)\">\n<h2 class=\"wp-block-heading has-text-align-center\" id=\"h-aprovecha-la-colaboracion\">Aprovecha la colaboraci\u00f3n<\/h2>\n\n\n\n<p class=\"has-text-align-center\">Con Phrase, puedes llegar a nuevos mercados con confianza gracias a un proceso de localizaci\u00f3n agilizado.<br>Nuestra poderosa plataforma garantiza traducciones consistentes y de alta calidad, escalando sin esfuerzo para satisfacer tus crecientes necesidades.<\/p>\n<\/div>\n\n\n\n<div class=\"wp-block-group alignfull has-background-images has-global-padding is-layout-constrained wp-block-group-is-layout-constrained\" style=\"background-image:url(https:\/\/phrase.com\/wp-content\/uploads\/2024\/03\/svgexport-1-16.svg),url(https:\/\/phrase.com\/wp-content\/uploads\/2024\/03\/svgexport-1-10.svg),url(https:\/\/phrase.com\/wp-content\/uploads\/2024\/03\/svgexport-1-17.svg);background-position:100% 0%,0% 70%,100% 100%;background-attachment:scroll,scroll,scroll;background-repeat:no-repeat,no-repeat,no-repeat;background-size:auto,auto,auto\">\n<div class=\"wp-block-group alignwide is-style-feature-grid is-layout-grid wp-container-core-group-is-layout-7f02655c wp-block-group-is-layout-grid\">\n<div class=\"wp-block-group is-vertical is-layout-flex wp-container-core-group-is-layout-fe9cc265 wp-block-group-is-layout-flex\">\n<figure class=\"wp-block-image size-full is-resized is-style-not-rounded\"><img loading=\"lazy\" decoding=\"async\" width=\"72\" height=\"72\" src=\"https:\/\/phrase.com\/wp-content\/uploads\/2025\/07\/marketing-icon.png\" alt=\"\" class=\"wp-image-111267\" style=\"width:80px\"\/><\/figure>\n\n\n\n<h3 class=\"wp-block-heading has-large-font-size\" id=\"h-ventas-y-material-de-marketing\">Ventas y material de marketing<\/h3>\n\n\n\n<p>Nos aseguramos de que nuestro mensaje y nuestra propuesta de valor, que permite una introducci\u00f3n sencilla a las tecnolog\u00edas de Phrase, lleguen al p\u00fablico deseado.<\/p>\n<\/div>\n\n\n\n<div class=\"wp-block-group is-vertical is-layout-flex wp-container-core-group-is-layout-fe9cc265 wp-block-group-is-layout-flex\">\n<figure class=\"wp-block-image size-full is-resized is-style-not-rounded\"><img loading=\"lazy\" decoding=\"async\" width=\"72\" height=\"72\" src=\"https:\/\/phrase.com\/wp-content\/uploads\/2025\/07\/search.png\" alt=\"\" class=\"wp-image-111022\" style=\"width:80px\"\/><\/figure>\n\n\n\n<h3 class=\"wp-block-heading has-large-font-size\" id=\"h-presencia-web\">Presencia web<\/h3>\n\n\n\n<p>Los clientes de Phrase tienen visibilidad total de nuestra red de socios aprobados a trav\u00e9s de nuestro sitio web.<\/p>\n<\/div>\n\n\n\n<div class=\"wp-block-group is-vertical is-layout-flex wp-container-core-group-is-layout-fe9cc265 wp-block-group-is-layout-flex\">\n<figure class=\"wp-block-image size-full is-resized\"><img loading=\"lazy\" decoding=\"async\" width=\"73\" height=\"73\" src=\"https:\/\/phrase.com\/wp-content\/uploads\/2025\/07\/media.png\" alt=\"\" class=\"wp-image-111054\" style=\"width:80px\"\/><\/figure>\n\n\n\n<h3 class=\"wp-block-heading has-large-font-size\" id=\"h-eventos-y-seminarios-web-conjuntos\">Eventos y seminarios web conjuntos<\/h3>\n\n\n\n<p>Planifica seminarios web conjuntos, encuentros o colaboraciones en eventos de la industria, as\u00ed como intercambios de conocimientos.<\/p>\n<\/div>\n\n\n\n<div class=\"wp-block-group is-vertical is-layout-flex wp-container-core-group-is-layout-fe9cc265 wp-block-group-is-layout-flex\">\n<figure class=\"wp-block-image size-large is-resized is-style-not-rounded\"><img loading=\"lazy\" decoding=\"async\" width=\"72\" height=\"72\" src=\"https:\/\/phrase.com\/wp-content\/uploads\/2025\/07\/favorites.svg\" alt=\"\" class=\"wp-image-110326\" style=\"width:80px\"\/><\/figure>\n\n\n\n<h3 class=\"wp-block-heading has-large-font-size\" id=\"h-plan-de-exito-para-socios\">Plan de \u00e9xito para socios<\/h3>\n\n\n\n<p>Los socios tienen acceso a un responsable de cuentas asignado que les ayuda a avanzar y a sacar partido de la asociaci\u00f3n desde el primer d\u00eda.<\/p>\n<\/div>\n\n\n\n<div class=\"wp-block-group is-vertical is-layout-flex wp-container-core-group-is-layout-fe9cc265 wp-block-group-is-layout-flex\">\n<figure class=\"wp-block-image size-large is-resized is-style-not-rounded\"><img loading=\"lazy\" decoding=\"async\" width=\"72\" height=\"72\" src=\"https:\/\/phrase.com\/wp-content\/uploads\/2025\/07\/puzzle-piece.svg\" alt=\"\" class=\"wp-image-110301\" style=\"width:80px\"\/><\/figure>\n\n\n\n<h3 class=\"wp-block-heading has-large-font-size\" id=\"h-asignacion-de-cuentas\">Asignaci\u00f3n de cuentas<\/h3>\n\n\n\n<p>Habilitamos la asignaci\u00f3n para comprender los valores existentes mediante la superposici\u00f3n de cuentas y nuevas oportunidades de negocio compartidas.<\/p>\n<\/div>\n\n\n\n<div class=\"wp-block-group is-vertical is-layout-flex wp-container-core-group-is-layout-fe9cc265 wp-block-group-is-layout-flex\">\n<figure class=\"wp-block-image size-full is-resized is-style-not-rounded\"><img loading=\"lazy\" decoding=\"async\" width=\"72\" height=\"72\" src=\"https:\/\/phrase.com\/wp-content\/uploads\/2025\/07\/arrow-synch.svg\" alt=\"\" class=\"wp-image-110314\" style=\"width:80px\"\/><\/figure>\n\n\n\n<h3 class=\"wp-block-heading has-large-font-size\" id=\"h-cadencia-regular\">Cadencia regular<\/h3>\n\n\n\n<p>Estamos comprometidos a garantizar que los objetivos de nuestra asociaci\u00f3n se cumplan de forma consistente; por ello, nos gusta reunirnos regularmente en una cadencia acordada por ambas partes.<\/p>\n<\/div>\n\n\n\n<div class=\"wp-block-group is-vertical is-layout-flex wp-container-core-group-is-layout-fe9cc265 wp-block-group-is-layout-flex\">\n<figure class=\"wp-block-image size-full is-resized is-style-not-rounded\"><img loading=\"lazy\" decoding=\"async\" width=\"72\" height=\"72\" src=\"https:\/\/phrase.com\/wp-content\/uploads\/2025\/07\/partner.png\" alt=\"\" class=\"wp-image-111048\" style=\"width:80px\"\/><\/figure>\n\n\n\n<h3 class=\"wp-block-heading has-large-font-size\" id=\"h-opiniones-de-los-clientes\">Opiniones de los clientes<\/h3>\n\n\n\n<p>Incorporar un ciclo de retroalimentaci\u00f3n compartido con el cliente puede ayudar a mejorar la gesti\u00f3n de las escaladas de soporte y aumentar la satisfacci\u00f3n, el compromiso y la retenci\u00f3n de los clientes.<\/p>\n<\/div>\n\n\n\n<div class=\"wp-block-group is-vertical is-layout-flex wp-container-core-group-is-layout-fe9cc265 wp-block-group-is-layout-flex\">\n<figure class=\"wp-block-image size-full is-resized is-style-not-rounded\"><img loading=\"lazy\" decoding=\"async\" width=\"49\" height=\"48\" src=\"https:\/\/phrase.com\/wp-content\/uploads\/2025\/07\/table.svg\" alt=\"\" class=\"wp-image-110477\" style=\"width:80px\"\/><\/figure>\n\n\n\n<h3 class=\"wp-block-heading has-large-font-size\" id=\"h-informes-estadisticos\">Informes estad\u00edsticos<\/h3>\n\n\n\n<p>Accede a informes detallados sobre las tasas de \u00e9xito, los impactos del ciclo de vida de los acuerdos y mucho m\u00e1s.<\/p>\n<\/div>\n\n\n\n<div class=\"wp-block-group is-vertical is-layout-flex wp-container-core-group-is-layout-fe9cc265 wp-block-group-is-layout-flex\">\n<figure class=\"wp-block-image size-full is-resized is-style-not-rounded\"><img loading=\"lazy\" decoding=\"async\" width=\"72\" height=\"72\" src=\"https:\/\/phrase.com\/wp-content\/uploads\/2025\/07\/technical.png\" alt=\"\" class=\"wp-image-111042\" style=\"width:80px\"\/><\/figure>\n\n\n\n<h3 class=\"wp-block-heading has-large-font-size\" id=\"h-soporte-de-api-y-documentacion-tecnica\">Soporte de API y documentaci\u00f3n t\u00e9cnica<\/h3>\n\n\n\n<p>Aprovecha nuestra poderosa API abierta con el soporte t\u00e9cnico que necesitas para una expansi\u00f3n de \u00e9xito.<\/p>\n<\/div>\n<\/div>\n\n\n\n<div class=\"wp-block-buttons is-content-justification-center is-layout-flex wp-container-core-buttons-is-layout-31558199 wp-block-buttons-is-layout-flex\" style=\"margin-top:var(--wp--preset--spacing--70);margin-bottom:var(--wp--preset--spacing--70)\">\n<div class=\"wp-block-button is-style-grey-filled\"><a class=\"wp-block-button__link wp-element-button\" href=\"https:\/\/phrase.com\/es\/partners-inquiries\/\">Convi\u00e9rtete en socio<\/a><\/div>\n<\/div>\n<\/div>\n\n\n\n<div class=\"wp-block-group alignwide has-phrase-green-background-color has-background has-background-images has-global-padding is-content-justification-left is-layout-constrained wp-container-core-group-is-layout-12dd3699 wp-block-group-is-layout-constrained\" style=\"background-image:url(https:\/\/phrase.com\/wp-content\/uploads\/2024\/02\/b73d2cc70754ac3f815cbb0c99a61057-1.jpeg.webp);background-position:0% 0%;background-attachment:scroll;background-repeat:no-repeat;background-size:cover\"><div class=\"glide wp-block-phrase-com-testimonials\"><div class=\"glide__track\" data-glide-el=\"track\"><div class=\"glide__slides\">\t<div class=\"wp-block-phrase-com-testimonial glide__slide\">\n\t\t<div class=\"wp-block-phrase-com-testimonial__text \">\n\t\t\tNos complace asociarnos con Phrase. Gracias a los recientes avances en tecnolog\u00eda e IA y al aumento en la creaci\u00f3n de contenido, hay un creciente \u00e9nfasis en la importancia de la localizaci\u00f3n. Asociarse con Phrase ayudar\u00e1 a combinar lo \u00faltimo en tecnolog\u00eda de localizaci\u00f3n con nuestra amplia experiencia en soluciones de idiomas y contenido global.\t\t<\/div>\n\t\t<div class=\"wp-block-phrase-com-testimonial__author\">\n\t\t\t\n\t\t\t<div class=\"wp-block-phrase-com-testimonial__author-info\">\n\t\t\t\t<img loading=\"lazy\" decoding=\"async\" width=\"300\" height=\"190\" src=\"https:\/\/phrase.com\/wp-content\/uploads\/2023\/11\/Vistatec_40.png\" class=\"wp-block-phrase-com-testimonial__author-company-logo\" alt=\"Logo of Vistatec &#8211; socio\" srcset=\"https:\/\/phrase.com\/wp-content\/uploads\/2023\/11\/Vistatec_40.png 400w, https:\/\/phrase.com\/wp-content\/uploads\/2023\/11\/Vistatec_40-300x190.png 300w\" sizes=\"auto, (max-width: 300px) 100vw, 300px\" \/>\n\t\t\t\t<p class=\"wp-block-phrase-com-testimonial__author-name\">\n\t\t\t\t\tPhil Ritchie\t\t\t\t<\/p>\n\n\t\t\t\t<p class=\"wp-block-phrase-com-testimonial__author-title\">\n\t\t\t\t\tDirector de tecnolog\u00eda\t\t\t\t<\/p>\n\t\t\t<\/div>\n\t\t<\/div>\n\t<\/div>\n\t\t<div class=\"wp-block-phrase-com-testimonial glide__slide\">\n\t\t<div class=\"wp-block-phrase-com-testimonial__text \">\n\t\t\t<p>Phrase es el TMS mejor valorado por ling\u00fcistas y equipos de localizaci\u00f3n de todo el mundo; para nosotros es un aut\u00e9ntico placer seguir estrechando lazos con Phrase. Nos enorgullece nuestra estrecha relaci\u00f3n profesional y nuestra visi\u00f3n af\u00edn de los productos en el mercado de la localizaci\u00f3n y seguimos entusiasmados por el futuro de nuestra colaboraci\u00f3n.<\/p>\n\t\t<\/div>\n\t\t<div class=\"wp-block-phrase-com-testimonial__author\">\n\t\t\t\n\t\t\t<div class=\"wp-block-phrase-com-testimonial__author-info\">\n\t\t\t\t<img loading=\"lazy\" decoding=\"async\" width=\"290\" height=\"139\" src=\"https:\/\/phrase.com\/wp-content\/uploads\/2022\/08\/CaptionHub_Testimonial_Logo.png\" class=\"wp-block-phrase-com-testimonial__author-company-logo\" alt=\"Logo of CaptionHub\" \/>\n\t\t\t\t<p class=\"wp-block-phrase-com-testimonial__author-name\">\n\t\t\t\t\tTom Bridges\t\t\t\t<\/p>\n\n\t\t\t\t<p class=\"wp-block-phrase-com-testimonial__author-title\">\n\t\t\t\t\tCEO\t\t\t\t<\/p>\n\t\t\t<\/div>\n\t\t<\/div>\n\t<\/div>\n\t\t<div class=\"wp-block-phrase-com-testimonial glide__slide\">\n\t\t<div class=\"wp-block-phrase-com-testimonial__text \">\n\t\t\tLos compradores de traducci\u00f3n m\u00e1s expertos e importantes necesitan algo m\u00e1s que simples traducciones; piden soluciones innovadoras y eficientes. Tales soluciones pueden tomar la forma de plugins o conectores para tus diversos sistemas de gesti\u00f3n de contenido. Aqu\u00ed es donde Phrase nos ha ayudado a ganar nuevos clientes y a retener a los existentes. Gracias a la API de Phrase, hemos desarrollado integraciones potentes y atractivas para ayudar a nuestros clientes a mejorar y automatizar sus flujos de trabajo.\t\t<\/div>\n\t\t<div class=\"wp-block-phrase-com-testimonial__author\">\n\t\t\t\n\t\t\t<div class=\"wp-block-phrase-com-testimonial__author-info\">\n\t\t\t\t<img loading=\"lazy\" decoding=\"async\" width=\"277\" height=\"131\" src=\"https:\/\/phrase.com\/wp-content\/uploads\/2022\/08\/Acolad_Testimonial_Logo.png\" class=\"wp-block-phrase-com-testimonial__author-company-logo\" alt=\"Logo of Acolad\" \/>\n\t\t\t\t<p class=\"wp-block-phrase-com-testimonial__author-name\">\n\t\t\t\t\tFr\u00e9d\u00e9ric Queudret\t\t\t\t<\/p>\n\n\t\t\t\t<p class=\"wp-block-phrase-com-testimonial__author-title\">\n\t\t\t\t\tDirector de IA y tecnolog\u00eda\t\t\t\t<\/p>\n\t\t\t<\/div>\n\t\t<\/div>\n\t<\/div>\n\t<\/div><\/div>\t<div class=\"wp-block-phrase-com-testimonials__carousel-controls\">\n\t\t<div class=\"wp-block-phrase-com-testimonials__carousel-progress-bar\"><\/div>\n\t\t<div class=\"glide__arrows wp-block-phrase-com-testimonials__carousel-arrows\" data-glide-el=\"controls\">\n\t\t\t<button type=\"button\" class=\"glide__arrow wp-block-phrase-com-testimonials__carousel-arrow\" data-glide-dir=\"<\">\n\t\t\t\t<svg aria-hidden=\"true\" xmlns=\"http:\/\/www.w3.org\/2000\/svg\" width=\"22\" height=\"22\" fill=\"none\" viewBox=\"0 0 22 22\"><path fill=\"currentColor\" d=\"m10.191 11 3.01 3.036-.917.924L8.36 11l3.925-3.96.915.924L10.192 11Z\"\/><\/svg>\n\t\t\t\t<span class=\"screen-reader-text\">Previous<\/span>\n\t\t\t<\/button>\n\t\t\t<button type=\"button\" class=\"glide__arrow wp-block-phrase-com-testimonials__carousel-arrow\" data-glide-dir=\"&gt;\">\n\t\t\t\t<svg xmlns=\"http:\/\/www.w3.org\/2000\/svg\" width=\"22\" height=\"22\" fill=\"none\" viewBox=\"0 0 22 22\"><path fill=\"currentColor\" d=\"m11.809 11-3.01-3.036.916-.924L13.64 11l-3.925 3.96-.915-.924L11.808 11Z\"\/><\/svg>\n\t\t\t\t<span class=\"screen-reader-text\">Next<\/span>\n\t\t\t<\/button>\n\t\t<\/div>\n\t<\/div>\n\n\t<div class=\"glide__bullets wp-block-phrase-com-testimonials__company-logos\" data-glide-el=\"controls[nav]\">\n\t\t\t\t\t\t\t\t\t<button type=\"button\" class=\"glide__bullet wp-block-phrase-com-testimonials__company-logo\" data-glide-dir=\"=0\">\n\t\t\t\t\t<img loading=\"lazy\" decoding=\"async\" width=\"300\" height=\"190\" src=\"https:\/\/phrase.com\/wp-content\/uploads\/2023\/11\/Vistatec_40.png\" class=\"attachment-300x300 size-300x300\" alt=\"\" srcset=\"https:\/\/phrase.com\/wp-content\/uploads\/2023\/11\/Vistatec_40.png 400w, https:\/\/phrase.com\/wp-content\/uploads\/2023\/11\/Vistatec_40-300x190.png 300w\" sizes=\"auto, (max-width: 300px) 100vw, 300px\" \/>\t\t\t\t<\/button>\n\t\t\t\t\t\t\t\t\t\t\t\t<button type=\"button\" class=\"glide__bullet wp-block-phrase-com-testimonials__company-logo\" data-glide-dir=\"=1\">\n\t\t\t\t\t<img loading=\"lazy\" decoding=\"async\" width=\"290\" height=\"139\" src=\"https:\/\/phrase.com\/wp-content\/uploads\/2022\/08\/CaptionHub_Testimonial_Logo.png\" class=\"attachment-300x300 size-300x300\" alt=\"\" \/>\t\t\t\t<\/button>\n\t\t\t\t\t\t\t\t\t\t\t\t<button type=\"button\" class=\"glide__bullet wp-block-phrase-com-testimonials__company-logo\" data-glide-dir=\"=2\">\n\t\t\t\t\t<img loading=\"lazy\" decoding=\"async\" width=\"277\" height=\"131\" src=\"https:\/\/phrase.com\/wp-content\/uploads\/2022\/08\/Acolad_Testimonial_Logo.png\" class=\"attachment-300x300 size-300x300\" alt=\"\" \/>\t\t\t\t<\/button>\n\t\t\t\t\t\t<\/div>\n\t<\/div><\/div>\n","protected":false},"excerpt":{"rendered":"<p>Convi\u00e9rtete en socio Nos asociamos con empresas de tecnolog\u00eda l\u00edderes, proveedores de servicios, integradores de sistemas y consultores para proporcionar soluciones personalizadas y colaborativas para clientes conjuntos. Aprovecha la colaboraci\u00f3n Con Phrase, puedes llegar a nuevos mercados con confianza gracias a un proceso de localizaci\u00f3n agilizado.Nuestra poderosa plataforma garantiza traducciones consistentes y de alta calidad, [&hellip;]<\/p>\n","protected":false},"author":4,"featured_media":0,"parent":57530,"menu_order":0,"comment_status":"closed","ping_status":"closed","template":"page-refresh","meta":{"_acf_changed":false,"_stopmodifiedupdate":false,"_modified_date":"","_searchwp_excluded":"","episode_type":"","audio_file":"","podmotor_file_id":"","podmotor_episode_id":"","cover_image":"","cover_image_id":"","duration":"","filesize":"","filesize_raw":"","date_recorded":"","explicit":"","block":"","itunes_episode_number":"","itunes_title":"","itunes_season_number":"","itunes_episode_type":"","footnotes":""},"class_list":["post-106521","page","type-page","status-publish","hentry"],"acf":[],"_links":{"self":[{"href":"https:\/\/phrase.com\/es\/wp-json\/wp\/v2\/pages\/106521","targetHints":{"allow":["GET"]}}],"collection":[{"href":"https:\/\/phrase.com\/es\/wp-json\/wp\/v2\/pages"}],"about":[{"href":"https:\/\/phrase.com\/es\/wp-json\/wp\/v2\/types\/page"}],"author":[{"embeddable":true,"href":"https:\/\/phrase.com\/es\/wp-json\/wp\/v2\/users\/4"}],"replies":[{"embeddable":true,"href":"https:\/\/phrase.com\/es\/wp-json\/wp\/v2\/comments?post=106521"}],"version-history":[{"count":7,"href":"https:\/\/phrase.com\/es\/wp-json\/wp\/v2\/pages\/106521\/revisions"}],"predecessor-version":[{"id":135857,"href":"https:\/\/phrase.com\/es\/wp-json\/wp\/v2\/pages\/106521\/revisions\/135857"}],"up":[{"embeddable":true,"href":"https:\/\/phrase.com\/es\/wp-json\/wp\/v2\/pages\/57530"}],"wp:attachment":[{"href":"https:\/\/phrase.com\/es\/wp-json\/wp\/v2\/media?parent=106521"}],"curies":[{"name":"wp","href":"https:\/\/api.w.org\/{rel}","templated":true}]}}