{"id":107184,"date":"2025-05-21T15:06:14","date_gmt":"2025-05-21T13:06:14","guid":{"rendered":"https:\/\/phrase.com\/2m-language-services\/"},"modified":"2025-10-06T10:01:31","modified_gmt":"2025-10-06T08:01:31","slug":"2m-language-services","status":"publish","type":"page","link":"https:\/\/phrase.com\/es\/partners\/2m-language-services\/","title":{"rendered":"2M Language Services"},"content":{"rendered":"\n<div class=\"wp-block-group alignfull is-style-copy has-transparent-background-color has-background has-global-padding is-content-justification-center is-layout-constrained wp-block-group-is-layout-constrained\" style=\"padding-top:var(--wp--preset--spacing--45);padding-bottom:var(--wp--preset--spacing--45)\">\n<div class=\"wp-block-group alignwide has-global-padding is-content-justification-center is-layout-constrained wp-container-core-group-is-layout-cefc1864 wp-block-group-is-layout-constrained\" style=\"padding-left:var(--wp--preset--spacing--56)\">\n<p class=\"has-text-align-center has-blue-color has-text-color has-link-color wp-elements-17287ce18ce2d9d19816c52e726b8ba7\">SOCIO DE PHRASE<\/p>\n\n\n\n<figure class=\"wp-block-image aligncenter size-full is-resized is-style-not-rounded\"><img loading=\"lazy\" decoding=\"async\" width=\"500\" height=\"150\" src=\"https:\/\/phrase.com\/wp-content\/uploads\/2025\/05\/2m-languages-services.webp\" alt=\"logo de 2M language services\" class=\"wp-image-106365\" style=\"width:327px;height:auto\" srcset=\"https:\/\/phrase.com\/wp-content\/uploads\/2025\/05\/2m-languages-services.webp 500w, https:\/\/phrase.com\/wp-content\/uploads\/2025\/05\/2m-languages-services-300x90.webp 300w\" sizes=\"auto, (max-width: 500px) 100vw, 500px\" \/><\/figure>\n\n\n\n<h3 class=\"wp-block-heading has-text-align-center has-medium-font-size\" id=\"h-think-global\" style=\"margin-bottom:var(--wp--preset--spacing--8);font-style:normal;font-weight:400\">Piensa de manera global<\/h3>\n\n\n\n<p class=\"has-text-align-center\"><a href=\"https:\/\/www.2m.com.au\/\" target=\"_blank\" rel=\"noreferrer noopener\">www.2m.com.au<\/a><\/p>\n\n\n\n<div style=\"height:60px\" aria-hidden=\"true\" class=\"wp-block-spacer\"><\/div>\n\n\n\n<p class=\"has-text-align-center\" style=\"margin-top:0;margin-bottom:var(--wp--preset--spacing--40)\">2M Language Services (2M) es el proveedor l\u00edder de tecnolog\u00eda de idiomas y servicios de idiomas en Australia con oficinas en Am\u00e9rica del Sur, Europa y Asia.\u00a0<\/p>\n\n\n\n<p class=\"has-text-align-center\">2M ofrece soluciones personalizadas de traducci\u00f3n, interpretaci\u00f3n y localizaci\u00f3n audiovisual impulsadas por IA y personas expertas en m\u00e1s de 250 idiomas.<br><br><strong>Trabajamos en numerosas industrias globales:\u00a0<\/strong><\/p>\n\n\n\n<p class=\"has-text-align-center\">Gobierno <br>Recursos y miner\u00eda <br>Defensa<br>Videojuegos<br>Salud y farmac\u00e9utica<br>ONG y ayuda humanitaria<\/p>\n\n\n\n<p class=\"has-text-align-center\">Nuestras soluciones de localizaci\u00f3n impulsadas por tecnolog\u00eda segura, que incluyen localizaci\u00f3n de sitios web y software, traducci\u00f3n de videos t\u00e9cnicos y de capacitaci\u00f3n\/aprendizaje digital, interpretaci\u00f3n en tiempo real y traducci\u00f3n audiovisual como subtitulado y doblaje ayudan a organizaciones del sector privado y p\u00fablico a expandir su cuota de mercado y alcanzar audiencias de manera efectiva en cualquier lugar y en cualquier idioma.<\/p>\n\n\n\n<p class=\"has-text-align-center\" style=\"margin-top:0;margin-bottom:var(--wp--preset--spacing--40)\">2M cuenta con los certificados ISO 27001, ISO 17100, ISO 9001 e ISO 18841.<\/p>\n\n\n\n<p class=\"has-text-align-center\"><strong>Ubicaciones<br><\/strong><br>Australia<br>Nueva Zelanda<br>Europa<br>EE.\u00a0UU.<br>Latinoam\u00e9rica<br>Filipinas<\/p>\n\n\n\n<div style=\"height:19px\" aria-hidden=\"true\" class=\"wp-block-spacer\"><\/div>\n\n\n\n<div class=\"wp-block-buttons is-content-justification-center is-layout-flex wp-container-core-buttons-is-layout-a89b3969 wp-block-buttons-is-layout-flex\">\n<div class=\"wp-block-button\"><a class=\"wp-block-button__link wp-element-button\" href=\"https:\/\/phrase.com\/es\/demo\/\" target=\"_blank\" rel=\"noreferrer noopener\">Ponte en contacto con nosotros<\/a><\/div>\n\n\n\n<div class=\"wp-block-button is-style-black-outline\"><a class=\"wp-block-button__link has-text-align-center wp-element-button\" href=\"https:\/\/www.2m.com.au\/\" target=\"_blank\" rel=\"noreferrer noopener\">Visita el sitio web<\/a><\/div>\n<\/div>\n<\/div>\n<\/div>\n\n\n\n<div class=\"wp-block-columns alignwide are-vertically-aligned-center is-style-default is-layout-flex wp-container-core-columns-is-layout-28f84493 wp-block-columns-is-layout-flex\">\n<div class=\"wp-block-column is-vertically-aligned-center is-layout-flow wp-container-core-column-is-layout-6220b9e6 wp-block-column-is-layout-flow\" style=\"flex-basis:100%\">\n<h2 class=\"wp-block-heading has-text-align-center has-extra-large-font-size\" id=\"h-services-offered\"><strong>Servicios ofrecidos<\/strong><\/h2>\n\n\n\n<div style=\"height:10px\" aria-hidden=\"true\" class=\"wp-block-spacer\"><\/div>\n\n\n\n<div class=\"wp-block-group is-content-justification-center is-nowrap is-layout-flex wp-container-core-group-is-layout-f52be266 wp-block-group-is-layout-flex\">\n<div class=\"wp-block-group is-vertical is-layout-flex wp-container-core-group-is-layout-9f8eab21 wp-block-group-is-layout-flex\">\n<ul class=\"wp-block-list\">\n<li>Servicios de localizaci\u00f3n<br><\/li>\n\n\n\n<li>Servicios de traducci\u00f3n<br><\/li>\n\n\n\n<li>Servicios de interpretaci\u00f3n<\/li>\n<\/ul>\n<\/div>\n\n\n\n<div class=\"wp-block-group is-vertical is-layout-flex wp-container-core-group-is-layout-9f8eab21 wp-block-group-is-layout-flex\">\n<ul class=\"wp-block-list\">\n<li>Localizaci\u00f3n audiovisual<br><\/li>\n\n\n\n<li>Servicios de transcreaci\u00f3n<br><\/li>\n\n\n\n<li>Memorias de traducci\u00f3n<br><\/li>\n<\/ul>\n<\/div>\n\n\n\n<div class=\"wp-block-group is-vertical is-layout-flex wp-container-core-group-is-layout-9f8eab21 wp-block-group-is-layout-flex\">\n<ul class=\"wp-block-list\">\n<li>Traducci\u00f3n por IA<br><\/li>\n\n\n\n<li>Doblaje por IA<br><\/li>\n\n\n\n<li>Gesti\u00f3n de contenido multiling\u00fce<\/li>\n<\/ul>\n<\/div>\n<\/div>\n<\/div>\n<\/div>\n\n\n\n<div class=\"wp-block-columns alignwide are-vertically-aligned-center is-style-default is-layout-flex wp-container-core-columns-is-layout-28f84493 wp-block-columns-is-layout-flex\">\n<div class=\"wp-block-column is-vertically-aligned-center is-layout-flow wp-container-core-column-is-layout-6220b9e6 wp-block-column-is-layout-flow\" style=\"flex-basis:100%\">\n<h2 class=\"wp-block-heading has-text-align-center has-extra-large-font-size\" id=\"h-credentials\"><strong><strong>Credenciales<\/strong><\/strong><\/h2>\n\n\n\n<div style=\"height:10px\" aria-hidden=\"true\" class=\"wp-block-spacer\"><\/div>\n\n\n\n<div class=\"wp-block-group is-content-justification-center is-nowrap is-layout-flex wp-container-core-group-is-layout-f52be266 wp-block-group-is-layout-flex\">\n<div class=\"wp-block-group is-vertical is-layout-flex wp-container-core-group-is-layout-9f8eab21 wp-block-group-is-layout-flex\">\n<ul class=\"wp-block-list\">\n<li>Certificado ISO 17100:2015 para servicios de traducci\u00f3n\u00a0<br><\/li>\n\n\n\n<li>Certificado ISO 18841:2018 para servicios de interpretaci\u00f3n\u00a0<br><\/li>\n<\/ul>\n<\/div>\n\n\n\n<div class=\"wp-block-group is-vertical is-layout-flex wp-container-core-group-is-layout-9f8eab21 wp-block-group-is-layout-flex\">\n<ul class=\"wp-block-list\">\n<li>Certificado ISO 9001:2015 para sistemas de gesti\u00f3n de calidad\u00a0<br><\/li>\n\n\n\n<li>Certificado ISO 27001:2013 para sistemas de gesti\u00f3n de seguridad de la informaci\u00f3n<br><\/li>\n<\/ul>\n<\/div>\n<\/div>\n<\/div>\n<\/div>\n\n\n\n<div class=\"wp-block-group alignwide has-yellow-background-color has-background has-global-padding is-layout-constrained wp-block-group-is-layout-constrained\" style=\"margin-top:var(--wp--preset--spacing--56)\">\n<div class=\"wp-block-group is-vertical is-content-justification-center is-layout-flex wp-container-core-group-is-layout-ce155fab wp-block-group-is-layout-flex\">\n<h2 class=\"wp-block-heading has-text-align-center\" id=\"h-discover-more-partners\">Encuentra m\u00e1s socios<\/h2>\n\n\n\n<p class=\"has-text-align-center\">Colaboramos con empresas tecnol\u00f3gicas l\u00edderes para asegurarnos de que tu equipo saque<br>el m\u00e1ximo partido a Phrase cada d\u00eda.<\/p>\n<\/div>\n\n\n\n<div class=\"wp-block-buttons is-content-justification-center is-layout-flex wp-container-core-buttons-is-layout-a89b3969 wp-block-buttons-is-layout-flex\">\n<div class=\"wp-block-button\"><a class=\"wp-block-button__link wp-element-button\" href=\"https:\/\/phrase.com\/es\/partners\/\" target=\"_blank\" rel=\"noreferrer noopener\">Programa de Phrase para socios<\/a><\/div>\n\n\n\n<div class=\"wp-block-button is-style-black-outline\"><a class=\"wp-block-button__link wp-element-button\" href=\"https:\/\/phrase.com\/es\/partners-inquiries\/\" target=\"_blank\" rel=\"noreferrer noopener\">Programa de referencia de socios<\/a><\/div>\n<\/div>\n<\/div>\n\n","protected":false},"excerpt":{"rendered":"<p>SOCIO DE PHRASE Piensa de manera global www.2m.com.au 2M Language Services (2M) es el proveedor l\u00edder de tecnolog\u00eda de idiomas y servicios de idiomas en Australia con oficinas en Am\u00e9rica del Sur, Europa y Asia.\u00a0 2M ofrece soluciones personalizadas de traducci\u00f3n, interpretaci\u00f3n y localizaci\u00f3n audiovisual impulsadas por IA y personas expertas en m\u00e1s de 250 [&hellip;]<\/p>\n","protected":false},"author":77,"featured_media":0,"parent":57530,"menu_order":1,"comment_status":"closed","ping_status":"closed","template":"page-refresh","meta":{"_acf_changed":false,"_stopmodifiedupdate":false,"_modified_date":"","_searchwp_excluded":"","episode_type":"","audio_file":"","podmotor_file_id":"","podmotor_episode_id":"","cover_image":"","cover_image_id":"","duration":"","filesize":"","filesize_raw":"","date_recorded":"","explicit":"","block":"","itunes_episode_number":"","itunes_title":"","itunes_season_number":"","itunes_episode_type":"","footnotes":""},"class_list":["post-107184","page","type-page","status-publish","hentry"],"acf":[],"_links":{"self":[{"href":"https:\/\/phrase.com\/es\/wp-json\/wp\/v2\/pages\/107184","targetHints":{"allow":["GET"]}}],"collection":[{"href":"https:\/\/phrase.com\/es\/wp-json\/wp\/v2\/pages"}],"about":[{"href":"https:\/\/phrase.com\/es\/wp-json\/wp\/v2\/types\/page"}],"author":[{"embeddable":true,"href":"https:\/\/phrase.com\/es\/wp-json\/wp\/v2\/users\/77"}],"replies":[{"embeddable":true,"href":"https:\/\/phrase.com\/es\/wp-json\/wp\/v2\/comments?post=107184"}],"version-history":[{"count":7,"href":"https:\/\/phrase.com\/es\/wp-json\/wp\/v2\/pages\/107184\/revisions"}],"predecessor-version":[{"id":120607,"href":"https:\/\/phrase.com\/es\/wp-json\/wp\/v2\/pages\/107184\/revisions\/120607"}],"up":[{"embeddable":true,"href":"https:\/\/phrase.com\/es\/wp-json\/wp\/v2\/pages\/57530"}],"wp:attachment":[{"href":"https:\/\/phrase.com\/es\/wp-json\/wp\/v2\/media?parent=107184"}],"curies":[{"name":"wp","href":"https:\/\/api.w.org\/{rel}","templated":true}]}}