{"id":108708,"date":"2025-06-03T10:28:13","date_gmt":"2025-06-03T08:28:13","guid":{"rendered":"https:\/\/phrase.com\/parta\/"},"modified":"2025-10-06T10:13:19","modified_gmt":"2025-10-06T08:13:19","slug":"parta","status":"publish","type":"page","link":"https:\/\/phrase.com\/es\/integrations\/parta\/","title":{"rendered":"Parta"},"content":{"rendered":"\n<div style=\"height:29px\" aria-hidden=\"true\" class=\"wp-block-spacer\"><\/div>\n\n\n\n<div class=\"wp-block-group alignfull has-global-padding is-layout-constrained wp-block-group-is-layout-constrained\">\n<p class=\"has-text-align-center has-blue-color has-text-color has-link-color has-medium-font-size wp-elements-5f0530732c9589aef58e3ba274f2753e\">SOCIO DE PHRASE<br><\/p>\n\n\n\n<figure class=\"wp-block-image aligncenter size-full is-resized is-style-not-rounded\"><img loading=\"lazy\" decoding=\"async\" width=\"258\" height=\"75\" src=\"https:\/\/phrase.com\/wp-content\/uploads\/2025\/05\/parta-logo.webp\" alt=\"logo de Parta\" class=\"wp-image-107347\" style=\"width:298px;height:auto\" \/><\/figure>\n\n\n\n<h2 class=\"wp-block-heading has-text-align-center has-large-font-size\" id=\"h-let-your-e-learning-content-go-global-without-compromising-quality-or-speed-parta-io\"><strong>Deja que tu contenido de formaci\u00f3n online se globalice, sin comprometer ni la calidad ni la velocidad.<\/strong><br><br><a href=\"https:\/\/parta.io\/\" target=\"_blank\" rel=\"noreferrer noopener\">parta.io<\/a><\/h2>\n<\/div>\n\n\n\n<div class=\"wp-block-group alignfull is-style-copy has-transparent-background-color has-background has-global-padding is-content-justification-center is-layout-constrained wp-block-group-is-layout-constrained\" style=\"padding-top:var(--wp--preset--spacing--45);padding-bottom:var(--wp--preset--spacing--45)\">\n<div class=\"wp-block-group alignwide has-global-padding is-content-justification-center is-layout-constrained wp-container-core-group-is-layout-20435cd6 wp-block-group-is-layout-constrained\" style=\"padding-bottom:0;padding-left:var(--wp--preset--spacing--56)\">\n<h3 class=\"wp-block-heading\" id=\"h-streamline-the-entire-workflow\"><strong>Optimiza todo el flujo de trabajo<\/strong><\/h3>\n\n\n\n<p>Activa la integraci\u00f3n, elige una plantilla de Phrase, selecciona tus idiomas y listo. Los traspasos autom\u00e1ticos devuelven las traducciones directamente a Parta, lo que elimina la complejidad y reduce los gastos generales.<\/p>\n\n\n\n<h3 class=\"wp-block-heading\"><strong>Todo se integra a la perfecci\u00f3n<\/strong><\/h3>\n\n\n\n<p>Los gestores de localizaci\u00f3n trabajan en Phrase; los dise\u00f1adores de aprendizaje crean en Parta. La sincronizaci\u00f3n en tiempo real mantiene ambos lados alineados y evita la t\u00edpica situaci\u00f3n de \u00ab\u00bfD\u00f3nde est\u00e1 el \u00faltimo archivo?\u00bb.<\/p>\n\n\n\n<h3 class=\"wp-block-heading\"><strong>Traducciones r\u00e1pidas y perfectamente coherentes con las memorias de traducci\u00f3n.<\/strong><\/h3>\n\n\n\n<p class=\"has-text-align-left\" style=\"margin-top:0;margin-bottom:var(--wp--preset--spacing--40)\"><br>Phrase aplica tus procesos, tus plantillas y tus memorias de traducci\u00f3n existentes desde que habilitas la integraci\u00f3n, lo que reduce los tiempos de entrega mientras preserva la terminolog\u00eda, el tono y las reglas del QA.<\/p>\n\n\n\n<div style=\"height:19px\" aria-hidden=\"true\" class=\"wp-block-spacer\"><\/div>\n\n\n\n<div class=\"wp-block-buttons is-content-justification-center is-layout-flex wp-container-core-buttons-is-layout-a89b3969 wp-block-buttons-is-layout-flex\">\n<div class=\"wp-block-button\"><a class=\"wp-block-button__link wp-element-button\" href=\"https:\/\/phrase.com\/es\/demo\/\" target=\"_blank\" rel=\"noreferrer noopener\">Ponte en contacto con nosotros<\/a><\/div>\n\n\n\n<div class=\"wp-block-button is-style-black-outline\"><a class=\"wp-block-button__link has-text-align-center wp-element-button\" href=\"https:\/\/parta.io\/\" target=\"_blank\" rel=\"noreferrer noopener\">Visita el sitio web<\/a><\/div>\n<\/div>\n<\/div>\n<\/div>\n\n\n\n<div class=\"wp-block-group alignwide has-phrase-green-background-color has-background has-background-images has-global-padding is-content-justification-left is-layout-constrained wp-container-core-group-is-layout-12dd3699 wp-block-group-is-layout-constrained\" style=\"background-image:url(https:\/\/phrase.com\/wp-content\/uploads\/2025\/07\/woman-ipad-background.jpg.webp);background-position:0% 0%;background-attachment:scroll;background-repeat:no-repeat;background-size:cover\"><div class=\"glide wp-block-phrase-com-testimonials\"><div class=\"glide__track\" data-glide-el=\"track\"><div class=\"glide__slides\">\t<div class=\"wp-block-phrase-com-testimonial glide__slide\">\n\t\t<div class=\"wp-block-phrase-com-testimonial__text \">\n\t\t\t<em>La localizaci\u00f3n y la traducci\u00f3n siempre han sido retos dif\u00edciles en nuestra industria. Entre los mayores dolores de cabeza est\u00e1n la gesti\u00f3n de tipos de archivos, el equilibrio y almacenamiento de interminables importaciones y exportaciones y una fuerte dependencia de otros equipos para completar el trabajo. Ahora que estamos utilizando la integraci\u00f3n de Phrase para Parta, el proceso se ha vuelto mucho m\u00e1s sencillo. Es incre\u00edble, de verdad. Nuestros dise\u00f1adores de experiencia de aprendizaje pueden simplemente enviar y recibir las versiones traducidas definitivas a Phrase directamente dentro de Parta; eliminando la complejidad, reduciendo los costes indirectos y optimizando todo el flujo de trabajo.<\/em>\t\t<\/div>\n\t\t<div class=\"wp-block-phrase-com-testimonial__author\">\n\t\t\t\n\t\t\t<div class=\"wp-block-phrase-com-testimonial__author-info\">\n\t\t\t\t<img loading=\"lazy\" decoding=\"async\" width=\"300\" height=\"134\" src=\"https:\/\/phrase.com\/wp-content\/uploads\/2022\/08\/Personio_logo_testimonial.svg\" class=\"wp-block-phrase-com-testimonial__author-company-logo\" alt=\"Logo of Personio (socio)\" \/>\n\t\t\t\t<p class=\"wp-block-phrase-com-testimonial__author-name\">\n\t\t\t\t\tBeaker Tincher\t\t\t\t<\/p>\n\n\t\t\t\t<p class=\"wp-block-phrase-com-testimonial__author-title\">\n\t\t\t\t\tDirector de formaci\u00f3n y acreditaci\u00f3n de clientes en Personio\t\t\t\t<\/p>\n\t\t\t<\/div>\n\t\t<\/div>\n\t<\/div>\n\t<\/div><\/div><\/div><\/div>\n\n\n\n<div class=\"wp-block-group alignwide has-yellow-background-color has-background has-global-padding is-layout-constrained wp-block-group-is-layout-constrained\" style=\"margin-top:var(--wp--preset--spacing--56)\">\n<div class=\"wp-block-group is-vertical is-content-justification-center is-layout-flex wp-container-core-group-is-layout-ce155fab wp-block-group-is-layout-flex\">\n<h2 class=\"wp-block-heading has-text-align-center\" id=\"h-discover-more-partners\">Encuentra m\u00e1s socios<\/h2>\n\n\n\n<p class=\"has-text-align-center\">Colaboramos con empresas tecnol\u00f3gicas l\u00edderes para asegurarnos de que tu equipo saque<br>el m\u00e1ximo partido a Phrase cada d\u00eda.<\/p>\n<\/div>\n\n\n\n<div class=\"wp-block-buttons is-content-justification-center is-layout-flex wp-container-core-buttons-is-layout-a89b3969 wp-block-buttons-is-layout-flex\">\n<div class=\"wp-block-button\"><a class=\"wp-block-button__link wp-element-button\" href=\"https:\/\/phrase.com\/es\/partners\/\" target=\"_blank\" rel=\"noreferrer noopener\">Programa de Phrase para socios<\/a><\/div>\n\n\n\n<div class=\"wp-block-button is-style-black-outline\"><a class=\"wp-block-button__link wp-element-button\" href=\"https:\/\/phrase.com\/es\/partners-inquiries\/\" target=\"_blank\" rel=\"noreferrer noopener\">Programa de referencia de socios<\/a><\/div>\n<\/div>\n<\/div>\n\n","protected":false},"excerpt":{"rendered":"<p>SOCIO DE PHRASE Deja que tu contenido de formaci\u00f3n online se globalice, sin comprometer ni la calidad ni la velocidad. parta.io Optimiza todo el flujo de trabajo Activa la integraci\u00f3n, elige una plantilla de Phrase, selecciona tus idiomas y listo. Los traspasos autom\u00e1ticos devuelven las traducciones directamente a Parta, lo que elimina la complejidad y [&hellip;]<\/p>\n","protected":false},"author":77,"featured_media":0,"parent":31700,"menu_order":1,"comment_status":"closed","ping_status":"closed","template":"page-refresh","meta":{"_acf_changed":false,"_stopmodifiedupdate":false,"_modified_date":"","_searchwp_excluded":"","episode_type":"","audio_file":"","podmotor_file_id":"","podmotor_episode_id":"","cover_image":"","cover_image_id":"","duration":"","filesize":"","filesize_raw":"","date_recorded":"","explicit":"","block":"","itunes_episode_number":"","itunes_title":"","itunes_season_number":"","itunes_episode_type":"","footnotes":""},"class_list":["post-108708","page","type-page","status-publish","hentry"],"acf":[],"_links":{"self":[{"href":"https:\/\/phrase.com\/es\/wp-json\/wp\/v2\/pages\/108708","targetHints":{"allow":["GET"]}}],"collection":[{"href":"https:\/\/phrase.com\/es\/wp-json\/wp\/v2\/pages"}],"about":[{"href":"https:\/\/phrase.com\/es\/wp-json\/wp\/v2\/types\/page"}],"author":[{"embeddable":true,"href":"https:\/\/phrase.com\/es\/wp-json\/wp\/v2\/users\/77"}],"replies":[{"embeddable":true,"href":"https:\/\/phrase.com\/es\/wp-json\/wp\/v2\/comments?post=108708"}],"version-history":[{"count":7,"href":"https:\/\/phrase.com\/es\/wp-json\/wp\/v2\/pages\/108708\/revisions"}],"predecessor-version":[{"id":121076,"href":"https:\/\/phrase.com\/es\/wp-json\/wp\/v2\/pages\/108708\/revisions\/121076"}],"up":[{"embeddable":true,"href":"https:\/\/phrase.com\/es\/wp-json\/wp\/v2\/pages\/31700"}],"wp:attachment":[{"href":"https:\/\/phrase.com\/es\/wp-json\/wp\/v2\/media?parent=108708"}],"curies":[{"name":"wp","href":"https:\/\/api.w.org\/{rel}","templated":true}]}}