{"id":109918,"date":"2025-06-17T09:54:40","date_gmt":"2025-06-17T07:54:40","guid":{"rendered":"https:\/\/phrase.com\/paladini-digital-solutions\/"},"modified":"2025-10-06T11:11:50","modified_gmt":"2025-10-06T09:11:50","slug":"paladini-digital-solutions","status":"publish","type":"page","link":"https:\/\/phrase.com\/es\/partners\/paladini-digital-solutions\/","title":{"rendered":"Paladini Digital Solutions + Global Sights Consulting"},"content":{"rendered":"\n<div class=\"wp-block-group alignfull is-style-copy has-transparent-background-color has-background has-global-padding is-content-justification-center is-layout-constrained wp-block-group-is-layout-constrained\" style=\"padding-top:var(--wp--preset--spacing--45);padding-bottom:var(--wp--preset--spacing--45)\">\n<div class=\"wp-block-group alignwide has-global-padding is-content-justification-center is-layout-constrained wp-container-core-group-is-layout-cefc1864 wp-block-group-is-layout-constrained\" style=\"padding-left:var(--wp--preset--spacing--56)\">\n<div style=\"height:43px\" aria-hidden=\"true\" class=\"wp-block-spacer\"><\/div>\n\n\n\n<p class=\"has-text-align-center has-blue-color has-text-color has-link-color wp-elements-17287ce18ce2d9d19816c52e726b8ba7\">SOCIO DE PHRASE<\/p>\n\n\n\n<figure class=\"wp-block-image aligncenter size-full is-resized is-style-not-rounded\"><img loading=\"lazy\" decoding=\"async\" width=\"278\" height=\"276\" src=\"https:\/\/phrase.com\/wp-content\/uploads\/2025\/06\/PDS_ICO.png\" alt=\"\" class=\"wp-image-108648\" style=\"width:206px;height:auto\" srcset=\"https:\/\/phrase.com\/wp-content\/uploads\/2025\/06\/PDS_ICO.png 278w, https:\/\/phrase.com\/wp-content\/uploads\/2025\/06\/PDS_ICO-150x150.png 150w\" sizes=\"auto, (max-width: 278px) 100vw, 278px\" \/><\/figure>\n\n\n\n<h3 class=\"wp-block-heading has-text-align-center has-medium-font-size\" id=\"h-global-reach-local-impact\" style=\"margin-bottom:var(--wp--preset--spacing--8);font-style:normal;font-weight:400\">Alcance global, impacto local<\/h3>\n\n\n\n<p class=\"has-text-align-center\"><a href=\"https:\/\/paladinidigital.com\/\" target=\"_blank\" rel=\"noreferrer noopener\">paladinidigital.com<\/a><\/p>\n\n\n\n<p class=\"has-text-align-center\" style=\"margin-top:0;margin-bottom:var(--wp--preset--spacing--40)\"><strong><br><\/strong><\/p>\n\n\n\n<p class=\"has-text-align-center\" style=\"margin-top:0;margin-bottom:var(--wp--preset--spacing--40)\">Paladini Digital Solutions y Global Sights Consulting presentan el Shift-Left Change Management Program: un marco probado para escalar iniciativas de producto, contenido y localizaci\u00f3n de manera eficiente.<br><br>Al involucrar a las partes interesadas, alinear las fuentes de contenido, optimizar la supervisi\u00f3n humana e integrar la automatizaci\u00f3n desde el primer momento, garantizamos una transici\u00f3n tecnol\u00f3gica fluida y escalable.<br><br>El enfoque Shift-Left adelanta el esfuerzo a la fase de incorporaci\u00f3n mediante un an\u00e1lisis exhaustivo de los requisitos. Esta mentalidad proactiva minimiza el riesgo, garantiza una implementaci\u00f3n sin obst\u00e1culos y acelera la preparaci\u00f3n global.<\/p>\n\n\n\n<p class=\"has-text-align-center\"><strong>Ubicaciones<br><\/strong><br>Equipo distribuido globalmente: EMEA, AMER, APAC.<\/p>\n\n\n\n<div style=\"height:19px\" aria-hidden=\"true\" class=\"wp-block-spacer\"><\/div>\n\n\n\n<div class=\"wp-block-buttons is-content-justification-center is-layout-flex wp-container-core-buttons-is-layout-a89b3969 wp-block-buttons-is-layout-flex\">\n<div class=\"wp-block-button\"><a class=\"wp-block-button__link wp-element-button\" href=\"https:\/\/phrase.com\/es\/demo\/\" target=\"_blank\" rel=\"noreferrer noopener\">Ponte en contacto con nosotros<\/a><\/div>\n\n\n\n<div class=\"wp-block-button is-style-black-outline\"><a class=\"wp-block-button__link has-text-align-center wp-element-button\" href=\"https:\/\/paladinidigital.com\/\" target=\"_blank\" rel=\"noreferrer noopener\">Visita el sitio web<\/a><\/div>\n<\/div>\n<\/div>\n<\/div>\n\n\n\n<div class=\"wp-block-columns alignwide are-vertically-aligned-center is-style-default is-layout-flex wp-container-core-columns-is-layout-28f84493 wp-block-columns-is-layout-flex\">\n<div class=\"wp-block-column is-vertically-aligned-center is-layout-flow wp-container-core-column-is-layout-6220b9e6 wp-block-column-is-layout-flow\" style=\"flex-basis:100%\">\n<h2 class=\"wp-block-heading has-text-align-center has-extra-large-font-size\" id=\"h-services-offered\"><strong>Servicios ofrecidos<\/strong><\/h2>\n\n\n\n<div style=\"height:10px\" aria-hidden=\"true\" class=\"wp-block-spacer\"><\/div>\n\n\n\n<div class=\"wp-block-group is-content-justification-center is-nowrap is-layout-flex wp-container-core-group-is-layout-f52be266 wp-block-group-is-layout-flex\">\n<div class=\"wp-block-group is-vertical is-layout-flex wp-container-core-group-is-layout-9f8eab21 wp-block-group-is-layout-flex\">\n<ul class=\"wp-block-list\">\n<li>Aceleraci\u00f3n e innovaci\u00f3n de las tecnolog\u00edas ling\u00fc\u00edsticas<\/li>\n\n\n\n<li>Estrategia de Language AI<\/li>\n\n\n\n<li>Automatizaci\u00f3n de procesos<\/li>\n\n\n\n<li>Transformaci\u00f3n operativa\u00a0<\/li>\n\n\n\n<li>Gesti\u00f3n de cambios<\/li>\n\n\n\n<li>Liderazgo fraccional<\/li>\n\n\n\n<li>Operaciones de localizaci\u00f3n: servicios gestionados<\/li>\n<\/ul>\n<\/div>\n<\/div>\n<\/div>\n<\/div>\n\n\n\n<h2 class=\"wp-block-heading has-text-align-center has-extra-large-font-size\" id=\"h-credentials\"><strong>Credenciales<\/strong><\/h2>\n\n\n\n<ul class=\"wp-block-list\">\n<li><a href=\"https:\/\/www.gala-global.org\/\">Globalization and Localization Association (GALA)<\/a> &#8211; Miembros y antigua junta directiva<\/li>\n\n\n\n<li><a href=\"https:\/\/womeninlocalization.com\/\">Women in Localization<\/a> &#8211; Miembros y antigua direcci\u00f3n de la divisi\u00f3n de Catalu\u00f1a<\/li>\n\n\n\n<li><a href=\"https:\/\/pic.locworld.com\/\">Process Innovation Challenge<\/a> &#8211; Junta de asesores<\/li>\n\n\n\n<li>L\u00edderes de opini\u00f3n en numerosos eventos del sector de la localizaci\u00f3n: LocWorld, GALA, TAUS.<\/li>\n<\/ul>\n\n\n\n<div class=\"wp-block-group alignwide has-phrase-green-background-color has-background has-background-images has-global-padding is-content-justification-left is-layout-constrained wp-container-core-group-is-layout-12dd3699 wp-block-group-is-layout-constrained\" style=\"background-image:url(https:\/\/phrase.com\/wp-content\/uploads\/2024\/06\/Untitled-design-6.jpg.webp);background-position:0% 0%;background-attachment:scroll;background-repeat:no-repeat;background-size:cover\"><div class=\"glide wp-block-phrase-com-testimonials\"><div class=\"glide__track\" data-glide-el=\"track\"><div class=\"glide__slides\">\t<div class=\"wp-block-phrase-com-testimonial glide__slide\">\n\t\t<div class=\"wp-block-phrase-com-testimonial__text \">\n\t\t\t<span style=\"font-weight: 400\">La colaboraci\u00f3n con Paladini Digital Solutions y Global Sights Consulting ha sido clave para guiar nuestros esfuerzos en iniciativas de globalizaci\u00f3n complejas. Su experiencia en gesti\u00f3n del cambio garantiz\u00f3 una transici\u00f3n fluida entre mercados, alineando la estrategia global con la ejecuci\u00f3n local, minimizando disrupciones e impulsando la adopci\u00f3n en todos los niveles.<\/span>\t\t<\/div>\n\t\t<div class=\"wp-block-phrase-com-testimonial__author\">\n\t\t\t\n\t\t\t<div class=\"wp-block-phrase-com-testimonial__author-info\">\n\t\t\t\t<img loading=\"lazy\" decoding=\"async\" width=\"200\" height=\"200\" src=\"https:\/\/phrase.com\/wp-content\/uploads\/2025\/08\/global-sights-consulting-logo.jpg\" class=\"wp-block-phrase-com-testimonial__author-company-logo\" alt=\"Logo of Consultor\u00eda Global Sights de PDS (socio)\" srcset=\"https:\/\/phrase.com\/wp-content\/uploads\/2025\/08\/global-sights-consulting-logo.jpg 200w, https:\/\/phrase.com\/wp-content\/uploads\/2025\/08\/global-sights-consulting-logo-150x150.jpg 150w\" sizes=\"auto, (max-width: 200px) 100vw, 200px\" \/>\n\t\t\t\t<p class=\"wp-block-phrase-com-testimonial__author-name\">\n\t\t\t\t\tAlessandra Binazzi\t\t\t\t<\/p>\n\n\t\t\t\t<p class=\"wp-block-phrase-com-testimonial__author-title\">\n\t\t\t\t\tGlobal-Sights Consulting\t\t\t\t<\/p>\n\t\t\t<\/div>\n\t\t<\/div>\n\t<\/div>\n\t<\/div><\/div><\/div><\/div>\n\n\n\n<div class=\"wp-block-group alignwide has-yellow-background-color has-background has-global-padding is-layout-constrained wp-block-group-is-layout-constrained\" style=\"margin-top:var(--wp--preset--spacing--56)\">\n<div class=\"wp-block-group is-vertical is-content-justification-center is-layout-flex wp-container-core-group-is-layout-ce155fab wp-block-group-is-layout-flex\">\n<h2 class=\"wp-block-heading has-text-align-center\" id=\"h-discover-more-partners\">Encuentra m\u00e1s socios<\/h2>\n\n\n\n<p class=\"has-text-align-center\">Colaboramos con empresas tecnol\u00f3gicas l\u00edderes para asegurarnos de que tu equipo saque<br>el m\u00e1ximo partido a Phrase cada d\u00eda.<\/p>\n<\/div>\n\n\n\n<div class=\"wp-block-buttons is-content-justification-center is-layout-flex wp-container-core-buttons-is-layout-a89b3969 wp-block-buttons-is-layout-flex\">\n<div class=\"wp-block-button\"><a class=\"wp-block-button__link wp-element-button\" href=\"https:\/\/phrase.com\/es\/partners\/\" target=\"_blank\" rel=\"noreferrer noopener\">Programa de Phrase para socios<\/a><\/div>\n\n\n\n<div class=\"wp-block-button is-style-black-outline\"><a class=\"wp-block-button__link wp-element-button\" href=\"https:\/\/phrase.com\/es\/partners-inquiries\/\" target=\"_blank\" rel=\"noreferrer noopener\">Programa de referencia de socios<\/a><\/div>\n<\/div>\n<\/div>\n\n","protected":false},"excerpt":{"rendered":"<p>SOCIO DE PHRASE Alcance global, impacto local paladinidigital.com Paladini Digital Solutions y Global Sights Consulting presentan el Shift-Left Change Management Program: un marco probado para escalar iniciativas de producto, contenido y localizaci\u00f3n de manera eficiente. Al involucrar a las partes interesadas, alinear las fuentes de contenido, optimizar la supervisi\u00f3n humana e integrar la automatizaci\u00f3n desde [&hellip;]<\/p>\n","protected":false},"author":77,"featured_media":0,"parent":57530,"menu_order":1,"comment_status":"closed","ping_status":"closed","template":"page-refresh","meta":{"_acf_changed":false,"_stopmodifiedupdate":false,"_modified_date":"","_searchwp_excluded":"","episode_type":"","audio_file":"","podmotor_file_id":"","podmotor_episode_id":"","cover_image":"","cover_image_id":"","duration":"","filesize":"","filesize_raw":"","date_recorded":"","explicit":"","block":"","itunes_episode_number":"","itunes_title":"","itunes_season_number":"","itunes_episode_type":"","footnotes":""},"class_list":["post-109918","page","type-page","status-publish","hentry"],"acf":[],"_links":{"self":[{"href":"https:\/\/phrase.com\/es\/wp-json\/wp\/v2\/pages\/109918","targetHints":{"allow":["GET"]}}],"collection":[{"href":"https:\/\/phrase.com\/es\/wp-json\/wp\/v2\/pages"}],"about":[{"href":"https:\/\/phrase.com\/es\/wp-json\/wp\/v2\/types\/page"}],"author":[{"embeddable":true,"href":"https:\/\/phrase.com\/es\/wp-json\/wp\/v2\/users\/77"}],"replies":[{"embeddable":true,"href":"https:\/\/phrase.com\/es\/wp-json\/wp\/v2\/comments?post=109918"}],"version-history":[{"count":8,"href":"https:\/\/phrase.com\/es\/wp-json\/wp\/v2\/pages\/109918\/revisions"}],"predecessor-version":[{"id":123159,"href":"https:\/\/phrase.com\/es\/wp-json\/wp\/v2\/pages\/109918\/revisions\/123159"}],"up":[{"embeddable":true,"href":"https:\/\/phrase.com\/es\/wp-json\/wp\/v2\/pages\/57530"}],"wp:attachment":[{"href":"https:\/\/phrase.com\/es\/wp-json\/wp\/v2\/media?parent=109918"}],"curies":[{"name":"wp","href":"https:\/\/api.w.org\/{rel}","templated":true}]}}