{"id":116054,"date":"2024-04-04T10:46:37","date_gmt":"2024-04-04T08:46:37","guid":{"rendered":"https:\/\/phrase.com\/traduno\/"},"modified":"2025-10-06T11:01:57","modified_gmt":"2025-10-06T09:01:57","slug":"traduno","status":"publish","type":"page","link":"https:\/\/phrase.com\/es\/partners\/traduno\/","title":{"rendered":"Traduno"},"content":{"rendered":"\n<div class=\"wp-block-group alignfull is-style-copy has-transparent-background-color has-background has-global-padding is-content-justification-center is-layout-constrained wp-block-group-is-layout-constrained\" style=\"padding-top:var(--wp--preset--spacing--45);padding-bottom:var(--wp--preset--spacing--45)\">\n<div class=\"wp-block-group alignwide has-global-padding is-content-justification-center is-layout-constrained wp-container-core-group-is-layout-cefc1864 wp-block-group-is-layout-constrained\" style=\"padding-left:var(--wp--preset--spacing--56)\">\n<p class=\"has-text-align-center has-blue-color has-text-color has-link-color wp-elements-fc4e1ddc0d74cbc314743c9090e21a46\">PHRASE PARTNER<\/p>\n\n\n\n<figure class=\"wp-block-image aligncenter size-full is-resized is-style-not-rounded\"><img loading=\"lazy\" decoding=\"async\" width=\"556\" height=\"89\" src=\"https:\/\/phrase.com\/wp-content\/uploads\/2025\/09\/Logo.png\" alt=\"traduno Logo\" class=\"wp-image-115819\" style=\"width:276px;height:auto\" srcset=\"https:\/\/phrase.com\/wp-content\/uploads\/2025\/09\/Logo.png 556w, https:\/\/phrase.com\/wp-content\/uploads\/2025\/09\/Logo-300x48.png 300w\" sizes=\"auto, (max-width: 556px) 100vw, 556px\" \/><\/figure>\n\n\n\n<div style=\"height:20px\" aria-hidden=\"true\" class=\"wp-block-spacer\"><\/div>\n\n\n\n<h3 class=\"wp-block-heading has-text-align-center has-medium-font-size\" id=\"h-discover-fluent-processes\" style=\"margin-bottom:var(--wp--preset--spacing--8);font-style:normal;font-weight:400\"><strong>Descubre procesos m\u00e1s fluidos<\/strong>.<\/h3>\n\n\n\n<p class=\"has-text-align-center\"><a href=\"https:\/\/www.acclaro.com\/?utm_campaign=Partner%20Marketing&amp;utm_source=Phrase%20partner%20listing&amp;utm_medium=Main%20link&amp;utm_term=Acclaro\" target=\"_blank\" rel=\"noreferrer noopener\"><\/a><a href=\"https:\/\/www.actumdigital.com\/\"><\/a><a href=\"https:\/\/blog.attachedglobal.com\/en\/attached-partners-with-phrase-to-elevate-enterprise-translation-solutions\"><\/a><a href=\"https:\/\/www.clearlyloc.com\/\" target=\"_blank\" rel=\"noreferrer noopener\"><\/a><a href=\"https:\/\/traduno.com\/\" target=\"_blank\" rel=\"noreferrer noopener\">www.traduno.com<\/a>\u202f<\/p>\n\n\n\n<div style=\"height:60px\" aria-hidden=\"true\" class=\"wp-block-spacer\"><\/div>\n\n\n\n<p class=\"has-text-align-center\" style=\"margin-top:0;margin-bottom:var(--wp--preset--spacing--40)\"><strong><br><\/strong>Disfruta de procesos m\u00e1s fluidos con Traduno, la soluci\u00f3n de gesti\u00f3n de empresas de traducci\u00f3n. Con un conjunto integral de herramientas dise\u00f1adas para proveedores de servicios de idiomas, Traduno empodera tu negocio para superar a la competencia y prosperar en el paisaje de traducci\u00f3n en constante evoluci\u00f3n.<br><br>Beneficios:<\/p>\n\n\n\n<ul class=\"wp-block-list\">\n<li><strong>Calidad y puntualidad mejoradas:<\/strong>\u00a0Optimiza tus procesos para mejorar la calidad de las traducciones y cumplir con los plazos de manera consistente.<br><\/li>\n\n\n\n<li><strong>Control total del proceso:<\/strong>\u00a0Maneja cada aspecto de tus operaciones, con control total sobre los procesos.<br><\/li>\n\n\n\n<li><strong>Centralizaci\u00f3n eficiente del flujo de trabajo del cliente:<\/strong>\u00a0Ayuda a tus clientes a optimizar sus flujos de trabajo a trav\u00e9s del portal del cliente, lo que mejorar\u00e1 su satisfacci\u00f3n y lealtad.<br><\/li>\n\n\n\n<li><strong>Asignaci\u00f3n optimizada de ling\u00fcistas y mantenimiento de bases de datos:<\/strong>\u00a0Gestiona con eficiencia a ling\u00fcistas y agencias por igual para asegurar que se asignan los recursos adecuados a cada proyecto.<br><\/li>\n\n\n\n<li><strong>Calidad, velocidad y rentabilidad equilibradas<\/strong>: Logra el equilibrio perfecto entre ofrecer traducciones de alta calidad, cumplir con plazos ajustados y optimizar costos.<br><\/li>\n<\/ul>\n\n\n\n<p class=\"has-text-align-center\">Con Traduno, puedes gestionar todos los aspectos de tu negocio en una plataforma f\u00e1cil de usar, optimizando la eficiencia, mejorando la colaboraci\u00f3n y fomentando el crecimiento.<br><br><br><strong>Ubicaciones<\/strong><\/p>\n\n\n\n<p class=\"has-text-align-center\">Reino Unido, Moldavia.<\/p>\n\n\n\n<div style=\"height:19px\" aria-hidden=\"true\" class=\"wp-block-spacer\"><\/div>\n\n\n\n<div class=\"wp-block-buttons is-content-justification-center is-layout-flex wp-container-core-buttons-is-layout-a89b3969 wp-block-buttons-is-layout-flex\">\n<div class=\"wp-block-button\"><a class=\"wp-block-button__link wp-element-button\" href=\"https:\/\/phrase.com\/es\/demo\/\" target=\"_blank\" rel=\"noreferrer noopener\">Ponte en contacto con nosotros<\/a><\/div>\n\n\n\n<div class=\"wp-block-button is-style-black-outline\"><a class=\"wp-block-button__link has-text-align-center wp-element-button\" href=\"https:\/\/traduno.com\/\" target=\"_blank\" rel=\"noreferrer noopener\">Visita el sitio web<\/a><\/div>\n<\/div>\n<\/div>\n<\/div>\n\n\n\n<div class=\"wp-block-columns are-vertically-aligned-center is-style-default is-layout-flex wp-container-core-columns-is-layout-28f84493 wp-block-columns-is-layout-flex\">\n<div class=\"wp-block-column is-vertically-aligned-center is-layout-flow wp-container-core-column-is-layout-6220b9e6 wp-block-column-is-layout-flow\" style=\"flex-basis:100%\">\n<h2 class=\"wp-block-heading has-text-align-center has-extra-large-font-size\" id=\"h-services-offered\"><strong>Servicios ofrecidos<\/strong><\/h2>\n\n\n\n<div style=\"height:10px\" aria-hidden=\"true\" class=\"wp-block-spacer\"><\/div>\n\n\n\n<div class=\"wp-block-group is-content-justification-center is-nowrap is-layout-flex wp-container-core-group-is-layout-f52be266 wp-block-group-is-layout-flex\">\n<div class=\"wp-block-group is-vertical is-layout-flex wp-container-core-group-is-layout-9f8eab21 wp-block-group-is-layout-flex\">\n<ul class=\"wp-block-list\">\n<li><strong>Gesti\u00f3n de clientes y finanzas:<\/strong> Mant\u00e9n todos los datos relacionados con los clientes organizados en un solo lugar, factura f\u00e1cilmente a los clientes y proporci\u00f3nales un flujo de trabajo centralizado a trav\u00e9s del portal del cliente.<br><\/li>\n\n\n\n<li><strong>Gesti\u00f3n de proyectos<\/strong>: Optimiza tu flujo de trabajo con herramientas avanzadas de gesti\u00f3n de proyectos, incluyendo integraciones de herramientas CAT y la capacidad de generar cotizaciones para los clientes.<br><\/li>\n\n\n\n<li><strong>Automatizaci\u00f3n de tareas:<\/strong>\u00a0Automatiza la creaci\u00f3n de borradores de proyectos, plantillas y tareas, para que as\u00ed la gesti\u00f3n de proyectos sea m\u00e1s eficiente.<br><\/li>\n\n\n\n<li><strong>Gesti\u00f3n de proveedores:<\/strong>\u00a0Mant\u00e9n una base de datos de proveedores productiva, solicita nuevos proveedores cuando sea necesario y genera facturas de forma sencilla para los proveedores.<br><\/li>\n\n\n\n<li><strong>Comunicaciones Integradas:<\/strong>\u00a0Comun\u00edcate sin problemas con colegas, clientes y proveedores directamente dentro de la plataforma, para asegurar una colaboraci\u00f3n m\u00e1s eficiente.<br><\/li>\n\n\n\n<li><strong>Otras caracter\u00edsticas:<\/strong>\u00a0Gestiona problemas de calidad, maneja solicitudes de ingenier\u00eda, utiliza un sistema de tickets, gestiona usuarios y roles, accede a estad\u00edsticas informativas e importa o exporta datos sin esfuerzo.<\/li>\n<\/ul>\n<\/div>\n<\/div>\n<\/div>\n<\/div>\n\n\n\n<div class=\"wp-block-group alignwide has-yellow-background-color has-background has-global-padding is-layout-constrained wp-block-group-is-layout-constrained\" style=\"margin-top:var(--wp--preset--spacing--56)\">\n<div class=\"wp-block-group is-vertical is-content-justification-center is-layout-flex wp-container-core-group-is-layout-ce155fab wp-block-group-is-layout-flex\">\n<h2 class=\"wp-block-heading has-text-align-center\" id=\"h-discover-more-partners\">Encuentra m\u00e1s socios<\/h2>\n\n\n\n<p class=\"has-text-align-center\">Colaboramos con empresas tecnol\u00f3gicas l\u00edderes para asegurarnos de que tu equipo saque<br>el m\u00e1ximo partido a Phrase cada d\u00eda.<\/p>\n<\/div>\n\n\n\n<div class=\"wp-block-buttons is-content-justification-center is-layout-flex wp-container-core-buttons-is-layout-a89b3969 wp-block-buttons-is-layout-flex\">\n<div class=\"wp-block-button\"><a class=\"wp-block-button__link wp-element-button\" href=\"https:\/\/phrase.com\/es\/partners\/\" target=\"_blank\" rel=\"noreferrer noopener\">Programa de Phrase para socios<\/a><\/div>\n\n\n\n<div class=\"wp-block-button is-style-black-outline\"><a class=\"wp-block-button__link wp-element-button\" href=\"https:\/\/phrase.com\/es\/partners-inquiries\/\" target=\"_blank\" rel=\"noreferrer noopener\">Programa de referencia de socios<\/a><\/div>\n<\/div>\n<\/div>\n\n","protected":false},"excerpt":{"rendered":"<p>PHRASE PARTNER Descubre procesos m\u00e1s fluidos. www.traduno.com\u202f Disfruta de procesos m\u00e1s fluidos con Traduno, la soluci\u00f3n de gesti\u00f3n de empresas de traducci\u00f3n. Con un conjunto integral de herramientas dise\u00f1adas para proveedores de servicios de idiomas, Traduno empodera tu negocio para superar a la competencia y prosperar en el paisaje de traducci\u00f3n en constante evoluci\u00f3n. Beneficios: [&hellip;]<\/p>\n","protected":false},"author":4,"featured_media":0,"parent":57530,"menu_order":1,"comment_status":"closed","ping_status":"closed","template":"page-refresh","meta":{"_acf_changed":false,"_stopmodifiedupdate":false,"_modified_date":"","_searchwp_excluded":"","episode_type":"","audio_file":"","podmotor_file_id":"","podmotor_episode_id":"","cover_image":"","cover_image_id":"","duration":"","filesize":"","filesize_raw":"","date_recorded":"","explicit":"","block":"","itunes_episode_number":"","itunes_title":"","itunes_season_number":"","itunes_episode_type":"","footnotes":""},"class_list":["post-116054","page","type-page","status-publish","hentry"],"acf":[],"_links":{"self":[{"href":"https:\/\/phrase.com\/es\/wp-json\/wp\/v2\/pages\/116054","targetHints":{"allow":["GET"]}}],"collection":[{"href":"https:\/\/phrase.com\/es\/wp-json\/wp\/v2\/pages"}],"about":[{"href":"https:\/\/phrase.com\/es\/wp-json\/wp\/v2\/types\/page"}],"author":[{"embeddable":true,"href":"https:\/\/phrase.com\/es\/wp-json\/wp\/v2\/users\/4"}],"replies":[{"embeddable":true,"href":"https:\/\/phrase.com\/es\/wp-json\/wp\/v2\/comments?post=116054"}],"version-history":[{"count":6,"href":"https:\/\/phrase.com\/es\/wp-json\/wp\/v2\/pages\/116054\/revisions"}],"predecessor-version":[{"id":122734,"href":"https:\/\/phrase.com\/es\/wp-json\/wp\/v2\/pages\/116054\/revisions\/122734"}],"up":[{"embeddable":true,"href":"https:\/\/phrase.com\/es\/wp-json\/wp\/v2\/pages\/57530"}],"wp:attachment":[{"href":"https:\/\/phrase.com\/es\/wp-json\/wp\/v2\/media?parent=116054"}],"curies":[{"name":"wp","href":"https:\/\/api.w.org\/{rel}","templated":true}]}}