{"id":117244,"date":"2024-10-25T10:52:16","date_gmt":"2024-10-25T08:52:16","guid":{"rendered":"https:\/\/phrase.com\/wisetranslate\/"},"modified":"2025-10-06T10:59:48","modified_gmt":"2025-10-06T08:59:48","slug":"wisetranslate","status":"publish","type":"page","link":"https:\/\/phrase.com\/es\/partners\/wisetranslate\/","title":{"rendered":"WiseTranslate"},"content":{"rendered":"\n<div style=\"height:30px\" aria-hidden=\"true\" class=\"wp-block-spacer\"><\/div>\n\n\n\n<div class=\"wp-block-group alignfull has-global-padding is-layout-constrained wp-block-group-is-layout-constrained\">\n<p class=\"has-text-align-center has-blue-color has-text-color has-link-color has-medium-font-size wp-elements-5f0530732c9589aef58e3ba274f2753e\">SOCIO DE PHRASE<br><\/p>\n\n\n\n<figure class=\"wp-block-image aligncenter size-full is-resized is-style-not-rounded\"><img loading=\"lazy\" decoding=\"async\" width=\"171\" height=\"93\" src=\"https:\/\/phrase.com\/wp-content\/uploads\/2024\/10\/wisetranslate-logo.png\" alt=\"Logotipo de Wisetranslate\" class=\"wp-image-93661\" style=\"width:298px;height:auto\" \/><\/figure>\n\n\n\n<h2 class=\"wp-block-heading has-text-align-center has-medium-font-size\" id=\"h-a-smart-way-to-translate-wisetranslate-net\">Una forma inteligente de traducir.<br><br><a href=\"https:\/\/wisetranslate.net\/en\/landing\/\" target=\"_blank\" rel=\"noreferrer noopener\">wisetranslate.net<\/a><\/h2>\n<\/div>\n\n\n\n<div class=\"wp-block-group alignfull is-style-copy has-transparent-background-color has-background has-global-padding is-content-justification-center is-layout-constrained wp-block-group-is-layout-constrained\" style=\"padding-top:0;padding-bottom:0\">\n<div class=\"wp-block-group alignwide has-global-padding is-content-justification-center is-layout-constrained wp-container-core-group-is-layout-cefc1864 wp-block-group-is-layout-constrained\" style=\"padding-left:var(--wp--preset--spacing--56)\">\n<p class=\"has-text-align-center\" style=\"margin-top:0;margin-bottom:var(--wp--preset--spacing--40)\"><strong><br><\/strong>WiseST Global Inc. ocupa una posici\u00f3n destacada en el mercado internacional de traducci\u00f3n, ofreciendo a los clientes servicios y soluciones transparentes, f\u00e1ciles de usar y rentables para sus necesidades de traducci\u00f3n. Ya sean documentos, contenido web o subt\u00edtulos de video, entrega traducciones de alta calidad con una eficiencia notable.<\/p>\n\n\n\n<p>WiseTranslate, una marca de WiseST Global, lidera la integraci\u00f3n y optimizaci\u00f3n de tecnolog\u00edas LLM dentro de los flujos de trabajo de traducci\u00f3n, lo que da m\u00e1s poder a los usuarios para aprovechar todo el potencial de los LLM, y as\u00ed mejorar la productividad y la calidad.<\/p>\n\n\n\n<h4 class=\"wp-block-heading has-text-align-center\" id=\"h-wisetranslate-integrated-with-phrase\">WiseTranslate integrado con Phrase<br><br><\/h4>\n\n\n\n<p class=\"has-text-align-center\" style=\"margin-top:0;margin-bottom:var(--wp--preset--spacing--40)\">WiseTranslate proporciona una integraci\u00f3n simplificada de Phrase a trav\u00e9s de un token API o autenticaci\u00f3n OAuth. Todos los activos se gestionan dentro de su TMS de Phrase, mientras le permite aprovechar las robustas herramientas ling\u00fc\u00edsticas automatizadas de WiseTranslate.<br><br><strong><a href=\"https:\/\/wisetranslate.net\/landing\/phrase\">\u27a4 M\u00e1s informaci\u00f3n\u00a0<\/a><\/strong><\/p>\n\n\n\n<p class=\"has-text-align-center\"><strong>Ubicaciones<\/strong><\/p>\n\n\n\n<p class=\"has-text-align-center\">Se\u00fal, Rep\u00fablica de Corea<\/p>\n\n\n\n<div style=\"height:19px\" aria-hidden=\"true\" class=\"wp-block-spacer\"><\/div>\n\n\n\n<div class=\"wp-block-buttons is-content-justification-center is-layout-flex wp-container-core-buttons-is-layout-a89b3969 wp-block-buttons-is-layout-flex\">\n<div class=\"wp-block-button\"><a class=\"wp-block-button__link wp-element-button\" href=\"https:\/\/phrase.com\/es\/demo\/\" target=\"_blank\" rel=\"noreferrer noopener\">Ponte en contacto con nosotros<\/a><\/div>\n\n\n\n<div class=\"wp-block-button is-style-black-outline\"><a class=\"wp-block-button__link has-text-align-center wp-element-button\" href=\"https:\/\/wisetranslate.net\/en\/landing\/\" target=\"_blank\" rel=\"noreferrer noopener\">Visita el sitio web<\/a><\/div>\n<\/div>\n<\/div>\n<\/div>\n\n\n\n<div class=\"wp-block-columns alignwide are-vertically-aligned-center is-style-default is-layout-flex wp-container-core-columns-is-layout-28f84493 wp-block-columns-is-layout-flex\">\n<div class=\"wp-block-column is-vertically-aligned-center is-layout-flow wp-container-core-column-is-layout-6220b9e6 wp-block-column-is-layout-flow\" style=\"flex-basis:100%\">\n<h2 class=\"wp-block-heading has-text-align-center has-extra-large-font-size\" id=\"h-services-offered\"><strong>Servicios ofrecidos<\/strong><\/h2>\n\n\n\n<div style=\"height:10px\" aria-hidden=\"true\" class=\"wp-block-spacer\"><\/div>\n\n\n\n<div class=\"wp-block-group has-global-padding is-content-justification-center is-layout-constrained wp-container-core-group-is-layout-ed578236 wp-block-group-is-layout-constrained\">\n<div class=\"wp-block-group is-vertical is-layout-flex wp-container-core-group-is-layout-d572cf77 wp-block-group-is-layout-flex\">\n<div class=\"wp-block-group is-nowrap is-layout-flex wp-container-core-group-is-layout-6c531013 wp-block-group-is-layout-flex\">\n<ul class=\"wp-block-list\"><\/ul>\n<\/div>\n\n\n\n<div class=\"wp-block-group is-nowrap is-layout-flex wp-container-core-group-is-layout-6c531013 wp-block-group-is-layout-flex\">\n<ul class=\"wp-block-list\">\n<li>Servicios de interpretaci\u00f3n<\/li>\n\n\n\n<li>Detecci\u00f3n de tipo de contenido<\/li>\n\n\n\n<li>MTPE automatizado por tipo de contenido<\/li>\n\n\n\n<li>Implementaci\u00f3n de terminolog\u00eda contextual a partir de glosarios<\/li>\n\n\n\n<li>Aplicaci\u00f3n de estilos de traducci\u00f3n a partir de concordancias de memorias de traducci\u00f3n<\/li>\n\n\n\n<li>Extracci\u00f3n de t\u00e9rminos biling\u00fces de fuente y meta<\/li>\n\n\n\n<li>Filtraci\u00f3n y correcci\u00f3n de t\u00e9rminos inconsistentes<\/li>\n\n\n\n<li>Traducci\u00f3n por lengua puente simplificada<\/li>\n\n\n\n<li>Traducci\u00f3n de subt\u00edtulos que preserva los flujos de conversaci\u00f3n natural<\/li>\n\n\n\n<li>Flujos de trabajo automatizados de forma integral<\/li>\n\n\n\n<li>Incorporaci\u00f3n de gu\u00edas de estilo personalizadas<br> memoria<\/li>\n\n\n\n<li>Identificador \u00fanico API<\/li>\n\n\n\n<li>Autenticaci\u00f3n OAuth<br><\/li>\n<\/ul>\n<\/div>\n<\/div>\n<\/div>\n<\/div>\n<\/div>\n\n\n\n<div class=\"wp-block-group alignwide has-yellow-background-color has-background has-global-padding is-layout-constrained wp-block-group-is-layout-constrained\" style=\"margin-top:var(--wp--preset--spacing--56)\">\n<div class=\"wp-block-group is-vertical is-content-justification-center is-layout-flex wp-container-core-group-is-layout-ce155fab wp-block-group-is-layout-flex\">\n<h2 class=\"wp-block-heading has-text-align-center\" id=\"h-discover-more-partners\">Encuentra m\u00e1s socios<\/h2>\n\n\n\n<p class=\"has-text-align-center\">Colaboramos con empresas tecnol\u00f3gicas l\u00edderes para asegurarnos de que tu equipo saque<br>el m\u00e1ximo partido a Phrase cada d\u00eda.<\/p>\n<\/div>\n\n\n\n<div class=\"wp-block-buttons is-content-justification-center is-layout-flex wp-container-core-buttons-is-layout-a89b3969 wp-block-buttons-is-layout-flex\">\n<div class=\"wp-block-button\"><a class=\"wp-block-button__link wp-element-button\" href=\"https:\/\/phrase.com\/es\/partners\/\" target=\"_blank\" rel=\"noreferrer noopener\">Programa de Phrase para socios<\/a><\/div>\n\n\n\n<div class=\"wp-block-button is-style-black-outline\"><a class=\"wp-block-button__link wp-element-button\" href=\"https:\/\/phrase.com\/es\/partners-inquiries\/\" target=\"_blank\" rel=\"noreferrer noopener\">Programa de referencia de socios<\/a><\/div>\n<\/div>\n<\/div>\n\n","protected":false},"excerpt":{"rendered":"<p>SOCIO DE PHRASE Una forma inteligente de traducir. wisetranslate.net WiseST Global Inc. ocupa una posici\u00f3n destacada en el mercado internacional de traducci\u00f3n, ofreciendo a los clientes servicios y soluciones transparentes, f\u00e1ciles de usar y rentables para sus necesidades de traducci\u00f3n. Ya sean documentos, contenido web o subt\u00edtulos de video, entrega traducciones de alta calidad con [&hellip;]<\/p>\n","protected":false},"author":77,"featured_media":0,"parent":57530,"menu_order":1,"comment_status":"closed","ping_status":"closed","template":"page-refresh","meta":{"_acf_changed":false,"_stopmodifiedupdate":false,"_modified_date":"","_searchwp_excluded":"","episode_type":"","audio_file":"","podmotor_file_id":"","podmotor_episode_id":"","cover_image":"","cover_image_id":"","duration":"","filesize":"","filesize_raw":"","date_recorded":"","explicit":"","block":"","itunes_episode_number":"","itunes_title":"","itunes_season_number":"","itunes_episode_type":"","footnotes":""},"class_list":["post-117244","page","type-page","status-publish","hentry"],"acf":[],"_links":{"self":[{"href":"https:\/\/phrase.com\/es\/wp-json\/wp\/v2\/pages\/117244","targetHints":{"allow":["GET"]}}],"collection":[{"href":"https:\/\/phrase.com\/es\/wp-json\/wp\/v2\/pages"}],"about":[{"href":"https:\/\/phrase.com\/es\/wp-json\/wp\/v2\/types\/page"}],"author":[{"embeddable":true,"href":"https:\/\/phrase.com\/es\/wp-json\/wp\/v2\/users\/77"}],"replies":[{"embeddable":true,"href":"https:\/\/phrase.com\/es\/wp-json\/wp\/v2\/comments?post=117244"}],"version-history":[{"count":4,"href":"https:\/\/phrase.com\/es\/wp-json\/wp\/v2\/pages\/117244\/revisions"}],"predecessor-version":[{"id":122639,"href":"https:\/\/phrase.com\/es\/wp-json\/wp\/v2\/pages\/117244\/revisions\/122639"}],"up":[{"embeddable":true,"href":"https:\/\/phrase.com\/es\/wp-json\/wp\/v2\/pages\/57530"}],"wp:attachment":[{"href":"https:\/\/phrase.com\/es\/wp-json\/wp\/v2\/media?parent=117244"}],"curies":[{"name":"wp","href":"https:\/\/api.w.org\/{rel}","templated":true}]}}