{"id":117290,"date":"2025-05-12T07:17:47","date_gmt":"2025-05-12T05:17:47","guid":{"rendered":"https:\/\/phrase.com\/ec-innovations\/"},"modified":"2025-10-06T10:20:54","modified_gmt":"2025-10-06T08:20:54","slug":"ec-innovations","status":"publish","type":"page","link":"https:\/\/phrase.com\/es\/partners\/ec-innovations\/","title":{"rendered":"EC Innovations"},"content":{"rendered":"\n<div class=\"wp-block-group alignfull is-style-copy has-transparent-background-color has-background has-global-padding is-content-justification-center is-layout-constrained wp-block-group-is-layout-constrained\" style=\"padding-top:var(--wp--preset--spacing--45);padding-bottom:var(--wp--preset--spacing--45)\">\n<div class=\"wp-block-group alignwide has-global-padding is-content-justification-center is-layout-constrained wp-container-core-group-is-layout-cefc1864 wp-block-group-is-layout-constrained\" style=\"padding-left:var(--wp--preset--spacing--56)\">\n<p class=\"has-text-align-center has-blue-color has-text-color has-link-color wp-elements-17287ce18ce2d9d19816c52e726b8ba7\">SOCIO DE PHRASE<\/p>\n\n\n\n<figure class=\"wp-block-image aligncenter size-full is-resized is-style-not-rounded\"><img loading=\"lazy\" decoding=\"async\" width=\"1328\" height=\"136\" src=\"https:\/\/phrase.com\/wp-content\/uploads\/2025\/05\/ec-innovations.png\" alt=\"Logotipo de EC Innovations\" class=\"wp-image-105254\" style=\"width:327px;height:auto\" srcset=\"https:\/\/phrase.com\/wp-content\/uploads\/2025\/05\/ec-innovations.png 1328w, https:\/\/phrase.com\/wp-content\/uploads\/2025\/05\/ec-innovations-300x31.png 300w, https:\/\/phrase.com\/wp-content\/uploads\/2025\/05\/ec-innovations-1024x105.png 1024w, https:\/\/phrase.com\/wp-content\/uploads\/2025\/05\/ec-innovations-768x79.png 768w\" sizes=\"auto, (max-width: 1328px) 100vw, 1328px\" \/><\/figure>\n\n\n\n<h3 class=\"wp-block-heading has-text-align-center has-medium-font-size\" id=\"h-unlock-new-worlds\" style=\"margin-bottom:var(--wp--preset--spacing--8);font-style:normal;font-weight:400\">Desbloquea nuevos mundos<\/h3>\n\n\n\n<p class=\"has-text-align-center\"><a href=\"https:\/\/www.ecinnovations.com\/\" target=\"_blank\" rel=\"noreferrer noopener\">ecinnovations.com<\/a><\/p>\n\n\n\n<div style=\"height:60px\" aria-hidden=\"true\" class=\"wp-block-spacer\"><\/div>\n\n\n\n<p class=\"has-text-align-center\" style=\"margin-top:0;margin-bottom:var(--wp--preset--spacing--40)\">En EC Innovations, proveemos localizaci\u00f3n a medida a gran escala. Nuestros equipos de tecn\u00f3logos, ling\u00fcistas y expertos trabajan de forma interconectada para entregar versiones localizadas aut\u00e9nticas de todos tus activos m\u00e1s importantes. Esto permite que tus clientes de diferentes ubicaciones geogr\u00e1ficas disfruten de una misma experiencia de gran calidad, all\u00e1 donde se encuentren.\u00a0\u00a0<\/p>\n\n\n\n<p class=\"has-text-align-center\">Nuestra pasi\u00f3n es entender los matices del idioma y el significado, el poder de la tecnolog\u00eda de traducci\u00f3n y la precisi\u00f3n de la terminolog\u00eda en todos los sectores clave que atendemos. Comenzamos como proveedores para otras empresas de traducci\u00f3n, y puede que haya sido la profundidad de esta experiencia lo que nos ha convertido en uno de los proveedores de servicios de idiomas multiling\u00fces con un crecimiento m\u00e1s r\u00e1pido de todo el mundo.\u00a0<br><br>Tenemos 14 oficinas repartidas de forma estrat\u00e9gica por todo el mundo, junto con sedes regionales en una zona horaria cercana a ti (Estados Unidos, Francia, China, Singapur). M\u00e1s de 650 empleados a tiempo completo se centran en brindar apoyo de traducci\u00f3n en m\u00e1s de 140 idiomas en 260 localizaciones. Nos encantar\u00eda poder ayudarte a ti tambi\u00e9n.<\/p>\n\n\n\n<p class=\"has-text-align-center\"><strong>Ubicaciones<br><\/strong><br>EE. UU. (Wilmington)<br>Singapur<br>Francia (Par\u00eds)<br>Reino Unido (Londres)<br>Dinamarca (Copenhague)<br>Jap\u00f3n (Tokio)<br>China (Pek\u00edn, Chengd\u00fa, Shenyang, Shangh\u00e1i, Chongqing, Hong Kong)<\/p>\n\n\n\n<div style=\"height:19px\" aria-hidden=\"true\" class=\"wp-block-spacer\"><\/div>\n\n\n\n<div class=\"wp-block-buttons is-content-justification-center is-layout-flex wp-container-core-buttons-is-layout-a89b3969 wp-block-buttons-is-layout-flex\">\n<div class=\"wp-block-button\"><a class=\"wp-block-button__link wp-element-button\" href=\"https:\/\/phrase.com\/es\/demo\/\" target=\"_blank\" rel=\"noreferrer noopener\">Ponte en contacto con nosotros<\/a><\/div>\n\n\n\n<div class=\"wp-block-button is-style-black-outline\"><a class=\"wp-block-button__link has-text-align-center wp-element-button\" href=\"https:\/\/www.ecinnovations.com\/\" target=\"_blank\" rel=\"noreferrer noopener\">Visita el sitio web<\/a><\/div>\n<\/div>\n<\/div>\n<\/div>\n\n\n\n<div class=\"wp-block-columns alignwide are-vertically-aligned-center is-style-default is-layout-flex wp-container-core-columns-is-layout-28f84493 wp-block-columns-is-layout-flex\">\n<div class=\"wp-block-column is-vertically-aligned-center is-layout-flow wp-container-core-column-is-layout-6220b9e6 wp-block-column-is-layout-flow\" style=\"flex-basis:100%\">\n<h2 class=\"wp-block-heading has-text-align-center has-extra-large-font-size\" id=\"h-services-offered\"><strong>Servicios ofrecidos<\/strong><\/h2>\n\n\n\n<div style=\"height:10px\" aria-hidden=\"true\" class=\"wp-block-spacer\"><\/div>\n\n\n\n<div class=\"wp-block-group is-content-justification-center is-nowrap is-layout-flex wp-container-core-group-is-layout-f52be266 wp-block-group-is-layout-flex\">\n<div class=\"wp-block-group is-vertical is-layout-flex wp-container-core-group-is-layout-9f8eab21 wp-block-group-is-layout-flex\">\n<ul class=\"wp-block-list\">\n<li><a href=\"https:\/\/www.ecinnovations.com\/services\/translation\/\" target=\"_blank\" rel=\"noreferrer noopener\">Traducci\u00f3n<br><\/a><\/li>\n\n\n\n<li><a href=\"https:\/\/www.ecinnovations.com\/services\/localization\/\" target=\"_blank\" rel=\"noreferrer noopener\">Localizaci\u00f3n<br><\/a><\/li>\n\n\n\n<li><a href=\"https:\/\/www.ecinnovations.com\/services\/multimedia\/\" target=\"_blank\" rel=\"noreferrer noopener\">Multimedia<\/a><\/li>\n<\/ul>\n<\/div>\n\n\n\n<div class=\"wp-block-group is-vertical is-layout-flex wp-container-core-group-is-layout-9f8eab21 wp-block-group-is-layout-flex\">\n<ul class=\"wp-block-list\">\n<li><a href=\"https:\/\/www.ecinnovations.com\/services\/games-service\/\">Servicios de videojuegos<\/a><br><\/li>\n\n\n\n<li><a href=\"https:\/\/www.ecinnovations.com\/services\/ip-patent\/\">IP y patentes<\/a><br><\/li>\n\n\n\n<li><a href=\"https:\/\/www.ecinnovations.com\/services\/interpretation\/\">Interpretaci\u00f3n<\/a><\/li>\n<\/ul>\n<\/div>\n\n\n\n<div class=\"wp-block-group is-vertical is-layout-flex wp-container-core-group-is-layout-9f8eab21 wp-block-group-is-layout-flex\">\n<ul class=\"wp-block-list\">\n<li><a href=\"https:\/\/www.ecinnovations.com\/services\/machine-translation\/\">Traducci\u00f3n autom\u00e1tica<\/a><br><\/li>\n\n\n\n<li><a href=\"https:\/\/www.ecinnovations.com\/services\/ai-data-services\/\">Servicios de datos de IA<\/a><br><\/li>\n<\/ul>\n<\/div>\n<\/div>\n<\/div>\n<\/div>\n\n\n\n<div class=\"wp-block-columns alignwide are-vertically-aligned-center is-style-default is-layout-flex wp-container-core-columns-is-layout-28f84493 wp-block-columns-is-layout-flex\">\n<div class=\"wp-block-column is-vertically-aligned-center is-layout-flow wp-container-core-column-is-layout-6220b9e6 wp-block-column-is-layout-flow\" style=\"flex-basis:100%\">\n<h2 class=\"wp-block-heading has-text-align-center has-extra-large-font-size\" id=\"h-credentials\"><strong><strong>Credenciales<\/strong><\/strong><\/h2>\n\n\n\n<div style=\"height:10px\" aria-hidden=\"true\" class=\"wp-block-spacer\"><\/div>\n\n\n\n<div class=\"wp-block-group is-content-justification-center is-nowrap is-layout-flex wp-container-core-group-is-layout-f52be266 wp-block-group-is-layout-flex\">\n<div class=\"wp-block-group is-vertical is-layout-flex wp-container-core-group-is-layout-9f8eab21 wp-block-group-is-layout-flex\">\n<ul class=\"wp-block-list\">\n<li>ISO 9001:2015 (Sistema de gesti\u00f3n de la calidad)<br><\/li>\n\n\n\n<li>ISO 17100:2015 (Proveedores de servicios de traducci\u00f3n)<br><\/li>\n\n\n\n<li>ISO 13485:2016 (Dispositivos m\u00e9dicos)<\/li>\n<\/ul>\n<\/div>\n\n\n\n<div class=\"wp-block-group is-vertical is-layout-flex wp-container-core-group-is-layout-9f8eab21 wp-block-group-is-layout-flex\">\n<ul class=\"wp-block-list\">\n<li>ISO 27001:2022 (Seguridad de la informaci\u00f3n)<br><\/li>\n\n\n\n<li>ISO 18587:2017 (Posedici\u00f3n de traducci\u00f3n autom\u00e1tica)<br><\/li>\n\n\n\n<li>ISO 14001:2015 (Sistema de gesti\u00f3n ambiental)<\/li>\n<\/ul>\n<\/div>\n<\/div>\n<\/div>\n<\/div>\n\n\n\n<div class=\"wp-block-group alignwide has-blue-10-background-color has-background has-global-padding is-content-justification-left is-layout-constrained wp-container-core-group-is-layout-12dd3699 wp-block-group-is-layout-constrained\"><div class=\"glide wp-block-phrase-com-testimonials\"><div class=\"glide__track\" data-glide-el=\"track\"><div class=\"glide__slides\"><\/div><\/div><\/div><\/div>\n\n\n\n<div class=\"wp-block-group alignwide has-yellow-background-color has-background has-global-padding is-layout-constrained wp-block-group-is-layout-constrained\" style=\"margin-top:var(--wp--preset--spacing--56)\">\n<div class=\"wp-block-group is-vertical is-content-justification-center is-layout-flex wp-container-core-group-is-layout-ce155fab wp-block-group-is-layout-flex\">\n<h2 class=\"wp-block-heading has-text-align-center\" id=\"h-discover-more-partners\">Encuentra m\u00e1s socios<\/h2>\n\n\n\n<p class=\"has-text-align-center\">Colaboramos con empresas tecnol\u00f3gicas l\u00edderes para asegurarnos de que tu equipo saque<br>el m\u00e1ximo partido a Phrase cada d\u00eda.<\/p>\n<\/div>\n\n\n\n<div class=\"wp-block-buttons is-content-justification-center is-layout-flex wp-container-core-buttons-is-layout-a89b3969 wp-block-buttons-is-layout-flex\">\n<div class=\"wp-block-button\"><a class=\"wp-block-button__link wp-element-button\" href=\"https:\/\/phrase.com\/es\/partners\/\" target=\"_blank\" rel=\"noreferrer noopener\">Programa de Phrase para socios<\/a><\/div>\n\n\n\n<div class=\"wp-block-button is-style-black-outline\"><a class=\"wp-block-button__link wp-element-button\" href=\"https:\/\/phrase.com\/es\/partners-inquiries\/\" target=\"_blank\" rel=\"noreferrer noopener\">Programa de referencia de socios<\/a><\/div>\n<\/div>\n<\/div>\n\n","protected":false},"excerpt":{"rendered":"<p>SOCIO DE PHRASE Desbloquea nuevos mundos ecinnovations.com En EC Innovations, proveemos localizaci\u00f3n a medida a gran escala. Nuestros equipos de tecn\u00f3logos, ling\u00fcistas y expertos trabajan de forma interconectada para entregar versiones localizadas aut\u00e9nticas de todos tus activos m\u00e1s importantes. Esto permite que tus clientes de diferentes ubicaciones geogr\u00e1ficas disfruten de una misma experiencia de gran [&hellip;]<\/p>\n","protected":false},"author":77,"featured_media":0,"parent":57530,"menu_order":1,"comment_status":"closed","ping_status":"closed","template":"page-refresh","meta":{"_acf_changed":false,"_stopmodifiedupdate":false,"_modified_date":"","_searchwp_excluded":"","episode_type":"","audio_file":"","podmotor_file_id":"","podmotor_episode_id":"","cover_image":"","cover_image_id":"","duration":"","filesize":"","filesize_raw":"","date_recorded":"","explicit":"","block":"","itunes_episode_number":"","itunes_title":"","itunes_season_number":"","itunes_episode_type":"","footnotes":""},"class_list":["post-117290","page","type-page","status-publish","hentry"],"acf":[],"_links":{"self":[{"href":"https:\/\/phrase.com\/es\/wp-json\/wp\/v2\/pages\/117290","targetHints":{"allow":["GET"]}}],"collection":[{"href":"https:\/\/phrase.com\/es\/wp-json\/wp\/v2\/pages"}],"about":[{"href":"https:\/\/phrase.com\/es\/wp-json\/wp\/v2\/types\/page"}],"author":[{"embeddable":true,"href":"https:\/\/phrase.com\/es\/wp-json\/wp\/v2\/users\/77"}],"replies":[{"embeddable":true,"href":"https:\/\/phrase.com\/es\/wp-json\/wp\/v2\/comments?post=117290"}],"version-history":[{"count":4,"href":"https:\/\/phrase.com\/es\/wp-json\/wp\/v2\/pages\/117290\/revisions"}],"predecessor-version":[{"id":121342,"href":"https:\/\/phrase.com\/es\/wp-json\/wp\/v2\/pages\/117290\/revisions\/121342"}],"up":[{"embeddable":true,"href":"https:\/\/phrase.com\/es\/wp-json\/wp\/v2\/pages\/57530"}],"wp:attachment":[{"href":"https:\/\/phrase.com\/es\/wp-json\/wp\/v2\/media?parent=117290"}],"curies":[{"name":"wp","href":"https:\/\/api.w.org\/{rel}","templated":true}]}}