{"id":119358,"date":"2023-10-19T15:54:35","date_gmt":"2023-10-19T13:54:35","guid":{"rendered":"https:\/\/phrase.com\/wise-st-global\/"},"modified":"2025-10-06T09:29:19","modified_gmt":"2025-10-06T07:29:19","slug":"wise-st-global","status":"publish","type":"page","link":"https:\/\/phrase.com\/es\/partners\/wise-st-global\/","title":{"rendered":"Wise ST Global"},"content":{"rendered":"\n<div id=\"acf\/text-block_89bbfcf897154e366670ce5fd5a85660\" class=\"pxblock pxblock--text spacing--default bg--white\">\n\n\t\n\t<div class=\"container\">\n\t\t<div class=\"wysiwyg animate-in block-center\">\n\t\t\t<p class=\"subhead\" style=\"text-align: center\">Phrase partner<\/p>\n<p style=\"text-align: center\"><img loading=\"lazy\" decoding=\"async\" class=\" wp-image-68156 aligncenter\" src=\"https:\/\/phrase.com\/wp-content\/uploads\/2023\/10\/Wise-ST-Global.png\" alt=\"Wise ST Global | Phrase\" width=\"101\" height=\"49\" \/><\/p>\n<p style=\"text-align: center\">Expand your business globally!<\/p>\n<p style=\"text-align: center\"><a href=\"https:\/\/www.wisest.co.kr\/\" target=\"_blank\" rel=\"noopener\"><span style=\"font-weight: 400\">www.wisest.co.kr<\/span><\/a><\/p>\n\t\t<\/div>\n\t<\/div>\n<\/div>\n\n\n\n<div id=\"acf\/columns-block_69348367343c19fdbd8cc400ab88a3ac\" class=\"pxblock pxblock--columns bg--grey\">\n\t\t<div class=\"container\">\n\n\t\t<div class=\"columns animate-in animate-children columns--text-text \">\n\t\t\t<div class=\"wysiwyg columns--text\"><div class=\"text-container\"><h1><span style=\"font-weight: 400\">Wise ST Global<\/span><\/h1>\n<p><span style=\"font-weight: 400\">Wise ST Global holds a prominent position in the international translation marketplace, offering customers transparent, user-friendly, and cost-effective services for their translation needs. Whether it&#8217;s documents, web content, or video content, it guarantees high-quality translations delivered with efficiency.\u00a0<\/span><\/p>\n<p><span style=\"font-weight: 400\">What sets it apart from other options available in the market, such as translation companies or online agencies, is WiseTranslate.net. Through this online portal, it connects customers with highly-rated, certified, native translators from around the world who consistently deliver exceptional translations.<\/span><\/p>\n<p><span style=\"font-weight: 400\">WiseTranslate.net is at the forefront of adopting and optimizing LLM technologies in translation workflows, enabling users to maximize the benefits of LLMs for enhanced productivity and quality. Visit their website and explore the innovative translation services offered.<\/span><\/p>\n<p>&nbsp;<\/p>\n<p class=\"label\" style=\"text-align: left\">Locations<\/p>\n<p style=\"text-align: left\">Korea, Republic of<\/p>\n<p>&nbsp;<\/p>\n<p class=\"label\">Contact<\/p>\n<p class=\"btn-group\"><a class=\"btn btn--primary\" href=\"https:\/\/phrase.com\/demo\/\">Get in touch\u00a0<\/a><a class=\"btn btn--outline\" href=\"https:\/\/www.wisest.co.kr\/\" target=\"_blank\" rel=\"noopener\">Visit website\u00a0<\/a><\/p>\n<\/div><\/div>\n\n\t\t\t\t\t\t<div class=\"wysiwyg columns--text\"><div class=\"text-container\"><p class=\"label\" style=\"text-align: left\">Services offered<\/p>\n<ul class=\"checklist--small\">\n<li>Translation services<\/li>\n<li>Online translation portal<\/li>\n<li>LLM prompt engineering<\/li>\n<li>Language data collection<\/li>\n<li>Customizing TMS for enterprises<\/li>\n<\/ul>\n<p>&nbsp;<\/p>\n<p class=\"label\">Credentials<\/p>\n<p><span style=\"font-weight: 400\">Samsung, <\/span><span style=\"font-weight: 400\">LG, <\/span><span style=\"font-weight: 400\">Hanhwa, <\/span><span style=\"font-weight: 400\">Hyundai, <\/span><span style=\"font-weight: 400\">Google, <\/span><span style=\"font-weight: 400\">Microsoft, <\/span><span style=\"font-weight: 400\">Avast, <\/span><span style=\"font-weight: 400\">Ansys, <\/span><span style=\"font-weight: 400\">Omron<\/span><\/p>\n<\/div><\/div>\n\t\t\t\t\t<\/div>\n\t<\/div>\n<\/div>\n\n\n\n<div id=\"acf\/feature-block_6753d0439c973ed5224775eb1cc38f17\" class=\"pxblock pxblock--feature alignfull bg--green\">\n\t\t<div class=\"container animate-in\">\n\t\t<div class=\"feature--header\"><h2 class=\"h1\">Encuentra m\u00e1s socios<\/h2><\/div>\n\t\t<div class=\"feature--content\">\n\t\t\t<h3>Nos asociamos con empresas l\u00edderes en tecnolog\u00eda para asegurarnos de que tu equipo obtenga m\u00e1s valor de Phrase todos los d\u00edas.<\/h3>\n\t\t\t\t\t<\/div>\n\n\t\t\t\t\t<div class=\"feature--btns btn-group btn-group--center\">\n\t\t\t\t\t\t\t\t\t<a href=\"https:\/\/phrase.com\/es\/partners\/\" class=\"btn btn--primary\">\n\t\t\t\t\t\tPrograma de socios de Phrase\t\t\t\t\t<\/a>\n\t\t\t\t\t\t\t\t\t\t<a href=\"https:\/\/phrase.com\/es\/partner-referrals\/\" class=\"btn btn--outline\">\n\t\t\t\t\t\tPrograma de referencia de socios\t\t\t\t\t<\/a>\n\t\t\t\t\t\t\t\t<\/div>\n\t\t\t<\/div>\n<\/div>\n","protected":false},"excerpt":{"rendered":"","protected":false},"author":6,"featured_media":0,"parent":57530,"menu_order":1,"comment_status":"closed","ping_status":"closed","template":"page-refresh","meta":{"_acf_changed":false,"_stopmodifiedupdate":false,"_modified_date":"","_searchwp_excluded":"","episode_type":"","audio_file":"","podmotor_file_id":"","podmotor_episode_id":"","cover_image":"","cover_image_id":"","duration":"","filesize":"","filesize_raw":"","date_recorded":"","explicit":"","block":"","itunes_episode_number":"","itunes_title":"","itunes_season_number":"","itunes_episode_type":"","footnotes":""},"class_list":["post-119358","page","type-page","status-publish","hentry"],"acf":[],"_links":{"self":[{"href":"https:\/\/phrase.com\/es\/wp-json\/wp\/v2\/pages\/119358","targetHints":{"allow":["GET"]}}],"collection":[{"href":"https:\/\/phrase.com\/es\/wp-json\/wp\/v2\/pages"}],"about":[{"href":"https:\/\/phrase.com\/es\/wp-json\/wp\/v2\/types\/page"}],"author":[{"embeddable":true,"href":"https:\/\/phrase.com\/es\/wp-json\/wp\/v2\/users\/6"}],"replies":[{"embeddable":true,"href":"https:\/\/phrase.com\/es\/wp-json\/wp\/v2\/comments?post=119358"}],"version-history":[{"count":2,"href":"https:\/\/phrase.com\/es\/wp-json\/wp\/v2\/pages\/119358\/revisions"}],"predecessor-version":[{"id":119363,"href":"https:\/\/phrase.com\/es\/wp-json\/wp\/v2\/pages\/119358\/revisions\/119363"}],"up":[{"embeddable":true,"href":"https:\/\/phrase.com\/es\/wp-json\/wp\/v2\/pages\/57530"}],"wp:attachment":[{"href":"https:\/\/phrase.com\/es\/wp-json\/wp\/v2\/media?parent=119358"}],"curies":[{"name":"wp","href":"https:\/\/api.w.org\/{rel}","templated":true}]}}