{"id":119610,"date":"2025-07-23T09:14:05","date_gmt":"2025-07-23T07:14:05","guid":{"rendered":"https:\/\/phrase.com\/slatorcon-silicon-valley\/"},"modified":"2025-10-06T09:36:35","modified_gmt":"2025-10-06T07:36:35","slug":"slatorcon-silicon-valley","status":"publish","type":"page","link":"https:\/\/phrase.com\/es\/events\/slatorcon-silicon-valley\/","title":{"rendered":"SlatorCon Silicon Valley"},"content":{"rendered":"\n<div class=\"wp-block-group alignwide is-style-header-hero has-lightblue-to-transparent-gradient-background has-background is-layout-flow wp-block-group-is-layout-flow\" style=\"padding-top:var(--wp--preset--spacing--70);padding-bottom:var(--wp--preset--spacing--70)\">\n<div class=\"wp-block-columns alignwide media-text-columns media-text-columns--media-right is-layout-flex wp-container-core-columns-is-layout-28f84493 wp-block-columns-is-layout-flex\">\n<div class=\"wp-block-column is-vertically-aligned-center is-layout-flow wp-container-core-column-is-layout-eb7cd7b9 wp-block-column-is-layout-flow\" style=\"padding-top:var(--wp--preset--spacing--16);padding-right:0;padding-bottom:var(--wp--preset--spacing--16);padding-left:0;flex-basis:80%\">\n<h1 class=\"wp-block-heading has-blue-color has-text-color has-link-color wp-elements-5ae41f81ec6b8e6d5b0abdfe4bfd02f0\" id=\"h-join-us-at-slatorcon-silicon-valley\" style=\"padding-right:0;padding-left:0\"><br>\u00danete a nosotros en SlatorCon<br>Silicon Valley<\/h1>\n\n\n\n<p style=\"padding-top:0;padding-right:var(--wp--preset--spacing--10);padding-bottom:0;padding-left:var(--wp--preset--spacing--10)\"><br>Conoce al equipo de Phrase en el evento l\u00edder mundial para la IA de idiomas y servicios ling\u00fc\u00edsticos, <strong>el 4 de septiembre<\/strong>. No te pierdas nuestro panel, <em>Tu motor de contenido es tan inteligente como los agentes que lo impulsan<\/em>, donde exploraremos c\u00f3mo los agentes de IA est\u00e1n transformando las operaciones de contenido empresarial. Estaremos all\u00ed durante todo el d\u00eda. Ven a saludar y aprende c\u00f3mo estamos ayudando a las organizaciones a trabajar de manera m\u00e1s inteligente, r\u00e1pida y a gran escala.<\/p>\n<\/div>\n\n\n\n<div class=\"wp-block-column is-vertically-aligned-center is-layout-flow wp-block-column-is-layout-flow\" style=\"flex-basis:57.2131147541%\">\n<figure class=\"wp-block-image aligncenter size-full has-custom-border\"><img loading=\"lazy\" decoding=\"async\" width=\"600\" height=\"400\" src=\"https:\/\/phrase.com\/wp-content\/uploads\/2025\/07\/Event-Landing-Pages-2025-23.jpg\" alt=\"\" class=\"wp-image-111228\" style=\"border-radius:25px\" srcset=\"https:\/\/phrase.com\/wp-content\/uploads\/2025\/07\/Event-Landing-Pages-2025-23.jpg 600w, https:\/\/phrase.com\/wp-content\/uploads\/2025\/07\/Event-Landing-Pages-2025-23-300x200.jpg 300w\" sizes=\"auto, (max-width: 600px) 100vw, 600px\" \/><\/figure>\n<\/div>\n<\/div>\n<\/div>\n\n\n\n<div class=\"wp-block-group alignwide has-global-padding is-layout-constrained wp-block-group-is-layout-constrained\">\n<div class=\"wp-block-group alignwide has-blue-10-background-color has-background has-background-images has-global-padding is-layout-constrained wp-container-core-group-is-layout-6c1f4a5c wp-block-group-is-layout-constrained\" style=\"margin-top:var(--wp--preset--spacing--10);padding-top:var(--wp--preset--spacing--70);padding-right:var(--wp--preset--spacing--70);padding-bottom:var(--wp--preset--spacing--70);padding-left:var(--wp--preset--spacing--70);background-image:url(https:\/\/phrase.com\/wp-content\/uploads\/2024\/06\/background-blue-fade-1.svg);background-position:0% 0%;background-attachment:scroll;background-repeat:no-repeat;background-size:cover\">\n<div class=\"wp-block-group alignwide is-layout-flow wp-block-group-is-layout-flow\">\n<h2 class=\"wp-block-heading has-text-align-left\" id=\"h-don-t-miss-our-panel-session\"><strong><strong><strong><strong><strong><strong>No te pierdas nuestra sesi\u00f3n de panel<\/strong><\/strong><\/strong><\/strong><\/strong><\/strong>:<\/h2>\n\n\n\n<h3 class=\"wp-block-heading has-text-align-left\" id=\"h-your-content-engine-is-only-as-smart-as-the-agents-driving-it\"><strong><strong><strong><strong>Tu motor de contenido es tan inteligente como los agentes que lo impulsan<\/strong><\/strong><\/strong><\/strong><\/h3>\n\n\n\n<p>En esta sesi\u00f3n moderada por Slator, expertos de marcas l\u00edderes se unir\u00e1n a Phrase para explorar c\u00f3mo los agentes de IA se est\u00e1n integrando en las operaciones de contenido empresarial para reducir el esfuerzo manual, simplificar los flujos de trabajo y escalar la creaci\u00f3n y entrega de contenido multiling\u00fce. Discutiremos c\u00f3mo estos agentes act\u00faan como intermediarios inteligentes, encargados de entregar resultados espec\u00edficos orquestando los sistemas, procesos y datos adecuados en el momento preciso.<\/p>\n\n\n\n<p>El panel compartir\u00e1 lecciones de implementaciones tempranas, revelar\u00e1 c\u00f3mo los agentes se est\u00e1n integrando en ecosistemas tecnol\u00f3gicos existentes y examinar\u00e1 el impacto empresarial medible, desde una ejecuci\u00f3n m\u00e1s r\u00e1pida hasta un alcance global m\u00e1s eficiente.\u00a0<\/p>\n\n\n\n<p>A medida que los ecosistemas de contenido se vuelven m\u00e1s complejos, los agentes de IA est\u00e1n surgiendo como un motor cr\u00edtico para la eficiencia operativa y la agilidad competitiva. \u00a1Esta es una sesi\u00f3n que no te puedes perder!<\/p>\n\n\n\n<p><strong>Fecha: <\/strong>4 de septiembre de 2025<\/p>\n\n\n\n<p><strong>Hora: <\/strong>3:10 PM &#8211; 3:45 PM PDT<\/p>\n\n\n\n<h4 class=\"wp-block-heading\" id=\"h-panelists\">Panelistas:<\/h4>\n\n\n\n<div class=\"wp-block-columns is-layout-flex wp-container-core-columns-is-layout-28f84493 wp-block-columns-is-layout-flex\">\n<div class=\"wp-block-column is-layout-flow wp-block-column-is-layout-flow\">\n<figure class=\"wp-block-image size-full is-resized is-style-rounded\"><img loading=\"lazy\" decoding=\"async\" width=\"200\" height=\"200\" src=\"https:\/\/phrase.com\/wp-content\/uploads\/2025\/07\/25.png\" alt=\"\" class=\"wp-image-111000\" style=\"width:200px\" srcset=\"https:\/\/phrase.com\/wp-content\/uploads\/2025\/07\/25.png 200w, https:\/\/phrase.com\/wp-content\/uploads\/2025\/07\/25-150x150.png 150w\" sizes=\"auto, (max-width: 200px) 100vw, 200px\" \/><\/figure>\n\n\n\n<p style=\"padding-right:110px\"><strong><strong><a href=\"https:\/\/www.linkedin.com\/in\/semihaltinay\/\" target=\"_blank\" rel=\"noreferrer noopener\">Semih Altinay<\/a><\/strong><\/strong><br><strong>VP de soluciones de IA, Phrase<\/strong><\/p>\n<\/div>\n\n\n\n<div class=\"wp-block-column is-layout-flow wp-block-column-is-layout-flow\">\n<figure class=\"wp-block-image size-full is-resized is-style-rounded\"><img loading=\"lazy\" decoding=\"async\" width=\"200\" height=\"200\" src=\"https:\/\/phrase.com\/wp-content\/uploads\/2025\/07\/26.png\" alt=\"\" class=\"wp-image-111010\" style=\"width:200px\" srcset=\"https:\/\/phrase.com\/wp-content\/uploads\/2025\/07\/26.png 200w, https:\/\/phrase.com\/wp-content\/uploads\/2025\/07\/26-150x150.png 150w\" sizes=\"auto, (max-width: 200px) 100vw, 200px\" \/><\/figure>\n\n\n\n<p style=\"padding-right:110px;padding-left:0px\"><strong><strong><a href=\"https:\/\/www.linkedin.com\/in\/jlopezmarcano\/\" target=\"_blank\" rel=\"noreferrer noopener\">Juan Lopez Marcano<\/a><\/strong><\/strong><br><strong>Ingeniero de software, aprendizaje autom\u00e1tico, Uber<\/strong><\/p>\n<\/div>\n\n\n\n<div class=\"wp-block-column is-layout-flow wp-block-column-is-layout-flow\">\n<figure class=\"wp-block-image size-full is-resized is-style-rounded\"><img loading=\"lazy\" decoding=\"async\" width=\"400\" height=\"400\" src=\"https:\/\/phrase.com\/wp-content\/uploads\/2025\/08\/Govind-Varadan-AWS-400px.jpg\" alt=\"\" class=\"wp-image-114577\" style=\"width:200px\" srcset=\"https:\/\/phrase.com\/wp-content\/uploads\/2025\/08\/Govind-Varadan-AWS-400px.jpg 400w, https:\/\/phrase.com\/wp-content\/uploads\/2025\/08\/Govind-Varadan-AWS-400px-300x300.jpg 300w, https:\/\/phrase.com\/wp-content\/uploads\/2025\/08\/Govind-Varadan-AWS-400px-150x150.jpg 150w\" sizes=\"auto, (max-width: 400px) 100vw, 400px\" \/><\/figure>\n\n\n\n<p style=\"padding-right:110px;padding-left:0px\"><a href=\"https:\/\/www.linkedin.com\/in\/govindarajan-varadan-6382b220\/\" target=\"_blank\" rel=\"noreferrer noopener\"><strong><strong>Govindarajan Varadan <\/strong><\/strong><br><\/a><strong>Gerente, Arquitectura de Soluciones, AWS<\/strong><\/p>\n\n\n\n<p style=\"padding-right:110px;padding-left:0px\"><\/p>\n<\/div>\n<\/div>\n\n\n\n<h4 class=\"wp-block-heading\" id=\"h-moderated-by\">Moderado por:<\/h4>\n\n\n\n<div class=\"wp-block-columns is-layout-flex wp-container-core-columns-is-layout-28f84493 wp-block-columns-is-layout-flex\">\n<div class=\"wp-block-column is-layout-flow wp-block-column-is-layout-flow\">\n<figure class=\"wp-block-image size-full is-resized is-style-rounded\"><img loading=\"lazy\" decoding=\"async\" width=\"400\" height=\"400\" src=\"https:\/\/phrase.com\/wp-content\/uploads\/2025\/07\/Anna-Wyndham-Head-of-Research-Slator-2-1.png\" alt=\"Anna-Wyndham-Head-of-Research-Slator\" class=\"wp-image-112027\" style=\"width:200px\" srcset=\"https:\/\/phrase.com\/wp-content\/uploads\/2025\/07\/Anna-Wyndham-Head-of-Research-Slator-2-1.png 400w, https:\/\/phrase.com\/wp-content\/uploads\/2025\/07\/Anna-Wyndham-Head-of-Research-Slator-2-1-300x300.png 300w, https:\/\/phrase.com\/wp-content\/uploads\/2025\/07\/Anna-Wyndham-Head-of-Research-Slator-2-1-150x150.png 150w\" sizes=\"auto, (max-width: 400px) 100vw, 400px\" \/><\/figure>\n\n\n\n<p style=\"padding-right:110px\"><strong><strong><a href=\"https:\/\/www.linkedin.com\/in\/anna-wyndham-859108100\/\" target=\"_blank\" rel=\"noreferrer noopener\">Anna Wyndham<\/a><\/strong><\/strong><br><strong>Jefe de Investigaci\u00f3n, Slator<\/strong><\/p>\n<\/div>\n\n\n\n<div class=\"wp-block-column is-layout-flow wp-block-column-is-layout-flow\">\n<p style=\"padding-right:110px;padding-left:0px\"><\/p>\n<\/div>\n\n\n\n<div class=\"wp-block-column is-layout-flow wp-block-column-is-layout-flow\">\n<p style=\"padding-right:110px;padding-left:0px\"><\/p>\n<\/div>\n<\/div>\n\n\n\n<h4 class=\"wp-block-heading\" id=\"h-key-takeaways\"><strong>Puntos clave:<\/strong><\/h4>\n\n\n\n<ul class=\"wp-block-list\">\n<li><strong>El papel de los agentes de IA en los ecosistemas de contenido empresarial: <\/strong>Entiende c\u00f3mo van m\u00e1s all\u00e1 de la automatizaci\u00f3n tradicional para coordinar sistemas, datos y flujos de trabajo en tiempo real.<br><\/li>\n\n\n\n<li><strong>Donde las organizaciones l\u00edderes est\u00e1n viendo resultados: <\/strong>Escucha c\u00f3mo las marcas l\u00edderes est\u00e1n desplegando agentes para acelerar la entrega global de contenido y mejorar la eficiencia operativa.<br><\/li>\n\n\n\n<li><strong>As\u00ed es una integraci\u00f3n efectiva: <\/strong>Descubre c\u00f3mo los agentes de IA encajan en los stacks tecnol\u00f3gicos existentes y c\u00f3mo pueden ayudar a crear ecosistemas de contenido m\u00e1s inteligentes y \u00e1giles.<br><\/li>\n\n\n\n<li><strong>Los resultados de negocio que importan: <\/strong>Descubre el valor medible que los agentes de IA est\u00e1n desbloqueando, desde una llegada al mercado m\u00e1s r\u00e1pida hasta una mayor eficiencia operativa.<br><\/li>\n\n\n\n<li><strong>Qu\u00e9 considerar antes de escalar la adopci\u00f3n de agentes de IA: <\/strong>Descubre las lecciones aprendidas en la implementaci\u00f3n, la gesti\u00f3n del cambio y c\u00f3mo alinear las capacidades de los agentes con las prioridades empresariales.<\/li>\n<\/ul>\n\n\n\n<div style=\"height:30px\" aria-hidden=\"true\" class=\"wp-block-spacer\"><\/div>\n\n\n\n<div class=\"wp-block-buttons is-content-justification-center is-layout-flex wp-container-core-buttons-is-layout-5b5683f2 wp-block-buttons-is-layout-flex\">\n<div class=\"wp-block-button\"><a class=\"wp-block-button__link wp-element-button\" href=\"https:\/\/slator.com\/event\/slatorcon-silicon-valley-2025\/\" target=\"_blank\" rel=\"noreferrer noopener\">Consulta la agenda completa y ap\u00fantate para asistir<\/a><\/div>\n<\/div>\n<\/div>\n<\/div>\n<\/div>\n\n\n\n<div class=\"wp-block-columns alignwide are-vertically-aligned-center media-text-columns media-text-columns--media-left is-layout-flex wp-container-core-columns-is-layout-28f84493 wp-block-columns-is-layout-flex\">\n<div class=\"wp-block-column is-vertically-aligned-center is-layout-flow wp-block-column-is-layout-flow\" style=\"flex-basis:57.2131147541%\">\n<figure class=\"wp-block-image size-full\"><img loading=\"lazy\" decoding=\"async\" width=\"698\" height=\"419\" src=\"https:\/\/phrase.com\/wp-content\/uploads\/2025\/07\/events-phrase.jpg\" alt=\"\" class=\"wp-image-111029\" srcset=\"https:\/\/phrase.com\/wp-content\/uploads\/2025\/07\/events-phrase.jpg 698w, https:\/\/phrase.com\/wp-content\/uploads\/2025\/07\/events-phrase-300x180.jpg 300w\" sizes=\"auto, (max-width: 698px) 100vw, 698px\" \/><\/figure>\n\n\n\n<div class=\"wp-block-buttons is-layout-flex wp-block-buttons-is-layout-flex\"><\/div>\n<\/div>\n\n\n\n<div class=\"wp-block-column is-vertically-aligned-center is-layout-flow wp-block-column-is-layout-flow\" style=\"flex-basis:41.9672131148%\">\n<h2 class=\"wp-block-heading has-extra-large-font-size\" id=\"h-meet-the-phrase-team\"><strong>Conoce al equipo de Phrase<\/strong><\/h2>\n\n\n\n<p>P\u00e1sate por nuestro stand, donde nuestro equipo estar\u00e1 disponible para contarte c\u00f3mo las organizaciones est\u00e1n usando <strong>flujos de trabajo agentic<\/strong>, <strong>automatizaci\u00f3n inteligente<\/strong> y <strong>estrategias de contenido adaptativas<\/strong> para reducir la complejidad y lograr resultados de negocio m\u00e1s inteligentes.<br><br>Descubre c\u00f3mo Phrase est\u00e1 ayudando a empresas globales a optimizar las operaciones de contenido, mejorar la calidad a gran escala y acelerar la creaci\u00f3n y entrega de contenido con IA.<\/p>\n<\/div>\n<\/div>\n\n\n\n<h2 class=\"wp-block-heading has-text-align-center\" id=\"h-more-on-the-latest-innovations-in-ai\" style=\"border-style:none;border-width:0px;padding-right:0;padding-left:0\"><strong><strong><strong>M\u00e1s sobre las \u00faltimas innovaciones en IA <\/strong><\/strong><\/strong><\/h2>\n\n\n<div class=\"alignwide wp-block-phrase-com-suggested-reading--hide-types alignwide wp-block-phrase-com-suggested-reading\"><div class=\"glide wp-block-phrase-com-suggested-reading__slider\"><div class=\"wp-block-phrase-com-suggested-reading__header\"><div class=\"wp-block-phrase-com-suggested-reading__controls\" data-glide-el=\"controls\"><button type=\"button\" class=\"glide__arrow wp-block-phrase-com-suggested-reading__prev-slide\" data-glide-dir=\"<\"><svg aria-hidden=\"true\" xmlns=\"http:\/\/www.w3.org\/2000\/svg\" width=\"22\" height=\"22\" fill=\"none\" viewBox=\"0 0 22 22\"><path fill=\"currentColor\" d=\"m10.191 11 3.01 3.036-.917.924L8.36 11l3.925-3.96.915.924L10.192 11Z\"\/><\/svg><span class=\"screen-reader-text\">Previous<\/span><\/button><button type=\"button\" class=\"glide__arrow wp-block-phrase-com-suggested-reading__next-slide\" data-glide-dir=\"&gt;\"><svg xmlns=\"http:\/\/www.w3.org\/2000\/svg\" width=\"22\" height=\"22\" fill=\"none\" viewBox=\"0 0 22 22\"><path fill=\"currentColor\" d=\"m11.809 11-3.01-3.036.916-.924L13.64 11l-3.925 3.96-.915-.924L11.808 11Z\"\/><\/svg><span class=\"screen-reader-text\">Next<\/span><\/button><\/div><\/div><div class=\"glide__track\" data-glide-el=\"track\"><div class=\"glide__slides\">\n&lt;!&#8211; wp:phrase-com\/suggested-reading-custom {&quot;imageId&quot;:98739,&quot;title&quot;:&quot;<strong><strong>Traducci\u00f3n Reimaginada con Contenido Multiling\u00fce Hiper-Personalizado\u00bb,\u00bbexcerpt\u00bb:\u00bbDescubre c\u00f3mo la generaci\u00f3n de contenido multiling\u00fce impulsada por IA crea mensajes culturalmente resonantes, mejorando el compromiso global a trav\u00e9s de la hiper-personalizaci\u00f3n.\u00bb,\u00bbtype\u00bb:\u00bbpost\u00bb,\u00bburl\u00bb:\u00bbhttps:\/\/multilingual.com\/translation-reimagined-with-hyper-personalized-multilingual-content\/\u00bb} \/&#8211;&gt;\n\n&lt;!&#8211; wp:phrase-com\/suggested-reading-custom {&quot;imageId&quot;:98732,&quot;title&quot;:&quot;<strong><strong>Localizaci\u00f3n en 2025 &#8211; Los ecosistemas y la IA son el futuro \u00ab,\u00bbexcerpt\u00bb:\u00bbGeorg Ell considera c\u00f3mo la IA y los ecosistemas est\u00e1n destinados a mejorar el contenido global, la personalizaci\u00f3n, la escalabilidad y la eficiencia operativa.\u00bb,\u00bbtype\u00bb:\u00bbpost\u00bb,\u00bburl\u00bb:\u00bbhttps:\/\/multilingual.com\/magazine\/january-2025\/the-localization-landscape-in-2025\/\u00bb} \/&#8211;&gt;\n\n&lt;!&#8211; wp:phrase-com\/suggested-reading-custom {&quot;imageId&quot;:109626,&quot;title&quot;:&quot;<strong><strong>Dentro de la Asociaci\u00f3n de Localizaci\u00f3n Cuadr\u00e1tica\u00bb,\u00bbexcerpt\u00bb:\u00bbPhrase, Acclaro, Sanity y Braze revelan c\u00f3mo un ecosistema conectado acelera el contenido, la CX y el crecimiento global en este panel de Slatorcon.\u00bb,\u00bbtype\u00bb:\u00bbpost\u00bb,\u00bburl\u00bb:\u00bbhttps:\/\/slator.com\/inside-the-quadratic-localization-partnership-between-phrase-acclaro-sanity-braze\/\u00bb} \/&#8211;&gt;\n<\/div><\/div><\/div><\/div>\n\n\n<div class=\"wp-block-group alignwide has-blue-10-background-color has-background has-global-padding is-layout-constrained wp-block-group-is-layout-constrained\" style=\"margin-top:var(--wp--preset--spacing--70)\">\n<h2 class=\"wp-block-heading has-text-align-center\" id=\"h-want-to-find-out-more\">\u00bfQuieres saber m\u00e1s?<\/h2>\n\n\n\n<div class=\"wp-block-buttons is-content-justification-center is-layout-flex wp-container-core-buttons-is-layout-a89b3969 wp-block-buttons-is-layout-flex\">\n<div class=\"wp-block-button\"><a class=\"wp-block-button__link wp-element-button\" href=\"https:\/\/phrase.com\/es\/contact\/\">Contacto<\/a><\/div>\n\n\n\n<div class=\"wp-block-button is-style-black-outline\"><a class=\"wp-block-button__link wp-element-button\" href=\"https:\/\/phrase.com\/es\/demo\/\">Solicita una demostraci\u00f3n<\/a><\/div>\n<\/div>\n<\/div>\n\n","protected":false},"excerpt":{"rendered":"<p>\u00danete a nosotros en SlatorConSilicon Valley Conoce al equipo de Phrase en el evento l\u00edder mundial para la IA de idiomas y servicios ling\u00fc\u00edsticos, el 4 de septiembre. No te pierdas nuestro panel, Tu motor de contenido es tan inteligente como los agentes que lo impulsan, donde exploraremos c\u00f3mo los agentes de IA est\u00e1n transformando [&hellip;]<\/p>\n","protected":false},"author":78,"featured_media":111228,"parent":61905,"menu_order":0,"comment_status":"closed","ping_status":"closed","template":"page-refresh","meta":{"_acf_changed":false,"_stopmodifiedupdate":false,"_modified_date":"","_searchwp_excluded":"","episode_type":"","audio_file":"","podmotor_file_id":"","podmotor_episode_id":"","cover_image":"","cover_image_id":"","duration":"","filesize":"","filesize_raw":"","date_recorded":"","explicit":"","block":"","itunes_episode_number":"","itunes_title":"","itunes_season_number":"","itunes_episode_type":"","footnotes":""},"class_list":["post-119610","page","type-page","status-publish","has-post-thumbnail","hentry"],"acf":[],"_links":{"self":[{"href":"https:\/\/phrase.com\/es\/wp-json\/wp\/v2\/pages\/119610","targetHints":{"allow":["GET"]}}],"collection":[{"href":"https:\/\/phrase.com\/es\/wp-json\/wp\/v2\/pages"}],"about":[{"href":"https:\/\/phrase.com\/es\/wp-json\/wp\/v2\/types\/page"}],"author":[{"embeddable":true,"href":"https:\/\/phrase.com\/es\/wp-json\/wp\/v2\/users\/78"}],"replies":[{"embeddable":true,"href":"https:\/\/phrase.com\/es\/wp-json\/wp\/v2\/comments?post=119610"}],"version-history":[{"count":1,"href":"https:\/\/phrase.com\/es\/wp-json\/wp\/v2\/pages\/119610\/revisions"}],"predecessor-version":[{"id":119611,"href":"https:\/\/phrase.com\/es\/wp-json\/wp\/v2\/pages\/119610\/revisions\/119611"}],"up":[{"embeddable":true,"href":"https:\/\/phrase.com\/es\/wp-json\/wp\/v2\/pages\/61905"}],"wp:featuredmedia":[{"embeddable":true,"href":"https:\/\/phrase.com\/es\/wp-json\/wp\/v2\/media\/111228"}],"wp:attachment":[{"href":"https:\/\/phrase.com\/es\/wp-json\/wp\/v2\/media?parent=119610"}],"curies":[{"name":"wp","href":"https:\/\/api.w.org\/{rel}","templated":true}]}}