{"id":119749,"date":"2024-07-23T14:33:41","date_gmt":"2024-07-23T12:33:41","guid":{"rendered":"https:\/\/phrase.com\/pagina-de-aterrizaje-de-prueba-contenido-sin-restricciones\/"},"modified":"2025-10-06T09:39:50","modified_gmt":"2025-10-06T07:39:50","slug":"test-landing-page-ungated-content","status":"publish","type":"page","link":"https:\/\/phrase.com\/es\/test-landing-page-ungated-content\/","title":{"rendered":"P\u00e1gina de aterrizaje de prueba &#8211; contenido sin restricciones"},"content":{"rendered":"\n<div id=\"acf\/hero-block_6dafda097a84746e65aeeb722a2cb9a6\" class=\"pxblock pxblock--hero alignfull bg--white\">\n\t\t<div class=\"container\">\n\t\t<div class=\"columns animate-in animate-children columns--middle media--right\">\n\t\t\t<div class=\"wysiwyg column columns--text\">\n\n\t\t\t\t\t\t\t\t<div class=\"text--subheader subhead\">Ebook gratuito <\/div>\n\t\t\t\t\n\t\t\t\t<div class=\"text--header\"><h1 class=\"secondary \">El libro de estrategias de localizaci\u00f3n para la comunicaci\u00f3n t\u00e9cnica y la documentaci\u00f3n<\/h1><\/div>\n\t\t\t\t<div class=\"text--copy\"><div class=\"column\">\n<ul class=\"checklist--small\">\n<li>Con escenarios del mundo real y un enfoque en la implementaci\u00f3n de la pila tecnol\u00f3gica adecuada,<\/li>\n<li>Este libro te equipa con las herramientas y el conocimiento para optimizar tu proceso de localizaci\u00f3n de manera efectiva.<\/li>\n<li>Sum\u00e9rgete y eleva tu comunicaci\u00f3n t\u00e9cnica y documentaci\u00f3n a una audiencia global con confianza.<\/li>\n<\/ul>\n<\/div>\n<\/div>\n\n\t\t\t\t\t\t\t<\/div>\n\t\t\t<div class=\"column columns--media\">\n\t\t\t\t\t\t\t\t\t<div class=\"hero-form\">\n\t\t\t\t\t\t<p>Click the button for instant access to your ebook.<\/p>\n<p>  hbspt.forms.create({<br \/>\n    region: \u00abna1\u00bb,<br \/>\n    portalId: \u00ab584311\u00bb,<br \/>\n    formId: \u00ab09ca3bf3-343d-4d94-a34a-16c9f6e33806\u00bb<br \/>\n  });<\/p>\n\t\t\t\t\t<\/div>\n\t\t\t\t\t\t\t<\/div>\n\t\t<\/div>\n\t<\/div>\n<\/div>\n\n\n\n<div id=\"acf\/form-block_2cf8dcd2e3f6b84cba3bda4a53908542\" class=\"pxblock pxblock--form alignfull columns--one bg--white\">\n\t\t<div class=\"container\">\n\t\t\t\t\t<div class=\"form animate-in\">\n\t\t\t\t<div class=\"form--sub-header\"><\/div>\n\t\t\t\t<div class=\"form--header\"><h2><\/h2><\/div>\n\t\t\t\t<div class=\"form--copy\"><p class=\"subhead\">Desc\u00e1rgalo gratis<\/p>\n<p class=\"h3\"><strong>Tu gu\u00eda completa para crear una estrategia robusta de documentaci\u00f3n multiling\u00fce<\/strong><\/p>\n<p>En este ebook, profundizamos en las complejidades de la preparaci\u00f3n para migraciones de contenido y memoria de traducci\u00f3n, mapeando contenido heredado a modelos meta, y estableciendo flujos de trabajo estrat\u00e9gicos para el \u00e9xito de la localizaci\u00f3n. Desde la configuraci\u00f3n de tuber\u00edas de publicaci\u00f3n hasta la planificaci\u00f3n de la migraci\u00f3n de datos de contenido y traducci\u00f3n, proporcionamos ideas pr\u00e1cticas y pasos accionables para navegar por las complejidades de la localizaci\u00f3n.<\/p>\n<ul class=\"checklist--small\">\n<li>Comprende la importancia de una estrategia s\u00f3lida de documentaci\u00f3n multiling\u00fce.<\/li>\n<li>Conoce las consideraciones clave antes de embarcarte en migraciones<\/li>\n<li>Establece flujos de trabajo estrat\u00e9gicos para el \u00e9xito de la localizaci\u00f3n.<\/li>\n<li>Configura las tuber\u00edas de publicaci\u00f3n para una salida \u00f3ptima.<\/li>\n<li>Implementa la pila tecnol\u00f3gica adecuada para una localizaci\u00f3n sin problemas.<\/li>\n<\/ul>\n<\/div>\n\t\t\t\t<div class=\"column form--holder\">\r\n\r\n  hbspt.forms.create({\r\n    region: \u00abna1\u00bb,\r\n    portalId: \u00ab584311\u00bb,\r\n    formId: \u00ab09ca3bf3-343d-4d94-a34a-16c9f6e33806\u00bb\r\n  });\r\n<\/div>\n\t\t\t<\/div>\n\t\t\t<\/div>\n<\/div>\n\n\n\n<div id=\"acf\/form-block_adc294417a23195d1db687e1b6a71b65\" class=\"pxblock pxblock--form alignfull columns--two bg--white\">\n\t\t<div class=\"container\">\n\t\t\t\t\t<div class=\"columns animate-in animate-children\">\n\t\t\t\t<div class=\"column\">\n\t\t\t\t\t\t\t\t\t\t<div class=\"form--copy\"><p class=\"subhead\" style=\"text-align: left\">Desc\u00e1rgalo gratis<\/p>\n<p class=\"h3\" style=\"text-align: left\"><strong>Tu gu\u00eda completa para crear una estrategia robusta de documentaci\u00f3n multiling\u00fce<\/strong><\/p>\n<p style=\"text-align: left\">En este ebook, profundizamos en las complejidades de la preparaci\u00f3n para migraciones de contenido y memoria de traducci\u00f3n, mapeando contenido heredado a modelos meta, y estableciendo flujos de trabajo estrat\u00e9gicos para el \u00e9xito de la localizaci\u00f3n. Desde la configuraci\u00f3n de tuber\u00edas de publicaci\u00f3n hasta la planificaci\u00f3n de la migraci\u00f3n de datos de contenido y traducci\u00f3n, proporcionamos ideas pr\u00e1cticas y pasos accionables para navegar por las complejidades de la localizaci\u00f3n.<\/p>\n<ul class=\"checklist--small\">\n<li style=\"text-align: left\">Comprende la importancia de una estrategia s\u00f3lida de documentaci\u00f3n multiling\u00fce.<\/li>\n<li style=\"text-align: left\">Conoce las consideraciones clave antes de embarcarte en migraciones<\/li>\n<li style=\"text-align: left\">Establece flujos de trabajo estrat\u00e9gicos para el \u00e9xito de la localizaci\u00f3n.<\/li>\n<li style=\"text-align: left\">Configura las tuber\u00edas de publicaci\u00f3n para una salida \u00f3ptima.<\/li>\n<li style=\"text-align: left\">Implementa la pila tecnol\u00f3gica adecuada para una localizaci\u00f3n sin problemas<\/li>\n<\/ul>\n<\/div>\n\t\t\t\t<\/div>\n\t\t\t\t<div class=\"column form--holder\">\r\n\r\n  hbspt.forms.create({\r\n    region: \u00abna1\u00bb,\r\n    portalId: \u00ab584311\u00bb,\r\n    formId: \u00ab09ca3bf3-343d-4d94-a34a-16c9f6e33806\u00bb\r\n  });\r\n<\/div>\n\t\t\t<\/div>\n\t\t\t<\/div>\n<\/div>\n\n","protected":false},"excerpt":{"rendered":"","protected":false},"author":4,"featured_media":0,"parent":0,"menu_order":0,"comment_status":"closed","ping_status":"closed","template":"page-refresh","meta":{"_acf_changed":false,"_stopmodifiedupdate":false,"_modified_date":"","_searchwp_excluded":"","episode_type":"","audio_file":"","podmotor_file_id":"","podmotor_episode_id":"","cover_image":"","cover_image_id":"","duration":"","filesize":"","filesize_raw":"","date_recorded":"","explicit":"","block":"","itunes_episode_number":"","itunes_title":"","itunes_season_number":"","itunes_episode_type":"","footnotes":""},"class_list":["post-119749","page","type-page","status-publish","hentry"],"acf":[],"_links":{"self":[{"href":"https:\/\/phrase.com\/es\/wp-json\/wp\/v2\/pages\/119749","targetHints":{"allow":["GET"]}}],"collection":[{"href":"https:\/\/phrase.com\/es\/wp-json\/wp\/v2\/pages"}],"about":[{"href":"https:\/\/phrase.com\/es\/wp-json\/wp\/v2\/types\/page"}],"author":[{"embeddable":true,"href":"https:\/\/phrase.com\/es\/wp-json\/wp\/v2\/users\/4"}],"replies":[{"embeddable":true,"href":"https:\/\/phrase.com\/es\/wp-json\/wp\/v2\/comments?post=119749"}],"version-history":[{"count":1,"href":"https:\/\/phrase.com\/es\/wp-json\/wp\/v2\/pages\/119749\/revisions"}],"predecessor-version":[{"id":119750,"href":"https:\/\/phrase.com\/es\/wp-json\/wp\/v2\/pages\/119749\/revisions\/119750"}],"wp:attachment":[{"href":"https:\/\/phrase.com\/es\/wp-json\/wp\/v2\/media?parent=119749"}],"curies":[{"name":"wp","href":"https:\/\/api.w.org\/{rel}","templated":true}]}}