{"id":119807,"date":"2023-05-17T11:00:00","date_gmt":"2023-05-17T09:00:00","guid":{"rendered":"https:\/\/phrase.com\/gpt\/"},"modified":"2025-10-06T09:41:25","modified_gmt":"2025-10-06T07:41:25","slug":"gpt","status":"publish","type":"page","link":"https:\/\/phrase.com\/es\/integrations\/gpt\/","title":{"rendered":"GPT"},"content":{"rendered":"\n<div id=\"acf\/hero-block_d94aa3c087c5850d4afd10f8c59e2c5b\" class=\"pxblock pxblock--hero bg--white\">\n\t\t<div class=\"container\">\n\t\t<div class=\"columns animate-in animate-children columns--middle media--right\">\n\t\t\t<div class=\"wysiwyg column columns--text\">\n\n\t\t\t\t\t\t\t\t<div class=\"text--subheader subhead\">S\u00fabete al futuro<\/div>\n\t\t\t\t\n\t\t\t\t<div class=\"text--header\"><h1 class=\" \">Ap\u00fantate a nuestro programa beta de GPT<\/h1><\/div>\n\t\t\t\t<div class=\"text--copy\"><p>Nuestro programa beta de traducci\u00f3n con GPT brinda una oportunidad \u00fanica de conocer de primera mano las \u00faltimas mejoras en inteligencia artificial. Al participar, te pondr\u00e1s a la vanguardia de la innovaci\u00f3n y nos ayudar\u00e1s a ofrecer aplicaciones \u00fatiles de modelos ling\u00fc\u00edsticos grandes de OpenAI en situaciones de localizaci\u00f3n reales.<br \/>\nReg\u00edstrate para disfrutar de las ventajas de esta integraci\u00f3n antes que nadie. Rellena el formulario de abajo y env\u00edanos tus datos. Nuestro equipo revisar\u00e1 la solicitud y se pondr\u00e1 en contacto contigo si te seleccionamos para participar.<\/p>\n<\/div>\n\n\t\t\t\t\t\t\t\t\t<div class=\"btn-group\">\n\t\t\t\t\t\t\t\t\t\t\t\t\t<a href=\"#apply\" class=\"btn btn--primary\">\n\t\t\t\t\t\t\t\tAp\u00fantate ahora\t\t\t\t\t\t\t<\/a>\n\t\t\t\t\t\t\t\t\t\t\t\t<\/div>\n\t\t\t\t\t\t\t<\/div>\n\t\t\t<div class=\"column columns--media\">\n\t\t\t\t\t\t\t\t\t<div class=\"media media--image\">\n    <img loading=\"lazy\" decoding=\"async\" width=\"1260\" height=\"1153\" src=\"https:\/\/phrase.com\/wp-content\/uploads\/2023\/05\/GPT_Beta_Program_Hero-e1684300539427.png\" class=\"attachment-original size-original\" alt=\"GPT beta program May 2023 cadence launch | Phrase\" srcset=\"https:\/\/phrase.com\/wp-content\/uploads\/2023\/05\/GPT_Beta_Program_Hero-e1684300539427.png 1260w, https:\/\/phrase.com\/wp-content\/uploads\/2023\/05\/GPT_Beta_Program_Hero-e1684300539427-300x275.png 300w, https:\/\/phrase.com\/wp-content\/uploads\/2023\/05\/GPT_Beta_Program_Hero-e1684300539427-1024x937.png 1024w, https:\/\/phrase.com\/wp-content\/uploads\/2023\/05\/GPT_Beta_Program_Hero-e1684300539427-768x703.png 768w\" sizes=\"auto, (max-width: 1260px) 100vw, 1260px\" \/><\/div>\n\t\t\t\t\t\t\t<\/div>\n\t\t<\/div>\n\t<\/div>\n<\/div>\n\n\n\n<div id=\"#registration\" class=\"pxblock pxblock--form columns--two bg--green\">\n\t\t<div class=\"container\">\n\t\t\t\t\t<div class=\"columns animate-in animate-children\">\n\t\t\t\t<div class=\"column\">\n\t\t\t\t\t\t\t\t\t\t<div class=\"form--copy\"><h2 id=\"apply\" class=\"h3\">Ap\u00fantate a nuestro programa beta de GPT<\/h2>\n<p>Si quieres disfrutar de las ventajas de esta integraci\u00f3n antes que nadie, rellena el formulario y nos podremos en contacto.<\/p>\n<\/div>\n\t\t\t\t<\/div>\n\t\t\t\t<div class=\"column form--holder\">\r\n\r\n  hbspt.forms.create({\r\n    region: \u00abna1\u00bb,\r\n    portalId: \u00ab584311\u00bb,\r\n    formId: \u00ab4592d227-ce73-45a5-bd05-b3a83148934e\u00bb\r\n  });\r\n<\/div>\n\t\t\t<\/div>\n\t\t\t<\/div>\n<\/div>\n\n\n\n<div id=\"acf\/text-block_876c465a029df45187ceb87468b2762e\" class=\"pxblock pxblock--text spacing--default bg--white\">\n\n\t\n\t<div class=\"container\">\n\t\t<div class=\"wysiwyg animate-in block-center\">\n\t\t\t<p class=\"subhead\" style=\"text-align: center\">Preguntas frecuentes<\/p>\n<h2 style=\"text-align: center\">Respuestas a tus preguntas sobre el programa beta de GPT<\/h2>\n\t\t<\/div>\n\t<\/div>\n<\/div>\n\n\n\n<div id=\"acf\/accordion-block_77ccf7bc4101d92ac0ad477261255a52\" class=\"pxblock pxblock--accordion bg--white \">\n\t\t<div class=\"container\">\n\t\t<div class=\"accordion animate-in\">\n\t\t\t\t\t\t\t\t\t<div class=\"accordion__tab\">\n\t\t\t\t<button class=\"heading toggle\" id=\"accordion_0\" aria-expanded=\"false\" aria-controls=\"accordion_section_0\">\n\t\t\t\t\t\t\t\t\t\t<div class=\"title\"><h3>\u00bfQu\u00e9 es el programa beta de GPT?<\/h3><\/div>\n\t\t\t\t\t<span class=\"icon\">\n\t\t\t\t\t\t<svg width=\"22\" height=\"13\" viewBox=\"0 0 22 13\" fill=\"none\" xmlns=\"http:\/\/www.w3.org\/2000\/svg\"><path d=\"M20.113 1.5 11 10.613 1.887 1.5\" stroke=\"#1080FC\" stroke-width=\"2\" stroke-linecap=\"round\"\/><\/svg>\n<\/span>\n\t\t\t\t<\/button>\n\t\t\t\t<div id=\"accordion_section_0\" class=\"content\" role=\"region\" aria-labelledby=\"accordion_0\">\n\t\t\t\t\t<div class=\"text wysiwyg \">\n\t\t\t\t\t\t<p>Es un programa exclusivo que otorga acceso anticipado a nuestra integraci\u00f3n con modelos ling\u00fc\u00edsticos grandes de OpenAI a los clientes seleccionados. Al participar en la beta, tendr\u00e1s la oportunidad de probar la traducci\u00f3n con GPT y Phrase antes que nadie.<\/p>\n\t\t\t\t\t<\/div>\n\t\t\t\t<\/div>\n\t\t\t<\/div><!-- .accordion__tab-->\n\n\t\t\t\t\t\t\t\t\t<div class=\"accordion__tab\">\n\t\t\t\t<button class=\"heading toggle\" id=\"accordion_1\" aria-expanded=\"false\" aria-controls=\"accordion_section_1\">\n\t\t\t\t\t\t\t\t\t\t<div class=\"title\"><h3>\u00bfQui\u00e9n puede participar en el programa beta?<\/h3><\/div>\n\t\t\t\t\t<span class=\"icon\">\n\t\t\t\t\t\t<svg width=\"22\" height=\"13\" viewBox=\"0 0 22 13\" fill=\"none\" xmlns=\"http:\/\/www.w3.org\/2000\/svg\"><path d=\"M20.113 1.5 11 10.613 1.887 1.5\" stroke=\"#1080FC\" stroke-width=\"2\" stroke-linecap=\"round\"\/><\/svg>\n<\/span>\n\t\t\t\t<\/button>\n\t\t\t\t<div id=\"accordion_section_1\" class=\"content\" role=\"region\" aria-labelledby=\"accordion_1\">\n\t\t\t\t\t<div class=\"text wysiwyg \">\n\t\t\t\t\t\t<p>Todo el mundo puede participar en el programa beta. Eso s\u00ed, ten en cuenta que enviar la solicitud no garantiza que te seleccionemos para participar. Elegiremos a un n\u00famero limitado de clientes para poder ofrecerles una experiencia de alta calidad.<\/p>\n\t\t\t\t\t<\/div>\n\t\t\t\t<\/div>\n\t\t\t<\/div><!-- .accordion__tab-->\n\n\t\t\t\t\t\t\t\t\t<div class=\"accordion__tab\">\n\t\t\t\t<button class=\"heading toggle\" id=\"accordion_2\" aria-expanded=\"false\" aria-controls=\"accordion_section_2\">\n\t\t\t\t\t\t\t\t\t\t<div class=\"title\"><h3>\u00bfCu\u00e1les son las ventajas de participar en el programa beta?<\/h3><\/div>\n\t\t\t\t\t<span class=\"icon\">\n\t\t\t\t\t\t<svg width=\"22\" height=\"13\" viewBox=\"0 0 22 13\" fill=\"none\" xmlns=\"http:\/\/www.w3.org\/2000\/svg\"><path d=\"M20.113 1.5 11 10.613 1.887 1.5\" stroke=\"#1080FC\" stroke-width=\"2\" stroke-linecap=\"round\"\/><\/svg>\n<\/span>\n\t\t\t\t<\/button>\n\t\t\t\t<div id=\"accordion_section_2\" class=\"content\" role=\"region\" aria-labelledby=\"accordion_2\">\n\t\t\t\t\t<div class=\"text wysiwyg \">\n\t\t\t\t\t\t<p>Al participar en el programa beta, tendr\u00e1s acceso a nuestra implementaci\u00f3n de GPT antes que nadie, ofreci\u00e9ndote una ventaja competitiva en el mercado. Adem\u00e1s, tendr\u00e1s la oportunidad de dar tu opini\u00f3n y aportar sugerencias para ayudarnos a moldear el futuro de nuestra integraci\u00f3n con modelos ling\u00fc\u00edsticos grandes de OpenAI.<\/p>\n\t\t\t\t\t<\/div>\n\t\t\t\t<\/div>\n\t\t\t<\/div><!-- .accordion__tab-->\n\n\t\t\t\t\t\t\t\t\t<div class=\"accordion__tab\">\n\t\t\t\t<button class=\"heading toggle\" id=\"accordion_3\" aria-expanded=\"false\" aria-controls=\"accordion_section_3\">\n\t\t\t\t\t\t\t\t\t\t<div class=\"title\"><h3>\u00bfC\u00f3mo sabr\u00e9 si me han seleccionado para participar en el programa beta?<\/h3><\/div>\n\t\t\t\t\t<span class=\"icon\">\n\t\t\t\t\t\t<svg width=\"22\" height=\"13\" viewBox=\"0 0 22 13\" fill=\"none\" xmlns=\"http:\/\/www.w3.org\/2000\/svg\"><path d=\"M20.113 1.5 11 10.613 1.887 1.5\" stroke=\"#1080FC\" stroke-width=\"2\" stroke-linecap=\"round\"\/><\/svg>\n<\/span>\n\t\t\t\t<\/button>\n\t\t\t\t<div id=\"accordion_section_3\" class=\"content\" role=\"region\" aria-labelledby=\"accordion_3\">\n\t\t\t\t\t<div class=\"text wysiwyg \">\n\t\t\t\t\t\t<p>Nuestro equipo revisar\u00e1 todas las solicitudes y se pondr\u00e1 en contacto con los participantes seleccionados por correo electr\u00f3nico. Ten en cuenta que, debido al alto volumen de solicitudes que recibimos, es posible que no podamos responder a todas ellas.<\/p>\n\t\t\t\t\t<\/div>\n\t\t\t\t<\/div>\n\t\t\t<\/div><!-- .accordion__tab-->\n\n\t\t\t\t\t<\/div><!-- .accordion-->\n\t<\/div><!-- .container-->\n<\/div>\n\n\n\n<div id=\"acf\/feature-block_4c8934e4b040a12768cdc96fac282d1a\" class=\"pxblock pxblock--feature alignfull bg--yellow\">\n\t\t<div class=\"container animate-in\">\n\t\t<div class=\"feature--header\"><h2 class=\"h1\">\u00bfTodo listo para empezar?<\/h2><\/div>\n\t\t<div class=\"feature--content\">\n\t\t\t<h3>Llega a audiencias m\u00e1s grandes y establece conexiones m\u00e1s profundas hoy mismo.<\/h3>\n\t\t\t\t\t<\/div>\n\n\t\t\t\t\t<div class=\"feature--btns btn-group btn-group--center\">\n\t\t\t\t\t\t\t\t\t<a href=\"https:\/\/phrase.com\/es\/demo\/\" class=\"btn btn--primary\">\n\t\t\t\t\t\tSolicita una demostraci\u00f3n\t\t\t\t\t<\/a>\n\t\t\t\t\t\t\t\t\t\t<a href=\"https:\/\/phrase.com\/es\/pricing\/\" class=\"btn btn--outline\">\n\t\t\t\t\t\tVer precios\t\t\t\t\t<\/a>\n\t\t\t\t\t\t\t\t<\/div>\n\t\t\t<\/div>\n<\/div>\n\n","protected":false},"excerpt":{"rendered":"","protected":false},"author":7,"featured_media":0,"parent":31700,"menu_order":0,"comment_status":"closed","ping_status":"closed","template":"page-refresh","meta":{"_acf_changed":false,"_stopmodifiedupdate":false,"_modified_date":"","_searchwp_excluded":"","episode_type":"","audio_file":"","podmotor_file_id":"","podmotor_episode_id":"","cover_image":"","cover_image_id":"","duration":"","filesize":"","filesize_raw":"","date_recorded":"","explicit":"","block":"","itunes_episode_number":"","itunes_title":"","itunes_season_number":"","itunes_episode_type":"","footnotes":""},"class_list":["post-119807","page","type-page","status-publish","hentry"],"acf":[],"_links":{"self":[{"href":"https:\/\/phrase.com\/es\/wp-json\/wp\/v2\/pages\/119807","targetHints":{"allow":["GET"]}}],"collection":[{"href":"https:\/\/phrase.com\/es\/wp-json\/wp\/v2\/pages"}],"about":[{"href":"https:\/\/phrase.com\/es\/wp-json\/wp\/v2\/types\/page"}],"author":[{"embeddable":true,"href":"https:\/\/phrase.com\/es\/wp-json\/wp\/v2\/users\/7"}],"replies":[{"embeddable":true,"href":"https:\/\/phrase.com\/es\/wp-json\/wp\/v2\/comments?post=119807"}],"version-history":[{"count":1,"href":"https:\/\/phrase.com\/es\/wp-json\/wp\/v2\/pages\/119807\/revisions"}],"predecessor-version":[{"id":119808,"href":"https:\/\/phrase.com\/es\/wp-json\/wp\/v2\/pages\/119807\/revisions\/119808"}],"up":[{"embeddable":true,"href":"https:\/\/phrase.com\/es\/wp-json\/wp\/v2\/pages\/31700"}],"wp:attachment":[{"href":"https:\/\/phrase.com\/es\/wp-json\/wp\/v2\/media?parent=119807"}],"curies":[{"name":"wp","href":"https:\/\/api.w.org\/{rel}","templated":true}]}}