{"id":121475,"date":"2024-06-13T11:10:17","date_gmt":"2024-06-13T09:10:17","guid":{"rendered":"https:\/\/phrase.com\/anuncios-marca\/"},"modified":"2025-10-06T10:24:01","modified_gmt":"2025-10-06T08:24:01","slug":"brand-2","status":"publish","type":"page","link":"https:\/\/phrase.com\/es\/campaign\/brand-2\/","title":{"rendered":"Anuncios &#8211; Marca"},"content":{"rendered":"\n<div class=\"wp-block-group alignwide is-style-header-hero has-white-color has-green-80-background-color has-text-color has-background has-link-color has-background-images wp-elements-b5e0da6fb35c16b18d6794ec881d0ece is-layout-flow wp-block-group-is-layout-flow\" style=\"padding-top:var(--wp--preset--spacing--70);padding-bottom:var(--wp--preset--spacing--70);background-image:url(https:\/\/phrase.com\/wp-content\/uploads\/2024\/03\/Subhero-Header-Image-Green-Phrase-TMS.png.webp);background-position:0% 0%;background-attachment:scroll;background-repeat:no-repeat;background-size:cover\"><div class=\"yoast-breadcrumbs\"><span><span><a href=\"https:\/\/phrase.com\/es\/\">Home<\/a><\/span> | <span class=\"breadcrumb_last\" aria-current=\"page\">\u00bfPor qu\u00e9 Phrase?<\/span><\/span><\/div>\n\n\n<h1 class=\"wp-block-heading\" id=\"h-unlock-language-unlock-opportunity\">Desbloquea el idioma.<br>Desbloquea la oportunidad.<a href=\"https:\/\/phrase.com\/lp\/brand\/clkg\/https\/phrase.com\/demo\/\" target=\"_blank\" rel=\"noreferrer noopener\"><\/a><a href=\"https:\/\/phrase.com\/lp\/software-translation\/clkg\/https\/phrase.com\/demo\/\" target=\"_blank\" rel=\"noreferrer noopener\"><\/a><\/h1>\n\n\n\n<p class=\"has-phrase-green-color has-text-color has-link-color wp-elements-55f2d567ff9313f955737d30f56d80f9\">Abre la puerta a los negocios globales y fomenta el crecimiento <br>con el software de traducci\u00f3n m\u00e1s potente y conectivo del mundo, <br>y plataforma de localizaci\u00f3n personalizable.\u00a0<\/p>\n\n\n\n<div class=\"wp-block-buttons is-layout-flex wp-block-buttons-is-layout-flex\">\n<div class=\"wp-block-button is-style-phrase-green-filled\"><a class=\"wp-block-button__link wp-element-button\" href=\"https:\/\/phrase.com\/es\/demo\/\">Solicita una demostraci\u00f3n<\/a><\/div>\n<\/div>\n<\/div>\n\n\n\n<div class=\"wp-block-group alignwide has-light-grey-background-color has-background has-background-images is-vertical is-layout-flex wp-container-core-group-is-layout-629585ae wp-block-group-is-layout-flex\" style=\"margin-top:var(--wp--preset--spacing--10);background-image:url(https:\/\/phrase.com\/wp-content\/uploads\/2024\/03\/svgexport-1-8.svg),url(https:\/\/phrase.com\/wp-content\/uploads\/2024\/03\/svgexport-1-9.svg);background-position:100% 100%,-4% 600%;background-attachment:scroll,scroll;background-repeat:no-repeat,no-repeat;background-size:auto,auto\">\n<ul class=\"wp-block-list is-style-checkmark has-large-font-size\">\n<li class=\"has-medium-font-size\">Automatiza los flujos de trabajo de traducci\u00f3n y gestiona los proyectos de localizaci\u00f3n con facilidad<\/li>\n\n\n\n<li class=\"has-medium-font-size\">Gestiona todo el contenido de tus productos en un solo lugar y reduce los plazos de entrega a la mitad.<\/li>\n\n\n\n<li class=\"has-medium-font-size\">Crea y gestiona traducciones de alta calidad m\u00e1s r\u00e1pido, m\u00e1s barato y m\u00e1s sencillo<\/li>\n<\/ul>\n<\/div>\n\n\n\n<div class=\"wp-block-group alignwide is-content-justification-center is-layout-flex wp-container-core-group-is-layout-9f188630 wp-block-group-is-layout-flex\" style=\"padding-top:var(--wp--preset--spacing--16);padding-bottom:var(--wp--preset--spacing--16)\">\n<figure class=\"wp-block-image size-full is-resized\"><img loading=\"lazy\" decoding=\"async\" width=\"300\" height=\"43\" src=\"https:\/\/phrase.com\/wp-content\/uploads\/2024\/02\/Lionbridge_Logo-300x43-1.png\" alt=\"\" class=\"wp-image-75740\" style=\"width:auto;height:19px\"\/><\/figure>\n\n\n\n<figure class=\"wp-block-image size-full is-resized\"><img loading=\"lazy\" decoding=\"async\" width=\"128\" height=\"45\" src=\"https:\/\/phrase.com\/wp-content\/uploads\/2024\/02\/Uber_Logo.png\" alt=\"\" class=\"wp-image-75746\" style=\"width:auto;height:20px\"\/><\/figure>\n\n\n\n<figure class=\"wp-block-image size-full is-resized\"><img loading=\"lazy\" decoding=\"async\" width=\"332\" height=\"90\" src=\"https:\/\/phrase.com\/wp-content\/uploads\/2023\/10\/deliveroo_logo.png\" alt=\"Deliveroo logo | Phrase\" class=\"wp-image-66535\" style=\"width:114px;height:auto\" srcset=\"https:\/\/phrase.com\/wp-content\/uploads\/2023\/10\/deliveroo_logo.png 332w, https:\/\/phrase.com\/wp-content\/uploads\/2023\/10\/deliveroo_logo-300x81.png 300w\" sizes=\"auto, (max-width: 332px) 100vw, 332px\" \/><\/figure>\n\n\n\n<figure class=\"wp-block-image size-full is-resized\"><img loading=\"lazy\" decoding=\"async\" width=\"20933\" height=\"4584\" src=\"https:\/\/phrase.com\/wp-content\/uploads\/2024\/05\/Tripadvisor_Logo_horizontal-lockup_registered_RGB-01.png\" alt=\"\" class=\"wp-image-83505\" style=\"width:169px;height:auto\"\/><\/figure>\n\n\n\n<figure class=\"wp-block-image size-full is-resized\"><img loading=\"lazy\" decoding=\"async\" width=\"227\" height=\"113\" src=\"https:\/\/phrase.com\/wp-content\/uploads\/2024\/02\/Puma_logo.svg\" alt=\"Puma logo | Phrase\" class=\"wp-image-75541\" style=\"width:auto;height:30px\"\/><\/figure>\n\n\n\n<figure class=\"wp-block-image size-full is-resized\"><img loading=\"lazy\" decoding=\"async\" width=\"220\" height=\"46\" src=\"https:\/\/phrase.com\/wp-content\/uploads\/2023\/04\/zendesk_logo-1.png\" alt=\"Zendesk logo colored for logo banner | Phrase\" class=\"wp-image-45659\" style=\"width:120px;height:auto\"\/><\/figure>\n\n\n\n<figure class=\"wp-block-image size-full is-resized\"><img loading=\"lazy\" decoding=\"async\" width=\"314\" height=\"79\" src=\"https:\/\/phrase.com\/wp-content\/uploads\/2023\/10\/Decathlon_logo.png\" alt=\"Decathlon logo | Phrase\" class=\"wp-image-66541\" style=\"width:auto;height:30px\" srcset=\"https:\/\/phrase.com\/wp-content\/uploads\/2023\/10\/Decathlon_logo.png 314w, https:\/\/phrase.com\/wp-content\/uploads\/2023\/10\/Decathlon_logo-300x75.png 300w\" sizes=\"auto, (max-width: 314px) 100vw, 314px\" \/><\/figure>\n<\/div>\n\n\n\n<div class=\"wp-block-group alignwide has-light-grey-color has-blue-background-color has-text-color has-background has-link-color wp-elements-4d522cb7693fd6c89b891866732b7e8a has-global-padding is-layout-constrained wp-block-group-is-layout-constrained\">\n<h2 class=\"wp-block-heading alignwide has-text-align-center has-extra-large-font-size\" id=\"h-la-solucion-de-localizacion-mas-completa-y-fiable-que-ofrece-niveles-de-personalizacion-automatizacion-e-informacion-a-gran-escala-sin-parangon-para-que-llegues-a-nuevos-mercados-y-crezcas-internacionalmente\">\u00abLa soluci\u00f3n de localizaci\u00f3n m\u00e1s completa y fiable, que ofrece niveles de personalizaci\u00f3n, automatizaci\u00f3n e informaci\u00f3n a gran escala sin parang\u00f3n, para que llegues a nuevos mercados y crezcas internacionalmente\u00bb<\/h2>\n\n\n\n<p class=\"has-text-align-center has-yellow-color has-text-color has-link-color has-large-font-size wp-elements-8b412458461f6e85bee54a7c7df57e62\">\u00abThe Total Economic Impact of Using Phrase (TEI)\u00bb, de Forrester Consulting<\/p>\n\n\n\n<div class=\"wp-block-columns alignwide is-not-stacked-on-mobile is-style-image-grid is-layout-flex wp-container-core-columns-is-layout-87527e6a wp-block-columns-is-layout-flex\" style=\"padding-right:var(--wp--preset--spacing--70);padding-left:var(--wp--preset--spacing--70)\">\n<div class=\"wp-block-column is-vertically-aligned-bottom is-layout-flow wp-block-column-is-layout-flow\">\n<figure class=\"wp-block-image aligncenter size-full is-resized\"><img loading=\"lazy\" decoding=\"async\" width=\"770\" height=\"1000\" src=\"https:\/\/phrase.com\/wp-content\/uploads\/2024\/06\/medal-3.png\" alt=\"Insignia de G2 Leader Winter 2025\" class=\"wp-image-97205\" style=\"width:66px;height:auto\" srcset=\"https:\/\/phrase.com\/wp-content\/uploads\/2024\/06\/medal-3.png 770w, https:\/\/phrase.com\/wp-content\/uploads\/2024\/06\/medal-3-231x300.png 231w, https:\/\/phrase.com\/wp-content\/uploads\/2024\/06\/medal-3-768x997.png 768w\" sizes=\"auto, (max-width: 770px) 100vw, 770px\" \/><figcaption class=\"wp-element-caption\">G2 Satisfaction Scoring<\/figcaption><\/figure>\n<\/div>\n\n\n\n<div class=\"wp-block-column is-vertically-aligned-bottom is-layout-flow wp-block-column-is-layout-flow\">\n<figure class=\"wp-block-image aligncenter size-full is-resized\"><img loading=\"lazy\" decoding=\"async\" width=\"770\" height=\"1000\" src=\"https:\/\/phrase.com\/wp-content\/uploads\/2024\/06\/medal-4.png\" alt=\"Insignia de G2 Leader Enterprise Winter 2025\" class=\"wp-image-97213\" style=\"width:66px;height:auto\" srcset=\"https:\/\/phrase.com\/wp-content\/uploads\/2024\/06\/medal-4.png 770w, https:\/\/phrase.com\/wp-content\/uploads\/2024\/06\/medal-4-231x300.png 231w, https:\/\/phrase.com\/wp-content\/uploads\/2024\/06\/medal-4-768x997.png 768w\" sizes=\"auto, (max-width: 770px) 100vw, 770px\" \/><figcaption class=\"wp-element-caption\">G2 Satisfaction Scoring<\/figcaption><\/figure>\n<\/div>\n\n\n\n<div class=\"wp-block-column is-vertically-aligned-bottom is-layout-flow wp-block-column-is-layout-flow\">\n<figure class=\"wp-block-image aligncenter size-full is-resized\"><img loading=\"lazy\" decoding=\"async\" width=\"488\" height=\"488\" src=\"https:\/\/phrase.com\/wp-content\/uploads\/2024\/04\/Nimdzi-logo.svg\" alt=\"\" class=\"wp-image-81354\" style=\"width:85px;height:auto\"\/><figcaption class=\"wp-element-caption\">Nimdzi New Visionary <\/figcaption><\/figure>\n<\/div>\n\n\n\n<div class=\"wp-block-column is-vertically-aligned-bottom is-layout-flow wp-block-column-is-layout-flow\">\n<figure class=\"wp-block-image aligncenter size-large is-resized\"><img loading=\"lazy\" decoding=\"async\" width=\"156\" height=\"78\" src=\"https:\/\/phrase.com\/wp-content\/uploads\/2024\/02\/Group-39909.svg\" alt=\"\" class=\"wp-image-75728\" style=\"width:156px;height:auto\"\/><figcaption class=\"wp-element-caption\">Valoraci\u00f3n: 9,1\/10<\/figcaption><\/figure>\n<\/div>\n\n\n\n<div class=\"wp-block-column is-vertically-aligned-bottom is-layout-flow wp-block-column-is-layout-flow\">\n<figure class=\"wp-block-image aligncenter size-large\"><img loading=\"lazy\" decoding=\"async\" width=\"120\" height=\"78\" src=\"https:\/\/phrase.com\/wp-content\/uploads\/2024\/02\/Group-39910.svg\" alt=\"\" class=\"wp-image-75734\"\/><figcaption class=\"wp-element-caption\">Valoraci\u00f3n: 4,6\/5<\/figcaption><\/figure>\n<\/div>\n<\/div>\n<\/div>\n\n\n\n<div class=\"wp-block-group alignwide has-yellow-background-color has-background has-global-padding is-layout-constrained wp-block-group-is-layout-constrained\">\n<h2 class=\"wp-block-heading has-text-align-center\" id=\"h-want-to-find-out-more\">\u00bfQuieres saber m\u00e1s?<\/h2>\n\n\n\n<div class=\"wp-block-buttons is-content-justification-center is-layout-flex wp-container-core-buttons-is-layout-a89b3969 wp-block-buttons-is-layout-flex\">\n<div class=\"wp-block-button\"><a class=\"wp-block-button__link wp-element-button\" href=\"https:\/\/phrase.com\/es\/demo\/\">Ponte en contacto<\/a><\/div>\n<\/div>\n<\/div>\n\n","protected":false},"excerpt":{"rendered":"<p>Desbloquea el idioma.Desbloquea la oportunidad. Abre la puerta a los negocios globales y fomenta el crecimiento con el software de traducci\u00f3n m\u00e1s potente y conectivo del mundo, y plataforma de localizaci\u00f3n personalizable.\u00a0 \u00bfQuieres saber m\u00e1s?<\/p>\n","protected":false},"author":63,"featured_media":7474,"parent":121387,"menu_order":0,"comment_status":"closed","ping_status":"closed","template":"page-refresh","meta":{"_acf_changed":false,"_stopmodifiedupdate":false,"_modified_date":"","_searchwp_excluded":"","episode_type":"","audio_file":"","podmotor_file_id":"","podmotor_episode_id":"","cover_image":"","cover_image_id":"","duration":"","filesize":"","filesize_raw":"","date_recorded":"","explicit":"","block":"","itunes_episode_number":"","itunes_title":"","itunes_season_number":"","itunes_episode_type":"","footnotes":""},"class_list":["post-121475","page","type-page","status-publish","has-post-thumbnail","hentry"],"acf":[],"_links":{"self":[{"href":"https:\/\/phrase.com\/es\/wp-json\/wp\/v2\/pages\/121475","targetHints":{"allow":["GET"]}}],"collection":[{"href":"https:\/\/phrase.com\/es\/wp-json\/wp\/v2\/pages"}],"about":[{"href":"https:\/\/phrase.com\/es\/wp-json\/wp\/v2\/types\/page"}],"author":[{"embeddable":true,"href":"https:\/\/phrase.com\/es\/wp-json\/wp\/v2\/users\/63"}],"replies":[{"embeddable":true,"href":"https:\/\/phrase.com\/es\/wp-json\/wp\/v2\/comments?post=121475"}],"version-history":[{"count":1,"href":"https:\/\/phrase.com\/es\/wp-json\/wp\/v2\/pages\/121475\/revisions"}],"predecessor-version":[{"id":121476,"href":"https:\/\/phrase.com\/es\/wp-json\/wp\/v2\/pages\/121475\/revisions\/121476"}],"up":[{"embeddable":true,"href":"https:\/\/phrase.com\/es\/wp-json\/wp\/v2\/pages\/121387"}],"wp:featuredmedia":[{"embeddable":true,"href":"https:\/\/phrase.com\/es\/wp-json\/wp\/v2\/media\/7474"}],"wp:attachment":[{"href":"https:\/\/phrase.com\/es\/wp-json\/wp\/v2\/media?parent=121475"}],"curies":[{"name":"wp","href":"https:\/\/api.w.org\/{rel}","templated":true}]}}