{"id":122076,"date":"2025-06-04T11:34:54","date_gmt":"2025-06-04T09:34:54","guid":{"rendered":"https:\/\/phrase.com\/phrase-language-ai\/"},"modified":"2025-10-06T10:46:35","modified_gmt":"2025-10-06T08:46:35","slug":"phrase-language-ai","status":"publish","type":"page","link":"https:\/\/phrase.com\/es\/phrase-language-ai\/","title":{"rendered":"Phrase Language AI"},"content":{"rendered":"\n<div class=\"wp-block-group alignwide is-style-header-hero has-black-color has-blue-10-background-color has-text-color has-background has-link-color has-background-images wp-elements-7785e4d28f37df293ff81ba9571ff6ff is-layout-flow wp-block-group-is-layout-flow\" style=\"padding-top:var(--wp--preset--spacing--70);padding-bottom:var(--wp--preset--spacing--70);background-image:url(https:\/\/phrase.com\/wp-content\/uploads\/2024\/03\/Subhero-Header-BlockColour-Language-AI.png.webp);background-position:0% 0%;background-attachment:scroll;background-repeat:no-repeat;background-size:cover\"><div class=\"yoast-breadcrumbs\"><span><span><a href=\"https:\/\/phrase.com\/es\/\">Home<\/a><\/span> | <span class=\"breadcrumb_last\" aria-current=\"page\">Phrase Language AI<\/span><\/span><\/div>\n\n\n<h1 class=\"wp-block-heading has-black-color has-text-color has-link-color wp-elements-0466aff16bc8bed4cf98648d57a94035\" id=\"h-boost-your-translation-with-ai-powered-machine-translation-software\" style=\"padding-top:0;padding-right:0;padding-bottom:0;padding-left:0\">Impulsa tu traducci\u00f3n <br \/>con traducci\u00f3n autom\u00e1tica impulsada por IA <br \/><a href=\"https:\/\/phrase.com\/lp\/software-translation\/clkg\/https\/phrase.com\/demo\/\" target=\"_blank\" rel=\"noreferrer noopener\"><\/a><\/h1>\n\n\n\n<p class=\"has-blue-80-color has-text-color has-link-color wp-elements-d5b7839d0a6a9d780662d83bdf195e59\">Saca partido al potencial de la traducci\u00f3n autom\u00e1tica para lograr traducciones precisas y r\u00e1pidas <br \/>y traducciones fiables para adelantarte a tu competencia internacional<\/p>\n\n\n\n<div class=\"wp-block-buttons is-layout-flex wp-block-buttons-is-layout-flex\">\n<div class=\"wp-block-button is-style-dark-blue-filled\"><a class=\"wp-block-button__link wp-element-button\" href=\"https:\/\/phrase.com\/es\/demo\/\">Solicita una demostraci\u00f3n<\/a><\/div>\n<\/div>\n\n\n\n<div class=\"wp-block-group alignwide is-nowrap is-layout-flex wp-container-core-group-is-layout-929df6c8 wp-block-group-is-layout-flex\" style=\"padding-top:var(--wp--preset--spacing--16)\">\n<figure class=\"wp-block-image size-full is-resized\"><img loading=\"lazy\" decoding=\"async\" width=\"258\" height=\"258\" src=\"https:\/\/phrase.com\/wp-content\/uploads\/2024\/04\/G2_logo_testimonial-1-edited.png\" alt=\"Logo de G2 | Phrase\" class=\"wp-image-81832\" style=\"width:72px;height:auto\" srcset=\"https:\/\/phrase.com\/wp-content\/uploads\/2024\/04\/G2_logo_testimonial-1-edited.png 258w, https:\/\/phrase.com\/wp-content\/uploads\/2024\/04\/G2_logo_testimonial-1-edited-150x150.png 150w\" sizes=\"auto, (max-width: 258px) 100vw, 258px\" \/><\/figure>\n\n\n\n<figure class=\"wp-block-image size-large is-resized\"><img decoding=\"async\" src=\"https:\/\/phrase.com\/wp-content\/uploads\/2022\/08\/badge_rating_4.6.svg\" alt=\"Calificaci\u00f3n de 4.6 estrellas de G2 | Phrase\" class=\"wp-image-1606\" style=\"width:148px;height:auto\" \/><\/figure>\n<\/div>\n<\/div>\n\n<div class=\"wp-block-group alignfull is-content-justification-center is-layout-flex wp-container-core-group-is-layout-9f188630 wp-block-group-is-layout-flex\" style=\"padding-top:var(--wp--preset--spacing--16);padding-bottom:var(--wp--preset--spacing--16)\">\n<figure class=\"wp-block-image size-full is-resized\"><img loading=\"lazy\" decoding=\"async\" width=\"300\" height=\"43\" src=\"https:\/\/phrase.com\/wp-content\/uploads\/2024\/02\/Lionbridge_Logo-300x43-1.png\" alt=\"\" class=\"wp-image-75740\" style=\"width:auto;height:19px\" \/><\/figure>\n\n\n\n<figure class=\"wp-block-image size-full is-resized\"><img loading=\"lazy\" decoding=\"async\" width=\"128\" height=\"45\" src=\"https:\/\/phrase.com\/wp-content\/uploads\/2024\/02\/Uber_Logo.png\" alt=\"\" class=\"wp-image-75746\" style=\"width:auto;height:20px\" \/><\/figure>\n\n\n\n<figure class=\"wp-block-image size-full is-resized\"><img loading=\"lazy\" decoding=\"async\" width=\"332\" height=\"90\" src=\"https:\/\/phrase.com\/wp-content\/uploads\/2023\/10\/deliveroo_logo.png\" alt=\"Logo de Deliveroo | Phrase\" class=\"wp-image-66535\" style=\"width:114px;height:auto\" srcset=\"https:\/\/phrase.com\/wp-content\/uploads\/2023\/10\/deliveroo_logo.png 332w, https:\/\/phrase.com\/wp-content\/uploads\/2023\/10\/deliveroo_logo-300x81.png 300w\" sizes=\"auto, (max-width: 332px) 100vw, 332px\" \/><\/figure>\n\n\n\n<figure class=\"wp-block-image size-full is-resized\"><img loading=\"lazy\" decoding=\"async\" width=\"225\" height=\"50\" src=\"https:\/\/phrase.com\/wp-content\/uploads\/2024\/02\/Huawei_Logo.png\" alt=\"\" class=\"wp-image-75758\" style=\"width:auto;height:30px\" \/><\/figure>\n\n\n\n<figure class=\"wp-block-image size-full is-resized\"><img loading=\"lazy\" decoding=\"async\" width=\"227\" height=\"113\" src=\"https:\/\/phrase.com\/wp-content\/uploads\/2024\/02\/Puma_logo.svg\" alt=\"Logo de Puma | Phrase\" class=\"wp-image-75541\" style=\"width:auto;height:30px\" \/><\/figure>\n\n\n\n<figure class=\"wp-block-image size-full is-resized\"><img loading=\"lazy\" decoding=\"async\" width=\"200\" height=\"34\" src=\"https:\/\/phrase.com\/wp-content\/uploads\/2023\/04\/Fujifilm_Logo.png\" alt=\"Logo de Fujifilm a color para la cabecera de logos | Phrase\" class=\"wp-image-45664\" style=\"width:auto;height:20px\" \/><\/figure>\n\n\n\n<figure class=\"wp-block-image size-full is-resized\"><img loading=\"lazy\" decoding=\"async\" width=\"314\" height=\"79\" src=\"https:\/\/phrase.com\/wp-content\/uploads\/2023\/10\/Decathlon_logo.png\" alt=\"Logo de Decathlon | Phrase\" class=\"wp-image-66541\" style=\"width:auto;height:30px\" srcset=\"https:\/\/phrase.com\/wp-content\/uploads\/2023\/10\/Decathlon_logo.png 314w, https:\/\/phrase.com\/wp-content\/uploads\/2023\/10\/Decathlon_logo-300x75.png 300w\" sizes=\"auto, (max-width: 314px) 100vw, 314px\" \/><\/figure>\n<\/div>\n\n<div style=\"height:40px\" aria-hidden=\"true\" class=\"wp-block-spacer\"><\/div>\n\n<div class=\"wp-block-group alignwide has-global-padding is-layout-constrained wp-block-group-is-layout-constrained\">\n<h2 class=\"wp-block-heading has-text-align-center\" id=\"h-the-power-of-phrase-language-ai\">El poder de Phrase Language AI<\/h2>\n\n\n\n<p class=\"has-text-align-center\">Language AI revoluciona la traducci\u00f3n autom\u00e1tica, seleccionando el mejor<br \/>motor de traducci\u00f3n para cada contexto para ofrecer una calidad sin parang\u00f3n y reducir<br \/>costes de traducci\u00f3n.<\/p>\n\n\n\n<div style=\"height:15px\" aria-hidden=\"true\" class=\"wp-block-spacer\"><\/div>\n\n\n\n<div class=\"wp-block-columns alignwide are-vertically-aligned-center media-text-columns media-text-columns--media-right is-layout-flex wp-container-core-columns-is-layout-28f84493 wp-block-columns-is-layout-flex\">\n<div class=\"wp-block-column is-vertically-aligned-center is-layout-flow wp-block-column-is-layout-flow\" style=\"flex-basis:41.9672131148%\">\n<h3 class=\"wp-block-heading has-large-font-size\" id=\"h-phrase-translate-add-on\">Complemento Phrase Translate<\/h3>\n\n\n\n<p>Crea el flujo de trabajo perfecto de localizaci\u00f3n con MT, que ofrece traducciones r\u00e1pidas y rentables sin comprometer la calidad. Todas las funciones de Phrase Translate est\u00e1n incluidas en Phrase TMS y se integran sin problemas en tus flujos de trabajo existentes.<\/p>\n<\/div>\n\n\n\n<div class=\"wp-block-column is-vertically-aligned-center is-layout-flow wp-block-column-is-layout-flow\" style=\"flex-basis:57.2131147541%\">\n<figure class=\"wp-block-image size-full\"><img loading=\"lazy\" decoding=\"async\" width=\"1260\" height=\"823\" src=\"https:\/\/phrase.com\/wp-content\/uploads\/2022\/08\/MT_vs_Human_graph.png\" alt=\"Elemento visual de Traducci\u00f3n autom\u00e1tica vs traducci\u00f3n humana | Phrase\" class=\"wp-image-1137\" srcset=\"https:\/\/phrase.com\/wp-content\/uploads\/2022\/08\/MT_vs_Human_graph.png 1260w, https:\/\/phrase.com\/wp-content\/uploads\/2022\/08\/MT_vs_Human_graph-300x196.png 300w, https:\/\/phrase.com\/wp-content\/uploads\/2022\/08\/MT_vs_Human_graph-1024x669.png 1024w, https:\/\/phrase.com\/wp-content\/uploads\/2022\/08\/MT_vs_Human_graph-768x502.png 768w\" sizes=\"auto, (max-width: 1260px) 100vw, 1260px\" \/><\/figure>\n<\/div>\n<\/div>\n\n\n\n<div class=\"wp-block-columns alignwide are-vertically-aligned-center media-text-columns media-text-columns--media-left is-layout-flex wp-container-core-columns-is-layout-28f84493 wp-block-columns-is-layout-flex\">\n<div class=\"wp-block-column is-vertically-aligned-center is-layout-flow wp-block-column-is-layout-flow\" style=\"flex-basis:57.2131147541%\">\n<figure class=\"wp-block-image size-full\"><img loading=\"lazy\" decoding=\"async\" width=\"1891\" height=\"1407\" src=\"https:\/\/phrase.com\/wp-content\/uploads\/2022\/08\/MT_Engines-1.png\" alt=\"Seleccionando diferentes motores de MT visual | Phrase\" class=\"wp-image-1289\" srcset=\"https:\/\/phrase.com\/wp-content\/uploads\/2022\/08\/MT_Engines-1.png 1891w, https:\/\/phrase.com\/wp-content\/uploads\/2022\/08\/MT_Engines-1-300x223.png 300w, https:\/\/phrase.com\/wp-content\/uploads\/2022\/08\/MT_Engines-1-1024x762.png 1024w, https:\/\/phrase.com\/wp-content\/uploads\/2022\/08\/MT_Engines-1-768x571.png 768w, https:\/\/phrase.com\/wp-content\/uploads\/2022\/08\/MT_Engines-1-1536x1143.png 1536w\" sizes=\"auto, (max-width: 1891px) 100vw, 1891px\" \/><\/figure>\n<\/div>\n\n\n\n<div class=\"wp-block-column is-vertically-aligned-center is-layout-flow wp-block-column-is-layout-flow\" style=\"flex-basis:41.9672131148%\">\n<h3 class=\"wp-block-heading has-large-font-size\" id=\"h-extensive-machine-translation-engine-support\">Amplio soporte para motores de traducci\u00f3n autom\u00e1tica<\/h3>\n\n\n\n<p>Comienza a traducir utilizando nuestra lista de herramientas de traducci\u00f3n autom\u00e1tica totalmente administradas. \u00a1Sin necesidad de programadores! \u00bfPrefieres usar un motor distinto? Agrega cualquiera de los m\u00e1s de 30 motores gen\u00e9ricos y personalizados de forma manual.<\/p>\n<\/div>\n<\/div>\n\n\n\n<div class=\"wp-block-group alignwide has-light-grey-background-color has-background has-global-padding is-layout-constrained wp-block-group-is-layout-constrained\" style=\"margin-top:var(--wp--preset--spacing--70)\">\n<h2 class=\"wp-block-heading has-text-align-center\" id=\"h-what-s-in-the-box\">\u00bfQu\u00e9 hay en la caja?<\/h2>\n\n\n\n<p class=\"has-text-align-center\">Language AI incluye:<\/p>\n\n\n\n<div class=\"wp-block-group alignwide is-layout-grid wp-container-core-group-is-layout-e3f94e43 wp-block-group-is-layout-grid\" style=\"margin-top:var(--wp--preset--spacing--45)\">\n<div class=\"wp-block-group is-vertical is-content-justification-center is-layout-flex wp-container-core-group-is-layout-5e763914 wp-block-group-is-layout-flex\">\n<figure class=\"wp-block-image size-large\"><img loading=\"lazy\" decoding=\"async\" width=\"84\" height=\"84\" src=\"https:\/\/phrase.com\/wp-content\/uploads\/2024\/03\/Fully-managed-engines-icon.svg\" alt=\"\" class=\"wp-image-77766\" \/><\/figure>\n\n\n\n<p class=\"has-text-align-center\">Motores totalmente administrados<\/p>\n<\/div>\n\n\n\n<div class=\"wp-block-group is-vertical is-content-justification-center is-layout-flex wp-container-core-group-is-layout-5e763914 wp-block-group-is-layout-flex\">\n<figure class=\"wp-block-image size-large\"><img loading=\"lazy\" decoding=\"async\" width=\"84\" height=\"84\" src=\"https:\/\/phrase.com\/wp-content\/uploads\/2024\/03\/Phrase-NextMT-icon.svg\" alt=\"\" class=\"wp-image-77772\" \/><\/figure>\n\n\n\n<p class=\"has-text-align-center\">Phrase NextMT<\/p>\n<\/div>\n\n\n\n<div class=\"wp-block-group is-vertical is-content-justification-center is-layout-flex wp-container-core-group-is-layout-5e763914 wp-block-group-is-layout-flex\">\n<figure class=\"wp-block-image size-large\"><img loading=\"lazy\" decoding=\"async\" width=\"84\" height=\"84\" src=\"https:\/\/phrase.com\/wp-content\/uploads\/2024\/03\/MT-autoselect-icon.svg\" alt=\"\" class=\"wp-image-77778\" \/><\/figure>\n\n\n\n<p class=\"has-text-align-center\">Selecci\u00f3n autom\u00e1tica de MT<\/p>\n<\/div>\n\n\n\n<div class=\"wp-block-group is-vertical is-content-justification-center is-layout-flex wp-container-core-group-is-layout-5e763914 wp-block-group-is-layout-flex\">\n<figure class=\"wp-block-image size-large\"><img loading=\"lazy\" decoding=\"async\" width=\"84\" height=\"84\" src=\"https:\/\/phrase.com\/wp-content\/uploads\/2024\/03\/MT-glossaries-icon.svg\" alt=\"\" class=\"wp-image-77784\" \/><\/figure>\n\n\n\n<p class=\"has-text-align-center\">Glosarios para MT<\/p>\n<\/div>\n\n\n\n<div class=\"wp-block-group is-vertical is-content-justification-center is-layout-flex wp-container-core-group-is-layout-5e763914 wp-block-group-is-layout-flex\">\n<figure class=\"wp-block-image size-large\"><img loading=\"lazy\" decoding=\"async\" width=\"84\" height=\"84\" src=\"https:\/\/phrase.com\/wp-content\/uploads\/2024\/03\/Stars-icon.svg\" alt=\"\" class=\"wp-image-77790\" \/><\/figure>\n\n\n\n<p class=\"has-text-align-center\">Estimaci\u00f3n de calidad de MT<\/p>\n<\/div>\n\n\n\n<div class=\"wp-block-group is-vertical is-content-justification-center is-layout-flex wp-container-core-group-is-layout-5e763914 wp-block-group-is-layout-flex\">\n<figure class=\"wp-block-image size-large\"><img loading=\"lazy\" decoding=\"async\" width=\"84\" height=\"84\" src=\"https:\/\/phrase.com\/wp-content\/uploads\/2024\/03\/icon-arrows.svg\" alt=\"\" class=\"wp-image-77796\" \/><\/figure>\n\n\n\n<p class=\"has-text-align-center\">API <br \/><em>(se necesitan licencias de acceso de usuario final)<\/em><\/p>\n<\/div>\n<\/div>\n<\/div>\n<\/div>\n\n<div class=\"wp-block-group alignwide has-global-padding is-layout-constrained wp-block-group-is-layout-constrained\">\n<h2 class=\"wp-block-heading has-text-align-center\" id=\"h-impact-of-language-ai\">Impacto de la Language AI<\/h2>\n\n\n\n<div class=\"wp-block-columns alignwide is-style-connected is-layout-flex wp-container-core-columns-is-layout-2626a488 wp-block-columns-is-layout-flex\" style=\"margin-top:var(--wp--preset--spacing--45);margin-bottom:var(--wp--preset--spacing--70)\">\n<div class=\"wp-block-column is-layout-flow wp-block-column-is-layout-flow\">\n<div class=\"wp-block-group is-vertical is-layout-flex wp-container-core-group-is-layout-ea0cb840 wp-block-group-is-layout-flex\">\n<p class=\"is-style-large-gradient-text has-purple-color has-text-color has-link-color wp-elements-773676ba2174d9b2ea87394343b1ae53\">55<sub>%<\/sub><\/p>\n\n\n\n<p class=\"has-purple-color has-text-color has-link-color wp-elements-b7f7ba3415f065769eaa6065f0949c9b\" style=\"font-style:normal;font-weight:700\">de ahorro en posedici\u00f3n en comparaci\u00f3n con la traducci\u00f3n humana<\/p>\n<\/div>\n<\/div>\n\n\n\n<div class=\"wp-block-column is-vertically-aligned-top is-layout-flow wp-block-column-is-layout-flow\">\n<div class=\"wp-block-group is-vertical is-content-justification-center is-layout-flex wp-container-core-group-is-layout-6329a8f3 wp-block-group-is-layout-flex\">\n<p class=\"is-style-large-gradient-text has-purple-color has-text-color has-link-color wp-elements-3051f9469b086a5be208cb88ff6e30ed\">64<sub>%<\/sub><\/p>\n\n\n\n<p class=\"has-text-align-center has-purple-color has-text-color has-link-color wp-elements-a02c6786c78844aa5ad23c62c598cae9\" style=\"font-style:normal;font-weight:700\">de trabajos de traducci\u00f3n que usaron alg\u00fan tipo de MT en 2021<\/p>\n<\/div>\n<\/div>\n\n\n\n<div class=\"wp-block-column is-layout-flow wp-block-column-is-layout-flow\">\n<div class=\"wp-block-group is-vertical is-content-justification-right is-layout-flex wp-container-core-group-is-layout-1ab1a5d2 wp-block-group-is-layout-flex\">\n<p class=\"is-style-large-gradient-text has-purple-color has-text-color has-link-color wp-elements-c4d095311efe5312a33bb006a29e429f\">10<sub>%<\/sub><\/p>\n\n\n\n<p class=\"has-text-align-right has-purple-color has-text-color has-link-color wp-elements-b061cd36b7c447bcafff208a7ae590eb\" style=\"font-style:normal;font-weight:700\">Reducci\u00f3n en vol\u00famenes de posedici\u00f3n<\/p>\n<\/div>\n<\/div>\n<\/div>\n<\/div>\n\n<div class=\"wp-block-group alignwide has-phrase-green-background-color has-background has-background-images has-global-padding is-content-justification-left is-layout-constrained wp-container-core-group-is-layout-12dd3699 wp-block-group-is-layout-constrained\" style=\"background-image:url(https:\/\/phrase.com\/wp-content\/uploads\/2024\/02\/b73d2cc70754ac3f815cbb0c99a61057-1.jpeg.webp);background-position:0% 0%;background-attachment:scroll;background-repeat:no-repeat;background-size:cover\"><div class=\"glide wp-block-phrase-com-testimonials\"><div class=\"glide__track\" data-glide-el=\"track\"><div class=\"glide__slides\"><\/div><\/div><\/div><\/div>\n\n<div class=\"wp-block-group alignwide has-yellow-background-color has-background has-global-padding is-layout-constrained wp-block-group-is-layout-constrained\">\n<h2 class=\"wp-block-heading has-text-align-center\" id=\"h-want-to-find-out-more\">\u00bfQuieres saber m\u00e1s?<\/h2>\n\n\n\n<div class=\"wp-block-buttons is-content-justification-center is-layout-flex wp-container-core-buttons-is-layout-a89b3969 wp-block-buttons-is-layout-flex\">\n<div class=\"wp-block-button\"><a class=\"wp-block-button__link wp-element-button\" href=\"https:\/\/phrase.com\/es\/demo\/\">Ponte en contacto con nosotros<\/a><\/div>\n<\/div>\n<\/div>\n\n","protected":false},"excerpt":{"rendered":"<p>Impulsa tu traducci\u00f3n con traducci\u00f3n autom\u00e1tica impulsada por IA Saca partido al potencial de la traducci\u00f3n autom\u00e1tica para lograr traducciones precisas y r\u00e1pidas y traducciones fiables para adelantarte a tu competencia internacional El poder de Phrase Language AI Language AI revoluciona la traducci\u00f3n autom\u00e1tica, seleccionando el mejormotor de traducci\u00f3n para cada contexto para ofrecer una [&hellip;]<\/p>\n","protected":false},"author":81,"featured_media":0,"parent":0,"menu_order":0,"comment_status":"closed","ping_status":"closed","template":"page-refresh","meta":{"_acf_changed":false,"_stopmodifiedupdate":false,"_modified_date":"","_searchwp_excluded":"","episode_type":"","audio_file":"","podmotor_file_id":"","podmotor_episode_id":"","cover_image":"","cover_image_id":"","duration":"","filesize":"","filesize_raw":"","date_recorded":"","explicit":"","block":"","itunes_episode_number":"","itunes_title":"","itunes_season_number":"","itunes_episode_type":"","footnotes":""},"class_list":["post-122076","page","type-page","status-publish","hentry"],"acf":[],"_links":{"self":[{"href":"https:\/\/phrase.com\/es\/wp-json\/wp\/v2\/pages\/122076","targetHints":{"allow":["GET"]}}],"collection":[{"href":"https:\/\/phrase.com\/es\/wp-json\/wp\/v2\/pages"}],"about":[{"href":"https:\/\/phrase.com\/es\/wp-json\/wp\/v2\/types\/page"}],"author":[{"embeddable":true,"href":"https:\/\/phrase.com\/es\/wp-json\/wp\/v2\/users\/81"}],"replies":[{"embeddable":true,"href":"https:\/\/phrase.com\/es\/wp-json\/wp\/v2\/comments?post=122076"}],"version-history":[{"count":1,"href":"https:\/\/phrase.com\/es\/wp-json\/wp\/v2\/pages\/122076\/revisions"}],"predecessor-version":[{"id":122077,"href":"https:\/\/phrase.com\/es\/wp-json\/wp\/v2\/pages\/122076\/revisions\/122077"}],"wp:attachment":[{"href":"https:\/\/phrase.com\/es\/wp-json\/wp\/v2\/media?parent=122076"}],"curies":[{"name":"wp","href":"https:\/\/api.w.org\/{rel}","templated":true}]}}