{"id":122318,"date":"2025-09-15T20:06:55","date_gmt":"2025-09-15T18:06:55","guid":{"rendered":"https:\/\/phrase.com\/congres-global-communications\/"},"modified":"2025-10-07T22:39:04","modified_gmt":"2025-10-07T20:39:04","slug":"cgc","status":"publish","type":"page","link":"https:\/\/phrase.com\/es\/partners\/cgc\/","title":{"rendered":"Congr\u00e8s Global Communications"},"content":{"rendered":"\n<div class=\"wp-block-group alignfull is-style-copy has-transparent-background-color has-background has-global-padding is-content-justification-center is-layout-constrained wp-block-group-is-layout-constrained\" style=\"padding-top:var(--wp--preset--spacing--45);padding-bottom:var(--wp--preset--spacing--45)\">\n<div class=\"wp-block-group alignwide has-global-padding is-content-justification-center is-layout-constrained wp-container-core-group-is-layout-cefc1864 wp-block-group-is-layout-constrained\" style=\"padding-left:var(--wp--preset--spacing--56)\">\n<p class=\"has-text-align-center has-blue-color has-text-color has-link-color wp-elements-17287ce18ce2d9d19816c52e726b8ba7\">SOCIO DE PHRASE<\/p>\n\n\n\n<figure class=\"wp-block-image aligncenter size-full is-resized is-style-not-rounded\"><img loading=\"lazy\" decoding=\"async\" width=\"719\" height=\"480\" src=\"https:\/\/phrase.com\/wp-content\/uploads\/2025\/08\/image03.png\" alt=\"Logo de CGC\" class=\"wp-image-113508\" style=\"width:261px;height:auto\" srcset=\"https:\/\/phrase.com\/wp-content\/uploads\/2025\/08\/image03.png 719w, https:\/\/phrase.com\/wp-content\/uploads\/2025\/08\/image03-300x200.png 300w\" sizes=\"auto, (max-width: 719px) 100vw, 719px\" \/><\/figure>\n\n\n\n<h3 class=\"wp-block-heading has-text-align-center has-medium-font-size\" id=\"h-creating-the-future-through-communication\" style=\"margin-bottom:var(--wp--preset--spacing--8);font-style:normal;font-weight:400\">Creando el futuro a trav\u00e9s de la comunicaci\u00f3n<\/h3>\n\n\n\n<p class=\"has-text-align-center\"><a href=\"https:\/\/www.congre-gc.co.jp\/en\/\" target=\"_blank\" rel=\"noreferrer noopener\">congre-gc.co.jp<\/a><\/p>\n\n\n\n<div style=\"height:60px\" aria-hidden=\"true\" class=\"wp-block-spacer\"><\/div>\n\n\n\n<p class=\"has-text-align-center\" style=\"margin-top:0;margin-bottom:var(--wp--preset--spacing--40)\">Congr\u00e8s Global Communications, fundada en Jap\u00f3n en 1975, lleva muchos a\u00f1os proporcionando servicios de traducci\u00f3n, interpretaci\u00f3n y dotaci\u00f3n de personal de idiomas y resolviendo desaf\u00edos de comunicaci\u00f3n para la expansi\u00f3n global de nuestros clientes. Tambi\u00e9n nos enfocamos en la fusi\u00f3n de tecnolog\u00eda y personal experimentado, algo que sirve como centro neur\u00e1lgico a la hora de combinar servicios.<br><br>En el \u00e1mbito de la traducci\u00f3n, destacamos por procesar de forma eficiente grandes vol\u00famenes de documentos gracias a nuestra amplia experiencia operativa con herramientas de traducci\u00f3n asistida por ordenador (CAT). Creamos una conexi\u00f3n org\u00e1nica entre los activos ling\u00fc\u00edsticos y los motores de MT para participar de forma activa en las consultas y as\u00ed optimizar los flujos de trabajo de traducci\u00f3n de nuestros clientes.<br><br>Descubre la eficiencia de nuestro flujo de trabajo de traducci\u00f3n, obtenida gracias a nuestra experiencia acumulada, nuestro conocimiento tecnol\u00f3gico en profundidad y una traducci\u00f3n humana de alta calidad.<\/p>\n\n\n\n<p class=\"has-text-align-center\"><strong>Ubicaciones<br><\/strong><br>Jap\u00f3n<\/p>\n\n\n\n<div style=\"height:19px\" aria-hidden=\"true\" class=\"wp-block-spacer\"><\/div>\n\n\n\n<div class=\"wp-block-buttons is-content-justification-center is-layout-flex wp-container-core-buttons-is-layout-a89b3969 wp-block-buttons-is-layout-flex\">\n<div class=\"wp-block-button\"><a class=\"wp-block-button__link wp-element-button\" href=\"https:\/\/phrase.com\/es\/demo\/\" target=\"_blank\" rel=\"noreferrer noopener\">Ponte en contacto<\/a><\/div>\n\n\n\n<div class=\"wp-block-button is-style-black-outline\"><a class=\"wp-block-button__link has-text-align-center wp-element-button\" href=\"https:\/\/www.congre-gc.co.jp\/en\/\" target=\"_blank\" rel=\"noreferrer noopener\">Visita el sitio web<\/a><\/div>\n<\/div>\n<\/div>\n<\/div>\n\n\n\n<div class=\"wp-block-columns alignwide are-vertically-aligned-center is-style-default is-layout-flex wp-container-core-columns-is-layout-28f84493 wp-block-columns-is-layout-flex\">\n<div class=\"wp-block-column is-vertically-aligned-center is-layout-flow wp-container-core-column-is-layout-6220b9e6 wp-block-column-is-layout-flow\" style=\"flex-basis:100%\">\n<h2 class=\"wp-block-heading has-text-align-center has-extra-large-font-size\" id=\"h-services-offered\"><strong>Servicios ofrecidos<\/strong><\/h2>\n\n\n\n<div style=\"height:10px\" aria-hidden=\"true\" class=\"wp-block-spacer\"><\/div>\n\n\n\n<div class=\"wp-block-group is-content-justification-center is-nowrap is-layout-flex wp-container-core-group-is-layout-f52be266 wp-block-group-is-layout-flex\">\n<div class=\"wp-block-group is-vertical is-layout-flex wp-container-core-group-is-layout-9f8eab21 wp-block-group-is-layout-flex\">\n<ul class=\"wp-block-list\">\n<li>Traducci\u00f3n y localizaci\u00f3n en m\u00e1s de 60 idiomas en m\u00faltiples dominios<\/li>\n\n\n\n<li>MT y MTPE empresarial<\/li>\n\n\n\n<li>Consultor\u00eda para la automatizaci\u00f3n del proceso de traducci\u00f3n<\/li>\n\n\n\n<li>Soporte para la implementaci\u00f3n de Phrase TMS<\/li>\n\n\n\n<li>Servicios de interpretaci\u00f3n (principalmente en Jap\u00f3n)<\/li>\n\n\n\n<li>Servicios de dotaci\u00f3n de personal (en Jap\u00f3n)<\/li>\n<\/ul>\n<\/div>\n<\/div>\n<\/div>\n<\/div>\n\n\n\n<div class=\"wp-block-columns alignwide are-vertically-aligned-center is-style-default is-layout-flex wp-container-core-columns-is-layout-28f84493 wp-block-columns-is-layout-flex\">\n<div class=\"wp-block-column is-vertically-aligned-center is-layout-flow wp-container-core-column-is-layout-6220b9e6 wp-block-column-is-layout-flow\" style=\"flex-basis:100%\">\n<h2 class=\"wp-block-heading has-text-align-center has-extra-large-font-size\" id=\"h-credentials\"><strong><strong>Credenciales<\/strong><\/strong><\/h2>\n\n\n\n<div style=\"height:10px\" aria-hidden=\"true\" class=\"wp-block-spacer\"><\/div>\n\n\n\n<div class=\"wp-block-group is-content-justification-center is-nowrap is-layout-flex wp-container-core-group-is-layout-f52be266 wp-block-group-is-layout-flex\">\n<div class=\"wp-block-group is-vertical is-layout-flex wp-container-core-group-is-layout-9f8eab21 wp-block-group-is-layout-flex\">\n<ul class=\"wp-block-list\">\n<li>Certificaciones: ISO27001 Sistemas de Gesti\u00f3n de Seguridad de la Informaci\u00f3n, ISO17100 Servicios de Traducci\u00f3n, Marca de Privacidad<\/li>\n<\/ul>\n<\/div>\n<\/div>\n<\/div>\n<\/div>\n\n\n\n<div class=\"wp-block-group alignwide has-blue-10-background-color has-background has-background-images has-global-padding is-content-justification-left is-layout-constrained wp-container-core-group-is-layout-12dd3699 wp-block-group-is-layout-constrained\" style=\"background-image:url(https:\/\/phrase.com\/wp-content\/uploads\/2024\/06\/Untitled-design-6.jpg.webp);background-position:0% 0%;background-attachment:scroll;background-repeat:no-repeat;background-size:cover\"><div class=\"glide wp-block-phrase-com-testimonials\"><div class=\"glide__track\" data-glide-el=\"track\"><div class=\"glide__slides\"><\/div><\/div><\/div><\/div>\n\n\n\n<div class=\"wp-block-group alignwide has-yellow-background-color has-background has-global-padding is-layout-constrained wp-block-group-is-layout-constrained\" style=\"margin-top:var(--wp--preset--spacing--56)\">\n<div class=\"wp-block-group is-vertical is-content-justification-center is-layout-flex wp-container-core-group-is-layout-ce155fab wp-block-group-is-layout-flex\">\n<h2 class=\"wp-block-heading has-text-align-center\" id=\"h-discover-more-partners\">Descubre m\u00e1s socios<\/h2>\n\n\n\n<p class=\"has-text-align-center\">Colaboramos con empresas tecnol\u00f3gicas l\u00edderes para asegurarnos de que tu equipo saque<br>el m\u00e1ximo partido a Phrase cada d\u00eda.<\/p>\n<\/div>\n\n\n\n<div class=\"wp-block-buttons is-content-justification-center is-layout-flex wp-container-core-buttons-is-layout-a89b3969 wp-block-buttons-is-layout-flex\">\n<div class=\"wp-block-button\"><a class=\"wp-block-button__link wp-element-button\" href=\"https:\/\/phrase.com\/es\/partners\/\" target=\"_blank\" rel=\"noreferrer noopener\">Programa de Phrase para socios<\/a><\/div>\n\n\n\n<div class=\"wp-block-button is-style-black-outline\"><a class=\"wp-block-button__link wp-element-button\" href=\"https:\/\/phrase.com\/es\/partners-inquiries\/\" target=\"_blank\" rel=\"noreferrer noopener\">Recomendaci\u00f3n de socios<\/a><\/div>\n<\/div>\n<\/div>\n\n","protected":false},"excerpt":{"rendered":"<p>SOCIO DE PHRASE Creando el futuro a trav\u00e9s de la comunicaci\u00f3n congre-gc.co.jp Congr\u00e8s Global Communications, fundada en Jap\u00f3n en 1975, lleva muchos a\u00f1os proporcionando servicios de traducci\u00f3n, interpretaci\u00f3n y dotaci\u00f3n de personal de idiomas y resolviendo desaf\u00edos de comunicaci\u00f3n para la expansi\u00f3n global de nuestros clientes. Tambi\u00e9n nos enfocamos en la fusi\u00f3n de tecnolog\u00eda y [&hellip;]<\/p>\n","protected":false},"author":77,"featured_media":0,"parent":57530,"menu_order":1,"comment_status":"closed","ping_status":"closed","template":"page-refresh","meta":{"_acf_changed":false,"_stopmodifiedupdate":false,"_modified_date":"","_searchwp_excluded":"","episode_type":"","audio_file":"","podmotor_file_id":"","podmotor_episode_id":"","cover_image":"","cover_image_id":"","duration":"","filesize":"","filesize_raw":"","date_recorded":"","explicit":"","block":"","itunes_episode_number":"","itunes_title":"","itunes_season_number":"","itunes_episode_type":"","footnotes":""},"class_list":["post-122318","page","type-page","status-publish","hentry"],"acf":[],"_links":{"self":[{"href":"https:\/\/phrase.com\/es\/wp-json\/wp\/v2\/pages\/122318","targetHints":{"allow":["GET"]}}],"collection":[{"href":"https:\/\/phrase.com\/es\/wp-json\/wp\/v2\/pages"}],"about":[{"href":"https:\/\/phrase.com\/es\/wp-json\/wp\/v2\/types\/page"}],"author":[{"embeddable":true,"href":"https:\/\/phrase.com\/es\/wp-json\/wp\/v2\/users\/77"}],"replies":[{"embeddable":true,"href":"https:\/\/phrase.com\/es\/wp-json\/wp\/v2\/comments?post=122318"}],"version-history":[{"count":3,"href":"https:\/\/phrase.com\/es\/wp-json\/wp\/v2\/pages\/122318\/revisions"}],"predecessor-version":[{"id":124438,"href":"https:\/\/phrase.com\/es\/wp-json\/wp\/v2\/pages\/122318\/revisions\/124438"}],"up":[{"embeddable":true,"href":"https:\/\/phrase.com\/es\/wp-json\/wp\/v2\/pages\/57530"}],"wp:attachment":[{"href":"https:\/\/phrase.com\/es\/wp-json\/wp\/v2\/media?parent=122318"}],"curies":[{"name":"wp","href":"https:\/\/api.w.org\/{rel}","templated":true}]}}