{"id":130356,"date":"2025-12-03T10:01:44","date_gmt":"2025-12-03T09:01:44","guid":{"rendered":"https:\/\/phrase.com\/registrate-en-phrase-orchestrator\/"},"modified":"2025-12-11T18:56:35","modified_gmt":"2025-12-11T17:56:35","slug":"phrase-orchestrator-workflow-sign-up","status":"publish","type":"page","link":"https:\/\/phrase.com\/es\/phrase-orchestrator-workflow-sign-up\/","title":{"rendered":"Reg\u00edstrate en Phrase Orchestrator"},"content":{"rendered":"\n<div class=\"wp-block-columns alignwide has-light-neutral-background-color has-background is-layout-flex wp-container-core-columns-is-layout-28f84493 wp-block-columns-is-layout-flex\" id=\"sign-up\">\n<div class=\"wp-block-column is-layout-flow wp-block-column-is-layout-flow\">\n<div class=\"wp-block-group alignwide has-light-neutral-background-color has-background is-layout-flow wp-block-group-is-layout-flow\" id=\"demo-request\" style=\"padding-top:var(--wp--preset--spacing--110);padding-bottom:var(--wp--preset--spacing--110)\">\n<h2 class=\"wp-block-heading has-text-align-left has-blue-80-color has-text-color has-link-color has-huge-font-size wp-elements-aa85021e794d2d7e981518ebf64b296a\" id=\"h-flujos-de-trabajo-de-alto-volumen-ejecutados-en-cuestion-de-segundos\" style=\"font-style:normal;font-weight:400\"><strong>Flujos de trabajo de alto volumen,<\/strong><br><strong>ejecutados en cuesti\u00f3n de segundos<\/strong><\/h2>\n\n\n\n<p class=\"has-text-align-left\">Experimenta la pr\u00f3xima generaci\u00f3n del motor de flujo de trabajo de Phrase Orchestrator, creado para potenciar la automatizaci\u00f3n empresarial a gran escala.<\/p>\n\n\n\n<p>Flujos de trabajo complejos que antes pod\u00edan tardar horas ahora pueden ejecutarse en segundos, alcanzando un rendimiento hasta 50 veces m\u00e1s alto, con una estabilidad inigualable.<br><br>Phrase Orchestrator ahora ofrece ejecuci\u00f3n en tiempo real, alta fiabilidad y escalado sin esfuerzo para que puedas acelerar toda tu operaci\u00f3n de localizaci\u00f3n, sin importar el volumen.<\/p>\n\n\n\n<p class=\"has-text-align-left\">Reg\u00edstrate ahora para obtener acceso.<br><\/p>\n<\/div>\n<\/div>\n\n\n\n<div class=\"wp-block-column is-layout-flow wp-block-column-is-layout-flow\" style=\"padding-top:var(--wp--preset--spacing--110);padding-right:0;padding-left:var(--wp--preset--spacing--70)\">\n<script charset=\"utf-8\" type=\"text\/javascript\" src=\"\/\/js.hsforms.net\/forms\/embed\/v2.js\"><\/script>\n<script>\n  hbspt.forms.create({\n    portalId: \"584311\",\n    formId: \"99c06943-1f85-485f-8dac-51146bc2a8fc\",\n    region: \"na1\"\n  });\n<\/script>\n<\/div>\n<\/div>\n\n\n\n<div style=\"height:20px\" aria-hidden=\"true\" class=\"wp-block-spacer\"><\/div>\n","protected":false},"excerpt":{"rendered":"<p>Flujos de trabajo de alto volumen,ejecutados en cuesti\u00f3n de segundos Experimenta la pr\u00f3xima generaci\u00f3n del motor de flujo de trabajo de Phrase Orchestrator, creado para potenciar la automatizaci\u00f3n empresarial a gran escala. Flujos de trabajo complejos que antes pod\u00edan tardar horas ahora pueden ejecutarse en segundos, alcanzando un rendimiento hasta 50 veces m\u00e1s alto, con [&hellip;]<\/p>\n","protected":false},"author":77,"featured_media":7474,"parent":0,"menu_order":0,"comment_status":"closed","ping_status":"closed","template":"page-refresh","meta":{"_acf_changed":false,"_stopmodifiedupdate":false,"_modified_date":"","_searchwp_excluded":"","episode_type":"","audio_file":"","podmotor_file_id":"","podmotor_episode_id":"","cover_image":"","cover_image_id":"","duration":"","filesize":"","filesize_raw":"","date_recorded":"","explicit":"","block":"","itunes_episode_number":"","itunes_title":"","itunes_season_number":"","itunes_episode_type":"","footnotes":""},"class_list":["post-130356","page","type-page","status-publish","has-post-thumbnail","hentry"],"acf":[],"_links":{"self":[{"href":"https:\/\/phrase.com\/es\/wp-json\/wp\/v2\/pages\/130356","targetHints":{"allow":["GET"]}}],"collection":[{"href":"https:\/\/phrase.com\/es\/wp-json\/wp\/v2\/pages"}],"about":[{"href":"https:\/\/phrase.com\/es\/wp-json\/wp\/v2\/types\/page"}],"author":[{"embeddable":true,"href":"https:\/\/phrase.com\/es\/wp-json\/wp\/v2\/users\/77"}],"replies":[{"embeddable":true,"href":"https:\/\/phrase.com\/es\/wp-json\/wp\/v2\/comments?post=130356"}],"version-history":[{"count":5,"href":"https:\/\/phrase.com\/es\/wp-json\/wp\/v2\/pages\/130356\/revisions"}],"predecessor-version":[{"id":130527,"href":"https:\/\/phrase.com\/es\/wp-json\/wp\/v2\/pages\/130356\/revisions\/130527"}],"wp:featuredmedia":[{"embeddable":true,"href":"https:\/\/phrase.com\/es\/wp-json\/wp\/v2\/media\/7474"}],"wp:attachment":[{"href":"https:\/\/phrase.com\/es\/wp-json\/wp\/v2\/media?parent=130356"}],"curies":[{"name":"wp","href":"https:\/\/api.w.org\/{rel}","templated":true}]}}