{"id":130361,"date":"2025-12-03T09:28:35","date_gmt":"2025-12-03T08:28:35","guid":{"rendered":"https:\/\/phrase.com\/storyblok\/"},"modified":"2025-12-11T19:34:35","modified_gmt":"2025-12-11T18:34:35","slug":"storyblok","status":"publish","type":"page","link":"https:\/\/phrase.com\/es\/integrations\/storyblok\/","title":{"rendered":"Storyblok"},"content":{"rendered":"\n<div class=\"wp-block-group alignwide is-style-header-hero has-white-color has-white-background-color has-text-color has-background has-link-color has-background-images wp-elements-fea518c8c61049b66c02ba16b4fc1862 is-layout-flow wp-block-group-is-layout-flow\" style=\"padding-top:var(--wp--preset--spacing--110);padding-bottom:var(--wp--preset--spacing--110);background-image:url(https:\/\/phrase.com\/wp-content\/uploads\/2025\/07\/phrase-header-purple.jpg.webp);background-position:0% 100%;background-attachment:scroll;background-repeat:no-repeat;background-size:cover\">\n<div class=\"wp-block-group has-global-padding is-content-justification-left is-layout-constrained wp-container-core-group-is-layout-b0ba78b1 wp-block-group-is-layout-constrained\"><div class=\"yoast-breadcrumbs\"><span><span><a href=\"https:\/\/phrase.com\/es\/\">Home<\/a><\/span> | <span><a href=\"https:\/\/phrase.com\/es\/integrations\/\">Integraciones<\/a><\/span> | <span class=\"breadcrumb_last\" aria-current=\"page\">Storyblok<\/span><\/span><\/div>\n\n\n<h2 class=\"wp-block-heading has-text-align-left has-gigantic-font-size\" id=\"h-storyblok-integration\" style=\"font-style:normal;font-weight:400\">Storyblok integration<\/h2>\n\n\n\n<div class=\"wp-block-group has-global-padding is-content-justification-left is-layout-constrained wp-container-core-group-is-layout-12dd3699 wp-block-group-is-layout-constrained\">\n<p class=\"has-text-align-left\">Deliver multilingual Storyblok content faster than ever with AI-enhanced translation just one click away.<\/p>\n<\/div>\n\n\n\n<div class=\"wp-block-buttons is-content-justification-left is-layout-flex wp-container-core-buttons-is-layout-fc4fd283 wp-block-buttons-is-layout-flex\">\n<div class=\"wp-block-button is-style-purple-filled\"><a class=\"wp-block-button__link wp-element-button\" href=\"https:\/\/phrase.com\/es\/demo\/\" target=\"_blank\" rel=\"noreferrer noopener\">Request a demo<\/a><\/div>\n<\/div>\n<\/div>\n<\/div>\n\n<div class=\"wp-block-columns alignwide are-vertically-aligned-center media-text-columns media-text-columns--media-left is-layout-flex wp-container-core-columns-is-layout-28f84493 wp-block-columns-is-layout-flex\">\n<div class=\"wp-block-column is-vertically-aligned-center is-layout-flow wp-block-column-is-layout-flow\" style=\"flex-basis:57.2131147541%\">\n<figure class=\"wp-block-image size-full\"><img loading=\"lazy\" decoding=\"async\" width=\"1398\" height=\"838\" src=\"https:\/\/phrase.com\/wp-content\/uploads\/2025\/11\/Storyblok-website-translation.jpg\" alt=\"\" class=\"wp-image-128532\" srcset=\"https:\/\/phrase.com\/wp-content\/uploads\/2025\/11\/Storyblok-website-translation.jpg 1398w, https:\/\/phrase.com\/wp-content\/uploads\/2025\/11\/Storyblok-website-translation-300x180.jpg 300w, https:\/\/phrase.com\/wp-content\/uploads\/2025\/11\/Storyblok-website-translation-1024x614.jpg 1024w, https:\/\/phrase.com\/wp-content\/uploads\/2025\/11\/Storyblok-website-translation-768x460.jpg 768w\" sizes=\"auto, (max-width: 1398px) 100vw, 1398px\" \/><\/figure>\n\n\n\n<div class=\"wp-block-buttons is-layout-flex wp-block-buttons-is-layout-flex\"><\/div>\n<\/div>\n\n\n\n<div class=\"wp-block-column is-vertically-aligned-center is-layout-flow wp-block-column-is-layout-flow\" style=\"flex-basis:41.9672131148%\">\n<h2 class=\"wp-block-heading has-extra-large-font-size\" id=\"h-automated-content-translation-for-storyblok\"><strong>Automated content translation for Storyblok<\/strong><\/h2>\n\n\n\n<p>Translate your website\u00a0without leaving Storyblok. In Phrase, translation memories, AI translation, QA checks and optional human review ensure accurate and brand-consistent translation quality. <br \/><br \/>Once complete, translations sync right back into Storyblok &#8211; ready to publish.<\/p>\n<\/div>\n<\/div>\n\n<div style=\"height:0px\" aria-hidden=\"true\" class=\"wp-block-spacer\"><\/div>\n\n<div class=\"wp-block-group has-global-padding is-layout-constrained wp-block-group-is-layout-constrained\">\n<h2 class=\"wp-block-heading alignwide has-text-align-center\" id=\"h-from-manual-processes-to-seamless-automation\" style=\"margin-top:var(--wp--preset--spacing--45)\"><strong>From manual processes to seamless automation<\/strong><\/h2>\n\n\n\n<p class=\"has-text-align-center\">Marketing teams often face time-consuming translation workflows. With the Phrase plugin for Storyblok, you automate workflows, ensure consistent translation quality, speed, and cost control, so teams can focus on creating, not managing files.<\/p>\n<\/div>\n\n<div class=\"wp-block-group alignwide has-light-neutral-background-color has-background has-global-padding is-layout-constrained wp-block-group-is-layout-constrained\">\n<figure class=\"wp-block-table alignwide is-style-comparison\"><table class=\"has-fixed-layout\"><thead><tr><th>Before Phrase<\/th><th>After Phrase<\/th><\/tr><\/thead><tbody><tr><td>Manual exports and imports of content<\/td><td><strong>Seamless sync<\/strong> between Storyblok and Phrase TMS<\/td><\/tr><tr><td>High translation costs due to limited use of AI<\/td><td><strong>High-quality AI translation<\/strong> means minimal human post-editing and lower costs<\/td><\/tr><tr><td>Time-consuming coordination with translation providers<\/td><td><strong>Automated job assignments <\/strong>and progress updates<\/td><\/tr><tr><td>Limited visibility into translation quality<\/td><td><strong>QA checks and dashboards<\/strong> to monitor quality over time<\/td><\/tr><tr><td>Limited tracking and analytics<\/td><td><strong>Real-time tracking <\/strong>and powerful analytics<\/td><\/tr><tr><td>Siloed translation processes per department<\/td><td><strong>Centralized control<\/strong> with unified translation management<\/td><\/tr><\/tbody><\/table><\/figure>\n<\/div>\n\n<div style=\"height:0px\" aria-hidden=\"true\" class=\"wp-block-spacer\"><\/div>\n\n<div class=\"wp-block-group alignwide has-light-neutral-background-color has-background has-global-padding is-layout-constrained wp-block-group-is-layout-constrained\">\n<h2 class=\"wp-block-heading has-text-align-center\" id=\"h-why-choose-phrase-for-storyblok-localization\"><strong>Why choose Phrase for Storyblok localization?<\/strong><\/h2>\n\n\n\n<p class=\"has-text-align-center\">Unlike other Storyblok translation integrations, Phrase unifies all localization workflows on a single platform.<\/p>\n\n\n\n<div class=\"wp-block-group alignwide has-light-neutral-background-color has-background has-global-padding is-layout-constrained wp-block-group-is-layout-constrained\" style=\"margin-top:0\">\n<div class=\"wp-block-group alignwide is-layout-grid wp-container-core-group-is-layout-7717984b wp-block-group-is-layout-grid\" style=\"margin-top:var(--wp--preset--spacing--45)\">\n<div class=\"wp-block-group is-vertical is-content-justification-center is-layout-flex wp-container-core-group-is-layout-5e763914 wp-block-group-is-layout-flex\">\n<figure class=\"wp-block-image size-full is-resized is-style-not-rounded\"><img loading=\"lazy\" decoding=\"async\" width=\"72\" height=\"72\" src=\"https:\/\/phrase.com\/wp-content\/uploads\/2025\/07\/cost-decrease-icon.png\" alt=\"\" class=\"wp-image-111451\" style=\"width:60px\" \/><\/figure>\n\n\n\n<p class=\"has-text-align-center\"><strong>Lower post-editing costs<\/strong><\/p>\n\n\n\n<p class=\"has-text-align-center\">By leveraging a unified Translation Memory (TM)<\/p>\n<\/div>\n\n\n\n<div class=\"wp-block-group is-vertical is-content-justification-center is-layout-flex wp-container-core-group-is-layout-5e763914 wp-block-group-is-layout-flex\">\n<figure class=\"wp-block-image size-full is-resized is-style-not-rounded\"><img loading=\"lazy\" decoding=\"async\" width=\"72\" height=\"72\" src=\"https:\/\/phrase.com\/wp-content\/uploads\/2025\/07\/control-icon.png\" alt=\"\" class=\"wp-image-111445\" style=\"width:60px\" \/><\/figure>\n\n\n\n<p class=\"has-text-align-center\"><strong>Greater quality contro<\/strong>l<\/p>\n\n\n\n<p class=\"has-text-align-center\">Through centralized Quality Assurance tools<\/p>\n<\/div>\n\n\n\n<div class=\"wp-block-group is-vertical is-content-justification-center is-layout-flex wp-container-core-group-is-layout-5e763914 wp-block-group-is-layout-flex\">\n<figure class=\"wp-block-image size-full is-resized\"><img loading=\"lazy\" decoding=\"async\" width=\"72\" height=\"72\" src=\"https:\/\/phrase.com\/wp-content\/uploads\/2025\/07\/automation-icon.png\" alt=\"\" class=\"wp-image-111463\" style=\"width:60px\" \/><\/figure>\n\n\n\n<p class=\"has-text-align-center\"><strong>Automation-first approach<\/strong><\/p>\n\n\n\n<p class=\"has-text-align-center\">Reducing repetitive, manual work<\/p>\n<\/div>\n\n\n\n<div class=\"wp-block-group is-vertical is-content-justification-center is-layout-flex wp-container-core-group-is-layout-5e763914 wp-block-group-is-layout-flex\">\n<figure class=\"wp-block-image size-full is-resized is-style-not-rounded\"><img loading=\"lazy\" decoding=\"async\" width=\"73\" height=\"73\" src=\"https:\/\/phrase.com\/wp-content\/uploads\/2025\/07\/translation-icon.png\" alt=\"\" class=\"wp-image-111457\" style=\"width:60px\" \/><\/figure>\n\n\n\n<p class=\"has-text-align-center\"><strong>State-of-the-art AI translation<\/strong><\/p>\n\n\n\n<p class=\"has-text-align-center\">Enabling faster turnaround and lower costs<\/p>\n<\/div>\n\n\n\n<div class=\"wp-block-group is-vertical is-content-justification-center is-layout-flex wp-container-core-group-is-layout-5e763914 wp-block-group-is-layout-flex\">\n<figure class=\"wp-block-image size-full is-resized is-style-not-rounded\"><img loading=\"lazy\" decoding=\"async\" width=\"72\" height=\"72\" src=\"https:\/\/phrase.com\/wp-content\/uploads\/2025\/07\/people-icon.png\" alt=\"\" class=\"wp-image-111273\" style=\"width:60px\" \/><\/figure>\n\n\n\n<p class=\"has-text-align-center\"><strong><strong>Vendor-neutral platform<\/strong><\/strong><\/p>\n\n\n\n<p class=\"has-text-align-center\">Supporting collaboration with any of your partners<\/p>\n<\/div>\n\n\n\n<div class=\"wp-block-group is-vertical is-content-justification-center is-layout-flex wp-container-core-group-is-layout-5e763914 wp-block-group-is-layout-flex\">\n<figure class=\"wp-block-image size-full is-resized is-style-not-rounded\"><img loading=\"lazy\" decoding=\"async\" width=\"72\" height=\"72\" src=\"https:\/\/phrase.com\/wp-content\/uploads\/2025\/07\/sales-icon.png\" alt=\"\" class=\"wp-image-111285\" style=\"width:60px\" \/><\/figure>\n\n\n\n<p class=\"has-text-align-center\"><strong><strong><strong>Scalability<\/strong><\/strong><\/strong><\/p>\n\n\n\n<p class=\"has-text-align-center\">Built for high content volumes to ensure a future-ready setup<\/p>\n<\/div>\n<\/div>\n<\/div>\n<\/div>\n\n<div class=\"wp-block-columns alignwide is-layout-flex wp-container-core-columns-is-layout-87527e6a wp-block-columns-is-layout-flex\" style=\"padding-right:var(--wp--preset--spacing--70);padding-left:var(--wp--preset--spacing--70)\">\n<div class=\"wp-block-column has-global-padding is-layout-constrained wp-block-column-is-layout-constrained\">\n<div class=\"wp-block-group is-vertical is-layout-flex wp-container-core-group-is-layout-f84d1e41 wp-block-group-is-layout-flex\" style=\"padding-top:0;padding-bottom:0\">\n<div class=\"wp-block-group has-global-padding is-layout-constrained wp-block-group-is-layout-constrained\">\n<h2 class=\"wp-block-heading\" id=\"h-benefits-of-the-phrase-plugin-for-storyblok\"><strong>Benefits of the Phrase plugin for Storyblok<\/strong><\/h2>\n\n\n\n<figure class=\"wp-block-image size-full is-resized\"><img loading=\"lazy\" decoding=\"async\" width=\"72\" height=\"72\" src=\"https:\/\/phrase.com\/wp-content\/uploads\/2025\/07\/product-icon.png\" alt=\"\" class=\"wp-image-111279\" style=\"width:70px\" \/><\/figure>\n\n\n\n<h4 class=\"wp-block-heading has-large-font-size\" id=\"h-intuitive-ux\" style=\"margin-top:var(--wp--preset--spacing--10);margin-bottom:var(--wp--preset--spacing--10);padding-top:0;padding-bottom:0\"><strong><strong><strong><strong><strong><strong>Intuitive UX<\/strong><\/strong><\/strong><\/strong><\/strong><\/strong><\/h4>\n\n\n\n<p>Enjoy a user-friendly plugin interface, real-time status updates, and automatic retrieval of content once translation is completed in Phrase.<\/p>\n<\/div>\n\n\n\n<div class=\"wp-block-group has-global-padding is-layout-constrained wp-block-group-is-layout-constrained\">\n<figure class=\"wp-block-image size-full is-resized is-style-not-rounded\"><img loading=\"lazy\" decoding=\"async\" width=\"72\" height=\"72\" src=\"https:\/\/phrase.com\/wp-content\/uploads\/2025\/07\/control-icon.png\" alt=\"\" class=\"wp-image-111445\" style=\"width:70px\" \/><\/figure>\n\n\n\n<h4 class=\"wp-block-heading has-large-font-size\" id=\"h-full-control\" style=\"margin-top:var(--wp--preset--spacing--10);margin-bottom:var(--wp--preset--spacing--10)\"><strong><strong><strong><strong><strong><strong>Full control<\/strong><\/strong><\/strong><\/strong><\/strong><\/strong><\/h4>\n\n\n\n<p>While other solutions only support folder-level translation, the Phrase plugin lets you choose individual stories to get translated.<\/p>\n<\/div>\n\n\n\n<div class=\"wp-block-group has-global-padding is-layout-constrained wp-block-group-is-layout-constrained\">\n<figure class=\"wp-block-image size-full is-resized is-style-not-rounded\"><img loading=\"lazy\" decoding=\"async\" width=\"73\" height=\"73\" src=\"https:\/\/phrase.com\/wp-content\/uploads\/2025\/07\/translation-icon.png\" alt=\"\" class=\"wp-image-111457\" style=\"width:70px\" \/><\/figure>\n\n\n\n<h4 class=\"wp-block-heading has-large-font-size\" id=\"h-batch-translation\" style=\"margin-top:var(--wp--preset--spacing--10);margin-bottom:var(--wp--preset--spacing--10)\"><strong><strong><strong><strong><strong><strong>Batch translation<\/strong><\/strong><\/strong><\/strong><\/strong><\/strong><\/h4>\n\n\n\n<p>Request translations for multiple stories, folders, and languages at the same time.<\/p>\n<\/div>\n<\/div>\n<\/div>\n\n\n\n<div class=\"wp-block-column is-layout-flow wp-block-column-is-layout-flow\">\n<figure class=\"wp-block-image alignright size-large is-resized is-style-default\"><img loading=\"lazy\" decoding=\"async\" width=\"776\" height=\"1024\" src=\"https:\/\/phrase.com\/wp-content\/uploads\/2025\/11\/Storyblok-Multilingual-Storyblok-experiences-776x1024.jpg\" alt=\"\" class=\"wp-image-128533\" style=\"width:474px;height:auto\" srcset=\"https:\/\/phrase.com\/wp-content\/uploads\/2025\/11\/Storyblok-Multilingual-Storyblok-experiences-776x1024.jpg 776w, https:\/\/phrase.com\/wp-content\/uploads\/2025\/11\/Storyblok-Multilingual-Storyblok-experiences-227x300.jpg 227w, https:\/\/phrase.com\/wp-content\/uploads\/2025\/11\/Storyblok-Multilingual-Storyblok-experiences-768x1013.jpg 768w, https:\/\/phrase.com\/wp-content\/uploads\/2025\/11\/Storyblok-Multilingual-Storyblok-experiences.jpg 1122w\" sizes=\"auto, (max-width: 776px) 100vw, 776px\" \/><\/figure>\n<\/div>\n<\/div>\n\n<div class=\"wp-block-group alignwide has-phrase-green-background-color has-background has-background-images has-global-padding is-content-justification-left is-layout-constrained wp-container-core-group-is-layout-836d34cb wp-block-group-is-layout-constrained\" style=\"margin-top:var(--wp--preset--spacing--70);background-image:url(https:\/\/phrase.com\/wp-content\/uploads\/2025\/07\/woman-ipad-background.jpg.webp);background-position:0% 0%;background-attachment:scroll;background-repeat:no-repeat;background-size:cover\"><div class=\"glide wp-block-phrase-com-testimonials\"><div class=\"glide__track\" data-glide-el=\"track\"><div class=\"glide__slides\">\t<div class=\"wp-block-phrase-com-testimonial glide__slide\">\n\t\t<div class=\"wp-block-phrase-com-testimonial__text \">\n\t\t\tEl plugin de Storyblok de Phrase es uno de los m\u00e1s esperados que nuestra red de clientes lleva pidiendo desde hace tiempo. Tengo muchas ganas de verlo en funcionamiento.\u2028S\u00e9 que la posibilidad de ofrecer capacidades de traducci\u00f3n s\u00f3lidas y completas tanto a nivel de campo como de carpeta ser\u00e1 un cambio significativo para nuestros clientes.\t\t<\/div>\n\t\t<div class=\"wp-block-phrase-com-testimonial__author\">\n\t\t\t<img loading=\"lazy\" decoding=\"async\" width=\"65\" height=\"65\" src=\"https:\/\/phrase.com\/wp-content\/uploads\/2025\/12\/Alin-Tanase-Storyblok-150x150.jpeg\" class=\"wp-block-phrase-com-testimonial__author-avatar\" alt=\"Photo of Alin Tanase\" srcset=\"https:\/\/phrase.com\/wp-content\/uploads\/2025\/12\/Alin-Tanase-Storyblok-150x150.jpeg 150w, https:\/\/phrase.com\/wp-content\/uploads\/2025\/12\/Alin-Tanase-Storyblok.jpeg 200w\" sizes=\"auto, (max-width: 65px) 100vw, 65px\" \/>\n\t\t\t<div class=\"wp-block-phrase-com-testimonial__author-info\">\n\t\t\t\t<img loading=\"lazy\" decoding=\"async\" width=\"206\" height=\"43\" src=\"https:\/\/phrase.com\/wp-content\/uploads\/2025\/12\/Storyblok-logo.png\" class=\"wp-block-phrase-com-testimonial__author-company-logo\" alt=\"Logo of Storyblok (socio de plugin)\" \/>\n\t\t\t\t<p class=\"wp-block-phrase-com-testimonial__author-name\">\n\t\t\t\t\tAlin Tanase\t\t\t\t<\/p>\n\n\t\t\t\t<p class=\"wp-block-phrase-com-testimonial__author-title\">\n\t\t\t\t\tDirector s\u00e9nior de tecnolog\u00eda para socios\t\t\t\t<\/p>\n\t\t\t<\/div>\n\t\t<\/div>\n\t<\/div>\n\t<\/div><\/div><\/div><\/div>\n\n<div style=\"height:4px\" aria-hidden=\"true\" class=\"wp-block-spacer\"><\/div>\n\n<h2 class=\"wp-block-heading has-text-align-center\" id=\"h-faqs\" style=\"margin-top:0\">FAQs<\/h2>\n\n<div class=\"wp-block-wearerequired-accordion alignwide\">\n<div id=\"acc-is-there-a-limit-on-content-size-or-number-of-stories-per-translation-request\" tabindex=\"-1\" class=\"wp-block-wearerequired-accordion-section\">\n<h3 class=\"wp-block-wearerequired-accordion-heading\"><span aria-hidden=\"true\" class=\"wp-block-wearerequired-accordion-heading__icon\"><\/span><span class=\"wp-block-wearerequired-accordion-heading__text\">Is there a limit on content size or number of stories per translation request?<\/span><\/h3>\n\n\n\n<div class=\"wp-block-wearerequired-accordion-content is-layout-flow wp-block-wearerequired-accordion-content-is-layout-flow\">\n<p>There are no strict limits. You can send multiple stories, components, or languages for translation at once, though very large batches may take slightly longer to process.<\/p>\n<\/div>\n<\/div>\n\n\n\n<div id=\"acc-how-is-my-storyblok-content-secured-during-translation-is-any-data-stored-outside-the-cms-or-localization-platform\" tabindex=\"-1\" class=\"wp-block-wearerequired-accordion-section\">\n<h3 class=\"wp-block-wearerequired-accordion-heading\"><span aria-hidden=\"true\" class=\"wp-block-wearerequired-accordion-heading__icon\"><\/span><span class=\"wp-block-wearerequired-accordion-heading__text\">How is my Storyblok content secured during translation? Is any data stored outside the CMS or localization platform?<\/span><\/h3>\n\n\n\n<div class=\"wp-block-wearerequired-accordion-content is-layout-flow wp-block-wearerequired-accordion-content-is-layout-flow\">\n<p>Your content is encrypted during transfer and at rest. Phrase meets high security and GDPR standards, and no data is stored outside Storyblok or the Phrase localization platform.<\/p>\n<\/div>\n<\/div>\n\n\n\n<div id=\"acc-can-i-customize-my-translation-workflows-review-steps-automation-rules-vendor-routing\" tabindex=\"-1\" class=\"wp-block-wearerequired-accordion-section\">\n<h3 class=\"wp-block-wearerequired-accordion-heading\"><span aria-hidden=\"true\" class=\"wp-block-wearerequired-accordion-heading__icon\"><\/span><span class=\"wp-block-wearerequired-accordion-heading__text\">Can I customize my translation workflows (review steps, automation rules, vendor routing)?<\/span><\/h3>\n\n\n\n<div class=\"wp-block-wearerequired-accordion-content is-layout-flow wp-block-wearerequired-accordion-content-is-layout-flow\">\n<p>Yes. All Storyblok content sent through the plugin enters the translation workflow you set up in Phrase, including automated routing, review steps, quality checks, and vendor selection.<\/p>\n<\/div>\n<\/div>\n\n\n\n<div id=\"acc-which-storyblok-content-types-are-supported\" tabindex=\"-1\" class=\"wp-block-wearerequired-accordion-section\">\n<h3 class=\"wp-block-wearerequired-accordion-heading\"><span aria-hidden=\"true\" class=\"wp-block-wearerequired-accordion-heading__icon\"><\/span><span class=\"wp-block-wearerequired-accordion-heading__text\">Which Storyblok content types are supported?<\/span><\/h3>\n\n\n\n<div class=\"wp-block-wearerequired-accordion-content is-layout-flow wp-block-wearerequired-accordion-content-is-layout-flow\">\n<p>The Phrase plugin for Storyblok supports translating content at both folder and story levels, working with any content that Storyblok has marked as translatable.<\/p>\n<\/div>\n<\/div>\n<\/div>\n\n<div class=\"wp-block-group alignwide has-black-color has-yellow-background-color has-text-color has-background has-link-color wp-elements-a562c06aea119e68b52ed503d9c6466d has-global-padding is-layout-constrained wp-block-group-is-layout-constrained\" style=\"margin-top:var(--wp--preset--spacing--56)\">\n<h2 class=\"wp-block-heading has-text-align-center\" id=\"h-want-to-find-out-more\">Want to find out more?<\/h2>\n\n\n\n<p class=\"has-text-align-center\">Reach a wider audience and build deeper connections today.<\/p>\n\n\n\n<div class=\"wp-block-buttons is-content-justification-center is-layout-flex wp-container-core-buttons-is-layout-a89b3969 wp-block-buttons-is-layout-flex\">\n<div class=\"wp-block-button is-style-default\"><a class=\"wp-block-button__link wp-element-button\" href=\"https:\/\/phrase.com\/es\/demo\/\" target=\"_blank\" rel=\"noreferrer noopener\">Request a demo<\/a><\/div>\n\n\n\n<div class=\"wp-block-button is-style-black-outline\"><a class=\"wp-block-button__link wp-element-button\" href=\"https:\/\/phrase.com\/es\/pricing\/\" target=\"_blank\" rel=\"noreferrer noopener\">See pricing<\/a><\/div>\n<\/div>\n<\/div>\n","protected":false},"excerpt":{"rendered":"<p>Storyblok integration Deliver multilingual Storyblok content faster than ever with AI-enhanced translation just one click away. Automated content translation for Storyblok Translate your website\u00a0without leaving Storyblok. In Phrase, translation memories, AI translation, QA checks and optional human review ensure accurate and brand-consistent translation quality. Once complete, translations sync right back into Storyblok &#8211; ready to [&hellip;]<\/p>\n","protected":false},"author":77,"featured_media":128532,"parent":31700,"menu_order":0,"comment_status":"closed","ping_status":"closed","template":"page-refresh","meta":{"_acf_changed":false,"_stopmodifiedupdate":false,"_modified_date":"","_searchwp_excluded":"","episode_type":"","audio_file":"","podmotor_file_id":"","podmotor_episode_id":"","cover_image":"","cover_image_id":"","duration":"","filesize":"","filesize_raw":"","date_recorded":"","explicit":"","block":"","itunes_episode_number":"","itunes_title":"","itunes_season_number":"","itunes_episode_type":"","footnotes":""},"class_list":["post-130361","page","type-page","status-publish","has-post-thumbnail","hentry"],"acf":[],"_links":{"self":[{"href":"https:\/\/phrase.com\/es\/wp-json\/wp\/v2\/pages\/130361","targetHints":{"allow":["GET"]}}],"collection":[{"href":"https:\/\/phrase.com\/es\/wp-json\/wp\/v2\/pages"}],"about":[{"href":"https:\/\/phrase.com\/es\/wp-json\/wp\/v2\/types\/page"}],"author":[{"embeddable":true,"href":"https:\/\/phrase.com\/es\/wp-json\/wp\/v2\/users\/77"}],"replies":[{"embeddable":true,"href":"https:\/\/phrase.com\/es\/wp-json\/wp\/v2\/comments?post=130361"}],"version-history":[{"count":3,"href":"https:\/\/phrase.com\/es\/wp-json\/wp\/v2\/pages\/130361\/revisions"}],"predecessor-version":[{"id":130549,"href":"https:\/\/phrase.com\/es\/wp-json\/wp\/v2\/pages\/130361\/revisions\/130549"}],"up":[{"embeddable":true,"href":"https:\/\/phrase.com\/es\/wp-json\/wp\/v2\/pages\/31700"}],"wp:featuredmedia":[{"embeddable":true,"href":"https:\/\/phrase.com\/es\/wp-json\/wp\/v2\/media\/128532"}],"wp:attachment":[{"href":"https:\/\/phrase.com\/es\/wp-json\/wp\/v2\/media?parent=130361"}],"curies":[{"name":"wp","href":"https:\/\/api.w.org\/{rel}","templated":true}]}}