{"id":130946,"date":"2025-12-10T12:38:20","date_gmt":"2025-12-10T11:38:20","guid":{"rendered":"https:\/\/phrase.com\/phrase-webhooks\/"},"modified":"2025-12-16T17:06:55","modified_gmt":"2025-12-16T16:06:55","slug":"webhooks","status":"publish","type":"page","link":"https:\/\/phrase.com\/es\/webhooks\/","title":{"rendered":"Phrase Webhooks"},"content":{"rendered":"\n<div class=\"wp-block-group alignfull is-style-header-hero has-indigo-background-color has-background has-background-images has-global-padding is-layout-constrained wp-block-group-is-layout-constrained\" style=\"background-image:url(https:\/\/phrase.com\/wp-content\/uploads\/2025\/07\/knowledge-hub-hero-pattern-stripes.svg);background-position:100% 100%;background-attachment:scroll;background-repeat:no-repeat;background-size:contain\">\n<div class=\"wp-block-group alignwide is-layout-flow wp-block-group-is-layout-flow\">\n<h1 class=\"wp-block-heading has-white-color has-text-color has-link-color wp-elements-2688279456e3441e14ded2f1e7fe14f7\" id=\"h-phrase-webhooks\" style=\"margin-bottom:var(--wp--preset--spacing--16)\">Phrase <br>Webhooks<\/h1>\n\n\n\n<p class=\"has-white-color has-text-color has-link-color wp-elements-7f49918a6cb6172c9335f262bb2ba6bd\">Elimina los procesos manuales mediante la automatizaci\u00f3n basada en eventos con webhooks.<\/p>\n\n\n\n<div class=\"wp-block-buttons is-layout-flex wp-block-buttons-is-layout-flex\">\n<div class=\"wp-block-button is-style-grey-filled\"><a class=\"wp-block-button__link wp-element-button\" href=\"https:\/\/eu.phrase.com\/idm-ui\/signup?uiLang=es-ES\" target=\"_blank\" rel=\"noreferrer noopener\">Empieza tu versi\u00f3n de prueba gratuita de Phrase<\/a><\/div>\n<\/div>\n<\/div>\n<\/div>\n\n\n\n<div class=\"wp-block-columns alignwide is-layout-flex wp-container-core-columns-is-layout-eee20ea1 wp-block-columns-is-layout-flex\">\n<div class=\"wp-block-column is-layout-flow wp-block-column-is-layout-flow\">\n<div class=\"wp-block-group is-vertical is-layout-flex wp-container-core-group-is-layout-9974f37d wp-block-group-is-layout-flex\" style=\"padding-right:var(--wp--preset--spacing--16);padding-left:var(--wp--preset--spacing--16)\">\n<figure class=\"wp-block-image size-full is-style-not-rounded\"><img loading=\"lazy\" decoding=\"async\" width=\"72\" height=\"72\" src=\"https:\/\/phrase.com\/wp-content\/uploads\/2025\/07\/device-icon.png\" alt=\"\" class=\"wp-image-111603\" \/><\/figure>\n\n\n\n<p class=\"has-large-font-size\"><strong>Webhooks SGT<\/strong><\/p>\n\n\n\n<p>Notifica a los colaboradores, publica contenido en tu CMS una vez las traducciones se hayan completado o env\u00eda datos a tus herramientas de contabilidad.<\/p>\n\n\n\n<div class=\"wp-block-buttons is-layout-flex wp-block-buttons-is-layout-flex\">\n<div class=\"wp-block-button is-style-plain\"><a class=\"wp-block-button__link wp-element-button\" href=\"https:\/\/support.phrase.com\/hc\/es\/articles\/5709693398812-Webhooks-TMS\" target=\"_blank\" rel=\"noreferrer noopener\">Explora<\/a><\/div>\n<\/div>\n<\/div>\n<\/div>\n\n\n\n<div class=\"wp-block-column is-layout-flow wp-block-column-is-layout-flow\">\n<div class=\"wp-block-group is-vertical is-layout-flex wp-container-core-group-is-layout-9974f37d wp-block-group-is-layout-flex\" style=\"padding-right:var(--wp--preset--spacing--16);padding-left:var(--wp--preset--spacing--16)\">\n<figure class=\"wp-block-image size-full is-style-not-rounded\"><img loading=\"lazy\" decoding=\"async\" width=\"73\" height=\"73\" src=\"https:\/\/phrase.com\/wp-content\/uploads\/2025\/07\/translater.png\" alt=\"\" class=\"wp-image-111676\" \/><\/figure>\n\n\n\n<p class=\"has-large-font-size\"><strong>Cadenas de webhooks<\/strong><\/p>\n\n\n\n<p>Usa eventos como la creaci\u00f3n de claves, la actualizaci\u00f3n de traducciones o trabajos completados para impulsar flujos de trabajo de localizaci\u00f3n continua para el texto de la interfaz de usuario.<\/p>\n\n\n\n<div class=\"wp-block-buttons is-layout-flex wp-block-buttons-is-layout-flex\">\n<div class=\"wp-block-button is-style-plain\"><a class=\"wp-block-button__link wp-element-button\" href=\"https:\/\/support.phrase.com\/hc\/es\/articles\/5784125630620-Webhooks-Strings\" target=\"_blank\" rel=\"noreferrer noopener\">Explora<\/a><\/div>\n<\/div>\n<\/div>\n<\/div>\n\n\n\n<div class=\"wp-block-column is-layout-flow wp-block-column-is-layout-flow\">\n<div class=\"wp-block-group is-vertical is-layout-flex wp-container-core-group-is-layout-9974f37d wp-block-group-is-layout-flex\" style=\"padding-right:var(--wp--preset--spacing--16);padding-left:var(--wp--preset--spacing--16)\">\n<figure class=\"wp-block-image size-full is-style-not-rounded\"><img loading=\"lazy\" decoding=\"async\" width=\"72\" height=\"72\" src=\"https:\/\/phrase.com\/wp-content\/uploads\/2025\/07\/sliders.svg\" alt=\"\" class=\"wp-image-110295\" \/><\/figure>\n\n\n\n<p class=\"has-large-font-size\"><strong>Orquestador de webhooks<\/strong><\/p>\n\n\n\n<p>Inicia flujos de trabajo cuando un archivo fuente cambie o usa webhooks para aplicar la siguiente l\u00f3gica: \u201csi est\u00e1 completo, se publica; si no, se notifica.\u201d<\/p>\n\n\n\n<div class=\"wp-block-buttons is-layout-flex wp-block-buttons-is-layout-flex\">\n<div class=\"wp-block-button is-style-plain\"><a class=\"wp-block-button__link wp-element-button\" href=\"https:\/\/support.phrase.com\/hc\/es\/articles\/15475270132380-Webhooks-Orchestrator\" target=\"_blank\" rel=\"noreferrer noopener\">Explora<\/a><\/div>\n<\/div>\n<\/div>\n<\/div>\n<\/div>\n\n\n\n<div class=\"wp-block-group alignwide has-yellow-background-color has-background has-global-padding is-layout-constrained wp-block-group-is-layout-constrained\" style=\"margin-top:var(--wp--preset--spacing--56)\">\n<h2 class=\"wp-block-heading has-text-align-center\" id=\"h-need-help\">\u00bfNecesitas ayuda?<\/h2>\n\n\n\n<div class=\"wp-block-buttons is-content-justification-center is-layout-flex wp-container-core-buttons-is-layout-a89b3969 wp-block-buttons-is-layout-flex\">\n<div class=\"wp-block-button\"><a class=\"wp-block-button__link wp-element-button\" href=\"https:\/\/phrase.com\/es\/contact\/\">Ponte en contacto<\/a><\/div>\n\n\n\n<div class=\"wp-block-button is-style-black-outline\"><a class=\"wp-block-button__link wp-element-button\" href=\"https:\/\/phrase.com\/es\/demo\/\">Pide una demo<\/a><\/div>\n<\/div>\n<\/div>\n\n","protected":false},"excerpt":{"rendered":"<p>Phrase Webhooks Elimina los procesos manuales mediante la automatizaci\u00f3n basada en eventos con webhooks. Webhooks SGT Notifica a los colaboradores, publica contenido en tu CMS una vez las traducciones se hayan completado o env\u00eda datos a tus herramientas de contabilidad. Cadenas de webhooks Usa eventos como la creaci\u00f3n de claves, la actualizaci\u00f3n de traducciones o [&hellip;]<\/p>\n","protected":false},"author":77,"featured_media":7474,"parent":0,"menu_order":0,"comment_status":"closed","ping_status":"closed","template":"page-refresh","meta":{"_acf_changed":false,"_stopmodifiedupdate":false,"_modified_date":"","_searchwp_excluded":"","episode_type":"","audio_file":"","podmotor_file_id":"","podmotor_episode_id":"","cover_image":"","cover_image_id":"","duration":"","filesize":"","filesize_raw":"","date_recorded":"","explicit":"","block":"","itunes_episode_number":"","itunes_title":"","itunes_season_number":"","itunes_episode_type":"","footnotes":""},"class_list":["post-130946","page","type-page","status-publish","has-post-thumbnail","hentry"],"acf":[],"_links":{"self":[{"href":"https:\/\/phrase.com\/es\/wp-json\/wp\/v2\/pages\/130946","targetHints":{"allow":["GET"]}}],"collection":[{"href":"https:\/\/phrase.com\/es\/wp-json\/wp\/v2\/pages"}],"about":[{"href":"https:\/\/phrase.com\/es\/wp-json\/wp\/v2\/types\/page"}],"author":[{"embeddable":true,"href":"https:\/\/phrase.com\/es\/wp-json\/wp\/v2\/users\/77"}],"replies":[{"embeddable":true,"href":"https:\/\/phrase.com\/es\/wp-json\/wp\/v2\/comments?post=130946"}],"version-history":[{"count":3,"href":"https:\/\/phrase.com\/es\/wp-json\/wp\/v2\/pages\/130946\/revisions"}],"predecessor-version":[{"id":130962,"href":"https:\/\/phrase.com\/es\/wp-json\/wp\/v2\/pages\/130946\/revisions\/130962"}],"wp:featuredmedia":[{"embeddable":true,"href":"https:\/\/phrase.com\/es\/wp-json\/wp\/v2\/media\/7474"}],"wp:attachment":[{"href":"https:\/\/phrase.com\/es\/wp-json\/wp\/v2\/media?parent=130946"}],"curies":[{"name":"wp","href":"https:\/\/api.w.org\/{rel}","templated":true}]}}