{"id":133728,"date":"2026-01-27T18:02:52","date_gmt":"2026-01-27T17:02:52","guid":{"rendered":"https:\/\/phrase.com\/intento\/"},"modified":"2026-02-04T17:05:37","modified_gmt":"2026-02-04T16:05:37","slug":"intento","status":"publish","type":"page","link":"https:\/\/phrase.com\/es\/partners\/intento\/","title":{"rendered":"Intento"},"content":{"rendered":"\n<div class=\"wp-block-group alignfull is-style-copy has-transparent-background-color has-background has-global-padding is-content-justification-center is-layout-constrained wp-block-group-is-layout-constrained\" style=\"padding-top:var(--wp--preset--spacing--45);padding-bottom:var(--wp--preset--spacing--45)\">\n<div class=\"wp-block-group alignwide has-global-padding is-content-justification-center is-layout-constrained wp-container-core-group-is-layout-cefc1864 wp-block-group-is-layout-constrained\" style=\"padding-left:var(--wp--preset--spacing--56)\">\n<p class=\"has-text-align-center has-blue-color has-text-color has-link-color wp-elements-17287ce18ce2d9d19816c52e726b8ba7\">SOCIO DE PHRASE<\/p>\n\n\n\n<figure class=\"wp-block-image aligncenter size-full is-resized is-style-not-rounded\"><img loading=\"lazy\" decoding=\"async\" width=\"2000\" height=\"372\" src=\"https:\/\/phrase.com\/wp-content\/uploads\/2026\/01\/MAIN-Intento-Logo-White-BG.png\" alt=\"\" class=\"wp-image-132903\" style=\"width:276px;height:auto\" srcset=\"https:\/\/phrase.com\/wp-content\/uploads\/2026\/01\/MAIN-Intento-Logo-White-BG.png 2000w, https:\/\/phrase.com\/wp-content\/uploads\/2026\/01\/MAIN-Intento-Logo-White-BG-300x56.png 300w, https:\/\/phrase.com\/wp-content\/uploads\/2026\/01\/MAIN-Intento-Logo-White-BG-1024x190.png 1024w, https:\/\/phrase.com\/wp-content\/uploads\/2026\/01\/MAIN-Intento-Logo-White-BG-768x143.png 768w, https:\/\/phrase.com\/wp-content\/uploads\/2026\/01\/MAIN-Intento-Logo-White-BG-1536x286.png 1536w\" sizes=\"auto, (max-width: 2000px) 100vw, 2000px\" \/><\/figure>\n\n\n\n<div style=\"height:20px\" aria-hidden=\"true\" class=\"wp-block-spacer\"><\/div>\n\n\n\n<h3 class=\"wp-block-heading has-text-align-center has-medium-font-size\" id=\"h-intento-language-hub-for-phrase\" style=\"margin-bottom:var(--wp--preset--spacing--8);font-style:normal;font-weight:400\">Intento Language Hub para Phrase<\/h3>\n\n\n\n<p class=\"has-text-align-center\"><a href=\"https:\/\/www.acclaro.com\/?utm_campaign=Partner%20Marketing&amp;utm_source=Phrase%20partner%20listing&amp;utm_medium=Main%20link&amp;utm_term=Acclaro\" target=\"_blank\" rel=\"noreferrer noopener\"><\/a><a href=\"https:\/\/www.actumdigital.com\/\"><\/a><a href=\"https:\/\/blog.attachedglobal.com\/en\/attached-partners-with-phrase-to-elevate-enterprise-translation-solutions\"><\/a><a href=\"https:\/\/www.clearlyloc.com\/\" target=\"_blank\" rel=\"noreferrer noopener\"><\/a><a href=\"https:\/\/inten.to\/\" target=\"_blank\" rel=\"noreferrer noopener\">www.inten.to\u202f<\/a><\/p>\n\n\n\n<div style=\"height:40px\" aria-hidden=\"true\" class=\"wp-block-spacer\"><\/div>\n\n\n\n<p class=\"has-text-align-left\" style=\"margin-top:0;margin-bottom:var(--wp--preset--spacing--40)\"><strong><br>MT que se adapta a tus reglas: flujos de trabajo automatizados con agentes de traducci\u00f3n con IA y LQA (evaluaci\u00f3n de la calidad del idioma) para un control de calidad y terminolog\u00eda listo para el uso empresarial en m\u00e1s de 650 idiomas.<\/strong><br><br>Intento automatiza la traducci\u00f3n para empresas globales utilizando agentes de IA. Su Enterprise Language Hub permite a empresas como Procore y Subway ofrecer experiencias ling\u00fc\u00edsticas consistentes y aut\u00e9nticas para todos los mercados y p\u00fablicos.<br><br>Combina traducci\u00f3n autom\u00e1tica y LLM en flujos de trabajo de IA de m\u00faltiples agentes, los personaliza seg\u00fan los datos de los clientes y los integra en los sistemas de software existentes de los clientes para la localizaci\u00f3n, el marketing, la atenci\u00f3n al cliente y otras funciones empresariales.<br><br>Con Intento, los clientes logran traducciones de alta calidad y en tiempo real para todos los usuarios y miembros del equipo en todo el mundo. Enterprise Language Hub cuenta con certificaci\u00f3n ISO-27001, que garantiza una seguridad de primer nivel y calidad empresarial para las soluciones de IA generativa.<br><br>Intento tambi\u00e9n ofrece soporte experto con certificaci\u00f3n ISO-9001 para configurar y mantener modelos de MT e IA con nuevos datos y comentarios de los usuarios.<\/p>\n\n\n\n<div style=\"height:15px\" aria-hidden=\"true\" class=\"wp-block-spacer\"><\/div>\n\n\n\n<div class=\"wp-block-buttons is-content-justification-center is-layout-flex wp-container-core-buttons-is-layout-a89b3969 wp-block-buttons-is-layout-flex\">\n<div class=\"wp-block-button\"><a class=\"wp-block-button__link wp-element-button\" href=\"https:\/\/phrase.com\/es\/demo\/\" target=\"_blank\" rel=\"noreferrer noopener\">Ponte en contacto<\/a><\/div>\n\n\n\n<div class=\"wp-block-button is-style-black-outline\"><a class=\"wp-block-button__link has-text-align-center wp-element-button\" href=\"https:\/\/inten.to\/\" target=\"_blank\" rel=\"noreferrer noopener\">Visita el sitio web<\/a><\/div>\n<\/div>\n\n\n\n<div style=\"height:40px\" aria-hidden=\"true\" class=\"wp-block-spacer\"><\/div>\n\n\n\n<div class=\"wp-block-group alignwide has-blue-10-background-color has-background has-global-padding is-content-justification-center is-layout-constrained wp-block-group-is-layout-constrained\">\n<blockquote class=\"wp-block-quote is-layout-flow wp-block-quote-is-layout-flow\">\n<p><em><strong><em>Muchas empresas gestionan la localizaci\u00f3n con Phrase. Intento ayuda a equipos como el tuyo a automatizar la traducci\u00f3n utilizando un enfoque basado en requisitos y centrado en la IA, a\u00f1adiendo directamente una capa de calidad de IA a los flujos de trabajo de Phrase. Juntos, facilitamos la escalabilidad de la automatizaci\u00f3n con resultados consistentes y alineados con tu terminolog\u00eda, estilo y requisitos de cumplimiento de normativas. Y, a medida que las cosas cambian (nuevo contenido, idiomas y est\u00e1ndares), nuestros expertos mantienen tus flujos de trabajo optimizados<\/em><\/strong><\/em>.<\/p>\n<cite><em><strong>Konstantin Savenkov,<\/strong> CEO y cofundador, Intento<\/em><\/cite><\/blockquote>\n<\/div>\n<\/div>\n<\/div>\n\n\n\n<div class=\"wp-block-group alignwide has-yellow-background-color has-background has-global-padding is-layout-constrained wp-block-group-is-layout-constrained\" style=\"margin-top:var(--wp--preset--spacing--56)\">\n<div class=\"wp-block-group is-vertical is-content-justification-center is-layout-flex wp-container-core-group-is-layout-ce155fab wp-block-group-is-layout-flex\">\n<h2 class=\"wp-block-heading has-text-align-center\" id=\"h-discover-more-partners\">Descubre m\u00e1s socios<\/h2>\n\n\n\n<p class=\"has-text-align-center\">Colaboramos con empresas tecnol\u00f3gicas l\u00edderes para asegurarnos de que tu equipo saque<br>el m\u00e1ximo partido a Phrase cada d\u00eda.<\/p>\n<\/div>\n\n\n\n<div class=\"wp-block-buttons is-content-justification-center is-layout-flex wp-container-core-buttons-is-layout-a89b3969 wp-block-buttons-is-layout-flex\">\n<div class=\"wp-block-button\"><a class=\"wp-block-button__link wp-element-button\" href=\"https:\/\/phrase.com\/es\/partners\/\" target=\"_blank\" rel=\"noreferrer noopener\">Programa de Phrase para socios<\/a><\/div>\n\n\n\n<div class=\"wp-block-button is-style-black-outline\"><a class=\"wp-block-button__link wp-element-button\" href=\"https:\/\/phrase.com\/es\/partners-inquiries\/\" target=\"_blank\" rel=\"noreferrer noopener\">Recomendaci\u00f3n de socios<\/a><\/div>\n<\/div>\n<\/div>\n\n","protected":false},"excerpt":{"rendered":"<p>SOCIO DE PHRASE Intento Language Hub para Phrase www.inten.to\u202f MT que se adapta a tus reglas: flujos de trabajo automatizados con agentes de traducci\u00f3n con IA y LQA (evaluaci\u00f3n de la calidad del idioma) para un control de calidad y terminolog\u00eda listo para el uso empresarial en m\u00e1s de 650 idiomas. Intento automatiza la traducci\u00f3n [&hellip;]<\/p>\n","protected":false},"author":78,"featured_media":7474,"parent":57530,"menu_order":1,"comment_status":"closed","ping_status":"closed","template":"page-refresh","meta":{"_acf_changed":false,"_stopmodifiedupdate":false,"_modified_date":"","_searchwp_excluded":"","episode_type":"","audio_file":"","podmotor_file_id":"","podmotor_episode_id":"","cover_image":"","cover_image_id":"","duration":"","filesize":"","filesize_raw":"","date_recorded":"","explicit":"","block":"","itunes_episode_number":"","itunes_title":"","itunes_season_number":"","itunes_episode_type":"","footnotes":""},"class_list":["post-133728","page","type-page","status-publish","has-post-thumbnail","hentry"],"acf":[],"_links":{"self":[{"href":"https:\/\/phrase.com\/es\/wp-json\/wp\/v2\/pages\/133728","targetHints":{"allow":["GET"]}}],"collection":[{"href":"https:\/\/phrase.com\/es\/wp-json\/wp\/v2\/pages"}],"about":[{"href":"https:\/\/phrase.com\/es\/wp-json\/wp\/v2\/types\/page"}],"author":[{"embeddable":true,"href":"https:\/\/phrase.com\/es\/wp-json\/wp\/v2\/users\/78"}],"replies":[{"embeddable":true,"href":"https:\/\/phrase.com\/es\/wp-json\/wp\/v2\/comments?post=133728"}],"version-history":[{"count":3,"href":"https:\/\/phrase.com\/es\/wp-json\/wp\/v2\/pages\/133728\/revisions"}],"predecessor-version":[{"id":133742,"href":"https:\/\/phrase.com\/es\/wp-json\/wp\/v2\/pages\/133728\/revisions\/133742"}],"up":[{"embeddable":true,"href":"https:\/\/phrase.com\/es\/wp-json\/wp\/v2\/pages\/57530"}],"wp:featuredmedia":[{"embeddable":true,"href":"https:\/\/phrase.com\/es\/wp-json\/wp\/v2\/media\/7474"}],"wp:attachment":[{"href":"https:\/\/phrase.com\/es\/wp-json\/wp\/v2\/media?parent=133728"}],"curies":[{"name":"wp","href":"https:\/\/api.w.org\/{rel}","templated":true}]}}