{"id":136987,"date":"2026-02-19T14:41:39","date_gmt":"2026-02-19T13:41:39","guid":{"rendered":"https:\/\/phrase.com\/modelfront\/"},"modified":"2026-03-06T12:55:31","modified_gmt":"2026-03-06T11:55:31","slug":"modelfront","status":"publish","type":"page","link":"https:\/\/phrase.com\/es\/partners\/modelfront\/","title":{"rendered":"ModelFront"},"content":{"rendered":"\n<div class=\"wp-block-group alignfull is-style-copy has-transparent-background-color has-background has-global-padding is-content-justification-center is-layout-constrained wp-block-group-is-layout-constrained\" style=\"padding-top:var(--wp--preset--spacing--45);padding-bottom:var(--wp--preset--spacing--45)\">\n<div class=\"wp-block-group alignwide has-global-padding is-content-justification-center is-layout-constrained wp-container-core-group-is-layout-cefc1864 wp-block-group-is-layout-constrained\" style=\"padding-left:var(--wp--preset--spacing--56)\">\n<p class=\"has-text-align-center has-blue-color has-text-color has-link-color wp-elements-17287ce18ce2d9d19816c52e726b8ba7\">SOCIO DE PHRASE<\/p>\n\n\n\n<figure class=\"wp-block-image aligncenter size-full is-resized is-style-not-rounded\"><img loading=\"lazy\" decoding=\"async\" width=\"7774\" height=\"3000\" src=\"https:\/\/phrase.com\/wp-content\/uploads\/2026\/02\/modelfront-Logo-_-light-bg-rounded.png\" alt=\"\" class=\"wp-image-135617\" style=\"width:276px;height:auto\" srcset=\"https:\/\/phrase.com\/wp-content\/uploads\/2026\/02\/modelfront-Logo-_-light-bg-rounded.png 7774w, https:\/\/phrase.com\/wp-content\/uploads\/2026\/02\/modelfront-Logo-_-light-bg-rounded-300x116.png 300w, https:\/\/phrase.com\/wp-content\/uploads\/2026\/02\/modelfront-Logo-_-light-bg-rounded-1024x395.png 1024w, https:\/\/phrase.com\/wp-content\/uploads\/2026\/02\/modelfront-Logo-_-light-bg-rounded-768x296.png 768w, https:\/\/phrase.com\/wp-content\/uploads\/2026\/02\/modelfront-Logo-_-light-bg-rounded-1536x593.png 1536w, https:\/\/phrase.com\/wp-content\/uploads\/2026\/02\/modelfront-Logo-_-light-bg-rounded-2048x790.png 2048w\" sizes=\"auto, (max-width: 7774px) 100vw, 7774px\" \/><\/figure>\n\n\n\n<h3 class=\"wp-block-heading has-text-align-center has-medium-font-size\" id=\"h-ai-to-scale-translation-while-keeping-human-quality\" style=\"margin-bottom:var(--wp--preset--spacing--8);font-style:normal;font-weight:400\">Una IA con la que llevar la traducci\u00f3n m\u00e1s all\u00e1, manteniendo la calidad humana<\/h3>\n\n\n\n<p class=\"has-text-align-center\"><a href=\"https:\/\/www.modelfront.com\" target=\"_blank\" rel=\"noreferrer noopener\">modelfront.com<\/a><\/p>\n\n\n\n<div style=\"height:40px\" aria-hidden=\"true\" class=\"wp-block-spacer\"><\/div>\n\n\n\n<p class=\"has-text-align-left\" style=\"margin-top:0;margin-bottom:var(--wp--preset--spacing--40)\"><strong><br>ModelFront es una IA con la que revisar y corregir traducciones hechas por IA y hacer uso de la intervenci\u00f3n humana cuando sea necesario.<br><\/strong><br>Las empresas usan ModelFront para llevar la traducci\u00f3n m\u00e1s all\u00e1 mientras conservan la calidad humana.<br><br>Una generaci\u00f3n de contenido sin verificar no basta, la revisi\u00f3n es clave para crear un mundo en el que el contenido est\u00e9 en m\u00e1s idiomas y pueda llegar a m\u00e1s gente.<br><br>ModelFront es \u00fanico porque ha conseguido aunar la estimaci\u00f3n de calidad y una posedici\u00f3n autom\u00e1tica en una soluci\u00f3n sencilla que funciona de verdad para aquellos clientes que quieran hacer grandes traducciones.<br><br>ModelFront no proporciona servicios de traducci\u00f3n humana.<\/p>\n\n\n\n<h2 class=\"wp-block-heading has-text-align-center\" id=\"h-services-offered\">Servicios ofrecidos<\/h2>\n\n\n\n<ul class=\"wp-block-list\">\n<li>Predicci\u00f3n de calidad: una IA verifica la calidad de las traducciones hechas por IA y solicita la intervenci\u00f3n humana cuando sea necesario<\/li>\n\n\n\n<li>Posedici\u00f3n autom\u00e1tica: una IA corrige traducciones hechas por IA<\/li>\n<\/ul>\n\n\n\n<div style=\"height:15px\" aria-hidden=\"true\" class=\"wp-block-spacer\"><\/div>\n\n\n\n<div class=\"wp-block-buttons is-content-justification-center is-layout-flex wp-container-core-buttons-is-layout-a89b3969 wp-block-buttons-is-layout-flex\">\n<div class=\"wp-block-button\"><a class=\"wp-block-button__link wp-element-button\" href=\"https:\/\/phrase.com\/es\/demo\/\" target=\"_blank\" rel=\"noreferrer noopener\">Ponte en contacto<\/a><\/div>\n\n\n\n<div class=\"wp-block-button is-style-black-outline\"><a class=\"wp-block-button__link has-text-align-center wp-element-button\" href=\"https:\/\/www.modelfront.com\" target=\"_blank\" rel=\"noreferrer noopener\">Visita el sitio web<\/a><\/div>\n<\/div>\n<\/div>\n<\/div>\n\n\n\n<div class=\"wp-block-group alignwide has-blue-10-background-color has-background has-background-images has-global-padding is-content-justification-left is-layout-constrained wp-container-core-group-is-layout-12dd3699 wp-block-group-is-layout-constrained\" style=\"background-image:url(https:\/\/phrase.com\/wp-content\/uploads\/2024\/06\/Untitled-design-6.jpg.webp);background-position:0% 0%;background-attachment:scroll;background-repeat:no-repeat;background-size:cover\"><div class=\"glide wp-block-phrase-com-testimonials\"><div class=\"glide__track\" data-glide-el=\"track\"><div class=\"glide__slides\">\t<div class=\"wp-block-phrase-com-testimonial glide__slide\">\n\t\t<div class=\"wp-block-phrase-com-testimonial__text \">\n\t\t\t<div class=\"TypographyPresentation TypographyPresentation--medium RichText3-paragraph--withVSpacingNormal RichText3-paragraph HighlightSol HighlightSol--buildingBlock\">La asociaci\u00f3n evolucion\u00f3 de manera natural gracias a los flujos de trabajo flexibles de Phrase y a las API escalables que facilitan la implementaci\u00f3n de IA, incluidos los bucles de feedback humano, y tambi\u00e9n la cartera de clientes de Phrase, entre la que hay empresas tecnol\u00f3gicas de escala mundial que llevan al l\u00edmite la automatizaci\u00f3n a un nuevo nivel. Me alegra poder compartir oficialmente que la IA de ModelFront funciona sin problemas dentro de Phrase y sirve para automatizar millones de nuevas palabras para los principales equipos de localizaci\u00f3n de Fortune 500, mientras se mantiene la calidad humana.\t\t<\/div>\n\t\t<div class=\"wp-block-phrase-com-testimonial__author\">\n\t\t\t\n\t\t\t<div class=\"wp-block-phrase-com-testimonial__author-info\">\n\t\t\t\t<img loading=\"lazy\" decoding=\"async\" width=\"300\" height=\"116\" src=\"https:\/\/phrase.com\/wp-content\/uploads\/2026\/02\/modefront-Logo-_-light-bg.png\" class=\"wp-block-phrase-com-testimonial__author-company-logo\" alt=\"Logo of ModelFront (socio)\" srcset=\"https:\/\/phrase.com\/wp-content\/uploads\/2026\/02\/modefront-Logo-_-light-bg.png 2560w, https:\/\/phrase.com\/wp-content\/uploads\/2026\/02\/modefront-Logo-_-light-bg-300x116.png 300w, https:\/\/phrase.com\/wp-content\/uploads\/2026\/02\/modefront-Logo-_-light-bg-1024x395.png 1024w, https:\/\/phrase.com\/wp-content\/uploads\/2026\/02\/modefront-Logo-_-light-bg-768x296.png 768w, https:\/\/phrase.com\/wp-content\/uploads\/2026\/02\/modefront-Logo-_-light-bg-1536x593.png 1536w, https:\/\/phrase.com\/wp-content\/uploads\/2026\/02\/modefront-Logo-_-light-bg-2048x790.png 2048w\" sizes=\"auto, (max-width: 300px) 100vw, 300px\" \/>\n\t\t\t\t<p class=\"wp-block-phrase-com-testimonial__author-name\">\n\t\t\t\t\tAdam Bittlingmayer\t\t\t\t<\/p>\n\n\t\t\t\t<p class=\"wp-block-phrase-com-testimonial__author-title\">\n\t\t\t\t\tCEO, ModelFront\t\t\t\t<\/p>\n\t\t\t<\/div>\n\t\t<\/div>\n\t<\/div>\n\t<\/div><\/div><\/div><\/div>\n\n\n\n<div class=\"wp-block-group alignwide has-yellow-background-color has-background has-global-padding is-layout-constrained wp-block-group-is-layout-constrained\" style=\"margin-top:var(--wp--preset--spacing--56)\">\n<div class=\"wp-block-group is-vertical is-content-justification-center is-layout-flex wp-container-core-group-is-layout-ce155fab wp-block-group-is-layout-flex\">\n<h2 class=\"wp-block-heading has-text-align-center\" id=\"h-discover-more-partners\">Encuentra m\u00e1s socios<\/h2>\n\n\n\n<p class=\"has-text-align-center\">Colaboramos con empresas tecnol\u00f3gicas l\u00edderes para asegurarnos de que tu equipo saque<br>el m\u00e1ximo partido a Phrase cada d\u00eda.<\/p>\n<\/div>\n\n\n\n<div class=\"wp-block-buttons is-content-justification-center is-layout-flex wp-container-core-buttons-is-layout-a89b3969 wp-block-buttons-is-layout-flex\">\n<div class=\"wp-block-button\"><a class=\"wp-block-button__link wp-element-button\" href=\"https:\/\/phrase.com\/es\/partners\/\" target=\"_blank\" rel=\"noreferrer noopener\">Programa de Phrase para socios<\/a><\/div>\n\n\n\n<div class=\"wp-block-button is-style-black-outline\"><a class=\"wp-block-button__link wp-element-button\" href=\"https:\/\/phrase.com\/es\/partners-inquiries\/\" target=\"_blank\" rel=\"noreferrer noopener\">Recomendaci\u00f3n de socios<\/a><\/div>\n<\/div>\n<\/div>\n\n","protected":false},"excerpt":{"rendered":"<p>SOCIO DE PHRASE Una IA con la que llevar la traducci\u00f3n m\u00e1s all\u00e1, manteniendo la calidad humana modelfront.com ModelFront es una IA con la que revisar y corregir traducciones hechas por IA y hacer uso de la intervenci\u00f3n humana cuando sea necesario.Las empresas usan ModelFront para llevar la traducci\u00f3n m\u00e1s all\u00e1 mientras conservan la calidad [&hellip;]<\/p>\n","protected":false},"author":77,"featured_media":7474,"parent":57530,"menu_order":1,"comment_status":"closed","ping_status":"closed","template":"page-refresh","meta":{"_acf_changed":false,"_stopmodifiedupdate":false,"_modified_date":"","_searchwp_excluded":"","episode_type":"","audio_file":"","podmotor_file_id":"","podmotor_episode_id":"","cover_image":"","cover_image_id":"","duration":"","filesize":"","filesize_raw":"","date_recorded":"","explicit":"","block":"","itunes_episode_number":"","itunes_title":"","itunes_season_number":"","itunes_episode_type":"","footnotes":""},"class_list":["post-136987","page","type-page","status-publish","has-post-thumbnail","hentry"],"acf":[],"_links":{"self":[{"href":"https:\/\/phrase.com\/es\/wp-json\/wp\/v2\/pages\/136987","targetHints":{"allow":["GET"]}}],"collection":[{"href":"https:\/\/phrase.com\/es\/wp-json\/wp\/v2\/pages"}],"about":[{"href":"https:\/\/phrase.com\/es\/wp-json\/wp\/v2\/types\/page"}],"author":[{"embeddable":true,"href":"https:\/\/phrase.com\/es\/wp-json\/wp\/v2\/users\/77"}],"replies":[{"embeddable":true,"href":"https:\/\/phrase.com\/es\/wp-json\/wp\/v2\/comments?post=136987"}],"version-history":[{"count":4,"href":"https:\/\/phrase.com\/es\/wp-json\/wp\/v2\/pages\/136987\/revisions"}],"predecessor-version":[{"id":137015,"href":"https:\/\/phrase.com\/es\/wp-json\/wp\/v2\/pages\/136987\/revisions\/137015"}],"up":[{"embeddable":true,"href":"https:\/\/phrase.com\/es\/wp-json\/wp\/v2\/pages\/57530"}],"wp:featuredmedia":[{"embeddable":true,"href":"https:\/\/phrase.com\/es\/wp-json\/wp\/v2\/media\/7474"}],"wp:attachment":[{"href":"https:\/\/phrase.com\/es\/wp-json\/wp\/v2\/media?parent=136987"}],"curies":[{"name":"wp","href":"https:\/\/api.w.org\/{rel}","templated":true}]}}