{"id":137861,"date":"2026-03-17T06:22:56","date_gmt":"2026-03-17T05:22:56","guid":{"rendered":"https:\/\/phrase.com\/taus-2\/"},"modified":"2026-03-13T15:55:12","modified_gmt":"2026-03-13T14:55:12","slug":"taus","status":"publish","type":"page","link":"https:\/\/phrase.com\/es\/partners\/taus\/","title":{"rendered":"TAUS"},"content":{"rendered":"\n<div class=\"wp-block-group alignfull is-style-copy has-transparent-background-color has-background has-global-padding is-content-justification-center is-layout-constrained wp-block-group-is-layout-constrained\" style=\"padding-top:var(--wp--preset--spacing--10);padding-bottom:var(--wp--preset--spacing--10)\">\n<div class=\"wp-block-group alignwide has-global-padding is-content-justification-center is-layout-constrained wp-container-core-group-is-layout-cefc1864 wp-block-group-is-layout-constrained\" style=\"padding-left:var(--wp--preset--spacing--56)\">\n<p class=\"has-text-align-center has-blue-color has-text-color has-link-color wp-elements-17287ce18ce2d9d19816c52e726b8ba7\">SOCIO DE PHRASE<\/p>\n\n\n\n<figure class=\"wp-block-image aligncenter size-full is-resized is-style-not-rounded\"><img loading=\"lazy\" decoding=\"async\" width=\"1000\" height=\"173\" src=\"https:\/\/phrase.com\/wp-content\/uploads\/2026\/03\/Taus_Logo_Final-1.svg\" alt=\"\" class=\"wp-image-137082\" style=\"width:276px;height:auto\" \/><\/figure>\n\n\n\n<div style=\"height:20px\" aria-hidden=\"true\" class=\"wp-block-spacer\"><\/div>\n\n\n\n<h3 class=\"wp-block-heading has-text-align-center has-medium-font-size\" id=\"h-your-ai-quality-companion\" style=\"margin-bottom:var(--wp--preset--spacing--8);font-style:normal;font-weight:400\">Tu aliado para garantizar la calidad de la IA<\/h3>\n\n\n\n<p class=\"has-text-align-center\"><a href=\"https:\/\/www.taus.net\/\" target=\"_blank\" rel=\"noreferrer noopener\">taus.net<\/a><\/p>\n\n\n\n<div style=\"height:60px\" aria-hidden=\"true\" class=\"wp-block-spacer\"><\/div>\n\n\n\n<p class=\"has-text-align-center\" style=\"margin-top:0;margin-bottom:var(--wp--preset--spacing--40)\"><strong><br><\/strong>Fundado como un grupo de reflexi\u00f3n independiente para la industria de la localizaci\u00f3n, TAUS lleva m\u00e1s de dos d\u00e9cadas mejorando la calidad de las traducciones gracias a sus investigaciones, el establecimiento de est\u00e1ndares y la tecnolog\u00eda del lenguaje.<\/p>\n\n\n\n<p class=\"has-text-align-center\" style=\"margin-top:0;margin-bottom:var(--wp--preset--spacing--40)\">Hoy, aunamos experiencia ling\u00fc\u00edstica, datos sobre el lenguaje y herramientas que utilizan la IA para ayudar a las empresas y proveedores de servicios ling\u00fc\u00edsticos a entregar su contenido multiling\u00fce con confianza y eficiencia.<\/p>\n\n\n\n<h2 class=\"wp-block-heading has-text-align-center\" id=\"h-core-capabilities\"><strong>Capacidades clave<\/strong><\/h2>\n\n\n\n<ul class=\"wp-block-list\">\n<li><strong>Un proceso de aprendizaje continuo y reentrenamiento:<\/strong><br>Las capacidades de EPIC progresan continuamente gracias a la integraci\u00f3n de nuevos datos de entrenamiento, soporte para idiomas adicionales y mejoras basadas en unos casos de uso que no dejan de evolucionar y en las necesidades del cliente.<\/li>\n\n\n\n<li><strong>Modelos de evaluaci\u00f3n de calidad propietarios entrenados con datos curados de TAUS:<\/strong><br>Desarrollados con grandes vol\u00famenes de datos de traducci\u00f3n de alta calidad extra\u00eddos del extenso repositorio multiling\u00fce de TAUS, proporcionan unas puntuaciones de calidad que est\u00e1n casi a la altura de los est\u00e1ndares de evaluaci\u00f3n humana.<\/li>\n\n\n\n<li><strong>Entrenamiento y adaptaci\u00f3n de modelos personalizados:<\/strong> TAUS puede ajustar sus modelos a localizaciones espec\u00edficas, dominios, tipos de contenido o est\u00e1ndares de marca utilizando los propios datos de los clientes. Los procesos automatizados para la preparaci\u00f3n de datos, la formaci\u00f3n y la evaluaci\u00f3n permiten entregas r\u00e1pidas y eficientes con una carga manual m\u00ednima.<\/li>\n\n\n\n<li><strong>\u00cdndice de confianza calibrado para cada combinaci\u00f3n de idiomas:<\/strong><br>TAUS proporciona unas puntuaciones de confianza adaptadas a cada combinaci\u00f3n de idiomas, ayudando a los clientes a calibrar los umbrales de calidad al tiempo que comprende el equilibrio que se da entre los riesgos y los ahorros de costes, lo que ayuda a tomar unas decisiones m\u00e1s inteligentes sobre cu\u00e1ndo se debe aceptar, revisar o poseditar el contenido traducido autom\u00e1ticamente.<\/li>\n<\/ul>\n<\/div>\n<\/div>\n\n\n\n<div class=\"wp-block-group has-global-padding is-layout-constrained wp-block-group-is-layout-constrained\">\n<h2 class=\"wp-block-heading has-text-align-center\" id=\"h-services-offered\">Servicios ofrecidos<\/h2>\n\n\n\n<ul class=\"wp-block-list\">\n<li>Estimaci\u00f3n de calidad<\/li>\n\n\n\n<li>Posedici\u00f3n automatizada<\/li>\n\n\n\n<li>Desarrollo de modelos de evaluaci\u00f3n de calidad personalizados<\/li>\n\n\n\n<li>Consultor\u00eda de PLN<\/li>\n<\/ul>\n<\/div>\n\n\n\n<div class=\"wp-block-buttons is-content-justification-center is-layout-flex wp-container-core-buttons-is-layout-a89b3969 wp-block-buttons-is-layout-flex\">\n<div class=\"wp-block-button\"><a class=\"wp-block-button__link wp-element-button\" href=\"https:\/\/phrase.com\/es\/demo\/\" target=\"_blank\" rel=\"noreferrer noopener\">Ponte en contacto<\/a><\/div>\n\n\n\n<div class=\"wp-block-button is-style-black-outline\"><a class=\"wp-block-button__link has-text-align-center wp-element-button\" href=\"https:\/\/traduno.com\/\" target=\"_blank\" rel=\"noreferrer noopener\">Visita el sitio web<\/a><\/div>\n<\/div>\n\n\n\n<div class=\"wp-block-group alignwide has-blue-10-background-color has-background has-background-images has-global-padding is-content-justification-left is-layout-constrained wp-container-core-group-is-layout-12dd3699 wp-block-group-is-layout-constrained\" style=\"background-image:url(https:\/\/phrase.com\/wp-content\/uploads\/2024\/06\/Untitled-design-6.jpg.webp);background-position:0% 0%;background-attachment:scroll;background-repeat:no-repeat;background-size:cover\"><div class=\"glide wp-block-phrase-com-testimonials\"><div class=\"glide__track\" data-glide-el=\"track\"><div class=\"glide__slides\">\t<div class=\"wp-block-phrase-com-testimonial glide__slide\">\n\t\t<div class=\"wp-block-phrase-com-testimonial__text \">\n\t\t\t<p data-pm-slice=\"1 1 []\">Nuestra integraci\u00f3n con Phrase marca un paso fundamental para unir la evaluaci\u00f3n de calidad automatizada y las capacidades de posedici\u00f3n con una plataforma de localizaci\u00f3n de clase mundial. Al integrar EPIC QE y APE directamente en el Ecosistema de Phrase, estamos permitiendo a los clientes lograr una mayor calidad de traducci\u00f3n, tiempos de entrega m\u00e1s r\u00e1pidos y flujos de trabajo sin interrupciones a gran escala. Esta asociaci\u00f3n refleja nuestro compromiso compartido con los ecosistemas abiertos y la innovaci\u00f3n centrada en el cliente, proporcionando a los equipos globales las herramientas que necesitan para entregar contenido impactante y consistente en diferentes idiomas y mercados.<\/p>\t\t<\/div>\n\t\t<div class=\"wp-block-phrase-com-testimonial__author\">\n\t\t\t\n\t\t\t<div class=\"wp-block-phrase-com-testimonial__author-info\">\n\t\t\t\t<img loading=\"lazy\" decoding=\"async\" width=\"1000\" height=\"173\" src=\"https:\/\/phrase.com\/wp-content\/uploads\/2026\/03\/Taus_Logo_Final-1.svg\" class=\"wp-block-phrase-com-testimonial__author-company-logo\" alt=\"Logo of TAUS (partner)\" \/>\n\t\t\t\t<p class=\"wp-block-phrase-com-testimonial__author-name\">\n\t\t\t\t\tJaap van der Meer, CEO\t\t\t\t<\/p>\n\n\t\t\t\t<p class=\"wp-block-phrase-com-testimonial__author-title\">\n\t\t\t\t\tCEO\t\t\t\t<\/p>\n\t\t\t<\/div>\n\t\t<\/div>\n\t<\/div>\n\t<\/div><\/div><\/div><\/div>\n\n\n\n<div class=\"wp-block-group alignwide has-yellow-background-color has-background has-global-padding is-layout-constrained wp-block-group-is-layout-constrained\" style=\"margin-top:var(--wp--preset--spacing--56)\">\n<div class=\"wp-block-group is-vertical is-content-justification-center is-layout-flex wp-container-core-group-is-layout-ce155fab wp-block-group-is-layout-flex\">\n<h2 class=\"wp-block-heading has-text-align-center\" id=\"h-discover-more-partners\">Encuentra m\u00e1s socios<\/h2>\n\n\n\n<p class=\"has-text-align-center\">Colaboramos con empresas tecnol\u00f3gicas l\u00edderes para asegurarnos de que tu equipo saque<br>el m\u00e1ximo partido a Phrase cada d\u00eda.<\/p>\n<\/div>\n\n\n\n<div class=\"wp-block-buttons is-content-justification-center is-layout-flex wp-container-core-buttons-is-layout-a89b3969 wp-block-buttons-is-layout-flex\">\n<div class=\"wp-block-button\"><a class=\"wp-block-button__link wp-element-button\" href=\"https:\/\/phrase.com\/es\/partners\/\" target=\"_blank\" rel=\"noreferrer noopener\">Programa de Phrase para socios<\/a><\/div>\n\n\n\n<div class=\"wp-block-button is-style-black-outline\"><a class=\"wp-block-button__link wp-element-button\" href=\"https:\/\/phrase.com\/es\/partners-inquiries\/\" target=\"_blank\" rel=\"noreferrer noopener\">Recomendaci\u00f3n de socios<\/a><\/div>\n<\/div>\n<\/div>\n\n","protected":false},"excerpt":{"rendered":"<p>SOCIO DE PHRASE Tu aliado para garantizar la calidad de la IA taus.net Fundado como un grupo de reflexi\u00f3n independiente para la industria de la localizaci\u00f3n, TAUS lleva m\u00e1s de dos d\u00e9cadas mejorando la calidad de las traducciones gracias a sus investigaciones, el establecimiento de est\u00e1ndares y la tecnolog\u00eda del lenguaje. Hoy, aunamos experiencia ling\u00fc\u00edstica, [&hellip;]<\/p>\n","protected":false},"author":77,"featured_media":0,"parent":57530,"menu_order":1,"comment_status":"closed","ping_status":"closed","template":"page-refresh","meta":{"_acf_changed":false,"_stopmodifiedupdate":false,"_modified_date":"","_searchwp_excluded":"","episode_type":"","audio_file":"","podmotor_file_id":"","podmotor_episode_id":"","cover_image":"","cover_image_id":"","duration":"","filesize":"","filesize_raw":"","date_recorded":"","explicit":"","block":"","itunes_episode_number":"","itunes_title":"","itunes_season_number":"","itunes_episode_type":"","footnotes":""},"class_list":["post-137861","page","type-page","status-publish","hentry"],"acf":[],"_links":{"self":[{"href":"https:\/\/phrase.com\/es\/wp-json\/wp\/v2\/pages\/137861","targetHints":{"allow":["GET"]}}],"collection":[{"href":"https:\/\/phrase.com\/es\/wp-json\/wp\/v2\/pages"}],"about":[{"href":"https:\/\/phrase.com\/es\/wp-json\/wp\/v2\/types\/page"}],"author":[{"embeddable":true,"href":"https:\/\/phrase.com\/es\/wp-json\/wp\/v2\/users\/77"}],"replies":[{"embeddable":true,"href":"https:\/\/phrase.com\/es\/wp-json\/wp\/v2\/comments?post=137861"}],"version-history":[{"count":3,"href":"https:\/\/phrase.com\/es\/wp-json\/wp\/v2\/pages\/137861\/revisions"}],"predecessor-version":[{"id":137883,"href":"https:\/\/phrase.com\/es\/wp-json\/wp\/v2\/pages\/137861\/revisions\/137883"}],"up":[{"embeddable":true,"href":"https:\/\/phrase.com\/es\/wp-json\/wp\/v2\/pages\/57530"}],"wp:attachment":[{"href":"https:\/\/phrase.com\/es\/wp-json\/wp\/v2\/media?parent=137861"}],"curies":[{"name":"wp","href":"https:\/\/api.w.org\/{rel}","templated":true}]}}