{"id":27763,"date":"2022-08-10T21:06:35","date_gmt":"2022-08-10T19:06:35","guid":{"rendered":"https:\/\/phrase.com\/?page_id=27763"},"modified":"2026-03-02T11:50:47","modified_gmt":"2026-03-02T10:50:47","slug":"jobs","status":"publish","type":"page","link":"https:\/\/phrase.com\/es\/careers\/jobs\/","title":{"rendered":"Trabajos"},"content":{"rendered":"\n<div class=\"wp-block-group alignwide is-style-header-hero has-white-color has-white-background-color has-text-color has-background has-link-color has-background-images wp-elements-0ad26a4c95c1e74d5efbbab92412edc9 is-layout-flow wp-block-group-is-layout-flow\" style=\"padding-top:var(--wp--preset--spacing--110);padding-bottom:var(--wp--preset--spacing--110);background-image:url(https:\/\/phrase.com\/wp-content\/uploads\/2025\/07\/phrase-header-green.jpg.webp);background-position:0% 100%;background-attachment:scroll;background-repeat:no-repeat;background-size:cover\">\n<div class=\"wp-block-group has-global-padding is-content-justification-left is-layout-constrained wp-container-core-group-is-layout-4513c74a wp-block-group-is-layout-constrained\"><div class=\"yoast-breadcrumbs\"><span><span><a href=\"https:\/\/phrase.com\/es\/\">Home<\/a><\/span> | <span><a href=\"https:\/\/phrase.com\/es\/careers\/\">Vacantes<\/a><\/span> | <span class=\"breadcrumb_last\" aria-current=\"page\">Trabajos<\/span><\/span><\/div>\n\n\n<h2 class=\"wp-block-heading has-text-align-left has-gigantic-font-size\" id=\"h-puestos-vacantes\" style=\"font-style:normal;font-weight:400\">Puestos vacantes<\/h2>\n\n\n\n<div class=\"wp-block-group has-global-padding is-content-justification-left is-layout-constrained wp-container-core-group-is-layout-12dd3699 wp-block-group-is-layout-constrained\">\n<p class=\"has-text-align-left\">Encuentra el puesto que se ajusta a tus capacidades y te permite prosperar.<\/p>\n<\/div>\n<\/div>\n<\/div>\n\n\n\n<div data-wp-context=\"{}\" data-wp-interactive=\"core\/query\" data-wp-key=\"1\" data-wp-router-region=\"query-1\" class=\"wp-block-query alignwide is-layout-flow wp-block-query-is-layout-flow\">\n<div class=\"wp-block-columns is-layout-flex wp-container-core-columns-is-layout-19b4936f wp-block-columns-is-layout-flex\">\n<div class=\"wp-block-column is-layout-flow wp-container-core-column-is-layout-0f64ed6a wp-block-column-is-layout-flow\" style=\"flex-basis:25%\"><div class=\"wp-block-phrase-com-query-search\">\n\t<form data-wp-interactive=\"phrase\/query-search\" id=\"searchform-1\" data-wp-context='{\"value\":\"\"}' data-wp-on--submit=\"actions.search\">\n\t\t<button type=\"submit\" class=\"wp-block-phrase-com-query-search__submit\">\n\t\t\t<span class=\"screen-reader-text\">Search<\/span>\n\t\t\t<svg xmlns=\"http:\/\/www.w3.org\/2000\/svg\" width=\"15\" height=\"15\" fill=\"none\" viewBox=\"0 0 15 15\"><path fill=\"currentColor\" d=\"m13.833 15-5.25-5.25a5.08 5.08 0 0 1-3.167 1.083c-1.513 0-2.794-.524-3.843-1.573C.524 8.212 0 6.93 0 5.417c0-1.514.524-2.795 1.573-3.844S3.903 0 5.417 0C6.93 0 8.212.524 9.26 1.573c1.049 1.049 1.573 2.33 1.573 3.844A5.08 5.08 0 0 1 9.75 8.583l5.25 5.25L13.833 15ZM5.417 9.167c1.041 0 1.927-.365 2.656-1.094.73-.73 1.094-1.615 1.094-2.656 0-1.042-.365-1.927-1.094-2.657-.73-.729-1.615-1.093-2.656-1.093-1.042 0-1.927.364-2.657 1.093-.729.73-1.093 1.615-1.093 2.657 0 1.041.364 1.927 1.093 2.656.73.73 1.615 1.094 2.657 1.094Z\"\/><\/svg>\n\t\t<\/button>\n\t\t<label for=\"searchform-1-input\" class=\"screen-reader-text\">\n\t\t\tSearch:\t\t<\/label>\n\t\t<input value=\"\"\n\t\t\ttype=\"search\"\n\t\t\tinputmode=\"search\"\n\t\t\tname=\"query-1-s\"\n\t\t\tid=\"searchform-1-input\"\n\t\t\tplaceholder=\"Type to search\u2026\"\n\t\t\tclass=\"wp-block-phrase-com-query-search__input\"\n\t\t\tdata-wp-bind--value=\"context.value\"\n\t\t\tdata-wp-on--input=\"actions.updateValue\"\n\t\t\tdata-wp-on--keyup=\"actions.autoSearch\"\n\t\t\/>\n\t\t<button hidden type=\"button\" class=\"wp-block-phrase-com-query-search__reset\" data-wp-on--click=\"actions.reset\" data-wp-bind--hidden=\"!context.value\">\n\t\t\t<span class=\"screen-reader-text\">Reset<\/span>\n\t\t\t<svg aria-hidden=\"true\" xmlns=\"http:\/\/www.w3.org\/2000\/svg\" width=\"24\" height=\"24\" fill=\"none\" viewBox=\"0 0 24 24\"><path stroke=\"currentColor\" stroke-linecap=\"round\" stroke-linejoin=\"round\" stroke-width=\"2\" d=\"M18 6 6 18M6 6l12 12\"\/><\/svg>\n\t\t<\/button>\n\t<\/form>\n<\/div>\n\n\n\n<div class=\"wp-block-group has-global-padding is-layout-constrained wp-block-group-is-layout-constrained\">\n<h4 class=\"wp-block-heading\" id=\"h-departments\">Departments<\/h4>\n\n\n<ul class=\"is-style-vertical wp-block-phrase-com-query-terms-filter\" data-wp-interactive=\"phrase\/query-terms-filter\">\n\t\t\t<li class=\"phrase-query-terms-filter__all\">\n\t\t\t<a\n\t\t\t\thref=\"https:\/\/phrase.com\/es\/wp-json\/wp\/v2\/pages\/27763\"\n\t\t\t\trel=\"nofollow\"\n\t\t\t\trole=\"menuitemcheckbox\"\n\t\t\t\taria-checked=\"true\"\n\t\t\t\tdata-wp-on--click=\"actions.navigate\"\n\t\t\t\tdata-wp-on-async--mouseenter=\"actions.prefetch\"\n\t\t\t>\n\t\t\t\tAll\t\t\t<\/a>\n\t\t<\/li>\n\t\t\t<li class=\"phrase-query-terms-filter__item\">\n\t\t\t<a\n\t\t\t\thref=\"https:\/\/phrase.com\/es\/wp-json\/wp\/v2\/pages\/27763?query-1-phrase_job_department%5B0%5D=customer-success\"\n\t\t\t\trel=\"nofollow\"\n\t\t\t\trole=\"menuitemcheckbox\"\n\t\t\t\taria-checked=\"false\"\n\t\t\t\tdata-wp-on--click=\"actions.navigate\"\n\t\t\t\tdata-wp-on-async--mouseenter=\"actions.prefetch\"\n\t\t\t>\n\t\t\t\tCustomer Success\t\t\t<\/a>\n\t\t<\/li>\n\t\t\t<li class=\"phrase-query-terms-filter__item\">\n\t\t\t<a\n\t\t\t\thref=\"https:\/\/phrase.com\/es\/wp-json\/wp\/v2\/pages\/27763?query-1-phrase_job_department%5B0%5D=engineering\"\n\t\t\t\trel=\"nofollow\"\n\t\t\t\trole=\"menuitemcheckbox\"\n\t\t\t\taria-checked=\"false\"\n\t\t\t\tdata-wp-on--click=\"actions.navigate\"\n\t\t\t\tdata-wp-on-async--mouseenter=\"actions.prefetch\"\n\t\t\t>\n\t\t\t\tEngineering\t\t\t<\/a>\n\t\t<\/li>\n\t\t\t<li class=\"phrase-query-terms-filter__item\">\n\t\t\t<a\n\t\t\t\thref=\"https:\/\/phrase.com\/es\/wp-json\/wp\/v2\/pages\/27763?query-1-phrase_job_department%5B0%5D=marketing\"\n\t\t\t\trel=\"nofollow\"\n\t\t\t\trole=\"menuitemcheckbox\"\n\t\t\t\taria-checked=\"false\"\n\t\t\t\tdata-wp-on--click=\"actions.navigate\"\n\t\t\t\tdata-wp-on-async--mouseenter=\"actions.prefetch\"\n\t\t\t>\n\t\t\t\tMarketing\t\t\t<\/a>\n\t\t<\/li>\n\t\t\t<li class=\"phrase-query-terms-filter__item\">\n\t\t\t<a\n\t\t\t\thref=\"https:\/\/phrase.com\/es\/wp-json\/wp\/v2\/pages\/27763?query-1-phrase_job_department%5B0%5D=product\"\n\t\t\t\trel=\"nofollow\"\n\t\t\t\trole=\"menuitemcheckbox\"\n\t\t\t\taria-checked=\"false\"\n\t\t\t\tdata-wp-on--click=\"actions.navigate\"\n\t\t\t\tdata-wp-on-async--mouseenter=\"actions.prefetch\"\n\t\t\t>\n\t\t\t\tProduct\t\t\t<\/a>\n\t\t<\/li>\n\t<\/ul>\n<\/div>\n\n\n\n<div class=\"wp-block-group has-global-padding is-layout-constrained wp-block-group-is-layout-constrained\">\n<h4 class=\"wp-block-heading\" id=\"h-offices\">Offices<\/h4>\n\n\n<ul class=\"is-style-vertical wp-block-phrase-com-query-terms-filter\" data-wp-interactive=\"phrase\/query-terms-filter\">\n\t\t\t<li class=\"phrase-query-terms-filter__all\">\n\t\t\t<a\n\t\t\t\thref=\"https:\/\/phrase.com\/es\/wp-json\/wp\/v2\/pages\/27763\"\n\t\t\t\trel=\"nofollow\"\n\t\t\t\trole=\"menuitemcheckbox\"\n\t\t\t\taria-checked=\"true\"\n\t\t\t\tdata-wp-on--click=\"actions.navigate\"\n\t\t\t\tdata-wp-on-async--mouseenter=\"actions.prefetch\"\n\t\t\t>\n\t\t\t\tAll\t\t\t<\/a>\n\t\t<\/li>\n\t\t\t<li class=\"phrase-query-terms-filter__item\">\n\t\t\t<a\n\t\t\t\thref=\"https:\/\/phrase.com\/es\/wp-json\/wp\/v2\/pages\/27763?query-1-phrase_job_location%5B0%5D=europe-entities-in-czech-republic-germany-spain-ireland-united-kingdom\"\n\t\t\t\trel=\"nofollow\"\n\t\t\t\trole=\"menuitemcheckbox\"\n\t\t\t\taria-checked=\"false\"\n\t\t\t\tdata-wp-on--click=\"actions.navigate\"\n\t\t\t\tdata-wp-on-async--mouseenter=\"actions.prefetch\"\n\t\t\t>\n\t\t\t\tEurope (Entities in Czech Republic, Germany, Spain, Ireland, United Kingdom)\t\t\t<\/a>\n\t\t<\/li>\n\t<\/ul>\n<\/div>\n<\/div>\n\n\n\n<div class=\"wp-block-column is-layout-flow wp-block-column-is-layout-flow\" style=\"flex-basis:75%\"><ul class=\"columns-3 wp-block-post-template is-layout-grid wp-container-core-post-template-is-layout-6d3fbd8f wp-block-post-template-is-layout-grid\"><li data-wp-key=\"post-template-item-137194\" class=\"wp-block-post post-137194 phrase_job type-phrase_job status-publish hentry\">\n\n<div class=\"wp-block-group wp-block-post__content is-layout-flow wp-block-group-is-layout-flow\"><h3 class=\"wp-block-post-title\">Senior Product Manager<\/h3>\n\n<div class=\"wp-block-post-excerpt\"><p class=\"wp-block-post-excerpt__excerpt\">Product | Europe (Entities in Czech Republic, Germany, Spain, Ireland, United Kingdom)<\/p><p class=\"wp-block-post-excerpt__more-text\"><a class=\"wp-block-post-excerpt__more-link\" href=\"https:\/\/phrase.com\/es\/careers\/jobs\/?gh_jid=4797504101\">Apply<\/a><\/p><\/div><\/div>\n\n<\/li><li data-wp-key=\"post-template-item-136814\" class=\"wp-block-post post-136814 phrase_job type-phrase_job status-publish hentry\">\n\n<div class=\"wp-block-group wp-block-post__content is-layout-flow wp-block-group-is-layout-flow\"><h3 class=\"wp-block-post-title\">DevOps Engineer<\/h3>\n\n<div class=\"wp-block-post-excerpt\"><p class=\"wp-block-post-excerpt__excerpt\">Engineering | Europe (Entities in Czech Republic, Germany, Spain, Ireland, United Kingdom)<\/p><p class=\"wp-block-post-excerpt__more-text\"><a class=\"wp-block-post-excerpt__more-link\" href=\"https:\/\/phrase.com\/es\/careers\/jobs\/?gh_jid=4795932101\">Apply<\/a><\/p><\/div><\/div>\n\n<\/li><li data-wp-key=\"post-template-item-136815\" class=\"wp-block-post post-136815 phrase_job type-phrase_job status-publish hentry\">\n\n<div class=\"wp-block-group wp-block-post__content is-layout-flow wp-block-group-is-layout-flow\"><h3 class=\"wp-block-post-title\">Senior AI Engineer<\/h3>\n\n<div class=\"wp-block-post-excerpt\"><p class=\"wp-block-post-excerpt__excerpt\">Engineering | Europe (Entities in Czech Republic, Germany, Spain, Ireland, United Kingdom)<\/p><p class=\"wp-block-post-excerpt__more-text\"><a class=\"wp-block-post-excerpt__more-link\" href=\"https:\/\/phrase.com\/es\/careers\/jobs\/?gh_jid=4795953101\">Apply<\/a><\/p><\/div><\/div>\n\n<\/li><li data-wp-key=\"post-template-item-136495\" class=\"wp-block-post post-136495 phrase_job type-phrase_job status-publish hentry\">\n\n<div class=\"wp-block-group wp-block-post__content is-layout-flow wp-block-group-is-layout-flow\"><h3 class=\"wp-block-post-title\">Customer Enablement Specialist<\/h3>\n\n<div class=\"wp-block-post-excerpt\"><p class=\"wp-block-post-excerpt__excerpt\">Customer Success | Europe (Entities in Czech Republic, Germany, Spain, Ireland, United Kingdom)<\/p><p class=\"wp-block-post-excerpt__more-text\"><a class=\"wp-block-post-excerpt__more-link\" href=\"https:\/\/phrase.com\/es\/careers\/jobs\/?gh_jid=4783051101\">Apply<\/a><\/p><\/div><\/div>\n\n<\/li><li data-wp-key=\"post-template-item-136497\" class=\"wp-block-post post-136497 phrase_job type-phrase_job status-publish hentry\">\n\n<div class=\"wp-block-group wp-block-post__content is-layout-flow wp-block-group-is-layout-flow\"><h3 class=\"wp-block-post-title\">Head of Product Design<\/h3>\n\n<div class=\"wp-block-post-excerpt\"><p class=\"wp-block-post-excerpt__excerpt\">Product | Europe (Entities in Czech Republic, Germany, Spain, Ireland, United Kingdom)<\/p><p class=\"wp-block-post-excerpt__more-text\"><a class=\"wp-block-post-excerpt__more-link\" href=\"https:\/\/phrase.com\/es\/careers\/jobs\/?gh_jid=4741102101\">Apply<\/a><\/p><\/div><\/div>\n\n<\/li><li data-wp-key=\"post-template-item-136499\" class=\"wp-block-post post-136499 phrase_job type-phrase_job status-publish hentry\">\n\n<div class=\"wp-block-group wp-block-post__content is-layout-flow wp-block-group-is-layout-flow\"><h3 class=\"wp-block-post-title\">Virtual Events and Podcast Manager<\/h3>\n\n<div class=\"wp-block-post-excerpt\"><p class=\"wp-block-post-excerpt__excerpt\">Marketing | Europe (Entities in Czech Republic, Germany, Spain, Ireland, United Kingdom)<\/p><p class=\"wp-block-post-excerpt__more-text\"><a class=\"wp-block-post-excerpt__more-link\" href=\"https:\/\/phrase.com\/es\/careers\/jobs\/?gh_jid=4739481101\">Apply<\/a><\/p><\/div><\/div>\n\n<\/li><\/ul>\n\n\n\n<\/div>\n<\/div>\n<\/div>\n\n\n\n<div class=\"wp-block-group alignwide is-layout-flow wp-block-group-is-layout-flow\">\n<div class=\"wp-block-group has-global-padding is-layout-constrained wp-block-group-is-layout-constrained\">\n<h2 class=\"wp-block-heading has-text-align-center\" id=\"h-nuestro-proceso-de-solicitud\" style=\"margin-bottom:var(--wp--preset--spacing--80)\">Nuestro proceso de solicitud<\/h2>\n\n\n\n<div class=\"wp-block-wearerequired-accordion alignwide\">\n<div id=\"acc-contacta-con-nosotros\" tabindex=\"-1\" class=\"wp-block-wearerequired-accordion-section\">\n<h3 class=\"wp-block-wearerequired-accordion-heading\"><span aria-hidden=\"true\" class=\"wp-block-wearerequired-accordion-heading__icon\"><\/span><span class=\"wp-block-wearerequired-accordion-heading__text\">Contacta con nosotros<\/span><\/h3>\n\n\n\n<div class=\"wp-block-wearerequired-accordion-content is-layout-flow wp-block-wearerequired-accordion-content-is-layout-flow\">\n<p>Env\u00edanos tu solicitud a trav\u00e9s de la oferta de la vacante.<\/p>\n\n\n\n<p>C\u00f3mo hacer que tu candidatura destaque:<\/p>\n\n\n\n<ul class=\"wp-block-list\">\n<li>Te invitamos a compartir tu nombre con nosotros para poder dirigirnos a ti en modo correcto.<\/li>\n\n\n\n<li>Lee con atenci\u00f3n la descripci\u00f3n de las vacantes abiertas y aplica a la(s) que mejor se alinean a tu experiencia.<\/li>\n\n\n\n<li>Comparte por qu\u00e9 te interesa unirte a nuestro equipo y si nuestra misi\u00f3n te convence.<\/li>\n\n\n\n<li>Aseg\u00farate de facilitarnos toda la informaci\u00f3n que necesitamos: tus cualificaciones, tus puntos fuertes y tus ambiciones. Puedes hacerlo a trav\u00e9s de tu CV, cartas de presentaci\u00f3n, portfolios, sitios web o ejemplos de trabajo.<\/li>\n\n\n\n<li>D\u00e9janos tus detalles de contacto actualizados.<\/li>\n\n\n\n<li>Por favor, env\u00eda tu solicitud en ingl\u00e9s. Somos una empresa multinacional, pero el idioma de nuestra compa\u00f1\u00eda es el ingl\u00e9s. De esta forma nos aseguramos de que todas las personas implicadas entiendan perfectamente lo que puedes aportar.<\/li>\n<\/ul>\n<\/div>\n<\/div>\n\n\n\n<div id=\"acc-habla-con-nosotros\" tabindex=\"-1\" class=\"wp-block-wearerequired-accordion-section\">\n<h3 class=\"wp-block-wearerequired-accordion-heading\"><span aria-hidden=\"true\" class=\"wp-block-wearerequired-accordion-heading__icon\"><\/span><span class=\"wp-block-wearerequired-accordion-heading__text\">Habla con nosotros<\/span><\/h3>\n\n\n\n<div class=\"wp-block-wearerequired-accordion-content is-layout-flow wp-block-wearerequired-accordion-content-is-layout-flow\">\n<p>Si tu experiencia se ajusta a nuestras necesidades, nos pondremos en contacto contigo para conocerte.<\/p>\n\n\n\n<p>En primer lugar, alguien de nuestro equipo de selecci\u00f3n de talentos se pondr\u00e1 en contacto contigo para programar una videollamada para saber m\u00e1s de ti y de tu experiencia. Al mismo tiempo, podr\u00e1s conocer mejor nuestra empresa, el equipo y el puesto para el que te estamos entrevistando.<\/p>\n\n\n\n<p>Las siguientes etapas var\u00edan ligeramente en funci\u00f3n del equipo al que se opte y del nivel de antig\u00fcedad del puesto, pero ser\u00e1n m\u00e1s o menos as\u00ed:<\/p>\n\n\n\n<ul class=\"wp-block-list\">\n<li>Conocer\u00e1s al manager con el que tendr\u00e1s que hablar.<\/li>\n\n\n\n<li>Luego, se te pedir\u00e1 que completes alg\u00fan test pr\u00e1ctico para evaluar tus capacidades, como una tarea de programaci\u00f3n o dise\u00f1o, juego de roles o un an\u00e1lisis de negocios.<\/li>\n\n\n\n<li>A continuaci\u00f3n, conocer\u00e1s algunos de los principales agentes y miembros del equipo. Tu seleccionador te guiar\u00e1 en todo el proceso, teni\u00e9ndote actualizado, cont\u00e1ndote a qui\u00e9n conocer\u00e1s y cu\u00e1l ser\u00e1 tu posici\u00f3n.<\/li>\n<\/ul>\n\n\n\n<p>Algunas cosas a tener en cuenta:<\/p>\n\n\n\n<p>Evaluaremos tus capacidades, pero tambi\u00e9n nos interesa saber si tus valores y objetivos se alinean a los nuestros.<\/p>\n\n\n\n<p>Todo nuestro proceso de entrevistas es virtual. Trabajamos con Google Meet y Zoom.<\/p>\n<\/div>\n<\/div>\n\n\n\n<div id=\"acc-asegurate-el-trabajo\" tabindex=\"-1\" class=\"wp-block-wearerequired-accordion-section\">\n<h3 class=\"wp-block-wearerequired-accordion-heading\"><span aria-hidden=\"true\" class=\"wp-block-wearerequired-accordion-heading__icon\"><\/span><span class=\"wp-block-wearerequired-accordion-heading__text\">Aseg\u00farate el trabajo<\/span><\/h3>\n\n\n\n<div class=\"wp-block-wearerequired-accordion-content is-layout-flow wp-block-wearerequired-accordion-content-is-layout-flow\">\n<p>Una vez que te conozcamos y nos conozcas, es el momento de que todos tomemos una decisi\u00f3n.<\/p>\n\n\n\n<ul class=\"wp-block-list\">\n<li>Nuestro objetivo es tomar la decisi\u00f3n de contrataci\u00f3n en unos d\u00edas. Esto puede retrasarse si tenemos muchas personas haciendo entrevistas para el mismo puesto, pero te mantendremos actualizado. Esperamos que t\u00fa hagas lo mismo con nosotros.<\/li>\n\n\n\n<li>Si tienes preguntas o necesitas comunicar cambios, tu seleccionador estar\u00e1 disponible para ti.<\/li>\n\n\n\n<li>Si al final decidimos no contratarte, recibir\u00e1s un feedback de parte nuestra. Si tambi\u00e9n tienes alg\u00fan comentario para nosotros, \u00a1eso es grandioso! Estaremos encantados de aprender y mejorar nuestros procesos.<\/li>\n<\/ul>\n<\/div>\n<\/div>\n<\/div>\n<\/div>\n<\/div>\n","protected":false},"excerpt":{"rendered":"<p>Puestos vacantes Encuentra el puesto que se ajusta a tus capacidades y te permite prosperar.<\/p>\n","protected":false},"author":6,"featured_media":0,"parent":27745,"menu_order":0,"comment_status":"closed","ping_status":"closed","template":"page-refresh","meta":{"_acf_changed":false,"_stopmodifiedupdate":false,"_modified_date":"","_searchwp_excluded":"","episode_type":"","audio_file":"","podmotor_file_id":"","podmotor_episode_id":"","cover_image":"","cover_image_id":"","duration":"","filesize":"","filesize_raw":"","date_recorded":"","explicit":"","block":"","itunes_episode_number":"","itunes_title":"","itunes_season_number":"","itunes_episode_type":"","footnotes":""},"class_list":["post-27763","page","type-page","status-publish","hentry"],"acf":[],"_links":{"self":[{"href":"https:\/\/phrase.com\/es\/wp-json\/wp\/v2\/pages\/27763","targetHints":{"allow":["GET"]}}],"collection":[{"href":"https:\/\/phrase.com\/es\/wp-json\/wp\/v2\/pages"}],"about":[{"href":"https:\/\/phrase.com\/es\/wp-json\/wp\/v2\/types\/page"}],"author":[{"embeddable":true,"href":"https:\/\/phrase.com\/es\/wp-json\/wp\/v2\/users\/6"}],"replies":[{"embeddable":true,"href":"https:\/\/phrase.com\/es\/wp-json\/wp\/v2\/comments?post=27763"}],"version-history":[{"count":10,"href":"https:\/\/phrase.com\/es\/wp-json\/wp\/v2\/pages\/27763\/revisions"}],"predecessor-version":[{"id":136562,"href":"https:\/\/phrase.com\/es\/wp-json\/wp\/v2\/pages\/27763\/revisions\/136562"}],"up":[{"embeddable":true,"href":"https:\/\/phrase.com\/es\/wp-json\/wp\/v2\/pages\/27745"}],"wp:attachment":[{"href":"https:\/\/phrase.com\/es\/wp-json\/wp\/v2\/media?parent=27763"}],"curies":[{"name":"wp","href":"https:\/\/api.w.org\/{rel}","templated":true}]}}