{"id":27849,"date":"2022-08-22T15:41:12","date_gmt":"2022-08-22T13:41:12","guid":{"rendered":"https:\/\/phrase.com\/?page_id=27849"},"modified":"2025-10-06T09:20:09","modified_gmt":"2025-10-06T07:20:09","slug":"adobe","status":"publish","type":"page","link":"https:\/\/phrase.com\/es\/integrations\/adobe\/","title":{"rendered":"Integraci\u00f3n con Adobe Commerce"},"content":{"rendered":"\n<div id=\"acf\/hero-block_6d8055815a309447760229fcc2698bdb\" class=\"pxblock pxblock--hero alignfull bg--white\">\n\t\t<div class=\"container\">\n\t\t<div class=\"columns animate-in animate-children columns--middle media--right\">\n\t\t\t<div class=\"wysiwyg column columns--text\">\n\n\t\t\t\t\t\t\t\t<div class=\"text--subheader subhead\">Integraciones<\/div>\n\t\t\t\t\n\t\t\t\t<div class=\"text--header\"><h1 class=\"secondary \">Integraci\u00f3n de Phrase para Adobe Commerce<\/h1><\/div>\n\t\t\t\t<div class=\"text--copy\"><p>Traduce f\u00e1cilmente tu sitio de comercio electr\u00f3nico a varios idiomas y ofrece a tus clientes internacionales una experiencia de compra completamente localizada.<\/p>\n<\/div>\n\n\t\t\t\t\t\t\t\t\t<div class=\"btn-group\">\n\t\t\t\t\t\t\t\t\t\t\t\t\t<a href=\"https:\/\/phrase.com\/demo\/\" class=\"btn btn--primary\">\n\t\t\t\t\t\t\t\tSolicita una demostraci\u00f3n\t\t\t\t\t\t\t<\/a>\n\t\t\t\t\t\t\t\t\t\t\t\t\t\t<a href=\"https:\/\/eu.phrase.com\/idm-ui\/signup?uiLang=en-US\" class=\"btn btn--outline\">\n\t\t\t\t\t\t\t\tComienza una prueba gratuita\t\t\t\t\t\t\t<\/a>\n\t\t\t\t\t\t\t\t\t\t\t\t<\/div>\n\t\t\t\t\t\t\t<\/div>\n\t\t\t<div class=\"column columns--media\">\n\t\t\t\t\t\t\t\t\t<div class=\"media media--image\">\n    <img loading=\"lazy\" decoding=\"async\" width=\"2520\" height=\"1940\" src=\"https:\/\/phrase.com\/wp-content\/uploads\/2022\/08\/Adobe_Commerce_Integration_Header.png\" class=\"attachment-original size-original\" alt=\"Adobe Commerce integration visual | Phrase\" srcset=\"https:\/\/phrase.com\/wp-content\/uploads\/2022\/08\/Adobe_Commerce_Integration_Header.png 2520w, https:\/\/phrase.com\/wp-content\/uploads\/2022\/08\/Adobe_Commerce_Integration_Header-300x231.png 300w, https:\/\/phrase.com\/wp-content\/uploads\/2022\/08\/Adobe_Commerce_Integration_Header-1024x788.png 1024w, https:\/\/phrase.com\/wp-content\/uploads\/2022\/08\/Adobe_Commerce_Integration_Header-768x591.png 768w, https:\/\/phrase.com\/wp-content\/uploads\/2022\/08\/Adobe_Commerce_Integration_Header-1536x1182.png 1536w, https:\/\/phrase.com\/wp-content\/uploads\/2022\/08\/Adobe_Commerce_Integration_Header-2048x1577.png 2048w\" sizes=\"auto, (max-width: 2520px) 100vw, 2520px\" \/><\/div>\n\t\t\t\t\t\t\t<\/div>\n\t\t<\/div>\n\t<\/div>\n<\/div>\n\n\n\n<div id=\"acf\/badges-block_8bfdb8cabe3ac2c54a8c03d0cb0a9a87\" class=\"pxblock pxblock--badges alignfull bg--white justify-content--normal\" data-randomize=\"1\" data-limit=\"6\">\n\t\t<div class=\"container\">\n\t\t<div class=\"images animate-in animate-children\">\n\t\t\t\t\t\t\t\t\t<div class=\"image\">\n\t\t\t\t\t\t\t<span class=\"image_size--medium\"><img loading=\"lazy\" decoding=\"async\" width=\"149\" height=\"48\" src=\"https:\/\/phrase.com\/wp-content\/uploads\/2022\/08\/Uber.svg\" class=\"attachment-original size-original\" alt=\"Uber logo | Phrase\" \/><\/span>\t\t\t\t\t\t<\/div>\n\t\t\t\t\t\t\t\t\t\t\t\t<div class=\"image\">\n\t\t\t\t\t\t\t<span class=\"image_size--medium\"><img loading=\"lazy\" decoding=\"async\" width=\"267\" height=\"38\" src=\"https:\/\/phrase.com\/wp-content\/uploads\/2023\/04\/Lionbridge_Logo.png\" class=\"attachment-original size-original\" alt=\"Lionbridge logo colored for logo banner | Phrase\" \/><\/span>\t\t\t\t\t\t<\/div>\n\t\t\t\t\t\t\t\t\t\t\t\t<div class=\"image\">\n\t\t\t\t\t\t\t<span class=\"image_size--medium\"><img loading=\"lazy\" decoding=\"async\" width=\"220\" height=\"46\" src=\"https:\/\/phrase.com\/wp-content\/uploads\/2023\/04\/zendesk_logo-1.png\" class=\"attachment-original size-original\" alt=\"Zendesk logo colored for logo banner | Phrase\" \/><\/span>\t\t\t\t\t\t<\/div>\n\t\t\t\t\t\t\t\t\t\t\t\t<div class=\"image\">\n\t\t\t\t\t\t\t<span class=\"image_size--medium\"><img loading=\"lazy\" decoding=\"async\" width=\"200\" height=\"34\" src=\"https:\/\/phrase.com\/wp-content\/uploads\/2023\/04\/Fujifilm_Logo.png\" class=\"attachment-original size-original\" alt=\"Fujifilm logo colored for logo banner | Phrase\" \/><\/span>\t\t\t\t\t\t<\/div>\n\t\t\t\t\t\t\t\t\t\t\t\t<div class=\"image\">\n\t\t\t\t\t\t\t<span class=\"image_size--medium\"><img loading=\"lazy\" decoding=\"async\" width=\"208\" height=\"62\" src=\"https:\/\/phrase.com\/wp-content\/uploads\/2023\/04\/Shopify_Logo.png\" class=\"attachment-original size-original\" alt=\"Shopify logo colored for logo banner | Phrase\" \/><\/span>\t\t\t\t\t\t<\/div>\n\t\t\t\t\t\t\t\t\t\t\t\t<div class=\"image\">\n\t\t\t\t\t\t\t<span class=\"image_size--medium\"><img loading=\"lazy\" decoding=\"async\" width=\"314\" height=\"79\" src=\"https:\/\/phrase.com\/wp-content\/uploads\/2023\/10\/Decathlon_logo.png\" class=\"attachment-original size-original\" alt=\"Decathlon logo colored for logo banner | Phrase\" srcset=\"https:\/\/phrase.com\/wp-content\/uploads\/2023\/10\/Decathlon_logo.png 314w, https:\/\/phrase.com\/wp-content\/uploads\/2023\/10\/Decathlon_logo-300x75.png 300w\" sizes=\"auto, (max-width: 314px) 100vw, 314px\" \/><\/span>\t\t\t\t\t\t<\/div>\n\t\t\t\t\t\t\t\t\t\t\t\t<div class=\"image\">\n\t\t\t\t\t\t\t<span class=\"image_size--medium\"><img loading=\"lazy\" decoding=\"async\" width=\"332\" height=\"90\" src=\"https:\/\/phrase.com\/wp-content\/uploads\/2023\/10\/deliveroo_logo.png\" class=\"attachment-original size-original\" alt=\"Deliveroo logo colored for logo banner | Phrase\" srcset=\"https:\/\/phrase.com\/wp-content\/uploads\/2023\/10\/deliveroo_logo.png 332w, https:\/\/phrase.com\/wp-content\/uploads\/2023\/10\/deliveroo_logo-300x81.png 300w\" sizes=\"auto, (max-width: 332px) 100vw, 332px\" \/><\/span>\t\t\t\t\t\t<\/div>\n\t\t\t\t\t\t\t\t\t\t\t\t<div class=\"image\">\n\t\t\t\t\t\t\t<span class=\"image_size--medium\"><img loading=\"lazy\" decoding=\"async\" width=\"283\" height=\"40\" src=\"https:\/\/phrase.com\/wp-content\/uploads\/2023\/10\/Skoda_logo.png\" class=\"attachment-original size-original\" alt=\"Skoda\" \/><\/span>\t\t\t\t\t\t<\/div>\n\t\t\t\t\t\t\t\t\t\t\t\t<div class=\"image\">\n\t\t\t\t\t\t\t<span class=\"image_size--medium\"><img loading=\"lazy\" decoding=\"async\" width=\"277\" height=\"86\" src=\"https:\/\/phrase.com\/wp-content\/uploads\/2023\/10\/Personio_logo.png\" class=\"attachment-original size-original\" alt=\"Personio logo colored for logo banner | Phrase\" \/><\/span>\t\t\t\t\t\t<\/div>\n\t\t\t\t\t\t\t\t\t\t\t\t<div class=\"image\">\n\t\t\t\t\t\t\t<span class=\"image_size--medium\">#<\/span>\t\t\t\t\t\t<\/div>\n\t\t\t\t\t\t\t\t\t\t\t\t<div class=\"image\">\n\t\t\t\t\t\t\t<span class=\"image_size--medium\"><img loading=\"lazy\" decoding=\"async\" width=\"359\" height=\"78\" src=\"https:\/\/phrase.com\/wp-content\/uploads\/2022\/08\/pega_logo.png\" class=\"attachment-original size-original\" alt=\"PEGA logo\" srcset=\"https:\/\/phrase.com\/wp-content\/uploads\/2022\/08\/pega_logo.png 359w, https:\/\/phrase.com\/wp-content\/uploads\/2022\/08\/pega_logo-300x65.png 300w\" sizes=\"auto, (max-width: 359px) 100vw, 359px\" \/><\/span>\t\t\t\t\t\t<\/div>\n\t\t\t\t\t\t\t\t\t\t\t\t<div class=\"image\">\n\t\t\t\t\t\t\t<span class=\"image_size--medium\"><img loading=\"lazy\" decoding=\"async\" width=\"383\" height=\"88\" src=\"https:\/\/phrase.com\/wp-content\/uploads\/2024\/01\/Electrolux_logo-2.svg\" class=\"attachment-original size-original\" alt=\"\" \/><\/span>\t\t\t\t\t\t<\/div>\n\t\t\t\t\t\t\t\t\t\t\t\t<div class=\"image\">\n\t\t\t\t\t\t\t<span class=\"image_size--medium\">#<\/span>\t\t\t\t\t\t<\/div>\n\t\t\t\t\t\t\t\t<\/div>\n\t<\/div>\n<\/div>\n\n\n\n<div id=\"acf\/columns-block_264743818c3713d9e7b1872be48109ba\" class=\"pxblock pxblock--columns alignfull bg--white\">\n\t\t<div class=\"container\">\n\n\t\t<div class=\"columns animate-in animate-children columns--text-media columns--middle media--right\">\n\t\t\t<div class=\"wysiwyg columns--text\"><div class=\"text-container\"><h2><span class=\"h2\">Gesti\u00f3n simple de los proyectos<\/span><\/h2>\n<p><span>Olv\u00eddate de gestionar traducciones con archivos CSV o infinitos correos electr\u00f3nicos. Phrase inicia el proceso de traducci\u00f3n tan pronto como el contenido se agregue o se actualice, para que no tengas que salir de Adobe Commerce. Un flujo de trabajo de traducci\u00f3n sencillo de principio a fin.<\/span><\/p>\n<\/div><\/div>\n\n\t\t\t<div class=\"media media--image\">\n    <img loading=\"lazy\" decoding=\"async\" width=\"2520\" height=\"1604\" src=\"https:\/\/phrase.com\/wp-content\/uploads\/2022\/08\/Adobe_commerce_automation@2x.png\" class=\"attachment-original size-original\" alt=\"Adobe Commerce automation visual | Phrase\" srcset=\"https:\/\/phrase.com\/wp-content\/uploads\/2022\/08\/Adobe_commerce_automation@2x.png 2520w, https:\/\/phrase.com\/wp-content\/uploads\/2022\/08\/Adobe_commerce_automation@2x-300x191.png 300w, https:\/\/phrase.com\/wp-content\/uploads\/2022\/08\/Adobe_commerce_automation@2x-1024x652.png 1024w, https:\/\/phrase.com\/wp-content\/uploads\/2022\/08\/Adobe_commerce_automation@2x-768x489.png 768w, https:\/\/phrase.com\/wp-content\/uploads\/2022\/08\/Adobe_commerce_automation@2x-1536x978.png 1536w, https:\/\/phrase.com\/wp-content\/uploads\/2022\/08\/Adobe_commerce_automation@2x-2048x1304.png 2048w\" sizes=\"auto, (max-width: 2520px) 100vw, 2520px\" \/><\/div>\n\t\t<\/div>\n\t<\/div>\n<\/div>\n\n\n\n<div id=\"acf\/columns-block_8af56fca4375e4dfd63411434f2a016d\" class=\"pxblock pxblock--columns alignfull bg--white\">\n\t\t<div class=\"container\">\n\n\t\t<div class=\"columns animate-in animate-children columns--text-media columns--middle media--left\">\n\t\t\t<div class=\"wysiwyg columns--text\"><div class=\"text-container\"><h2>Llega a nuevos clientes<\/h2>\n<p>Desbloquea nuevos mercados y aumenta el crecimiento global con productos localizados en todas tus tiendas de ecommerce. <a href=\"https:\/\/phrase.com\/blog\/posts\/website-translation\/\">Traduce tus productos<\/a>, categor\u00edas, p\u00e1ginas y bloques y aumenta las tasas de conversi\u00f3n.<\/p>\n<\/div><\/div>\n\n\t\t\t<div class=\"media media--image\">\n    <img loading=\"lazy\" decoding=\"async\" width=\"1260\" height=\"908\" src=\"https:\/\/phrase.com\/wp-content\/uploads\/2022\/08\/Campaign_launch.png\" class=\"attachment-original size-original\" alt=\"Campaign launch visual | Phrase\" srcset=\"https:\/\/phrase.com\/wp-content\/uploads\/2022\/08\/Campaign_launch.png 1260w, https:\/\/phrase.com\/wp-content\/uploads\/2022\/08\/Campaign_launch-300x216.png 300w, https:\/\/phrase.com\/wp-content\/uploads\/2022\/08\/Campaign_launch-1024x738.png 1024w, https:\/\/phrase.com\/wp-content\/uploads\/2022\/08\/Campaign_launch-768x553.png 768w\" sizes=\"auto, (max-width: 1260px) 100vw, 1260px\" \/><\/div>\n\t\t<\/div>\n\t<\/div>\n<\/div>\n\n\n\n<div id=\"acf\/columns-block_b6349e96f32f6ab3c3f001ec95bfcda7\" class=\"pxblock pxblock--columns alignfull bg--white\">\n\t\t<div class=\"container\">\n\n\t\t<div class=\"columns animate-in animate-children columns--text-media columns--middle media--right\">\n\t\t\t<div class=\"wysiwyg columns--text\"><div class=\"text-container\"><h2>Traduce con eficiencia<\/h2>\n<p>Traduce la informaci\u00f3n del producto con traducci\u00f3n autom\u00e1tica impulsada por IA y memoria de traducci\u00f3n. Phrase almacena autom\u00e1ticamente las traducciones anteriores, as\u00ed que nunca tendr\u00e1s que traducir la misma frase dos veces.<\/p>\n<\/div><\/div>\n\n\t\t\t<div class=\"media media--image\">\n    <img loading=\"lazy\" decoding=\"async\" width=\"1260\" height=\"864\" src=\"https:\/\/phrase.com\/wp-content\/uploads\/2022\/08\/Translation_memory.png\" class=\"attachment-original size-original\" alt=\"Translation memory visual | Phrase\" srcset=\"https:\/\/phrase.com\/wp-content\/uploads\/2022\/08\/Translation_memory.png 1260w, https:\/\/phrase.com\/wp-content\/uploads\/2022\/08\/Translation_memory-300x206.png 300w, https:\/\/phrase.com\/wp-content\/uploads\/2022\/08\/Translation_memory-1024x702.png 1024w, https:\/\/phrase.com\/wp-content\/uploads\/2022\/08\/Translation_memory-768x527.png 768w\" sizes=\"auto, (max-width: 1260px) 100vw, 1260px\" \/><\/div>\n\t\t<\/div>\n\t<\/div>\n<\/div>\n\n\n\n<div id=\"\" class=\"pxblock pxblock--standalone-button alignfull\">\n\t\t<div class=\"container\">\n\t\t<div class=\"btn-group btn-group--center\">\n\t\t\t\t\t\t\t<a href=\"https:\/\/phrase.com\/platform\/\" class=\"btn btn--primary\">\n\t\t\t\t\tExplora la plataforma de Phrase\t\t\t\t<\/a>\n\t\t\t\t\t\t<\/div>\n\t<\/div>\n<\/div>\n\n\n\n<div id=\"acf\/stats-block_07e967e052cbbea9c27374b4f5de00d7\" class=\"pxblock pxblock--stats alignfull bg--grey\">\n\t\t<div class=\"container\">\n\t\t<div class=\"columns\">\n\t\t\t<div class=\"column animate-in\">\n\t\t\t\t<div class=\"stats--sub-header\">Nuestro impacto<\/div>\n\t\t\t\t<h2 class=\"h2 stats--header\">Phrase en cifras<\/h2>\n\t\t\t\t<div class=\"stats--copy\"><\/div>\n\t\t\t<\/div>\n\t\t\t<div class=\"column\">\n\t\t\t\t<div class=\"columns animate-in animate-children delay-1\">\n\t\t\t\t\t\t\t\t\t\t<div class=\"column stat\">\n\t\t\t\t\t\t<div class=\"stat--num\">+ 500<\/div>\n\t\t\t\t\t\t<div class=\"stat--desc\">idiomas disponibles<\/div>\n\t\t\t\t\t<\/div>\n\t\t\t\t\t\t\t\t\t\t<div class=\"column stat\">\n\t\t\t\t\t\t<div class=\"stat--num\">+ 2000 millones<\/div>\n\t\t\t\t\t\t<div class=\"stat--desc\">de palabras procesadas mensualmente<\/div>\n\t\t\t\t\t<\/div>\n\t\t\t\t\t\t\t\t\t\t<div class=\"column stat\">\n\t\t\t\t\t\t<div class=\"stat--num\">+ 200 000<\/div>\n\t\t\t\t\t\t<div class=\"stat--desc\">usuarios de todo el mundo<\/div>\n\t\t\t\t\t<\/div>\n\t\t\t\t\t\t\t\t\t\t<div class=\"column stat\">\n\t\t\t\t\t\t<div class=\"stat--num\">+ 50<\/div>\n\t\t\t\t\t\t<div class=\"stat--desc\">tipos de archivos compatibles<\/div>\n\t\t\t\t\t<\/div>\n\t\t\t\t\t\t\t\t\t<\/div>\n\t\t\t<\/div>\n\t\t<\/div>\n\t<\/div>\n<\/div>\n\n\n<div id=\"acf\/testimonials-block_634a065875fa90198228cb903280f323\" class=\"pxblock pxblock--testimonials alignfull bg--green\">\n\t\n\t<div class=\"container\">\n\n\t\t<div class=\"testimonials animate-in\"><div class=\"testimonial\"><span class=\"testimonial__icon\"><\/span><p class=\"testimonial__quote length_class-small\"><p>Now, thanks to automation, we can easily translate product descriptions on our e-commerce website and our localization cycle is 30% faster.<\/p>\n<\/p><div class=\"testimonial__logo\"><img loading=\"lazy\" decoding=\"async\" width=\"305\" height=\"138\" src=\"https:\/\/phrase.com\/wp-content\/uploads\/2022\/08\/Tennispoint_Testimonial_Logo-1.png\" class=\"attachment-original size-original\" alt=\"Tennis Point logo for testimonial | Phrase\" srcset=\"https:\/\/phrase.com\/wp-content\/uploads\/2022\/08\/Tennispoint_Testimonial_Logo-1.png 305w, https:\/\/phrase.com\/wp-content\/uploads\/2022\/08\/Tennispoint_Testimonial_Logo-1-300x136.png 300w\" sizes=\"auto, (max-width: 305px) 100vw, 305px\" \/><\/div><div class=\"testimonial__attribution\"><p class=\"testimonial__author\">Fabian Lauer<\/p><p class=\"testimonial__author-title\">Software Developer<\/p><\/div><a class=\"btn btn--primary\" href=\"https:\/\/phrase.com\/customers\/\">See all case studies<\/a><\/div><\/div>\t<\/div>\n\n<\/div>\n\n\n\n<div id=\"acf\/feature-block_05bbce9af1de3f993bbd48c22ff9bd50\" class=\"pxblock pxblock--feature alignfull bg--yellow\">\n\t\t<div class=\"container animate-in\">\n\t\t<div class=\"feature--header\"><h2 class=\"h1\">\u00bfTodo listo para empezar?<\/h2><\/div>\n\t\t<div class=\"feature--content\">\n\t\t\t<h3>Llega a audiencias m\u00e1s grandes y establece conexiones m\u00e1s profundas hoy mismo.<\/h3>\n\t\t\t\t\t<\/div>\n\n\t\t\t\t\t<div class=\"feature--btns btn-group btn-group--center\">\n\t\t\t\t\t\t\t\t\t<a href=\"https:\/\/phrase.com\/es\/demo\/\" class=\"btn btn--primary\">\n\t\t\t\t\t\tSolicita una demostraci\u00f3n\t\t\t\t\t<\/a>\n\t\t\t\t\t\t\t\t\t\t<a href=\"https:\/\/phrase.com\/es\/pricing\/\" class=\"btn btn--outline\">\n\t\t\t\t\t\tVer precios\t\t\t\t\t<\/a>\n\t\t\t\t\t\t\t\t<\/div>\n\t\t\t<\/div>\n<\/div>\n\n","protected":false},"excerpt":{"rendered":"","protected":false},"author":7,"featured_media":0,"parent":31700,"menu_order":0,"comment_status":"closed","ping_status":"closed","template":"","meta":{"_acf_changed":false,"_stopmodifiedupdate":false,"_modified_date":"","_searchwp_excluded":"","episode_type":"","audio_file":"","podmotor_file_id":"","podmotor_episode_id":"","cover_image":"","cover_image_id":"","duration":"","filesize":"","filesize_raw":"","date_recorded":"","explicit":"","block":"","itunes_episode_number":"","itunes_title":"","itunes_season_number":"","itunes_episode_type":"","footnotes":""},"class_list":["post-27849","page","type-page","status-publish","hentry"],"acf":[],"_links":{"self":[{"href":"https:\/\/phrase.com\/es\/wp-json\/wp\/v2\/pages\/27849","targetHints":{"allow":["GET"]}}],"collection":[{"href":"https:\/\/phrase.com\/es\/wp-json\/wp\/v2\/pages"}],"about":[{"href":"https:\/\/phrase.com\/es\/wp-json\/wp\/v2\/types\/page"}],"author":[{"embeddable":true,"href":"https:\/\/phrase.com\/es\/wp-json\/wp\/v2\/users\/7"}],"replies":[{"embeddable":true,"href":"https:\/\/phrase.com\/es\/wp-json\/wp\/v2\/comments?post=27849"}],"version-history":[{"count":13,"href":"https:\/\/phrase.com\/es\/wp-json\/wp\/v2\/pages\/27849\/revisions"}],"predecessor-version":[{"id":119085,"href":"https:\/\/phrase.com\/es\/wp-json\/wp\/v2\/pages\/27849\/revisions\/119085"}],"up":[{"embeddable":true,"href":"https:\/\/phrase.com\/es\/wp-json\/wp\/v2\/pages\/31700"}],"wp:attachment":[{"href":"https:\/\/phrase.com\/es\/wp-json\/wp\/v2\/media?parent=27849"}],"curies":[{"name":"wp","href":"https:\/\/api.w.org\/{rel}","templated":true}]}}