{"id":29192,"date":"2022-08-13T18:54:42","date_gmt":"2022-08-13T16:54:42","guid":{"rendered":"https:\/\/phrase.com\/centro-de-recursos\/"},"modified":"2026-03-10T20:47:09","modified_gmt":"2026-03-10T19:47:09","slug":"resources","status":"publish","type":"page","link":"https:\/\/phrase.com\/es\/resources\/","title":{"rendered":"Recursos"},"content":{"rendered":"\n<div class=\"wp-block-group alignfull is-style-header-hero has-background-images has-global-padding is-layout-constrained wp-block-group-is-layout-constrained\" style=\"background-image:url(https:\/\/phrase.com\/wp-content\/uploads\/2025\/07\/hero_resource_hub_2025.png.webp);background-position:100% 0%;background-attachment:scroll;background-repeat:no-repeat;background-size:auto 100%\">\n<div class=\"wp-block-group alignwide is-layout-flow wp-container-core-group-is-layout-f3715ea4 wp-block-group-is-layout-flow\">\n<h1 class=\"wp-block-heading\" id=\"h-phrase-resource-hub\">Phrase <br>Centro de recursos<\/h1>\n\n\n\n<p>Un mundo de conocimientos de localizaci\u00f3n al alcance de tu mano.<\/p>\n\n\n\n<div class=\"wp-block-buttons is-layout-flex wp-block-buttons-is-layout-flex\">\n<div class=\"wp-block-button is-style-purple-filled\"><a class=\"wp-block-button__link wp-element-button\" href=\"https:\/\/support.phrase.com\/hc\/es\/\">Centro de ayuda<\/a><\/div>\n\n\n\n<div class=\"wp-block-button is-style-purple-filled\"><a class=\"wp-block-button__link wp-element-button\" href=\"https:\/\/phrase.com\/es\/academy\/\">Phrase Academy<\/a><\/div>\n<\/div>\n<\/div>\n<\/div>\n\n\n\n<div class=\"wp-block-group alignwide is-content-justification-space-between is-nowrap is-layout-flex wp-container-core-group-is-layout-cb46ffcb wp-block-group-is-layout-flex\">\n<h2 class=\"wp-block-heading\" id=\"h-blogs\">Blogs<\/h2>\n\n\n\n<div class=\"wp-block-buttons is-layout-flex wp-block-buttons-is-layout-flex\">\n<div class=\"wp-block-button\"><a class=\"wp-block-button__link wp-element-button\" href=\"\/blog\/\">Ver m\u00e1s<\/a><\/div>\n<\/div>\n<\/div>\n\n\n\n<div class=\"wp-block-group alignwide has-global-padding is-layout-constrained wp-block-group-is-layout-constrained\" style=\"margin-top:var(--wp--preset--spacing--32)\">\n<div data-wp-context=\"{}\" data-wp-interactive=\"core\/query\" data-wp-key=\"1\" data-wp-router-region=\"query-1\" class=\"wp-block-query alignwide is-layout-flow wp-block-query-is-layout-flow\"><ul class=\"columns-3 wp-block-post-template is-layout-grid wp-container-core-post-template-is-layout-6d3fbd8f wp-block-post-template-is-layout-grid\"><li data-wp-key=\"post-template-item-133323\" class=\"wp-block-post post-133323 post type-post status-publish format-standard has-post-thumbnail hentry category-comercio-global-es\">\n<figure class=\"wp-block-post-featured-image\"><a href=\"https:\/\/phrase.com\/es\/blog\/posts\/ai-translation-global-growth\/\" target=\"_self\" rel=\"https:\/\/phrase.com\/blog\/posts\/emoji-language-miscommunication\/\" ><img loading=\"lazy\" decoding=\"async\" width=\"1920\" height=\"1080\" src=\"https:\/\/phrase.com\/wp-content\/uploads\/2025\/09\/The-AI-breakthroughs-powering-global-connection.jpg\" class=\"attachment-post-thumbnail size-post-thumbnail wp-post-image\" alt=\"M\u00e1s all\u00e1 de las palabras: Los avances de la IA que impulsan la conexi\u00f3n global\" style=\"object-fit:cover;\" srcset=\"https:\/\/phrase.com\/wp-content\/uploads\/2025\/09\/The-AI-breakthroughs-powering-global-connection.jpg 1920w, https:\/\/phrase.com\/wp-content\/uploads\/2025\/09\/The-AI-breakthroughs-powering-global-connection-300x169.jpg 300w, https:\/\/phrase.com\/wp-content\/uploads\/2025\/09\/The-AI-breakthroughs-powering-global-connection-1024x576.jpg 1024w, https:\/\/phrase.com\/wp-content\/uploads\/2025\/09\/The-AI-breakthroughs-powering-global-connection-768x432.jpg 768w, https:\/\/phrase.com\/wp-content\/uploads\/2025\/09\/The-AI-breakthroughs-powering-global-connection-1536x864.jpg 1536w\" sizes=\"auto, (max-width: 1920px) 100vw, 1920px\" \/><\/a><\/figure>\n\n\n<div class=\"wp-block-group wp-block-post__content is-layout-flow wp-block-group-is-layout-flow\"><h3 class=\"wp-block-post-title\">M\u00e1s all\u00e1 de las palabras: Los avances de la IA que impulsan la conexi\u00f3n global<\/h3>\n\n<div class=\"wp-block-post-excerpt\"><p class=\"wp-block-post-excerpt__excerpt\">La IA est\u00e1 optimizando y revolucionando numerosos sectores. Sin embargo, en el caso de las marcas que quieren competir en el mercado internacional, su impacto en la comunicaci\u00f3n es poco&hellip;<\/p><p class=\"wp-block-post-excerpt__more-text\"><a class=\"wp-block-post-excerpt__more-link\" href=\"https:\/\/phrase.com\/es\/blog\/posts\/ai-translation-global-growth\/\">Read more<\/a><\/p><\/div><\/div>\n\n<\/li><li data-wp-key=\"post-template-item-136860\" class=\"wp-block-post post-136860 post type-post status-publish format-standard has-post-thumbnail hentry category-comercio-global-es\">\n<figure class=\"wp-block-post-featured-image\"><a href=\"https:\/\/phrase.com\/es\/blog\/posts\/ai-gaming-personalization-efficiency-localization\/\" target=\"_self\" rel=\"https:\/\/phrase.com\/blog\/posts\/emoji-language-miscommunication\/\" ><img loading=\"lazy\" decoding=\"async\" width=\"1920\" height=\"1080\" src=\"https:\/\/phrase.com\/wp-content\/uploads\/2025\/06\/gaming-AI.jpg\" class=\"attachment-post-thumbnail size-post-thumbnail wp-post-image\" alt=\"La revoluci\u00f3n de la IA en los videojuegos: personalizaci\u00f3n, eficiencia y el resultado final\" style=\"object-fit:cover;\" srcset=\"https:\/\/phrase.com\/wp-content\/uploads\/2025\/06\/gaming-AI.jpg 1920w, https:\/\/phrase.com\/wp-content\/uploads\/2025\/06\/gaming-AI-300x169.jpg 300w, https:\/\/phrase.com\/wp-content\/uploads\/2025\/06\/gaming-AI-1024x576.jpg 1024w, https:\/\/phrase.com\/wp-content\/uploads\/2025\/06\/gaming-AI-768x432.jpg 768w, https:\/\/phrase.com\/wp-content\/uploads\/2025\/06\/gaming-AI-1536x864.jpg 1536w\" sizes=\"auto, (max-width: 1920px) 100vw, 1920px\" \/><\/a><\/figure>\n\n\n<div class=\"wp-block-group wp-block-post__content is-layout-flow wp-block-group-is-layout-flow\"><h3 class=\"wp-block-post-title\">La revoluci\u00f3n de la IA en los videojuegos: personalizaci\u00f3n, eficiencia y el resultado final<\/h3>\n\n<div class=\"wp-block-post-excerpt\"><p class=\"wp-block-post-excerpt__excerpt\">La IA est\u00e1 remodelando cada rinc\u00f3n de la industria del videojuego, las desde experiencias personalizadas y el contenido generado procedimentalmente hasta localizaci\u00f3n en tiempo real y la automatizaci\u00f3n de los&hellip;<\/p><p class=\"wp-block-post-excerpt__more-text\"><a class=\"wp-block-post-excerpt__more-link\" href=\"https:\/\/phrase.com\/es\/blog\/posts\/ai-gaming-personalization-efficiency-localization\/\">Read more<\/a><\/p><\/div><\/div>\n\n<\/li><li data-wp-key=\"post-template-item-136883\" class=\"wp-block-post post-136883 post type-post status-publish format-standard has-post-thumbnail hentry category-localizacion-de-software-es category-mas-alla-de-phrase-es\">\n<figure class=\"wp-block-post-featured-image\"><a href=\"https:\/\/phrase.com\/es\/blog\/posts\/unity-game-localization-plugin-phrase-strings\/\" target=\"_self\" rel=\"https:\/\/phrase.com\/blog\/posts\/emoji-language-miscommunication\/\" ><img loading=\"lazy\" decoding=\"async\" width=\"1220\" height=\"529\" src=\"https:\/\/phrase.com\/wp-content\/uploads\/2024\/07\/Unity_Header.jpg\" class=\"attachment-post-thumbnail size-post-thumbnail wp-post-image\" alt=\"Localizar juegos de Unity con el plugin oficial de Phrase\" style=\"object-fit:cover;\" srcset=\"https:\/\/phrase.com\/wp-content\/uploads\/2024\/07\/Unity_Header.jpg 1220w, https:\/\/phrase.com\/wp-content\/uploads\/2024\/07\/Unity_Header-300x130.jpg 300w, https:\/\/phrase.com\/wp-content\/uploads\/2024\/07\/Unity_Header-1024x444.jpg 1024w, https:\/\/phrase.com\/wp-content\/uploads\/2024\/07\/Unity_Header-768x333.jpg 768w\" sizes=\"auto, (max-width: 1220px) 100vw, 1220px\" \/><\/a><\/figure>\n\n\n<div class=\"wp-block-group wp-block-post__content is-layout-flow wp-block-group-is-layout-flow\"><h3 class=\"wp-block-post-title\">Localizar juegos de Unity con el plugin oficial de Phrase<\/h3>\n\n<div class=\"wp-block-post-excerpt\"><p class=\"wp-block-post-excerpt__excerpt\">\u00bfQuieres localizar tu juego de Unity sin el caos de CSV? Descubre c\u00f3mo el plugin oficial de Phrase Strings para Unity simplifica el flujo de trabajo de localizaci\u00f3n de tu&hellip;<\/p><p class=\"wp-block-post-excerpt__more-text\"><a class=\"wp-block-post-excerpt__more-link\" href=\"https:\/\/phrase.com\/es\/blog\/posts\/unity-game-localization-plugin-phrase-strings\/\">Read more<\/a><\/p><\/div><\/div>\n\n<\/li><\/ul><\/div>\n<\/div>\n\n\n\n<div class=\"wp-block-group alignwide is-content-justification-space-between is-nowrap is-layout-flex wp-container-core-group-is-layout-cb46ffcb wp-block-group-is-layout-flex\">\n<h2 class=\"wp-block-heading\" id=\"h-webinars\">Webinarios<\/h2>\n\n\n\n<div class=\"wp-block-buttons is-layout-flex wp-block-buttons-is-layout-flex\">\n<div class=\"wp-block-button\"><a class=\"wp-block-button__link wp-element-button\" href=\"\/resources\/webinars\/\">Ver m\u00e1s<\/a><\/div>\n<\/div>\n<\/div>\n\n\n\n<div class=\"wp-block-group alignwide has-global-padding is-layout-constrained wp-block-group-is-layout-constrained\" style=\"margin-top:var(--wp--preset--spacing--32)\">\n<div data-wp-context=\"{}\" data-wp-interactive=\"core\/query\" data-wp-key=\"2\" data-wp-router-region=\"query-2\" class=\"wp-block-query alignwide is-layout-flow wp-block-query-is-layout-flow\"><ul class=\"columns-3 wp-block-post-template is-layout-grid wp-container-core-post-template-is-layout-6d3fbd8f wp-block-post-template-is-layout-grid\"><li data-wp-key=\"post-template-item-118927\" class=\"wp-block-post post-118927 webinar type-webinar status-publish has-post-thumbnail hentry\">\n<figure class=\"wp-block-post-featured-image\"><a href=\"https:\/\/phrase.com\/es\/resources\/webinars\/phrase-bootcamp-job-sync\/\" target=\"_self\"  ><img loading=\"lazy\" decoding=\"async\" width=\"1700\" height=\"960\" src=\"https:\/\/phrase.com\/wp-content\/uploads\/2025\/09\/P1275-Webinar-1700px-X-960px-1.jpg\" class=\"attachment-post-thumbnail size-post-thumbnail wp-post-image\" alt=\"Tutoriales de Phrase: Sincronizaci\u00f3n de trabajos para una localizaci\u00f3n m\u00e1s inteligente y r\u00e1pida\" style=\"object-fit:cover;\" srcset=\"https:\/\/phrase.com\/wp-content\/uploads\/2025\/09\/P1275-Webinar-1700px-X-960px-1.jpg 1700w, https:\/\/phrase.com\/wp-content\/uploads\/2025\/09\/P1275-Webinar-1700px-X-960px-1-300x169.jpg 300w, https:\/\/phrase.com\/wp-content\/uploads\/2025\/09\/P1275-Webinar-1700px-X-960px-1-1024x578.jpg 1024w, https:\/\/phrase.com\/wp-content\/uploads\/2025\/09\/P1275-Webinar-1700px-X-960px-1-768x434.jpg 768w, https:\/\/phrase.com\/wp-content\/uploads\/2025\/09\/P1275-Webinar-1700px-X-960px-1-1536x867.jpg 1536w\" sizes=\"auto, (max-width: 1700px) 100vw, 1700px\" \/><\/a><\/figure>\n\n\n<div class=\"wp-block-group wp-block-post__content is-layout-flow wp-block-group-is-layout-flow\"><h3 class=\"wp-block-post-title\">Tutoriales de Phrase: Sincronizaci\u00f3n de trabajos para una localizaci\u00f3n m\u00e1s inteligente y r\u00e1pida<\/h3>\n\n<div class=\"wp-block-post-excerpt\"><p class=\"wp-block-post-excerpt__excerpt\">Con la sincronizaci\u00f3n de trabajos de Phrase, puedes conectar sin problemas Phrase Strings y Phrase TMS para gestionar copias de software multiling\u00fces en un flujo de trabajo optimizado. Centraliza tus&hellip;<\/p><p class=\"wp-block-post-excerpt__more-text\"><a class=\"wp-block-post-excerpt__more-link\" href=\"https:\/\/phrase.com\/es\/resources\/webinars\/phrase-bootcamp-job-sync\/\">Read more<\/a><\/p><\/div><\/div>\n\n<\/li><li data-wp-key=\"post-template-item-102102\" class=\"wp-block-post post-102102 webinar type-webinar status-publish has-post-thumbnail hentry\">\n<figure class=\"wp-block-post-featured-image\"><a href=\"https:\/\/phrase.com\/es\/resources\/webinars\/automate-translation-optimizely\/\" target=\"_self\"  ><img loading=\"lazy\" decoding=\"async\" width=\"1700\" height=\"960\" src=\"https:\/\/phrase.com\/wp-content\/uploads\/2025\/03\/Optimizely-webinar-visual.jpg\" class=\"attachment-post-thumbnail size-post-thumbnail wp-post-image\" alt=\"Automatiza y escala la traducci\u00f3n de contenido con Phrase y Optimizely\" style=\"object-fit:cover;\" srcset=\"https:\/\/phrase.com\/wp-content\/uploads\/2025\/03\/Optimizely-webinar-visual.jpg 1700w, https:\/\/phrase.com\/wp-content\/uploads\/2025\/03\/Optimizely-webinar-visual-300x169.jpg 300w, https:\/\/phrase.com\/wp-content\/uploads\/2025\/03\/Optimizely-webinar-visual-1024x578.jpg 1024w, https:\/\/phrase.com\/wp-content\/uploads\/2025\/03\/Optimizely-webinar-visual-768x434.jpg 768w, https:\/\/phrase.com\/wp-content\/uploads\/2025\/03\/Optimizely-webinar-visual-1536x867.jpg 1536w\" sizes=\"auto, (max-width: 1700px) 100vw, 1700px\" \/><\/a><\/figure>\n\n\n<div class=\"wp-block-group wp-block-post__content is-layout-flow wp-block-group-is-layout-flow\"><h3 class=\"wp-block-post-title\">Automatiza y escala la traducci\u00f3n de contenido con Phrase y Optimizely<\/h3>\n\n<div class=\"wp-block-post-excerpt\"><p class=\"wp-block-post-excerpt__excerpt\">\u00a1Echa un vistazo en exclusiva a la integraci\u00f3n de Phrase y Optimizely! Esta sesi\u00f3n te mostrar\u00e1 c\u00f3mo la automatizaci\u00f3n basada en IA puede agilizar la traducci\u00f3n de contenido de tu&hellip;<\/p><p class=\"wp-block-post-excerpt__more-text\"><a class=\"wp-block-post-excerpt__more-link\" href=\"https:\/\/phrase.com\/es\/resources\/webinars\/automate-translation-optimizely\/\">Read more<\/a><\/p><\/div><\/div>\n\n<\/li><li data-wp-key=\"post-template-item-93352\" class=\"wp-block-post post-93352 webinar type-webinar status-publish has-post-thumbnail hentry\">\n<figure class=\"wp-block-post-featured-image\"><a href=\"https:\/\/phrase.com\/es\/resources\/webinars\/phrase-bootcamp-full-platform-potential\/\" target=\"_self\"  ><img loading=\"lazy\" decoding=\"async\" width=\"3401\" height=\"1921\" src=\"https:\/\/phrase.com\/wp-content\/uploads\/2024\/09\/P1007-Registration-Page-Image-1700-X-961-1.png\" class=\"attachment-post-thumbnail size-post-thumbnail wp-post-image\" alt=\"Tutoriales de Phrase: descubre todo el potencial de Phrase Platform\" style=\"object-fit:cover;\" srcset=\"https:\/\/phrase.com\/wp-content\/uploads\/2024\/09\/P1007-Registration-Page-Image-1700-X-961-1.png 3401w, https:\/\/phrase.com\/wp-content\/uploads\/2024\/09\/P1007-Registration-Page-Image-1700-X-961-1-300x169.png 300w, https:\/\/phrase.com\/wp-content\/uploads\/2024\/09\/P1007-Registration-Page-Image-1700-X-961-1-1024x578.png 1024w, https:\/\/phrase.com\/wp-content\/uploads\/2024\/09\/P1007-Registration-Page-Image-1700-X-961-1-768x434.png 768w, https:\/\/phrase.com\/wp-content\/uploads\/2024\/09\/P1007-Registration-Page-Image-1700-X-961-1-1536x868.png 1536w, https:\/\/phrase.com\/wp-content\/uploads\/2024\/09\/P1007-Registration-Page-Image-1700-X-961-1-2048x1157.png 2048w\" sizes=\"auto, (max-width: 3401px) 100vw, 3401px\" \/><\/a><\/figure>\n\n\n<div class=\"wp-block-group wp-block-post__content is-layout-flow wp-block-group-is-layout-flow\"><h3 class=\"wp-block-post-title\">Tutoriales de Phrase: descubre todo el potencial de Phrase Platform<\/h3>\n\n<div class=\"wp-block-post-excerpt\"><p class=\"wp-block-post-excerpt__excerpt\">Los tutoriales de Phrase te dan la oportunidad de explorar todas las posibilidades de Phrase Platform: herramientas dise\u00f1adas para optimizar tus flujos de trabajo y lograr resultados tangibles. Descubre de&hellip;<\/p><p class=\"wp-block-post-excerpt__more-text\"><a class=\"wp-block-post-excerpt__more-link\" href=\"https:\/\/phrase.com\/es\/resources\/webinars\/phrase-bootcamp-full-platform-potential\/\">Read more<\/a><\/p><\/div><\/div>\n\n<\/li><\/ul><\/div>\n<\/div>\n\n\n\n<div class=\"wp-block-group alignwide is-content-justification-space-between is-nowrap is-layout-flex wp-container-core-group-is-layout-cb46ffcb wp-block-group-is-layout-flex\">\n<h2 class=\"wp-block-heading\" id=\"h-reports-amp-guides\">Informes y gu\u00edas<\/h2>\n\n\n\n<div class=\"wp-block-buttons is-layout-flex wp-block-buttons-is-layout-flex\">\n<div class=\"wp-block-button\"><a class=\"wp-block-button__link wp-element-button\" href=\"\/resources\/reports\/\">Ver m\u00e1s<\/a><\/div>\n<\/div>\n<\/div>\n\n\n\n<div class=\"wp-block-group alignwide has-global-padding is-layout-constrained wp-block-group-is-layout-constrained\" style=\"margin-top:var(--wp--preset--spacing--32)\">\n<div data-wp-context=\"{}\" data-wp-interactive=\"core\/query\" data-wp-key=\"3\" data-wp-router-region=\"query-3\" class=\"wp-block-query alignwide is-layout-flow wp-block-query-is-layout-flow\"><\/div>\n<\/div>\n\n","protected":false},"excerpt":{"rendered":"<p>Phrase Centro de recursos Un mundo de conocimientos de localizaci\u00f3n al alcance de tu mano. Blogs Webinarios Informes y gu\u00edas<\/p>\n","protected":false},"author":6,"featured_media":0,"parent":0,"menu_order":0,"comment_status":"closed","ping_status":"closed","template":"page-refresh","meta":{"_acf_changed":false,"_stopmodifiedupdate":false,"_modified_date":"","_searchwp_excluded":"","episode_type":"","audio_file":"","podmotor_file_id":"","podmotor_episode_id":"","cover_image":"","cover_image_id":"","duration":"","filesize":"","filesize_raw":"","date_recorded":"","explicit":"","block":"","itunes_episode_number":"","itunes_title":"","itunes_season_number":"","itunes_episode_type":"","footnotes":""},"class_list":["post-29192","page","type-page","status-publish","hentry"],"acf":[],"_links":{"self":[{"href":"https:\/\/phrase.com\/es\/wp-json\/wp\/v2\/pages\/29192","targetHints":{"allow":["GET"]}}],"collection":[{"href":"https:\/\/phrase.com\/es\/wp-json\/wp\/v2\/pages"}],"about":[{"href":"https:\/\/phrase.com\/es\/wp-json\/wp\/v2\/types\/page"}],"author":[{"embeddable":true,"href":"https:\/\/phrase.com\/es\/wp-json\/wp\/v2\/users\/6"}],"replies":[{"embeddable":true,"href":"https:\/\/phrase.com\/es\/wp-json\/wp\/v2\/comments?post=29192"}],"version-history":[{"count":20,"href":"https:\/\/phrase.com\/es\/wp-json\/wp\/v2\/pages\/29192\/revisions"}],"predecessor-version":[{"id":137198,"href":"https:\/\/phrase.com\/es\/wp-json\/wp\/v2\/pages\/29192\/revisions\/137198"}],"wp:attachment":[{"href":"https:\/\/phrase.com\/es\/wp-json\/wp\/v2\/media?parent=29192"}],"curies":[{"name":"wp","href":"https:\/\/api.w.org\/{rel}","templated":true}]}}