{"id":30888,"date":"2022-09-23T08:59:49","date_gmt":"2022-09-23T06:59:49","guid":{"rendered":"https:\/\/phrase.com\/preguntas-frecuentes-sobre-el-lanzamiento\/"},"modified":"2025-10-06T09:53:35","modified_gmt":"2025-10-06T07:53:35","slug":"launch-faq","status":"publish","type":"page","link":"https:\/\/phrase.com\/es\/launch-faq\/","title":{"rendered":"Preguntas frecuentes sobre el lanzamiento"},"content":{"rendered":"\n<div id=\"acf\/tertiary-hero-block_b15aeaaabf549a1ab4962c2d25c7dd66\" class=\"pxblock pxblock--tertiary-hero alignfull bg--white\">\n\t\t<div class=\"container\">\n\t\t<div class=\"text wysiwyg animate-in\">\n\n\t\t\t\n\t\t\t<div class=\"hero--sub-header\">Preguntas frecuentes<\/div>\t\t\t<div class=\"hero--header\"><h1 class=\"secondary \">La nueva Phrase Localization Platform<\/h1><\/div>\t\t\t<div class=\"hero--copy\"><p>Descubre qu\u00e9 significa esto para ti. Si\u00e9ntete libre de ponerte en contacto con nuestro equipo para cualquier consulta. <\/p><\/div>\n\t\t\t\t\t<\/div>\n\t<\/div>\n<\/div>\n\n\n\n<div id=\"acf\/accordion-block_5d20259e4bf93b7ddba7d3db8a85c193\" class=\"pxblock pxblock--accordion alignfull bg--white \">\n\t\t<div class=\"container\">\n\t\t<div class=\"accordion animate-in\">\n\t\t\t\t\t\t\t\t\t<div class=\"accordion__tab\">\n\t\t\t\t<button class=\"heading toggle\" id=\"accordion_0\" aria-expanded=\"false\" aria-controls=\"accordion_section_0\">\n\t\t\t\t\t\t\t\t\t\t<div class=\"title\"><h3>Ya soy cliente de Memsource. \u00bfQu\u00e9 ha cambiado?<\/h3><\/div>\n\t\t\t\t\t<span class=\"icon\">\n\t\t\t\t\t\t<svg width=\"22\" height=\"13\" viewBox=\"0 0 22 13\" fill=\"none\" xmlns=\"http:\/\/www.w3.org\/2000\/svg\"><path d=\"M20.113 1.5 11 10.613 1.887 1.5\" stroke=\"#1080FC\" stroke-width=\"2\" stroke-linecap=\"round\"\/><\/svg>\n<\/span>\n\t\t\t\t<\/button>\n\t\t\t\t<div id=\"accordion_section_0\" class=\"content\" role=\"region\" aria-labelledby=\"accordion_0\">\n\t\t\t\t\t<div class=\"text wysiwyg \">\n\t\t\t\t\t\t<p><span style=\"font-weight: 300\">Memsource ahora se llama Phrase TMS. Este cambio es parte de la unificaci\u00f3n de marca de nuestros productos dentro de Phrase Localization Platform. Puedes iniciar sesi\u00f3n y acceder a tu cuenta ya existente de Phrase TMS como de costumbre a trav\u00e9s de nuestro nuevo sitio web: <\/span><a href=\"https:\/\/phrase.com\"><span style=\"font-weight: 300\">phrase.com<\/span><\/a><\/p>\n\t\t\t\t\t<\/div>\n\t\t\t\t<\/div>\n\t\t\t<\/div><!-- .accordion__tab-->\n\n\t\t\t\t\t\t\t\t\t<div class=\"accordion__tab\">\n\t\t\t\t<button class=\"heading toggle\" id=\"accordion_1\" aria-expanded=\"false\" aria-controls=\"accordion_section_1\">\n\t\t\t\t\t\t\t\t\t\t<div class=\"title\"><h3>Soy cliente de Phrase. \u00bfQu\u00e9 ha cambiado?<\/h3><\/div>\n\t\t\t\t\t<span class=\"icon\">\n\t\t\t\t\t\t<svg width=\"22\" height=\"13\" viewBox=\"0 0 22 13\" fill=\"none\" xmlns=\"http:\/\/www.w3.org\/2000\/svg\"><path d=\"M20.113 1.5 11 10.613 1.887 1.5\" stroke=\"#1080FC\" stroke-width=\"2\" stroke-linecap=\"round\"\/><\/svg>\n<\/span>\n\t\t\t\t<\/button>\n\t\t\t\t<div id=\"accordion_section_1\" class=\"content\" role=\"region\" aria-labelledby=\"accordion_1\">\n\t\t\t\t\t<div class=\"text wysiwyg \">\n\t\t\t\t\t\t<p><span style=\"font-weight: 300\">Ahora el producto de Phrase se llama Phrase Strings. Este cambio es parte de la unificaci\u00f3n de marca de nuestros productos dentro de Phrase Localization Platform. Puedes iniciar sesi\u00f3n y acceder a tu cuenta de Phrase Strings como de costumbre a trav\u00e9s de nuestro nuevo sitio web: <\/span><a href=\"https:\/\/phrase.com\"><span style=\"font-weight: 300\">phrase.com<\/span><\/a><\/p>\n\t\t\t\t\t<\/div>\n\t\t\t\t<\/div>\n\t\t\t<\/div><!-- .accordion__tab-->\n\n\t\t\t\t\t\t\t\t\t<div class=\"accordion__tab\">\n\t\t\t\t<button class=\"heading toggle\" id=\"accordion_2\" aria-expanded=\"false\" aria-controls=\"accordion_section_2\">\n\t\t\t\t\t\t\t\t\t\t<div class=\"title\"><h3>\u00bfPor qu\u00e9 ha cambiado? <\/h3><\/div>\n\t\t\t\t\t<span class=\"icon\">\n\t\t\t\t\t\t<svg width=\"22\" height=\"13\" viewBox=\"0 0 22 13\" fill=\"none\" xmlns=\"http:\/\/www.w3.org\/2000\/svg\"><path d=\"M20.113 1.5 11 10.613 1.887 1.5\" stroke=\"#1080FC\" stroke-width=\"2\" stroke-linecap=\"round\"\/><\/svg>\n<\/span>\n\t\t\t\t<\/button>\n\t\t\t\t<div id=\"accordion_section_2\" class=\"content\" role=\"region\" aria-labelledby=\"accordion_2\">\n\t\t\t\t\t<div class=\"text wysiwyg \">\n\t\t\t\t\t\t<p><span style=\"font-weight: 300\">Para ofrecer un mejor servicio a nuestros clientes con una soluci\u00f3n completa de herramientas para adaptarse a todos las necesidades de localizaci\u00f3n. Conoce nuestra visi\u00f3n de producto <\/span><a href=\"https:\/\/phrase.com\/blog\/posts\/the-new-phrase\/\"><span style=\"font-weight: 300\">aqu\u00ed<\/span><\/a><span style=\"font-weight: 300\">.<\/span><\/p>\n\t\t\t\t\t<\/div>\n\t\t\t\t<\/div>\n\t\t\t<\/div><!-- .accordion__tab-->\n\n\t\t\t\t\t\t\t\t\t<div class=\"accordion__tab\">\n\t\t\t\t<button class=\"heading toggle\" id=\"accordion_3\" aria-expanded=\"false\" aria-controls=\"accordion_section_3\">\n\t\t\t\t\t\t\t\t\t\t<div class=\"title\"><h3>\u00bfQu\u00e9 es Phrase Localization Platform?<\/h3><\/div>\n\t\t\t\t\t<span class=\"icon\">\n\t\t\t\t\t\t<svg width=\"22\" height=\"13\" viewBox=\"0 0 22 13\" fill=\"none\" xmlns=\"http:\/\/www.w3.org\/2000\/svg\"><path d=\"M20.113 1.5 11 10.613 1.887 1.5\" stroke=\"#1080FC\" stroke-width=\"2\" stroke-linecap=\"round\"\/><\/svg>\n<\/span>\n\t\t\t\t<\/button>\n\t\t\t\t<div id=\"accordion_section_3\" class=\"content\" role=\"region\" aria-labelledby=\"accordion_3\">\n\t\t\t\t\t<div class=\"text wysiwyg \">\n\t\t\t\t\t\t<p><span style=\"font-weight: 300\">Phrase Localization Platform agrupa nuestra plataforma de localizaci\u00f3n de software (Phrase) y nuestro sistema de gesti\u00f3n de la traducci\u00f3n (Memsource) para cubrir todos las necesidades de localizaci\u00f3n en una empresa. Se trata de una unificaci\u00f3n de las funcionalidades existentes para integrar nuestros productos de forma m\u00e1s c\u00f3moda y m\u00e1s homog\u00e9nea. Phrase Suite te permitir\u00e1 trabajar y navegar sin problemas entre nuestros dos productos y administrar datos compartidos sin necesidad de volver a iniciar sesi\u00f3n.<\/span><\/p>\n\t\t\t\t\t<\/div>\n\t\t\t\t<\/div>\n\t\t\t<\/div><!-- .accordion__tab-->\n\n\t\t\t\t\t\t\t\t\t<div class=\"accordion__tab\">\n\t\t\t\t<button class=\"heading toggle\" id=\"accordion_4\" aria-expanded=\"false\" aria-controls=\"accordion_section_4\">\n\t\t\t\t\t\t\t\t\t\t<div class=\"title\"><h3>\u00bfQu\u00e9 m\u00e1s puedo saber sobre los cambios?<\/h3><\/div>\n\t\t\t\t\t<span class=\"icon\">\n\t\t\t\t\t\t<svg width=\"22\" height=\"13\" viewBox=\"0 0 22 13\" fill=\"none\" xmlns=\"http:\/\/www.w3.org\/2000\/svg\"><path d=\"M20.113 1.5 11 10.613 1.887 1.5\" stroke=\"#1080FC\" stroke-width=\"2\" stroke-linecap=\"round\"\/><\/svg>\n<\/span>\n\t\t\t\t<\/button>\n\t\t\t\t<div id=\"accordion_section_4\" class=\"content\" role=\"region\" aria-labelledby=\"accordion_4\">\n\t\t\t\t\t<div class=\"text wysiwyg \">\n\t\t\t\t\t\t<p><span style=\"font-weight: 300\">Conoce m\u00e1s sobre nuestra marca y Phrase Localization Platform acompa\u00f1\u00e1ndonos el viernes 7 de octubre de las 11 a las 12 PM CEST en un webinario especial con el CEO Georg Ell.<\/span><\/p>\n<p><span style=\"font-weight: 300\">Georg hablar\u00e1 sobre la evoluci\u00f3n de Memsource y Phrase y dar\u00e1 una nueva perspectiva de Phrase.<\/span><\/p>\n\t\t\t\t\t<\/div>\n\t\t\t\t<\/div>\n\t\t\t<\/div><!-- .accordion__tab-->\n\n\t\t\t\t\t\t\t\t\t<div class=\"accordion__tab\">\n\t\t\t\t<button class=\"heading toggle\" id=\"accordion_5\" aria-expanded=\"false\" aria-controls=\"accordion_section_5\">\n\t\t\t\t\t\t\t\t\t\t<div class=\"title\"><h3>Con Phrase Localization Platform, \u00bfseguir\u00e1 siendo posible usar Phrase String o Phrase TMS por separado?<\/h3><\/div>\n\t\t\t\t\t<span class=\"icon\">\n\t\t\t\t\t\t<svg width=\"22\" height=\"13\" viewBox=\"0 0 22 13\" fill=\"none\" xmlns=\"http:\/\/www.w3.org\/2000\/svg\"><path d=\"M20.113 1.5 11 10.613 1.887 1.5\" stroke=\"#1080FC\" stroke-width=\"2\" stroke-linecap=\"round\"\/><\/svg>\n<\/span>\n\t\t\t\t<\/button>\n\t\t\t\t<div id=\"accordion_section_5\" class=\"content\" role=\"region\" aria-labelledby=\"accordion_5\">\n\t\t\t\t\t<div class=\"text wysiwyg \">\n\t\t\t\t\t\t<p><span style=\"font-weight: 300\">Si, seguir\u00e1 siendo posible utilizar los productos de forma independiente. La nueva Phrase Localization Platform est\u00e1 dise\u00f1ada para crecer con tu equipo, por lo que podr\u00e1s probar sin esfuerzo otro producto o agregar nuevas caracter\u00edsticas a medida que las necesites.<\/span><\/p>\n\t\t\t\t\t<\/div>\n\t\t\t\t<\/div>\n\t\t\t<\/div><!-- .accordion__tab-->\n\n\t\t\t\t\t\t\t\t\t<div class=\"accordion__tab\">\n\t\t\t\t<button class=\"heading toggle\" id=\"accordion_6\" aria-expanded=\"false\" aria-controls=\"accordion_section_6\">\n\t\t\t\t\t\t\t\t\t\t<div class=\"title\"><h3>\u00bfQu\u00e9 incluye Phrase Localization Platform?<\/h3><\/div>\n\t\t\t\t\t<span class=\"icon\">\n\t\t\t\t\t\t<svg width=\"22\" height=\"13\" viewBox=\"0 0 22 13\" fill=\"none\" xmlns=\"http:\/\/www.w3.org\/2000\/svg\"><path d=\"M20.113 1.5 11 10.613 1.887 1.5\" stroke=\"#1080FC\" stroke-width=\"2\" stroke-linecap=\"round\"\/><\/svg>\n<\/span>\n\t\t\t\t<\/button>\n\t\t\t\t<div id=\"accordion_section_6\" class=\"content\" role=\"region\" aria-labelledby=\"accordion_6\">\n\t\t\t\t\t<div class=\"text wysiwyg \">\n\t\t\t\t\t\t<p><span style=\"font-weight: 300\">Phrase Suite incluir\u00e1 una serie de funciones nuevas:<\/span><\/p>\n<ul>\n<li style=\"font-weight: 300\"><span style=\"font-weight: 300\">Una experiencia de inicio de sesi\u00f3n unificada para acceder a ambas plataformas y descubrir los beneficios de la nueva suite integral<\/span><\/li>\n<li style=\"font-weight: 300\"><span style=\"font-weight: 300\">Una interfaz de usuario actualizada y m\u00e1s intuitiva para una mayor facilidad de uso y navegaci\u00f3n<\/span><\/li>\n<li style=\"font-weight: 300\"><span style=\"font-weight: 300\">Una integraci\u00f3n perfecta para sincronizar contenido entre ambas plataformas<\/span><\/li>\n<li style=\"font-weight: 300\"><span style=\"font-weight: 300\">Gesti\u00f3n unificada de usuarios y suscripciones<\/span><\/li>\n<\/ul>\n\t\t\t\t\t<\/div>\n\t\t\t\t<\/div>\n\t\t\t<\/div><!-- .accordion__tab-->\n\n\t\t\t\t\t\t\t\t\t<div class=\"accordion__tab\">\n\t\t\t\t<button class=\"heading toggle\" id=\"accordion_7\" aria-expanded=\"false\" aria-controls=\"accordion_section_7\">\n\t\t\t\t\t\t\t\t\t\t<div class=\"title\"><h3>\u00bfQu\u00e9 otras caracter\u00edsticas nuevas vendr\u00e1n en futuras versiones?<\/h3><\/div>\n\t\t\t\t\t<span class=\"icon\">\n\t\t\t\t\t\t<svg width=\"22\" height=\"13\" viewBox=\"0 0 22 13\" fill=\"none\" xmlns=\"http:\/\/www.w3.org\/2000\/svg\"><path d=\"M20.113 1.5 11 10.613 1.887 1.5\" stroke=\"#1080FC\" stroke-width=\"2\" stroke-linecap=\"round\"\/><\/svg>\n<\/span>\n\t\t\t\t<\/button>\n\t\t\t\t<div id=\"accordion_section_7\" class=\"content\" role=\"region\" aria-labelledby=\"accordion_7\">\n\t\t\t\t\t<div class=\"text wysiwyg \">\n\t\t\t\t\t\t<ul>\n<li style=\"font-weight: 300\"><span style=\"font-weight: 300\">Nuevas capacidades de traducci\u00f3n autom\u00e1tica e inteligencia artificial<\/span><\/li>\n<li style=\"font-weight: 300\"><span style=\"font-weight: 300\">Integraciones adicionales, conectores para impulsar la conectividad y la colaboraci\u00f3n<\/span><\/li>\n<\/ul>\n\t\t\t\t\t<\/div>\n\t\t\t\t<\/div>\n\t\t\t<\/div><!-- .accordion__tab-->\n\n\t\t\t\t\t\t\t\t\t<div class=\"accordion__tab\">\n\t\t\t\t<button class=\"heading toggle\" id=\"accordion_8\" aria-expanded=\"false\" aria-controls=\"accordion_section_8\">\n\t\t\t\t\t\t\t\t\t\t<div class=\"title\"><h3>\u00bfEstar\u00e1 disponible Phrase Localization Platform tanto para centros de datos estadounidenses como de la UE?<\/h3><\/div>\n\t\t\t\t\t<span class=\"icon\">\n\t\t\t\t\t\t<svg width=\"22\" height=\"13\" viewBox=\"0 0 22 13\" fill=\"none\" xmlns=\"http:\/\/www.w3.org\/2000\/svg\"><path d=\"M20.113 1.5 11 10.613 1.887 1.5\" stroke=\"#1080FC\" stroke-width=\"2\" stroke-linecap=\"round\"\/><\/svg>\n<\/span>\n\t\t\t\t<\/button>\n\t\t\t\t<div id=\"accordion_section_8\" class=\"content\" role=\"region\" aria-labelledby=\"accordion_8\">\n\t\t\t\t\t<div class=\"text wysiwyg \">\n\t\t\t\t\t\t<p><span style=\"font-weight: 300\">S\u00ed, Phrase Localization Platform estar\u00e1 disponible para ambos centros de datos en los Estados Unidos y la UE. Nuestros clientes podr\u00e1n elegir su centro de datos preferido al registrarse. Ten en cuenta algunas limitaciones actuales <\/span><a href=\"https:\/\/support.phrase.com\/hc\/en-us\/articles\/5748008399388-Data-Centers\"><span style=\"font-weight: 300\">aqu\u00ed<\/span><\/a><span style=\"font-weight: 300\">. <\/span><\/p>\n\t\t\t\t\t<\/div>\n\t\t\t\t<\/div>\n\t\t\t<\/div><!-- .accordion__tab-->\n\n\t\t\t\t\t\t\t\t\t<div class=\"accordion__tab\">\n\t\t\t\t<button class=\"heading toggle\" id=\"accordion_9\" aria-expanded=\"false\" aria-controls=\"accordion_section_9\">\n\t\t\t\t\t\t\t\t\t\t<div class=\"title\"><h3>\u00bfQu\u00e9 impacto tendr\u00e1 en las API existentes?<\/h3><\/div>\n\t\t\t\t\t<span class=\"icon\">\n\t\t\t\t\t\t<svg width=\"22\" height=\"13\" viewBox=\"0 0 22 13\" fill=\"none\" xmlns=\"http:\/\/www.w3.org\/2000\/svg\"><path d=\"M20.113 1.5 11 10.613 1.887 1.5\" stroke=\"#1080FC\" stroke-width=\"2\" stroke-linecap=\"round\"\/><\/svg>\n<\/span>\n\t\t\t\t<\/button>\n\t\t\t\t<div id=\"accordion_section_9\" class=\"content\" role=\"region\" aria-labelledby=\"accordion_9\">\n\t\t\t\t\t<div class=\"text wysiwyg \">\n\t\t\t\t\t\t<p><span style=\"font-weight: 300\">No habr\u00e1 impacto en todas las API existentes. Todas las integraciones de clientes o terceros con Phrase TMS y Phrase Strings continuar\u00e1n funcionando sin ning\u00fan cambio.<\/span><\/p>\n\t\t\t\t\t<\/div>\n\t\t\t\t<\/div>\n\t\t\t<\/div><!-- .accordion__tab-->\n\n\t\t\t\t\t\t\t\t\t<div class=\"accordion__tab\">\n\t\t\t\t<button class=\"heading toggle\" id=\"accordion_10\" aria-expanded=\"false\" aria-controls=\"accordion_section_10\">\n\t\t\t\t\t\t\t\t\t\t<div class=\"title\"><h3>\u00bfHabr\u00e1 un cambio en la persona jur\u00eddica?<\/h3><\/div>\n\t\t\t\t\t<span class=\"icon\">\n\t\t\t\t\t\t<svg width=\"22\" height=\"13\" viewBox=\"0 0 22 13\" fill=\"none\" xmlns=\"http:\/\/www.w3.org\/2000\/svg\"><path d=\"M20.113 1.5 11 10.613 1.887 1.5\" stroke=\"#1080FC\" stroke-width=\"2\" stroke-linecap=\"round\"\/><\/svg>\n<\/span>\n\t\t\t\t<\/button>\n\t\t\t\t<div id=\"accordion_section_10\" class=\"content\" role=\"region\" aria-labelledby=\"accordion_10\">\n\t\t\t\t\t<div class=\"text wysiwyg \">\n\t\t\t\t\t\t<p><span style=\"font-weight: 300\">No hay ning\u00fan cambio en la entidad legal que proporciona Phrase Strings o Phrase TMS. El \u00fanico cambio ser\u00e1 en el nombre de nuestras entidades, ya que nuestra entidad checa se convierte en Phrase a.s. y la alemana en Phrase GmbH. Todos los dem\u00e1s datos comerciales siguen siendo los mismos, incluido el n\u00famero de identificaci\u00f3n de la empresa y la cuenta bancaria. En este sentido, estamos actualizando nuestros t\u00e9rminos de servicio y se informa a todos los clientes sobre los cambios por separado. <\/span><\/p>\n\t\t\t\t\t<\/div>\n\t\t\t\t<\/div>\n\t\t\t<\/div><!-- .accordion__tab-->\n\n\t\t\t\t\t<\/div><!-- .accordion-->\n\t<\/div><!-- .container-->\n<\/div>\n\n","protected":false},"excerpt":{"rendered":"","protected":false},"author":4,"featured_media":0,"parent":0,"menu_order":0,"comment_status":"closed","ping_status":"closed","template":"","meta":{"_acf_changed":false,"_stopmodifiedupdate":false,"_modified_date":"","_searchwp_excluded":"","episode_type":"","audio_file":"","podmotor_file_id":"","podmotor_episode_id":"","cover_image":"","cover_image_id":"","duration":"","filesize":"","filesize_raw":"","date_recorded":"","explicit":"","block":"","itunes_episode_number":"","itunes_title":"","itunes_season_number":"","itunes_episode_type":"","footnotes":""},"class_list":["post-30888","page","type-page","status-publish","hentry"],"acf":[],"_links":{"self":[{"href":"https:\/\/phrase.com\/es\/wp-json\/wp\/v2\/pages\/30888","targetHints":{"allow":["GET"]}}],"collection":[{"href":"https:\/\/phrase.com\/es\/wp-json\/wp\/v2\/pages"}],"about":[{"href":"https:\/\/phrase.com\/es\/wp-json\/wp\/v2\/types\/page"}],"author":[{"embeddable":true,"href":"https:\/\/phrase.com\/es\/wp-json\/wp\/v2\/users\/4"}],"replies":[{"embeddable":true,"href":"https:\/\/phrase.com\/es\/wp-json\/wp\/v2\/comments?post=30888"}],"version-history":[{"count":20,"href":"https:\/\/phrase.com\/es\/wp-json\/wp\/v2\/pages\/30888\/revisions"}],"predecessor-version":[{"id":120231,"href":"https:\/\/phrase.com\/es\/wp-json\/wp\/v2\/pages\/30888\/revisions\/120231"}],"wp:attachment":[{"href":"https:\/\/phrase.com\/es\/wp-json\/wp\/v2\/media?parent=30888"}],"curies":[{"name":"wp","href":"https:\/\/api.w.org\/{rel}","templated":true}]}}