{"id":54656,"date":"2023-05-17T11:00:00","date_gmt":"2023-05-17T09:00:00","guid":{"rendered":"https:\/\/phrase.com\/semana-de-lanzamiento-de-phrase-17-24-de-mayo-de-2023\/"},"modified":"2025-10-06T10:07:54","modified_gmt":"2025-10-06T08:07:54","slug":"phrase-suite-may-2023-launch","status":"publish","type":"page","link":"https:\/\/phrase.com\/es\/phrase-suite-may-2023-launch\/","title":{"rendered":"Semana de lanzamiento de Phrase: 17-24 de mayo de 2023"},"content":{"rendered":"\n<div class=\"wp-block-group alignwide is-style-header-hero has-white-color has-white-background-color has-text-color has-background has-link-color has-background-images wp-elements-cf8995b20ff8dc03e1fc68946ca6c1a6 is-layout-flow wp-block-group-is-layout-flow\" style=\"padding-top:var(--wp--preset--spacing--110);padding-bottom:var(--wp--preset--spacing--110);background-image:url(https:\/\/phrase.com\/wp-content\/uploads\/2025\/07\/phrase-header-green.jpg.webp);background-position:0% 100%;background-attachment:scroll;background-repeat:no-repeat;background-size:cover\">\n<div class=\"wp-block-group has-global-padding is-content-justification-left is-layout-constrained wp-container-core-group-is-layout-b0ba78b1 wp-block-group-is-layout-constrained\"><div class=\"yoast-breadcrumbs\"><span><span><a href=\"https:\/\/phrase.com\/es\/\">Home<\/a><\/span> | <span class=\"breadcrumb_last\" aria-current=\"page\">Semana de lanzamiento de Phrase: 17-24 de mayo de 2023<\/span><\/span><\/div>\n\n\n<h2 class=\"wp-block-heading has-text-align-left has-gigantic-font-size\" id=\"h-unlock-connectivity-unleash-opportunity-0\" style=\"font-style:normal;font-weight:400\">Desbloquea la conectividad, desata las oportunidades<\/h2>\n\n\n\n<div class=\"wp-block-group has-global-padding is-content-justification-left is-layout-constrained wp-container-core-group-is-layout-12dd3699 wp-block-group-is-layout-constrained\">\n<p class=\"has-text-align-left\">Con\u00e9ctate a Phrase Suite de formas nuevas y mejoradas con nuestra \u00faltima gama de capacidades de conectividad. Desde nuevas potentes integraciones y una sincronizaci\u00f3n multiplataforma mejorada hasta una optimizada facilidad de uso y personalizaci\u00f3n, nuestras nuevas capacidades agregar\u00e1n a\u00fan m\u00e1s velocidad, calidad y control de costos a tu proceso de localizaci\u00f3n.<\/p>\n<\/div>\n<\/div>\n<\/div>\n\n\n\n<h2 class=\"wp-block-heading has-text-align-center\" id=\"h-enhanced-connectivity-across-the-board\">Conectividad mejorada<br>en todos los \u00e1mbitos<\/h2>\n\n\n\n<div class=\"wp-block-columns alignwide are-vertically-aligned-center media-text-columns media-text-columns--media-left is-layout-flex wp-container-core-columns-is-layout-28f84493 wp-block-columns-is-layout-flex\">\n<div class=\"wp-block-column is-vertically-aligned-center is-layout-flow wp-block-column-is-layout-flow\" style=\"flex-basis:57.2131147541%\">\n<figure class=\"wp-block-image size-full\"><img loading=\"lazy\" decoding=\"async\" width=\"1260\" height=\"1048\" src=\"https:\/\/phrase.com\/wp-content\/uploads\/2023\/05\/Job_Sync_May_Cadence_LP.png\" alt=\"Cadencia de lanzamiento de Job Sync, mayo de 2023 | Phrase\" class=\"wp-image-53746\" srcset=\"https:\/\/phrase.com\/wp-content\/uploads\/2023\/05\/Job_Sync_May_Cadence_LP.png 1260w, https:\/\/phrase.com\/wp-content\/uploads\/2023\/05\/Job_Sync_May_Cadence_LP-300x250.png 300w, https:\/\/phrase.com\/wp-content\/uploads\/2023\/05\/Job_Sync_May_Cadence_LP-1024x852.png 1024w, https:\/\/phrase.com\/wp-content\/uploads\/2023\/05\/Job_Sync_May_Cadence_LP-768x639.png 768w\" sizes=\"auto, (max-width: 1260px) 100vw, 1260px\" \/><\/figure>\n<\/div>\n\n\n\n<div class=\"wp-block-column is-vertically-aligned-center is-layout-flow wp-block-column-is-layout-flow\" style=\"flex-basis:41.9672131148%\">\n<h2 class=\"wp-block-heading has-extra-large-font-size\" id=\"h-new-and-improved-cross-platform-sync\">Sincronizaci\u00f3n multiplataforma mejorada<\/h2>\n\n\n\n<p>\u00a1Disfruta de a\u00fan m\u00e1s conectividad a trav\u00e9s de la plataforma de localizaci\u00f3n de Phrase! Cuando se agregan o actualizan claves en Phrase Strings, los proyectos se pueden sincronizar y pretraducir autom\u00e1ticamente a trav\u00e9s de Phrase TMS y, cuando se finalizan, las memorias de traducci\u00f3n en Phrase TMS tambi\u00e9n se pueden actualizar autom\u00e1ticamente, lo que garantiza que tus equipos siempre est\u00e9n trabajando con el contenido m\u00e1s actualizado.<\/p>\n\n\n\n<div class=\"wp-block-buttons is-layout-flex wp-block-buttons-is-layout-flex\">\n<div class=\"wp-block-button is-style-plain\"><a class=\"wp-block-button__link wp-element-button\" href=\"https:\/\/phrase.com\/es\/platform\/job-sync\/\" target=\"_blank\" rel=\"noreferrer noopener\">Explorar Job Sync<\/a><\/div>\n\n\n<\/div>\n<\/div>\n<\/div>\n\n\n\n<div class=\"wp-block-columns alignwide are-vertically-aligned-center media-text-columns media-text-columns--media-right is-layout-flex wp-container-core-columns-is-layout-28f84493 wp-block-columns-is-layout-flex\">\n<div class=\"wp-block-column is-vertically-aligned-center is-layout-flow wp-block-column-is-layout-flow\" style=\"flex-basis:41.9672131148%\">\n<h2 class=\"wp-block-heading has-extra-large-font-size\" id=\"h-unlock-the-power-of-ai-with-the-phrase-gpt-beta-program\">Desbloquea el poder de la IA con el programa Phrase GPT beta<\/h2>\n\n\n\n<p>\u00bfQuieres experimentar los \u00faltimos avances en inteligencia artificial de primera mano? Lanzamos nuestro programa beta de GPT para ofrecer a clientes seleccionados la oportunidad de experimentar nuestras integraciones de GPT antes que nadie.<\/p>\n<\/div>\n\n\n\n<div class=\"wp-block-column is-vertically-aligned-center is-layout-flow wp-block-column-is-layout-flow\" style=\"flex-basis:57.2131147541%\">\n<figure class=\"wp-block-image size-full\"><img loading=\"lazy\" decoding=\"async\" width=\"1260\" height=\"864\" src=\"https:\/\/phrase.com\/wp-content\/uploads\/2023\/05\/GPT_Beta_Program_Feature.png\" alt=\"Funci\u00f3n del Programa Beta de GPT | Phrase\" class=\"wp-image-54048\" srcset=\"https:\/\/phrase.com\/wp-content\/uploads\/2023\/05\/GPT_Beta_Program_Feature.png 1260w, https:\/\/phrase.com\/wp-content\/uploads\/2023\/05\/GPT_Beta_Program_Feature-300x206.png 300w, https:\/\/phrase.com\/wp-content\/uploads\/2023\/05\/GPT_Beta_Program_Feature-1024x702.png 1024w, https:\/\/phrase.com\/wp-content\/uploads\/2023\/05\/GPT_Beta_Program_Feature-768x527.png 768w\" sizes=\"auto, (max-width: 1260px) 100vw, 1260px\" \/><\/figure>\n<\/div>\n<\/div>\n\n\n\n<div class=\"wp-block-columns alignwide are-vertically-aligned-center media-text-columns media-text-columns--media-left is-layout-flex wp-container-core-columns-is-layout-28f84493 wp-block-columns-is-layout-flex\">\n<div class=\"wp-block-column is-vertically-aligned-center is-layout-flow wp-block-column-is-layout-flow\" style=\"flex-basis:57.2131147541%\">\n<figure class=\"wp-block-image size-full\"><img loading=\"lazy\" decoding=\"async\" width=\"1260\" height=\"777\" src=\"https:\/\/phrase.com\/wp-content\/uploads\/2023\/05\/Orchestrator_May_Cadence_LP.png\" alt=\"Lanzamiento de cadencia de Phrase Orchestrator, mayo de 2023 | Phrase\" class=\"wp-image-53653\" srcset=\"https:\/\/phrase.com\/wp-content\/uploads\/2023\/05\/Orchestrator_May_Cadence_LP.png 1260w, https:\/\/phrase.com\/wp-content\/uploads\/2023\/05\/Orchestrator_May_Cadence_LP-300x185.png 300w, https:\/\/phrase.com\/wp-content\/uploads\/2023\/05\/Orchestrator_May_Cadence_LP-1024x631.png 1024w, https:\/\/phrase.com\/wp-content\/uploads\/2023\/05\/Orchestrator_May_Cadence_LP-768x474.png 768w\" sizes=\"auto, (max-width: 1260px) 100vw, 1260px\" \/><\/figure>\n<\/div>\n\n\n\n<div class=\"wp-block-column is-vertically-aligned-center is-layout-flow wp-block-column-is-layout-flow\" style=\"flex-basis:41.9672131148%\">\n<h2 class=\"wp-block-heading has-extra-large-font-size\" id=\"h-powerful-new-enhancements-for-phrase-orchestrator\">Nuevas y potentes mejoras para Phrase Orchestrator<\/h2>\n\n\n\n<p>Elimina las ineficiencias y mejora la productividad con nuestros nuevos bucles, iteraciones y funciones de paginaci\u00f3n. Estas mejoras reemplazan varios pasos del flujo de trabajo con una sola acci\u00f3n, para que puedas realizar tareas de flujo de trabajo m\u00e1s r\u00e1pido que nunca. Benef\u00edciate de tiempos de procesamiento m\u00e1s r\u00e1pidos y de una experiencia de usuario mejorada al manejar grandes vol\u00famenes de datos.<\/p>\n\n\n\n<div class=\"wp-block-buttons is-layout-flex wp-block-buttons-is-layout-flex\">\n<div class=\"wp-block-button is-style-plain\"><a class=\"wp-block-button__link wp-element-button\" href=\"https:\/\/phrase.com\/es\/platform\/orchestrator\/\" target=\"_blank\" rel=\"noreferrer noopener\">Explorar orquestador<\/a><\/div>\n\n\n\n<div class=\"wp-block-button is-style-plain\"><a class=\"wp-block-button__link wp-element-button\" href=\"https:\/\/www.youtube.com\/watch?v=iI9hCY9IqoA\">Ver tutorial<\/a><\/div>\n<\/div>\n<\/div>\n<\/div>\n\n\n\n<div class=\"wp-block-group alignwide has-global-padding is-layout-constrained wp-block-group-is-layout-constrained\" style=\"padding-top:0;padding-bottom:0\">\n<h3 class=\"wp-block-heading has-text-align-center has-huge-font-size\" id=\"h-our-latest-suite-of-releases\" style=\"margin-bottom:var(--wp--preset--spacing--8);font-style:normal;font-weight:400\">Nuestra \u00faltima gama de lanzamientos<a href=\"https:\/\/phrase.com\/blog\/posts\/global-content-strategy\/\"><\/a><a href=\"https:\/\/phrase.com\/blog\/posts\/global-content-strategy\/\"><\/a><\/h3>\n\n\n\n<h3 class=\"wp-block-heading has-text-align-center\" id=\"h-phrase-tms\">Phrase TMS<\/h3>\n\n\n\n<div class=\"wp-block-columns alignwide is-layout-flex wp-container-core-columns-is-layout-bd983c88 wp-block-columns-is-layout-flex\" style=\"margin-bottom:80px;padding-top:var(--wp--preset--spacing--45);padding-bottom:var(--wp--preset--spacing--45)\">\n<div class=\"wp-block-column is-layout-flow wp-block-column-is-layout-flow\">\n<div class=\"wp-block-group is-vertical is-layout-flex wp-container-core-group-is-layout-ea0cb840 wp-block-group-is-layout-flex\">\n<figure class=\"wp-block-image size-large is-resized is-style-default\"><img loading=\"lazy\" decoding=\"async\" width=\"1024\" height=\"575\" src=\"https:\/\/phrase.com\/wp-content\/uploads\/2023\/05\/Contentful_May_Cadence_LP-1024x575.jpg\" alt=\"Lanzamiento de la aplicaci\u00f3n Phrase TMS para Contentful, mayo de 2023 | Phrase\" class=\"wp-image-53684\" style=\"width:415px;height:auto\" srcset=\"https:\/\/phrase.com\/wp-content\/uploads\/2023\/05\/Contentful_May_Cadence_LP-1024x575.jpg 1024w, https:\/\/phrase.com\/wp-content\/uploads\/2023\/05\/Contentful_May_Cadence_LP-300x168.jpg 300w, https:\/\/phrase.com\/wp-content\/uploads\/2023\/05\/Contentful_May_Cadence_LP-768x431.jpg 768w, https:\/\/phrase.com\/wp-content\/uploads\/2023\/05\/Contentful_May_Cadence_LP-1536x862.jpg 1536w, https:\/\/phrase.com\/wp-content\/uploads\/2023\/05\/Contentful_May_Cadence_LP.jpg 1710w\" sizes=\"auto, (max-width: 1024px) 100vw, 1024px\" \/><\/figure>\n\n\n\n<div style=\"height:20px\" aria-hidden=\"true\" class=\"wp-block-spacer wp-container-content-62aae154\"><\/div>\n\n\n\n<h4 class=\"wp-block-heading\" id=\"h-manage-your-translation-process-directly-in-contentful\" style=\"font-style:normal;font-weight:700\">\u00a1Gestiona tu proceso de traducci\u00f3n directamente en Contentful!<\/h4>\n\n\n\n<p>En lugar de cambiar entre herramientas, ahora puedes administrar f\u00e1cilmente las traducciones directamente en Contentful. La nueva aplicaci\u00f3n Phrase TMS para Contentful se conecta a las capacidades de Phrase para agilizar tu proceso de localizaci\u00f3n y ayudarte a ofrecer contenido multiling\u00fce de alta calidad a gran escala.<\/p>\n\n\n\n<div style=\"height:20px\" aria-hidden=\"true\" class=\"wp-block-spacer wp-container-content-62aae154\"><\/div>\n\n\n\n<div class=\"wp-block-buttons is-layout-flex wp-block-buttons-is-layout-flex\">\n<div class=\"wp-block-button\"><a class=\"wp-block-button__link wp-element-button\" href=\"https:\/\/phrase.com\/es\/integrations\/contentful\/\" target=\"_blank\" rel=\"noreferrer noopener\">Explora integraci\u00f3n<\/a><\/div>\n<\/div>\n<\/div>\n<\/div>\n\n\n\n<div class=\"wp-block-column is-layout-flow wp-block-column-is-layout-flow\">\n<div class=\"wp-block-group is-vertical is-layout-flex wp-container-core-group-is-layout-ea0cb840 wp-block-group-is-layout-flex\">\n<figure class=\"wp-block-image size-large is-style-default\"><img loading=\"lazy\" decoding=\"async\" width=\"1024\" height=\"575\" src=\"https:\/\/phrase.com\/wp-content\/uploads\/2023\/05\/Analytics_May_Cadence_LP-1024x575.jpg\" alt=\"Cadencia de lanzamiento de Phrase Estad\u00edsticas, mayo de 2023 | Phrase\" class=\"wp-image-53696\" srcset=\"https:\/\/phrase.com\/wp-content\/uploads\/2023\/05\/Analytics_May_Cadence_LP-1024x575.jpg 1024w, https:\/\/phrase.com\/wp-content\/uploads\/2023\/05\/Analytics_May_Cadence_LP-300x168.jpg 300w, https:\/\/phrase.com\/wp-content\/uploads\/2023\/05\/Analytics_May_Cadence_LP-768x431.jpg 768w, https:\/\/phrase.com\/wp-content\/uploads\/2023\/05\/Analytics_May_Cadence_LP-1536x862.jpg 1536w, https:\/\/phrase.com\/wp-content\/uploads\/2023\/05\/Analytics_May_Cadence_LP.jpg 1710w\" sizes=\"auto, (max-width: 1024px) 100vw, 1024px\" \/><\/figure>\n\n\n\n<div style=\"height:20px\" aria-hidden=\"true\" class=\"wp-block-spacer wp-container-content-62aae154\"><\/div>\n\n\n\n<h4 class=\"wp-block-heading\" id=\"h-instant-insights-with-enhanced-analytics\" style=\"font-style:normal;font-weight:700\">Informaci\u00f3n instant\u00e1nea con estad\u00edsticas mejoradas<\/h4>\n\n\n\n<p>Nuestros nuevos paneles te proporcionan informaci\u00f3n instant\u00e1nea sobre cotizaciones de trabajo, costos y ahorros, en todos los tipos de contenido. Esto te permite analizar y monitorizar tus patrones de gasto, planificar tu presupuesto de traducci\u00f3n de manera m\u00e1s efectiva y asignar mejor los recursos.<\/p>\n\n\n\n<div style=\"height:20px\" aria-hidden=\"true\" class=\"wp-block-spacer wp-container-content-62aae154\"><\/div>\n\n\n\n<div class=\"wp-block-buttons is-layout-flex wp-block-buttons-is-layout-flex\">\n<div class=\"wp-block-button\"><a class=\"wp-block-button__link wp-element-button\" href=\"https:\/\/phrase.com\/es\/platform\/analytics\/\" target=\"_blank\" rel=\"noreferrer noopener\">Explora Phrase estad\u00edsticas<\/a><\/div>\n<\/div>\n<\/div>\n<\/div>\n\n\n\n<div class=\"wp-block-column is-layout-flow wp-block-column-is-layout-flow\">\n<div class=\"wp-block-group is-vertical is-layout-flex wp-container-core-group-is-layout-ea0cb840 wp-block-group-is-layout-flex\">\n<figure class=\"wp-block-image size-large is-style-default\"><img loading=\"lazy\" decoding=\"async\" width=\"1024\" height=\"575\" src=\"https:\/\/phrase.com\/wp-content\/uploads\/2023\/05\/Phrase_NextMT_May_Cadence-1024x575.jpg\" alt=\"Cadencia de lanzamiento de Phrase NextMT, mayo de 2023 | Phrase\" class=\"wp-image-53790\" srcset=\"https:\/\/phrase.com\/wp-content\/uploads\/2023\/05\/Phrase_NextMT_May_Cadence-1024x575.jpg 1024w, https:\/\/phrase.com\/wp-content\/uploads\/2023\/05\/Phrase_NextMT_May_Cadence-300x168.jpg 300w, https:\/\/phrase.com\/wp-content\/uploads\/2023\/05\/Phrase_NextMT_May_Cadence-768x431.jpg 768w, https:\/\/phrase.com\/wp-content\/uploads\/2023\/05\/Phrase_NextMT_May_Cadence-1536x862.jpg 1536w, https:\/\/phrase.com\/wp-content\/uploads\/2023\/05\/Phrase_NextMT_May_Cadence.jpg 1710w\" sizes=\"auto, (max-width: 1024px) 100vw, 1024px\" \/><\/figure>\n\n\n\n<div style=\"height:20px\" aria-hidden=\"true\" class=\"wp-block-spacer wp-container-content-62aae154\"><\/div>\n\n\n\n<h4 class=\"wp-block-heading\" id=\"h-english-to-chinese-and-vice-versa-with-phrase-nextmt\" style=\"font-style:normal;font-weight:700\">Ingl\u00e9s a Chino, y viceversa con Phrase NextMT<\/h4>\n\n\n\n<p>Phrase NextMT, nuestro propio motor de traducci\u00f3n autom\u00e1tica listo para TMS, \u00a1ahora admite traducciones del ingl\u00e9s al chino y viceversa! Esto significa que podr\u00e1s aprovechar las memorias de traducci\u00f3n y glosarios existentes para ofrecer la mejor calidad de traducci\u00f3n autom\u00e1tica posible.<\/p>\n\n\n\n<div style=\"height:20px\" aria-hidden=\"true\" class=\"wp-block-spacer wp-container-content-62aae154\"><\/div>\n\n\n\n<div class=\"wp-block-buttons is-layout-flex wp-block-buttons-is-layout-flex\">\n<div class=\"wp-block-button\"><a class=\"wp-block-button__link wp-element-button\" href=\"https:\/\/phrase.com\/es\/platform\/nextmt\/\" target=\"_blank\" rel=\"noreferrer noopener\">Explora Phrase NextMT<\/a><\/div>\n<\/div>\n<\/div>\n<\/div>\n<\/div>\n\n\n\n<h3 class=\"wp-block-heading has-text-align-center\" id=\"h-phrase-strings\">Phrase Strings<\/h3>\n\n\n\n<div class=\"wp-block-columns alignwide is-layout-flex wp-container-core-columns-is-layout-bd983c88 wp-block-columns-is-layout-flex\" style=\"margin-bottom:80px;padding-top:var(--wp--preset--spacing--45);padding-bottom:var(--wp--preset--spacing--45)\">\n<div class=\"wp-block-column is-layout-flow wp-block-column-is-layout-flow\">\n<div class=\"wp-block-group is-vertical is-layout-flex wp-container-core-group-is-layout-ea0cb840 wp-block-group-is-layout-flex\">\n<figure class=\"wp-block-image size-large is-resized is-style-default\"><img loading=\"lazy\" decoding=\"async\" width=\"1024\" height=\"575\" src=\"https:\/\/phrase.com\/wp-content\/uploads\/2023\/05\/ICE_May_Cadence_LP-1024x575.jpg\" alt=\"Cadencia de lanzamiento de mayo de 2023 del editor contextual | Phrase\" class=\"wp-image-53806\" style=\"width:415px;height:auto\" srcset=\"https:\/\/phrase.com\/wp-content\/uploads\/2023\/05\/ICE_May_Cadence_LP-1024x575.jpg 1024w, https:\/\/phrase.com\/wp-content\/uploads\/2023\/05\/ICE_May_Cadence_LP-300x168.jpg 300w, https:\/\/phrase.com\/wp-content\/uploads\/2023\/05\/ICE_May_Cadence_LP-768x431.jpg 768w, https:\/\/phrase.com\/wp-content\/uploads\/2023\/05\/ICE_May_Cadence_LP-1536x862.jpg 1536w, https:\/\/phrase.com\/wp-content\/uploads\/2023\/05\/ICE_May_Cadence_LP.jpg 1710w\" sizes=\"auto, (max-width: 1024px) 100vw, 1024px\" \/><\/figure>\n\n\n\n<div style=\"height:20px\" aria-hidden=\"true\" class=\"wp-block-spacer wp-container-content-62aae154\"><\/div>\n\n\n\n<h4 class=\"wp-block-heading\" id=\"h-say-goodbye-to-translations-that-break-designs\" style=\"font-style:normal;font-weight:700\">Desp\u00eddete de las traducciones que rompen dise\u00f1os<\/h4>\n\n\n\n<p>El nuevo editor en contexto permite que los traductores vean su trabajo reflejado en el dise\u00f1o en tiempo real, lo que garantiza traducciones de mejor calidad que eliminan idas y venidas y tambi\u00e9n mantienen contentos a dise\u00f1adores y desarrolladores.<\/p>\n\n\n\n<div style=\"height:20px\" aria-hidden=\"true\" class=\"wp-block-spacer wp-container-content-62aae154\"><\/div>\n\n\n\n<div class=\"wp-block-buttons is-layout-flex wp-block-buttons-is-layout-flex\">\n<div class=\"wp-block-button\"><a class=\"wp-block-button__link wp-element-button\" href=\"https:\/\/youtu.be\/MLorQCKb5js\" target=\"_blank\" rel=\"noreferrer noopener\">Ver tutorial<\/a><\/div>\n<\/div>\n<\/div>\n<\/div>\n\n\n\n<div class=\"wp-block-column is-layout-flow wp-block-column-is-layout-flow\">\n<div class=\"wp-block-group is-vertical is-layout-flex wp-container-core-group-is-layout-ea0cb840 wp-block-group-is-layout-flex\">\n<figure class=\"wp-block-image size-large is-style-default\"><img loading=\"lazy\" decoding=\"async\" width=\"1024\" height=\"575\" src=\"https:\/\/phrase.com\/wp-content\/uploads\/2023\/05\/Advanced_Search_May_Cadence_LP-1024x575.jpg\" alt=\"Cadencia de lanzamiento de B\u00fasqueda Avanzada, mayo de 2023 | Phrase\" class=\"wp-image-53666\" srcset=\"https:\/\/phrase.com\/wp-content\/uploads\/2023\/05\/Advanced_Search_May_Cadence_LP-1024x575.jpg 1024w, https:\/\/phrase.com\/wp-content\/uploads\/2023\/05\/Advanced_Search_May_Cadence_LP-300x168.jpg 300w, https:\/\/phrase.com\/wp-content\/uploads\/2023\/05\/Advanced_Search_May_Cadence_LP-768x431.jpg 768w, https:\/\/phrase.com\/wp-content\/uploads\/2023\/05\/Advanced_Search_May_Cadence_LP-1536x862.jpg 1536w, https:\/\/phrase.com\/wp-content\/uploads\/2023\/05\/Advanced_Search_May_Cadence_LP.jpg 1710w\" sizes=\"auto, (max-width: 1024px) 100vw, 1024px\" \/><\/figure>\n\n\n\n<div style=\"height:20px\" aria-hidden=\"true\" class=\"wp-block-spacer wp-container-content-62aae154\"><\/div>\n\n\n\n<h4 class=\"wp-block-heading\" id=\"h-save-time-with-our-completely-new-advanced-search\" style=\"font-style:normal;font-weight:700\">Ahorra tiempo con nuestra nueva b\u00fasqueda avanzada<\/h4>\n\n\n\n<p>\u00bfTe cuesta encontrar la clave correcta en el momento adecuado? Nuestra nueva b\u00fasqueda global avanzada te permite filtrar f\u00e1cilmente tus resultados de b\u00fasqueda para localizar exactamente lo que est\u00e1s buscando, m\u00e1s r\u00e1pido.<\/p>\n\n\n\n<div style=\"height:20px\" aria-hidden=\"true\" class=\"wp-block-spacer wp-container-content-62aae154\"><\/div>\n\n\n\n<div class=\"wp-block-buttons is-layout-flex wp-block-buttons-is-layout-flex\">\n<div class=\"wp-block-button\"><a class=\"wp-block-button__link wp-element-button\" href=\"https:\/\/youtu.be\/x5hSyZNsjE4\" target=\"_blank\" rel=\"noreferrer noopener\">Ver tutorial<\/a><\/div>\n<\/div>\n<\/div>\n<\/div>\n\n\n\n<div class=\"wp-block-column is-layout-flow wp-block-column-is-layout-flow\">\n<div class=\"wp-block-group is-vertical is-layout-flex wp-container-core-group-is-layout-ea0cb840 wp-block-group-is-layout-flex\">\n<figure class=\"wp-block-image size-large is-style-default\"><img loading=\"lazy\" decoding=\"async\" width=\"1024\" height=\"575\" src=\"https:\/\/phrase.com\/wp-content\/uploads\/2023\/05\/Contextual_Sidebar_May_Cadence_LP-1024x575.jpg\" alt=\"Cadencia de lanzamiento de mayo de 2023 de la barra lateral contextual | Phrase\" class=\"wp-image-53672\" srcset=\"https:\/\/phrase.com\/wp-content\/uploads\/2023\/05\/Contextual_Sidebar_May_Cadence_LP-1024x575.jpg 1024w, https:\/\/phrase.com\/wp-content\/uploads\/2023\/05\/Contextual_Sidebar_May_Cadence_LP-300x168.jpg 300w, https:\/\/phrase.com\/wp-content\/uploads\/2023\/05\/Contextual_Sidebar_May_Cadence_LP-768x431.jpg 768w, https:\/\/phrase.com\/wp-content\/uploads\/2023\/05\/Contextual_Sidebar_May_Cadence_LP-1536x862.jpg 1536w, https:\/\/phrase.com\/wp-content\/uploads\/2023\/05\/Contextual_Sidebar_May_Cadence_LP.jpg 1710w\" sizes=\"auto, (max-width: 1024px) 100vw, 1024px\" \/><\/figure>\n\n\n\n<div style=\"height:20px\" aria-hidden=\"true\" class=\"wp-block-spacer wp-container-content-62aae154\"><\/div>\n\n\n\n<h4 class=\"wp-block-heading\" id=\"h-improve-efficiency-with-the-customizable-sidebar\" style=\"font-style:normal;font-weight:700\">Mejora la eficiencia con la barra lateral personalizable<\/h4>\n\n\n\n<p>La \u00faltima versi\u00f3n de la barra lateral contextual personalizable te permite reordenar u ocultar secciones y crear el espacio de trabajo m\u00e1s eficiente para ti.<\/p>\n\n\n\n<div style=\"height:20px\" aria-hidden=\"true\" class=\"wp-block-spacer wp-container-content-62aae154\"><\/div>\n\n\n\n<div class=\"wp-block-buttons is-layout-flex wp-block-buttons-is-layout-flex\">\n<div class=\"wp-block-button\"><a class=\"wp-block-button__link wp-element-button\" href=\"https:\/\/phrase.com\/es\/platform\/strings\/strings-editor\/\" target=\"_blank\" rel=\"noreferrer noopener\">Explorar capacidad<\/a><\/div>\n<\/div>\n<\/div>\n<\/div>\n<\/div>\n<\/div>\n\n\n\n<div class=\"wp-block-group alignwide has-black-color has-yellow-background-color has-text-color has-background has-link-color wp-elements-abd92f5ddeccad95b7c3b11b008de0e6 has-global-padding is-layout-constrained wp-block-group-is-layout-constrained\" style=\"margin-top:var(--wp--preset--spacing--56)\">\n<h2 class=\"wp-block-heading has-text-align-center\" id=\"h-ready-to-get-started\">\u00bfTodo listo para empezar?<\/h2>\n\n\n\n<p class=\"has-text-align-center\">Llega a audiencias m\u00e1s grandes y establece conexiones m\u00e1s profundas hoy mismo.<\/p>\n\n\n\n<div class=\"wp-block-buttons is-content-justification-center is-layout-flex wp-container-core-buttons-is-layout-a89b3969 wp-block-buttons-is-layout-flex\">\n<div class=\"wp-block-button is-style-default\"><a class=\"wp-block-button__link wp-element-button\" href=\"https:\/\/phrase.com\/es\/demo\/\" target=\"_blank\" rel=\"noreferrer noopener\">Solicita una demostraci\u00f3n<\/a><\/div>\n\n\n\n<div class=\"wp-block-button is-style-black-outline\"><a class=\"wp-block-button__link wp-element-button\" href=\"https:\/\/phrase.com\/es\/pricing\/\" target=\"_blank\" rel=\"noreferrer noopener\">Ver precios<\/a><\/div>\n<\/div>\n<\/div>\n\n","protected":false},"excerpt":{"rendered":"<p>Desbloquea la conectividad, desata las oportunidades Con\u00e9ctate a Phrase Suite de formas nuevas y mejoradas con nuestra \u00faltima gama de capacidades de conectividad. Desde nuevas potentes integraciones y una sincronizaci\u00f3n multiplataforma mejorada hasta una optimizada facilidad de uso y personalizaci\u00f3n, nuestras nuevas capacidades agregar\u00e1n a\u00fan m\u00e1s velocidad, calidad y control de costos a tu proceso [&hellip;]<\/p>\n","protected":false},"author":7,"featured_media":0,"parent":0,"menu_order":0,"comment_status":"closed","ping_status":"closed","template":"page-refresh","meta":{"_acf_changed":false,"_stopmodifiedupdate":false,"_modified_date":"","_searchwp_excluded":"","episode_type":"","audio_file":"","podmotor_file_id":"","podmotor_episode_id":"","cover_image":"","cover_image_id":"","duration":"","filesize":"","filesize_raw":"","date_recorded":"","explicit":"","block":"","itunes_episode_number":"","itunes_title":"","itunes_season_number":"","itunes_episode_type":"","footnotes":""},"class_list":["post-54656","page","type-page","status-publish","hentry"],"acf":[],"_links":{"self":[{"href":"https:\/\/phrase.com\/es\/wp-json\/wp\/v2\/pages\/54656","targetHints":{"allow":["GET"]}}],"collection":[{"href":"https:\/\/phrase.com\/es\/wp-json\/wp\/v2\/pages"}],"about":[{"href":"https:\/\/phrase.com\/es\/wp-json\/wp\/v2\/types\/page"}],"author":[{"embeddable":true,"href":"https:\/\/phrase.com\/es\/wp-json\/wp\/v2\/users\/7"}],"replies":[{"embeddable":true,"href":"https:\/\/phrase.com\/es\/wp-json\/wp\/v2\/comments?post=54656"}],"version-history":[{"count":9,"href":"https:\/\/phrase.com\/es\/wp-json\/wp\/v2\/pages\/54656\/revisions"}],"predecessor-version":[{"id":120892,"href":"https:\/\/phrase.com\/es\/wp-json\/wp\/v2\/pages\/54656\/revisions\/120892"}],"wp:attachment":[{"href":"https:\/\/phrase.com\/es\/wp-json\/wp\/v2\/media?parent=54656"}],"curies":[{"name":"wp","href":"https:\/\/api.w.org\/{rel}","templated":true}]}}