{"id":61905,"date":"2023-03-02T08:35:18","date_gmt":"2023-03-02T07:35:18","guid":{"rendered":"https:\/\/phrase.com\/?page_id=61905"},"modified":"2026-03-11T20:08:13","modified_gmt":"2026-03-11T19:08:13","slug":"events","status":"publish","type":"page","link":"https:\/\/phrase.com\/es\/events\/","title":{"rendered":"Eventos"},"content":{"rendered":"\n<div class=\"wp-block-columns alignwide is-layout-flex wp-container-core-columns-is-layout-28f84493 wp-block-columns-is-layout-flex\">\n<div class=\"wp-block-column is-layout-flow wp-block-column-is-layout-flow\" style=\"padding-top:var(--wp--preset--spacing--80);padding-right:var(--wp--preset--spacing--80);padding-bottom:var(--wp--preset--spacing--24);padding-left:var(--wp--preset--spacing--80);flex-basis:60%\"><div class=\"yoast-breadcrumbs\"><span><span><a href=\"https:\/\/phrase.com\/es\/\">Home<\/a><\/span> | <span class=\"breadcrumb_last\" aria-current=\"page\">Eventos<\/span><\/span><\/div>\n\n\n<h1 class=\"wp-block-heading\" id=\"h-eventos-de-phrase\">Eventos de Phrase<\/h1>\n\n\n\n<p class=\"has-medium-font-size\" style=\"margin-bottom:var(--wp--preset--spacing--24);font-style:normal;font-weight:400\">Acomp\u00e1\u00f1anos en uno de nuestros eventos presenciales para ver de primera mano c\u00f3mo estamos transformando las experiencias de los clientes y potenciando el crecimiento internacional con nuestras \u00faltimas tecnolog\u00edas, innovaciones y conocimientos del sector.<\/p>\n<\/div>\n\n\n\n<div class=\"wp-block-column is-vertically-aligned-top is-layout-flow wp-block-column-is-layout-flow\">\n<figure class=\"wp-block-image size-full is-resized\"><img loading=\"lazy\" decoding=\"async\" width=\"650\" height=\"662\" src=\"https:\/\/phrase.com\/wp-content\/uploads\/2025\/02\/phrase-events-localization.png\" alt=\"eventos de Phrase sobre localizaci\u00f3n\" class=\"wp-image-99231\" style=\"width:486px;height:auto\" srcset=\"https:\/\/phrase.com\/wp-content\/uploads\/2025\/02\/phrase-events-localization.png 650w, https:\/\/phrase.com\/wp-content\/uploads\/2025\/02\/phrase-events-localization-295x300.png 295w\" sizes=\"auto, (max-width: 650px) 100vw, 650px\" \/><\/figure>\n<\/div>\n<\/div>\n\n\n<div class=\"alignwide wp-block-phrase-com-suggested-reading--hide-types wp-block-phrase-com-suggested-reading--grid is-grid-columns-3 has-color-scheme has-blue-color-scheme alignwide wp-block-phrase-com-suggested-reading\"><div class=\"wp-block-phrase-com-suggested-reading__header\"><h2 class=\"wp-block-heading has-huge-font-size\">Nuestros eventos de 2025<\/h2><\/div><div class=\"glide wp-block-phrase-com-suggested-reading__grid\">\n<div class=\"wp-block-phrase-com-suggested-reading-item wp-block-phrase-com-suggested-reading-custom\"><div class=\"wp-block-phrase-com-suggested-reading-item__inner\"><div class=\"wp-block-phrase-com-suggested-reading-item__header\"><figure class=\"wp-block-phrase-com-suggested-reading-item__image\"><img loading=\"lazy\" decoding=\"async\" width=\"600\" height=\"400\" src=\"https:\/\/phrase.com\/wp-content\/uploads\/2026\/01\/Event-Landing-Pages-2025-26.png\" class=\"attachment-large size-large\" alt=\"\" srcset=\"https:\/\/phrase.com\/wp-content\/uploads\/2026\/01\/Event-Landing-Pages-2025-26.png 600w, https:\/\/phrase.com\/wp-content\/uploads\/2026\/01\/Event-Landing-Pages-2025-26-300x200.png 300w\" sizes=\"auto, (max-width: 600px) 100vw, 600px\" \/><\/figure><\/div><div class=\"wp-block-phrase-com-suggested-reading-item__content\"><h3><strong>Loc Tech Live 202<\/strong>6<br>FEBRUARY 25-26, 2026<\/h3><p>Join us at Loc Tech Live, the online conference built for localization technology practitioners. Discover the latest trends and see live demos, hosted by the Loc Tech community. You&#8217;ll also gain insights from partners who share real technical problems they&#8217;ve experienced, and how they fixed them. <\/p><div class=\"wp-block-button is-style-plain wp-block-phrase-com-suggested-reading-item__link\"><a href=\"https:\/\/loctechlive.com\/\" class=\"wp-block-button__link wp-element-button\" target=\"_blank\">Find out more about Loc Tech Live<\/a><\/div><\/div><\/div><\/div>\n\n<div class=\"wp-block-phrase-com-suggested-reading-item wp-block-phrase-com-suggested-reading-custom\"><div class=\"wp-block-phrase-com-suggested-reading-item__inner\"><div class=\"wp-block-phrase-com-suggested-reading-item__header\"><figure class=\"wp-block-phrase-com-suggested-reading-item__image\"><img loading=\"lazy\" decoding=\"async\" width=\"600\" height=\"400\" src=\"https:\/\/phrase.com\/wp-content\/uploads\/2026\/01\/Event-Landing-Pages-2026-2.png\" class=\"attachment-large size-large\" alt=\"\" srcset=\"https:\/\/phrase.com\/wp-content\/uploads\/2026\/01\/Event-Landing-Pages-2026-2.png 600w, https:\/\/phrase.com\/wp-content\/uploads\/2026\/01\/Event-Landing-Pages-2026-2-300x200.png 300w\" sizes=\"auto, (max-width: 600px) 100vw, 600px\" \/><\/figure><\/div><div class=\"wp-block-phrase-com-suggested-reading-item__content\"><h3>GALA WorldReady Conference 2026<br>12 &#8211; 14 April, 2026<\/h3><p>Join us in Berlin for the WorldReady Conference hosted by GALA. For those in globalization and localization, this event will bring together industry leaders to share best practices, trends and challenges.<\/p><div class=\"wp-block-button is-style-plain wp-block-phrase-com-suggested-reading-item__link\"><a href=\"https:\/\/www.gala-global.org\/worldready-conference\" class=\"wp-block-button__link wp-element-button\" target=\"_blank\">Find out more about GALA<\/a><\/div><\/div><\/div><\/div>\n\n<div class=\"wp-block-phrase-com-suggested-reading-item wp-block-phrase-com-suggested-reading-custom\"><div class=\"wp-block-phrase-com-suggested-reading-item__inner\"><div class=\"wp-block-phrase-com-suggested-reading-item__header\"><figure class=\"wp-block-phrase-com-suggested-reading-item__image\"><img loading=\"lazy\" decoding=\"async\" width=\"600\" height=\"400\" src=\"https:\/\/phrase.com\/wp-content\/uploads\/2026\/01\/Event-Landing-Pages-2026-3.jpg\" class=\"attachment-large size-large\" alt=\"\" srcset=\"https:\/\/phrase.com\/wp-content\/uploads\/2026\/01\/Event-Landing-Pages-2026-3.jpg 600w, https:\/\/phrase.com\/wp-content\/uploads\/2026\/01\/Event-Landing-Pages-2026-3-300x200.jpg 300w\" sizes=\"auto, (max-width: 600px) 100vw, 600px\" \/><\/figure><\/div><div class=\"wp-block-phrase-com-suggested-reading-item__content\"><h3><strong>SlatorCon London<\/strong><br>MAY 22, 2026<\/h3><p>The world&#8217;s leading conference for language AI and language solutions returns to London and Phrase will be there. Hear directly from industry experts as they share actionable insights on the trends shaping language AI and the solutions driving business impact.<\/p><div class=\"wp-block-button is-style-plain wp-block-phrase-com-suggested-reading-item__link\"><a href=\"https:\/\/slator.com\/event\/slatorcon-london-2026\/\" class=\"wp-block-button__link wp-element-button\" target=\"_blank\">Find out more about SlatorCon London<\/a><\/div><\/div><\/div><\/div>\n<\/div><\/div>\n\n<div class=\"alignwide wp-block-phrase-com-suggested-reading--hide-types alignwide wp-block-phrase-com-suggested-reading\"><div class=\"glide wp-block-phrase-com-suggested-reading__slider\"><div class=\"wp-block-phrase-com-suggested-reading__header\"><h2 class=\"wp-block-heading has-huge-font-size\">Lo \u00faltimo de Phrase<\/h2><div class=\"wp-block-phrase-com-suggested-reading__controls\" data-glide-el=\"controls\"><button type=\"button\" class=\"glide__arrow wp-block-phrase-com-suggested-reading__prev-slide\" data-glide-dir=\"<\"><svg aria-hidden=\"true\" xmlns=\"http:\/\/www.w3.org\/2000\/svg\" width=\"22\" height=\"22\" fill=\"none\" viewBox=\"0 0 22 22\"><path fill=\"currentColor\" d=\"m10.191 11 3.01 3.036-.917.924L8.36 11l3.925-3.96.915.924L10.192 11Z\"\/><\/svg><span class=\"screen-reader-text\">Previous<\/span><\/button><button type=\"button\" class=\"glide__arrow wp-block-phrase-com-suggested-reading__next-slide\" data-glide-dir=\"&gt;\"><svg xmlns=\"http:\/\/www.w3.org\/2000\/svg\" width=\"22\" height=\"22\" fill=\"none\" viewBox=\"0 0 22 22\"><path fill=\"currentColor\" d=\"m11.809 11-3.01-3.036.916-.924L13.64 11l-3.925 3.96-.915-.924L11.808 11Z\"\/><\/svg><span class=\"screen-reader-text\">Next<\/span><\/button><\/div><\/div><div class=\"glide__track\" data-glide-el=\"track\"><div class=\"glide__slides\">\n<div class=\"wp-block-phrase-com-suggested-reading-item glide__slide wp-block-phrase-com-suggested-reading-custom\"><div class=\"wp-block-phrase-com-suggested-reading-item__inner\"><div class=\"wp-block-phrase-com-suggested-reading-item__header\"><figure class=\"wp-block-phrase-com-suggested-reading-item__image\"><img loading=\"lazy\" decoding=\"async\" width=\"1024\" height=\"576\" src=\"https:\/\/phrase.com\/wp-content\/uploads\/2025\/10\/Dr.-Meeta-Yadav-Vouk-YT-Thumb-Cover-1024x576.jpg\" class=\"attachment-large size-large\" alt=\"\" srcset=\"https:\/\/phrase.com\/wp-content\/uploads\/2025\/10\/Dr.-Meeta-Yadav-Vouk-YT-Thumb-Cover-1024x576.jpg 1024w, https:\/\/phrase.com\/wp-content\/uploads\/2025\/10\/Dr.-Meeta-Yadav-Vouk-YT-Thumb-Cover-300x169.jpg 300w, https:\/\/phrase.com\/wp-content\/uploads\/2025\/10\/Dr.-Meeta-Yadav-Vouk-YT-Thumb-Cover-768x432.jpg 768w, https:\/\/phrase.com\/wp-content\/uploads\/2025\/10\/Dr.-Meeta-Yadav-Vouk-YT-Thumb-Cover.jpg 1280w\" sizes=\"auto, (max-width: 1024px) 100vw, 1024px\" \/><\/figure><\/div><div class=\"wp-block-phrase-com-suggested-reading-item__content\"><h3>Nuevo episodio: Escalando la IA globalmente sin romper la confianza, la velocidad o la seguridad<\/h3><p>En este episodio, hablamos con la Dra. Meeta Vouk, Vicepresidenta de IA y An\u00e1lisis en Teradata, sobre c\u00f3mo las empresas est\u00e1n construyendo estrategias de automatizaci\u00f3n que pueden escalar de manera responsable en entornos altamente regulados.<\/p><div class=\"wp-block-button is-style-plain wp-block-phrase-com-suggested-reading-item__link\"><a href=\"https:\/\/phrase.com\/podcast\/episode\/scaling-ai-globally-without-breaking-trust-speed-or-security\/\" class=\"wp-block-button__link wp-element-button\" target=\"_blank\">Listen here<\/a><\/div><\/div><\/div><\/div>\n<\/div><\/div><\/div><\/div>\n\n\n<div style=\"height:10px\" aria-hidden=\"true\" class=\"wp-block-spacer\"><\/div>\n\n\n\n\n\n<div class=\"wp-block-group alignwide has-yellow-background-color has-background has-global-padding is-layout-constrained wp-block-group-is-layout-constrained\" style=\"margin-top:var(--wp--preset--spacing--70)\">\n<h2 class=\"wp-block-heading has-text-align-center has-black-color has-text-color has-link-color wp-elements-3c234eb6b6dde040810629110e35ebdd\" id=\"h-quieres-saber-mas\">\u00bfQuieres saber m\u00e1s?<\/h2>\n\n\n\n<div class=\"wp-block-buttons is-content-justification-center is-layout-flex wp-container-core-buttons-is-layout-a89b3969 wp-block-buttons-is-layout-flex\">\n<div class=\"wp-block-button is-style-default\"><a class=\"wp-block-button__link wp-element-button\" href=\"https:\/\/phrase.com\/es\/contact\/\">Contacto<\/a><\/div>\n\n\n\n<div class=\"wp-block-button is-style-grey-filled\"><a class=\"wp-block-button__link wp-element-button\" href=\"https:\/\/phrase.com\/es\/demo\/\">Solicita una demostraci\u00f3n<\/a><\/div>\n<\/div>\n<\/div>\n","protected":false},"excerpt":{"rendered":"<p>Eventos de Phrase Acomp\u00e1\u00f1anos en uno de nuestros eventos presenciales para ver de primera mano c\u00f3mo estamos transformando las experiencias de los clientes y potenciando el crecimiento internacional con nuestras \u00faltimas tecnolog\u00edas, innovaciones y conocimientos del sector. \u00bfQuieres saber m\u00e1s?<\/p>\n","protected":false},"author":6,"featured_media":114850,"parent":0,"menu_order":0,"comment_status":"closed","ping_status":"closed","template":"page-refresh","meta":{"_acf_changed":false,"_stopmodifiedupdate":false,"_modified_date":"","_searchwp_excluded":"","episode_type":"","audio_file":"","podmotor_file_id":"","podmotor_episode_id":"","cover_image":"","cover_image_id":"","duration":"","filesize":"","filesize_raw":"","date_recorded":"","explicit":"","block":"","itunes_episode_number":"","itunes_title":"","itunes_season_number":"","itunes_episode_type":"","footnotes":""},"class_list":["post-61905","page","type-page","status-publish","has-post-thumbnail","hentry"],"acf":[],"_links":{"self":[{"href":"https:\/\/phrase.com\/es\/wp-json\/wp\/v2\/pages\/61905","targetHints":{"allow":["GET"]}}],"collection":[{"href":"https:\/\/phrase.com\/es\/wp-json\/wp\/v2\/pages"}],"about":[{"href":"https:\/\/phrase.com\/es\/wp-json\/wp\/v2\/types\/page"}],"author":[{"embeddable":true,"href":"https:\/\/phrase.com\/es\/wp-json\/wp\/v2\/users\/6"}],"replies":[{"embeddable":true,"href":"https:\/\/phrase.com\/es\/wp-json\/wp\/v2\/comments?post=61905"}],"version-history":[{"count":13,"href":"https:\/\/phrase.com\/es\/wp-json\/wp\/v2\/pages\/61905\/revisions"}],"predecessor-version":[{"id":137582,"href":"https:\/\/phrase.com\/es\/wp-json\/wp\/v2\/pages\/61905\/revisions\/137582"}],"wp:featuredmedia":[{"embeddable":true,"href":"https:\/\/phrase.com\/es\/wp-json\/wp\/v2\/media\/114850"}],"wp:attachment":[{"href":"https:\/\/phrase.com\/es\/wp-json\/wp\/v2\/media?parent=61905"}],"curies":[{"name":"wp","href":"https:\/\/api.w.org\/{rel}","templated":true}]}}