{"id":76484,"date":"2024-03-01T16:32:11","date_gmt":"2024-03-01T15:32:11","guid":{"rendered":"https:\/\/phrase.com\/integracion-de-sanity-io\/"},"modified":"2025-10-06T10:37:49","modified_gmt":"2025-10-06T08:37:49","slug":"sanity-io","status":"publish","type":"page","link":"https:\/\/phrase.com\/es\/integrations\/sanity-io\/","title":{"rendered":"Integraci\u00f3n de Sanity.io"},"content":{"rendered":"\n<div class=\"wp-block-group alignwide is-style-header-hero has-white-color has-white-background-color has-text-color has-background has-link-color has-background-images wp-elements-818f005e6c301633a0338ee1f0b94691 is-layout-flow wp-block-group-is-layout-flow\" style=\"padding-top:var(--wp--preset--spacing--110);padding-bottom:var(--wp--preset--spacing--110);background-image:url(https:\/\/phrase.com\/wp-content\/uploads\/2025\/07\/phrase-header-blue.jpg.webp);background-position:0% 100%;background-attachment:scroll;background-repeat:no-repeat;background-size:cover\">\n<div class=\"wp-block-group has-global-padding is-content-justification-left is-layout-constrained wp-container-core-group-is-layout-4513c74a wp-block-group-is-layout-constrained\"><div class=\"yoast-breadcrumbs\"><span><span><a href=\"https:\/\/phrase.com\/es\/\">Home<\/a><\/span> | <span><a href=\"https:\/\/phrase.com\/es\/integrations\/\">Integraciones<\/a><\/span> | <span class=\"breadcrumb_last\" aria-current=\"page\">Integraci\u00f3n de Sanity.io<\/span><\/span><\/div>\n\n\n<h2 class=\"wp-block-heading has-text-align-left has-gigantic-font-size\" id=\"h-phrase-sanity-io\" style=\"font-style:normal;font-weight:400\">Phrase + Sanity.io<\/h2>\n\n\n\n<div class=\"wp-block-group has-global-padding is-content-justification-left is-layout-constrained wp-container-core-group-is-layout-12dd3699 wp-block-group-is-layout-constrained\">\n<p class=\"has-text-align-left\">Optimiza la gesti\u00f3n y la implementaci\u00f3n de contenido personalizado para una audiencia global y brinda una experiencia de usuario atractiva y unificada en cualquier dispositivo.<\/p>\n\n\n\n<p class=\"has-text-align-left\">Aprovecha el CCMS de Sanity (sistema de gesti\u00f3n de contenidos por componentes) para crear sitios web enfocados al marketing, plataformas e-commerce vers\u00e1tiles y aplicaciones para m\u00f3vil din\u00e1micas. Facilita el trabajo a los desarrolladores y creadores de contenido para mejorar el alcance del contenido localizado a trav\u00e9s de todos los canales digitales.<\/p>\n<\/div>\n\n\n\n<div class=\"wp-block-buttons is-content-justification-left is-layout-flex wp-container-core-buttons-is-layout-fc4fd283 wp-block-buttons-is-layout-flex\">\n<div class=\"wp-block-button is-style-blue-filled\"><a class=\"wp-block-button__link wp-element-button\" href=\"https:\/\/phrase.com\/es\/demo\/\" target=\"_blank\" rel=\"noreferrer noopener\">Solicita una demostraci\u00f3n<\/a><\/div>\n<\/div>\n<\/div>\n<\/div>\n\n\n<div class=\"alignwide wp-block-phrase-com-image-carousel\"><div class=\"wp-block-phrase-com-image-carousel__slider embla\"><div class=\"wp-block-phrase-com-image-carousel__slides embla__viewport\"><div class=\"embla__container\">\n\n<figure class=\"wp-block-image size-full is-resized embla__slide\"><img decoding=\"async\" width=\"246\" height=\"80\" loading=\"eager\" src=\"https:\/\/phrase.com\/wp-content\/uploads\/2025\/01\/uber-logo.png\" alt=\"\" class=\"wp-image-98759\" style=\"object-fit:cover;width:94px;height:auto\" \/><\/figure>\n\n\n\n<figure class=\"wp-block-image size-full embla__slide\"><img decoding=\"async\" width=\"246\" height=\"80\" loading=\"eager\" src=\"https:\/\/phrase.com\/wp-content\/uploads\/2025\/01\/lionbridge-logo.png\" alt=\"lionbridge logo\" class=\"wp-image-98772\" style=\"object-fit:cover\" \/><\/figure>\n\n\n\n<figure class=\"wp-block-image size-medium embla__slide\"><img decoding=\"async\" width=\"300\" height=\"66\" loading=\"eager\" src=\"https:\/\/phrase.com\/wp-content\/uploads\/2024\/12\/tripadvisor-logo-phrase-300x66.png\" alt=\"\" class=\"wp-image-96344\" style=\"object-fit:cover\" srcset=\"https:\/\/phrase.com\/wp-content\/uploads\/2024\/12\/tripadvisor-logo-phrase-300x66.png 300w, https:\/\/phrase.com\/wp-content\/uploads\/2024\/12\/tripadvisor-logo-phrase-1024x225.png 1024w, https:\/\/phrase.com\/wp-content\/uploads\/2024\/12\/tripadvisor-logo-phrase-768x168.png 768w, https:\/\/phrase.com\/wp-content\/uploads\/2024\/12\/tripadvisor-logo-phrase-1536x337.png 1536w, https:\/\/phrase.com\/wp-content\/uploads\/2024\/12\/tripadvisor-logo-phrase.png 2048w\" sizes=\"(max-width: 300px) 100vw, 300px\" \/><\/figure>\n\n\n\n<figure class=\"wp-block-image size-full is-style-linked embla__slide\"><a href=\"https:\/\/phrase.com\/es\/customers\/zendesk\/\" target=\"_blank\" rel=\" noreferrer noopener\"><img decoding=\"async\" width=\"246\" height=\"80\" loading=\"eager\" src=\"https:\/\/phrase.com\/wp-content\/uploads\/2025\/01\/zendesk-logo-phrase.png\" alt=\"Zendesk logo\" class=\"wp-image-98787\" style=\"object-fit:cover\" \/><\/a><figcaption class=\"wp-element-caption\"><a href=\"https:\/\/phrase.com\/es\/customers\/zendesk\/\" target=\"_blank\" rel=\" noreferrer noopener\">Case Study<\/a><\/figcaption><\/figure>\n\n\n\n<figure class=\"wp-block-image size-full embla__slide\"><img decoding=\"async\" width=\"246\" height=\"80\" loading=\"eager\" src=\"https:\/\/phrase.com\/wp-content\/uploads\/2025\/01\/aws-logo.png\" alt=\"aws logo\" class=\"wp-image-98752\" style=\"object-fit:cover\" \/><\/figure>\n\n\n\n<figure class=\"wp-block-image size-full embla__slide\"><img decoding=\"async\" width=\"246\" height=\"80\" loading=\"eager\" src=\"https:\/\/phrase.com\/wp-content\/uploads\/2025\/01\/snowflake-logo-1.png\" alt=\"snowflake logo\" class=\"wp-image-98871\" style=\"object-fit:cover\" \/><\/figure>\n\n\n\n<figure class=\"wp-block-image size-full is-resized embla__slide\"><img decoding=\"async\" width=\"246\" height=\"80\" loading=\"eager\" src=\"https:\/\/phrase.com\/wp-content\/uploads\/2025\/05\/Footlocker-Logo.png\" alt=\"\" class=\"wp-image-106774\" style=\"object-fit:cover;width:123px;height:auto\" \/><\/figure>\n\n\n\n<figure class=\"wp-block-image size-full is-resized is-style-linked embla__slide\"><a href=\"https:\/\/phrase.com\/es\/customers\/deliveroo\/\" target=\"_blank\" rel=\" noreferrer noopener\"><img decoding=\"async\" width=\"246\" height=\"80\" loading=\"eager\" src=\"https:\/\/phrase.com\/wp-content\/uploads\/2025\/01\/deliveroo-logo.png\" alt=\"deliveroo logo\" class=\"wp-image-98853\" style=\"object-fit:cover;width:123px;height:auto\" \/><\/a><figcaption class=\"wp-element-caption\"><a href=\"https:\/\/phrase.com\/es\/customers\/deliveroo\/\" target=\"_blank\" rel=\" noreferrer noopener\">Case Study<\/a><\/figcaption><\/figure>\n\n\n\n<figure class=\"wp-block-image size-full is-resized embla__slide\"><img decoding=\"async\" width=\"246\" height=\"80\" loading=\"eager\" src=\"https:\/\/phrase.com\/wp-content\/uploads\/2025\/01\/Decathlon-logo.png\" alt=\"decathlon logo\" class=\"wp-image-98825\" style=\"object-fit:cover;width:123px;height:auto\" \/><\/figure>\n\n\n\n<figure class=\"wp-block-image size-large is-resized is-style-linked embla__slide\"><a href=\"https:\/\/phrase.com\/es\/customers\/braze\/\" target=\"_blank\" rel=\" noreferrer noopener\"><img fetchpriority=\"high\" decoding=\"async\" width=\"1024\" height=\"516\" loading=\"eager\" src=\"https:\/\/phrase.com\/wp-content\/uploads\/2024\/12\/Braze_Primary_logo_PURPLE_CROPPED-1024x516.png\" alt=\"\" class=\"wp-image-96328\" style=\"width:79px;height:auto\" \/><\/a><figcaption class=\"wp-element-caption\"><a href=\"https:\/\/phrase.com\/es\/customers\/braze\/\" target=\"_blank\" rel=\" noreferrer noopener\">Case Study<\/a><\/figcaption><\/figure>\n\n\n\n<figure class=\"wp-block-image size-full is-resized embla__slide\"><img decoding=\"async\" width=\"246\" height=\"80\" loading=\"eager\" src=\"https:\/\/phrase.com\/wp-content\/uploads\/2025\/01\/electrolux-logo.png\" alt=\"electrolux logo\" class=\"wp-image-98840\" style=\"object-fit:cover;width:123px;height:auto\" \/><\/figure>\n\n\n\n<figure class=\"wp-block-image size-full is-resized embla__slide\"><img decoding=\"async\" width=\"1200\" height=\"453\" loading=\"eager\" src=\"https:\/\/phrase.com\/wp-content\/uploads\/2025\/08\/Zoetis_logo.svg.png\" alt=\"Zoetis_logo\" class=\"wp-image-113374\" style=\"object-fit:cover;width:123px;height:auto\" srcset=\"https:\/\/phrase.com\/wp-content\/uploads\/2025\/08\/Zoetis_logo.svg.png 1200w, https:\/\/phrase.com\/wp-content\/uploads\/2025\/08\/Zoetis_logo.svg-300x113.png 300w, https:\/\/phrase.com\/wp-content\/uploads\/2025\/08\/Zoetis_logo.svg-1024x387.png 1024w, https:\/\/phrase.com\/wp-content\/uploads\/2025\/08\/Zoetis_logo.svg-768x290.png 768w\" sizes=\"(max-width: 1200px) 100vw, 1200px\" \/><\/figure>\n\n\n\n<figure class=\"wp-block-image size-full is-resized is-style-linked embla__slide\"><a href=\"https:\/\/phrase.com\/es\/customers\/what3words\/\" target=\"_blank\" rel=\" noreferrer noopener\"><img decoding=\"async\" width=\"246\" height=\"80\" loading=\"eager\" src=\"https:\/\/phrase.com\/wp-content\/uploads\/2025\/01\/What3Words-logo.png\" alt=\"What3Words logo\" class=\"wp-image-98883\" style=\"object-fit:cover;width:123px;height:auto\" \/><\/a><figcaption class=\"wp-element-caption\"><a href=\"https:\/\/phrase.com\/es\/customers\/what3words\/\" target=\"_blank\" rel=\" noreferrer noopener\">Case Study<\/a><\/figcaption><\/figure>\n\n\n\n<figure class=\"wp-block-image size-full is-resized embla__slide\"><img decoding=\"async\" width=\"246\" height=\"80\" loading=\"eager\" src=\"https:\/\/phrase.com\/wp-content\/uploads\/2025\/01\/puma-logo.png\" alt=\"puma logo\" class=\"wp-image-98766\" style=\"object-fit:cover;width:123px;height:auto\" \/><\/figure>\n\n\n\n<figure class=\"wp-block-image size-full is-resized embla__slide\"><img decoding=\"async\" width=\"246\" height=\"80\" loading=\"eager\" src=\"https:\/\/phrase.com\/wp-content\/uploads\/2025\/01\/vestiaire-collective-logo-1.png\" alt=\"vestiaire collective logo\" class=\"wp-image-98911\" style=\"object-fit:cover;width:123px;height:auto\" \/><\/figure>\n\n\n\n<figure class=\"wp-block-image size-full is-resized is-style-linked embla__slide\"><a href=\"https:\/\/phrase.com\/es\/customers\/yamazaki-mazak-corporation\/\" target=\"_blank\" rel=\" noreferrer noopener\"><img decoding=\"async\" width=\"246\" height=\"80\" loading=\"eager\" src=\"https:\/\/phrase.com\/wp-content\/uploads\/2025\/04\/Website-Dynamic-Bar-Logos-1.png\" alt=\"\" class=\"wp-image-105020\" style=\"object-fit:cover;width:123px;height:auto\" \/><\/a><figcaption class=\"wp-element-caption\"><a href=\"https:\/\/phrase.com\/es\/customers\/yamazaki-mazak-corporation\/\" target=\"_blank\" rel=\" noreferrer noopener\">Case Study<\/a><\/figcaption><\/figure>\n\n\n\n<figure class=\"wp-block-image size-full is-resized embla__slide\"><img decoding=\"async\" width=\"868\" height=\"599\" loading=\"eager\" src=\"https:\/\/phrase.com\/wp-content\/uploads\/2025\/10\/PP_Logo_Global_All-Black_2023Dec.png\" alt=\"\" class=\"wp-image-125252\" style=\"object-fit:cover;width:67px;height:auto\" srcset=\"https:\/\/phrase.com\/wp-content\/uploads\/2025\/10\/PP_Logo_Global_All-Black_2023Dec.png 868w, https:\/\/phrase.com\/wp-content\/uploads\/2025\/10\/PP_Logo_Global_All-Black_2023Dec-300x207.png 300w, https:\/\/phrase.com\/wp-content\/uploads\/2025\/10\/PP_Logo_Global_All-Black_2023Dec-768x530.png 768w\" sizes=\"(max-width: 868px) 100vw, 868px\" \/><\/figure>\n\n\n\n<figure class=\"wp-block-image size-full is-style-linked embla__slide\"><a href=\"https:\/\/phrase.com\/es\/customers\/pega\/\" target=\"_blank\" rel=\" noreferrer noopener\"><img decoding=\"async\" width=\"246\" height=\"80\" loading=\"eager\" src=\"https:\/\/phrase.com\/wp-content\/uploads\/2025\/01\/Website-Dynamic-Bar-Logos-4.png\" alt=\"\" class=\"wp-image-128394\" \/><\/a><figcaption class=\"wp-element-caption\"><a href=\"https:\/\/phrase.com\/es\/customers\/pega\/\" target=\"_blank\" rel=\" noreferrer noopener\">Case Study<\/a><\/figcaption><\/figure>\n\n\n\n<figure class=\"wp-block-image size-full is-resized embla__slide\"><img decoding=\"async\" width=\"246\" height=\"80\" loading=\"eager\" src=\"https:\/\/phrase.com\/wp-content\/uploads\/2025\/01\/skoda-logo-phrase.png\" alt=\"\" class=\"wp-image-98919\" style=\"object-fit:cover;width:123px;height:auto\" \/><\/figure>\n\n\n\n<figure class=\"wp-block-image size-large is-resized is-style-linked embla__slide\"><a href=\"https:\/\/phrase.com\/es\/customers\/kucoin\/\" target=\"_blank\" rel=\" noreferrer noopener\"><img decoding=\"async\" width=\"1024\" height=\"235\" loading=\"eager\" src=\"https:\/\/phrase.com\/wp-content\/uploads\/2025\/08\/KuCoin-logo-1024x235.png\" alt=\"\" class=\"wp-image-114895\" style=\"width:123px\" srcset=\"https:\/\/phrase.com\/wp-content\/uploads\/2025\/08\/KuCoin-logo-1024x235.png 1024w, https:\/\/phrase.com\/wp-content\/uploads\/2025\/08\/KuCoin-logo-300x69.png 300w, https:\/\/phrase.com\/wp-content\/uploads\/2025\/08\/KuCoin-logo-768x176.png 768w, https:\/\/phrase.com\/wp-content\/uploads\/2025\/08\/KuCoin-logo.png 1280w\" sizes=\"(max-width: 1024px) 100vw, 1024px\" \/><\/a><figcaption class=\"wp-element-caption\"><a href=\"https:\/\/phrase.com\/es\/customers\/kucoin\/\" target=\"_blank\" rel=\" noreferrer noopener\">Case Study<\/a><\/figcaption><\/figure>\n\n<\/div><\/div><div class=\"embla__controls\"><button type=\"button\" class=\"embla__prev\" data-glide-dir=\"<\"><svg aria-hidden=\"true\" xmlns=\"http:\/\/www.w3.org\/2000\/svg\" width=\"22\" height=\"22\" fill=\"none\" viewBox=\"0 0 22 22\"><path fill=\"currentColor\" d=\"m10.191 11 3.01 3.036-.917.924L8.36 11l3.925-3.96.915.924L10.192 11Z\"\/><\/svg><span class=\"screen-reader-text\">Previous<\/span><\/button><button type=\"button\" class=\"embla__next\" data-glide-dir=\"&gt;\"><svg xmlns=\"http:\/\/www.w3.org\/2000\/svg\" width=\"22\" height=\"22\" fill=\"none\" viewBox=\"0 0 22 22\"><path fill=\"currentColor\" d=\"m11.809 11-3.01-3.036.916-.924L13.64 11l-3.925 3.96-.915-.924L11.808 11Z\"\/><\/svg><span class=\"screen-reader-text\">Next<\/span><\/button><\/div><\/div><\/div>\n\n\n<div class=\"wp-block-columns alignwide are-vertically-aligned-center media-text-columns media-text-columns--media-right is-layout-flex wp-container-core-columns-is-layout-28f84493 wp-block-columns-is-layout-flex\">\n<div class=\"wp-block-column is-vertically-aligned-center is-layout-flow wp-block-column-is-layout-flow\" style=\"flex-basis:41.9672131148%\">\n<h2 class=\"wp-block-heading has-extra-large-font-size\" id=\"h-scale-personalized-customer-experiences-with-automated-translation-workflows\">Mejora la experiencia de cliente personalizada con flujos de trabajo de traducci\u00f3n automatizados<\/h2>\n\n\n\n<p>Personaliza la experiencia de cliente a gran escala con flujos de trabajo de traducci\u00f3n automatizados. El contenido se traduce sin esfuerzo en la propia plataforma Phrase, gracias a una combinaci\u00f3n de traducci\u00f3n autom\u00e1tica, traducci\u00f3n humana, control de calidad y revisi\u00f3n. El contenido traducido se env\u00eda autom\u00e1ticamente a Sanity, lo que elimina la dependencia de entregas manuales y agiliza el proceso de traducci\u00f3n.<\/p>\n<\/div>\n\n\n\n<div class=\"wp-block-column is-vertically-aligned-center is-layout-flow wp-block-column-is-layout-flow\" style=\"flex-basis:57.2131147541%\">\n<figure class=\"wp-block-image size-full\"><img loading=\"lazy\" decoding=\"async\" width=\"1260\" height=\"1070\" src=\"https:\/\/phrase.com\/wp-content\/uploads\/2024\/03\/Workflow_Automation_UI.png\" alt=\"IU de automatizaci\u00f3n de flujos de trabajo\" class=\"wp-image-76385\" srcset=\"https:\/\/phrase.com\/wp-content\/uploads\/2024\/03\/Workflow_Automation_UI.png 1260w, https:\/\/phrase.com\/wp-content\/uploads\/2024\/03\/Workflow_Automation_UI-300x255.png 300w, https:\/\/phrase.com\/wp-content\/uploads\/2024\/03\/Workflow_Automation_UI-1024x870.png 1024w, https:\/\/phrase.com\/wp-content\/uploads\/2024\/03\/Workflow_Automation_UI-768x652.png 768w\" sizes=\"auto, (max-width: 1260px) 100vw, 1260px\" \/><\/figure>\n<\/div>\n<\/div>\n\n\n\n<div class=\"wp-block-columns alignwide are-vertically-aligned-center media-text-columns media-text-columns--media-left is-layout-flex wp-container-core-columns-is-layout-28f84493 wp-block-columns-is-layout-flex\">\n<div class=\"wp-block-column is-vertically-aligned-center is-layout-flow wp-block-column-is-layout-flow\" style=\"flex-basis:57.2131147541%\">\n<figure class=\"wp-block-image size-full\"><img loading=\"lazy\" decoding=\"async\" width=\"1260\" height=\"647\" src=\"https:\/\/phrase.com\/wp-content\/uploads\/2024\/03\/Increased-control-and-visibility-.png\" alt=\"Aumento del control y la visibilidad\" class=\"wp-image-76391\" srcset=\"https:\/\/phrase.com\/wp-content\/uploads\/2024\/03\/Increased-control-and-visibility-.png 1260w, https:\/\/phrase.com\/wp-content\/uploads\/2024\/03\/Increased-control-and-visibility--300x154.png 300w, https:\/\/phrase.com\/wp-content\/uploads\/2024\/03\/Increased-control-and-visibility--1024x526.png 1024w, https:\/\/phrase.com\/wp-content\/uploads\/2024\/03\/Increased-control-and-visibility--768x394.png 768w\" sizes=\"auto, (max-width: 1260px) 100vw, 1260px\" \/><\/figure>\n<\/div>\n\n\n\n<div class=\"wp-block-column is-vertically-aligned-center is-layout-flow wp-block-column-is-layout-flow\" style=\"flex-basis:41.9672131148%\">\n<h2 class=\"wp-block-heading has-extra-large-font-size\" id=\"h-seamlessly-localize-structured-content\">Localiza contenido estructurado de forma sencilla<\/h2>\n\n\n\n<p>La integraci\u00f3n de Phrase con Sanity, dise\u00f1ada espec\u00edficamente para contenido estructurado,  permite que los desarrolladores y directores de marketing localicen, implementen y reutilicen contenido global en varias aplicaciones, dispositivos y canales. El proceso simplificado garantiza que el contenido multiling\u00fce se pueda entregar en cualquier sitio, as\u00ed como una experiencia de usuario unificada en distintos idiomas y plataformas.<\/p>\n<\/div>\n<\/div>\n\n\n\n<div class=\"wp-block-columns alignwide are-vertically-aligned-center media-text-columns media-text-columns--media-right is-layout-flex wp-container-core-columns-is-layout-28f84493 wp-block-columns-is-layout-flex\">\n<div class=\"wp-block-column is-vertically-aligned-center is-layout-flow wp-block-column-is-layout-flow\" style=\"flex-basis:41.9672131148%\">\n<h2 class=\"wp-block-heading has-extra-large-font-size\" id=\"h-optimize-translation-efficiency-and-quality-with-intelligent-content-recognition\">Optimiza la eficiencia y la calidad de la traducci\u00f3n con el reconocimiento inteligente de contenido<\/h2>\n\n\n\n<p>El plugin de Sanity reconoce de forma inteligente contenido que ya se ha traducido previamente y solamente env\u00eda a traducir el contenido nuevo. Este enfoque ahorra tiempo y dinero, y permite a los equipos actualizar el contenido con facilidad. Se pueden previsualizar las traducciones antes de publicarlas para comprobar la cohesi\u00f3n y la calidad en todos los canales y mejorar la experiencia de usuario.<\/p>\n<\/div>\n\n\n\n<div class=\"wp-block-column is-vertically-aligned-center is-layout-flow wp-block-column-is-layout-flow\" style=\"flex-basis:57.2131147541%\">\n<figure class=\"wp-block-image size-full\"><img loading=\"lazy\" decoding=\"async\" width=\"1080\" height=\"1080\" src=\"https:\/\/phrase.com\/wp-content\/uploads\/2024\/03\/Translate-e1709306369350.png\" alt=\"Aplicaci\u00f3n traducida de un idioma a otro\" class=\"wp-image-76397\" srcset=\"https:\/\/phrase.com\/wp-content\/uploads\/2024\/03\/Translate-e1709306369350.png 1080w, https:\/\/phrase.com\/wp-content\/uploads\/2024\/03\/Translate-e1709306369350-300x300.png 300w, https:\/\/phrase.com\/wp-content\/uploads\/2024\/03\/Translate-e1709306369350-1024x1024.png 1024w, https:\/\/phrase.com\/wp-content\/uploads\/2024\/03\/Translate-e1709306369350-150x150.png 150w, https:\/\/phrase.com\/wp-content\/uploads\/2024\/03\/Translate-e1709306369350-768x768.png 768w\" sizes=\"auto, (max-width: 1080px) 100vw, 1080px\" \/><\/figure>\n<\/div>\n<\/div>\n\n\n\n<div class=\"wp-block-columns alignwide are-vertically-aligned-center media-text-columns media-text-columns--media-left is-layout-flex wp-container-core-columns-is-layout-28f84493 wp-block-columns-is-layout-flex\">\n<div class=\"wp-block-column is-vertically-aligned-center is-layout-flow wp-block-column-is-layout-flow\" style=\"flex-basis:57.2131147541%\">\n<figure class=\"wp-block-image size-full\"><img loading=\"lazy\" decoding=\"async\" width=\"1260\" height=\"1048\" src=\"https:\/\/phrase.com\/wp-content\/uploads\/2024\/03\/Solution_By_Usecase.png\" alt=\"Flujo de trabajo de colaboraci\u00f3n\" class=\"wp-image-76403\" srcset=\"https:\/\/phrase.com\/wp-content\/uploads\/2024\/03\/Solution_By_Usecase.png 1260w, https:\/\/phrase.com\/wp-content\/uploads\/2024\/03\/Solution_By_Usecase-300x250.png 300w, https:\/\/phrase.com\/wp-content\/uploads\/2024\/03\/Solution_By_Usecase-1024x852.png 1024w, https:\/\/phrase.com\/wp-content\/uploads\/2024\/03\/Solution_By_Usecase-768x639.png 768w\" sizes=\"auto, (max-width: 1260px) 100vw, 1260px\" \/><\/figure>\n<\/div>\n\n\n\n<div class=\"wp-block-column is-vertically-aligned-center is-layout-flow wp-block-column-is-layout-flow\" style=\"flex-basis:41.9672131148%\">\n<h2 class=\"wp-block-heading has-extra-large-font-size\" id=\"h-enhanced-collaboration-and-efficiency-across-teams\">Colaboraci\u00f3n y eficacia entre equipos mejorada<\/h2>\n\n\n\n<p>Colabora de forma eficiente y sin esfuerzo con los equipos de contenido e internacionalizaci\u00f3n al visualizar las traducciones en curso directamente con el CCMS de Sanity. Al eliminar la necesidad de alternar entre plataformas, el flujo de trabajo se simplifica, lo que mejora la toma de decisiones y la productividad.<\/p>\n<\/div>\n<\/div>\n\n\n\n<div class=\"wp-block-group alignwide has-black-color has-yellow-background-color has-text-color has-background has-link-color wp-elements-abd92f5ddeccad95b7c3b11b008de0e6 has-global-padding is-layout-constrained wp-block-group-is-layout-constrained\" style=\"margin-top:var(--wp--preset--spacing--56)\">\n<h2 class=\"wp-block-heading has-text-align-center\" id=\"h-ready-to-get-started\">\u00bfTodo listo para empezar?<\/h2>\n\n\n\n<p class=\"has-text-align-center\">Llega a audiencias m\u00e1s grandes y establece conexiones m\u00e1s profundas hoy mismo.<\/p>\n\n\n\n<div class=\"wp-block-buttons is-content-justification-center is-layout-flex wp-container-core-buttons-is-layout-a89b3969 wp-block-buttons-is-layout-flex\">\n<div class=\"wp-block-button is-style-default\"><a class=\"wp-block-button__link wp-element-button\" href=\"https:\/\/phrase.com\/es\/demo\/\" target=\"_blank\" rel=\"noreferrer noopener\">Solicita una demostraci\u00f3n<\/a><\/div>\n\n\n\n<div class=\"wp-block-button is-style-black-outline\"><a class=\"wp-block-button__link wp-element-button\" href=\"https:\/\/phrase.com\/es\/pricing\/\" target=\"_blank\" rel=\"noreferrer noopener\">Ver precios<\/a><\/div>\n<\/div>\n<\/div>\n\n","protected":false},"excerpt":{"rendered":"<p>Phrase + Sanity.io Optimiza la gesti\u00f3n y la implementaci\u00f3n de contenido personalizado para una audiencia global y brinda una experiencia de usuario atractiva y unificada en cualquier dispositivo. Aprovecha el CCMS de Sanity (sistema de gesti\u00f3n de contenidos por componentes) para crear sitios web enfocados al marketing, plataformas e-commerce vers\u00e1tiles y aplicaciones para m\u00f3vil din\u00e1micas. [&hellip;]<\/p>\n","protected":false},"author":63,"featured_media":0,"parent":31700,"menu_order":0,"comment_status":"closed","ping_status":"closed","template":"page-refresh","meta":{"_acf_changed":false,"_stopmodifiedupdate":false,"_modified_date":"","_searchwp_excluded":"","episode_type":"","audio_file":"","podmotor_file_id":"","podmotor_episode_id":"","cover_image":"","cover_image_id":"","duration":"","filesize":"","filesize_raw":"","date_recorded":"","explicit":"","block":"","itunes_episode_number":"","itunes_title":"","itunes_season_number":"","itunes_episode_type":"","footnotes":""},"class_list":["post-76484","page","type-page","status-publish","hentry"],"acf":[],"_links":{"self":[{"href":"https:\/\/phrase.com\/es\/wp-json\/wp\/v2\/pages\/76484","targetHints":{"allow":["GET"]}}],"collection":[{"href":"https:\/\/phrase.com\/es\/wp-json\/wp\/v2\/pages"}],"about":[{"href":"https:\/\/phrase.com\/es\/wp-json\/wp\/v2\/types\/page"}],"author":[{"embeddable":true,"href":"https:\/\/phrase.com\/es\/wp-json\/wp\/v2\/users\/63"}],"replies":[{"embeddable":true,"href":"https:\/\/phrase.com\/es\/wp-json\/wp\/v2\/comments?post=76484"}],"version-history":[{"count":5,"href":"https:\/\/phrase.com\/es\/wp-json\/wp\/v2\/pages\/76484\/revisions"}],"predecessor-version":[{"id":116119,"href":"https:\/\/phrase.com\/es\/wp-json\/wp\/v2\/pages\/76484\/revisions\/116119"}],"up":[{"embeddable":true,"href":"https:\/\/phrase.com\/es\/wp-json\/wp\/v2\/pages\/31700"}],"wp:attachment":[{"href":"https:\/\/phrase.com\/es\/wp-json\/wp\/v2\/media?parent=76484"}],"curies":[{"name":"wp","href":"https:\/\/api.w.org\/{rel}","templated":true}]}}