{"id":97040,"date":"2024-11-19T15:42:34","date_gmt":"2024-11-19T14:42:34","guid":{"rendered":"https:\/\/phrase.com\/comactiva\/"},"modified":"2025-11-14T15:22:52","modified_gmt":"2025-11-14T14:22:52","slug":"comactiva","status":"publish","type":"page","link":"https:\/\/phrase.com\/es\/partners\/comactiva\/","title":{"rendered":"Comactiva"},"content":{"rendered":"\n<div style=\"height:30px\" aria-hidden=\"true\" class=\"wp-block-spacer\"><\/div>\n\n\n\n<div class=\"wp-block-group alignfull has-global-padding is-layout-constrained wp-block-group-is-layout-constrained\">\n<p class=\"has-text-align-center has-blue-color has-text-color has-link-color has-medium-font-size wp-elements-5f0530732c9589aef58e3ba274f2753e\">SOCIO DE PHRASE<br><\/p>\n\n\n\n<figure class=\"wp-block-image aligncenter size-full is-resized is-style-not-rounded\"><img loading=\"lazy\" decoding=\"async\" width=\"807\" height=\"173\" src=\"https:\/\/phrase.com\/wp-content\/uploads\/2024\/11\/Comactiva-Language-Partner-Logo.png\" alt=\"\" class=\"wp-image-95227\" style=\"width:298px;height:auto\" srcset=\"https:\/\/phrase.com\/wp-content\/uploads\/2024\/11\/Comactiva-Language-Partner-Logo.png 807w, https:\/\/phrase.com\/wp-content\/uploads\/2024\/11\/Comactiva-Language-Partner-Logo-300x64.png 300w, https:\/\/phrase.com\/wp-content\/uploads\/2024\/11\/Comactiva-Language-Partner-Logo-768x165.png 768w\" sizes=\"auto, (max-width: 807px) 100vw, 807px\" \/><\/figure>\n\n\n\n<h2 class=\"wp-block-heading has-text-align-center has-medium-font-size\" id=\"h-una-herramienta-de-localizacion-extremadamente-potente-www-comactiva-se\">Una herramienta de localizaci\u00f3n extremadamente potente<br><br><a href=\"https:\/\/www.comactiva.se\/\" target=\"_blank\" rel=\"noreferrer noopener\">www.comactiva.se<\/a><\/h2>\n<\/div>\n\n\n\n<div class=\"wp-block-group alignfull is-style-copy has-transparent-background-color has-background has-global-padding is-content-justification-center is-layout-constrained wp-block-group-is-layout-constrained\" style=\"padding-top:0;padding-bottom:0\">\n<div class=\"wp-block-group alignwide has-global-padding is-content-justification-center is-layout-constrained wp-container-core-group-is-layout-cefc1864 wp-block-group-is-layout-constrained\" style=\"padding-left:var(--wp--preset--spacing--56)\">\n<p class=\"has-text-align-center\" style=\"margin-top:0;margin-bottom:var(--wp--preset--spacing--40)\"><strong><br><\/strong>Desde 1996, Comactiva ha ayudado a empresas de todo el mundo a lograr una comunicaci\u00f3n clara y coherente. Con el objetivo de crear soluciones de localizaci\u00f3n flexibles y a medida, Comactiva ofrece un servicio de localizaci\u00f3n que agrega valor e impulsa el crecimiento en los mercados locales.<\/p>\n\n\n\n<p class=\"has-text-align-center\">Mediante la combinaci\u00f3n de una tecnolog\u00eda avanzada con una amplia experiencia y conocimientos humanos, Comactiva se asegura de que tu mensaje llegue al p\u00fablico meta de forma precisa y aut\u00e9ntica, respetando siempre la imagen \u00fanica de tu marca.<\/p>\n\n\n\n<p class=\"has-text-align-center\" style=\"margin-top:0;margin-bottom:var(--wp--preset--spacing--40)\"><br>\u00bfTodo listo para mejorar tus procesos de localizaci\u00f3n?<\/p>\n\n\n\n<p class=\"has-text-align-center\"><strong>Ubicaciones<\/strong><\/p>\n\n\n\n<p class=\"has-text-align-center\">Suecia<\/p>\n\n\n\n<p class=\"has-text-align-center\"><strong>Testimonio de socio<\/strong><\/p>\n\n\n\n<p class=\"has-text-align-center\"><em>\u00abLa sinergia entre Phrase Platform y la amplia experiencia en localizaci\u00f3n de Comactiva nos ayuda a proporcionar a las marcas globales una soluci\u00f3n integral para una comunicaci\u00f3n fluida entre los mercados\u00bb.<\/em><\/p>\n\n\n\n<div style=\"height:19px\" aria-hidden=\"true\" class=\"wp-block-spacer\"><\/div>\n\n\n\n<div class=\"wp-block-buttons is-content-justification-center is-layout-flex wp-container-core-buttons-is-layout-a89b3969 wp-block-buttons-is-layout-flex\">\n<div class=\"wp-block-button\"><a class=\"wp-block-button__link wp-element-button\" href=\"https:\/\/phrase.com\/es\/demo\/\" target=\"_blank\" rel=\"noreferrer noopener\">Ponte en contacto con nosotros<\/a><\/div>\n\n\n\n<div class=\"wp-block-button is-style-black-outline\"><a class=\"wp-block-button__link has-text-align-center wp-element-button\" href=\"https:\/\/www.comactiva.se\/en\/\" target=\"_blank\" rel=\"noreferrer noopener\">Visita el sitio web<\/a><\/div>\n<\/div>\n<\/div>\n<\/div>\n\n\n\n<div class=\"wp-block-columns alignwide are-vertically-aligned-center is-style-default is-layout-flex wp-container-core-columns-is-layout-28f84493 wp-block-columns-is-layout-flex\">\n<div class=\"wp-block-column is-vertically-aligned-center is-layout-flow wp-container-core-column-is-layout-6220b9e6 wp-block-column-is-layout-flow\" style=\"flex-basis:100%\">\n<h2 class=\"wp-block-heading has-text-align-center has-extra-large-font-size\" id=\"h-servicios-ofrecidos\"><strong>Servicios ofrecidos<\/strong><\/h2>\n\n\n\n<div style=\"height:10px\" aria-hidden=\"true\" class=\"wp-block-spacer\"><\/div>\n\n\n\n<div class=\"wp-block-group is-content-justification-center is-layout-flex wp-container-core-group-is-layout-78489f3d wp-block-group-is-layout-flex\">\n<div class=\"wp-block-group is-vertical is-layout-flex wp-container-core-group-is-layout-d572cf77 wp-block-group-is-layout-flex\">\n<div class=\"wp-block-group is-nowrap is-layout-flex wp-container-core-group-is-layout-6c531013 wp-block-group-is-layout-flex\">\n<ul class=\"wp-block-list\">\n<li>Servicios de traducci\u00f3n<\/li>\n<\/ul>\n<\/div>\n\n\n\n<div class=\"wp-block-group is-nowrap is-layout-flex wp-container-core-group-is-layout-6c531013 wp-block-group-is-layout-flex\">\n<ul class=\"wp-block-list\">\n<li>Servicios de localizaci\u00f3n<\/li>\n<\/ul>\n<\/div>\n\n\n\n<div class=\"wp-block-group is-nowrap is-layout-flex wp-container-core-group-is-layout-6c531013 wp-block-group-is-layout-flex\">\n<ul class=\"wp-block-list\">\n<li>Traducci\u00f3n autom\u00e1tica mediante IA<\/li>\n<\/ul>\n<\/div>\n\n\n\n<div class=\"wp-block-group is-nowrap is-layout-flex wp-container-core-group-is-layout-6c531013 wp-block-group-is-layout-flex\">\n<ul class=\"wp-block-list\">\n<li>Control de calidad humano o automatizado<\/li>\n<\/ul>\n<\/div>\n\n\n\n<div class=\"wp-block-group is-nowrap is-layout-flex wp-container-core-group-is-layout-6c531013 wp-block-group-is-layout-flex\">\n<ul class=\"wp-block-list\">\n<li>Estrategia e implementaci\u00f3n de localizaci\u00f3n global<\/li>\n<\/ul>\n<\/div>\n\n\n\n<div class=\"wp-block-group is-nowrap is-layout-flex wp-container-core-group-is-layout-6c531013 wp-block-group-is-layout-flex\">\n<ul class=\"wp-block-list\">\n<li>Estrategia e implementaci\u00f3n de operaciones ling\u00fc\u00edsticas<\/li>\n<\/ul>\n<\/div>\n<\/div>\n\n\n\n<div class=\"wp-block-group is-vertical is-layout-flex wp-container-core-group-is-layout-9f8eab21 wp-block-group-is-layout-flex\">\n<div class=\"wp-block-group is-nowrap is-layout-flex wp-container-core-group-is-layout-6c531013 wp-block-group-is-layout-flex\">\n<ul class=\"wp-block-list\">\n<li>Implementaci\u00f3n o migraci\u00f3n de tecnolog\u00eda ling\u00fc\u00edstica<\/li>\n<\/ul>\n<\/div>\n\n\n\n<div class=\"wp-block-group is-nowrap is-layout-flex wp-container-core-group-is-layout-6c531013 wp-block-group-is-layout-flex\">\n<ul class=\"wp-block-list\">\n<li>Recopilaci\u00f3n de datos ling\u00fc\u00edsticos<\/li>\n<\/ul>\n<\/div>\n\n\n\n<div class=\"wp-block-group is-nowrap is-layout-flex wp-container-core-group-is-layout-6c531013 wp-block-group-is-layout-flex\">\n<ul class=\"wp-block-list\">\n<li>Depuraci\u00f3n de datos ling\u00fc\u00edsticos<\/li>\n<\/ul>\n<\/div>\n\n\n\n<div class=\"wp-block-group is-nowrap is-layout-flex wp-container-core-group-is-layout-6c531013 wp-block-group-is-layout-flex\">\n<ul class=\"wp-block-list\">\n<li>Subtitulaci\u00f3n<\/li>\n<\/ul>\n<\/div>\n\n\n\n<div class=\"wp-block-group is-nowrap is-layout-flex wp-container-core-group-is-layout-6c531013 wp-block-group-is-layout-flex\">\n<ul class=\"wp-block-list\">\n<li>DTP<br><br><\/li>\n<\/ul>\n<\/div>\n<\/div>\n<\/div>\n<\/div>\n<\/div>\n\n\n\n<div class=\"wp-block-group alignwide has-yellow-background-color has-background has-global-padding is-layout-constrained wp-block-group-is-layout-constrained\" style=\"margin-top:var(--wp--preset--spacing--56)\">\n<div class=\"wp-block-group is-vertical is-content-justification-center is-layout-flex wp-container-core-group-is-layout-ce155fab wp-block-group-is-layout-flex\">\n<h2 class=\"wp-block-heading has-text-align-center\" id=\"h-encuentra-mas-socios\">Encuentra m\u00e1s socios<\/h2>\n\n\n\n<p class=\"has-text-align-center\">Colaboramos con empresas tecnol\u00f3gicas l\u00edderes para asegurarnos de que tu equipo saque<br>el m\u00e1ximo partido a Phrase cada d\u00eda.<\/p>\n<\/div>\n\n\n\n<div class=\"wp-block-buttons is-content-justification-center is-layout-flex wp-container-core-buttons-is-layout-a89b3969 wp-block-buttons-is-layout-flex\">\n<div class=\"wp-block-button\"><a class=\"wp-block-button__link wp-element-button\" href=\"https:\/\/phrase.com\/es\/partners\/\" target=\"_blank\" rel=\"noreferrer noopener\">Programa de Phrase para socios<\/a><\/div>\n\n\n\n<div class=\"wp-block-button is-style-black-outline\"><a class=\"wp-block-button__link wp-element-button\" href=\"https:\/\/phrase.com\/es\/partners-inquiries\/\" target=\"_blank\" rel=\"noreferrer noopener\">Programa de referencia de socios<\/a><\/div>\n<\/div>\n<\/div>\n","protected":false},"excerpt":{"rendered":"<p>SOCIO DE PHRASE Una herramienta de localizaci\u00f3n extremadamente potente www.comactiva.se Desde 1996, Comactiva ha ayudado a empresas de todo el mundo a lograr una comunicaci\u00f3n clara y coherente. Con el objetivo de crear soluciones de localizaci\u00f3n flexibles y a medida, Comactiva ofrece un servicio de localizaci\u00f3n que agrega valor e impulsa el crecimiento en los [&hellip;]<\/p>\n","protected":false},"author":77,"featured_media":0,"parent":57530,"menu_order":1,"comment_status":"closed","ping_status":"closed","template":"page-refresh","meta":{"_acf_changed":false,"_stopmodifiedupdate":false,"_modified_date":"","_searchwp_excluded":"","episode_type":"","audio_file":"","podmotor_file_id":"","podmotor_episode_id":"","cover_image":"","cover_image_id":"","duration":"","filesize":"","filesize_raw":"","date_recorded":"","explicit":"","block":"","itunes_episode_number":"","itunes_title":"","itunes_season_number":"","itunes_episode_type":"","footnotes":""},"class_list":["post-97040","page","type-page","status-publish","hentry"],"acf":[],"_links":{"self":[{"href":"https:\/\/phrase.com\/es\/wp-json\/wp\/v2\/pages\/97040","targetHints":{"allow":["GET"]}}],"collection":[{"href":"https:\/\/phrase.com\/es\/wp-json\/wp\/v2\/pages"}],"about":[{"href":"https:\/\/phrase.com\/es\/wp-json\/wp\/v2\/types\/page"}],"author":[{"embeddable":true,"href":"https:\/\/phrase.com\/es\/wp-json\/wp\/v2\/users\/77"}],"replies":[{"embeddable":true,"href":"https:\/\/phrase.com\/es\/wp-json\/wp\/v2\/comments?post=97040"}],"version-history":[{"count":8,"href":"https:\/\/phrase.com\/es\/wp-json\/wp\/v2\/pages\/97040\/revisions"}],"predecessor-version":[{"id":127809,"href":"https:\/\/phrase.com\/es\/wp-json\/wp\/v2\/pages\/97040\/revisions\/127809"}],"up":[{"embeddable":true,"href":"https:\/\/phrase.com\/es\/wp-json\/wp\/v2\/pages\/57530"}],"wp:attachment":[{"href":"https:\/\/phrase.com\/es\/wp-json\/wp\/v2\/media?parent=97040"}],"curies":[{"name":"wp","href":"https:\/\/api.w.org\/{rel}","templated":true}]}}