{"id":98081,"date":"2025-01-09T09:36:45","date_gmt":"2025-01-09T08:36:45","guid":{"rendered":"https:\/\/phrase.com\/sinapi\/"},"modified":"2026-03-13T15:23:08","modified_gmt":"2026-03-13T14:23:08","slug":"sinapi","status":"publish","type":"page","link":"https:\/\/phrase.com\/es\/partners\/sinapi\/","title":{"rendered":"Sinapi"},"content":{"rendered":"\n<div style=\"height:25px\" aria-hidden=\"true\" class=\"wp-block-spacer\"><\/div>\n\n\n\n<div class=\"wp-block-group alignfull has-global-padding is-layout-constrained wp-block-group-is-layout-constrained\">\n<p class=\"has-text-align-center has-blue-color has-text-color has-link-color has-medium-font-size wp-elements-5f0530732c9589aef58e3ba274f2753e\">SOCIO DE PHRASE<br><\/p>\n\n\n\n<figure class=\"wp-block-image aligncenter size-full is-resized is-style-not-rounded\"><img loading=\"lazy\" decoding=\"async\" width=\"870\" height=\"435\" src=\"https:\/\/phrase.com\/wp-content\/uploads\/2025\/01\/Logo-Sinapi.webp\" alt=\"\" class=\"wp-image-97467\" style=\"width:298px;height:auto\" srcset=\"https:\/\/phrase.com\/wp-content\/uploads\/2025\/01\/Logo-Sinapi.webp 870w, https:\/\/phrase.com\/wp-content\/uploads\/2025\/01\/Logo-Sinapi-300x150.webp 300w, https:\/\/phrase.com\/wp-content\/uploads\/2025\/01\/Logo-Sinapi-768x384.webp 768w\" sizes=\"auto, (max-width: 870px) 100vw, 870px\" \/><\/figure>\n\n\n\n<h2 class=\"wp-block-heading has-text-align-center has-medium-font-size\" id=\"h-we-re-different-so-your-brand-stands-out-thesinapiteam-com\">Somos diferentes para que tu marca destaque.<br><br><a href=\"https:\/\/www.thesinapiteam.com\/\" target=\"_blank\" rel=\"noreferrer noopener\">thesinapiteam.com<\/a><\/h2>\n<\/div>\n\n\n\n<div class=\"wp-block-group alignfull is-style-copy has-transparent-background-color has-background has-global-padding is-layout-constrained wp-block-group-is-layout-constrained\" style=\"padding-top:var(--wp--preset--spacing--8);padding-bottom:var(--wp--preset--spacing--8)\">\n<div class=\"wp-block-group alignwide has-global-padding is-layout-constrained wp-container-core-group-is-layout-f6a58a2d wp-block-group-is-layout-constrained\" style=\"padding-left:var(--wp--preset--spacing--56)\">\n<p class=\"has-text-align-center\">Sinapi se fund\u00f3 en 2015 con la firme convicci\u00f3n de que si trabajamos mano a mano con nuestros clientes podr\u00edamos garantizar su \u00e9xito y, tambi\u00e9n, conseguir\u00edamos crecer. Nuestra misi\u00f3n es ofrecer soluciones preparadas a medida que ayuden a nuestros clientes a llegar a todo el mundo de forma exitosa y eficaz. Y, en el proceso, nos proponemos tratar a nuestra gente, a vuestros clientes, a la calidad de nuestro servicio y al \u00e9xito de tu negocio como si nuestra empresa dependiera de ello. Porque es as\u00ed.<\/p>\n\n\n\n<p class=\"has-text-align-center\">En cada servicio prestado, pretendemos ser un socio estrat\u00e9gico, centr\u00e1ndonos en ofrecer soluciones personalizadas para garantizar la consecuci\u00f3n de vuestros objetivos. Os ayudaremos a pensar en grande, para que pod\u00e1is dar prioridad a vuestro objetivo principal y conseguir unos resultados que causen un impacto. Nuestros ingenieros t\u00e9cnicos y de localizaci\u00f3n certificados os ayudar\u00e1n durante todo el proceso de globalizaci\u00f3n. Nuestro equipo est\u00e1 capacitado para ayudaros a desarrollar, instalar, integrar e implementar diversas herramientas y sistemas de software, siempre que lo necesit\u00e9is.<\/p>\n\n\n\n<p class=\"has-text-align-center\">El equipo de localizaci\u00f3n puede ofrecer soluciones inteligentes, eficaces y de alta calidad para la localizaci\u00f3n, la autoedici\u00f3n y la gesti\u00f3n de proyectos, con el fin de garantizar que el mensaje de vuestra marca llegue alto y claro.<\/p>\n\n\n\n<p class=\"has-text-align-center\">En el \u00e1rea del marketing digital, gestionamos complejas estrategias de marketing omnicanal, creando una experiencia de marca hol\u00edstica que pone a los clientes en primer plano. Os ayudaremos a sacarle el m\u00e1ximo partido a vuestra inversi\u00f3n en MarTech y os ayudaremos tanto con la captaci\u00f3n de posibles clientes como con el fomento de vuestras relaciones con los clientes.<\/p>\n\n\n\n<p class=\"has-text-align-center\">Sinapi es una de las pocas empresas de servicios que ha obtenido la certificaci\u00f3n B Corp, una muestra m\u00e1s de nuestro compromiso con las estrictas normas de responsabilidad social y medioambiental. Este logro subraya nuestra misi\u00f3n de aprovechar la tecnolog\u00eda para mejorar la sociedad, centr\u00e1ndonos firmemente en abordar retos como el cambio clim\u00e1tico y la desigualdad social.<br><br><strong>Ubicaciones<\/strong><\/p>\n\n\n\n<p class=\"has-text-align-center\">Estados Unidos, Argentina<\/p>\n\n\n\n<div style=\"height:19px\" aria-hidden=\"true\" class=\"wp-block-spacer\"><\/div>\n\n\n\n<div class=\"wp-block-buttons is-content-justification-center is-layout-flex wp-container-core-buttons-is-layout-a89b3969 wp-block-buttons-is-layout-flex\">\n<div class=\"wp-block-button\"><a class=\"wp-block-button__link wp-element-button\" href=\"https:\/\/phrase.com\/es\/demo\/\" target=\"_blank\" rel=\"noreferrer noopener\">Ponte en contacto<\/a><\/div>\n\n\n\n<div class=\"wp-block-button is-style-black-outline\"><a class=\"wp-block-button__link has-text-align-center wp-element-button\" href=\"https:\/\/www.thesinapiteam.com\/\" target=\"_blank\" rel=\"noreferrer noopener\">Visita el sitio web<\/a><\/div>\n<\/div>\n<\/div>\n<\/div>\n\n\n\n<div class=\"wp-block-columns alignwide are-vertically-aligned-center is-style-default is-layout-flex wp-container-core-columns-is-layout-28f84493 wp-block-columns-is-layout-flex\">\n<div class=\"wp-block-column is-vertically-aligned-center is-layout-flow wp-container-core-column-is-layout-6220b9e6 wp-block-column-is-layout-flow\" style=\"flex-basis:100%\">\n<h2 class=\"wp-block-heading has-text-align-center has-extra-large-font-size\" id=\"h-services-offered\"><strong>Servicios ofrecidos<\/strong><\/h2>\n\n\n\n<div style=\"height:10px\" aria-hidden=\"true\" class=\"wp-block-spacer\"><\/div>\n\n\n\n<div class=\"wp-block-group is-content-justification-center is-nowrap is-layout-flex wp-container-core-group-is-layout-a68142b0 wp-block-group-is-layout-flex\">\n<div class=\"wp-block-group is-vertical is-layout-flex wp-container-core-group-is-layout-d572cf77 wp-block-group-is-layout-flex\">\n<p>Asistencia t\u00e9cnica:<\/p>\n\n\n\n<ul class=\"wp-block-list\">\n<li>Expertos de Jira<\/li>\n\n\n\n<li>Automatizaci\u00f3n<\/li>\n\n\n\n<li>Sharepoint<\/li>\n\n\n\n<li>Windows Server<\/li>\n\n\n\n<li>Desarrollo de aplicaciones<\/li>\n\n\n\n<li>Gesti\u00f3n de traducciones<\/li>\n\n\n\n<li>Socio de expansi\u00f3n<\/li>\n\n\n\n<li>Administradores del sistema<\/li>\n\n\n\n<li>Soluciones de integraci\u00f3n<\/li>\n<\/ul>\n<\/div>\n\n\n\n<div class=\"wp-block-group is-vertical is-layout-flex wp-container-core-group-is-layout-d572cf77 wp-block-group-is-layout-flex\">\n<p>Localizaci\u00f3n:<\/p>\n\n\n\n<ul class=\"wp-block-list\">\n<li>Soluciones de localizaci\u00f3n<\/li>\n\n\n\n<li>Traducci\u00f3n<\/li>\n\n\n\n<li>Revisi\u00f3n<\/li>\n\n\n\n<li>DTP<\/li>\n\n\n\n<li>Gesti\u00f3n de proyectos<\/li>\n\n\n\n<li>Socio de localizaci\u00f3n<\/li>\n\n\n\n<li>Garant\u00eda de calidad<\/li>\n<\/ul>\n<\/div>\n\n\n\n<div class=\"wp-block-group is-vertical is-layout-flex wp-container-core-group-is-layout-d572cf77 wp-block-group-is-layout-flex\">\n<p>Marketing digital:<\/p>\n\n\n\n<ul class=\"wp-block-list\">\n<li>Automatizaci\u00f3n del marketing<\/li>\n\n\n\n<li>Gesti\u00f3n de activos digitales<\/li>\n\n\n\n<li>Campa\u00f1as de correo electr\u00f3nico<\/li>\n\n\n\n<li>Impulso de las conversiones<\/li>\n\n\n\n<li>Aumento del rendimiento de las inversiones<\/li>\n\n\n\n<li>Desarrollo web<\/li>\n\n\n\n<li>An\u00e1lisis de datos<\/li>\n\n\n\n<li>Adobe Marketo<\/li>\n\n\n\n<li>Adobe Analytics<\/li>\n\n\n\n<li>HubSpot<\/li>\n\n\n\n<li>Salesforce<\/li>\n<\/ul>\n<\/div>\n<\/div>\n\n\n\n<h2 class=\"wp-block-heading has-text-align-center has-extra-large-font-size\" id=\"h-credentials\"><strong>Credenciales<\/strong><\/h2>\n\n\n\n<ul class=\"wp-block-list\">\n<li>ISO 9001:2015<\/li>\n\n\n\n<li>ISO 17100:2015<\/li>\n\n\n\n<li>Certificado GPTW (Great Place To Work)<\/li>\n\n\n\n<li>Certificado B Corp<\/li>\n<\/ul>\n<\/div>\n<\/div>\n\n\n\n<div style=\"height:20px\" aria-hidden=\"true\" class=\"wp-block-spacer\"><\/div>\n\n\n\n<div class=\"wp-block-group alignwide has-yellow-background-color has-background has-global-padding is-layout-constrained wp-block-group-is-layout-constrained\" style=\"margin-top:var(--wp--preset--spacing--56)\">\n<div class=\"wp-block-group is-vertical is-content-justification-center is-layout-flex wp-container-core-group-is-layout-ce155fab wp-block-group-is-layout-flex\">\n<h2 class=\"wp-block-heading has-text-align-center\" id=\"h-discover-more-partners\">Descubre m\u00e1s socios<\/h2>\n\n\n\n<p class=\"has-text-align-center\">Colaboramos con empresas tecnol\u00f3gicas l\u00edderes para asegurarnos de que tu equipo saque<br>el m\u00e1ximo partido a Phrase cada d\u00eda.<\/p>\n<\/div>\n\n\n\n<div class=\"wp-block-buttons is-content-justification-center is-layout-flex wp-container-core-buttons-is-layout-a89b3969 wp-block-buttons-is-layout-flex\">\n<div class=\"wp-block-button\"><a class=\"wp-block-button__link wp-element-button\" href=\"https:\/\/phrase.com\/es\/partners\/\" target=\"_blank\" rel=\"noreferrer noopener\">Programa de Phrase para socios<\/a><\/div>\n\n\n\n<div class=\"wp-block-button is-style-black-outline\"><a class=\"wp-block-button__link wp-element-button\" href=\"https:\/\/phrase.com\/partner-referrals\/\" target=\"_blank\" rel=\"noreferrer noopener\">Programa de referencias de socios<\/a><\/div>\n<\/div>\n<\/div>\n\n","protected":false},"excerpt":{"rendered":"<p>SOCIO DE PHRASE Somos diferentes para que tu marca destaque. thesinapiteam.com Sinapi se fund\u00f3 en 2015 con la firme convicci\u00f3n de que si trabajamos mano a mano con nuestros clientes podr\u00edamos garantizar su \u00e9xito y, tambi\u00e9n, conseguir\u00edamos crecer. Nuestra misi\u00f3n es ofrecer soluciones preparadas a medida que ayuden a nuestros clientes a llegar a todo [&hellip;]<\/p>\n","protected":false},"author":77,"featured_media":0,"parent":57530,"menu_order":1,"comment_status":"closed","ping_status":"closed","template":"page-refresh","meta":{"_acf_changed":false,"_stopmodifiedupdate":false,"_modified_date":"","_searchwp_excluded":"","episode_type":"","audio_file":"","podmotor_file_id":"","podmotor_episode_id":"","cover_image":"","cover_image_id":"","duration":"","filesize":"","filesize_raw":"","date_recorded":"","explicit":"","block":"","itunes_episode_number":"","itunes_title":"","itunes_season_number":"","itunes_episode_type":"","footnotes":""},"class_list":["post-98081","page","type-page","status-publish","hentry"],"acf":[],"_links":{"self":[{"href":"https:\/\/phrase.com\/es\/wp-json\/wp\/v2\/pages\/98081","targetHints":{"allow":["GET"]}}],"collection":[{"href":"https:\/\/phrase.com\/es\/wp-json\/wp\/v2\/pages"}],"about":[{"href":"https:\/\/phrase.com\/es\/wp-json\/wp\/v2\/types\/page"}],"author":[{"embeddable":true,"href":"https:\/\/phrase.com\/es\/wp-json\/wp\/v2\/users\/77"}],"replies":[{"embeddable":true,"href":"https:\/\/phrase.com\/es\/wp-json\/wp\/v2\/comments?post=98081"}],"version-history":[{"count":5,"href":"https:\/\/phrase.com\/es\/wp-json\/wp\/v2\/pages\/98081\/revisions"}],"predecessor-version":[{"id":137803,"href":"https:\/\/phrase.com\/es\/wp-json\/wp\/v2\/pages\/98081\/revisions\/137803"}],"up":[{"embeddable":true,"href":"https:\/\/phrase.com\/es\/wp-json\/wp\/v2\/pages\/57530"}],"wp:attachment":[{"href":"https:\/\/phrase.com\/es\/wp-json\/wp\/v2\/media?parent=98081"}],"curies":[{"name":"wp","href":"https:\/\/api.w.org\/{rel}","templated":true}]}}