{"id":100032,"date":"2025-02-05T10:56:04","date_gmt":"2025-02-05T09:56:04","guid":{"rendered":"https:\/\/phrase.com\/notre-politique-de-responsabilite-sociale-et-environnementale\/"},"modified":"2025-10-06T11:00:26","modified_gmt":"2025-10-06T09:00:26","slug":"environmental-and-social-sustainability-statement","status":"publish","type":"page","link":"https:\/\/phrase.com\/fr\/about\/environmental-and-social-sustainability-statement\/","title":{"rendered":"Notre politique de responsabilit\u00e9 sociale et environnementale"},"content":{"rendered":"\n<div class=\"wp-block-group alignwide is-style-header-hero has-white-color has-white-background-color has-text-color has-background has-link-color has-background-images wp-elements-59e34e0004161c66fbbb32d77bbbc29e is-layout-flow wp-block-group-is-layout-flow\" style=\"padding-top:var(--wp--preset--spacing--110);padding-bottom:var(--wp--preset--spacing--110);background-image:url(https:\/\/phrase.com\/wp-content\/uploads\/2025\/07\/phrase-header-green.jpg.webp);background-position:0% 100%;background-attachment:scroll;background-repeat:no-repeat;background-size:cover\">\n<div class=\"wp-block-group has-global-padding is-content-justification-left is-layout-constrained wp-container-core-group-is-layout-4513c74a wp-block-group-is-layout-constrained\"><div class=\"yoast-breadcrumbs\"><span><span><a href=\"https:\/\/phrase.com\/fr\/\">Home<\/a><\/span> | <span><a href=\"https:\/\/phrase.com\/fr\/about\/\">Qui sommes-nous\u00a0?<\/a><\/span> | <span class=\"breadcrumb_last\" aria-current=\"page\">Notre politique de responsabilit\u00e9 sociale et environnementale<\/span><\/span><\/div>\n\n\n<h2 class=\"wp-block-heading has-text-align-left has-gigantic-font-size\" id=\"h-phrase-environmental-amp-social-sustainability-statement-0\" style=\"font-style:normal;font-weight:400\">Responsabilit\u00e9 sociale <br>et responsabilit\u00e9\u00a0: <br>Phrase s&rsquo;engage<\/h2>\n<\/div>\n<\/div>\n\n\n\n<div class=\"wp-block-group alignwide has-global-padding is-layout-constrained wp-block-group-is-layout-constrained\">\n<h3 class=\"wp-block-heading alignwide has-text-align-center\" id=\"h-social-sustainability\"><strong>Responsabilit\u00e9 sociale<\/strong><\/h3>\n\n\n\n<p>Chez Phrase, la responsabilit\u00e9 sociale est au c\u0153ur de notre engagement \u00e0 cr\u00e9er un impact positif au sein de l&rsquo;entreprise et pour la communaut\u00e9 plus largement.\u00a0<\/p>\n\n\n\n<p>Lors de deux <strong>journ\u00e9es de solidarit\u00e9<\/strong> par an, nous encourageons nos employ\u00e9s \u00e0 se consacrer \u00e0 des projets de volontariat, des actions de soutien aux communaut\u00e9s locales ou des initiatives \u00e0 impact social.\u00a0<\/p>\n\n\n\n<p>Nous promouvons activement la diversit\u00e9, l&rsquo;\u00e9quit\u00e9 et l&rsquo;inclusion par le biais d&rsquo;un <strong>groupe ressource d\u00e9di\u00e9<\/strong>, qui m\u00e8ne des actions de sensibilisation, encourage une culture inclusive et soutient les initiatives en faveur de la diversit\u00e9 et de l&rsquo;accessibilit\u00e9 pour tous.\u00a0<\/p>\n\n\n\n<p>Le bien-\u00eatre de nos employ\u00e9s est une priorit\u00e9. Nous mettons en \u0153uvre une s\u00e9rie d&rsquo;initiatives pour leur <strong>sant\u00e9 physique et mentale<\/strong>, incluant notamment l&rsquo;acc\u00e8s \u00e0 un dispositif d&rsquo;aide et de soutien.\u00a0<\/p>\n\n\n\n<p>Notre programme de d\u00e9veloppement <strong>EmpowerHER<\/strong> est sp\u00e9cifiquement con\u00e7u pour soutenir et accompagner les femmes dans leurs fonctions manag\u00e9riales, afin de promouvoir l&rsquo;\u00e9galit\u00e9 de genre et les aider \u00e0 progresser dans leur carri\u00e8re.\u00a0<\/p>\n\n\n\n<p>Par ces actions, nous mettons la responsabilit\u00e9 sociale au c\u0153ur de notre culture, afin que les personnes travaillant chez Phrase puissent s&rsquo;\u00e9panouir, se sentir soutenues et contribuer \u00e0 rendre la soci\u00e9t\u00e9 meilleure.<\/p>\n<\/div>\n\n\n\n<div class=\"wp-block-group alignwide has-global-padding is-layout-constrained wp-block-group-is-layout-constrained\">\n<h3 class=\"wp-block-heading alignwide has-text-align-center\" id=\"h-environmental-sustainability\"><strong>Responsabilit\u00e9 environnementale<\/strong><\/h3>\n\n\n\n<p>Chez Phrase, nous sommes engag\u00e9s dans le d\u00e9veloppement d&rsquo;op\u00e9rations responsables et align\u00e9es sur les objectifs globaux de d\u00e9carbonation, notamment l&rsquo;accord de Paris visant \u00e0 limiter le r\u00e9chauffement climatique \u00e0 1,5\u00b0C. Reconnaissant notre responsabilit\u00e9 \u00e0 r\u00e9duire notre impact sur l&rsquo;environnement dans tous les aspects de notre activit\u00e9, nous avons adopt\u00e9 les objectifs suivants\u00a0:<\/p>\n<\/div>\n\n\n\n<div class=\"wp-block-group has-global-padding is-layout-constrained wp-block-group-is-layout-constrained\">\n<h4 class=\"wp-block-heading\" id=\"h-scope-1-direct-emissions\"><strong>Scope\u00a01\u00a0: \u00c9missions directes<\/strong><\/h4>\n\n\n\n<ul class=\"wp-block-list wp-block-list\">\n<li><strong>\u00c9missions op\u00e9rationnelles<\/strong>\u00a0: En tant que fournisseur de solutions SaaS, nos \u00e9missions directes sont r\u00e9duites. Notre objectif est de maintenir notre empreinte carbone \u00e0 ce niveau, tout en \u00e9tudiant des mesures de r\u00e9duction suppl\u00e9mentaires.<\/li>\n\n\n\n<li><strong>Promotion de l&rsquo;efficacit\u00e9 digitale<\/strong>\u00a0: Nous mettons en \u0153uvre une approche d\u00e9mat\u00e9rialis\u00e9e et nous utilisons des documents \u00e9lectroniques pour 99\u00a0% de nos communications internes et externes.<\/li>\n\n\n\n<li><strong>Utilisation de v\u00e9hicules \u00e9lectriques<\/strong>\u00a0: Nous disposons d&rsquo;un petit parc automobile compos\u00e9 exclusivement de v\u00e9hicules enti\u00e8rement \u00e9lectriques, ce qui garantit que le transport sponsoris\u00e9 par l&rsquo;entreprise ne g\u00e9n\u00e8re aucune \u00e9mission directe.<\/li>\n<\/ul>\n<\/div>\n\n\n\n<div class=\"wp-block-group has-global-padding is-layout-constrained wp-block-group-is-layout-constrained\">\n<h4 class=\"wp-block-heading\" id=\"h-scope-2-indirect-emissions-from-purchased-energy\"><strong><strong>Scope\u00a02\u00a0: \u00c9missions indirectes provenant de l&rsquo;\u00e9nergie achet\u00e9e<\/strong><\/strong><\/h4>\n\n\n\n<ul class=\"wp-block-list wp-block-list\">\n<li><strong>Des bureaux durables<\/strong>\u00a0: Notre bureau de Prague est situ\u00e9 dans le <a href=\"https:\/\/www.floweast.com\/portfolio\/vn-47\/\">Flow Building<\/a>, le premier b\u00e2timent en R\u00e9publique tch\u00e8que \u00e0 avoir obtenu la certification BREEAM, la certification la plus exigeante en mati\u00e8re de normes environnementales. En outre, nous \u00e9tudions la possibilit\u00e9 de changer de fournisseur d&rsquo;\u00e9nergie pour notre bureau de Hambourg afin de passer \u00e0 une \u00e9lectricit\u00e9 100\u00a0% durable en 2025.<\/li>\n\n\n\n<li><strong>Des h\u00e9bergeurs et des partenaires technologiques cl\u00e9s verts<\/strong>\u00a0:<\/li>\n<\/ul>\n\n\n\n<p>Nous collaborons activement avec des fournisseurs de technologies de premier plan qui poursuivent des objectifs ambitieux de durabilit\u00e9 et sont engag\u00e9s dans des d\u00e9marches de certification. Notamment\u00a0:<\/p>\n\n\n\n<ul class=\"wp-block-list wp-block-list\">\n<li><strong>AWS<\/strong>\u00a0: S&rsquo;est engag\u00e9 \u00e0 s&rsquo;approvisionner en \u00e9nergie 100\u00a0% renouvelable d&rsquo;ici 2025 (<a href=\"https:\/\/aws.amazon.com\/sustainability\/\">Le d\u00e9veloppement durable chez AWS<\/a>).<\/li>\n\n\n\n<li><strong>OpenAI<\/strong>\u00a0: Est engag\u00e9 pour le d\u00e9veloppement d&rsquo;une IA responsable et a fait de la durabilit\u00e9 l&rsquo;une de ses priorit\u00e9s (<a href=\"https:\/\/openai.com\/\">OpenAI et la responsabilit\u00e9 environnementale<\/a>).<\/li>\n\n\n\n<li><strong>Google<\/strong>\u00a0: A atteint la neutralit\u00e9 carbone depuis 2007 et s&rsquo;est donn\u00e9 comme objectif de s&rsquo;approvisionner en \u00e9nergie sans carbone 24h\/24, 7j\/7 d&rsquo;ici 2030 (<a href=\"https:\/\/sustainability.google\/\">Google et le d\u00e9veloppement durable<\/a>).<\/li>\n\n\n\n<li><strong>Snowflake<\/strong>\u00a0: Agit pour des op\u00e9rations cloud neutres en carbones (<a href=\"https:\/\/www.snowflake.com\/en\/company\/overview\/sustainability-at-snowflake\/\">Snowflake et le d\u00e9veloppement durable<\/a>).<\/li>\n\n\n\n<li><strong>HubSpot<\/strong>\u00a0: Est engag\u00e9 en faveur de la guidance de l&rsquo;environnement dans ses op\u00e9rations (<a href=\"https:\/\/www.hubspot.com\/sustainability\">Hubspot et le d\u00e9veloppement durable<\/a>).<\/li>\n\n\n\n<li><strong>Salesforce<\/strong>\u00a0: S&rsquo;est fix\u00e9 comme objectif z\u00e9ro \u00e9mission nette pour ses op\u00e9rations et sa cha\u00eene de valeur (<a href=\"https:\/\/www.salesforce.com\/company\/sustainability\/\">Salesforce et le d\u00e9veloppement durable<\/a>).<\/li>\n\n\n\n<li><strong>Mixpanel<\/strong>\u00a0: Encourage des pratiques d&rsquo;infrastructure responsables (<a href=\"https:\/\/mixpanel.com\/\">Objectifs environnementaux de Mixpanel<\/a>).<\/li>\n\n\n\n<li><strong>Datadog<\/strong>\u00a0: Agit pour r\u00e9duire l&rsquo;impact de son infrastructure cloud (<a href=\"https:\/\/www.datadoghq.com\/\">Datadog et le d\u00e9veloppement durable<\/a>).<\/li>\n<\/ul>\n\n\n\n<p>Gr\u00e2ce \u00e0 ces partenariats, notre pile technologique est align\u00e9e sur notre engagement \u00e0 r\u00e9duire notre impact environnemental.<\/p>\n<\/div>\n\n\n\n<div class=\"wp-block-group has-global-padding is-layout-constrained wp-block-group-is-layout-constrained\">\n<h4 class=\"wp-block-heading\" id=\"h-scope-3-indirect-emissions-across-the-value-chain\"><strong><strong><strong>Scope\u00a03\u00a0: \u00c9missions indirectes li\u00e9es \u00e0 la cha\u00eene de valeur<\/strong><\/strong><\/strong><\/h4>\n\n\n\n<ul class=\"wp-block-list wp-block-list\">\n<li><strong>Voyages et d\u00e9placements<\/strong>\u00a0:\n<ul class=\"wp-block-list wp-block-list\">\n<li>Nous avons r\u00e9duit les voyages professionnels en encourageant la visioconf\u00e9rence et en privil\u00e9giant les r\u00e9unions virtuelles.<\/li>\n\n\n\n<li>Afin de soutenir nos employ\u00e9s souhaitant r\u00e9duire leur impact environnemental, nous leur donnons acc\u00e8s \u00e0 des programmes encourageant l&rsquo;utilisation du v\u00e9lo pour se rendre au travail lorsque c&rsquo;est possible.<\/li>\n<\/ul>\n<\/li>\n\n\n\n<li><strong>Projets de reforestation<\/strong>\u00a0: Pour chaque employ\u00e9 que nous recrutons, nous plantons un arbre dans le cadre de notre programme de plantation via une plateforme ayant obtenu la certification B Corp. \u00c0 ce jour, nous avons plant\u00e9 plus de 300\u00a0arbres et nous nous sommes engag\u00e9s \u00e0 en planter 300 de plus, renfor\u00e7ant notre contribution aux efforts mondiaux de compensation du carbone.<\/li>\n<\/ul>\n<\/div>\n\n\n\n<div class=\"wp-block-group alignwide has-global-padding is-layout-constrained wp-block-group-is-layout-constrained\">\n<h3 class=\"wp-block-heading alignwide has-text-align-center\" id=\"h-our-commitment-to-sustainability\"><strong>Notre engagement en faveur du d\u00e9veloppement durable<\/strong><\/h3>\n\n\n\n<p>Ces politiques refl\u00e8tent notre engagement fort pour la durabilit\u00e9 de nos op\u00e9rations et nous comptons encore accentuer nos efforts \u00e0 l&rsquo;avenir. Nos actions portent principalement sur la r\u00e9duction les d\u00e9placements inutiles, la transition vers une \u00e9nergie renouvelable et l&rsquo;accompagnement de nos employ\u00e9s dans l&rsquo;adoption de bonnes pratiques.<\/p>\n\n\n\n<p>Nous allons continuer \u00e0 explorer d&rsquo;autres partenariats, certifications et objectifs afin que Phrase int\u00e8gre le d\u00e9veloppement durable dans ses op\u00e9rations quotidiennes et contribue de mani\u00e8re significative \u00e0 la lutte contre le changement climatique.<\/p>\n<\/div>\n\n","protected":false},"excerpt":{"rendered":"<p>Responsabilit\u00e9 sociale et responsabilit\u00e9\u00a0: Phrase s&rsquo;engage Responsabilit\u00e9 sociale Chez Phrase, la responsabilit\u00e9 sociale est au c\u0153ur de notre engagement \u00e0 cr\u00e9er un impact positif au sein de l&rsquo;entreprise et pour la communaut\u00e9 plus largement.\u00a0 Lors de deux journ\u00e9es de solidarit\u00e9 par an, nous encourageons nos employ\u00e9s \u00e0 se consacrer \u00e0 des projets de volontariat, des [&hellip;]<\/p>\n","protected":false},"author":77,"featured_media":7474,"parent":28578,"menu_order":0,"comment_status":"closed","ping_status":"closed","template":"page-refresh","meta":{"_acf_changed":false,"_stopmodifiedupdate":false,"_modified_date":"","_searchwp_excluded":"","episode_type":"","audio_file":"","podmotor_file_id":"","podmotor_episode_id":"","cover_image":"","cover_image_id":"","duration":"","filesize":"","filesize_raw":"","date_recorded":"","explicit":"","block":"","itunes_episode_number":"","itunes_title":"","itunes_season_number":"","itunes_episode_type":"","footnotes":""},"class_list":["post-100032","page","type-page","status-publish","has-post-thumbnail","hentry"],"acf":[],"_links":{"self":[{"href":"https:\/\/phrase.com\/fr\/wp-json\/wp\/v2\/pages\/100032","targetHints":{"allow":["GET"]}}],"collection":[{"href":"https:\/\/phrase.com\/fr\/wp-json\/wp\/v2\/pages"}],"about":[{"href":"https:\/\/phrase.com\/fr\/wp-json\/wp\/v2\/types\/page"}],"author":[{"embeddable":true,"href":"https:\/\/phrase.com\/fr\/wp-json\/wp\/v2\/users\/77"}],"replies":[{"embeddable":true,"href":"https:\/\/phrase.com\/fr\/wp-json\/wp\/v2\/comments?post=100032"}],"version-history":[{"count":4,"href":"https:\/\/phrase.com\/fr\/wp-json\/wp\/v2\/pages\/100032\/revisions"}],"predecessor-version":[{"id":122657,"href":"https:\/\/phrase.com\/fr\/wp-json\/wp\/v2\/pages\/100032\/revisions\/122657"}],"up":[{"embeddable":true,"href":"https:\/\/phrase.com\/fr\/wp-json\/wp\/v2\/pages\/28578"}],"wp:featuredmedia":[{"embeddable":true,"href":"https:\/\/phrase.com\/fr\/wp-json\/wp\/v2\/media\/7474"}],"wp:attachment":[{"href":"https:\/\/phrase.com\/fr\/wp-json\/wp\/v2\/media?parent=100032"}],"curies":[{"name":"wp","href":"https:\/\/api.w.org\/{rel}","templated":true}]}}