{"id":100454,"date":"2022-12-02T18:43:58","date_gmt":"2022-12-02T17:43:58","guid":{"rendered":"https:\/\/phrase.com\/partenaires-de-distribution\/"},"modified":"2025-10-30T10:46:30","modified_gmt":"2025-10-30T09:46:30","slug":"channel","status":"publish","type":"page","link":"https:\/\/phrase.com\/fr\/partners\/channel\/","title":{"rendered":"Partenaires de distribution"},"content":{"rendered":"\n<div class=\"wp-block-group alignwide is-style-header-hero has-white-color has-white-background-color has-text-color has-background has-link-color has-background-images wp-elements-d8bd2de28956de46e393e0ba667b3447 is-layout-flow wp-block-group-is-layout-flow\" style=\"padding-bottom:0;background-image:url(https:\/\/phrase.com\/wp-content\/uploads\/2025\/05\/Solutions-partners-banner.jpg.webp);background-position:0% 0%;background-attachment:scroll;background-repeat:no-repeat;background-size:cover\">\n<div class=\"wp-block-columns is-layout-flex wp-container-core-columns-is-layout-28f84493 wp-block-columns-is-layout-flex\">\n<div class=\"wp-block-column is-layout-flow wp-block-column-is-layout-flow\"><div class=\"yoast-breadcrumbs\"><span><span><a href=\"https:\/\/phrase.com\/fr\/\">Home<\/a><\/span> | <span><a href=\"https:\/\/phrase.com\/fr\/partners\/\">Programme de partenariat Phrase<\/a><\/span> | <span class=\"breadcrumb_last\" aria-current=\"page\">Partenaires de distribution<\/span><\/span><\/div>\n\n\n<h1 class=\"wp-block-heading has-white-color has-text-color has-link-color wp-elements-c06b770f3425da6548095b57559e6201\" id=\"h-partenaires-de-solutions\">Partenaires de solutions<\/h1>\n\n\n\n<p class=\"has-white-color has-text-color has-link-color wp-elements-349001250ebcef2e547bdf058e7b54c5\"><br>Nous nous associons \u00e0 des int\u00e9grateurs, agences et consultants de confiance pour <br>livrer des solutions de localisation sur mesure, que vous ayez besoin <br>d&rsquo;int\u00e9grations personnalis\u00e9es ou de conseils strat\u00e9giques.<\/p>\n\n\n\n<div class=\"wp-block-buttons is-content-justification-left is-layout-flex wp-container-core-buttons-is-layout-fc4fd283 wp-block-buttons-is-layout-flex\">\n<div class=\"wp-block-button is-style-phrase-green-filled\"><a class=\"wp-block-button__link has-text-align-left wp-element-button\">R\u00e9server une d\u00e9mo<\/a><\/div>\n\n\n\n<div class=\"wp-block-button is-style-white-outline\"><a class=\"wp-block-button__link wp-element-button\" href=\"https:\/\/phrase.com\/fr\/contact\/\">Nous contacter<\/a><\/div>\n<\/div>\n\n\n\n<p><br><\/p>\n<\/div>\n<\/div>\n<\/div>\n\n\n\n<h2 class=\"wp-block-heading has-text-align-center\" id=\"h-pourquoi-s-associer-avec-un-partenaire-de-solutions-de-phrase-nbsp\">Pourquoi s&rsquo;associer avec un partenaire de solutions de Phrase&nbsp;?<\/h2>\n\n\n\n<div class=\"wp-block-group alignfull has-background-images has-global-padding is-layout-constrained wp-container-core-group-is-layout-a3b46bdf wp-block-group-is-layout-constrained\" style=\"margin-top:var(--wp--preset--spacing--10);margin-bottom:var(--wp--preset--spacing--10);padding-top:var(--wp--preset--spacing--10);padding-right:var(--wp--preset--spacing--70);padding-bottom:var(--wp--preset--spacing--10);padding-left:var(--wp--preset--spacing--70);background-image:url(https:\/\/phrase.com\/wp-content\/uploads\/2024\/03\/svgexport-1-10.svg),url(https:\/\/phrase.com\/wp-content\/uploads\/2024\/03\/svgexport-1-17.svg);background-position:0% 70%,100% 100%;background-attachment:scroll,scroll;background-repeat:no-repeat,no-repeat;background-size:auto,auto\">\n<div class=\"wp-block-group alignwide is-style-feature-grid is-layout-grid wp-container-core-group-is-layout-7f02655c wp-block-group-is-layout-grid\">\n<div class=\"wp-block-group is-vertical is-layout-flex wp-container-core-group-is-layout-fe9cc265 wp-block-group-is-layout-flex\">\n<figure class=\"wp-block-image size-full is-resized\"><img loading=\"lazy\" decoding=\"async\" width=\"252\" height=\"252\" src=\"https:\/\/phrase.com\/wp-content\/uploads\/2025\/05\/Joint-discovery-Icon.png\" alt=\"Ic\u00f4ne d&apos;une loupe sur deux cercles qui se chevauchent, symbolisant la d\u00e9couverte conjointe et l&apos;exploration collaborative.\" class=\"wp-image-105918\" style=\"width:100px\" srcset=\"https:\/\/phrase.com\/wp-content\/uploads\/2025\/05\/Joint-discovery-Icon.png 252w, https:\/\/phrase.com\/wp-content\/uploads\/2025\/05\/Joint-discovery-Icon-150x150.png 150w\" sizes=\"auto, (max-width: 252px) 100vw, 252px\" \/><\/figure>\n\n\n\n<h3 class=\"wp-block-heading has-large-font-size\" id=\"h-joint-discovery-amp-scoping\">D\u00e9couverte et d\u00e9finition du p\u00e9rim\u00e8tre men\u00e9es conjointement<\/h3>\n\n\n\n<p>Strat\u00e9gies de localisation sur mesure bas\u00e9es sur une compr\u00e9hension approfondie de vos besoins sp\u00e9cifiques.<\/p>\n<\/div>\n\n\n\n<div class=\"wp-block-group is-vertical is-layout-flex wp-container-core-group-is-layout-fe9cc265 wp-block-group-is-layout-flex\">\n<figure class=\"wp-block-image size-full is-resized\"><img loading=\"lazy\" decoding=\"async\" width=\"252\" height=\"252\" src=\"https:\/\/phrase.com\/wp-content\/uploads\/2025\/05\/Coordinated-Sales-Process-Icon.png\" alt=\"Ic\u00f4ne montrant deux mains qui se serrent au-dessus d&apos;un engrenage, repr\u00e9sentant un processus de vente coordonn\u00e9 et un alignement de partenariat.\" class=\"wp-image-105900\" style=\"width:100px\" srcset=\"https:\/\/phrase.com\/wp-content\/uploads\/2025\/05\/Coordinated-Sales-Process-Icon.png 252w, https:\/\/phrase.com\/wp-content\/uploads\/2025\/05\/Coordinated-Sales-Process-Icon-150x150.png 150w\" sizes=\"auto, (max-width: 252px) 100vw, 252px\" \/><\/figure>\n\n\n\n<h3 class=\"wp-block-heading has-large-font-size\" id=\"h-coordinated-sales-process\">Processus de vente coordonn\u00e9<\/h3>\n\n\n\n<p>Une exp\u00e9rience homog\u00e8ne et unifi\u00e9e, de la consultation initiale \u00e0 la livraison de la solution.<\/p>\n<\/div>\n\n\n\n<div class=\"wp-block-group is-vertical is-layout-flex wp-container-core-group-is-layout-fe9cc265 wp-block-group-is-layout-flex\">\n<figure class=\"wp-block-image size-full is-resized\"><img loading=\"lazy\" decoding=\"async\" width=\"252\" height=\"252\" src=\"https:\/\/phrase.com\/wp-content\/uploads\/2025\/05\/Co-developed-solutions-Icon.png\" alt=\"Ic\u00f4ne de deux pi\u00e8ces de puzzle s&apos;ins\u00e9rant parfaitement l&apos;une dans l&apos;autre, symbolisant le co-d\u00e9veloppement des solutions et la collaboration.\" class=\"wp-image-105894\" style=\"width:100px\" srcset=\"https:\/\/phrase.com\/wp-content\/uploads\/2025\/05\/Co-developed-solutions-Icon.png 252w, https:\/\/phrase.com\/wp-content\/uploads\/2025\/05\/Co-developed-solutions-Icon-150x150.png 150w\" sizes=\"auto, (max-width: 252px) 100vw, 252px\" \/><\/figure>\n\n\n\n<h3 class=\"wp-block-heading has-large-font-size\" id=\"h-co-developed-solutions\">Solutions co-d\u00e9velopp\u00e9es<\/h3>\n\n\n\n<p>Solutions personnalis\u00e9es con\u00e7ues en collaboration pour r\u00e9pondre \u00e0 vos objectifs commerciaux sp\u00e9cifiques.<\/p>\n<\/div>\n\n\n\n<div class=\"wp-block-group is-vertical is-layout-flex wp-container-core-group-is-layout-fe9cc265 wp-block-group-is-layout-flex\">\n<figure class=\"wp-block-image size-full is-resized\"><img loading=\"lazy\" decoding=\"async\" width=\"252\" height=\"252\" src=\"https:\/\/phrase.com\/wp-content\/uploads\/2025\/05\/Joint-implementation-Onboarding-Icon.png\" alt=\"Ic\u00f4ne de deux roues dent\u00e9es et d&apos;une coche, symbolisant la mise en \u0153uvre conjointe et la collaboration en mati\u00e8re d&apos;int\u00e9gration.\" class=\"wp-image-105906\" style=\"width:100px\" srcset=\"https:\/\/phrase.com\/wp-content\/uploads\/2025\/05\/Joint-implementation-Onboarding-Icon.png 252w, https:\/\/phrase.com\/wp-content\/uploads\/2025\/05\/Joint-implementation-Onboarding-Icon-150x150.png 150w\" sizes=\"auto, (max-width: 252px) 100vw, 252px\" \/><\/figure>\n\n\n\n<h3 class=\"wp-block-heading has-large-font-size\" id=\"h-joint-implementation-amp-onboarding\">Mise en \u0153uvre et int\u00e9gration men\u00e9es conjointement<\/h3>\n\n\n\n<p>Int\u00e9gration fluide et efficace, avec l&rsquo;accompagnement des fournisseurs de technologie et de services.<\/p>\n<\/div>\n\n\n\n<div class=\"wp-block-group is-vertical is-layout-flex wp-container-core-group-is-layout-fe9cc265 wp-block-group-is-layout-flex\">\n<figure class=\"wp-block-image size-full is-resized\"><img loading=\"lazy\" decoding=\"async\" width=\"252\" height=\"252\" src=\"https:\/\/phrase.com\/wp-content\/uploads\/2025\/05\/Joint-Customer-Support-Icon.png\" alt=\"Ic\u00f4ne de deux bulles de dialogue qui se chevauchent avec un engrenage, repr\u00e9sentant le support client conjoint et le service collaboratif\" class=\"wp-image-105912\" style=\"width:100px\" srcset=\"https:\/\/phrase.com\/wp-content\/uploads\/2025\/05\/Joint-Customer-Support-Icon.png 252w, https:\/\/phrase.com\/wp-content\/uploads\/2025\/05\/Joint-Customer-Support-Icon-150x150.png 150w\" sizes=\"auto, (max-width: 252px) 100vw, 252px\" \/><\/figure>\n\n\n\n<h3 class=\"wp-block-heading has-large-font-size\" id=\"h-joint-customer-support\">Assistance client men\u00e9e conjointement<\/h3>\n\n\n\n<p>Assistance globale de la part de Phrase et des partenaires, garantissant une r\u00e9solution rapide des probl\u00e8mes.<\/p>\n<\/div>\n\n\n\n<div class=\"wp-block-group is-vertical is-layout-flex wp-container-core-group-is-layout-fe9cc265 wp-block-group-is-layout-flex\">\n<figure class=\"wp-block-image size-full is-resized\"><img loading=\"lazy\" decoding=\"async\" width=\"252\" height=\"252\" src=\"https:\/\/phrase.com\/wp-content\/uploads\/2025\/05\/Maintenance-Icon.png\" alt=\"Ic\u00f4ne plate d&apos;une cl\u00e9 \u00e0 molette et d&apos;un engrenage repr\u00e9sentant la maintenance ou la configuration du syst\u00e8me.\" class=\"wp-image-105888\" style=\"width:100px\" srcset=\"https:\/\/phrase.com\/wp-content\/uploads\/2025\/05\/Maintenance-Icon.png 252w, https:\/\/phrase.com\/wp-content\/uploads\/2025\/05\/Maintenance-Icon-150x150.png 150w\" sizes=\"auto, (max-width: 252px) 100vw, 252px\" \/><\/figure>\n\n\n\n<h3 class=\"wp-block-heading has-large-font-size\" id=\"h-tm-tb-maintenance\">Maintenance des MT\/BT<\/h3>\n\n\n\n<p>Gestion continue des m\u00e9moires de traduction et des bases terminologiques, garantissant la coh\u00e9rence et la qualit\u00e9 dans le temps.<\/p>\n<\/div>\n<\/div>\n\n\n\n<div class=\"wp-block-buttons is-content-justification-center is-layout-flex wp-container-core-buttons-is-layout-31558199 wp-block-buttons-is-layout-flex\" style=\"margin-top:var(--wp--preset--spacing--70);margin-bottom:var(--wp--preset--spacing--70)\">\n<div class=\"wp-block-button is-style-grey-filled\"><a class=\"wp-block-button__link wp-element-button\" href=\"https:\/\/phrase.com\/fr\/partners\/become-a-partner\/\">Devenez partenaire<\/a><\/div>\n<\/div>\n<\/div>\n\n\n\n\n<h2 class=\"wp-block-heading has-text-align-center\" style=\"margin-top:var(--wp--preset--spacing--110)\">D\u00e9couvrez certains de nos partenaires <a href=\"https:\/\/phrase.com\/fr\/partners\/actum-digital\/\"><\/a><\/h2>\n\n\n\n<div class=\"wp-block-group alignwide is-layout-grid wp-container-core-group-is-layout-8c6ccdf6 wp-block-group-is-layout-grid\">\n<div class=\"wp-block-group is-style-rounded-teaser is-vertical is-layout-flex wp-container-core-group-is-layout-c87b11c6 wp-block-group-is-layout-flex\" style=\"padding-top:var(--wp--preset--spacing--16);padding-right:var(--wp--preset--spacing--16);padding-bottom:var(--wp--preset--spacing--16);padding-left:var(--wp--preset--spacing--16)\">\n<figure class=\"wp-block-image size-full is-resized\"><img loading=\"lazy\" decoding=\"async\" width=\"500\" height=\"500\" src=\"https:\/\/phrase.com\/wp-content\/uploads\/2025\/01\/cropped-the-sinapi-team-logo.png\" alt=\"\" class=\"wp-image-97475\" style=\"object-fit:contain;width:72px;height:72px\" srcset=\"https:\/\/phrase.com\/wp-content\/uploads\/2025\/01\/cropped-the-sinapi-team-logo.png 500w, https:\/\/phrase.com\/wp-content\/uploads\/2025\/01\/cropped-the-sinapi-team-logo-300x300.png 300w, https:\/\/phrase.com\/wp-content\/uploads\/2025\/01\/cropped-the-sinapi-team-logo-150x150.png 150w\" sizes=\"auto, (max-width: 500px) 100vw, 500px\" \/><\/figure>\n\n\n\n<p><strong><a href=\"https:\/\/phrase.com\/fr\/partners\/sinapi\/\">Sinapi<\/a><\/strong><\/p>\n<\/div>\n\n\n\n<div class=\"wp-block-group is-style-rounded-teaser is-vertical is-layout-flex wp-container-core-group-is-layout-fe9cc265 wp-block-group-is-layout-flex\">\n<figure class=\"wp-block-image size-full is-resized\"><img loading=\"lazy\" decoding=\"async\" width=\"373\" height=\"87\" src=\"https:\/\/phrase.com\/wp-content\/uploads\/2023\/04\/Actum_logo.png\" alt=\"ACTUM Digital | Partenaire Phrase\" class=\"wp-image-45398\" style=\"object-fit:contain;width:72px;height:72px\" srcset=\"https:\/\/phrase.com\/wp-content\/uploads\/2023\/04\/Actum_logo.png 373w, https:\/\/phrase.com\/wp-content\/uploads\/2023\/04\/Actum_logo-300x70.png 300w\" sizes=\"auto, (max-width: 373px) 100vw, 373px\" \/><\/figure>\n\n\n\n<p><strong><a href=\"https:\/\/phrase.com\/fr\/partners\/actum-digital\/\">Actum Digital<\/a><\/strong><\/p>\n<\/div>\n\n\n\n<div class=\"wp-block-group is-style-rounded-teaser is-vertical is-layout-flex wp-container-core-group-is-layout-c87b11c6 wp-block-group-is-layout-flex\" style=\"padding-top:var(--wp--preset--spacing--16);padding-right:var(--wp--preset--spacing--16);padding-bottom:var(--wp--preset--spacing--16);padding-left:var(--wp--preset--spacing--16)\">\n<figure class=\"wp-block-image size-full is-resized\"><img loading=\"lazy\" decoding=\"async\" width=\"2717\" height=\"870\" src=\"https:\/\/phrase.com\/wp-content\/uploads\/2023\/08\/TEXTree-CI.png\" alt=\"Logo TEXTree | Phrase\" class=\"wp-image-61165\" style=\"object-fit:contain;width:72px;height:72px\" srcset=\"https:\/\/phrase.com\/wp-content\/uploads\/2023\/08\/TEXTree-CI.png 2717w, https:\/\/phrase.com\/wp-content\/uploads\/2023\/08\/TEXTree-CI-300x96.png 300w, https:\/\/phrase.com\/wp-content\/uploads\/2023\/08\/TEXTree-CI-1024x328.png 1024w, https:\/\/phrase.com\/wp-content\/uploads\/2023\/08\/TEXTree-CI-768x246.png 768w, https:\/\/phrase.com\/wp-content\/uploads\/2023\/08\/TEXTree-CI-1536x492.png 1536w, https:\/\/phrase.com\/wp-content\/uploads\/2023\/08\/TEXTree-CI-2048x656.png 2048w\" sizes=\"auto, (max-width: 2717px) 100vw, 2717px\" \/><\/figure>\n\n\n\n<p><strong><a href=\"https:\/\/phrase.com\/fr\/partners\/textree\/\">TEXTree<\/a><\/strong><\/p>\n<\/div>\n\n\n\n<div class=\"wp-block-group is-style-rounded-teaser is-vertical is-layout-flex wp-container-core-group-is-layout-c87b11c6 wp-block-group-is-layout-flex\" style=\"padding-top:var(--wp--preset--spacing--16);padding-right:var(--wp--preset--spacing--16);padding-bottom:var(--wp--preset--spacing--16);padding-left:var(--wp--preset--spacing--16)\">\n<figure class=\"wp-block-image size-full is-resized\"><img loading=\"lazy\" decoding=\"async\" width=\"278\" height=\"276\" src=\"https:\/\/phrase.com\/wp-content\/uploads\/2025\/06\/PDS_ICO.png\" alt=\"\" class=\"wp-image-108648\" style=\"object-fit:contain;width:72px;height:72px\" srcset=\"https:\/\/phrase.com\/wp-content\/uploads\/2025\/06\/PDS_ICO.png 278w, https:\/\/phrase.com\/wp-content\/uploads\/2025\/06\/PDS_ICO-150x150.png 150w\" sizes=\"auto, (max-width: 278px) 100vw, 278px\" \/><\/figure>\n\n\n\n<p><strong><a href=\"https:\/\/phrase.com\/fr\/partners\/paladini-digital-solutions\/\" target=\"_blank\" rel=\"noreferrer noopener\">Paladini Digital Solutions<\/a><\/strong><\/p>\n<\/div>\n\n\n\n<div class=\"wp-block-group is-style-rounded-teaser is-vertical is-layout-flex wp-container-core-group-is-layout-c87b11c6 wp-block-group-is-layout-flex\" style=\"padding-top:var(--wp--preset--spacing--16);padding-right:var(--wp--preset--spacing--16);padding-bottom:var(--wp--preset--spacing--16);padding-left:var(--wp--preset--spacing--16)\">\n<figure class=\"wp-block-image size-full is-resized\"><img loading=\"lazy\" decoding=\"async\" width=\"298\" height=\"68\" src=\"https:\/\/phrase.com\/wp-content\/uploads\/2025\/08\/LocVerse-Main-Logo-Transparent-bg.svg\" alt=\"Logo principal de LocVerse\" class=\"wp-image-113235\" style=\"aspect-ratio:1;object-fit:contain;width:72px\"\/><\/figure>\n\n\n\n<p><strong><a href=\"https:\/\/phrase.com\/fr\/partners\/locverse\/\" target=\"_blank\" rel=\"noreferrer noopener\">LocVerse<\/a><\/strong><\/p>\n<\/div>\n<\/div>\n\n\n\n<div class=\"wp-block-buttons is-content-justification-center is-layout-flex wp-container-core-buttons-is-layout-ce94c4b5 wp-block-buttons-is-layout-flex\" style=\"margin-top:var(--wp--preset--spacing--45)\">\n<div class=\"wp-block-button is-style-grey-filled\"><a class=\"wp-block-button__link wp-element-button\" href=\"https:\/\/phrase.com\/fr\/integrations\/\">En savoir plus sur notre \u00e9cosyst\u00e8me d&rsquo;int\u00e9grations et de partenaires<\/a><\/div>\n<\/div>\n\n\n\n<div class=\"wp-block-group alignwide has-phrase-green-background-color has-background has-background-images has-global-padding is-content-justification-left is-layout-constrained wp-container-core-group-is-layout-12dd3699 wp-block-group-is-layout-constrained\" style=\"background-image:url(https:\/\/phrase.com\/wp-content\/uploads\/2024\/02\/b73d2cc70754ac3f815cbb0c99a61057-1.jpeg.webp);background-position:0% 0%;background-attachment:scroll;background-repeat:no-repeat;background-size:cover\"><div class=\"glide wp-block-phrase-com-testimonials\"><div class=\"glide__track\" data-glide-el=\"track\"><div class=\"glide__slides\">\t<div class=\"wp-block-phrase-com-testimonial glide__slide\">\n\t\t<div class=\"wp-block-phrase-com-testimonial__text \">\n\t\t\t<p>Phrase est l\u2019un des TMS destin\u00e9s aux linguistes et aux \u00e9quipes de localisation les mieux class\u00e9s au monde, et nous sommes ravis de consolider notre partenariat. Nous sommes fiers des liens professionnels forts que nous avons nou\u00e9s, ainsi que de notre vision commune pour le march\u00e9 de la localisation. Nous avons h\u00e2te d\u2019entamer un nouveau chapitre avec Phrase.<\/p>\n\t\t<\/div>\n\t\t<div class=\"wp-block-phrase-com-testimonial__author\">\n\t\t\t\n\t\t\t<div class=\"wp-block-phrase-com-testimonial__author-info\">\n\t\t\t\t<img loading=\"lazy\" decoding=\"async\" width=\"290\" height=\"139\" src=\"https:\/\/phrase.com\/wp-content\/uploads\/2022\/08\/CaptionHub_Testimonial_Logo.png\" class=\"wp-block-phrase-com-testimonial__author-company-logo\" alt=\"Logo of CaptionHub\" \/>\n\t\t\t\t<p class=\"wp-block-phrase-com-testimonial__author-name\">\n\t\t\t\t\tTom Bridges\t\t\t\t<\/p>\n\n\t\t\t\t<p class=\"wp-block-phrase-com-testimonial__author-title\">\n\t\t\t\t\tPDG\t\t\t\t<\/p>\n\t\t\t<\/div>\n\t\t<\/div>\n\t<\/div>\n\t<\/div><\/div><\/div><\/div>\n\n\n\n<div class=\"wp-block-group alignwide has-yellow-background-color has-background has-global-padding is-layout-constrained wp-block-group-is-layout-constrained\">\n<h2 class=\"wp-block-heading has-text-align-center has-black-color has-text-color has-link-color wp-elements-e22a7a2b665221adbf8d217295261401\" id=\"h-vous-aimeriez-en-savoir-plus-nbsp\">Vous aimeriez en savoir plus&nbsp;?<\/h2>\n\n\n\n<p class=\"has-text-align-center has-black-color has-text-color has-link-color wp-elements-58665a3c4660aed3f92df11f43d341c4\">Contactez-nous pour obtenir toutes les r\u00e9ponses \u00e0 vos questions.<\/p>\n\n\n\n<div class=\"wp-block-buttons is-content-justification-center is-layout-flex wp-container-core-buttons-is-layout-a89b3969 wp-block-buttons-is-layout-flex\">\n<div class=\"wp-block-button is-style-default\"><a class=\"wp-block-button__link wp-element-button\" href=\"https:\/\/phrase.com\/fr\/demo\/\" target=\"_blank\" rel=\"noreferrer noopener\">Demander une d\u00e9mo<\/a><\/div>\n\n\n\n<div class=\"wp-block-button is-style-black-outline\"><a class=\"wp-block-button__link wp-element-button\" href=\"https:\/\/phrase.com\/fr\/general-inquiries\/\">Nous contacter<\/a><\/div>\n<\/div>\n<\/div>\n","protected":false},"excerpt":{"rendered":"<p>Partenaires de solutions Nous nous associons \u00e0 des int\u00e9grateurs, agences et consultants de confiance pour livrer des solutions de localisation sur mesure, que vous ayez besoin d&rsquo;int\u00e9grations personnalis\u00e9es ou de conseils strat\u00e9giques. Pourquoi s&rsquo;associer avec un partenaire de solutions de Phrase&nbsp;? D\u00e9couvrez certains de nos partenaires Sinapi Actum Digital TEXTree Paladini Digital Solutions LocVerse Vous [&hellip;]<\/p>\n","protected":false},"author":4,"featured_media":0,"parent":58156,"menu_order":1,"comment_status":"closed","ping_status":"closed","template":"page-refresh","meta":{"_acf_changed":false,"_stopmodifiedupdate":false,"_modified_date":"","_searchwp_excluded":"","episode_type":"","audio_file":"","podmotor_file_id":"","podmotor_episode_id":"","cover_image":"","cover_image_id":"","duration":"","filesize":"","filesize_raw":"","date_recorded":"","explicit":"","block":"","itunes_episode_number":"","itunes_title":"","itunes_season_number":"","itunes_episode_type":"","footnotes":""},"class_list":["post-100454","page","type-page","status-publish","hentry"],"acf":[],"_links":{"self":[{"href":"https:\/\/phrase.com\/fr\/wp-json\/wp\/v2\/pages\/100454","targetHints":{"allow":["GET"]}}],"collection":[{"href":"https:\/\/phrase.com\/fr\/wp-json\/wp\/v2\/pages"}],"about":[{"href":"https:\/\/phrase.com\/fr\/wp-json\/wp\/v2\/types\/page"}],"author":[{"embeddable":true,"href":"https:\/\/phrase.com\/fr\/wp-json\/wp\/v2\/users\/4"}],"replies":[{"embeddable":true,"href":"https:\/\/phrase.com\/fr\/wp-json\/wp\/v2\/comments?post=100454"}],"version-history":[{"count":24,"href":"https:\/\/phrase.com\/fr\/wp-json\/wp\/v2\/pages\/100454\/revisions"}],"predecessor-version":[{"id":126014,"href":"https:\/\/phrase.com\/fr\/wp-json\/wp\/v2\/pages\/100454\/revisions\/126014"}],"up":[{"embeddable":true,"href":"https:\/\/phrase.com\/fr\/wp-json\/wp\/v2\/pages\/58156"}],"wp:attachment":[{"href":"https:\/\/phrase.com\/fr\/wp-json\/wp\/v2\/media?parent=100454"}],"curies":[{"name":"wp","href":"https:\/\/api.w.org\/{rel}","templated":true}]}}