{"id":100480,"date":"2023-01-04T10:34:00","date_gmt":"2023-01-04T09:34:00","guid":{"rendered":"https:\/\/phrase.com\/travod\/"},"modified":"2025-11-13T23:01:41","modified_gmt":"2025-11-13T22:01:41","slug":"travod","status":"publish","type":"page","link":"https:\/\/phrase.com\/fr\/partners\/travod\/","title":{"rendered":"Travod"},"content":{"rendered":"\n<div class=\"wp-block-group alignfull is-style-copy has-transparent-background-color has-background has-global-padding is-content-justification-center is-layout-constrained wp-block-group-is-layout-constrained\" style=\"padding-top:var(--wp--preset--spacing--45);padding-bottom:var(--wp--preset--spacing--45)\">\n<div class=\"wp-block-group alignwide has-global-padding is-content-justification-center is-layout-constrained wp-container-core-group-is-layout-cefc1864 wp-block-group-is-layout-constrained\" style=\"padding-left:var(--wp--preset--spacing--56)\">\n<div style=\"height:43px\" aria-hidden=\"true\" class=\"wp-block-spacer\"><\/div>\n\n\n\n<p class=\"has-text-align-center has-blue-color has-text-color has-link-color wp-elements-eb4885cd7e3bb80c3e3f818b78424659\">PARTENAIRE DE PHRASE<\/p>\n\n\n\n<figure class=\"wp-block-image aligncenter size-full is-resized is-style-not-rounded\"><img loading=\"lazy\" decoding=\"async\" width=\"1358\" height=\"631\" src=\"https:\/\/phrase.com\/wp-content\/uploads\/2024\/04\/travodlogo.png\" alt=\"Logo Travod | Partenaire de Phrase\" class=\"wp-image-80084\" style=\"width:327px;height:auto\" srcset=\"https:\/\/phrase.com\/wp-content\/uploads\/2024\/04\/travodlogo.png 1358w, https:\/\/phrase.com\/wp-content\/uploads\/2024\/04\/travodlogo-300x139.png 300w, https:\/\/phrase.com\/wp-content\/uploads\/2024\/04\/travodlogo-1024x476.png 1024w, https:\/\/phrase.com\/wp-content\/uploads\/2024\/04\/travodlogo-768x357.png 768w\" sizes=\"auto, (max-width: 1358px) 100vw, 1358px\" \/><\/figure>\n\n\n\n<h3 class=\"wp-block-heading has-text-align-center has-medium-font-size\" id=\"h-multilingual-content-to-grow-your-international-business\" style=\"margin-bottom:var(--wp--preset--spacing--8);font-style:normal;font-weight:400\">Des contenus multilingues pour accro\u00eetre votre activit\u00e9 \u00e0 l\u2019international<\/h3>\n\n\n\n<p class=\"has-text-align-center\"><a href=\"https:\/\/www.acclaro.com\/?utm_campaign=Partner%20Marketing&amp;utm_source=Phrase%20partner%20listing&amp;utm_medium=Main%20link&amp;utm_term=Acclaro\" target=\"_blank\" rel=\"noreferrer noopener\"><\/a><a href=\"https:\/\/www.actumdigital.com\/\"><\/a><a href=\"https:\/\/blog.attachedglobal.com\/en\/attached-partners-with-phrase-to-elevate-enterprise-translation-solutions\"><\/a><a href=\"https:\/\/www.clearlyloc.com\/\" target=\"_blank\" rel=\"noreferrer noopener\"><\/a><a href=\"https:\/\/uptempo-global.com\/\" target=\"_blank\" rel=\"noreferrer noopener\"><\/a><a href=\"http:\/\/www.vistatec.com\/\"><\/a><a href=\"http:\/\/www.travod.com\/\">www.<\/a><a href=\"http:\/\/www.travod.com\/\" target=\"_blank\" rel=\"noreferrer noopener\">travod<\/a><a href=\"http:\/\/www.travod.com\/\">.com<\/a>\u202f<\/p>\n\n\n\n<div style=\"height:60px\" aria-hidden=\"true\" class=\"wp-block-spacer\"><\/div>\n\n\n\n<p class=\"has-text-align-center\" style=\"margin-top:0;margin-bottom:var(--wp--preset--spacing--40)\"><strong><br><\/strong>Parfaitement int\u00e9gr\u00e9 dans votre environnement Phrase, cet alli\u00e9 de vos traductions permet des flux de travaux \u00e9volutifs adapt\u00e9s \u00e0 vos besoins. Imaginez avoir des automatisations Orchestrator, finement r\u00e9gl\u00e9es sur votre flux de contenu, optimisant vos processus sans effort.<br><br>Avec un engagement pour des traductions de haute qualit\u00e9 et des livraisons ponctuelles, l&rsquo;efficacit\u00e9 devient une seconde nature. Chez Travod, l&rsquo;expertise d\u00e9passe les fronti\u00e8res conventionnelles, pour une localisation de contenu transformative. Les services \u00e0 la demande vous connectent strat\u00e9giquement avec des traducteurs professionnels et des entreprises, pour une meilleure optimisation des d\u00e9lais et les co\u00fbts.<br><br>Gagnez en efficacit\u00e9 et r\u00e9duisez les d\u00e9lais de vos projets gr\u00e2ce aux solutions d&rsquo;automatisation et au r\u00e9seau de ressources de Travod. Oubliez les contrats \u00e0 dur\u00e9e fixe\u00a0; payez exclusivement pour le contenu traduit. Vous b\u00e9n\u00e9ficiez d&rsquo;un maximum de flexibilit\u00e9 sans contraintes. Dans le paysage de la traduction et de la localisation, Travod se positionne comme un partenaire fiable pour les professionnels de l&rsquo;informatique. Offrant une int\u00e9gration fluide des flux de travaux, des traductions de premier ordre et des solutions adaptables, Travod ne fournit pas seulement un service. C&rsquo;est votre collaborateur pour atteindre l&rsquo;excellence linguistique.<\/p>\n\n\n\n<p class=\"has-text-align-center\"><strong>Localisation<br><\/strong><br>Royaume-Uni, Allemagne, Roumanie, Moldavie<\/p>\n\n\n\n<div style=\"height:19px\" aria-hidden=\"true\" class=\"wp-block-spacer\"><\/div>\n\n\n\n<div class=\"wp-block-buttons is-content-justification-center is-layout-flex wp-container-core-buttons-is-layout-a89b3969 wp-block-buttons-is-layout-flex\">\n<div class=\"wp-block-button\"><a class=\"wp-block-button__link wp-element-button\" href=\"https:\/\/phrase.com\/fr\/demo\/\" target=\"_blank\" rel=\"noreferrer noopener\">Nous contacter<\/a><\/div>\n\n\n\n<div class=\"wp-block-button is-style-black-outline\"><a class=\"wp-block-button__link has-text-align-center wp-element-button\" href=\"http:\/\/www.travod.com\/\" target=\"_blank\" rel=\"noreferrer noopener\">Visiter le site web<\/a><\/div>\n<\/div>\n<\/div>\n<\/div>\n\n\n\n<div class=\"wp-block-columns alignwide are-vertically-aligned-center is-style-default is-layout-flex wp-container-core-columns-is-layout-28f84493 wp-block-columns-is-layout-flex\">\n<div class=\"wp-block-column is-vertically-aligned-center is-layout-flow wp-container-core-column-is-layout-6220b9e6 wp-block-column-is-layout-flow\" style=\"flex-basis:100%\">\n<h2 class=\"wp-block-heading has-text-align-center has-extra-large-font-size\" id=\"h-services-offered\"><strong>Services propos\u00e9s<\/strong><\/h2>\n\n\n\n<div style=\"height:10px\" aria-hidden=\"true\" class=\"wp-block-spacer\"><\/div>\n\n\n\n<div class=\"wp-block-group is-content-justification-center is-nowrap is-layout-flex wp-container-core-group-is-layout-f52be266 wp-block-group-is-layout-flex\">\n<div class=\"wp-block-group is-vertical is-layout-flex wp-container-core-group-is-layout-9f8eab21 wp-block-group-is-layout-flex\">\n<ul class=\"wp-block-list\">\n<li>Traduction et localisation<br><\/li>\n\n\n\n<li>Traduction multim\u00e9dia (y compris transcription, sous-titrage, doublage et voix off)<br><\/li>\n\n\n\n<li>TA et MTPE d&rsquo;entreprise (conform\u00e9ment \u00e0 l&rsquo;ISO\u00a018587)<br><\/li>\n\n\n\n<li>Localisation de sites Web \/ de logiciels (de l&rsquo;extraction du contenu d&rsquo;origine jusqu&rsquo;\u00e0 l&rsquo;injection des cha\u00eenes traduites)<br><\/li>\n\n\n\n<li>Traduction marketing (y compris SEO, transcr\u00e9ation et r\u00e9daction de contenu)<br><\/li>\n\n\n\n<li>Publication assist\u00e9e par ordinateur (PAO)<br><\/li>\n\n\n\n<li>Automatisation des flux de travaux (connecteurs API communiquant avec votre environnement, flux de travaux Orchestrator)<br><\/li>\n\n\n\n<li>Interpr\u00e9tation \u00e0 distance<\/li>\n<\/ul>\n<\/div>\n<\/div>\n<\/div>\n<\/div>\n\n\n\n<div class=\"wp-block-group alignwide has-yellow-background-color has-background has-global-padding is-layout-constrained wp-block-group-is-layout-constrained\" style=\"margin-top:var(--wp--preset--spacing--56)\">\n<div class=\"wp-block-group is-vertical is-content-justification-center is-layout-flex wp-container-core-group-is-layout-ce155fab wp-block-group-is-layout-flex\">\n<h2 class=\"wp-block-heading has-text-align-center\" id=\"h-discover-more-partners\">D\u00e9couvrez nos autres partenaires<\/h2>\n\n\n\n<p class=\"has-text-align-center\">Nous nous associons \u00e0 des entreprises technologiques de premier plan afin que votre \u00e9quipe retire<br>un maximum de valeur de Phrase au quotidien.<\/p>\n<\/div>\n\n\n\n<div class=\"wp-block-buttons is-content-justification-center is-layout-flex wp-container-core-buttons-is-layout-a89b3969 wp-block-buttons-is-layout-flex\">\n<div class=\"wp-block-button\"><a class=\"wp-block-button__link wp-element-button\" href=\"https:\/\/phrase.com\/fr\/partners\/\" target=\"_blank\" rel=\"noreferrer noopener\">Programme de partenariat Phrase<\/a><\/div>\n\n\n\n<div class=\"wp-block-button is-style-black-outline\"><a class=\"wp-block-button__link wp-element-button\" href=\"https:\/\/phrase.com\/fr\/partners-inquiries\/\" target=\"_blank\" rel=\"noreferrer noopener\">Recommander un partenaire<\/a><\/div>\n<\/div>\n<\/div>\n\n","protected":false},"excerpt":{"rendered":"<p>PARTENAIRE DE PHRASE Des contenus multilingues pour accro\u00eetre votre activit\u00e9 \u00e0 l\u2019international www.travod.com\u202f Parfaitement int\u00e9gr\u00e9 dans votre environnement Phrase, cet alli\u00e9 de vos traductions permet des flux de travaux \u00e9volutifs adapt\u00e9s \u00e0 vos besoins. Imaginez avoir des automatisations Orchestrator, finement r\u00e9gl\u00e9es sur votre flux de contenu, optimisant vos processus sans effort. Avec un engagement pour [&hellip;]<\/p>\n","protected":false},"author":4,"featured_media":0,"parent":58156,"menu_order":1,"comment_status":"closed","ping_status":"closed","template":"page-refresh","meta":{"_acf_changed":false,"_stopmodifiedupdate":false,"_modified_date":"","_searchwp_excluded":"","episode_type":"","audio_file":"","podmotor_file_id":"","podmotor_episode_id":"","cover_image":"","cover_image_id":"","duration":"","filesize":"","filesize_raw":"","date_recorded":"","explicit":"","block":"","itunes_episode_number":"","itunes_title":"","itunes_season_number":"","itunes_episode_type":"","footnotes":""},"class_list":["post-100480","page","type-page","status-publish","hentry"],"acf":[],"_links":{"self":[{"href":"https:\/\/phrase.com\/fr\/wp-json\/wp\/v2\/pages\/100480","targetHints":{"allow":["GET"]}}],"collection":[{"href":"https:\/\/phrase.com\/fr\/wp-json\/wp\/v2\/pages"}],"about":[{"href":"https:\/\/phrase.com\/fr\/wp-json\/wp\/v2\/types\/page"}],"author":[{"embeddable":true,"href":"https:\/\/phrase.com\/fr\/wp-json\/wp\/v2\/users\/4"}],"replies":[{"embeddable":true,"href":"https:\/\/phrase.com\/fr\/wp-json\/wp\/v2\/comments?post=100480"}],"version-history":[{"count":6,"href":"https:\/\/phrase.com\/fr\/wp-json\/wp\/v2\/pages\/100480\/revisions"}],"predecessor-version":[{"id":127672,"href":"https:\/\/phrase.com\/fr\/wp-json\/wp\/v2\/pages\/100480\/revisions\/127672"}],"up":[{"embeddable":true,"href":"https:\/\/phrase.com\/fr\/wp-json\/wp\/v2\/pages\/58156"}],"wp:attachment":[{"href":"https:\/\/phrase.com\/fr\/wp-json\/wp\/v2\/media?parent=100480"}],"curies":[{"name":"wp","href":"https:\/\/api.w.org\/{rel}","templated":true}]}}