{"id":102089,"date":"2025-03-12T09:02:03","date_gmt":"2025-03-12T08:02:03","guid":{"rendered":"https:\/\/phrase.com\/integration-optimizely\/"},"modified":"2025-10-06T11:07:58","modified_gmt":"2025-10-06T09:07:58","slug":"optimizely","status":"publish","type":"page","link":"https:\/\/phrase.com\/fr\/integrations\/optimizely\/","title":{"rendered":"Int\u00e9gration Optimizely"},"content":{"rendered":"\n<div class=\"wp-block-group alignwide is-style-header-hero has-light-neutral-color has-green-90-background-color has-text-color has-background has-link-color has-background-images wp-elements-a9f2ca5a6c3bb34b3acabae262de0df2 is-layout-flow wp-block-group-is-layout-flow\" style=\"background-image:url(https:\/\/phrase.com\/wp-content\/uploads\/2025\/02\/Optimizely-banner-phrase.jpg.webp);background-position:40% 0%;background-attachment:scroll;background-repeat:no-repeat;background-size:cover\"><div class=\"yoast-breadcrumbs\"><span><span><a href=\"https:\/\/phrase.com\/fr\/\">Home<\/a><\/span> | <span><a href=\"https:\/\/phrase.com\/fr\/integrations\/\">Int\u00e9grations<\/a><\/span> | <span class=\"breadcrumb_last\" aria-current=\"page\">Int\u00e9gration Optimizely<\/span><\/span><\/div>\n\n\n<h1 class=\"wp-block-heading has-white-color has-text-color has-link-color wp-elements-68119fc3944918b8de19671add9b538e\" id=\"h-optimizely-integration\">Int\u00e9gration Optimizely<\/h1>\n\n\n\n<p>Acc\u00e9l\u00e9rer la livraison du contenu global <br>avec l&rsquo;int\u00e9gration Optimizely de Phrase.<\/p>\n\n\n\n<div class=\"wp-block-buttons is-layout-flex wp-block-buttons-is-layout-flex\">\n<div class=\"wp-block-button is-style-blue-filled\"><a class=\"wp-block-button__link wp-element-button\" href=\"https:\/\/phrase.com\/fr\/demo\/\">Demander une d\u00e9mo<\/a><\/div>\n<\/div>\n<\/div>\n\n\n\n<div style=\"height:0px\" aria-hidden=\"true\" class=\"wp-block-spacer\"><\/div>\n\n\n\n<div class=\"wp-block-group alignwide has-blue-10-background-color has-background has-background-images has-global-padding is-layout-constrained wp-block-group-is-layout-constrained\" style=\"margin-top:var(--wp--preset--spacing--10);background-image:url(https:\/\/phrase.com\/wp-content\/uploads\/2024\/03\/svgexport-1-2.svg);background-position:100% 30%;background-attachment:scroll;background-repeat:no-repeat;background-size:auto\">\n<div class=\"wp-block-group alignwide is-layout-flow wp-block-group-is-layout-flow\">\n<h2 class=\"wp-block-heading has-text-align-left\" id=\"h-automated-content-translation-for-optimizely\">Traduction automatis\u00e9e du contenu Optimizely<\/h2>\n\n\n\n<div class=\"wp-block-group alignwide has-global-padding is-layout-constrained wp-block-group-is-layout-constrained\" style=\"margin-top:var(--wp--preset--spacing--10)\">\n<div class=\"wp-block-group alignwide is-layout-flow wp-block-group-is-layout-flow\">\n<p class=\"has-text-align-left\"><strong>Automatisez et rationalisez la traduction du contenu de vos sites web dans le CMS Optimizely<\/strong> avec Phrase. Oubliez les exports manuels, les retards co\u00fbteux et les flux de travaux d\u00e9connect\u00e9s. Passez \u00e0 une traduction rapide et de haute qualit\u00e9, qui pr\u00e9serve la coh\u00e9rence de la voix de la marque sur tous les march\u00e9s.<br><br>Avec cette int\u00e9gration, le contenu source passe directement du <strong>CMS Optimizely<\/strong> vers <strong>la plateforme Phrase bas\u00e9e sur l&rsquo;IA. <\/strong>Il est ensuite traduit, en utilisant la r\u00e9vision humaine et\/ou bas\u00e9e sur l&rsquo;IA avanc\u00e9e pour une plus grande pr\u00e9cision. Les traductions sont ensuite automatiquement synchronis\u00e9es dans Optimizely, sans qu&rsquo;aucune \u00e9tape manuelle ne soit n\u00e9cessaire, garantissant un processus enti\u00e8rement automatis\u00e9.<\/p>\n<\/div>\n<\/div>\n<\/div>\n<\/div>\n\n\n\n<div class=\"wp-block-group has-global-padding is-layout-constrained wp-block-group-is-layout-constrained\">\n<h2 class=\"wp-block-heading has-text-align-center\" id=\"h-from-siloed-processes-to-full-automation\" style=\"margin-top:var(--wp--preset--spacing--45)\">Passer de processus en silos \u00e0 un processus enti\u00e8rement automatis\u00e9<\/h2>\n\n\n\n<p class=\"has-text-align-center\">Avant l&rsquo;int\u00e9gration Phrase, les \u00e9quipes en charge du marketing et de la localisation devaient souvent se contenter d&rsquo;une approche fragment\u00e9e et manuelle pour traduire le contenu Optimizely. Cela conduisait \u00e0 des co\u00fbts \u00e9lev\u00e9s, des pertes d&rsquo;efficacit\u00e9 et un contr\u00f4le limit\u00e9 de la qualit\u00e9. Gr\u00e2ce \u00e0 l&rsquo;<strong>int\u00e9gration pour Optimizely de Phrase<\/strong>, les \u00e9quipes peuvent d\u00e9sormais automatiser l&rsquo;ensemble du processus de traduction, garantissant des d\u00e9lais plus courts et un meilleur contr\u00f4le de la qualit\u00e9.<\/p>\n<\/div>\n\n\n\n<div class=\"wp-block-group alignwide has-white-background-color has-background has-global-padding is-layout-constrained wp-block-group-is-layout-constrained\">\n<figure class=\"wp-block-table alignwide is-style-comparison\"><table class=\"has-fixed-layout\"><thead><tr><th>Avant Phrase<\/th><th>Apr\u00e8s Phrase<\/th><\/tr><\/thead><tbody><tr><td>Contenu traduit manuellement par un fournisseur de services linguistiques<\/td><td><strong>Synchronisation des traductions enti\u00e8rement automatis\u00e9e<\/strong> entre Optimizely et Phrase<\/td><\/tr><tr><td>Processus distincts pour les \u00e9quipes marketing et localisation<\/td><td><strong>Flux de travaux de localisation centralis\u00e9s<\/strong> avec MT unifi\u00e9e et BT<\/td><\/tr><tr><td>Co\u00fbts de post-\u00e9dition manuelle \u00e9lev\u00e9s<\/td><td>La <strong>traduction bas\u00e9e sur l&rsquo;IA et l&rsquo;int\u00e9gration d&rsquo;une MT<\/strong> r\u00e9duisent le recours \u00e0 la post-\u00e9dition<\/td><\/tr><tr><td>Aucun contr\u00f4le direct de la qualit\u00e9 par l&rsquo;\u00e9quipe de localisation<\/td><td><strong>Contr\u00f4le total de la qualit\u00e9 et de l&rsquo;automatisation<\/strong> via Phrase<\/td><\/tr><\/tbody><\/table><\/figure>\n<\/div>\n\n\n\n<div style=\"height:0px\" aria-hidden=\"true\" class=\"wp-block-spacer\"><\/div>\n\n\n\n<div class=\"wp-block-phrase-com-carousel alignwide wp-block-phrase-com-carousel--no-button has-color-scheme has-dark-green-color-scheme\"><div class=\"wp-block-phrase-com-carousel__sidebar\"><h2 class=\"wp-block-phrase-com-carousel__heading\">Avantages de l&rsquo;int\u00e9gration Optimizely<\/h2><div class=\"wp-block-phrase-com-carousel__navigation\"><button type=\"button\" class=\"wp-block-phrase-com-carousel__tab\" data-index=\"0\">Flux de travaux centralis\u00e9s<\/button><button type=\"button\" class=\"wp-block-phrase-com-carousel__tab\" data-index=\"1\">Qualit\u00e9 des traductions reposant sur l&#039;IA<\/button><button type=\"button\" class=\"wp-block-phrase-com-carousel__tab\" data-index=\"2\">Coh\u00e9rence de marque<\/button><\/div><\/div><div class=\"wp-block-phrase-com-carousel__slider\"><div class=\"wp-block-phrase-com-carousel__slider-track glide__track\" data-glide-el=\"track\"><div class=\"wp-block-phrase-com-carousel__slides glide__slides\">\n<div class=\"wp-block-phrase-com-carousel-slide glide__slide is-layout-flow wp-block-phrase-com-carousel-slide-is-layout-flow\">\n<figure class=\"wp-block-image size-full no-padding is-style-default\"><img loading=\"lazy\" decoding=\"async\" width=\"1024\" height=\"768\" src=\"https:\/\/phrase.com\/wp-content\/uploads\/2025\/02\/Centralized-workflows-phrase.jpg\" alt=\"\" class=\"wp-image-100783\" style=\"object-fit:cover\" srcset=\"https:\/\/phrase.com\/wp-content\/uploads\/2025\/02\/Centralized-workflows-phrase.jpg 1024w, https:\/\/phrase.com\/wp-content\/uploads\/2025\/02\/Centralized-workflows-phrase-300x225.jpg 300w, https:\/\/phrase.com\/wp-content\/uploads\/2025\/02\/Centralized-workflows-phrase-768x576.jpg 768w\" sizes=\"auto, (max-width: 1024px) 100vw, 1024px\" \/><\/figure>\n\n\n\n<h3 class=\"wp-block-heading has-large-font-size\" id=\"h-centralized-workflows\"><strong>Flux de travaux centralis\u00e9s<\/strong><\/h3>\n\n\n\n<p>Oubliez les transferts manuels et les exports complexes.<\/p>\n<\/div>\n\n\n\n<div class=\"wp-block-phrase-com-carousel-slide glide__slide is-layout-flow wp-block-phrase-com-carousel-slide-is-layout-flow\">\n<figure class=\"wp-block-image size-full no-padding\"><img loading=\"lazy\" decoding=\"async\" width=\"1024\" height=\"768\" src=\"https:\/\/phrase.com\/wp-content\/uploads\/2025\/02\/AI-driven-translation-quality-phrase.jpg\" alt=\"\" class=\"wp-image-100815\" srcset=\"https:\/\/phrase.com\/wp-content\/uploads\/2025\/02\/AI-driven-translation-quality-phrase.jpg 1024w, https:\/\/phrase.com\/wp-content\/uploads\/2025\/02\/AI-driven-translation-quality-phrase-300x225.jpg 300w, https:\/\/phrase.com\/wp-content\/uploads\/2025\/02\/AI-driven-translation-quality-phrase-768x576.jpg 768w\" sizes=\"auto, (max-width: 1024px) 100vw, 1024px\" \/><\/figure>\n\n\n\n<h3 class=\"wp-block-heading has-large-font-size\" id=\"h-ai-driven-translation-quality\"><strong>Qualit\u00e9 des traductions reposant sur l&rsquo;IA<\/strong><\/h3>\n\n\n\n<p>Une traduction bas\u00e9e sur l&rsquo;IA flexible, r\u00e9vis\u00e9e par des humains.<\/p>\n<\/div>\n\n\n\n<div class=\"wp-block-phrase-com-carousel-slide glide__slide is-layout-flow wp-block-phrase-com-carousel-slide-is-layout-flow\">\n<figure class=\"wp-block-image size-full no-padding\"><img loading=\"lazy\" decoding=\"async\" width=\"1024\" height=\"768\" src=\"https:\/\/phrase.com\/wp-content\/uploads\/2025\/02\/Brand-consistency-phrase.jpg\" alt=\"\" class=\"wp-image-100822\" srcset=\"https:\/\/phrase.com\/wp-content\/uploads\/2025\/02\/Brand-consistency-phrase.jpg 1024w, https:\/\/phrase.com\/wp-content\/uploads\/2025\/02\/Brand-consistency-phrase-300x225.jpg 300w, https:\/\/phrase.com\/wp-content\/uploads\/2025\/02\/Brand-consistency-phrase-768x576.jpg 768w\" sizes=\"auto, (max-width: 1024px) 100vw, 1024px\" \/><\/figure>\n\n\n\n<h3 class=\"wp-block-heading has-large-font-size\" id=\"h-brand-consistency\"><strong><strong>Coh\u00e9rence de marque<\/strong><\/strong><\/h3>\n\n\n\n<p>Pr\u00e9servez le ton, la terminologie et la pr\u00e9cision quel que soit le march\u00e9.<\/p>\n<\/div>\n<\/div><\/div><\/div><\/div>\n\n\n\n<div class=\"wp-block-group alignwide has-light-neutral-background-color has-background has-global-padding is-layout-constrained wp-block-group-is-layout-constrained\">\n<h2 class=\"wp-block-heading has-text-align-center\" id=\"h-why-choose-phrase-for-optimizely-localization\">Pourquoi choisir Phrase pour la localisation du contenu Optimizely\u00a0?<\/h2>\n\n\n\n<p class=\"has-text-align-center\">Contrairement aux autres int\u00e9grations de traduction Optimizely, Phrase rassemble l&rsquo;ensemble des flux de travaux au sein d&rsquo;une m\u00eame plateforme<\/p>\n\n\n\n<div class=\"wp-block-group alignwide has-light-neutral-background-color has-background has-global-padding is-layout-constrained wp-block-group-is-layout-constrained\" style=\"margin-top:0\">\n<div class=\"wp-block-group alignwide is-layout-grid wp-container-core-group-is-layout-12da87f5 wp-block-group-is-layout-grid\" style=\"margin-top:var(--wp--preset--spacing--45)\">\n<div class=\"wp-block-group is-vertical is-content-justification-center is-layout-flex wp-container-core-group-is-layout-5e763914 wp-block-group-is-layout-flex\">\n<figure class=\"wp-block-image size-full is-resized is-style-not-rounded\"><img loading=\"lazy\" decoding=\"async\" width=\"72\" height=\"72\" src=\"https:\/\/phrase.com\/wp-content\/uploads\/2025\/07\/cost-decrease-icon.png\" alt=\"\" class=\"wp-image-111451\" style=\"width:83px;height:auto\" \/><\/figure>\n\n\n\n<p class=\"has-text-align-center\"><strong>R\u00e9duction des co\u00fbts de post-\u00e9dition<\/strong><\/p>\n\n\n\n<p class=\"has-text-align-center\">Gr\u00e2ce \u00e0 l&rsquo;utilisation d&rsquo;une m\u00e9moire de traduction unifi\u00e9e<\/p>\n<\/div>\n\n\n\n<div class=\"wp-block-group is-vertical is-content-justification-center is-layout-flex wp-container-core-group-is-layout-5e763914 wp-block-group-is-layout-flex\">\n<figure class=\"wp-block-image size-full is-resized is-style-not-rounded\"><img loading=\"lazy\" decoding=\"async\" width=\"72\" height=\"72\" src=\"https:\/\/phrase.com\/wp-content\/uploads\/2025\/07\/control-icon.png\" alt=\"\" class=\"wp-image-111445\" style=\"width:83px\" \/><\/figure>\n\n\n\n<p class=\"has-text-align-center\"><strong>Contr\u00f4les qualit\u00e9 plus pouss\u00e9s<\/strong><\/p>\n\n\n\n<p class=\"has-text-align-center\">Gr\u00e2ce aux outils d&rsquo;assurance qualit\u00e9 centralis\u00e9s<\/p>\n<\/div>\n\n\n\n<div class=\"wp-block-group is-vertical is-content-justification-center is-layout-flex wp-container-core-group-is-layout-5e763914 wp-block-group-is-layout-flex\">\n<figure class=\"wp-block-image size-full is-resized\"><img loading=\"lazy\" decoding=\"async\" width=\"72\" height=\"72\" src=\"https:\/\/phrase.com\/wp-content\/uploads\/2025\/07\/automation-icon.png\" alt=\"\" class=\"wp-image-111463\" style=\"width:83px\" \/><\/figure>\n\n\n\n<p class=\"has-text-align-center\"><strong>Priorit\u00e9 donn\u00e9e \u00e0 l&rsquo;automatisation<\/strong><\/p>\n\n\n\n<p class=\"has-text-align-center\">Afin de r\u00e9duire le travail manuel et r\u00e9p\u00e9titif<\/p>\n<\/div>\n\n\n\n<div class=\"wp-block-group is-vertical is-content-justification-center is-layout-flex wp-container-core-group-is-layout-5e763914 wp-block-group-is-layout-flex\">\n<figure class=\"wp-block-image size-full is-resized is-style-not-rounded\"><img loading=\"lazy\" decoding=\"async\" width=\"73\" height=\"73\" src=\"https:\/\/phrase.com\/wp-content\/uploads\/2025\/07\/translation-icon.png\" alt=\"\" class=\"wp-image-111457\" style=\"width:83px;height:auto\" \/><\/figure>\n\n\n\n<p class=\"has-text-align-center\"><strong>Traduction bas\u00e9e sur l&rsquo;IA de pointe<\/strong><\/p>\n\n\n\n<p class=\"has-text-align-center\">Pour des d\u00e9lais et des co\u00fbts r\u00e9duits<\/p>\n<\/div>\n<\/div>\n<\/div>\n<\/div>\n\n\n\n<div class=\"wp-block-phrase-com-masked-media-text alignwide is-style-shape-two has-transparent-background-color has-background\"><div class=\"wp-block-phrase-com-masked-media-text__inner\">\n<h3 class=\"wp-block-heading\" id=\"h-phrase-in-action\">Phrase en action<\/h3>\n\n\n\n<p class=\"has-medium-font-size\">Un leader mondial du secteur de la gestion des risques et de la certification traduit actuellement son contenu Optimizely via une int\u00e9gration g\u00e9r\u00e9e par un fournisseur de services linguistiques. Son flux de travaux \u00e0 32\u00a0langues implique des traductions manuelles, induisant des co\u00fbts \u00e9lev\u00e9s et des pertes d&rsquo;efficacit\u00e9.<\/p>\n\n\n\n<p>En adoptant l&rsquo;<strong>int\u00e9gration Optimizely de Phrase<\/strong>, l&rsquo;entreprise a pu\u00a0:<\/p>\n\n\n\n<p>&#8211; <strong>automatiser la synchronisation des traductions<\/strong> entre Optimizely et Phrase<br>&#8211; <strong>utiliser une MT et des traductions bas\u00e9es sur l&rsquo;IA<\/strong>, r\u00e9duisant ainsi ses co\u00fbts de post-\u00e9dition<br>&#8211; <strong>r\u00e9cup\u00e9rer le contr\u00f4le centralis\u00e9<\/strong> sur les prestataires, la qualit\u00e9 et l&rsquo;automatisation<br><br>Cela induit <strong>une r\u00e9duction significative des co\u00fbts, des gains importants d&rsquo;efficacit\u00e9 et une am\u00e9lioration nette de la coh\u00e9rence de marque<\/strong> \u00e0 grande \u00e9chelle.<\/p>\n<\/div><div class=\"wp-block-phrase-com-masked-media-text__media\"><img loading=\"lazy\" decoding=\"async\" width=\"1136\" height=\"1150\" src=\"https:\/\/phrase.com\/wp-content\/uploads\/2025\/03\/Optimizely-phrase-integration.jpg\" alt=\"\" class=\"wp-block-phrase-com-masked-media-text-image wp-image-101464\" srcset=\"https:\/\/phrase.com\/wp-content\/uploads\/2025\/03\/Optimizely-phrase-integration.jpg 1136w, https:\/\/phrase.com\/wp-content\/uploads\/2025\/03\/Optimizely-phrase-integration-296x300.jpg 296w, https:\/\/phrase.com\/wp-content\/uploads\/2025\/03\/Optimizely-phrase-integration-1012x1024.jpg 1012w, https:\/\/phrase.com\/wp-content\/uploads\/2025\/03\/Optimizely-phrase-integration-768x777.jpg 768w\" sizes=\"auto, (max-width: 1136px) 100vw, 1136px\" \/><\/div><\/div>\n\n\n\n<h2 class=\"wp-block-heading has-text-align-center\" id=\"h-webinar-automate-and-scale-content-translation-with-phrase-and-optimizely\">Webinaire\u00a0: Comment automatiser et d\u00e9ployer \u00e0 grande \u00e9chelle la traduction de contenu avec Phrase et Optimizely<\/h2>\n\n\n\n<div class=\"wp-block-columns alignwide are-vertically-aligned-center media-text-columns media-text-columns--media-left is-layout-flex wp-container-core-columns-is-layout-28f84493 wp-block-columns-is-layout-flex\">\n<div class=\"wp-block-column is-vertically-aligned-center is-layout-flow wp-block-column-is-layout-flow\" style=\"flex-basis:57.2131147541%\">\n<figure class=\"wp-block-image size-full\"><img loading=\"lazy\" decoding=\"async\" width=\"2560\" height=\"1308\" src=\"https:\/\/phrase.com\/wp-content\/uploads\/2025\/03\/P1124-Optimizely-webinar-visuals-2560-X-1307px.png\" alt=\"\" class=\"wp-image-102605\" srcset=\"https:\/\/phrase.com\/wp-content\/uploads\/2025\/03\/P1124-Optimizely-webinar-visuals-2560-X-1307px.png 2560w, https:\/\/phrase.com\/wp-content\/uploads\/2025\/03\/P1124-Optimizely-webinar-visuals-2560-X-1307px-300x153.png 300w, https:\/\/phrase.com\/wp-content\/uploads\/2025\/03\/P1124-Optimizely-webinar-visuals-2560-X-1307px-1024x523.png 1024w, https:\/\/phrase.com\/wp-content\/uploads\/2025\/03\/P1124-Optimizely-webinar-visuals-2560-X-1307px-768x392.png 768w, https:\/\/phrase.com\/wp-content\/uploads\/2025\/03\/P1124-Optimizely-webinar-visuals-2560-X-1307px-1536x785.png 1536w, https:\/\/phrase.com\/wp-content\/uploads\/2025\/03\/P1124-Optimizely-webinar-visuals-2560-X-1307px-2048x1046.png 2048w\" sizes=\"auto, (max-width: 2560px) 100vw, 2560px\" \/><\/figure>\n<\/div>\n\n\n\n<div class=\"wp-block-column is-vertically-aligned-center is-layout-flow wp-block-column-is-layout-flow\" style=\"flex-basis:41.9672131148%\">\n<h2 class=\"wp-block-heading has-extra-large-font-size\" id=\"h-watch-on-demand\">Webinaire en anglais<\/h2>\n\n\n\n<p>D\u00e9couvrez en exclusivit\u00e9 l&rsquo;int\u00e9gration Phrase pour Optimizely\u00a0! Lors de cette session, vous d\u00e9couvrirez comment l&rsquo;automatisation aliment\u00e9e par l&rsquo;IA peut vous aider \u00e0 rationaliser la traduction du contenu de votre site web. Oubliez les exports manuels et les flux de travaux d\u00e9connect\u00e9s. Cette int\u00e9gration fluide vous permet de contr\u00f4ler de mani\u00e8re centralis\u00e9e les prestataires, la qualit\u00e9 et l&rsquo;automatisation.<\/p>\n\n\n\n<div class=\"wp-block-buttons is-layout-flex wp-block-buttons-is-layout-flex\">\n<div class=\"wp-block-button is-style-plain\"><a class=\"wp-block-button__link wp-element-button\" href=\"https:\/\/phrase.com\/fr\/resources\/webinars\/automate-translation-optimizely\/\" target=\"_blank\" rel=\"noreferrer noopener\">Regarder l&rsquo;enregistrement<\/a><\/div>\n<\/div>\n<\/div>\n<\/div>\n\n\n\n<div style=\"height:4px\" aria-hidden=\"true\" class=\"wp-block-spacer\"><\/div>\n\n\n\n<h2 class=\"wp-block-heading has-text-align-center\" id=\"h-faqs\" style=\"margin-top:0\">FAQ<\/h2>\n\n\n\n<div class=\"wp-block-wearerequired-accordion\">\n<div id=\"acc-comment-puis-je-configurer-lintegration-optimizely\" tabindex=\"-1\" class=\"wp-block-wearerequired-accordion-section\">\n<h3 class=\"wp-block-wearerequired-accordion-heading\"><span aria-hidden=\"true\" class=\"wp-block-wearerequired-accordion-heading__icon\"><\/span><span class=\"wp-block-wearerequired-accordion-heading__text\">Comment puis-je configurer l&rsquo;int\u00e9gration Optimizely\u00a0?<\/span><\/h3>\n\n\n\n<div class=\"wp-block-wearerequired-accordion-content is-layout-flow wp-block-wearerequired-accordion-content-is-layout-flow\">\n<p>Pour configurer l&rsquo;int\u00e9gration\u00a0:<\/p>\n\n\n\n<ul class=\"wp-block-list\">\n<li>Activez les flux de travaux automatis\u00e9s pour g\u00e9rer le cycle de traduction.<\/li>\n\n\n\n<li>V\u00e9rifiez que vous disposez d&rsquo;un compte Optimizely et des droits administrateur.<\/li>\n\n\n\n<li>Connectez-vous \u00e0 Phrase TMS et acc\u00e9dez \u00e0 la section Int\u00e9grations.<\/li>\n\n\n\n<li>S\u00e9lectionnez Optimizely et authentifiez votre compte.<\/li>\n\n\n\n<li>Configurez les param\u00e8tres tels que les types de contenu \u00e0 traduire et les paires de langues.<\/li>\n<\/ul>\n<\/div>\n<\/div>\n\n\n\n<div id=\"acc-quels-types-de-contenu-peuvent-etre-traduits\" tabindex=\"-1\" class=\"wp-block-wearerequired-accordion-section\">\n<h3 class=\"wp-block-wearerequired-accordion-heading\"><span aria-hidden=\"true\" class=\"wp-block-wearerequired-accordion-heading__icon\"><\/span><span class=\"wp-block-wearerequired-accordion-heading__text\">Quels types de contenu peuvent \u00eatre traduits\u00a0?<\/span><\/h3>\n\n\n\n<div class=\"wp-block-wearerequired-accordion-content is-layout-flow wp-block-wearerequired-accordion-content-is-layout-flow\">\n<p>L&rsquo;int\u00e9gration prend en charge le contenu textuel, les m\u00e9tadonn\u00e9es, les descriptions de produits, les pages web, les contenus marketing et les \u00e9l\u00e9ments de l&rsquo;interface utilisateur Optimizely.<\/p>\n<\/div>\n<\/div>\n\n\n\n<div id=\"acc-quelles-sont-les-langues-prises-en-charge\" tabindex=\"-1\" class=\"wp-block-wearerequired-accordion-section\">\n<h3 class=\"wp-block-wearerequired-accordion-heading\"><span aria-hidden=\"true\" class=\"wp-block-wearerequired-accordion-heading__icon\"><\/span><span class=\"wp-block-wearerequired-accordion-heading__text\">Quelles-sont les langues prises en charge\u00a0?<\/span><\/h3>\n\n\n\n<div class=\"wp-block-wearerequired-accordion-content is-layout-flow wp-block-wearerequired-accordion-content-is-layout-flow\">\n<p>Phrase prend en charge plus de 800\u00a0paires de langues, ce qui en fait une solution id\u00e9ale pour les besoins de localisation globaux\u200b.<\/p>\n<\/div>\n<\/div>\n\n\n\n<div id=\"acc-puis-je-utiliser-la-traduction-automatique-avec-lintegration\" tabindex=\"-1\" class=\"wp-block-wearerequired-accordion-section\">\n<h3 class=\"wp-block-wearerequired-accordion-heading\"><span aria-hidden=\"true\" class=\"wp-block-wearerequired-accordion-heading__icon\"><\/span><span class=\"wp-block-wearerequired-accordion-heading__text\">Puis-je utiliser la traduction automatique avec l&rsquo;int\u00e9gration\u00a0?<\/span><\/h3>\n\n\n\n<div class=\"wp-block-wearerequired-accordion-content is-layout-flow wp-block-wearerequired-accordion-content-is-layout-flow\">\n<p>Oui\u00a0! L&rsquo;int\u00e9gration prend en charge Phrase Language AI, qui permet l&rsquo;acc\u00e8s \u00e0 plus de 30\u00a0moteurs de TA, dont Google, DeepL, Microsoft et Phrase NextMT. La fonction de s\u00e9lection automatique de TA garantit d&rsquo;utiliser le meilleur moteur de traduction automatique pour chaque paire de langues.<\/p>\n<\/div>\n<\/div>\n\n\n\n<div id=\"acc-ou-puis-je-trouver-des-informations-complementaires\" tabindex=\"-1\" class=\"wp-block-wearerequired-accordion-section\">\n<h3 class=\"wp-block-wearerequired-accordion-heading\"><span aria-hidden=\"true\" class=\"wp-block-wearerequired-accordion-heading__icon\"><\/span><span class=\"wp-block-wearerequired-accordion-heading__text\">O\u00f9 puis-je trouver des informations compl\u00e9mentaires\u00a0?<\/span><\/h3>\n\n\n\n<div class=\"wp-block-wearerequired-accordion-content is-layout-flow wp-block-wearerequired-accordion-content-is-layout-flow\">\n<p>Consultez le <a href=\"https:\/\/support.phrase.com\/hc\/fr\/sections\/5784101340060-Integrations\">centre d&rsquo;assistance Phrase<\/a> pour acc\u00e9der \u00e0 la documentation d\u00e9taill\u00e9e et aux articles d&rsquo;assistance technique relatifs aux int\u00e9grations, y compris l&rsquo;int\u00e9gration Optimizely de Phrase.<\/p>\n<\/div>\n<\/div>\n<\/div>\n\n\n\n<div style=\"height:50px\" aria-hidden=\"true\" class=\"wp-block-spacer\"><\/div>\n\n\n\n<div class=\"wp-block-columns alignwide is-style-default is-layout-flex wp-container-core-columns-is-layout-28f84493 wp-block-columns-is-layout-flex\">\n<div class=\"wp-block-column has-blue-80-background-color has-background has-global-padding is-layout-constrained wp-container-core-column-is-layout-31a95166 wp-block-column-is-layout-constrained\" style=\"border-style:none;border-width:0px;padding-top:var(--wp--preset--spacing--45);padding-bottom:var(--wp--preset--spacing--45);flex-basis:100%\">\n<h2 class=\"wp-block-heading has-text-align-center has-white-color has-text-color has-link-color wp-elements-c2e145c9370d15d8e931b0d45249e806\" id=\"h-want-to-find-out-more\">Vous voulez en savoir plus\u00a0?<\/h2>\n\n\n\n<div class=\"wp-block-buttons is-content-justification-center is-layout-flex wp-container-core-buttons-is-layout-a89b3969 wp-block-buttons-is-layout-flex\">\n<div class=\"wp-block-button is-style-grey-filled\"><a class=\"wp-block-button__link wp-element-button\" href=\"https:\/\/phrase.com\/fr\/demo\/\">Demander une d\u00e9mo<\/a><\/div>\n\n\n\n<div class=\"wp-block-button is-style-white-outline\"><a class=\"wp-block-button__link wp-element-button\" href=\"https:\/\/phrase.com\/fr\/contact\/\">Nous contacter<\/a><\/div>\n<\/div>\n<\/div>\n<\/div>\n\n","protected":false},"excerpt":{"rendered":"<p>Int\u00e9gration Optimizely Acc\u00e9l\u00e9rer la livraison du contenu global avec l&rsquo;int\u00e9gration Optimizely de Phrase. Traduction automatis\u00e9e du contenu Optimizely Automatisez et rationalisez la traduction du contenu de vos sites web dans le CMS Optimizely avec Phrase. Oubliez les exports manuels, les retards co\u00fbteux et les flux de travaux d\u00e9connect\u00e9s. Passez \u00e0 une traduction rapide et de [&hellip;]<\/p>\n","protected":false},"author":77,"featured_media":100777,"parent":32156,"menu_order":0,"comment_status":"closed","ping_status":"closed","template":"page-refresh","meta":{"_acf_changed":false,"_stopmodifiedupdate":false,"_modified_date":"","_searchwp_excluded":"","episode_type":"","audio_file":"","podmotor_file_id":"","podmotor_episode_id":"","cover_image":"","cover_image_id":"","duration":"","filesize":"","filesize_raw":"","date_recorded":"","explicit":"","block":"","itunes_episode_number":"","itunes_title":"","itunes_season_number":"","itunes_episode_type":"","footnotes":""},"class_list":["post-102089","page","type-page","status-publish","has-post-thumbnail","hentry"],"acf":[],"_links":{"self":[{"href":"https:\/\/phrase.com\/fr\/wp-json\/wp\/v2\/pages\/102089","targetHints":{"allow":["GET"]}}],"collection":[{"href":"https:\/\/phrase.com\/fr\/wp-json\/wp\/v2\/pages"}],"about":[{"href":"https:\/\/phrase.com\/fr\/wp-json\/wp\/v2\/types\/page"}],"author":[{"embeddable":true,"href":"https:\/\/phrase.com\/fr\/wp-json\/wp\/v2\/users\/77"}],"replies":[{"embeddable":true,"href":"https:\/\/phrase.com\/fr\/wp-json\/wp\/v2\/comments?post=102089"}],"version-history":[{"count":6,"href":"https:\/\/phrase.com\/fr\/wp-json\/wp\/v2\/pages\/102089\/revisions"}],"predecessor-version":[{"id":122993,"href":"https:\/\/phrase.com\/fr\/wp-json\/wp\/v2\/pages\/102089\/revisions\/122993"}],"up":[{"embeddable":true,"href":"https:\/\/phrase.com\/fr\/wp-json\/wp\/v2\/pages\/32156"}],"wp:featuredmedia":[{"embeddable":true,"href":"https:\/\/phrase.com\/fr\/wp-json\/wp\/v2\/media\/100777"}],"wp:attachment":[{"href":"https:\/\/phrase.com\/fr\/wp-json\/wp\/v2\/media?parent=102089"}],"curies":[{"name":"wp","href":"https:\/\/api.w.org\/{rel}","templated":true}]}}