{"id":103874,"date":"2023-08-23T16:41:21","date_gmt":"2023-08-23T14:41:21","guid":{"rendered":"https:\/\/phrase.com\/textree\/"},"modified":"2025-10-06T10:15:59","modified_gmt":"2025-10-06T08:15:59","slug":"textree","status":"publish","type":"page","link":"https:\/\/phrase.com\/fr\/partners\/textree\/","title":{"rendered":"TEXTree"},"content":{"rendered":"\n<div style=\"height:30px\" aria-hidden=\"true\" class=\"wp-block-spacer\"><\/div>\n\n\n\n<div class=\"wp-block-group alignfull has-global-padding is-layout-constrained wp-block-group-is-layout-constrained\">\n<p class=\"has-text-align-center has-blue-color has-text-color has-link-color has-medium-font-size wp-elements-4a7df36a4cb5e27183ef5d4c7be84011\">PARTENAIRE DE PHRASE<br><\/p>\n\n\n\n<figure class=\"wp-block-image aligncenter size-full is-resized is-style-not-rounded\"><img loading=\"lazy\" decoding=\"async\" width=\"2717\" height=\"870\" src=\"https:\/\/phrase.com\/wp-content\/uploads\/2023\/08\/TEXTree-CI.png\" alt=\"Logo TEXTree | Phrase\" class=\"wp-image-61165\" style=\"width:298px;height:auto\" srcset=\"https:\/\/phrase.com\/wp-content\/uploads\/2023\/08\/TEXTree-CI.png 2717w, https:\/\/phrase.com\/wp-content\/uploads\/2023\/08\/TEXTree-CI-300x96.png 300w, https:\/\/phrase.com\/wp-content\/uploads\/2023\/08\/TEXTree-CI-1024x328.png 1024w, https:\/\/phrase.com\/wp-content\/uploads\/2023\/08\/TEXTree-CI-768x246.png 768w, https:\/\/phrase.com\/wp-content\/uploads\/2023\/08\/TEXTree-CI-1536x492.png 1536w, https:\/\/phrase.com\/wp-content\/uploads\/2023\/08\/TEXTree-CI-2048x656.png 2048w\" sizes=\"auto, (max-width: 2717px) 100vw, 2717px\" \/><\/figure>\n\n\n\n<h2 class=\"wp-block-heading has-text-align-center has-medium-font-size\" id=\"h-production-management-publication-and-distribution-of-high-quality-technical-documents-textree-co-kr\">Production, gestion, publication et distribution de documents techniques de haute qualit\u00e9<br><br><a href=\"https:\/\/textree.co.kr\/\" target=\"_blank\" rel=\"noreferrer noopener\">textree.co.kr<\/a><\/h2>\n<\/div>\n\n\n\n<div class=\"wp-block-group alignfull is-style-copy has-transparent-background-color has-background has-global-padding is-content-justification-center is-layout-constrained wp-block-group-is-layout-constrained\" style=\"padding-top:0;padding-bottom:0\">\n<div class=\"wp-block-group alignwide has-global-padding is-content-justification-center is-layout-constrained wp-container-core-group-is-layout-cefc1864 wp-block-group-is-layout-constrained\" style=\"padding-left:var(--wp--preset--spacing--56)\">\n<p class=\"has-text-align-center\" style=\"margin-top:0;margin-bottom:var(--wp--preset--spacing--40)\"><strong><br>Service de documentation technique<\/strong><br><br>Nous fournissons un service complet qui regroupe l&rsquo;ensemble du domaine de la communication technique, allant de la production de documents techniques \u00e0 l&rsquo;illustration, la publication, l&rsquo;ing\u00e9nierie documentaire et la construction de solutions pertinentes<br><br>Nous avons produit des manuels techniques dans divers domaines industriels. Ceci est soutenu par des documents techniques, de l&rsquo;aide en ligne et XML pour les automobiles, les semi-conducteurs, les \u00e9quipements industriels, les produits \u00e9lectroniques et les programmes d&rsquo;application logicielle.<br><br><strong>Production et localisation de manuels techniques<\/strong><br><br>Le document final est \u00e9dit\u00e9 par des experts DTP ayant de l&rsquo;exp\u00e9rience dans l&rsquo;\u00e9dition de diverses publications nationales et internationales<br><br>Nous simplifions les manuels techniques afin que les utilisateurs finaux comprennent facilement comment utiliser le produit ou le service. <br><br>Nous soutenons \u00e9galement tous les efforts de localisation<br><br><strong>Construction de processus de gestion documentaire int\u00e9gr\u00e9s<\/strong><br><br>La production, la gestion, la r\u00e9utilisation, la traduction et la distribution multicanal de documents sont devenues plus faciles que jamais, et nous construisons le syst\u00e8me le plus efficace pour cr\u00e9er une documentation de haute qualit\u00e9.<br><br>L&rsquo;utilisation du syst\u00e8me de gestion documentaire TEXTree vous permet de cr\u00e9er et de g\u00e9rer diverses versions de documentation multilingue \u00e0 l&rsquo;aide d&rsquo;une interface conviviale.<\/p>\n\n\n\n<p class=\"has-text-align-center\"><strong>Localisation<\/strong><\/p>\n\n\n\n<p class=\"has-text-align-center\">S\u00e9oul, Cor\u00e9e<br>Manille, Philippines<\/p>\n\n\n\n<div style=\"height:19px\" aria-hidden=\"true\" class=\"wp-block-spacer\"><\/div>\n\n\n\n<div class=\"wp-block-buttons is-content-justification-center is-layout-flex wp-container-core-buttons-is-layout-a89b3969 wp-block-buttons-is-layout-flex\">\n<div class=\"wp-block-button\"><a class=\"wp-block-button__link wp-element-button\" href=\"https:\/\/phrase.com\/fr\/demo\/\" target=\"_blank\" rel=\"noreferrer noopener\">Nous contacter<\/a><\/div>\n\n\n\n<div class=\"wp-block-button is-style-black-outline\"><a class=\"wp-block-button__link has-text-align-center wp-element-button\" href=\"https:\/\/textree.co.kr\/\" target=\"_blank\" rel=\"noreferrer noopener\">Visiter le site web<\/a><\/div>\n<\/div>\n<\/div>\n<\/div>\n\n\n\n<div class=\"wp-block-columns alignwide are-vertically-aligned-center is-style-default is-layout-flex wp-container-core-columns-is-layout-28f84493 wp-block-columns-is-layout-flex\">\n<div class=\"wp-block-column is-vertically-aligned-center is-layout-flow wp-container-core-column-is-layout-6220b9e6 wp-block-column-is-layout-flow\" style=\"flex-basis:100%\">\n<h2 class=\"wp-block-heading has-text-align-center has-extra-large-font-size\" id=\"h-services-offered\"><strong>Services propos\u00e9s<\/strong><\/h2>\n\n\n\n<div style=\"height:10px\" aria-hidden=\"true\" class=\"wp-block-spacer\"><\/div>\n\n\n\n<div class=\"wp-block-group is-content-justification-center is-layout-flex wp-container-core-group-is-layout-e8d5aaa7 wp-block-group-is-layout-flex\">\n<div class=\"wp-block-group is-vertical is-layout-flex wp-container-core-group-is-layout-d572cf77 wp-block-group-is-layout-flex\">\n<div class=\"wp-block-group is-nowrap is-layout-flex wp-container-core-group-is-layout-6c531013 wp-block-group-is-layout-flex\">\n<ul class=\"wp-block-list\">\n<li>Production de manuels techniques<\/li>\n<\/ul>\n<\/div>\n\n\n\n<div class=\"wp-block-group is-nowrap is-layout-flex wp-container-core-group-is-layout-6c531013 wp-block-group-is-layout-flex\">\n<ul class=\"wp-block-list\">\n<li>Illustration technique<\/li>\n<\/ul>\n<\/div>\n\n\n\n<div class=\"wp-block-group is-nowrap is-layout-flex wp-container-core-group-is-layout-6c531013 wp-block-group-is-layout-flex\">\n<ul class=\"wp-block-list\">\n<li>Manuel de r\u00e9alit\u00e9 augment\u00e9e (AR)<\/li>\n<\/ul>\n<\/div>\n\n\n\n<div class=\"wp-block-group is-nowrap is-layout-flex wp-container-core-group-is-layout-6c531013 wp-block-group-is-layout-flex\">\n<ul class=\"wp-block-list\">\n<li>Localisation multilingue<\/li>\n<\/ul>\n<\/div>\n\n\n\n<div class=\"wp-block-group is-nowrap is-layout-flex wp-container-core-group-is-layout-6c531013 wp-block-group-is-layout-flex\">\n<ul class=\"wp-block-list\">\n<li>Gestion documentaire int\u00e9gr\u00e9e<\/li>\n<\/ul>\n<\/div>\n<\/div>\n\n\n\n<div class=\"wp-block-group is-vertical is-layout-flex wp-container-core-group-is-layout-d572cf77 wp-block-group-is-layout-flex\">\n<div class=\"wp-block-group is-nowrap is-layout-flex wp-container-core-group-is-layout-6c531013 wp-block-group-is-layout-flex\">\n<ul class=\"wp-block-list\">\n<li>Production de documents [Production de documents techniques Word\/XML]<\/li>\n<\/ul>\n<\/div>\n\n\n\n<div class=\"wp-block-group is-nowrap is-layout-flex wp-container-core-group-is-layout-6c531013 wp-block-group-is-layout-flex\">\n<ul class=\"wp-block-list\">\n<li>Gestion de documents [Gestion int\u00e9gr\u00e9e des contenus de module]<\/li>\n<\/ul>\n<\/div>\n\n\n\n<div class=\"wp-block-group is-nowrap is-layout-flex wp-container-core-group-is-layout-6c531013 wp-block-group-is-layout-flex\">\n<ul class=\"wp-block-list\">\n<li>Publication de documents [Publication automatique sur plusieurs canaux]<\/li>\n<\/ul>\n<\/div>\n\n\n\n<div class=\"wp-block-group is-nowrap is-layout-flex wp-container-core-group-is-layout-6c531013 wp-block-group-is-layout-flex\">\n<ul class=\"wp-block-list\">\n<li>Distribution de documents [Portail de distribution de contenu]<br><br><\/li>\n<\/ul>\n<\/div>\n<\/div>\n<\/div>\n<\/div>\n<\/div>\n\n\n\n<div class=\"wp-block-group alignwide has-yellow-background-color has-background has-global-padding is-layout-constrained wp-block-group-is-layout-constrained\" style=\"margin-top:var(--wp--preset--spacing--56)\">\n<div class=\"wp-block-group is-vertical is-content-justification-center is-layout-flex wp-container-core-group-is-layout-ce155fab wp-block-group-is-layout-flex\">\n<h2 class=\"wp-block-heading has-text-align-center\" id=\"h-discover-more-partners\">D\u00e9couvrez nos autres partenaires<\/h2>\n\n\n\n<p class=\"has-text-align-center\">Nous nous associons \u00e0 des entreprises technologiques de premier plan afin que votre \u00e9quipe retire<br>un maximum de valeur de Phrase au quotidien.<\/p>\n<\/div>\n\n\n\n<div class=\"wp-block-buttons is-content-justification-center is-layout-flex wp-container-core-buttons-is-layout-a89b3969 wp-block-buttons-is-layout-flex\">\n<div class=\"wp-block-button\"><a class=\"wp-block-button__link wp-element-button\" href=\"https:\/\/phrase.com\/fr\/partners\/\" target=\"_blank\" rel=\"noreferrer noopener\">Programme de partenariat Phrase<\/a><\/div>\n\n\n\n<div class=\"wp-block-button is-style-black-outline\"><a class=\"wp-block-button__link wp-element-button\" href=\"https:\/\/phrase.com\/fr\/partners-inquiries\/\" target=\"_blank\" rel=\"noreferrer noopener\">Recommander un partenaire<\/a><\/div>\n<\/div>\n<\/div>\n\n","protected":false},"excerpt":{"rendered":"<p>PARTENAIRE DE PHRASE Production, gestion, publication et distribution de documents techniques de haute qualit\u00e9 textree.co.kr Service de documentation technique Nous fournissons un service complet qui regroupe l&rsquo;ensemble du domaine de la communication technique, allant de la production de documents techniques \u00e0 l&rsquo;illustration, la publication, l&rsquo;ing\u00e9nierie documentaire et la construction de solutions pertinentes Nous avons produit [&hellip;]<\/p>\n","protected":false},"author":7,"featured_media":0,"parent":58156,"menu_order":1,"comment_status":"closed","ping_status":"closed","template":"page-refresh","meta":{"_acf_changed":false,"_stopmodifiedupdate":false,"_modified_date":"","_searchwp_excluded":"","episode_type":"","audio_file":"","podmotor_file_id":"","podmotor_episode_id":"","cover_image":"","cover_image_id":"","duration":"","filesize":"","filesize_raw":"","date_recorded":"","explicit":"","block":"","itunes_episode_number":"","itunes_title":"","itunes_season_number":"","itunes_episode_type":"","footnotes":""},"class_list":["post-103874","page","type-page","status-publish","hentry"],"acf":[],"_links":{"self":[{"href":"https:\/\/phrase.com\/fr\/wp-json\/wp\/v2\/pages\/103874","targetHints":{"allow":["GET"]}}],"collection":[{"href":"https:\/\/phrase.com\/fr\/wp-json\/wp\/v2\/pages"}],"about":[{"href":"https:\/\/phrase.com\/fr\/wp-json\/wp\/v2\/types\/page"}],"author":[{"embeddable":true,"href":"https:\/\/phrase.com\/fr\/wp-json\/wp\/v2\/users\/7"}],"replies":[{"embeddable":true,"href":"https:\/\/phrase.com\/fr\/wp-json\/wp\/v2\/comments?post=103874"}],"version-history":[{"count":7,"href":"https:\/\/phrase.com\/fr\/wp-json\/wp\/v2\/pages\/103874\/revisions"}],"predecessor-version":[{"id":121166,"href":"https:\/\/phrase.com\/fr\/wp-json\/wp\/v2\/pages\/103874\/revisions\/121166"}],"up":[{"embeddable":true,"href":"https:\/\/phrase.com\/fr\/wp-json\/wp\/v2\/pages\/58156"}],"wp:attachment":[{"href":"https:\/\/phrase.com\/fr\/wp-json\/wp\/v2\/media?parent=103874"}],"curies":[{"name":"wp","href":"https:\/\/api.w.org\/{rel}","templated":true}]}}