{"id":107198,"date":"2025-05-21T15:06:14","date_gmt":"2025-05-21T13:06:14","guid":{"rendered":"https:\/\/phrase.com\/2m-language-services\/"},"modified":"2025-10-06T10:01:44","modified_gmt":"2025-10-06T08:01:44","slug":"2m-language-services","status":"publish","type":"page","link":"https:\/\/phrase.com\/fr\/partners\/2m-language-services\/","title":{"rendered":"2M Language Services"},"content":{"rendered":"\n<div class=\"wp-block-group alignfull is-style-copy has-transparent-background-color has-background has-global-padding is-content-justification-center is-layout-constrained wp-block-group-is-layout-constrained\" style=\"padding-top:var(--wp--preset--spacing--45);padding-bottom:var(--wp--preset--spacing--45)\">\n<div class=\"wp-block-group alignwide has-global-padding is-content-justification-center is-layout-constrained wp-container-core-group-is-layout-cefc1864 wp-block-group-is-layout-constrained\" style=\"padding-left:var(--wp--preset--spacing--56)\">\n<p class=\"has-text-align-center has-blue-color has-text-color has-link-color wp-elements-eb4885cd7e3bb80c3e3f818b78424659\">PARTENAIRE DE PHRASE<\/p>\n\n\n\n<figure class=\"wp-block-image aligncenter size-full is-resized is-style-not-rounded\"><img loading=\"lazy\" decoding=\"async\" width=\"500\" height=\"150\" src=\"https:\/\/phrase.com\/wp-content\/uploads\/2025\/05\/2m-languages-services.webp\" alt=\"Logo 2M Language Services\" class=\"wp-image-106365\" style=\"width:327px;height:auto\" srcset=\"https:\/\/phrase.com\/wp-content\/uploads\/2025\/05\/2m-languages-services.webp 500w, https:\/\/phrase.com\/wp-content\/uploads\/2025\/05\/2m-languages-services-300x90.webp 300w\" sizes=\"auto, (max-width: 500px) 100vw, 500px\" \/><\/figure>\n\n\n\n<h3 class=\"wp-block-heading has-text-align-center has-medium-font-size\" id=\"h-think-global\" style=\"margin-bottom:var(--wp--preset--spacing--8);font-style:normal;font-weight:400\">Pensez globalement<\/h3>\n\n\n\n<p class=\"has-text-align-center\"><a href=\"https:\/\/www.2m.com.au\/\" target=\"_blank\" rel=\"noreferrer noopener\">www.2m.com.au<\/a><\/p>\n\n\n\n<div style=\"height:60px\" aria-hidden=\"true\" class=\"wp-block-spacer\"><\/div>\n\n\n\n<p class=\"has-text-align-center\" style=\"margin-top:0;margin-bottom:var(--wp--preset--spacing--40)\">Implant\u00e9 en Am\u00e9rique du Sud, en Europe et en Asie, 2M Language Services (2M) est le principal fournisseur de technologie linguistique et de services linguistiques en Australie.\u00a0<\/p>\n\n\n\n<p class=\"has-text-align-center\">2M propose des solutions personnalis\u00e9es de traduction, d&rsquo;interpr\u00e9tation et de localisation audiovisuelle aliment\u00e9es par l&rsquo;IA et s&rsquo;appuie sur un r\u00e9seau d&rsquo;experts dans plus de 250\u00a0langues.<br><br><strong>Nous op\u00e9rons \u00e0 travers le monde dans diff\u00e9rents secteurs\u00a0:\u00a0<\/strong><\/p>\n\n\n\n<p class=\"has-text-align-center\">Secteur institutionnel <br>Ressources et activit\u00e9s mini\u00e8res <br>D\u00e9fense<br>Jeux<br>Sant\u00e9 et pharmacie<br>Organismes \u00e0 but non lucratif et humanitaire<\/p>\n\n\n\n<p class=\"has-text-align-center\">Nos solutions de localisation s\u00e9curis\u00e9es et ax\u00e9es sur la technologie, y compris la localisation de sites web et de logiciels, la traduction technique et de contenus de formation vid\u00e9os\/num\u00e9riques, l&rsquo;interpr\u00e9tation en temps r\u00e9el et la traduction audiovisuelle comme le sous-titrage et les voix off aident les organisations du secteur priv\u00e9 et public \u00e0 accro\u00eetre leur part de march\u00e9 et \u00e0 s&rsquo;adresser efficacement \u00e0 des publics cibles partout et dans n&rsquo;importe quelle langue.<\/p>\n\n\n\n<p class=\"has-text-align-center\" style=\"margin-top:0;margin-bottom:var(--wp--preset--spacing--40)\">2M est certifi\u00e9 ISO\u00a027001, ISO\u00a017100, ISO\u00a09001 et ISO\u00a018841.<\/p>\n\n\n\n<p class=\"has-text-align-center\"><strong>Localisation<br><\/strong><br>Australie<br>Nouvelle-Z\u00e9lande<br>Europe<br>\u00c9TATS-UNIS<br>Am\u00e9rique latine<br>Philippines<\/p>\n\n\n\n<div style=\"height:19px\" aria-hidden=\"true\" class=\"wp-block-spacer\"><\/div>\n\n\n\n<div class=\"wp-block-buttons is-content-justification-center is-layout-flex wp-container-core-buttons-is-layout-a89b3969 wp-block-buttons-is-layout-flex\">\n<div class=\"wp-block-button\"><a class=\"wp-block-button__link wp-element-button\" href=\"https:\/\/phrase.com\/fr\/demo\/\" target=\"_blank\" rel=\"noreferrer noopener\">Nous contacter<\/a><\/div>\n\n\n\n<div class=\"wp-block-button is-style-black-outline\"><a class=\"wp-block-button__link has-text-align-center wp-element-button\" href=\"https:\/\/www.2m.com.au\/\" target=\"_blank\" rel=\"noreferrer noopener\">Visiter le site web<\/a><\/div>\n<\/div>\n<\/div>\n<\/div>\n\n\n\n<div class=\"wp-block-columns alignwide are-vertically-aligned-center is-style-default is-layout-flex wp-container-core-columns-is-layout-28f84493 wp-block-columns-is-layout-flex\">\n<div class=\"wp-block-column is-vertically-aligned-center is-layout-flow wp-container-core-column-is-layout-6220b9e6 wp-block-column-is-layout-flow\" style=\"flex-basis:100%\">\n<h2 class=\"wp-block-heading has-text-align-center has-extra-large-font-size\" id=\"h-services-offered\"><strong>Services propos\u00e9s<\/strong><\/h2>\n\n\n\n<div style=\"height:10px\" aria-hidden=\"true\" class=\"wp-block-spacer\"><\/div>\n\n\n\n<div class=\"wp-block-group is-content-justification-center is-nowrap is-layout-flex wp-container-core-group-is-layout-f52be266 wp-block-group-is-layout-flex\">\n<div class=\"wp-block-group is-vertical is-layout-flex wp-container-core-group-is-layout-9f8eab21 wp-block-group-is-layout-flex\">\n<ul class=\"wp-block-list\">\n<li>Services de localisation<br><\/li>\n\n\n\n<li>Services de traduction<br><\/li>\n\n\n\n<li>Services d&rsquo;interpr\u00e9tation<\/li>\n<\/ul>\n<\/div>\n\n\n\n<div class=\"wp-block-group is-vertical is-layout-flex wp-container-core-group-is-layout-9f8eab21 wp-block-group-is-layout-flex\">\n<ul class=\"wp-block-list\">\n<li>Localisation audiovisuelle<br><\/li>\n\n\n\n<li>Services de transcr\u00e9ation<br><\/li>\n\n\n\n<li>M\u00e9moires de traduction<br><\/li>\n<\/ul>\n<\/div>\n\n\n\n<div class=\"wp-block-group is-vertical is-layout-flex wp-container-core-group-is-layout-9f8eab21 wp-block-group-is-layout-flex\">\n<ul class=\"wp-block-list\">\n<li>Traduction bas\u00e9e sur l&rsquo;IA<br><\/li>\n\n\n\n<li>Doublage bas\u00e9 sur l&rsquo;IA<br><\/li>\n\n\n\n<li>Gestion de contenu multilingue<\/li>\n<\/ul>\n<\/div>\n<\/div>\n<\/div>\n<\/div>\n\n\n\n<div class=\"wp-block-columns alignwide are-vertically-aligned-center is-style-default is-layout-flex wp-container-core-columns-is-layout-28f84493 wp-block-columns-is-layout-flex\">\n<div class=\"wp-block-column is-vertically-aligned-center is-layout-flow wp-container-core-column-is-layout-6220b9e6 wp-block-column-is-layout-flow\" style=\"flex-basis:100%\">\n<h2 class=\"wp-block-heading has-text-align-center has-extra-large-font-size\" id=\"h-credentials\"><strong><strong>\u00c0 propos de nous<\/strong><\/strong><\/h2>\n\n\n\n<div style=\"height:10px\" aria-hidden=\"true\" class=\"wp-block-spacer\"><\/div>\n\n\n\n<div class=\"wp-block-group is-content-justification-center is-nowrap is-layout-flex wp-container-core-group-is-layout-f52be266 wp-block-group-is-layout-flex\">\n<div class=\"wp-block-group is-vertical is-layout-flex wp-container-core-group-is-layout-9f8eab21 wp-block-group-is-layout-flex\">\n<ul class=\"wp-block-list\">\n<li>Certification ISO\u00a017100:2015 pour les services de traduction\u00a0<br><\/li>\n\n\n\n<li>Certification ISO\u00a018841:2018 pour les services d&rsquo;interpr\u00e9tation\u00a0<br><\/li>\n<\/ul>\n<\/div>\n\n\n\n<div class=\"wp-block-group is-vertical is-layout-flex wp-container-core-group-is-layout-9f8eab21 wp-block-group-is-layout-flex\">\n<ul class=\"wp-block-list\">\n<li>Certification ISO\u00a09001:2015 pour le syst\u00e8me de gestion de la qualit\u00e9\u00a0<br><\/li>\n\n\n\n<li>Certification ISO\u00a027001:2013 pour le syst\u00e8me de gestion de la s\u00e9curit\u00e9 de l&rsquo;information<br><\/li>\n<\/ul>\n<\/div>\n<\/div>\n<\/div>\n<\/div>\n\n\n\n<div class=\"wp-block-group alignwide has-yellow-background-color has-background has-global-padding is-layout-constrained wp-block-group-is-layout-constrained\" style=\"margin-top:var(--wp--preset--spacing--56)\">\n<div class=\"wp-block-group is-vertical is-content-justification-center is-layout-flex wp-container-core-group-is-layout-ce155fab wp-block-group-is-layout-flex\">\n<h2 class=\"wp-block-heading has-text-align-center\" id=\"h-discover-more-partners\">D\u00e9couvrez nos autres partenaires<\/h2>\n\n\n\n<p class=\"has-text-align-center\">Nous nous associons \u00e0 des entreprises technologiques de premier plan afin que votre \u00e9quipe retire<br>un maximum de valeur de Phrase au quotidien.<\/p>\n<\/div>\n\n\n\n<div class=\"wp-block-buttons is-content-justification-center is-layout-flex wp-container-core-buttons-is-layout-a89b3969 wp-block-buttons-is-layout-flex\">\n<div class=\"wp-block-button\"><a class=\"wp-block-button__link wp-element-button\" href=\"https:\/\/phrase.com\/fr\/partners\/\" target=\"_blank\" rel=\"noreferrer noopener\">Programme de partenariat Phrase<\/a><\/div>\n\n\n\n<div class=\"wp-block-button is-style-black-outline\"><a class=\"wp-block-button__link wp-element-button\" href=\"https:\/\/phrase.com\/fr\/partners-inquiries\/\" target=\"_blank\" rel=\"noreferrer noopener\">Recommander un partenaire<\/a><\/div>\n<\/div>\n<\/div>\n\n","protected":false},"excerpt":{"rendered":"<p>PARTENAIRE DE PHRASE Pensez globalement www.2m.com.au Implant\u00e9 en Am\u00e9rique du Sud, en Europe et en Asie, 2M Language Services (2M) est le principal fournisseur de technologie linguistique et de services linguistiques en Australie.\u00a0 2M propose des solutions personnalis\u00e9es de traduction, d&rsquo;interpr\u00e9tation et de localisation audiovisuelle aliment\u00e9es par l&rsquo;IA et s&rsquo;appuie sur un r\u00e9seau d&rsquo;experts dans [&hellip;]<\/p>\n","protected":false},"author":77,"featured_media":0,"parent":58156,"menu_order":1,"comment_status":"closed","ping_status":"closed","template":"page-refresh","meta":{"_acf_changed":false,"_stopmodifiedupdate":false,"_modified_date":"","_searchwp_excluded":"","episode_type":"","audio_file":"","podmotor_file_id":"","podmotor_episode_id":"","cover_image":"","cover_image_id":"","duration":"","filesize":"","filesize_raw":"","date_recorded":"","explicit":"","block":"","itunes_episode_number":"","itunes_title":"","itunes_season_number":"","itunes_episode_type":"","footnotes":""},"class_list":["post-107198","page","type-page","status-publish","hentry"],"acf":[],"_links":{"self":[{"href":"https:\/\/phrase.com\/fr\/wp-json\/wp\/v2\/pages\/107198","targetHints":{"allow":["GET"]}}],"collection":[{"href":"https:\/\/phrase.com\/fr\/wp-json\/wp\/v2\/pages"}],"about":[{"href":"https:\/\/phrase.com\/fr\/wp-json\/wp\/v2\/types\/page"}],"author":[{"embeddable":true,"href":"https:\/\/phrase.com\/fr\/wp-json\/wp\/v2\/users\/77"}],"replies":[{"embeddable":true,"href":"https:\/\/phrase.com\/fr\/wp-json\/wp\/v2\/comments?post=107198"}],"version-history":[{"count":7,"href":"https:\/\/phrase.com\/fr\/wp-json\/wp\/v2\/pages\/107198\/revisions"}],"predecessor-version":[{"id":120620,"href":"https:\/\/phrase.com\/fr\/wp-json\/wp\/v2\/pages\/107198\/revisions\/120620"}],"up":[{"embeddable":true,"href":"https:\/\/phrase.com\/fr\/wp-json\/wp\/v2\/pages\/58156"}],"wp:attachment":[{"href":"https:\/\/phrase.com\/fr\/wp-json\/wp\/v2\/media?parent=107198"}],"curies":[{"name":"wp","href":"https:\/\/api.w.org\/{rel}","templated":true}]}}