{"id":108711,"date":"2025-06-03T10:28:13","date_gmt":"2025-06-03T08:28:13","guid":{"rendered":"https:\/\/phrase.com\/parta\/"},"modified":"2025-10-06T10:13:34","modified_gmt":"2025-10-06T08:13:34","slug":"parta","status":"publish","type":"page","link":"https:\/\/phrase.com\/fr\/integrations\/parta\/","title":{"rendered":"Parta"},"content":{"rendered":"\n<div style=\"height:29px\" aria-hidden=\"true\" class=\"wp-block-spacer\"><\/div>\n\n\n\n<div class=\"wp-block-group alignfull has-global-padding is-layout-constrained wp-block-group-is-layout-constrained\">\n<p class=\"has-text-align-center has-blue-color has-text-color has-link-color has-medium-font-size wp-elements-4a7df36a4cb5e27183ef5d4c7be84011\">PARTENAIRE DE PHRASE<br><\/p>\n\n\n\n<figure class=\"wp-block-image aligncenter size-full is-resized is-style-not-rounded\"><img loading=\"lazy\" decoding=\"async\" width=\"258\" height=\"75\" src=\"https:\/\/phrase.com\/wp-content\/uploads\/2025\/05\/parta-logo.webp\" alt=\"Logo Parta\" class=\"wp-image-107347\" style=\"width:298px;height:auto\" \/><\/figure>\n\n\n\n<h2 class=\"wp-block-heading has-text-align-center has-large-font-size\" id=\"h-let-your-e-learning-content-go-global-without-compromising-quality-or-speed-parta-io\"><strong>G\u00e9n\u00e9rez du contenu d&rsquo;e-learning globalis\u00e9 dans le respect de la qualit\u00e9 et des d\u00e9lais.<\/strong><br><br><a href=\"https:\/\/parta.io\/\" target=\"_blank\" rel=\"noreferrer noopener\">Parta.io<\/a><\/h2>\n<\/div>\n\n\n\n<div class=\"wp-block-group alignfull is-style-copy has-transparent-background-color has-background has-global-padding is-content-justification-center is-layout-constrained wp-block-group-is-layout-constrained\" style=\"padding-top:var(--wp--preset--spacing--45);padding-bottom:var(--wp--preset--spacing--45)\">\n<div class=\"wp-block-group alignwide has-global-padding is-content-justification-center is-layout-constrained wp-container-core-group-is-layout-20435cd6 wp-block-group-is-layout-constrained\" style=\"padding-bottom:0;padding-left:var(--wp--preset--spacing--56)\">\n<h3 class=\"wp-block-heading\" id=\"h-streamline-the-entire-workflow\"><strong>Rationalisez l&rsquo;ensemble de votre flux de travaux<\/strong><\/h3>\n\n\n\n<p>Activez l&rsquo;int\u00e9gration, choisissez un mod\u00e8le Phrase et s\u00e9lectionnez vos langues. Voil\u00e0, c&rsquo;est tout. Les transferts automatiques renvoient les traductions directement dans Parta, \u00e9liminant la complexit\u00e9 et r\u00e9duisant les frais g\u00e9n\u00e9raux.<\/p>\n\n\n\n<h3 class=\"wp-block-heading\"><strong>Chacun travaille dans son environnement<\/strong><\/h3>\n\n\n\n<p>Les responsables localisation travaillent dans Phrase et les concepteurs de formation dans Parta. Gr\u00e2ce \u00e0 la synchronisation en temps r\u00e9el, les uns et les autres restent parfaitement align\u00e9s, simplifiant la gestion des versions des fichiers.<\/p>\n\n\n\n<h3 class=\"wp-block-heading\"><strong>Des traductions rapides, align\u00e9es avec votre m\u00e9moire<\/strong><\/h3>\n\n\n\n<p class=\"has-text-align-left\" style=\"margin-top:0;margin-bottom:var(--wp--preset--spacing--40)\"><br>Phrase applique vos pipelines, vos mod\u00e8les et votre m\u00e9moire de traduction d\u00e8s l&rsquo;activation de l&rsquo;int\u00e9gration, r\u00e9duisant les d\u00e9lais tout en pr\u00e9servant la terminologie, le ton et les r\u00e8gles de QA.<\/p>\n\n\n\n<div style=\"height:19px\" aria-hidden=\"true\" class=\"wp-block-spacer\"><\/div>\n\n\n\n<div class=\"wp-block-buttons is-content-justification-center is-layout-flex wp-container-core-buttons-is-layout-a89b3969 wp-block-buttons-is-layout-flex\">\n<div class=\"wp-block-button\"><a class=\"wp-block-button__link wp-element-button\" href=\"https:\/\/phrase.com\/fr\/demo\/\" target=\"_blank\" rel=\"noreferrer noopener\">Nous contacter<\/a><\/div>\n\n\n\n<div class=\"wp-block-button is-style-black-outline\"><a class=\"wp-block-button__link has-text-align-center wp-element-button\" href=\"https:\/\/parta.io\/\" target=\"_blank\" rel=\"noreferrer noopener\">Visiter le site web<\/a><\/div>\n<\/div>\n<\/div>\n<\/div>\n\n\n\n<div class=\"wp-block-group alignwide has-phrase-green-background-color has-background has-background-images has-global-padding is-content-justification-left is-layout-constrained wp-container-core-group-is-layout-12dd3699 wp-block-group-is-layout-constrained\" style=\"background-image:url(https:\/\/phrase.com\/wp-content\/uploads\/2025\/07\/woman-ipad-background.jpg.webp);background-position:0% 0%;background-attachment:scroll;background-repeat:no-repeat;background-size:cover\"><div class=\"glide wp-block-phrase-com-testimonials\"><div class=\"glide__track\" data-glide-el=\"track\"><div class=\"glide__slides\">\t<div class=\"wp-block-phrase-com-testimonial glide__slide\">\n\t\t<div class=\"wp-block-phrase-com-testimonial__text \">\n\t\t\t<em>La localisation et la traduction ont toujours \u00e9t\u00e9 des d\u00e9fis de taille dans notre secteur, impliquant de g\u00e9rer des types de fichiers anarchiques, de jongler entre d&rsquo;incessants imports et exports, de les stocker, et nous rendant fortement d\u00e9pendants des autres \u00e9quipes pour accomplir une t\u00e2che. Depuis que nous utilisons l&rsquo;int\u00e9gration Phrase pour Parta, le processus est beaucoup plus simple. C&rsquo;est vraiment g\u00e9nial. Nos concepteurs d&rsquo;exp\u00e9riences d&rsquo;apprentissage ont juste \u00e0 envoyer \u00e0 Phrase le contenu et ils re\u00e7oivent les traductions finales directement depuis Parta. Le processus s&rsquo;en trouve simplifi\u00e9, les frais g\u00e9n\u00e9raux r\u00e9duits et l&rsquo;ensemble de notre flux de travaux rationalis\u00e9.<\/em>\t\t<\/div>\n\t\t<div class=\"wp-block-phrase-com-testimonial__author\">\n\t\t\t\n\t\t\t<div class=\"wp-block-phrase-com-testimonial__author-info\">\n\t\t\t\t<img loading=\"lazy\" decoding=\"async\" width=\"300\" height=\"134\" src=\"https:\/\/phrase.com\/wp-content\/uploads\/2022\/08\/Personio_logo_testimonial.svg\" class=\"wp-block-phrase-com-testimonial__author-company-logo\" alt=\"Logo of Personio (partenaire)\" \/>\n\t\t\t\t<p class=\"wp-block-phrase-com-testimonial__author-name\">\n\t\t\t\t\tBeaker Tincher\t\t\t\t<\/p>\n\n\t\t\t\t<p class=\"wp-block-phrase-com-testimonial__author-title\">\n\t\t\t\t\tResponsable de la formation client et de la certification chez Personio\t\t\t\t<\/p>\n\t\t\t<\/div>\n\t\t<\/div>\n\t<\/div>\n\t<\/div><\/div><\/div><\/div>\n\n\n\n<div class=\"wp-block-group alignwide has-yellow-background-color has-background has-global-padding is-layout-constrained wp-block-group-is-layout-constrained\" style=\"margin-top:var(--wp--preset--spacing--56)\">\n<div class=\"wp-block-group is-vertical is-content-justification-center is-layout-flex wp-container-core-group-is-layout-ce155fab wp-block-group-is-layout-flex\">\n<h2 class=\"wp-block-heading has-text-align-center\" id=\"h-discover-more-partners\">D\u00e9couvrez nos autres partenaires<\/h2>\n\n\n\n<p class=\"has-text-align-center\">Nous nous associons \u00e0 des entreprises technologiques de premier plan afin que votre \u00e9quipe retire<br>un maximum de valeur de Phrase au quotidien.<\/p>\n<\/div>\n\n\n\n<div class=\"wp-block-buttons is-content-justification-center is-layout-flex wp-container-core-buttons-is-layout-a89b3969 wp-block-buttons-is-layout-flex\">\n<div class=\"wp-block-button\"><a class=\"wp-block-button__link wp-element-button\" href=\"https:\/\/phrase.com\/fr\/partners\/\" target=\"_blank\" rel=\"noreferrer noopener\">Programme de partenariat Phrase<\/a><\/div>\n\n\n\n<div class=\"wp-block-button is-style-black-outline\"><a class=\"wp-block-button__link wp-element-button\" href=\"https:\/\/phrase.com\/fr\/partners-inquiries\/\" target=\"_blank\" rel=\"noreferrer noopener\">Recommander un partenaire<\/a><\/div>\n<\/div>\n<\/div>\n\n","protected":false},"excerpt":{"rendered":"<p>PARTENAIRE DE PHRASE G\u00e9n\u00e9rez du contenu d&rsquo;e-learning globalis\u00e9 dans le respect de la qualit\u00e9 et des d\u00e9lais. Parta.io Rationalisez l&rsquo;ensemble de votre flux de travaux Activez l&rsquo;int\u00e9gration, choisissez un mod\u00e8le Phrase et s\u00e9lectionnez vos langues. Voil\u00e0, c&rsquo;est tout. Les transferts automatiques renvoient les traductions directement dans Parta, \u00e9liminant la complexit\u00e9 et r\u00e9duisant les frais g\u00e9n\u00e9raux. [&hellip;]<\/p>\n","protected":false},"author":77,"featured_media":0,"parent":32156,"menu_order":1,"comment_status":"closed","ping_status":"closed","template":"page-refresh","meta":{"_acf_changed":false,"_stopmodifiedupdate":false,"_modified_date":"","_searchwp_excluded":"","episode_type":"","audio_file":"","podmotor_file_id":"","podmotor_episode_id":"","cover_image":"","cover_image_id":"","duration":"","filesize":"","filesize_raw":"","date_recorded":"","explicit":"","block":"","itunes_episode_number":"","itunes_title":"","itunes_season_number":"","itunes_episode_type":"","footnotes":""},"class_list":["post-108711","page","type-page","status-publish","hentry"],"acf":[],"_links":{"self":[{"href":"https:\/\/phrase.com\/fr\/wp-json\/wp\/v2\/pages\/108711","targetHints":{"allow":["GET"]}}],"collection":[{"href":"https:\/\/phrase.com\/fr\/wp-json\/wp\/v2\/pages"}],"about":[{"href":"https:\/\/phrase.com\/fr\/wp-json\/wp\/v2\/types\/page"}],"author":[{"embeddable":true,"href":"https:\/\/phrase.com\/fr\/wp-json\/wp\/v2\/users\/77"}],"replies":[{"embeddable":true,"href":"https:\/\/phrase.com\/fr\/wp-json\/wp\/v2\/comments?post=108711"}],"version-history":[{"count":7,"href":"https:\/\/phrase.com\/fr\/wp-json\/wp\/v2\/pages\/108711\/revisions"}],"predecessor-version":[{"id":121085,"href":"https:\/\/phrase.com\/fr\/wp-json\/wp\/v2\/pages\/108711\/revisions\/121085"}],"up":[{"embeddable":true,"href":"https:\/\/phrase.com\/fr\/wp-json\/wp\/v2\/pages\/32156"}],"wp:attachment":[{"href":"https:\/\/phrase.com\/fr\/wp-json\/wp\/v2\/media?parent=108711"}],"curies":[{"name":"wp","href":"https:\/\/api.w.org\/{rel}","templated":true}]}}