{"id":109906,"date":"2025-06-17T09:54:40","date_gmt":"2025-06-17T07:54:40","guid":{"rendered":"https:\/\/phrase.com\/paladini-digital-solutions\/"},"modified":"2025-10-06T11:07:30","modified_gmt":"2025-10-06T09:07:30","slug":"paladini-digital-solutions","status":"publish","type":"page","link":"https:\/\/phrase.com\/fr\/partners\/paladini-digital-solutions\/","title":{"rendered":"Paladini Digital Solutions + Global Sights Consulting"},"content":{"rendered":"\n<div class=\"wp-block-group alignfull is-style-copy has-transparent-background-color has-background has-global-padding is-content-justification-center is-layout-constrained wp-block-group-is-layout-constrained\" style=\"padding-top:var(--wp--preset--spacing--45);padding-bottom:var(--wp--preset--spacing--45)\">\n<div class=\"wp-block-group alignwide has-global-padding is-content-justification-center is-layout-constrained wp-container-core-group-is-layout-cefc1864 wp-block-group-is-layout-constrained\" style=\"padding-left:var(--wp--preset--spacing--56)\">\n<div style=\"height:43px\" aria-hidden=\"true\" class=\"wp-block-spacer\"><\/div>\n\n\n\n<p class=\"has-text-align-center has-blue-color has-text-color has-link-color wp-elements-eb4885cd7e3bb80c3e3f818b78424659\">PARTENAIRE DE PHRASE<\/p>\n\n\n\n<figure class=\"wp-block-image aligncenter size-full is-resized is-style-not-rounded\"><img loading=\"lazy\" decoding=\"async\" width=\"278\" height=\"276\" src=\"https:\/\/phrase.com\/wp-content\/uploads\/2025\/06\/PDS_ICO.png\" alt=\"\" class=\"wp-image-108648\" style=\"width:206px;height:auto\" srcset=\"https:\/\/phrase.com\/wp-content\/uploads\/2025\/06\/PDS_ICO.png 278w, https:\/\/phrase.com\/wp-content\/uploads\/2025\/06\/PDS_ICO-150x150.png 150w\" sizes=\"auto, (max-width: 278px) 100vw, 278px\" \/><\/figure>\n\n\n\n<h3 class=\"wp-block-heading has-text-align-center has-medium-font-size\" id=\"h-global-reach-local-impact\" style=\"margin-bottom:var(--wp--preset--spacing--8);font-style:normal;font-weight:400\">Une audience globale, un impact local<\/h3>\n\n\n\n<p class=\"has-text-align-center\"><a href=\"https:\/\/paladinidigital.com\/\" target=\"_blank\" rel=\"noreferrer noopener\">paladinidigital.com<\/a><\/p>\n\n\n\n<p class=\"has-text-align-center\" style=\"margin-top:0;margin-bottom:var(--wp--preset--spacing--40)\"><strong><br><\/strong><\/p>\n\n\n\n<p class=\"has-text-align-center\" style=\"margin-top:0;margin-bottom:var(--wp--preset--spacing--40)\">Paladini Digital Solutions et Global Sights Consulting vous proposent un programme de conduite du changement bas\u00e9 sur la pratique du Shift-Left, un cadre \u00e9prouv\u00e9 pour d\u00e9ployer efficacement vos initiatives en mati\u00e8re de produits, de contenu et de localisation.<br><br>En impliquant les parties prenantes, en alignant les contenus sources, en optimisant l&rsquo;intervention humaine dans la boucle et en int\u00e9grant l&rsquo;automatisation d\u00e8s l&rsquo;amont, nous garantissons une exp\u00e9rience d&rsquo;adoption de la technologie fluide et \u00e9volutive.<br><br>L&rsquo;approche Shift-Left concentre les efforts en amont lors de l&rsquo;int\u00e9gration avec une analyse approfondie des besoins. En misant sur la proactivit\u00e9, vous minimisez les risques, vous b\u00e9n\u00e9ficiez d&rsquo;une mise en \u0153uvre fluide et vous acc\u00e9l\u00e9rez votre pr\u00e9paration \u00e0 l&rsquo;\u00e9chelle globale.<\/p>\n\n\n\n<p class=\"has-text-align-center\"><strong>Localisation<br><\/strong><br>\u00c9quipe r\u00e9partie \u00e0 travers le monde (EMEA, AMER, APAC)<\/p>\n\n\n\n<div style=\"height:19px\" aria-hidden=\"true\" class=\"wp-block-spacer\"><\/div>\n\n\n\n<div class=\"wp-block-buttons is-content-justification-center is-layout-flex wp-container-core-buttons-is-layout-a89b3969 wp-block-buttons-is-layout-flex\">\n<div class=\"wp-block-button\"><a class=\"wp-block-button__link wp-element-button\" href=\"https:\/\/phrase.com\/fr\/demo\/\" target=\"_blank\" rel=\"noreferrer noopener\">Nous contacter<\/a><\/div>\n\n\n\n<div class=\"wp-block-button is-style-black-outline\"><a class=\"wp-block-button__link has-text-align-center wp-element-button\" href=\"https:\/\/paladinidigital.com\/\" target=\"_blank\" rel=\"noreferrer noopener\">Visiter le site web<\/a><\/div>\n<\/div>\n<\/div>\n<\/div>\n\n\n\n<div class=\"wp-block-columns alignwide are-vertically-aligned-center is-style-default is-layout-flex wp-container-core-columns-is-layout-28f84493 wp-block-columns-is-layout-flex\">\n<div class=\"wp-block-column is-vertically-aligned-center is-layout-flow wp-container-core-column-is-layout-6220b9e6 wp-block-column-is-layout-flow\" style=\"flex-basis:100%\">\n<h2 class=\"wp-block-heading has-text-align-center has-extra-large-font-size\" id=\"h-services-offered\"><strong>Services propos\u00e9s<\/strong><\/h2>\n\n\n\n<div style=\"height:10px\" aria-hidden=\"true\" class=\"wp-block-spacer\"><\/div>\n\n\n\n<div class=\"wp-block-group is-content-justification-center is-nowrap is-layout-flex wp-container-core-group-is-layout-f52be266 wp-block-group-is-layout-flex\">\n<div class=\"wp-block-group is-vertical is-layout-flex wp-container-core-group-is-layout-9f8eab21 wp-block-group-is-layout-flex\">\n<ul class=\"wp-block-list\">\n<li>Acc\u00e9l\u00e9ration des technologies linguistiques et innovation<\/li>\n\n\n\n<li>Strat\u00e9gie d&rsquo;IA linguistique<\/li>\n\n\n\n<li>Automatisation des processus<\/li>\n\n\n\n<li>Transformation op\u00e9rationnelle\u00a0<\/li>\n\n\n\n<li>Conduite du changement<\/li>\n\n\n\n<li>Direction temporaire<\/li>\n\n\n\n<li>Op\u00e9rations de localisation &#8211; Services g\u00e9r\u00e9s<\/li>\n<\/ul>\n<\/div>\n<\/div>\n<\/div>\n<\/div>\n\n\n\n<h2 class=\"wp-block-heading has-text-align-center has-extra-large-font-size\" id=\"h-credentials\"><strong>\u00c0 propos de nous<\/strong><\/h2>\n\n\n\n<ul class=\"wp-block-list\">\n<li><a href=\"https:\/\/www.gala-global.org\/\">Globalization and Localization Association (GALA)<\/a> &#8211; Membres et ancien membre du conseil d&rsquo;administration<\/li>\n\n\n\n<li><a href=\"https:\/\/womeninlocalization.com\/\">Women in Localization<\/a> &#8211; Membres et ancienne responsable du Catalunya Chapter<\/li>\n\n\n\n<li><a href=\"https:\/\/pic.locworld.com\/\">Process Innovation Challenge<\/a> &#8211; Conseil consultatif<\/li>\n\n\n\n<li>Leaders d&rsquo;opinion lors de nombreux \u00e9v\u00e9nements du secteur de la localisation &#8211; LocWorld, GALA, TAUS<\/li>\n<\/ul>\n\n\n\n<div class=\"wp-block-group alignwide has-phrase-green-background-color has-background has-background-images has-global-padding is-content-justification-left is-layout-constrained wp-container-core-group-is-layout-12dd3699 wp-block-group-is-layout-constrained\" style=\"background-image:url(https:\/\/phrase.com\/wp-content\/uploads\/2024\/06\/Untitled-design-6.jpg.webp);background-position:0% 0%;background-attachment:scroll;background-repeat:no-repeat;background-size:cover\"><div class=\"glide wp-block-phrase-com-testimonials\"><div class=\"glide__track\" data-glide-el=\"track\"><div class=\"glide__slides\">\t<div class=\"wp-block-phrase-com-testimonial glide__slide\">\n\t\t<div class=\"wp-block-phrase-com-testimonial__text \">\n\t\t\t<span style=\"font-weight: 400\">Le partenariat avec Paladini Digital Solutions et Global Sights Consulting a \u00e9t\u00e9 essentiel pour guider nos efforts \u00e0 travers des initiatives de globalisation complexes, leur expertise en gestion du changement a garanti une transition fluide sur les diff\u00e9rents march\u00e9s, en alignant la strat\u00e9gie globale sur l&rsquo;ex\u00e9cution locale tout en minimisant la perturbation et en favorisant l&rsquo;adoption \u00e0 tous les niveaux.<\/span>\t\t<\/div>\n\t\t<div class=\"wp-block-phrase-com-testimonial__author\">\n\t\t\t\n\t\t\t<div class=\"wp-block-phrase-com-testimonial__author-info\">\n\t\t\t\t<img loading=\"lazy\" decoding=\"async\" width=\"200\" height=\"200\" src=\"https:\/\/phrase.com\/wp-content\/uploads\/2025\/08\/global-sights-consulting-logo.jpg\" class=\"wp-block-phrase-com-testimonial__author-company-logo\" alt=\"Logo of PDS Global Sights Consulting (partenaire)\" srcset=\"https:\/\/phrase.com\/wp-content\/uploads\/2025\/08\/global-sights-consulting-logo.jpg 200w, https:\/\/phrase.com\/wp-content\/uploads\/2025\/08\/global-sights-consulting-logo-150x150.jpg 150w\" sizes=\"auto, (max-width: 200px) 100vw, 200px\" \/>\n\t\t\t\t<p class=\"wp-block-phrase-com-testimonial__author-name\">\n\t\t\t\t\tAlessandra Binazzi\t\t\t\t<\/p>\n\n\t\t\t\t<p class=\"wp-block-phrase-com-testimonial__author-title\">\n\t\t\t\t\tGlobal-Sights Consulting\t\t\t\t<\/p>\n\t\t\t<\/div>\n\t\t<\/div>\n\t<\/div>\n\t<\/div><\/div><\/div><\/div>\n\n\n\n<div class=\"wp-block-group alignwide has-yellow-background-color has-background has-global-padding is-layout-constrained wp-block-group-is-layout-constrained\" style=\"margin-top:var(--wp--preset--spacing--56)\">\n<div class=\"wp-block-group is-vertical is-content-justification-center is-layout-flex wp-container-core-group-is-layout-ce155fab wp-block-group-is-layout-flex\">\n<h2 class=\"wp-block-heading has-text-align-center\" id=\"h-discover-more-partners\">D\u00e9couvrez nos autres partenaires<\/h2>\n\n\n\n<p class=\"has-text-align-center\">Nous nous associons \u00e0 des entreprises technologiques de premier plan afin que votre \u00e9quipe retire<br>un maximum de valeur de Phrase au quotidien.<\/p>\n<\/div>\n\n\n\n<div class=\"wp-block-buttons is-content-justification-center is-layout-flex wp-container-core-buttons-is-layout-a89b3969 wp-block-buttons-is-layout-flex\">\n<div class=\"wp-block-button\"><a class=\"wp-block-button__link wp-element-button\" href=\"https:\/\/phrase.com\/fr\/partners\/\" target=\"_blank\" rel=\"noreferrer noopener\">Programme de partenariat Phrase<\/a><\/div>\n\n\n\n<div class=\"wp-block-button is-style-black-outline\"><a class=\"wp-block-button__link wp-element-button\" href=\"https:\/\/phrase.com\/fr\/partners-inquiries\/\" target=\"_blank\" rel=\"noreferrer noopener\">Recommander un partenaire<\/a><\/div>\n<\/div>\n<\/div>\n\n","protected":false},"excerpt":{"rendered":"<p>PARTENAIRE DE PHRASE Une audience globale, un impact local paladinidigital.com Paladini Digital Solutions et Global Sights Consulting vous proposent un programme de conduite du changement bas\u00e9 sur la pratique du Shift-Left, un cadre \u00e9prouv\u00e9 pour d\u00e9ployer efficacement vos initiatives en mati\u00e8re de produits, de contenu et de localisation. En impliquant les parties prenantes, en alignant [&hellip;]<\/p>\n","protected":false},"author":77,"featured_media":0,"parent":58156,"menu_order":1,"comment_status":"closed","ping_status":"closed","template":"page-refresh","meta":{"_acf_changed":false,"_stopmodifiedupdate":false,"_modified_date":"","_searchwp_excluded":"","episode_type":"","audio_file":"","podmotor_file_id":"","podmotor_episode_id":"","cover_image":"","cover_image_id":"","duration":"","filesize":"","filesize_raw":"","date_recorded":"","explicit":"","block":"","itunes_episode_number":"","itunes_title":"","itunes_season_number":"","itunes_episode_type":"","footnotes":""},"class_list":["post-109906","page","type-page","status-publish","hentry"],"acf":[],"_links":{"self":[{"href":"https:\/\/phrase.com\/fr\/wp-json\/wp\/v2\/pages\/109906","targetHints":{"allow":["GET"]}}],"collection":[{"href":"https:\/\/phrase.com\/fr\/wp-json\/wp\/v2\/pages"}],"about":[{"href":"https:\/\/phrase.com\/fr\/wp-json\/wp\/v2\/types\/page"}],"author":[{"embeddable":true,"href":"https:\/\/phrase.com\/fr\/wp-json\/wp\/v2\/users\/77"}],"replies":[{"embeddable":true,"href":"https:\/\/phrase.com\/fr\/wp-json\/wp\/v2\/comments?post=109906"}],"version-history":[{"count":8,"href":"https:\/\/phrase.com\/fr\/wp-json\/wp\/v2\/pages\/109906\/revisions"}],"predecessor-version":[{"id":122979,"href":"https:\/\/phrase.com\/fr\/wp-json\/wp\/v2\/pages\/109906\/revisions\/122979"}],"up":[{"embeddable":true,"href":"https:\/\/phrase.com\/fr\/wp-json\/wp\/v2\/pages\/58156"}],"wp:attachment":[{"href":"https:\/\/phrase.com\/fr\/wp-json\/wp\/v2\/media?parent=109906"}],"curies":[{"name":"wp","href":"https:\/\/api.w.org\/{rel}","templated":true}]}}