{"id":116065,"date":"2024-04-04T10:46:37","date_gmt":"2024-04-04T08:46:37","guid":{"rendered":"https:\/\/phrase.com\/traduno\/"},"modified":"2025-10-06T11:05:18","modified_gmt":"2025-10-06T09:05:18","slug":"traduno","status":"publish","type":"page","link":"https:\/\/phrase.com\/fr\/partners\/traduno\/","title":{"rendered":"Traduno"},"content":{"rendered":"\n<div class=\"wp-block-group alignfull is-style-copy has-transparent-background-color has-background has-global-padding is-content-justification-center is-layout-constrained wp-block-group-is-layout-constrained\" style=\"padding-top:var(--wp--preset--spacing--45);padding-bottom:var(--wp--preset--spacing--45)\">\n<div class=\"wp-block-group alignwide has-global-padding is-content-justification-center is-layout-constrained wp-container-core-group-is-layout-cefc1864 wp-block-group-is-layout-constrained\" style=\"padding-left:var(--wp--preset--spacing--56)\">\n<p class=\"has-text-align-center has-blue-color has-text-color has-link-color wp-elements-713e13bf3dfe26695909de69e6671667\">PARTENAIRE PHRASE<\/p>\n\n\n\n<figure class=\"wp-block-image aligncenter size-full is-resized is-style-not-rounded\"><img loading=\"lazy\" decoding=\"async\" width=\"556\" height=\"89\" src=\"https:\/\/phrase.com\/wp-content\/uploads\/2025\/09\/Logo.png\" alt=\"traduno Logo\" class=\"wp-image-115819\" style=\"width:276px;height:auto\" srcset=\"https:\/\/phrase.com\/wp-content\/uploads\/2025\/09\/Logo.png 556w, https:\/\/phrase.com\/wp-content\/uploads\/2025\/09\/Logo-300x48.png 300w\" sizes=\"auto, (max-width: 556px) 100vw, 556px\" \/><\/figure>\n\n\n\n<div style=\"height:20px\" aria-hidden=\"true\" class=\"wp-block-spacer\"><\/div>\n\n\n\n<h3 class=\"wp-block-heading has-text-align-center has-medium-font-size\" id=\"h-discover-fluent-processes\" style=\"margin-bottom:var(--wp--preset--spacing--8);font-style:normal;font-weight:400\"><strong>D\u00e9couvrez des processus fluides<\/strong>.<\/h3>\n\n\n\n<p class=\"has-text-align-center\"><a href=\"https:\/\/www.acclaro.com\/?utm_campaign=Partner%20Marketing&amp;utm_source=Phrase%20partner%20listing&amp;utm_medium=Main%20link&amp;utm_term=Acclaro\" target=\"_blank\" rel=\"noreferrer noopener\"><\/a><a href=\"https:\/\/www.actumdigital.com\/\"><\/a><a href=\"https:\/\/blog.attachedglobal.com\/en\/attached-partners-with-phrase-to-elevate-enterprise-translation-solutions\"><\/a><a href=\"https:\/\/www.clearlyloc.com\/\" target=\"_blank\" rel=\"noreferrer noopener\"><\/a><a href=\"https:\/\/traduno.com\/\" target=\"_blank\" rel=\"noreferrer noopener\">www.traduno.com<\/a>\u202f<\/p>\n\n\n\n<div style=\"height:60px\" aria-hidden=\"true\" class=\"wp-block-spacer\"><\/div>\n\n\n\n<p class=\"has-text-align-center\" style=\"margin-top:0;margin-bottom:var(--wp--preset--spacing--40)\"><strong><br><\/strong>Fluidifiez votre activit\u00e9 avec Traduno, votre solution de gestion d\u2019entreprise de traduction. Avec un ensemble complet d&rsquo;outils adapt\u00e9s aux fournisseurs de services linguistiques, Traduno permet \u00e0 votre entreprise de surpasser ses concurrents et de prosp\u00e9rer dans le paysage de la traduction en constante \u00e9volution.<br><br>Avantages\u00a0:<\/p>\n\n\n\n<ul class=\"wp-block-list\">\n<li><strong>Qualit\u00e9 et ponctualit\u00e9 am\u00e9lior\u00e9es :<\/strong>\u00a0Rationalisez vos processus pour am\u00e9liorer la qualit\u00e9 des traductions et respecter les d\u00e9lais de mani\u00e8re coh\u00e9rente.<br><\/li>\n\n\n\n<li><strong>Contr\u00f4le total du processus :<\/strong>\u00a0Prenez en charge chaque aspect de vos op\u00e9rations avec un contr\u00f4le total sur les processus.<br><\/li>\n\n\n\n<li><strong>Centralisation efficace des flux de travaux des clients :<\/strong>\u00a0Aidez vos clients \u00e0 rationaliser leurs flux de travaux via le portail client, am\u00e9liorant ainsi leur satisfaction et leur fid\u00e9lit\u00e9.<br><\/li>\n\n\n\n<li><strong>Affectation optimis\u00e9e des linguistes et maintenance de la base de donn\u00e9es :<\/strong>\u00a0G\u00e9rez efficacement les linguistes et les agences, en veillant \u00e0 ce que les bonnes ressources soient allou\u00e9es \u00e0 chaque projet.<br><\/li>\n\n\n\n<li><strong>\u00c9quilibre entre qualit\u00e9, rapidit\u00e9 et rentabilit\u00e9<\/strong> : Atteignez le parfait \u00e9quilibre entre la livraison de traductions de haute qualit\u00e9, le respect de d\u00e9lais serr\u00e9s et l&rsquo;optimisation des co\u00fbts.<br><\/li>\n<\/ul>\n\n\n\n<p class=\"has-text-align-center\">Avec Traduno, vous pouvez g\u00e9rer tous les aspects de votre entreprise sur une plateforme conviviale, optimisant l&rsquo;efficacit\u00e9, am\u00e9liorant la collaboration et favorisant la croissance.<br><br><br><strong>Localisation<\/strong><\/p>\n\n\n\n<p class=\"has-text-align-center\">Royaume-Uni, Moldavie.<\/p>\n\n\n\n<div style=\"height:19px\" aria-hidden=\"true\" class=\"wp-block-spacer\"><\/div>\n\n\n\n<div class=\"wp-block-buttons is-content-justification-center is-layout-flex wp-container-core-buttons-is-layout-a89b3969 wp-block-buttons-is-layout-flex\">\n<div class=\"wp-block-button\"><a class=\"wp-block-button__link wp-element-button\" href=\"https:\/\/phrase.com\/fr\/demo\/\" target=\"_blank\" rel=\"noreferrer noopener\">Nous contacter<\/a><\/div>\n\n\n\n<div class=\"wp-block-button is-style-black-outline\"><a class=\"wp-block-button__link has-text-align-center wp-element-button\" href=\"https:\/\/traduno.com\/\" target=\"_blank\" rel=\"noreferrer noopener\">Visiter le site web<\/a><\/div>\n<\/div>\n<\/div>\n<\/div>\n\n\n\n<div class=\"wp-block-columns are-vertically-aligned-center is-style-default is-layout-flex wp-container-core-columns-is-layout-28f84493 wp-block-columns-is-layout-flex\">\n<div class=\"wp-block-column is-vertically-aligned-center is-layout-flow wp-container-core-column-is-layout-6220b9e6 wp-block-column-is-layout-flow\" style=\"flex-basis:100%\">\n<h2 class=\"wp-block-heading has-text-align-center has-extra-large-font-size\" id=\"h-services-offered\"><strong>Services propos\u00e9s<\/strong><\/h2>\n\n\n\n<div style=\"height:10px\" aria-hidden=\"true\" class=\"wp-block-spacer\"><\/div>\n\n\n\n<div class=\"wp-block-group is-content-justification-center is-nowrap is-layout-flex wp-container-core-group-is-layout-f52be266 wp-block-group-is-layout-flex\">\n<div class=\"wp-block-group is-vertical is-layout-flex wp-container-core-group-is-layout-9f8eab21 wp-block-group-is-layout-flex\">\n<ul class=\"wp-block-list\">\n<li><strong>Gestion des clients et des finances :<\/strong> Gardez toutes les donn\u00e9es li\u00e9es aux clients organis\u00e9es en un seul endroit, facturez facilement les clients et offrez-leur un flux de travaux centralis\u00e9 via le portail client.<br><\/li>\n\n\n\n<li><strong>Gestion de projet<\/strong> Rationalisez votre flux de travaux avec des outils avanc\u00e9s de gestion de projet, y compris des int\u00e9grations d&rsquo;outils CAT et la possibilit\u00e9 de g\u00e9n\u00e9rer des devis pour les clients.<br><\/li>\n\n\n\n<li><strong>Automatisation des t\u00e2ches :<\/strong>\u00a0Automatisez la cr\u00e9ation de brouillons de projet, de mod\u00e8les et de t\u00e2ches, rendant la gestion de projet plus efficace.<br><\/li>\n\n\n\n<li><strong>Gestion des prestataires\u00a0:<\/strong>\u00a0Maintenez une base de donn\u00e9es de prestataires productive, demandez de nouveaux prestataires si n\u00e9cessaire et g\u00e9n\u00e9rez facilement des factures pour les prestataires.<br><\/li>\n\n\n\n<li><strong>Communications int\u00e9gr\u00e9es\u00a0:<\/strong>\u00a0Communiquez sans effort avec vos coll\u00e8gues, clients et prestataires directement sur la plateforme, garantissant une collaboration efficace.<br><\/li>\n\n\n\n<li><strong>Autres fonctionnalit\u00e9s\u00a0:<\/strong>\u00a0G\u00e9rez les probl\u00e8mes de qualit\u00e9, traitez les demandes d&rsquo;ing\u00e9nierie, utilisez un syst\u00e8me de billetterie, g\u00e9rez les utilisateurs et les r\u00f4les, acc\u00e9dez \u00e0 des statistiques informatives et importez\/exportez des donn\u00e9es sans effort.<\/li>\n<\/ul>\n<\/div>\n<\/div>\n<\/div>\n<\/div>\n\n\n\n<div class=\"wp-block-group alignwide has-yellow-background-color has-background has-global-padding is-layout-constrained wp-block-group-is-layout-constrained\" style=\"margin-top:var(--wp--preset--spacing--56)\">\n<div class=\"wp-block-group is-vertical is-content-justification-center is-layout-flex wp-container-core-group-is-layout-ce155fab wp-block-group-is-layout-flex\">\n<h2 class=\"wp-block-heading has-text-align-center\" id=\"h-discover-more-partners\">D\u00e9couvrez nos autres partenaires<\/h2>\n\n\n\n<p class=\"has-text-align-center\">Nous nous associons \u00e0 des entreprises technologiques de premier plan afin que votre \u00e9quipe retire<br>un maximum de valeur de Phrase au quotidien.<\/p>\n<\/div>\n\n\n\n<div class=\"wp-block-buttons is-content-justification-center is-layout-flex wp-container-core-buttons-is-layout-a89b3969 wp-block-buttons-is-layout-flex\">\n<div class=\"wp-block-button\"><a class=\"wp-block-button__link wp-element-button\" href=\"https:\/\/phrase.com\/fr\/partners\/\" target=\"_blank\" rel=\"noreferrer noopener\">Programme de partenariat Phrase<\/a><\/div>\n\n\n\n<div class=\"wp-block-button is-style-black-outline\"><a class=\"wp-block-button__link wp-element-button\" href=\"https:\/\/phrase.com\/fr\/partners-inquiries\/\" target=\"_blank\" rel=\"noreferrer noopener\">Recommander un partenaire<\/a><\/div>\n<\/div>\n<\/div>\n\n","protected":false},"excerpt":{"rendered":"<p>PARTENAIRE PHRASE D\u00e9couvrez des processus fluides. www.traduno.com\u202f Fluidifiez votre activit\u00e9 avec Traduno, votre solution de gestion d\u2019entreprise de traduction. Avec un ensemble complet d&rsquo;outils adapt\u00e9s aux fournisseurs de services linguistiques, Traduno permet \u00e0 votre entreprise de surpasser ses concurrents et de prosp\u00e9rer dans le paysage de la traduction en constante \u00e9volution. Avantages\u00a0: Avec Traduno, vous [&hellip;]<\/p>\n","protected":false},"author":4,"featured_media":0,"parent":58156,"menu_order":1,"comment_status":"closed","ping_status":"closed","template":"page-refresh","meta":{"_acf_changed":false,"_stopmodifiedupdate":false,"_modified_date":"","_searchwp_excluded":"","episode_type":"","audio_file":"","podmotor_file_id":"","podmotor_episode_id":"","cover_image":"","cover_image_id":"","duration":"","filesize":"","filesize_raw":"","date_recorded":"","explicit":"","block":"","itunes_episode_number":"","itunes_title":"","itunes_season_number":"","itunes_episode_type":"","footnotes":""},"class_list":["post-116065","page","type-page","status-publish","hentry"],"acf":[],"_links":{"self":[{"href":"https:\/\/phrase.com\/fr\/wp-json\/wp\/v2\/pages\/116065","targetHints":{"allow":["GET"]}}],"collection":[{"href":"https:\/\/phrase.com\/fr\/wp-json\/wp\/v2\/pages"}],"about":[{"href":"https:\/\/phrase.com\/fr\/wp-json\/wp\/v2\/types\/page"}],"author":[{"embeddable":true,"href":"https:\/\/phrase.com\/fr\/wp-json\/wp\/v2\/users\/4"}],"replies":[{"embeddable":true,"href":"https:\/\/phrase.com\/fr\/wp-json\/wp\/v2\/comments?post=116065"}],"version-history":[{"count":6,"href":"https:\/\/phrase.com\/fr\/wp-json\/wp\/v2\/pages\/116065\/revisions"}],"predecessor-version":[{"id":122878,"href":"https:\/\/phrase.com\/fr\/wp-json\/wp\/v2\/pages\/116065\/revisions\/122878"}],"up":[{"embeddable":true,"href":"https:\/\/phrase.com\/fr\/wp-json\/wp\/v2\/pages\/58156"}],"wp:attachment":[{"href":"https:\/\/phrase.com\/fr\/wp-json\/wp\/v2\/media?parent=116065"}],"curies":[{"name":"wp","href":"https:\/\/api.w.org\/{rel}","templated":true}]}}