{"id":117295,"date":"2025-05-12T07:17:47","date_gmt":"2025-05-12T05:17:47","guid":{"rendered":"https:\/\/phrase.com\/ec-innovations\/"},"modified":"2025-10-06T10:20:57","modified_gmt":"2025-10-06T08:20:57","slug":"ec-innovations","status":"publish","type":"page","link":"https:\/\/phrase.com\/fr\/partners\/ec-innovations\/","title":{"rendered":"EC Innovations"},"content":{"rendered":"\n<div class=\"wp-block-group alignfull is-style-copy has-transparent-background-color has-background has-global-padding is-content-justification-center is-layout-constrained wp-block-group-is-layout-constrained\" style=\"padding-top:var(--wp--preset--spacing--45);padding-bottom:var(--wp--preset--spacing--45)\">\n<div class=\"wp-block-group alignwide has-global-padding is-content-justification-center is-layout-constrained wp-container-core-group-is-layout-cefc1864 wp-block-group-is-layout-constrained\" style=\"padding-left:var(--wp--preset--spacing--56)\">\n<p class=\"has-text-align-center has-blue-color has-text-color has-link-color wp-elements-eb4885cd7e3bb80c3e3f818b78424659\">PARTENAIRE DE PHRASE<\/p>\n\n\n\n<figure class=\"wp-block-image aligncenter size-full is-resized is-style-not-rounded\"><img loading=\"lazy\" decoding=\"async\" width=\"1328\" height=\"136\" src=\"https:\/\/phrase.com\/wp-content\/uploads\/2025\/05\/ec-innovations.png\" alt=\"Logo EC Innovations\" class=\"wp-image-105254\" style=\"width:327px;height:auto\" srcset=\"https:\/\/phrase.com\/wp-content\/uploads\/2025\/05\/ec-innovations.png 1328w, https:\/\/phrase.com\/wp-content\/uploads\/2025\/05\/ec-innovations-300x31.png 300w, https:\/\/phrase.com\/wp-content\/uploads\/2025\/05\/ec-innovations-1024x105.png 1024w, https:\/\/phrase.com\/wp-content\/uploads\/2025\/05\/ec-innovations-768x79.png 768w\" sizes=\"auto, (max-width: 1328px) 100vw, 1328px\" \/><\/figure>\n\n\n\n<h3 class=\"wp-block-heading has-text-align-center has-medium-font-size\" id=\"h-unlock-new-worlds\" style=\"margin-bottom:var(--wp--preset--spacing--8);font-style:normal;font-weight:400\">D\u00e9verrouillez de nouveaux mondes<\/h3>\n\n\n\n<p class=\"has-text-align-center\"><a href=\"https:\/\/www.ecinnovations.com\/\" target=\"_blank\" rel=\"noreferrer noopener\">ecinnovations.com<\/a><\/p>\n\n\n\n<div style=\"height:60px\" aria-hidden=\"true\" class=\"wp-block-spacer\"><\/div>\n\n\n\n<p class=\"has-text-align-center\" style=\"margin-top:0;margin-bottom:var(--wp--preset--spacing--40)\">Chez EC Innovations, nous livrons une localisation sur mesure \u00e0 grande \u00e9chelle. Nos \u00e9quipes de sp\u00e9cialistes des technologies, de linguistes et d&rsquo;experts travaillent ensemble pour livrer des versions localis\u00e9es authentiques de toutes vos ressources cl\u00e9s. Permettant \u00e0 vos clients dans diff\u00e9rentes zones g\u00e9ographiques de profiter de la m\u00eame exp\u00e9rience de haute qualit\u00e9, o\u00f9 qu&rsquo;ils se trouvent.\u00a0\u00a0<\/p>\n\n\n\n<p class=\"has-text-align-center\">Nous sommes obs\u00e9d\u00e9s par les nuances de la langue et du sens, la puissance de la technologie de traduction et l&rsquo;exactitude de la terminologie dans tous les secteurs cl\u00e9s que nous servons. Nous avons commenc\u00e9 comme fournisseur pour d&rsquo;autres entreprises de traduction \u2013 et peut-\u00eatre que cette profondeur d&rsquo;exp\u00e9rience nous a rendus l&rsquo;un des fournisseurs de services linguistiques multilingues \u00e0 la croissance la plus rapide au monde aujourd&rsquo;hui.\u00a0<br><br>Nous avons 14 bureaux strat\u00e9giques \u00e0 travers le monde, avec des si\u00e8ges r\u00e9gionaux dans un fuseau horaire pr\u00e8s de chez vous (\u00c9tats-Unis, France, Chine, Singapour). Plus de 650 employ\u00e9s \u00e0 temps plein s&#8217;emploient \u00e0 fournir un soutien \u00e0 la localisation dans plus de 140 langues \u00e0 travers 260 lieux. Nous serions ravis de vous aider avec votre projet aussi.<\/p>\n\n\n\n<p class=\"has-text-align-center\"><strong>Localisation<br><\/strong><br>\u00c9tats-Unis (Wilmington)<br>Singapour<br>France (Paris)<br>Royaume-Uni (Londres)<br>Danemark (Copenhague)<br>Japon (Tokyo)<br>Chine (P\u00e9kin, Chengdu, Shenyang, Shanghai, Chongqing, Hong Kong)<\/p>\n\n\n\n<div style=\"height:19px\" aria-hidden=\"true\" class=\"wp-block-spacer\"><\/div>\n\n\n\n<div class=\"wp-block-buttons is-content-justification-center is-layout-flex wp-container-core-buttons-is-layout-a89b3969 wp-block-buttons-is-layout-flex\">\n<div class=\"wp-block-button\"><a class=\"wp-block-button__link wp-element-button\" href=\"https:\/\/phrase.com\/fr\/demo\/\" target=\"_blank\" rel=\"noreferrer noopener\">Nous contacter<\/a><\/div>\n\n\n\n<div class=\"wp-block-button is-style-black-outline\"><a class=\"wp-block-button__link has-text-align-center wp-element-button\" href=\"https:\/\/www.ecinnovations.com\/\" target=\"_blank\" rel=\"noreferrer noopener\">Visiter le site web<\/a><\/div>\n<\/div>\n<\/div>\n<\/div>\n\n\n\n<div class=\"wp-block-columns alignwide are-vertically-aligned-center is-style-default is-layout-flex wp-container-core-columns-is-layout-28f84493 wp-block-columns-is-layout-flex\">\n<div class=\"wp-block-column is-vertically-aligned-center is-layout-flow wp-container-core-column-is-layout-6220b9e6 wp-block-column-is-layout-flow\" style=\"flex-basis:100%\">\n<h2 class=\"wp-block-heading has-text-align-center has-extra-large-font-size\" id=\"h-services-offered\"><strong>Services propos\u00e9s<\/strong><\/h2>\n\n\n\n<div style=\"height:10px\" aria-hidden=\"true\" class=\"wp-block-spacer\"><\/div>\n\n\n\n<div class=\"wp-block-group is-content-justification-center is-nowrap is-layout-flex wp-container-core-group-is-layout-f52be266 wp-block-group-is-layout-flex\">\n<div class=\"wp-block-group is-vertical is-layout-flex wp-container-core-group-is-layout-9f8eab21 wp-block-group-is-layout-flex\">\n<ul class=\"wp-block-list\">\n<li><a href=\"https:\/\/www.ecinnovations.com\/services\/translation\/\" target=\"_blank\" rel=\"noreferrer noopener\">Traduction<br><\/a><\/li>\n\n\n\n<li><a href=\"https:\/\/www.ecinnovations.com\/services\/localization\/\" target=\"_blank\" rel=\"noreferrer noopener\">Localisation<br><\/a><\/li>\n\n\n\n<li><a href=\"https:\/\/www.ecinnovations.com\/services\/multimedia\/\" target=\"_blank\" rel=\"noreferrer noopener\">Multim\u00e9dia<\/a><\/li>\n<\/ul>\n<\/div>\n\n\n\n<div class=\"wp-block-group is-vertical is-layout-flex wp-container-core-group-is-layout-9f8eab21 wp-block-group-is-layout-flex\">\n<ul class=\"wp-block-list\">\n<li><a href=\"https:\/\/www.ecinnovations.com\/services\/games-service\/\">Services de jeux<\/a><br><\/li>\n\n\n\n<li><a href=\"https:\/\/www.ecinnovations.com\/services\/ip-patent\/\">Propri\u00e9t\u00e9 intellectuelle et brevets<\/a><br><\/li>\n\n\n\n<li><a href=\"https:\/\/www.ecinnovations.com\/services\/interpretation\/\">Interpr\u00e9tation<\/a><\/li>\n<\/ul>\n<\/div>\n\n\n\n<div class=\"wp-block-group is-vertical is-layout-flex wp-container-core-group-is-layout-9f8eab21 wp-block-group-is-layout-flex\">\n<ul class=\"wp-block-list\">\n<li><a href=\"https:\/\/www.ecinnovations.com\/services\/machine-translation\/\">Traduction automatique<\/a><br><\/li>\n\n\n\n<li><a href=\"https:\/\/www.ecinnovations.com\/services\/ai-data-services\/\">Services de donn\u00e9es IA<\/a><br><\/li>\n<\/ul>\n<\/div>\n<\/div>\n<\/div>\n<\/div>\n\n\n\n<div class=\"wp-block-columns alignwide are-vertically-aligned-center is-style-default is-layout-flex wp-container-core-columns-is-layout-28f84493 wp-block-columns-is-layout-flex\">\n<div class=\"wp-block-column is-vertically-aligned-center is-layout-flow wp-container-core-column-is-layout-6220b9e6 wp-block-column-is-layout-flow\" style=\"flex-basis:100%\">\n<h2 class=\"wp-block-heading has-text-align-center has-extra-large-font-size\" id=\"h-credentials\"><strong><strong>\u00c0 propos de nous<\/strong><\/strong><\/h2>\n\n\n\n<div style=\"height:10px\" aria-hidden=\"true\" class=\"wp-block-spacer\"><\/div>\n\n\n\n<div class=\"wp-block-group is-content-justification-center is-nowrap is-layout-flex wp-container-core-group-is-layout-f52be266 wp-block-group-is-layout-flex\">\n<div class=\"wp-block-group is-vertical is-layout-flex wp-container-core-group-is-layout-9f8eab21 wp-block-group-is-layout-flex\">\n<ul class=\"wp-block-list\">\n<li>ISO 9001:2015 (Syst\u00e8mes de management de la qualit\u00e9)<br><\/li>\n\n\n\n<li>ISO 17100:2015 (Fournisseurs de services de traduction)<br><\/li>\n\n\n\n<li>ISO 13485:2016 (Dispositifs m\u00e9dicaux)<\/li>\n<\/ul>\n<\/div>\n\n\n\n<div class=\"wp-block-group is-vertical is-layout-flex wp-container-core-group-is-layout-9f8eab21 wp-block-group-is-layout-flex\">\n<ul class=\"wp-block-list\">\n<li>ISO 27001:2022 (S\u00e9curit\u00e9 de l&rsquo;information)<br><\/li>\n\n\n\n<li>ISO 18587:2017 (Post-\u00e9dition de la traduction automatique)<br><\/li>\n\n\n\n<li>ISO 14001:2015 (Syst\u00e8me de management environnemental)<\/li>\n<\/ul>\n<\/div>\n<\/div>\n<\/div>\n<\/div>\n\n\n\n<div class=\"wp-block-group alignwide has-blue-10-background-color has-background has-global-padding is-content-justification-left is-layout-constrained wp-container-core-group-is-layout-12dd3699 wp-block-group-is-layout-constrained\"><div class=\"glide wp-block-phrase-com-testimonials\"><div class=\"glide__track\" data-glide-el=\"track\"><div class=\"glide__slides\"><\/div><\/div><\/div><\/div>\n\n\n\n<div class=\"wp-block-group alignwide has-yellow-background-color has-background has-global-padding is-layout-constrained wp-block-group-is-layout-constrained\" style=\"margin-top:var(--wp--preset--spacing--56)\">\n<div class=\"wp-block-group is-vertical is-content-justification-center is-layout-flex wp-container-core-group-is-layout-ce155fab wp-block-group-is-layout-flex\">\n<h2 class=\"wp-block-heading has-text-align-center\" id=\"h-discover-more-partners\">D\u00e9couvrez nos autres partenaires<\/h2>\n\n\n\n<p class=\"has-text-align-center\">Nous nous associons \u00e0 des entreprises technologiques de premier plan afin que votre \u00e9quipe retire<br>un maximum de valeur de Phrase au quotidien.<\/p>\n<\/div>\n\n\n\n<div class=\"wp-block-buttons is-content-justification-center is-layout-flex wp-container-core-buttons-is-layout-a89b3969 wp-block-buttons-is-layout-flex\">\n<div class=\"wp-block-button\"><a class=\"wp-block-button__link wp-element-button\" href=\"https:\/\/phrase.com\/fr\/partners\/\" target=\"_blank\" rel=\"noreferrer noopener\">Programme de partenariat Phrase<\/a><\/div>\n\n\n\n<div class=\"wp-block-button is-style-black-outline\"><a class=\"wp-block-button__link wp-element-button\" href=\"https:\/\/phrase.com\/fr\/partners-inquiries\/\" target=\"_blank\" rel=\"noreferrer noopener\">Recommander un partenaire<\/a><\/div>\n<\/div>\n<\/div>\n\n","protected":false},"excerpt":{"rendered":"<p>PARTENAIRE DE PHRASE D\u00e9verrouillez de nouveaux mondes ecinnovations.com Chez EC Innovations, nous livrons une localisation sur mesure \u00e0 grande \u00e9chelle. Nos \u00e9quipes de sp\u00e9cialistes des technologies, de linguistes et d&rsquo;experts travaillent ensemble pour livrer des versions localis\u00e9es authentiques de toutes vos ressources cl\u00e9s. Permettant \u00e0 vos clients dans diff\u00e9rentes zones g\u00e9ographiques de profiter de la [&hellip;]<\/p>\n","protected":false},"author":77,"featured_media":0,"parent":58156,"menu_order":1,"comment_status":"closed","ping_status":"closed","template":"page-refresh","meta":{"_acf_changed":false,"_stopmodifiedupdate":false,"_modified_date":"","_searchwp_excluded":"","episode_type":"","audio_file":"","podmotor_file_id":"","podmotor_episode_id":"","cover_image":"","cover_image_id":"","duration":"","filesize":"","filesize_raw":"","date_recorded":"","explicit":"","block":"","itunes_episode_number":"","itunes_title":"","itunes_season_number":"","itunes_episode_type":"","footnotes":""},"class_list":["post-117295","page","type-page","status-publish","hentry"],"acf":[],"_links":{"self":[{"href":"https:\/\/phrase.com\/fr\/wp-json\/wp\/v2\/pages\/117295","targetHints":{"allow":["GET"]}}],"collection":[{"href":"https:\/\/phrase.com\/fr\/wp-json\/wp\/v2\/pages"}],"about":[{"href":"https:\/\/phrase.com\/fr\/wp-json\/wp\/v2\/types\/page"}],"author":[{"embeddable":true,"href":"https:\/\/phrase.com\/fr\/wp-json\/wp\/v2\/users\/77"}],"replies":[{"embeddable":true,"href":"https:\/\/phrase.com\/fr\/wp-json\/wp\/v2\/comments?post=117295"}],"version-history":[{"count":4,"href":"https:\/\/phrase.com\/fr\/wp-json\/wp\/v2\/pages\/117295\/revisions"}],"predecessor-version":[{"id":121343,"href":"https:\/\/phrase.com\/fr\/wp-json\/wp\/v2\/pages\/117295\/revisions\/121343"}],"up":[{"embeddable":true,"href":"https:\/\/phrase.com\/fr\/wp-json\/wp\/v2\/pages\/58156"}],"wp:attachment":[{"href":"https:\/\/phrase.com\/fr\/wp-json\/wp\/v2\/media?parent=117295"}],"curies":[{"name":"wp","href":"https:\/\/api.w.org\/{rel}","templated":true}]}}