{"id":119482,"date":"2025-07-23T11:52:03","date_gmt":"2025-07-23T09:52:03","guid":{"rendered":"https:\/\/phrase.com\/phrase-knowledge-hub-2\/"},"modified":"2026-05-10T19:55:14","modified_gmt":"2026-05-10T17:55:14","slug":"phrase-knowledge-hub","status":"publish","type":"page","link":"https:\/\/phrase.com\/fr\/phrase-knowledge-hub\/","title":{"rendered":"Phrase Knowledge Hub"},"content":{"rendered":"\n<div class=\"wp-block-group alignfull is-style-header-hero has-green-80-background-color has-background has-background-images has-global-padding is-layout-constrained wp-block-group-is-layout-constrained\" style=\"background-image:url(https:\/\/phrase.com\/wp-content\/uploads\/2025\/07\/knowledge-hub-hero-pattern-ellipse.svg),url(https:\/\/phrase.com\/wp-content\/uploads\/2025\/07\/knowledge-hub-hero-pattern-stripes.svg);background-position:0% 0%,100% 100%;background-attachment:scroll,scroll;background-repeat:no-repeat,no-repeat;background-size:auto,contain\">\n<div class=\"wp-block-group alignwide is-layout-flow wp-block-group-is-layout-flow\">\n<h1 class=\"wp-block-heading has-white-color has-text-color has-link-color wp-elements-3b3ae76908dab2341c5775442cda2d76\" id=\"h-phrase-knowledge-hub\" style=\"margin-bottom:var(--wp--preset--spacing--16)\">Phrase <br>Knowledge Hub<\/h1>\n\n\n\n<p class=\"has-white-color has-text-color has-link-color wp-elements-c5c908d55c56f8865fd64b55aecd7115\">Votre centre de ressources incontournable pour b\u00e9n\u00e9ficier de conseils d&rsquo;experts, d&rsquo;outils d&rsquo;apprentissage<br>et d&rsquo;une assistance sur l&rsquo;ensemble de la plateforme Phrase<\/p>\n\n\n\n<div class=\"wp-block-buttons is-layout-flex wp-block-buttons-is-layout-flex\">\n<div class=\"wp-block-button is-style-phrase-green-filled\"><a class=\"wp-block-button__link wp-element-button\" href=\"https:\/\/support.phrase.com\/hc\/fr\/\" target=\"_blank\" rel=\"noreferrer noopener\">Centre d&rsquo;aide<\/a><\/div>\n\n\n\n<div class=\"wp-block-button is-style-grey-filled\"><a class=\"wp-block-button__link wp-element-button\" href=\"https:\/\/training.phrase.academy\/\" target=\"_blank\" rel=\"noreferrer noopener\">Phrase Academy<\/a><\/div>\n<\/div>\n<\/div>\n<\/div>\n\n\n\n<div class=\"wp-block-columns alignwide is-layout-flex wp-container-core-columns-is-layout-eee20ea1 wp-block-columns-is-layout-flex\">\n<div class=\"wp-block-column is-layout-flow wp-block-column-is-layout-flow\">\n<div class=\"wp-block-group is-vertical is-layout-flex wp-container-core-group-is-layout-fe9cc265 wp-block-group-is-layout-flex\">\n<figure class=\"wp-block-image size-full is-style-not-rounded\"><img loading=\"lazy\" decoding=\"async\" width=\"72\" height=\"72\" src=\"https:\/\/phrase.com\/wp-content\/uploads\/2025\/07\/graduation-hat.svg\" alt=\"\" class=\"wp-image-111215\" \/><\/figure>\n\n\n\n<p class=\"has-large-font-size\">Phrase Academy<\/p>\n\n\n\n<p>Devenez un expert gr\u00e2ce \u00e0 nos programmes de formation complets.<\/p>\n\n\n\n<div class=\"wp-block-buttons is-layout-flex wp-block-buttons-is-layout-flex\">\n<div class=\"wp-block-button is-style-plain\"><a class=\"wp-block-button__link wp-element-button\" href=\"https:\/\/training.phrase.academy\/\" target=\"_blank\" rel=\"noreferrer noopener\">D\u00e9couvrez<\/a><\/div>\n<\/div>\n<\/div>\n<\/div>\n\n\n\n<div class=\"wp-block-column is-layout-flow wp-block-column-is-layout-flow\">\n<div class=\"wp-block-group is-vertical is-layout-flex wp-container-core-group-is-layout-fe9cc265 wp-block-group-is-layout-flex\">\n<figure class=\"wp-block-image size-full is-style-not-rounded\"><img loading=\"lazy\" decoding=\"async\" width=\"72\" height=\"72\" src=\"https:\/\/phrase.com\/wp-content\/uploads\/2025\/07\/documentation.svg\" alt=\"\" class=\"wp-image-110344\" \/><\/figure>\n\n\n\n<p class=\"has-large-font-size\">Centre d&rsquo;aide<\/p>\n\n\n\n<p>Plongez dans les informations d\u00e9taill\u00e9es et la documentation technique sur tous les produits Phrase.<\/p>\n\n\n\n<div class=\"wp-block-buttons is-layout-flex wp-block-buttons-is-layout-flex\">\n<div class=\"wp-block-button is-style-plain\"><a class=\"wp-block-button__link wp-element-button\" href=\"https:\/\/support.phrase.com\/hc\/fr\/\">D\u00e9couvrez<\/a><\/div>\n<\/div>\n<\/div>\n<\/div>\n\n\n\n<div class=\"wp-block-column is-layout-flow wp-block-column-is-layout-flow\">\n<div class=\"wp-block-group is-vertical is-layout-flex wp-container-core-group-is-layout-fe9cc265 wp-block-group-is-layout-flex\">\n<figure class=\"wp-block-image size-full is-style-not-rounded\"><img loading=\"lazy\" decoding=\"async\" width=\"72\" height=\"72\" src=\"https:\/\/phrase.com\/wp-content\/uploads\/2025\/07\/text-align.svg\" alt=\"\" class=\"wp-image-110356\" \/><\/figure>\n\n\n\n<p class=\"has-large-font-size\">Guide d&rsquo;essai<\/p>\n\n\n\n<p>D\u00e9couvrez notre plateforme et d\u00e9marrez vos projets de traduction.<\/p>\n\n\n\n<div class=\"wp-block-buttons is-layout-flex wp-block-buttons-is-layout-flex\">\n<div class=\"wp-block-button is-style-plain\"><a class=\"wp-block-button__link wp-element-button\" href=\"https:\/\/phrase.com\/fr\/onboarding-guide\/\">D\u00e9couvrez<\/a><\/div>\n<\/div>\n<\/div>\n<\/div>\n<\/div>\n\n\n\n<div class=\"wp-block-group alignwide has-yellow-background-color has-background has-global-padding is-layout-constrained wp-block-group-is-layout-constrained\" style=\"margin-top:var(--wp--preset--spacing--56)\">\n<h2 class=\"wp-block-heading has-text-align-center\" id=\"h-need-help\">Vous avez besoin d\u2019aide\u00a0?<\/h2>\n\n\n\n<div class=\"wp-block-buttons is-content-justification-center is-layout-flex wp-container-core-buttons-is-layout-a89b3969 wp-block-buttons-is-layout-flex\">\n<div class=\"wp-block-button\"><a class=\"wp-block-button__link wp-element-button\" href=\"https:\/\/phrase.com\/fr\/contact\/\">Nous contacter<\/a><\/div>\n\n\n\n<div class=\"wp-block-button is-style-black-outline\"><a class=\"wp-block-button__link wp-element-button\" href=\"https:\/\/phrase.com\/fr\/demo\/\">Demander une d\u00e9mo<\/a><\/div>\n<\/div>\n<\/div>\n\n","protected":false},"excerpt":{"rendered":"<p>Phrase Knowledge Hub Votre centre de ressources incontournable pour b\u00e9n\u00e9ficier de conseils d&rsquo;experts, d&rsquo;outils d&rsquo;apprentissageet d&rsquo;une assistance sur l&rsquo;ensemble de la plateforme Phrase Phrase Academy Devenez un expert gr\u00e2ce \u00e0 nos programmes de formation complets. Centre d&rsquo;aide Plongez dans les informations d\u00e9taill\u00e9es et la documentation technique sur tous les produits Phrase. Guide d&rsquo;essai D\u00e9couvrez notre [&hellip;]<\/p>\n","protected":false},"author":25,"featured_media":7474,"parent":0,"menu_order":0,"comment_status":"closed","ping_status":"closed","template":"page-refresh","meta":{"_acf_changed":false,"_stopmodifiedupdate":false,"_modified_date":"","_searchwp_excluded":"","episode_type":"","audio_file":"","podmotor_file_id":"","podmotor_episode_id":"","cover_image":"","cover_image_id":"","duration":"","filesize":"","filesize_raw":"","date_recorded":"","explicit":"","block":"","itunes_episode_number":"","itunes_title":"","itunes_season_number":"","itunes_episode_type":"","footnotes":""},"class_list":["post-119482","page","type-page","status-publish","has-post-thumbnail","hentry"],"acf":[],"_links":{"self":[{"href":"https:\/\/phrase.com\/fr\/wp-json\/wp\/v2\/pages\/119482","targetHints":{"allow":["GET"]}}],"collection":[{"href":"https:\/\/phrase.com\/fr\/wp-json\/wp\/v2\/pages"}],"about":[{"href":"https:\/\/phrase.com\/fr\/wp-json\/wp\/v2\/types\/page"}],"author":[{"embeddable":true,"href":"https:\/\/phrase.com\/fr\/wp-json\/wp\/v2\/users\/25"}],"replies":[{"embeddable":true,"href":"https:\/\/phrase.com\/fr\/wp-json\/wp\/v2\/comments?post=119482"}],"version-history":[{"count":4,"href":"https:\/\/phrase.com\/fr\/wp-json\/wp\/v2\/pages\/119482\/revisions"}],"predecessor-version":[{"id":142225,"href":"https:\/\/phrase.com\/fr\/wp-json\/wp\/v2\/pages\/119482\/revisions\/142225"}],"wp:featuredmedia":[{"embeddable":true,"href":"https:\/\/phrase.com\/fr\/wp-json\/wp\/v2\/media\/7474"}],"wp:attachment":[{"href":"https:\/\/phrase.com\/fr\/wp-json\/wp\/v2\/media?parent=119482"}],"curies":[{"name":"wp","href":"https:\/\/api.w.org\/{rel}","templated":true}]}}