{"id":119764,"date":"2024-07-23T14:33:41","date_gmt":"2024-07-23T12:33:41","guid":{"rendered":"https:\/\/phrase.com\/page-de-destination-de-test-contenu-non-protege\/"},"modified":"2025-10-06T09:40:12","modified_gmt":"2025-10-06T07:40:12","slug":"test-landing-page-ungated-content","status":"publish","type":"page","link":"https:\/\/phrase.com\/fr\/test-landing-page-ungated-content\/","title":{"rendered":"Page de destination de test &#8211; contenu non prot\u00e9g\u00e9"},"content":{"rendered":"\n<div id=\"acf\/hero-block_c74b6098e747ed77e176c43f5e0950f2\" class=\"pxblock pxblock--hero alignfull bg--white\">\n\t\t<div class=\"container\">\n\t\t<div class=\"columns animate-in animate-children columns--middle media--right\">\n\t\t\t<div class=\"wysiwyg column columns--text\">\n\n\t\t\t\t\t\t\t\t<div class=\"text--subheader subhead\">Ebook gratuit <\/div>\n\t\t\t\t\n\t\t\t\t<div class=\"text--header\"><h1 class=\"secondary \">Le guide de localisation pour la communication technique et la documentation<\/h1><\/div>\n\t\t\t\t<div class=\"text--copy\"><div class=\"column\">\n<ul class=\"checklist--small\">\n<li>Avec des sc\u00e9narios du monde r\u00e9el et un accent sur la mise en \u0153uvre de la bonne pile technologique,<\/li>\n<li>Ce guide vous fournit les outils et les connaissances n\u00e9cessaires pour rationaliser efficacement votre processus de localisation.<\/li>\n<li>Plongez et \u00e9levez votre communication technique et votre documentation \u00e0 un public mondial en toute confiance.<\/li>\n<\/ul>\n<\/div>\n<\/div>\n\n\t\t\t\t\t\t\t<\/div>\n\t\t\t<div class=\"column columns--media\">\n\t\t\t\t\t\t\t\t\t<div class=\"hero-form\">\n\t\t\t\t\t\t<p>Click the button for instant access to your ebook.<\/p>\n<p>  hbspt.forms.create({<br \/>\n    region: \u00ab\u00a0na1\u00a0\u00bb,<br \/>\n    portalId: \u00ab\u00a0584311\u00a0\u00bb,<br \/>\n    formId: \u00ab\u00a009ca3bf3-343d-4d94-a34a-16c9f6e33806\u00a0\u00bb<br \/>\n  });<\/p>\n\t\t\t\t\t<\/div>\n\t\t\t\t\t\t\t<\/div>\n\t\t<\/div>\n\t<\/div>\n<\/div>\n\n\n\n<div id=\"acf\/form-block_f8556835e5e3c7a18d5e92076d5cceaa\" class=\"pxblock pxblock--form alignfull columns--one bg--white\">\n\t\t<div class=\"container\">\n\t\t\t\t\t<div class=\"form animate-in\">\n\t\t\t\t<div class=\"form--sub-header\"><\/div>\n\t\t\t\t<div class=\"form--header\"><h2><\/h2><\/div>\n\t\t\t\t<div class=\"form--copy\"><p class=\"subhead\">T\u00e9l\u00e9chargez gratuitement<\/p>\n<p class=\"h3\"><strong>Votre guide complet pour \u00e9laborer une strat\u00e9gie de documentation multilingue robuste<\/strong><\/p>\n<p>Dans cet ebook, nous explorons les subtilit\u00e9s de la pr\u00e9paration des migrations de contenu et de m\u00e9moire de traduction, de la cartographie du contenu existant vers les mod\u00e8les cibles, et de l&rsquo;\u00e9tablissement de flux de travaux strat\u00e9giques pour r\u00e9ussir la localisation. De la configuration des pipelines de publication \u00e0 la planification de la migration des donn\u00e9es de contenu et de traduction, nous fournissons des informations pratiques et des \u00e9tapes concr\u00e8tes pour naviguer dans les complexit\u00e9s de la localisation.<\/p>\n<ul class=\"checklist--small\">\n<li>Comprendre l&rsquo;importance d&rsquo;une strat\u00e9gie de documentation multilingue solide<\/li>\n<li>D\u00e9couvrez les consid\u00e9rations cl\u00e9s avant de commencer les migrations<\/li>\n<li>\u00c9tablir des flux de travaux strat\u00e9giques pour r\u00e9ussir la localisation<\/li>\n<li>Configurer des pipelines de publication pour une sortie optimale<\/li>\n<li>Mettre en \u0153uvre la bonne pile technologique pour une localisation sans faille<\/li>\n<\/ul>\n<\/div>\n\t\t\t\t<div class=\"column form--holder\">\r\n\r\n  hbspt.forms.create({\r\n    region: \u00ab\u00a0na1\u00a0\u00bb,\r\n    portalId: \u00ab\u00a0584311\u00a0\u00bb,\r\n    formId: \u00ab\u00a009ca3bf3-343d-4d94-a34a-16c9f6e33806\u00a0\u00bb\r\n  });\r\n<\/div>\n\t\t\t<\/div>\n\t\t\t<\/div>\n<\/div>\n\n\n\n<div id=\"acf\/form-block_f3c642b0649f556816066996ff8dc1f2\" class=\"pxblock pxblock--form alignfull columns--two bg--white\">\n\t\t<div class=\"container\">\n\t\t\t\t\t<div class=\"columns animate-in animate-children\">\n\t\t\t\t<div class=\"column\">\n\t\t\t\t\t\t\t\t\t\t<div class=\"form--copy\"><p class=\"subhead\" style=\"text-align: left\">T\u00e9l\u00e9chargez gratuitement<\/p>\n<p class=\"h3\" style=\"text-align: left\"><strong>Votre guide complet pour \u00e9laborer une strat\u00e9gie de documentation multilingue robuste<\/strong><\/p>\n<p style=\"text-align: left\">Dans cet ebook, nous explorons les subtilit\u00e9s de la pr\u00e9paration des migrations de contenu et de m\u00e9moire de traduction, de la cartographie du contenu existant vers les mod\u00e8les cibles, et de la mise en place de flux de travaux strat\u00e9giques pour r\u00e9ussir la localisation. De la configuration des pipelines de publication \u00e0 la planification de la migration des donn\u00e9es de contenu et de traduction, nous fournissons des informations pratiques et des \u00e9tapes concr\u00e8tes pour naviguer dans les complexit\u00e9s de la localisation.<\/p>\n<ul class=\"checklist--small\">\n<li style=\"text-align: left\">Comprendre l&rsquo;importance d&rsquo;une strat\u00e9gie de documentation multilingue solide<\/li>\n<li style=\"text-align: left\">D\u00e9couvrez les consid\u00e9rations cl\u00e9s avant de vous lancer dans des migrations<\/li>\n<li style=\"text-align: left\">\u00c9tablir des flux de travaux strat\u00e9giques pour r\u00e9ussir la localisation<\/li>\n<li style=\"text-align: left\">Configurer des pipelines de publication pour une sortie optimale<\/li>\n<li style=\"text-align: left\">Mettre en \u0153uvre la bonne pile technologique pour une localisation sans faille<\/li>\n<\/ul>\n<\/div>\n\t\t\t\t<\/div>\n\t\t\t\t<div class=\"column form--holder\">\r\n\r\n  hbspt.forms.create({\r\n    region: \u00ab\u00a0na1\u00a0\u00bb,\r\n    portalId: \u00ab\u00a0584311\u00a0\u00bb,\r\n    formId: \u00ab\u00a009ca3bf3-343d-4d94-a34a-16c9f6e33806\u00a0\u00bb\r\n  });\r\n<\/div>\n\t\t\t<\/div>\n\t\t\t<\/div>\n<\/div>\n\n","protected":false},"excerpt":{"rendered":"","protected":false},"author":4,"featured_media":0,"parent":0,"menu_order":0,"comment_status":"closed","ping_status":"closed","template":"page-refresh","meta":{"_acf_changed":false,"_stopmodifiedupdate":false,"_modified_date":"","_searchwp_excluded":"","episode_type":"","audio_file":"","podmotor_file_id":"","podmotor_episode_id":"","cover_image":"","cover_image_id":"","duration":"","filesize":"","filesize_raw":"","date_recorded":"","explicit":"","block":"","itunes_episode_number":"","itunes_title":"","itunes_season_number":"","itunes_episode_type":"","footnotes":""},"class_list":["post-119764","page","type-page","status-publish","hentry"],"acf":[],"_links":{"self":[{"href":"https:\/\/phrase.com\/fr\/wp-json\/wp\/v2\/pages\/119764","targetHints":{"allow":["GET"]}}],"collection":[{"href":"https:\/\/phrase.com\/fr\/wp-json\/wp\/v2\/pages"}],"about":[{"href":"https:\/\/phrase.com\/fr\/wp-json\/wp\/v2\/types\/page"}],"author":[{"embeddable":true,"href":"https:\/\/phrase.com\/fr\/wp-json\/wp\/v2\/users\/4"}],"replies":[{"embeddable":true,"href":"https:\/\/phrase.com\/fr\/wp-json\/wp\/v2\/comments?post=119764"}],"version-history":[{"count":1,"href":"https:\/\/phrase.com\/fr\/wp-json\/wp\/v2\/pages\/119764\/revisions"}],"predecessor-version":[{"id":119765,"href":"https:\/\/phrase.com\/fr\/wp-json\/wp\/v2\/pages\/119764\/revisions\/119765"}],"wp:attachment":[{"href":"https:\/\/phrase.com\/fr\/wp-json\/wp\/v2\/media?parent=119764"}],"curies":[{"name":"wp","href":"https:\/\/api.w.org\/{rel}","templated":true}]}}