{"id":119800,"date":"2023-05-17T11:00:00","date_gmt":"2023-05-17T09:00:00","guid":{"rendered":"https:\/\/phrase.com\/gpt\/"},"modified":"2025-10-06T09:41:13","modified_gmt":"2025-10-06T07:41:13","slug":"gpt","status":"publish","type":"page","link":"https:\/\/phrase.com\/fr\/integrations\/gpt\/","title":{"rendered":"GPT"},"content":{"rendered":"\n<div id=\"acf\/hero-block_c2acba8845ee836e0c1dda3ad0208b1c\" class=\"pxblock pxblock--hero bg--white\">\n\t\t<div class=\"container\">\n\t\t<div class=\"columns animate-in animate-children columns--middle media--right\">\n\t\t\t<div class=\"wysiwyg column columns--text\">\n\n\t\t\t\t\t\t\t\t<div class=\"text--subheader subhead\">Le futur n\u2019attend plus que vous<\/div>\n\t\t\t\t\n\t\t\t\t<div class=\"text--header\"><h1 class=\" \">Postulez \u00e0 notre programme b\u00eata GPT<\/h1><\/div>\n\t\t\t\t<div class=\"text--copy\"><p>Notre programme b\u00eata GPT vous offre une occasion unique d\u2019exp\u00e9rimenter par vous-m\u00eame les derni\u00e8res avanc\u00e9es de l\u2019intelligence artificielle. En premi\u00e8re ligne de l\u2019innovation, nos participants nous aident \u00e0 proposer des applications utiles des grands mod\u00e8les de langage d\u2019OpenAI dans un contexte de localisation en situation r\u00e9elle.<br \/>\nPour vous inscrire et profiter avant tout le monde des avantages de cette int\u00e9gration, remplissez simplement le formulaire ci-dessous. Notre \u00e9quipe examinera votre demande et vous contactera si celle-ci est retenue.<\/p>\n<\/div>\n\n\t\t\t\t\t\t\t\t\t<div class=\"btn-group\">\n\t\t\t\t\t\t\t\t\t\t\t\t\t<a href=\"#apply\" class=\"btn btn--primary\">\n\t\t\t\t\t\t\t\tPostuler maintenant\t\t\t\t\t\t\t<\/a>\n\t\t\t\t\t\t\t\t\t\t\t\t<\/div>\n\t\t\t\t\t\t\t<\/div>\n\t\t\t<div class=\"column columns--media\">\n\t\t\t\t\t\t\t\t\t<div class=\"media media--image\">\n    <img loading=\"lazy\" decoding=\"async\" width=\"1260\" height=\"1153\" src=\"https:\/\/phrase.com\/wp-content\/uploads\/2023\/05\/GPT_Beta_Program_Hero-e1684300539427.png\" class=\"attachment-original size-original\" alt=\"GPT beta program May 2023 cadence launch | Phrase\" srcset=\"https:\/\/phrase.com\/wp-content\/uploads\/2023\/05\/GPT_Beta_Program_Hero-e1684300539427.png 1260w, https:\/\/phrase.com\/wp-content\/uploads\/2023\/05\/GPT_Beta_Program_Hero-e1684300539427-300x275.png 300w, https:\/\/phrase.com\/wp-content\/uploads\/2023\/05\/GPT_Beta_Program_Hero-e1684300539427-1024x937.png 1024w, https:\/\/phrase.com\/wp-content\/uploads\/2023\/05\/GPT_Beta_Program_Hero-e1684300539427-768x703.png 768w\" sizes=\"auto, (max-width: 1260px) 100vw, 1260px\" \/><\/div>\n\t\t\t\t\t\t\t<\/div>\n\t\t<\/div>\n\t<\/div>\n<\/div>\n\n\n\n<div id=\"#registration\" class=\"pxblock pxblock--form columns--two bg--green\">\n\t\t<div class=\"container\">\n\t\t\t\t\t<div class=\"columns animate-in animate-children\">\n\t\t\t\t<div class=\"column\">\n\t\t\t\t\t\t\t\t\t\t<div class=\"form--copy\"><h2 id=\"apply\" class=\"h3\">Postulez \u00e0 notre programme b\u00eata GPT<\/h2>\n<p>Pour d\u00e9couvrir avant tout le monde les avantages de cette int\u00e9gration, remplissez simplement le formulaire et nous vous contacterons.<\/p>\n<\/div>\n\t\t\t\t<\/div>\n\t\t\t\t<div class=\"column form--holder\">\r\n\r\n  hbspt.forms.create({\r\n    region: \u00ab\u00a0na1\u00a0\u00bb,\r\n    portalId: \u00ab\u00a0584311\u00a0\u00bb,\r\n    formId: \u00ab\u00a04592d227-ce73-45a5-bd05-b3a83148934e\u00a0\u00bb\r\n  });\r\n<\/div>\n\t\t\t<\/div>\n\t\t\t<\/div>\n<\/div>\n\n\n\n<div id=\"acf\/text-block_2fdb26a33188ac671916b94368396b8d\" class=\"pxblock pxblock--text spacing--default bg--white\">\n\n\t\n\t<div class=\"container\">\n\t\t<div class=\"wysiwyg animate-in block-center\">\n\t\t\t<p class=\"subhead\" style=\"text-align: center\">Questions fr\u00e9quentes<\/p>\n<h2 style=\"text-align: center\">R\u00e9ponses \u00e0 vos questions sur notre programme b\u00eata GPT<\/h2>\n\t\t<\/div>\n\t<\/div>\n<\/div>\n\n\n\n<div id=\"acf\/accordion-block_0073f7b3a72e84ce5dba8612e914a62d\" class=\"pxblock pxblock--accordion bg--white \">\n\t\t<div class=\"container\">\n\t\t<div class=\"accordion animate-in\">\n\t\t\t\t\t\t\t\t\t<div class=\"accordion__tab\">\n\t\t\t\t<button class=\"heading toggle\" id=\"accordion_0\" aria-expanded=\"false\" aria-controls=\"accordion_section_0\">\n\t\t\t\t\t\t\t\t\t\t<div class=\"title\"><h3>En quoi consiste le programme b\u00eata GPT\u00a0?<\/h3><\/div>\n\t\t\t\t\t<span class=\"icon\">\n\t\t\t\t\t\t<svg width=\"22\" height=\"13\" viewBox=\"0 0 22 13\" fill=\"none\" xmlns=\"http:\/\/www.w3.org\/2000\/svg\"><path d=\"M20.113 1.5 11 10.613 1.887 1.5\" stroke=\"#1080FC\" stroke-width=\"2\" stroke-linecap=\"round\"\/><\/svg>\n<\/span>\n\t\t\t\t<\/button>\n\t\t\t\t<div id=\"accordion_section_0\" class=\"content\" role=\"region\" aria-labelledby=\"accordion_0\">\n\t\t\t\t\t<div class=\"text wysiwyg \">\n\t\t\t\t\t\t<p>Il s\u2019agit d\u2019un programme exclusif qui propose \u00e0 une s\u00e9lection de clients un acc\u00e8s anticip\u00e9 \u00e0 notre int\u00e9gration des grands mod\u00e8les de langage d\u2019OpenAI. En prenant part \u00e0 notre programme b\u00eata, vous pourrez traduire avec GPT au sein de Phrase avant tout le monde.<\/p>\n\t\t\t\t\t<\/div>\n\t\t\t\t<\/div>\n\t\t\t<\/div><!-- .accordion__tab-->\n\n\t\t\t\t\t\t\t\t\t<div class=\"accordion__tab\">\n\t\t\t\t<button class=\"heading toggle\" id=\"accordion_1\" aria-expanded=\"false\" aria-controls=\"accordion_section_1\">\n\t\t\t\t\t\t\t\t\t\t<div class=\"title\"><h3>Qui peut participer au programme b\u00eata\u00a0?<\/h3><\/div>\n\t\t\t\t\t<span class=\"icon\">\n\t\t\t\t\t\t<svg width=\"22\" height=\"13\" viewBox=\"0 0 22 13\" fill=\"none\" xmlns=\"http:\/\/www.w3.org\/2000\/svg\"><path d=\"M20.113 1.5 11 10.613 1.887 1.5\" stroke=\"#1080FC\" stroke-width=\"2\" stroke-linecap=\"round\"\/><\/svg>\n<\/span>\n\t\t\t\t<\/button>\n\t\t\t\t<div id=\"accordion_section_1\" class=\"content\" role=\"region\" aria-labelledby=\"accordion_1\">\n\t\t\t\t\t<div class=\"text wysiwyg \">\n\t\t\t\t\t\t<p>Le programme est ouvert \u00e0 tous. Cependant, veuillez noter que l\u2019envoi d\u2019une candidature ne garantit pas l\u2019acc\u00e8s au programme. Seul un nombre limit\u00e9 de participants sera s\u00e9lectionn\u00e9 pour garantir \u00e0 tous une exp\u00e9rience de qualit\u00e9.<\/p>\n\t\t\t\t\t<\/div>\n\t\t\t\t<\/div>\n\t\t\t<\/div><!-- .accordion__tab-->\n\n\t\t\t\t\t\t\t\t\t<div class=\"accordion__tab\">\n\t\t\t\t<button class=\"heading toggle\" id=\"accordion_2\" aria-expanded=\"false\" aria-controls=\"accordion_section_2\">\n\t\t\t\t\t\t\t\t\t\t<div class=\"title\"><h3>Quel int\u00e9r\u00eat y a-t-il \u00e0 participer au programme b\u00eata\u00a0?<\/h3><\/div>\n\t\t\t\t\t<span class=\"icon\">\n\t\t\t\t\t\t<svg width=\"22\" height=\"13\" viewBox=\"0 0 22 13\" fill=\"none\" xmlns=\"http:\/\/www.w3.org\/2000\/svg\"><path d=\"M20.113 1.5 11 10.613 1.887 1.5\" stroke=\"#1080FC\" stroke-width=\"2\" stroke-linecap=\"round\"\/><\/svg>\n<\/span>\n\t\t\t\t<\/button>\n\t\t\t\t<div id=\"accordion_section_2\" class=\"content\" role=\"region\" aria-labelledby=\"accordion_2\">\n\t\t\t\t\t<div class=\"text wysiwyg \">\n\t\t\t\t\t\t<p>Notre programme b\u00eata vous donne acc\u00e8s avant tout le monde \u00e0 notre int\u00e9gration GPT, ce qui repr\u00e9sente un avantage comp\u00e9titif sur le march\u00e9 de la traduction. Vous pourrez \u00e9galement nous faire remonter vos impressions et suggestions et laisser ainsi votre marque sur notre int\u00e9gration des grands mod\u00e8les de langages d\u2019OpenAI.<\/p>\n\t\t\t\t\t<\/div>\n\t\t\t\t<\/div>\n\t\t\t<\/div><!-- .accordion__tab-->\n\n\t\t\t\t\t\t\t\t\t<div class=\"accordion__tab\">\n\t\t\t\t<button class=\"heading toggle\" id=\"accordion_3\" aria-expanded=\"false\" aria-controls=\"accordion_section_3\">\n\t\t\t\t\t\t\t\t\t\t<div class=\"title\"><h3>Comment saurai-je si ma candidature est retenue\u00a0?<\/h3><\/div>\n\t\t\t\t\t<span class=\"icon\">\n\t\t\t\t\t\t<svg width=\"22\" height=\"13\" viewBox=\"0 0 22 13\" fill=\"none\" xmlns=\"http:\/\/www.w3.org\/2000\/svg\"><path d=\"M20.113 1.5 11 10.613 1.887 1.5\" stroke=\"#1080FC\" stroke-width=\"2\" stroke-linecap=\"round\"\/><\/svg>\n<\/span>\n\t\t\t\t<\/button>\n\t\t\t\t<div id=\"accordion_section_3\" class=\"content\" role=\"region\" aria-labelledby=\"accordion_3\">\n\t\t\t\t\t<div class=\"text wysiwyg \">\n\t\t\t\t\t\t<p>Notre \u00e9quipe passera toutes les candidatures en revue et contactera les participants s\u00e9lectionn\u00e9s par e-mail. Veuillez noter que le volume important de candidatures ne nous permet pas de r\u00e9pondre \u00e0 chacune d\u2019elles.<\/p>\n\t\t\t\t\t<\/div>\n\t\t\t\t<\/div>\n\t\t\t<\/div><!-- .accordion__tab-->\n\n\t\t\t\t\t<\/div><!-- .accordion-->\n\t<\/div><!-- .container-->\n<\/div>\n\n\n\n<div id=\"acf\/feature-block_9442f6e9aed4995d795a075da821ea75\" class=\"pxblock pxblock--feature alignfull bg--yellow\">\n\t\t<div class=\"container animate-in\">\n\t\t<div class=\"feature--header\"><h2 class=\"h1\">Pr\u00eat \u00e0 vous lancer\u00a0?<\/h2><\/div>\n\t\t<div class=\"feature--content\">\n\t\t\t<h3>Atteignez un public plus large et \u00e9tablissez des liens plus profonds d\u00e8s aujourd\u2019hui.<\/h3>\n\t\t\t\t\t<\/div>\n\n\t\t\t\t\t<div class=\"feature--btns btn-group btn-group--center\">\n\t\t\t\t\t\t\t\t\t<a href=\"https:\/\/phrase.com\/fr\/demo\/\" class=\"btn btn--primary\">\n\t\t\t\t\t\tR\u00e9server une d\u00e9mo\t\t\t\t\t<\/a>\n\t\t\t\t\t\t\t\t\t\t<a href=\"https:\/\/phrase.com\/fr\/pricing\/\" class=\"btn btn--outline\">\n\t\t\t\t\t\tVoir les tarifs\t\t\t\t\t<\/a>\n\t\t\t\t\t\t\t\t<\/div>\n\t\t\t<\/div>\n<\/div>\n\n","protected":false},"excerpt":{"rendered":"","protected":false},"author":7,"featured_media":0,"parent":32156,"menu_order":0,"comment_status":"closed","ping_status":"closed","template":"page-refresh","meta":{"_acf_changed":false,"_stopmodifiedupdate":false,"_modified_date":"","_searchwp_excluded":"","episode_type":"","audio_file":"","podmotor_file_id":"","podmotor_episode_id":"","cover_image":"","cover_image_id":"","duration":"","filesize":"","filesize_raw":"","date_recorded":"","explicit":"","block":"","itunes_episode_number":"","itunes_title":"","itunes_season_number":"","itunes_episode_type":"","footnotes":""},"class_list":["post-119800","page","type-page","status-publish","hentry"],"acf":[],"_links":{"self":[{"href":"https:\/\/phrase.com\/fr\/wp-json\/wp\/v2\/pages\/119800","targetHints":{"allow":["GET"]}}],"collection":[{"href":"https:\/\/phrase.com\/fr\/wp-json\/wp\/v2\/pages"}],"about":[{"href":"https:\/\/phrase.com\/fr\/wp-json\/wp\/v2\/types\/page"}],"author":[{"embeddable":true,"href":"https:\/\/phrase.com\/fr\/wp-json\/wp\/v2\/users\/7"}],"replies":[{"embeddable":true,"href":"https:\/\/phrase.com\/fr\/wp-json\/wp\/v2\/comments?post=119800"}],"version-history":[{"count":1,"href":"https:\/\/phrase.com\/fr\/wp-json\/wp\/v2\/pages\/119800\/revisions"}],"predecessor-version":[{"id":119801,"href":"https:\/\/phrase.com\/fr\/wp-json\/wp\/v2\/pages\/119800\/revisions\/119801"}],"up":[{"embeddable":true,"href":"https:\/\/phrase.com\/fr\/wp-json\/wp\/v2\/pages\/32156"}],"wp:attachment":[{"href":"https:\/\/phrase.com\/fr\/wp-json\/wp\/v2\/media?parent=119800"}],"curies":[{"name":"wp","href":"https:\/\/api.w.org\/{rel}","templated":true}]}}