{"id":121447,"date":"2025-04-04T16:13:59","date_gmt":"2025-04-04T14:13:59","guid":{"rendered":"https:\/\/phrase.com\/slatorcon-londres\/"},"modified":"2025-10-06T10:23:30","modified_gmt":"2025-10-06T08:23:30","slug":"slatorcon-london2025","status":"publish","type":"page","link":"https:\/\/phrase.com\/fr\/events\/slatorcon-london2025\/","title":{"rendered":"SlatorCon Londres"},"content":{"rendered":"\n<div class=\"wp-block-group alignwide is-style-header-hero has-lightblue-to-transparent-gradient-background has-background is-layout-flow wp-block-group-is-layout-flow\" style=\"padding-top:var(--wp--preset--spacing--70);padding-bottom:var(--wp--preset--spacing--70)\">\n<div class=\"wp-block-columns alignwide media-text-columns media-text-columns--media-right is-layout-flex wp-container-core-columns-is-layout-28f84493 wp-block-columns-is-layout-flex\">\n<div class=\"wp-block-column is-vertically-aligned-center is-layout-flow wp-container-core-column-is-layout-eb7cd7b9 wp-block-column-is-layout-flow\" style=\"padding-top:var(--wp--preset--spacing--16);padding-right:0;padding-bottom:var(--wp--preset--spacing--16);padding-left:0;flex-basis:80%\">\n<h1 class=\"wp-block-heading has-blue-color has-text-color has-link-color wp-elements-fc81817c32e8a5a6fd987c56456ac6dd\" id=\"h-join-us-at-slatorcon-london-may-23\" style=\"padding-right:0;padding-left:0\"><br>Rejoignez-nous \u00e0 SlatorCon Londres, le 23 mai<\/h1>\n\n\n\n<p><br>Rencontrez-nous \u00e0 la principale conf\u00e9rence mondiale d\u00e9di\u00e9e \u00e0 Language AI et aux services linguistiques, SlatorCon Londres, le 23 mai. Ne manquez pas notre session de panel : <strong><strong><strong>Comment les \u00e9cosyst\u00e8mes connect\u00e9s retirent les frictions et am\u00e9liorent l&rsquo;engagement client<\/strong><\/strong><\/strong>. Nous avons h\u00e2te de vous y voir !<\/p>\n<\/div>\n\n\n\n<div class=\"wp-block-column is-vertically-aligned-center is-layout-flow wp-block-column-is-layout-flow\" style=\"flex-basis:57.2131147541%\">\n<figure class=\"wp-block-image aligncenter size-full has-custom-border\"><img loading=\"lazy\" decoding=\"async\" width=\"600\" height=\"400\" src=\"https:\/\/phrase.com\/wp-content\/uploads\/2025\/03\/Event-Landing-Pages-2025-2.jpg\" alt=\"\" class=\"wp-image-103221\" style=\"border-radius:25px\" srcset=\"https:\/\/phrase.com\/wp-content\/uploads\/2025\/03\/Event-Landing-Pages-2025-2.jpg 600w, https:\/\/phrase.com\/wp-content\/uploads\/2025\/03\/Event-Landing-Pages-2025-2-300x200.jpg 300w\" sizes=\"auto, (max-width: 600px) 100vw, 600px\" \/><\/figure>\n<\/div>\n<\/div>\n<\/div>\n\n\n\n<div style=\"height:39px\" aria-hidden=\"true\" class=\"wp-block-spacer\"><\/div>\n\n\n\n<div class=\"wp-block-group alignwide has-global-padding is-layout-constrained wp-block-group-is-layout-constrained\">\n<div class=\"wp-block-group alignwide has-blue-10-background-color has-background has-global-padding is-layout-constrained wp-container-core-group-is-layout-6c1f4a5c wp-block-group-is-layout-constrained\" style=\"margin-top:var(--wp--preset--spacing--10);padding-top:var(--wp--preset--spacing--70);padding-right:var(--wp--preset--spacing--70);padding-bottom:var(--wp--preset--spacing--70);padding-left:var(--wp--preset--spacing--70)\">\n<div class=\"wp-block-group alignwide is-layout-flow wp-block-group-is-layout-flow\">\n<h2 class=\"wp-block-heading has-text-align-left\" id=\"h-join-our-session\"><strong><strong><strong><strong><strong><strong>Participez \u00e0 notre session<\/strong><\/strong><\/strong><\/strong><\/strong><\/strong><\/h2>\n\n\n\n<h3 class=\"wp-block-heading has-text-align-left\" id=\"h-how-connected-ecosystems-remove-friction-and-improve-customer-engagement\"><strong><strong><strong>Comment les \u00e9cosyst\u00e8mes connect\u00e9s retirent les frictions et am\u00e9liorent l&rsquo;engagement client<\/strong><\/strong><\/strong><\/h3>\n\n\n\n<p>Les clients s&rsquo;attendent \u00e0 des exp\u00e9riences rapides et fluides, que ce soit en interagissant avec une marque, en utilisant un produit ou en cherchant de l&rsquo;assistance. Mais en coulisses, des syst\u00e8mes d\u00e9connect\u00e9s et des flux de travaux fragment\u00e9s cr\u00e9ent des inefficacit\u00e9s, ralentissent la cr\u00e9ation et la livraison de contenu, et rendent plus difficile la satisfaction de ces attentes \u00e0 grande \u00e9chelle.<\/p>\n\n\n\n<p>Ce panel r\u00e9unit des experts de Braze, Phrase, Sanity et Acclaro pour discuter de la mani\u00e8re dont les \u00e9cosyst\u00e8mes int\u00e9gr\u00e9s\u2014propuls\u00e9s par l&rsquo;IA, l&rsquo;automatisation et des partenariats strat\u00e9giques\u2014rationalisent les op\u00e9rations et am\u00e9liorent l&rsquo;engagement client. \u00c0 travers l&rsquo;histoire de succ\u00e8s de Braze, nous explorerons comment l&rsquo;alignement des partenaires technologiques et de service simplifie les flux de travaux, acc\u00e9l\u00e8re la livraison de contenu et aide les entreprises \u00e0 s&rsquo;\u00e9tendre sur de nouveaux march\u00e9s plus efficacement.<\/p>\n\n\n\n<p>De l&rsquo;infrastructure cloud \u00e0 la cr\u00e9ation et \u00e0 la gestion de contenu pilot\u00e9es par l&rsquo;IA, nos pan\u00e9listes partageront comment les syst\u00e8mes connect\u00e9s r\u00e9duisent les frictions, renforcent l&rsquo;agilit\u00e9 et cr\u00e9ent une strat\u00e9gie de contenu multilingue plus coh\u00e9rente. Les participants entendront de premi\u00e8re main comment un \u00e9cosyst\u00e8me bien int\u00e9gr\u00e9 conduit \u00e0 un impact commercial tangible, notamment une plus grande efficacit\u00e9, une mise \u00e0 l&rsquo;\u00e9chelle plus rapide et une am\u00e9lioration des exp\u00e9riences client.<br><br>Rejoignez-nous pour apprendre comment des int\u00e9grations intelligentes peuvent optimiser vos op\u00e9rations et transformer la localisation en un avantage concurrentiel qui alimente le succ\u00e8s \u00e0 long terme.<\/p>\n\n\n\n<p><br>Temps : <strong>14:00 &#8211; 14:35 PM BST<\/strong><\/p>\n\n\n\n<div class=\"wp-block-group has-global-padding is-content-justification-left is-layout-constrained wp-container-core-group-is-layout-12dd3699 wp-block-group-is-layout-constrained\">\n<h4 class=\"wp-block-heading\" id=\"h-moderator\">Mod\u00e9rateur<\/h4>\n\n\n\n<div class=\"wp-block-columns is-layout-flex wp-container-core-columns-is-layout-28f84493 wp-block-columns-is-layout-flex\">\n<div class=\"wp-block-column is-layout-flow wp-block-column-is-layout-flow\">\n<figure class=\"wp-block-image size-full is-resized is-style-rounded\"><img loading=\"lazy\" decoding=\"async\" width=\"200\" height=\"200\" src=\"https:\/\/phrase.com\/wp-content\/uploads\/2025\/03\/6.png\" alt=\"\" class=\"wp-image-103132\" style=\"width:200px\" srcset=\"https:\/\/phrase.com\/wp-content\/uploads\/2025\/03\/6.png 200w, https:\/\/phrase.com\/wp-content\/uploads\/2025\/03\/6-150x150.png 150w\" sizes=\"auto, (max-width: 200px) 100vw, 200px\" \/><\/figure>\n\n\n\n<p style=\"padding-right:110px\"><a href=\"https:\/\/www.linkedin.com\/in\/florianfaes\/\" target=\"_blank\" rel=\"noreferrer noopener\"><strong>Florian Faes<\/strong><\/a><br><strong>Directeur g\u00e9n\u00e9ral, Slator<\/strong><a href=\"https:\/\/www.linkedin.com\/in\/markusschork\/\" target=\"_blank\" rel=\"noreferrer noopener\"><strong><br><\/strong><\/a><\/p>\n<\/div>\n<\/div>\n<\/div>\n\n\n\n<h4 class=\"wp-block-heading\" id=\"h-speaker-s\"><strong>Intervenants<\/strong><\/h4>\n\n\n\n<div class=\"wp-block-columns is-layout-flex wp-container-core-columns-is-layout-28f84493 wp-block-columns-is-layout-flex\">\n<div class=\"wp-block-column is-layout-flow wp-block-column-is-layout-flow\">\n<figure class=\"wp-block-image size-full is-resized is-style-rounded\"><img loading=\"lazy\" decoding=\"async\" width=\"200\" height=\"200\" src=\"https:\/\/phrase.com\/wp-content\/uploads\/2025\/03\/5.png\" alt=\"\" class=\"wp-image-103114\" style=\"width:200px\" srcset=\"https:\/\/phrase.com\/wp-content\/uploads\/2025\/03\/5.png 200w, https:\/\/phrase.com\/wp-content\/uploads\/2025\/03\/5-150x150.png 150w\" sizes=\"auto, (max-width: 200px) 100vw, 200px\" \/><\/figure>\n\n\n\n<p style=\"padding-right:110px;padding-left:0px\"><strong><a href=\"https:\/\/www.linkedin.com\/in\/georgell\/\">Georg Ell<\/a><\/strong><br><strong>PDG, Phrase<\/strong><\/p>\n<\/div>\n\n\n\n<div class=\"wp-block-column is-layout-flow wp-block-column-is-layout-flow\">\n<figure class=\"wp-block-image size-full is-resized is-style-rounded\"><img loading=\"lazy\" decoding=\"async\" width=\"200\" height=\"200\" src=\"https:\/\/phrase.com\/wp-content\/uploads\/2025\/03\/Event-Headshots-2.png\" alt=\"\" class=\"wp-image-102204\" style=\"width:200px\" srcset=\"https:\/\/phrase.com\/wp-content\/uploads\/2025\/03\/Event-Headshots-2.png 200w, https:\/\/phrase.com\/wp-content\/uploads\/2025\/03\/Event-Headshots-2-150x150.png 150w\" sizes=\"auto, (max-width: 200px) 100vw, 200px\" \/><\/figure>\n\n\n\n<p style=\"padding-right:110px\"><strong><a href=\"https:\/\/www.linkedin.com\/in\/rahaworth\/\">Russell Haworth <\/a><\/strong><br><strong>PDG, Acclaro<\/strong><\/p>\n<\/div>\n\n\n\n<div class=\"wp-block-column is-layout-flow wp-block-column-is-layout-flow\">\n<figure class=\"wp-block-image size-full is-resized is-style-rounded\"><img loading=\"lazy\" decoding=\"async\" width=\"200\" height=\"200\" src=\"https:\/\/phrase.com\/wp-content\/uploads\/2025\/03\/4.png\" alt=\"\" class=\"wp-image-103120\" style=\"width:200px\" srcset=\"https:\/\/phrase.com\/wp-content\/uploads\/2025\/03\/4.png 200w, https:\/\/phrase.com\/wp-content\/uploads\/2025\/03\/4-150x150.png 150w\" sizes=\"auto, (max-width: 200px) 100vw, 200px\" \/><\/figure>\n\n\n\n<p><strong><a href=\"https:\/\/www.linkedin.com\/in\/iaraaltkornavt\/\">Iara Altkron<\/a><\/strong><br><strong>Responsable des op\u00e9rations de localisation, <\/strong><br><strong>Braze<\/strong><\/p>\n<\/div>\n\n\n\n<div class=\"wp-block-column is-layout-flow wp-block-column-is-layout-flow\">\n<figure class=\"wp-block-image size-full is-resized is-style-rounded\"><img loading=\"lazy\" decoding=\"async\" width=\"200\" height=\"200\" src=\"https:\/\/phrase.com\/wp-content\/uploads\/2025\/05\/Event-Headshots-12.png\" alt=\"\" class=\"wp-image-105454\" style=\"width:200px\" srcset=\"https:\/\/phrase.com\/wp-content\/uploads\/2025\/05\/Event-Headshots-12.png 200w, https:\/\/phrase.com\/wp-content\/uploads\/2025\/05\/Event-Headshots-12-150x150.png 150w\" sizes=\"auto, (max-width: 200px) 100vw, 200px\" \/><\/figure>\n\n\n\n<p><a href=\"https:\/\/www.linkedin.com\/in\/iamrichhiggins\/\" target=\"_blank\" rel=\"noreferrer noopener\"><strong>Rich Higgins<\/strong><br><\/a><strong><strong>Architecte de solutions senior, Sanity<\/strong><\/strong><\/p>\n<\/div>\n<\/div>\n\n\n\n<h4 class=\"wp-block-heading\" id=\"h-key-takeaways\"><br><strong><strong><strong>Points cl\u00e9s\u00a0:<\/strong><\/strong><\/strong><\/h4>\n\n\n\n<ul class=\"wp-block-list wp-block-list\">\n<li><strong>Les attentes des clients sont \u00e9lev\u00e9es<\/strong> \u2013 des exp\u00e9riences fluides et rapides sont essentielles dans les interactions, les produits et l&rsquo;assistance.<br><\/li>\n\n\n\n<li><strong>Des syst\u00e8mes d\u00e9connect\u00e9s cr\u00e9ent des inefficacit\u00e9s<\/strong> \u2013 la fragmentation ralentit la cr\u00e9ation et la livraison de contenu, compliquant ainsi la mise \u00e0 l&rsquo;\u00e9chelle.<br><\/li>\n\n\n\n<li><strong>Des \u00e9cosyst\u00e8mes connect\u00e9s favorisent l&rsquo;efficacit\u00e9<\/strong> \u2013 l&rsquo;IA, l&rsquo;automatisation et les partenariats strat\u00e9giques rationalisent les flux de travaux et am\u00e9liorent l&rsquo;engagement.<br><\/li>\n\n\n\n<li><strong>L&rsquo;histoire de r\u00e9ussite de Braze met en avant les meilleures pratiques<\/strong> \u2013 aligner la technologie avec les partenaires de service acc\u00e9l\u00e8re la livraison de contenu et l&rsquo;expansion sur le march\u00e9.<br><\/li>\n\n\n\n<li><strong>Des syst\u00e8mes connect\u00e9s am\u00e9liorent l&rsquo;agilit\u00e9<\/strong> \u2013 l&rsquo;infrastructure cloud et la gestion de contenu pilot\u00e9e par l&rsquo;IA r\u00e9duisent les frictions et soutiennent les strat\u00e9gies multilingues.<br><\/li>\n\n\n\n<li><strong>Impact commercial tangible<\/strong> \u2013 de meilleures int\u00e9grations conduisent \u00e0 une plus grande efficacit\u00e9, une mise \u00e0 l&rsquo;\u00e9chelle plus rapide et une am\u00e9lioration de l&rsquo;exp\u00e9rience client.<br><\/li>\n\n\n\n<li><strong>La localisation comme avantage concurrentiel<\/strong> \u2013 des int\u00e9grations intelligentes optimisent les op\u00e9rations et alimentent la croissance \u00e0 long terme.<\/li>\n<\/ul>\n\n\n\n<div style=\"height:30px\" aria-hidden=\"true\" class=\"wp-block-spacer\"><\/div>\n\n\n\n<div class=\"wp-block-buttons is-content-justification-center is-layout-flex wp-container-core-buttons-is-layout-5b5683f2 wp-block-buttons-is-layout-flex\">\n<div class=\"wp-block-button\"><a class=\"wp-block-button__link wp-element-button\" href=\"https:\/\/slator.com\/event\/slatorcon-london-2025\/\" target=\"_blank\" rel=\"noreferrer noopener\">Voir l&rsquo;agenda complet et inscrivez-vous pour y assister<\/a><\/div>\n<\/div>\n<\/div>\n<\/div>\n<\/div>\n\n\n\n<div class=\"wp-block-group alignwide has-transparent-background-color has-background has-global-padding is-layout-constrained wp-block-group-is-layout-constrained\">\n<div class=\"wp-block-group has-global-padding is-layout-constrained wp-block-group-is-layout-constrained\">\n<h2 class=\"wp-block-heading has-text-align-center\" id=\"h-check-out-the-latest-from-phrase\"><strong><strong><strong>D\u00e9couvrez les derni\u00e8res nouveaut\u00e9s de Phrase<\/strong><\/strong><\/strong><\/h2>\n\n\n\n<p class=\"has-text-align-center\">En plus de notre session de panel, nous avons partag\u00e9 certaines de nos derni\u00e8res ressources ci-dessous :<\/p>\n<\/div>\n<\/div>\n\n\n<div class=\"alignwide wp-block-phrase-com-suggested-reading--hide-types alignwide wp-block-phrase-com-suggested-reading\"><div class=\"glide wp-block-phrase-com-suggested-reading__slider\"><div class=\"wp-block-phrase-com-suggested-reading__header\"><div class=\"wp-block-phrase-com-suggested-reading__controls\" data-glide-el=\"controls\"><button type=\"button\" class=\"glide__arrow wp-block-phrase-com-suggested-reading__prev-slide\" data-glide-dir=\"<\"><svg aria-hidden=\"true\" xmlns=\"http:\/\/www.w3.org\/2000\/svg\" width=\"22\" height=\"22\" fill=\"none\" viewBox=\"0 0 22 22\"><path fill=\"currentColor\" d=\"m10.191 11 3.01 3.036-.917.924L8.36 11l3.925-3.96.915.924L10.192 11Z\"\/><\/svg><span class=\"screen-reader-text\">Previous<\/span><\/button><button type=\"button\" class=\"glide__arrow wp-block-phrase-com-suggested-reading__next-slide\" data-glide-dir=\"&gt;\"><svg xmlns=\"http:\/\/www.w3.org\/2000\/svg\" width=\"22\" height=\"22\" fill=\"none\" viewBox=\"0 0 22 22\"><path fill=\"currentColor\" d=\"m11.809 11-3.01-3.036.916-.924L13.64 11l-3.925 3.96-.915-.924L11.808 11Z\"\/><\/svg><span class=\"screen-reader-text\">Next<\/span><\/button><\/div><\/div><div class=\"glide__track\" data-glide-el=\"track\"><div class=\"glide__slides\">\n&lt;!&#8211; wp:phrase-com\/suggested-reading-custom {&quot;imageId&quot;:102219,&quot;title&quot;:&quot;<strong><strong>L&rsquo;impact de la traduction pilot\u00e9e par l&rsquo;IA sur le marketing de contenu mondial\u00a0\u00bb,\u00a0\u00bbexcerpt\u00a0\u00bb:\u00a0\u00bbD\u00e9couvrez comment la combinaison de l&rsquo;IA et de l&rsquo;expertise humaine stimule l&rsquo;engagement et la croissance sur les march\u00e9s internationaux.\u00a0\u00bb,\u00a0\u00bbtype\u00a0\u00bb:\u00a0\u00bbpost\u00a0\u00bb,\u00a0\u00bburlLabel\u00a0\u00bb:\u00a0\u00bb\u00a0\u00bb,\u00a0\u00bburl\u00a0\u00bb:\u00a0\u00bbhttps:\/\/phrase.com\/blog\/posts\/ai-driven-translation-global-content-marketing\/\u00a0\u00bb} \/&#8211;&gt;\n\n&lt;!&#8211; wp:phrase-com\/suggested-reading-custom {&quot;imageId&quot;:102226,&quot;title&quot;:&quot;<strong><strong>\u00c9voluer avec l&rsquo;IA, les \u00e9cosyst\u00e8mes et l&rsquo;hyperautomatisation\u00a0\u00bb,\u00a0\u00bbexcerpt\u00a0\u00bb:\u00a0\u00bbGeorg Ell explique dans son dernier article pour AI Business comment le succ\u00e8s en 2025 d\u00e9pendra de la capacit\u00e9 des entreprises \u00e0 exploiter les technologies \u00e9mergentes.\u00a0\u00bb,\u00a0\u00bbtype\u00a0\u00bb:\u00a0\u00bbpost\u00a0\u00bb,\u00a0\u00bburl\u00a0\u00bb:\u00a0\u00bbhttps:\/\/aibusiness.com\/language-models\/scaling-with-ai-ecosystems-and-hyperautomation\u00a0\u00bb} \/&#8211;&gt;\n\n&lt;!&#8211; wp:phrase-com\/suggested-reading-custom {&quot;imageId&quot;:89217,&quot;title&quot;:&quot;<strong><strong>Traduction ChatGPT : Comment exploiter l&rsquo;IA pour stimuler la croissance des entreprises mondiales\u00a0\u00bb,\u00a0\u00bbexcerpt\u00a0\u00bb:\u00a0\u00bbLa traduction et la localisation sont essentielles pour les organisations ayant une client\u00e8le mondiale. Nous expliquons comment utiliser efficacement ChatGPT pour la traduction de votre contenu.\u00a0\u00bb,\u00a0\u00bbtype\u00a0\u00bb:\u00a0\u00bbpost\u00a0\u00bb,\u00a0\u00bburl\u00a0\u00bb:\u00a0\u00bbhttps:\/\/phrase.com\/blog\/posts\/chatgpt-translation\/\u00a0\u00bb} \/&#8211;&gt;\n\n&lt;!&#8211; wp:phrase-com\/suggested-reading-custom {&quot;imageId&quot;:94069,&quot;title&quot;:&quot;<strong><strong><strong><strong>Choisir les bons outils d&rsquo;IA pour dynamiser l&rsquo;expansion mondiale de votre entreprise\u00a0\u00bb,\u00a0\u00bbexcerpt\u00a0\u00bb:\u00a0\u00bbD\u00e9couvrez comment s\u00e9lectionner des outils activ\u00e9s par l&rsquo;IA pour une localisation efficace et une croissance mondiale. \u00c9levez les exp\u00e9riences client \u00e0 l\u2019\u00e9chelle mondiale avec Phrase.\u00a0\u00bb,\u00a0\u00bbtype\u00a0\u00bb:\u00a0\u00bbpost\u00a0\u00bb,\u00a0\u00bburl\u00a0\u00bb:\u00a0\u00bbhttps:\/\/phrase.com\/blog\/posts\/choosing-ai-tools-global-business-expansion\/\u00a0\u00bb} \/&#8211;&gt;\n\n&lt;!&#8211; wp:phrase-com\/suggested-reading-custom {&quot;imageId&quot;:93678,&quot;title&quot;:&quot;<strong><strong><strong><strong>Comment l\u2019IA peut dynamiser votre strat\u00e9gie d\u2019expansion internationale\u00a0\u00bb,\u00a0\u00bbexcerpt\u00a0\u00bb:\u00a0\u00bbExplorez comment l&rsquo;IA transforme l&rsquo;expansion internationale en automatisant la localisation, en am\u00e9liorant les exp\u00e9riences client et en acc\u00e9l\u00e9rant le temps de mise sur le march\u00e9.\u00a0\u00bb,\u00a0\u00bbtype\u00a0\u00bb:\u00a0\u00bbpost\u00a0\u00bb,\u00a0\u00bburl\u00a0\u00bb:\u00a0\u00bbhttps:\/\/phrase.com\/blog\/posts\/ai-international-expansion-localization-efficiency\/\u00a0\u00bb} \/&#8211;&gt;\n\n&lt;!&#8211; wp:phrase-com\/suggested-reading-custom {&quot;imageId&quot;:98833,&quot;title&quot;:&quot;<strong><strong><strong><strong><strong><strong>IA \u00e9thique : Le r\u00f4le \u00e9volutif des responsables de la localisation\u00a0\u00bb,\u00a0\u00bbexcerpt\u00a0\u00bb:\u00a0\u00bbD\u00e9couvrez comment les responsables de la localisation jouent un r\u00f4le crucial dans l&rsquo;utilisation \u00e9thique de l&rsquo;IA au sein de l&rsquo;industrie de la traduction, en \u00e9quilibrant l&rsquo;automatisation avec la sensibilit\u00e9 culturelle.\u00a0\u00bb,\u00a0\u00bbtype\u00a0\u00bb:\u00a0\u00bbpost\u00a0\u00bb,\u00a0\u00bburl\u00a0\u00bb:\u00a0\u00bbhttps:\/\/phrase.com\/blog\/posts\/ethical-ai-localization-managers-cultural-sensitivity\/\u00a0\u00bb} \/&#8211;&gt;\n<\/div><\/div><\/div><\/div>\n\n\n<div style=\"height:17px\" aria-hidden=\"true\" class=\"wp-block-spacer\"><\/div>\n\n\n\n<div class=\"wp-block-group alignwide has-blue-10-background-color has-background has-global-padding is-layout-constrained wp-block-group-is-layout-constrained\" style=\"margin-top:var(--wp--preset--spacing--70)\">\n<h2 class=\"wp-block-heading has-text-align-center\" id=\"h-want-to-find-out-more\">Vous voulez en savoir plus\u00a0?<\/h2>\n\n\n\n<div class=\"wp-block-buttons is-content-justification-center is-layout-flex wp-container-core-buttons-is-layout-a89b3969 wp-block-buttons-is-layout-flex\">\n<div class=\"wp-block-button\"><a class=\"wp-block-button__link wp-element-button\" href=\"https:\/\/phrase.com\/fr\/contact\/\">Nous contacter<\/a><\/div>\n\n\n\n<div class=\"wp-block-button is-style-black-outline\"><a class=\"wp-block-button__link wp-element-button\" href=\"https:\/\/phrase.com\/fr\/demo\/\">Demander une d\u00e9mo<\/a><\/div>\n<\/div>\n<\/div>\n\n","protected":false},"excerpt":{"rendered":"<p>Rejoignez-nous \u00e0 SlatorCon Londres, le 23 mai Rencontrez-nous \u00e0 la principale conf\u00e9rence mondiale d\u00e9di\u00e9e \u00e0 Language AI et aux services linguistiques, SlatorCon Londres, le 23 mai. Ne manquez pas notre session de panel : Comment les \u00e9cosyst\u00e8mes connect\u00e9s retirent les frictions et am\u00e9liorent l&rsquo;engagement client. Nous avons h\u00e2te de vous y voir ! Participez \u00e0 [&hellip;]<\/p>\n","protected":false},"author":77,"featured_media":103221,"parent":61904,"menu_order":0,"comment_status":"closed","ping_status":"closed","template":"page-refresh","meta":{"_acf_changed":false,"_stopmodifiedupdate":false,"_modified_date":"","_searchwp_excluded":"","episode_type":"","audio_file":"","podmotor_file_id":"","podmotor_episode_id":"","cover_image":"","cover_image_id":"","duration":"","filesize":"","filesize_raw":"","date_recorded":"","explicit":"","block":"","itunes_episode_number":"","itunes_title":"","itunes_season_number":"","itunes_episode_type":"","footnotes":""},"class_list":["post-121447","page","type-page","status-publish","has-post-thumbnail","hentry"],"acf":[],"_links":{"self":[{"href":"https:\/\/phrase.com\/fr\/wp-json\/wp\/v2\/pages\/121447","targetHints":{"allow":["GET"]}}],"collection":[{"href":"https:\/\/phrase.com\/fr\/wp-json\/wp\/v2\/pages"}],"about":[{"href":"https:\/\/phrase.com\/fr\/wp-json\/wp\/v2\/types\/page"}],"author":[{"embeddable":true,"href":"https:\/\/phrase.com\/fr\/wp-json\/wp\/v2\/users\/77"}],"replies":[{"embeddable":true,"href":"https:\/\/phrase.com\/fr\/wp-json\/wp\/v2\/comments?post=121447"}],"version-history":[{"count":1,"href":"https:\/\/phrase.com\/fr\/wp-json\/wp\/v2\/pages\/121447\/revisions"}],"predecessor-version":[{"id":121448,"href":"https:\/\/phrase.com\/fr\/wp-json\/wp\/v2\/pages\/121447\/revisions\/121448"}],"up":[{"embeddable":true,"href":"https:\/\/phrase.com\/fr\/wp-json\/wp\/v2\/pages\/61904"}],"wp:featuredmedia":[{"embeddable":true,"href":"https:\/\/phrase.com\/fr\/wp-json\/wp\/v2\/media\/103221"}],"wp:attachment":[{"href":"https:\/\/phrase.com\/fr\/wp-json\/wp\/v2\/media?parent=121447"}],"curies":[{"name":"wp","href":"https:\/\/api.w.org\/{rel}","templated":true}]}}