{"id":121524,"date":"2025-02-07T09:31:11","date_gmt":"2025-02-07T08:31:11","guid":{"rendered":"https:\/\/phrase.com\/slatorcon-remote-25\/"},"modified":"2025-10-06T10:25:04","modified_gmt":"2025-10-06T08:25:04","slug":"slatorcon-remote-march-25","status":"publish","type":"page","link":"https:\/\/phrase.com\/fr\/events\/slatorcon-remote-march-25\/","title":{"rendered":"SlatorCon Remote 25"},"content":{"rendered":"\n<div class=\"wp-block-group alignwide is-style-header-hero has-lightblue-to-transparent-gradient-background has-background is-layout-flow wp-block-group-is-layout-flow\" style=\"padding-top:var(--wp--preset--spacing--70);padding-bottom:var(--wp--preset--spacing--70)\">\n<div class=\"wp-block-columns alignwide media-text-columns media-text-columns--media-right is-layout-flex wp-container-core-columns-is-layout-28f84493 wp-block-columns-is-layout-flex\">\n<div class=\"wp-block-column is-vertically-aligned-center is-layout-flow wp-container-core-column-is-layout-eb7cd7b9 wp-block-column-is-layout-flow\" style=\"padding-top:var(--wp--preset--spacing--16);padding-right:0;padding-bottom:var(--wp--preset--spacing--16);padding-left:0;flex-basis:80%\">\n<h1 class=\"wp-block-heading has-green-80-color has-text-color has-link-color wp-elements-b0cbe32c69b20b6e3d17f84996121b4f\" id=\"h-join-us-at-slatorcon-remote-18-march-2025\" style=\"padding-right:0;padding-left:0\"><br>Rejoignez-nous \u00e0 SlatorCon Remote &#8211; 18 mars 2025 !<\/h1>\n\n\n\n<p><br>D\u00e9couvrez les derni\u00e8res tendances qui fa\u00e7onnent les services linguistiques et les march\u00e9s de l&rsquo;IA lors de <strong>SlatorCon Remote<\/strong>, un \u00e9v\u00e9nement en ligne passionnant. \u00c0 travers des discussions en panel et des pr\u00e9sentations, des experts de premier plan fourniront des informations exploitables pour vous aider \u00e0 r\u00e9ussir en 2025 et au-del\u00e0.<\/p>\n<\/div>\n\n\n\n<div class=\"wp-block-column is-vertically-aligned-center is-layout-flow wp-block-column-is-layout-flow\" style=\"flex-basis:57.2131147541%\">\n<figure class=\"wp-block-image size-full has-custom-border\"><img loading=\"lazy\" decoding=\"async\" width=\"600\" height=\"400\" src=\"https:\/\/phrase.com\/wp-content\/uploads\/2025\/02\/SlatorCon-Remote.png\" alt=\"\" class=\"wp-image-99424\" style=\"border-radius:25px\" srcset=\"https:\/\/phrase.com\/wp-content\/uploads\/2025\/02\/SlatorCon-Remote.png 600w, https:\/\/phrase.com\/wp-content\/uploads\/2025\/02\/SlatorCon-Remote-300x200.png 300w\" sizes=\"auto, (max-width: 600px) 100vw, 600px\" \/><\/figure>\n<\/div>\n<\/div>\n<\/div>\n\n\n\n<div class=\"wp-block-group alignwide has-global-padding is-layout-constrained wp-block-group-is-layout-constrained\">\n<div class=\"wp-block-group alignwide has-green-10-background-color has-background has-global-padding is-layout-constrained wp-container-core-group-is-layout-6c1f4a5c wp-block-group-is-layout-constrained\" style=\"margin-top:var(--wp--preset--spacing--10);padding-top:var(--wp--preset--spacing--70);padding-right:var(--wp--preset--spacing--70);padding-bottom:var(--wp--preset--spacing--70);padding-left:var(--wp--preset--spacing--70)\">\n<div class=\"wp-block-group alignwide is-layout-flow wp-block-group-is-layout-flow\">\n<h2 class=\"wp-block-heading has-text-align-left\" id=\"h-join-our-panel-session\"><strong><strong><strong><strong><strong><strong>Rejoignez notre session de panel<\/strong><\/strong><\/strong><\/strong><\/strong><\/strong><\/h2>\n\n\n\n<h3 class=\"wp-block-heading has-text-align-left\" id=\"h-turning-genai-into-roi-transforming-localization-from-a-cost-center-to-a-strategic-growth-driver\"><strong>Transformer GenAI en ROI : Transformer la localisation d\u2019un centre de co\u00fbt en moteur de croissance strat\u00e9gique<\/strong><\/h3>\n\n\n\n<p>L&rsquo;\u00e9volution rapide des grands mod\u00e8les de langage (LLMs) et de l&rsquo;intelligence artificielle (IA) red\u00e9finit fondamentalement la mani\u00e8re dont les entreprises cr\u00e9ent et consomment du contenu. Les avanc\u00e9es en IA et la d\u00e9mocratisation d&rsquo;outils comme ChatGPT passeront de la nouveaut\u00e9 \u00e0 la maturit\u00e9. Notre panel d&rsquo;experts de l&rsquo;industrie explorera comment ces changements transforment la localisation en une caract\u00e9ristique omnipr\u00e9sente des op\u00e9rations commerciales modernes.<\/p>\n\n\n\n<p>Alors que les organisations passent de l&rsquo;exp\u00e9rimentation de l&rsquo;IA \u00e0 la mise en \u0153uvre \u00e0 grande \u00e9chelle, l&rsquo;accent sur le ROI et la prise de d\u00e9cision bas\u00e9e sur les donn\u00e9es s&rsquo;intensifie. Le succ\u00e8s exige d\u00e9sormais plus que des mod\u00e8les performants : il n\u00e9cessite des objectifs clairs, une infrastructure robuste et un ROI mesurable. Les dirigeants d&rsquo;entreprise peuvent d\u00e9sormais d\u00e9montrer le v\u00e9ritable ROI de l&rsquo;IA g\u00e9n\u00e9rative, alors qu&rsquo;ils vont au-del\u00e0 du battage m\u00e9diatique et se concentrent sur des applications pratiques et \u00e9volutives qui ont un impact direct sur le r\u00e9sultat net.\u00a0<\/p>\n\n\n\n<p>La personnalisation est devenue le facteur cl\u00e9 de diff\u00e9renciation, les entreprises exploitant des donn\u00e9es propri\u00e9taires pour entra\u00eener des mod\u00e8les sp\u00e9cifiques \u00e0 chaque t\u00e2che qui offrent une localisation contextuelle, pr\u00e9cise et \u00e9volutive.<\/p>\n\n\n\n<p>La sp\u00e9cialisation en IA s&rsquo;acc\u00e9l\u00e8re \u00e9galement, les mod\u00e8les \u00e0 usage g\u00e9n\u00e9ral c\u00e9dant la place \u00e0 des solutions plus petites et cibl\u00e9es qui sont \u00e0 la fois rentables et impactantes. Cette \u00e9volution abaisse les barri\u00e8res et permet une fonctionnalit\u00e9 multilingue en temps r\u00e9el int\u00e9gr\u00e9e de mani\u00e8re transparente dans les applications, les plateformes et les exp\u00e9riences num\u00e9riques.<\/p>\n\n\n\n<p>Cette session examinera comment les entreprises de premier plan red\u00e9finissent la localisation et prouvent le v\u00e9ritable ROI de GenAI. Les participants acquerront des informations sur l&rsquo;utilisation de l&rsquo;IA g\u00e9n\u00e9rative pour un engagement hyperpersonnalis\u00e9 et multilingue, ainsi que sur les strat\u00e9gies n\u00e9cessaires pour transformer la localisation en un avantage strat\u00e9gique sur un march\u00e9 mondial comp\u00e9titif.<\/p>\n\n\n\n<p>Date\u00a0: <strong>18 mars 2025<\/strong><br>Heure\u00a0: <strong>10:05 &#8211; 10:35 AM ET (16:05 PM CET)<\/strong><br>O\u00f9\u00a0: <strong>En ligne<\/strong><\/p>\n\n\n\n<p><\/p>\n\n\n\n<h4 class=\"wp-block-heading\" id=\"h-moderator\"><strong>Mod\u00e9rateur :<\/strong><\/h4>\n\n\n\n<div class=\"wp-block-columns is-layout-flex wp-container-core-columns-is-layout-28f84493 wp-block-columns-is-layout-flex\">\n<div class=\"wp-block-column is-layout-flow wp-block-column-is-layout-flow\">\n<figure class=\"wp-block-image size-full is-resized has-custom-border\"><img loading=\"lazy\" decoding=\"async\" width=\"500\" height=\"500\" src=\"https:\/\/phrase.com\/wp-content\/uploads\/2025\/02\/1697442194902.jpeg\" alt=\"\" class=\"wp-image-99470\" style=\"border-radius:25px;width:207px\" srcset=\"https:\/\/phrase.com\/wp-content\/uploads\/2025\/02\/1697442194902.jpeg 500w, https:\/\/phrase.com\/wp-content\/uploads\/2025\/02\/1697442194902-300x300.jpeg 300w, https:\/\/phrase.com\/wp-content\/uploads\/2025\/02\/1697442194902-150x150.jpeg 150w\" sizes=\"auto, (max-width: 500px) 100vw, 500px\" \/><\/figure>\n\n\n\n<p><strong><a href=\"https:\/\/www.linkedin.com\/in\/anna-wyndham-859108100\/\" target=\"_blank\" rel=\"noreferrer noopener\">Anna Wyndham<\/a><br>Responsable de la recherche chez Slator<\/strong><\/p>\n<\/div>\n<\/div>\n\n\n\n<h4 class=\"wp-block-heading\" id=\"h-panelists\"><strong>Pan\u00e9listes :<\/strong><\/h4>\n\n\n\n<div class=\"wp-block-columns is-layout-flex wp-container-core-columns-is-layout-28f84493 wp-block-columns-is-layout-flex\">\n<div class=\"wp-block-column is-layout-flow wp-block-column-is-layout-flow\">\n<figure class=\"wp-block-image size-medium is-resized is-style-rounded\"><img loading=\"lazy\" decoding=\"async\" width=\"300\" height=\"300\" src=\"https:\/\/phrase.com\/wp-content\/uploads\/2025\/01\/Simone-SlatorCon-Landing-1-300x300.jpg\" alt=\"Simone Bohnenberger-Rich debout les bras crois\u00e9s\" class=\"wp-image-99031\" style=\"width:200px\" srcset=\"https:\/\/phrase.com\/wp-content\/uploads\/2025\/01\/Simone-SlatorCon-Landing-1-300x300.jpg 300w, https:\/\/phrase.com\/wp-content\/uploads\/2025\/01\/Simone-SlatorCon-Landing-1-150x150.jpg 150w, https:\/\/phrase.com\/wp-content\/uploads\/2025\/01\/Simone-SlatorCon-Landing-1.jpg 500w\" sizes=\"auto, (max-width: 300px) 100vw, 300px\" \/><\/figure>\n\n\n\n<p style=\"padding-right:110px;padding-left:0px\"><strong><a href=\"https:\/\/www.linkedin.com\/in\/simonebohnenbergerrich\/\">Simone Bohnenberger-Rich, PhD <\/a><br>Directeur\/Directrice des produits<br>Phrase<\/strong><\/p>\n<\/div>\n\n\n\n<div class=\"wp-block-column is-layout-flow wp-block-column-is-layout-flow\">\n<figure class=\"wp-block-image size-full is-resized is-style-rounded\"><img loading=\"lazy\" decoding=\"async\" width=\"120\" height=\"120\" src=\"https:\/\/phrase.com\/wp-content\/uploads\/2025\/02\/SlatorCon-Landing-5.png\" alt=\"\" class=\"wp-image-99458\" style=\"width:200px\" \/><\/figure>\n\n\n\n<p style=\"padding-right:110px\"><strong><a href=\"https:\/\/www.linkedin.com\/in\/simon-koranter-882357139\/\" target=\"_blank\" rel=\"noreferrer noopener\">Simon Koranter<\/a>, <br>Responsable de la production et de l&rsquo;ing\u00e9nierie mondiales, Compass Languages<\/strong><\/p>\n<\/div>\n\n\n\n<div class=\"wp-block-column is-layout-flow wp-block-column-is-layout-flow\">\n<figure class=\"wp-block-image size-full is-resized is-style-rounded\"><img loading=\"lazy\" decoding=\"async\" width=\"120\" height=\"120\" src=\"https:\/\/phrase.com\/wp-content\/uploads\/2025\/02\/SlatorCon-Landing-6.png\" alt=\"\" class=\"wp-image-99464\" style=\"width:200px\" \/><\/figure>\n\n\n\n<p><strong><a href=\"https:\/\/www.linkedin.com\/in\/matteononne1989\/\" target=\"_blank\" rel=\"noreferrer noopener\">Matteo Nonne<\/a><br>Responsable du programme de localisation<br>Le<\/strong><\/p>\n<\/div>\n<\/div>\n\n\n\n<h4 class=\"wp-block-heading\" id=\"h-this-session-will-equip-you-with-key-insights-including\"><br><strong><strong><strong>Cette session vous fournira des informations cl\u00e9s, y compris :<\/strong><\/strong><\/strong><\/h4>\n\n\n\n<ul class=\"wp-block-list wp-block-list\">\n<li>Les avanc\u00e9es en IA g\u00e9n\u00e9rative et LLM, telles que ChatGPT, m\u00fbrissent, faisant de la localisation un moteur cl\u00e9 de revenus et de croissance.<\/li>\n\n\n\n<li>La localisation pilot\u00e9e par l&rsquo;IA n\u00e9cessite un ROI d\u00e9montrable, y compris des objectifs clairs, une infrastructure solide et des r\u00e9sultats mesurables.<\/li>\n\n\n\n<li>La personnalisation gr\u00e2ce \u00e0 des donn\u00e9es propri\u00e9taires permet des solutions pr\u00e9cises, \u00e9volutives et contextuelles.<\/li>\n\n\n\n<li>Des mod\u00e8les d&rsquo;IA sp\u00e9cialis\u00e9s remplacent les mod\u00e8les \u00e0 usage g\u00e9n\u00e9ral, offrant des applications cibl\u00e9es et rentables.<\/li>\n\n\n\n<li>La fonctionnalit\u00e9 multilingue en temps r\u00e9el s&rsquo;int\u00e8gre de mani\u00e8re transparente dans les exp\u00e9riences num\u00e9riques.<\/li>\n\n\n\n<li>La localisation aliment\u00e9e par l&rsquo;IA est d\u00e9sormais un avantage strat\u00e9gique pour la mise \u00e0 l&rsquo;\u00e9chelle du contenu qui trouve un \u00e9cho \u00e0 l&rsquo;\u00e9chelle mondiale.<\/li>\n<\/ul>\n\n\n\n<div style=\"height:30px\" aria-hidden=\"true\" class=\"wp-block-spacer\"><\/div>\n\n\n\n<div class=\"wp-block-buttons is-content-justification-center is-layout-flex wp-container-core-buttons-is-layout-5b5683f2 wp-block-buttons-is-layout-flex\">\n<div class=\"wp-block-button\"><a class=\"wp-block-button__link wp-element-button\" href=\"https:\/\/slator.com\/event\/slatorcon-remote-march-2025\/\" target=\"_blank\" rel=\"noreferrer noopener\">Voir l&rsquo;agenda complet et inscrivez-vous pour participer<\/a><\/div>\n<\/div>\n<\/div>\n<\/div>\n<\/div>\n\n\n\n<div class=\"wp-block-group alignwide has-transparent-background-color has-background has-global-padding is-layout-constrained wp-block-group-is-layout-constrained\">\n<div class=\"wp-block-group has-global-padding is-layout-constrained wp-block-group-is-layout-constrained\">\n<h2 class=\"wp-block-heading has-text-align-center\" id=\"h-check-out-the-latest-from-phrase\"><strong><strong><strong>D\u00e9couvrez les derni\u00e8res nouveaut\u00e9s de Phrase<\/strong><\/strong><\/strong><\/h2>\n\n\n\n<p class=\"has-text-align-center\">En plus de notre session de panel, nous avons partag\u00e9 ci-dessous certaines de nos derni\u00e8res ressources sur l&rsquo;IA g\u00e9n\u00e9rative\u00a0:<\/p>\n<\/div>\n<\/div>\n\n\n<div class=\"alignwide wp-block-phrase-com-suggested-reading--hide-types alignwide wp-block-phrase-com-suggested-reading\"><div class=\"glide wp-block-phrase-com-suggested-reading__slider\"><div class=\"wp-block-phrase-com-suggested-reading__header\"><div class=\"wp-block-phrase-com-suggested-reading__controls\" data-glide-el=\"controls\"><button type=\"button\" class=\"glide__arrow wp-block-phrase-com-suggested-reading__prev-slide\" data-glide-dir=\"<\"><svg aria-hidden=\"true\" xmlns=\"http:\/\/www.w3.org\/2000\/svg\" width=\"22\" height=\"22\" fill=\"none\" viewBox=\"0 0 22 22\"><path fill=\"currentColor\" d=\"m10.191 11 3.01 3.036-.917.924L8.36 11l3.925-3.96.915.924L10.192 11Z\"\/><\/svg><span class=\"screen-reader-text\">Previous<\/span><\/button><button type=\"button\" class=\"glide__arrow wp-block-phrase-com-suggested-reading__next-slide\" data-glide-dir=\"&gt;\"><svg xmlns=\"http:\/\/www.w3.org\/2000\/svg\" width=\"22\" height=\"22\" fill=\"none\" viewBox=\"0 0 22 22\"><path fill=\"currentColor\" d=\"m11.809 11-3.01-3.036.916-.924L13.64 11l-3.925 3.96-.915-.924L11.808 11Z\"\/><\/svg><span class=\"screen-reader-text\">Next<\/span><\/button><\/div><\/div><div class=\"glide__track\" data-glide-el=\"track\"><div class=\"glide__slides\">\n&lt;!&#8211; wp:phrase-com\/suggested-reading-custom {&quot;imageId&quot;:98739,&quot;title&quot;:&quot;<strong><strong>Traduction r\u00e9invent\u00e9e avec un contenu multilingue hyper-personnalis\u00e9\u00a0\u00bb,\u00a0\u00bbexcerpt\u00a0\u00bb:\u00a0\u00bbD\u00e9couvrez comment la g\u00e9n\u00e9ration de contenu multilingue pilot\u00e9e par l&rsquo;IA cr\u00e9e des messages culturellement r\u00e9sonnants, am\u00e9liorant l&rsquo;engagement mondial gr\u00e2ce \u00e0 l&rsquo;hyper-personnalisation.\u00a0\u00bb,\u00a0\u00bbtype\u00a0\u00bb:\u00a0\u00bbpost\u00a0\u00bb,\u00a0\u00bburl\u00a0\u00bb:\u00a0\u00bbhttps:\/\/multilingual.com\/translation-reimagined-with-hyper-personalized-multilingual-content\/\u00a0\u00bb} \/&#8211;&gt;\n\n&lt;!&#8211; wp:phrase-com\/suggested-reading-custom {&quot;imageId&quot;:98732,&quot;title&quot;:&quot;<strong><strong>La localisation en 2025 &#8211; Les \u00e9cosyst\u00e8mes et l&rsquo;IA sont l&rsquo;avenir \u00ab\u00a0,\u00a0\u00bbexcerpt\u00a0\u00bb:\u00a0\u00bbGeorg Ell consid\u00e8re comment l&rsquo;IA et les \u00e9cosyst\u00e8mes sont pr\u00eats \u00e0 am\u00e9liorer le contenu mondial, la personnalisation, l&rsquo;\u00e9volutivit\u00e9 et l&rsquo;efficacit\u00e9 op\u00e9rationnelle.\u00a0\u00bb,\u00a0\u00bbtype\u00a0\u00bb:\u00a0\u00bbpost\u00a0\u00bb,\u00a0\u00bburl\u00a0\u00bb:\u00a0\u00bbhttps:\/\/multilingual.com\/magazine\/january-2025\/the-localization-landscape-in-2025\/\u00a0\u00bb} \/&#8211;&gt;\n\n&lt;!&#8211; wp:phrase-com\/suggested-reading-custom {&quot;imageId&quot;:89217,&quot;title&quot;:&quot;<strong><strong>Traduction ChatGPT : Comment exploiter l&rsquo;IA pour stimuler la croissance des entreprises mondiales\u00a0\u00bb,\u00a0\u00bbexcerpt\u00a0\u00bb:\u00a0\u00bbLa traduction et la localisation sont essentielles pour les organisations ayant une client\u00e8le mondiale. Nous expliquons comment utiliser efficacement ChatGPT pour traduire votre contenu.\u00a0\u00bb,\u00a0\u00bbtype\u00a0\u00bb:\u00a0\u00bbpost\u00a0\u00bb,\u00a0\u00bburl\u00a0\u00bb:\u00a0\u00bbhttps:\/\/phrase.com\/blog\/posts\/chatgpt-translation\/\u00a0\u00bb} \/&#8211;&gt;\n\n&lt;!&#8211; wp:phrase-com\/suggested-reading-custom {&quot;imageId&quot;:94069,&quot;title&quot;:&quot;<strong><strong><strong><strong>Choisir les bons outils d&rsquo;IA pour alimenter votre expansion commerciale mondiale\u00a0\u00bb,\u00a0\u00bbexcerpt\u00a0\u00bb:\u00a0\u00bbD\u00e9couvrez comment s\u00e9lectionner des outils activ\u00e9s par l&rsquo;IA pour une localisation efficace et une croissance mondiale. Am\u00e9liorez l&rsquo;exp\u00e9rience client \u00e0 l&rsquo;\u00e9chelle mondiale avec Phrase.\u00a0\u00bb,\u00a0\u00bbtype\u00a0\u00bb:\u00a0\u00bbpost\u00a0\u00bb,\u00a0\u00bburl\u00a0\u00bb:\u00a0\u00bbhttps:\/\/phrase.com\/blog\/posts\/choosing-ai-tools-global-business-expansion\/\u00a0\u00bb} \/&#8211;&gt;\n\n&lt;!&#8211; wp:phrase-com\/suggested-reading-custom {&quot;imageId&quot;:93678,&quot;title&quot;:&quot;<strong><strong><strong><strong>Comment l&rsquo;IA peut dynamiser votre strat\u00e9gie d&rsquo;expansion internationale\u00a0\u00bb,\u00a0\u00bbexcerpt\u00a0\u00bb:\u00a0\u00bbExplorez comment l&rsquo;IA transforme l&rsquo;expansion internationale en automatisant la localisation, en am\u00e9liorant les exp\u00e9riences clients et en acc\u00e9l\u00e9rant le temps de mise sur le march\u00e9.\u00a0\u00bb,\u00a0\u00bbtype\u00a0\u00bb:\u00a0\u00bbpost\u00a0\u00bb,\u00a0\u00bburl\u00a0\u00bb:\u00a0\u00bbhttps:\/\/phrase.com\/blog\/posts\/ai-international-expansion-localization-efficiency\/\u00a0\u00bb} \/&#8211;&gt;\n\n&lt;!&#8211; wp:phrase-com\/suggested-reading-custom {&quot;imageId&quot;:98833,&quot;title&quot;:&quot;<strong><strong><strong><strong><strong><strong>IA \u00e9thique : Le r\u00f4le \u00e9volutif des responsables de la localisation\u00a0\u00bb,\u00a0\u00bbexcerpt\u00a0\u00bb:\u00a0\u00bbExplorez comment les responsables de la localisation jouent un r\u00f4le crucial dans l&rsquo;utilisation \u00e9thique de l&rsquo;IA dans l&rsquo;industrie de la traduction, en \u00e9quilibrant l&rsquo;automatisation avec la sensibilit\u00e9 culturelle.\u00a0\u00bb,\u00a0\u00bbtype\u00a0\u00bb:\u00a0\u00bbpost\u00a0\u00bb,\u00a0\u00bburl\u00a0\u00bb:\u00a0\u00bbhttps:\/\/phrase.com\/blog\/posts\/ethical-ai-localization-managers-cultural-sensitivity\/\u00a0\u00bb} \/&#8211;&gt;\n<\/div><\/div><\/div><\/div>\n\n\n<div class=\"wp-block-group alignwide has-yellow-background-color has-background has-global-padding is-layout-constrained wp-block-group-is-layout-constrained\" style=\"margin-top:var(--wp--preset--spacing--70)\">\n<h2 class=\"wp-block-heading has-text-align-center\" id=\"h-want-to-find-out-more\">Vous voulez en savoir plus\u00a0?<\/h2>\n\n\n\n<div class=\"wp-block-buttons is-content-justification-center is-layout-flex wp-container-core-buttons-is-layout-a89b3969 wp-block-buttons-is-layout-flex\">\n<div class=\"wp-block-button\"><a class=\"wp-block-button__link wp-element-button\" href=\"https:\/\/phrase.com\/fr\/contact\/\">Nous contacter<\/a><\/div>\n\n\n\n<div class=\"wp-block-button is-style-black-outline\"><a class=\"wp-block-button__link wp-element-button\" href=\"https:\/\/phrase.com\/fr\/demo\/\">Demandez une d\u00e9mo<\/a><\/div>\n<\/div>\n<\/div>\n\n","protected":false},"excerpt":{"rendered":"<p>Rejoignez-nous \u00e0 SlatorCon Remote &#8211; 18 mars 2025 ! D\u00e9couvrez les derni\u00e8res tendances qui fa\u00e7onnent les services linguistiques et les march\u00e9s de l&rsquo;IA lors de SlatorCon Remote, un \u00e9v\u00e9nement en ligne passionnant. \u00c0 travers des discussions en panel et des pr\u00e9sentations, des experts de premier plan fourniront des informations exploitables pour vous aider \u00e0 r\u00e9ussir [&hellip;]<\/p>\n","protected":false},"author":77,"featured_media":7474,"parent":61904,"menu_order":0,"comment_status":"closed","ping_status":"closed","template":"page-refresh","meta":{"_acf_changed":false,"_stopmodifiedupdate":false,"_modified_date":"","_searchwp_excluded":"","episode_type":"","audio_file":"","podmotor_file_id":"","podmotor_episode_id":"","cover_image":"","cover_image_id":"","duration":"","filesize":"","filesize_raw":"","date_recorded":"","explicit":"","block":"","itunes_episode_number":"","itunes_title":"","itunes_season_number":"","itunes_episode_type":"","footnotes":""},"class_list":["post-121524","page","type-page","status-publish","has-post-thumbnail","hentry"],"acf":[],"_links":{"self":[{"href":"https:\/\/phrase.com\/fr\/wp-json\/wp\/v2\/pages\/121524","targetHints":{"allow":["GET"]}}],"collection":[{"href":"https:\/\/phrase.com\/fr\/wp-json\/wp\/v2\/pages"}],"about":[{"href":"https:\/\/phrase.com\/fr\/wp-json\/wp\/v2\/types\/page"}],"author":[{"embeddable":true,"href":"https:\/\/phrase.com\/fr\/wp-json\/wp\/v2\/users\/77"}],"replies":[{"embeddable":true,"href":"https:\/\/phrase.com\/fr\/wp-json\/wp\/v2\/comments?post=121524"}],"version-history":[{"count":1,"href":"https:\/\/phrase.com\/fr\/wp-json\/wp\/v2\/pages\/121524\/revisions"}],"predecessor-version":[{"id":121525,"href":"https:\/\/phrase.com\/fr\/wp-json\/wp\/v2\/pages\/121524\/revisions\/121525"}],"up":[{"embeddable":true,"href":"https:\/\/phrase.com\/fr\/wp-json\/wp\/v2\/pages\/61904"}],"wp:featuredmedia":[{"embeddable":true,"href":"https:\/\/phrase.com\/fr\/wp-json\/wp\/v2\/media\/7474"}],"wp:attachment":[{"href":"https:\/\/phrase.com\/fr\/wp-json\/wp\/v2\/media?parent=121524"}],"curies":[{"name":"wp","href":"https:\/\/api.w.org\/{rel}","templated":true}]}}